{"id":402442,"date":"2020-05-11T21:53:39","date_gmt":"2020-05-11T20:53:39","guid":{"rendered":"https:\/\/buymodafinilonline.com\/faq-lieferung\/"},"modified":"2021-03-15T13:34:25","modified_gmt":"2021-03-15T12:34:25","slug":"besten-modafinil-lieferanten-deutschland","status":"publish","type":"page","link":"https:\/\/buymodafinilonline.com\/de\/besten-modafinil-lieferanten-deutschland\/","title":{"rendered":"Finden Sie den besten Modafinil-Lieferanten in Deutschland"},"content":{"rendered":"\t\t<div data-elementor-type=\"wp-page\" data-elementor-id=\"402442\" class=\"elementor elementor-402442 elementor-395582\" data-elementor-post-type=\"page\">\n\t\t\t\t\t\t<section class=\"elementor-section elementor-top-section elementor-element elementor-element-55b16352 elementor-section-boxed elementor-section-height-default elementor-section-height-default\" data-id=\"55b16352\" data-element_type=\"section\" data-e-type=\"section\">\n\t\t\t\t\t\t<div class=\"elementor-container elementor-column-gap-default\">\n\t\t\t\t\t<div class=\"elementor-column elementor-col-100 elementor-top-column elementor-element elementor-element-2e8f577c\" data-id=\"2e8f577c\" data-element_type=\"column\" data-e-type=\"column\">\n\t\t\t<div class=\"elementor-widget-wrap elementor-element-populated\">\n\t\t\t\t\t\t<div class=\"elementor-element elementor-element-1b15c47 elementor-widget elementor-widget-spacer\" data-id=\"1b15c47\" data-element_type=\"widget\" data-e-type=\"widget\" data-widget_type=\"spacer.default\">\n\t\t\t\t\t\t\t<div class=\"elementor-spacer\">\n\t\t\t<div class=\"elementor-spacer-inner\"><\/div>\n\t\t<\/div>\n\t\t\t\t\t\t<\/div>\n\t\t\t\t<div class=\"elementor-element elementor-element-6e83962a elementor-headline--style-highlight elementor-widget elementor-widget-animated-headline\" data-id=\"6e83962a\" data-element_type=\"widget\" data-e-type=\"widget\" data-settings=\"{&quot;highlighted_text&quot;:&quot;versenden Modafinil schnell&quot;,&quot;headline_style&quot;:&quot;highlight&quot;,&quot;marker&quot;:&quot;circle&quot;,&quot;loop&quot;:&quot;yes&quot;,&quot;highlight_animation_duration&quot;:1200,&quot;highlight_iteration_delay&quot;:8000}\" data-widget_type=\"animated-headline.default\">\n\t\t\t\t\t\t\t<h1 class=\"elementor-headline\">\n\t\t\t\t\t<span class=\"elementor-headline-plain-text elementor-headline-text-wrapper\">Wir <\/span>\n\t\t\t\t<span class=\"elementor-headline-dynamic-wrapper elementor-headline-text-wrapper\">\n\t\t\t\t\t<span class=\"elementor-headline-dynamic-text elementor-headline-text-active\">versenden Modafinil schnell<\/span>\n\t\t\t\t<\/span>\n\t\t\t\t\t<span class=\"elementor-headline-plain-text elementor-headline-text-wrapper\">nach \ud83c\udde9\ud83c\uddea Deutschland, in alle \ud83c\uddea\ud83c\uddfa EU-L\u00e4nder und weltweit<\/span>\n\t\t\t\t\t<\/h1>\n\t\t\t\t\t\t<\/div>\n\t\t\t\t<div class=\"elementor-element elementor-element-5e9de38a elementor-widget elementor-widget-text-editor\" data-id=\"5e9de38a\" data-element_type=\"widget\" data-e-type=\"widget\" data-widget_type=\"text-editor.default\">\n\t\t\t\t\t\t\t\t\t<p style=\"text-align: center;\"><p style=\"text-align: center;\">Der Versand von Modafinil an Kunden aus \ud83c\udde9\ud83c\uddea\u00a0Deutschland und aus den \ud83c\uddea\ud83c\uddfa EU-L\u00e4ndern erfordert unsererseits zus\u00e4tzliche Kosten, z. B. Lager in Polen und Ungarn (Mitglieder der Zollunion der Europ\u00e4ischen Union), um Zollkontrollen zu vermeiden, die Zollsteuer beim Import von Rx-Arzneimitteln in die EU-Zone und mehr Personal. Aus diesen Gr\u00fcnden steigt die Modafinil-Preisgestaltung f\u00fcr Europa. Die EU-Versandgeb\u00fchr beinhaltet alle diese Kosten und wird wie folgt berechnet: \u20ac49 zuz\u00fcglich 50% der Produktkosten. Leider k\u00f6nnen wir weder kostenlosen Versand in die EU noch Rabatte auf die EU-Versandkosten anbieten.<\/p>\r\n<p style=\"text-align: center;\">Unsere Preise f\u00fcr die EU sind h\u00f6her, da wir bei Bedarf kostenlose R\u00fccksendungen anbieten, damit wir garantieren k\u00f6nnen, dass Sie Ihr Paket endlich erhalten oder Ihr Geld zur\u00fcckerhalten.<\/p>\r\n<p style=\"text-align: center;\">Dar\u00fcber hinaus k\u00f6nnen Sie versuchen, sich beim Skypax-Reshipping-Service zu registrieren, einem Paketweiterleitungsdienst, mit dem Sie eine Bestellung an Ihre britische Adresse aufgeben und das Paket dann auf eigene Kosten in Ihr EU-Land zur\u00fcckschicken k\u00f6nnen. Mehr als 80% der Pakete gelangen in diesem Fall problemlos in den EU-Zoll.<\/p>\r\n<p style=\"text-align: center;\">Unser Versandprozess konzentriert sich mehr auf die Leichtigkeit Ihrer Pakete, die durch die Postsysteme transportiert werden, als auf die Gesamtgeschwindigkeit. Ein gut versandtes Paket, das nicht erneut versendet werden muss, kommt fast immer fr\u00fcher an als eines, das schnell durch das Postsystem gegangen ist. Wenn Ihre Bestellung l\u00e4nger als 15 Werktage unterbrochen wird, senden wir eine kostenlose R\u00fccksendung. Dies geschieht nicht automatisch, bitte kontaktieren Sie uns.<\/p>\r\n<p style=\"text-align: center;\">Wenn Ihre Bestellung aus irgendeinem Grund nicht bei Ihnen ankommt, der nicht damit zusammenh\u00e4ngt, dass Sie uns eine falsche Lieferadresse angegeben haben oder nicht zu Hause sind, um Ihre Lieferung zu erhalten, werden wir Sie ohne zu z\u00f6gern erneut versenden. Alle Pakete sind in einer unauff\u00e4lligen, diskreten Verpackung verpackt und d\u00fcrfen nicht an den Absender zur\u00fcckgesandt werden.<\/p><\/p>\n\t\t\t\t\t\t\t\t<\/div>\n\t\t\t\t\t<\/div>\n\t\t<\/div>\n\t\t\t\t\t<\/div>\n\t\t<\/section>\n\t\t\t\t<section class=\"elementor-section elementor-top-section elementor-element elementor-element-78a2867 elementor-section-boxed elementor-section-height-default elementor-section-height-default\" data-id=\"78a2867\" data-element_type=\"section\" data-e-type=\"section\">\n\t\t\t\t\t\t<div class=\"elementor-container elementor-column-gap-default\">\n\t\t\t\t\t<div class=\"elementor-column elementor-col-100 elementor-top-column elementor-element elementor-element-36b602e\" data-id=\"36b602e\" data-element_type=\"column\" data-e-type=\"column\">\n\t\t\t<div class=\"elementor-widget-wrap elementor-element-populated\">\n\t\t\t\t\t\t<div class=\"elementor-element elementor-element-b4b30f7 elementor-widget elementor-widget-text-editor\" data-id=\"b4b30f7\" data-element_type=\"widget\" data-e-type=\"widget\" data-widget_type=\"text-editor.default\">\n\t\t\t\t\t\t\t\t\t<p>[vc_column width=\u201d1\/2\u2033]\r\n<p>Alle unsere generischen Modafinil-Marken werden in Indien hergestellt und zuerst an unser Lager in der EU (Polen und Deutschland) geliefert, wo wir alle Bestellungen verpacken und dann in europ\u00e4ische L\u00e4nder versenden.<\/p>\r\n<p>Wir versenden 95 % der EU-Pakete aus Polen und Deutschland, da der Versand von dort im Vergleich zu Indien viel schneller ist und es keine Grenzkontrolle zwischen den EU-L\u00e4ndern gibt, sodass Ihr Paket problemlos zu Ihnen kommt, da es nicht durch den Zoll geht . Da wir unsere exklusiv entwickelten Paketrouten- und Versandmethoden verwenden, dauert der EU-Versand durchschnittlich 7\u201312 Tage.<\/p>\r\n<h4>Wir versenden modafinil schnell und direkt<\/h4>\r\n<p>Wir versenden jetzt generisches Modafinil aus unserem Lager in der EU nach \ud83c\udde9\ud83c\uddea Deutschland und ganz Europa, um Zollprobleme mit 100 % garantierter Lieferung zu vermeiden, und wir liefern auch erfolgreich Pakete in die \ud83c\uddfa\ud83c\uddf8 Vereinigten Staaten, das Vereinigte K\u00f6nigreich und \ud83c\udde6\ud83c\uddfa Australien wird direkt von unseren Herstellern in Indien und zus\u00e4tzlichen Lagern in Singapur und Dubai versandt.<\/p>\r\n<h4>Versandkosten<\/h4>\r\n<p>EU-Versand \u20ac 49 plus 50% Ihrer Bestellung (kein kostenloser Versand verf\u00fcgbar)<\/p>\r\n<h4>Finden Sie den besten Modafinil-Lieferanten in Ihrer N\u00e4he<\/h4>\r\n<p>Wenn Sie in einem der folgenden L\u00e4nder leben, verwenden Sie <a href=\"\/go\/modworldwide\/\" target=\"_blank\" rel=\"noopener noreferrer\"> diesen Link>, um das beste <\/a> Modafinil zu erhalten. ein H\u00e4ndler in Ihrer N\u00e4he.<\/p>\r\n<ul>\r\n<li>\ud83c\uddf3\ud83c\uddff Neuseeland;<\/li>\r\n<li>\ud83c\uddf9\ud83c\uddedThailand.<\/li>\r\n<\/ul>\r\n<p>In Europa gibt es einige renommierte Moda-Lieferanten, die Pakete aus (innerhalb) den L\u00e4ndern der Europ\u00e4ischen Union (Ungarn, Deutschland und Polen) versenden.<\/p>\r\n<p>Derzeit h\u00e4lt der EU-Zoll 90% der aus dem Ausland stammenden Pakete. Aus diesem Grund ist der Kauf von Modafinil bei zuverl\u00e4ssigen lokalen und vertrauensw\u00fcrdigen inl\u00e4ndischen Lieferanten die einzige Option, wenn Sie in Frankreich, Italien, Deutschland, den Niederlanden, Spanien, Portugal, Schweden usw. leben.<\/p>\r\n[\/vc_column][vc_column width=\u201d1\/2\u2033]\r\n<p>\ud83c\udf0e Anderen L\u00e4ndern mit strengen Zollgesetzen wird empfohlen, einen britischen Versanddienst wie Skypax zu nutzen. Es akzeptiert Ihr Paket an seine Adresse, verpackt es neu und kennzeichnet es bei Bedarf als \u201eGesundheitsprodukte\u201c. Einige Tage sp\u00e4ter leitet es Ihr neues Paket von seinem britischen Lager an Ihr Land weiter. Normalerweise dauert es ungef\u00e4hr einen Monat, bis Ihr Paket an Ihre Lieferadresse geliefert wird.<\/p>\r\n<p>\r\n\r\n<\/p>\r\n<h4 class=\"wp-block-heading\">Diskrete Verpackung & 100% Liefergarantie<\/h4>\r\n<p>\r\n\r\n<\/p>\r\n<p>BuyModafinilOnline bietet super diskrete Verpackung und schnellen Modafinil-Versand.<\/p>\r\n<p>\r\n\r\n<\/p>\r\n<p>Die Zollanmeldung wird Ihrem Paket beigef\u00fcgt, um die Zollbeh\u00f6rden \u00fcber das Produkt zu informieren, das Sie in das Land importieren. Wir m\u00fcssen es dem Paket beif\u00fcgen, das internationale Postrecht verlangt es.<\/p>\r\n<p>\r\n\r\n<\/p>\r\n<p>In Bezug auf Ihre Privatsph\u00e4re kennzeichnen wir alle unsere Produkte als Nahrungserg\u00e4nzungsmittel und es funktioniert in 99,9% der F\u00e4lle. Wenn Sie der \u201cGl\u00fcckspilz\u201d sind und der Zoll Ihr Paket verz\u00f6gert, wird es zerst\u00f6rt. Aber keine Sorge \u2013 Ihr Paket wird kostenlos versandt.<\/p>\r\n<p>\r\n\r\n<\/p>\r\n<p>Aus diesem Grund teilen wir Gro\u00dfbestellungen \u00fcber 300 Tabletten in mehrere Pakete auf und versenden sie alle 5-7 Tage separat.<\/p>\r\n<p>\r\n\r\n<\/p>\r\n<h4 class=\"wp-block-heading\">R\u00fcckerstattungen & kostenlose Nachlieferungen<\/h4>\r\n<p>\r\n\r\n<\/p>\r\n<p>Wir m\u00f6chten, dass Sie eine sehr positive Erfahrung mit uns machen.<\/p>\r\n<p>\r\n\r\n<\/p>\r\n<p>Die meisten unserer Lieferungen sind problemlos. Im unwahrscheinlichen Fall, wenn es ein Problem mit einem Produkt gibt, stellen unsere R\u00fcckerstattungsrichtlinien sicher, dass unsere Kunden mit dem von ihnen bestellten Produkt 100% zufrieden sind oder immer Geld zur\u00fcckerhalten.<\/p>\r\n<p>\r\n\r\n<\/p>\r\n<p>Wenn Ihr Paket im Zoll steckt oder verloren geht, bieten wir eine vollst\u00e4ndige R\u00fcckerstattung an oder senden es auf Wunsch kostenlos zur\u00fcck.<\/p>\r\n<p>\r\n\r\n<\/p>\r\n<h4 class=\"wp-block-heading\">Verfolgen Sie den Auftragsstatus<\/h4>\r\n<p>\r\n\r\n<\/p>\r\n<p>Sie k\u00f6nnen Ihr Paket verfolgen, sobald es das Zielland erreicht hat. Besuchen Sie unsere FAQ-Seite zur Auftragsverfolgung, um mehr zu erfahren.<\/p>\r\n<p>\r\n\r\n<\/p>\r\n<p>Geben Sie unten Ihre Tracking-Nummer ein (z. B. LT105608935SG), klicken Sie auf die Schaltfl\u00e4che Track und w\u00e4hlen Sie Singapore Post f\u00fcr das neueste Tracking-Update.<\/p>\r\n[\/vc_column]\r\n<p><div class=\"su-divider su-divider-style-default\" style=\"margin:10px 0;border-width:3px;border-color:#ffffff00\"><a href=\"#\" style=\"color:#ffffff009\">.<\/a><\/div><\/p><\/p>\t\t\t\t\t\t\t\t<\/div>\n\t\t\t\t\t<\/div>\n\t\t<\/div>\n\t\t\t\t\t<\/div>\n\t\t<\/section>\n\t\t\t\t<\/div>\n\t\t","protected":false},"excerpt":{"rendered":"<p>Wir versenden Modafinil schnell nach \ud83c\udde9\ud83c\uddea Deutschland, in alle \ud83c\uddea\ud83c\uddfa EU-L\u00e4nder und weltweit<\/p>\n","protected":false},"author":1,"featured_media":0,"parent":0,"menu_order":0,"comment_status":"closed","ping_status":"closed","template":"elementor_header_footer","meta":{"_acf_changed":false,"footnotes":""},"class_list":["post-402442","page","type-page","status-publish","hentry"],"acf":[],"yoast_head":"<!-- This site is optimized with the Yoast SEO Premium plugin v23.6 (Yoast SEO v27.5) - https:\/\/yoast.com\/product\/yoast-seo-premium-wordpress\/ -->\n<title>Finden Sie den besten Modafinil-Lieferanten in Deutschland<\/title>\n<meta name=\"description\" content=\"EU-Grenzkontrollbeamte halten 90% der Pakete aus dem Ausland fest. Aus diesem Grund ist der Kauf von Modafinil bei zuverl\u00e4ssigen und vertrauensw\u00fcrdigen lokalen Verk\u00e4ufern die einzige Option, wenn Sie in Deutschland leben.\" \/>\n<meta name=\"robots\" content=\"index, follow, max-snippet:-1, max-image-preview:large, max-video-preview:-1\" \/>\n<link rel=\"canonical\" href=\"https:\/\/buymodafinilonline.com\/de\/besten-modafinil-lieferanten-deutschland\/\" \/>\n<meta property=\"og:locale\" content=\"de_DE\" \/>\n<meta property=\"og:type\" content=\"article\" \/>\n<meta property=\"og:title\" content=\"Finden Sie den besten Modafinil-Lieferanten in Deutschland\" \/>\n<meta property=\"og:description\" content=\"EU-Grenzkontrollbeamte halten 90% der Pakete aus dem Ausland fest. Aus diesem Grund ist der Kauf von Modafinil bei zuverl\u00e4ssigen und vertrauensw\u00fcrdigen lokalen Verk\u00e4ufern die einzige Option, wenn Sie in Deutschland leben.\" \/>\n<meta property=\"og:url\" content=\"https:\/\/buymodafinilonline.com\/de\/besten-modafinil-lieferanten-deutschland\/\" \/>\n<meta property=\"og:site_name\" content=\"BuyModafinilOnline.com\" \/>\n<meta property=\"article:modified_time\" content=\"2021-03-15T12:34:25+00:00\" \/>\n<script type=\"application\/ld+json\" class=\"yoast-schema-graph\">{\"@context\":\"https:\\\/\\\/schema.org\",\"@graph\":[{\"@type\":\"WebPage\",\"@id\":\"https:\\\/\\\/buymodafinilonline.com\\\/de\\\/besten-modafinil-lieferanten-deutschland\\\/\",\"url\":\"https:\\\/\\\/buymodafinilonline.com\\\/de\\\/besten-modafinil-lieferanten-deutschland\\\/\",\"name\":\"Finden Sie den besten Modafinil-Lieferanten in Deutschland\",\"isPartOf\":{\"@id\":\"https:\\\/\\\/buymodafinilonline.com\\\/de\\\/#website\"},\"datePublished\":\"2020-05-11T20:53:39+00:00\",\"dateModified\":\"2021-03-15T12:34:25+00:00\",\"description\":\"EU-Grenzkontrollbeamte halten 90% der Pakete aus dem Ausland fest. Aus diesem Grund ist der Kauf von Modafinil bei zuverl\u00e4ssigen und vertrauensw\u00fcrdigen lokalen Verk\u00e4ufern die einzige Option, wenn Sie in Deutschland leben.\",\"breadcrumb\":{\"@id\":\"https:\\\/\\\/buymodafinilonline.com\\\/de\\\/besten-modafinil-lieferanten-deutschland\\\/#breadcrumb\"},\"inLanguage\":\"de\",\"potentialAction\":[{\"@type\":\"ReadAction\",\"target\":[\"https:\\\/\\\/buymodafinilonline.com\\\/de\\\/besten-modafinil-lieferanten-deutschland\\\/\"]}]},{\"@type\":\"BreadcrumbList\",\"@id\":\"https:\\\/\\\/buymodafinilonline.com\\\/de\\\/besten-modafinil-lieferanten-deutschland\\\/#breadcrumb\",\"itemListElement\":[{\"@type\":\"ListItem\",\"position\":1,\"name\":\"Buy Modafinil Online\",\"item\":\"https:\\\/\\\/buymodafinilonline.com\\\/de\\\/\"},{\"@type\":\"ListItem\",\"position\":2,\"name\":\"Finden Sie den besten Modafinil-Lieferanten in Deutschland\"}]},{\"@type\":\"WebSite\",\"@id\":\"https:\\\/\\\/buymodafinilonline.com\\\/de\\\/#website\",\"url\":\"https:\\\/\\\/buymodafinilonline.com\\\/de\\\/\",\"name\":\"BuyModafinilOnline.com\",\"description\":\"Modafinil Online Pharmacy\",\"publisher\":{\"@id\":\"https:\\\/\\\/buymodafinilonline.com\\\/de\\\/#organization\"},\"potentialAction\":[{\"@type\":\"SearchAction\",\"target\":{\"@type\":\"EntryPoint\",\"urlTemplate\":\"https:\\\/\\\/buymodafinilonline.com\\\/de\\\/?s={search_term_string}\"},\"query-input\":{\"@type\":\"PropertyValueSpecification\",\"valueRequired\":true,\"valueName\":\"search_term_string\"}}],\"inLanguage\":\"de\"},{\"@type\":\"Organization\",\"@id\":\"https:\\\/\\\/buymodafinilonline.com\\\/de\\\/#organization\",\"name\":\"BuyModafinilOnline\",\"url\":\"https:\\\/\\\/buymodafinilonline.com\\\/de\\\/\",\"logo\":{\"@type\":\"ImageObject\",\"inLanguage\":\"de\",\"@id\":\"https:\\\/\\\/buymodafinilonline.com\\\/de\\\/#\\\/schema\\\/logo\\\/image\\\/\",\"url\":\"https:\\\/\\\/buymodafinilonline.com\\\/wp-content\\\/uploads\\\/2020\\\/04\\\/logo-buy-modafinil-online-yellow.png\",\"contentUrl\":\"https:\\\/\\\/buymodafinilonline.com\\\/wp-content\\\/uploads\\\/2020\\\/04\\\/logo-buy-modafinil-online-yellow.png\",\"width\":200,\"height\":200,\"caption\":\"BuyModafinilOnline\"},\"image\":{\"@id\":\"https:\\\/\\\/buymodafinilonline.com\\\/de\\\/#\\\/schema\\\/logo\\\/image\\\/\"}}]}<\/script>\n<!-- \/ Yoast SEO Premium plugin. -->","yoast_head_json":{"title":"Finden Sie den besten Modafinil-Lieferanten in Deutschland","description":"EU-Grenzkontrollbeamte halten 90% der Pakete aus dem Ausland fest. Aus diesem Grund ist der Kauf von Modafinil bei zuverl\u00e4ssigen und vertrauensw\u00fcrdigen lokalen Verk\u00e4ufern die einzige Option, wenn Sie in Deutschland leben.","robots":{"index":"index","follow":"follow","max-snippet":"max-snippet:-1","max-image-preview":"max-image-preview:large","max-video-preview":"max-video-preview:-1"},"canonical":"https:\/\/buymodafinilonline.com\/de\/besten-modafinil-lieferanten-deutschland\/","og_locale":"de_DE","og_type":"article","og_title":"Finden Sie den besten Modafinil-Lieferanten in Deutschland","og_description":"EU-Grenzkontrollbeamte halten 90% der Pakete aus dem Ausland fest. Aus diesem Grund ist der Kauf von Modafinil bei zuverl\u00e4ssigen und vertrauensw\u00fcrdigen lokalen Verk\u00e4ufern die einzige Option, wenn Sie in Deutschland leben.","og_url":"https:\/\/buymodafinilonline.com\/de\/besten-modafinil-lieferanten-deutschland\/","og_site_name":"BuyModafinilOnline.com","article_modified_time":"2021-03-15T12:34:25+00:00","schema":{"@context":"https:\/\/schema.org","@graph":[{"@type":"WebPage","@id":"https:\/\/buymodafinilonline.com\/de\/besten-modafinil-lieferanten-deutschland\/","url":"https:\/\/buymodafinilonline.com\/de\/besten-modafinil-lieferanten-deutschland\/","name":"Finden Sie den besten Modafinil-Lieferanten in Deutschland","isPartOf":{"@id":"https:\/\/buymodafinilonline.com\/de\/#website"},"datePublished":"2020-05-11T20:53:39+00:00","dateModified":"2021-03-15T12:34:25+00:00","description":"EU-Grenzkontrollbeamte halten 90% der Pakete aus dem Ausland fest. Aus diesem Grund ist der Kauf von Modafinil bei zuverl\u00e4ssigen und vertrauensw\u00fcrdigen lokalen Verk\u00e4ufern die einzige Option, wenn Sie in Deutschland leben.","breadcrumb":{"@id":"https:\/\/buymodafinilonline.com\/de\/besten-modafinil-lieferanten-deutschland\/#breadcrumb"},"inLanguage":"de","potentialAction":[{"@type":"ReadAction","target":["https:\/\/buymodafinilonline.com\/de\/besten-modafinil-lieferanten-deutschland\/"]}]},{"@type":"BreadcrumbList","@id":"https:\/\/buymodafinilonline.com\/de\/besten-modafinil-lieferanten-deutschland\/#breadcrumb","itemListElement":[{"@type":"ListItem","position":1,"name":"Buy Modafinil Online","item":"https:\/\/buymodafinilonline.com\/de\/"},{"@type":"ListItem","position":2,"name":"Finden Sie den besten Modafinil-Lieferanten in Deutschland"}]},{"@type":"WebSite","@id":"https:\/\/buymodafinilonline.com\/de\/#website","url":"https:\/\/buymodafinilonline.com\/de\/","name":"BuyModafinilOnline.com","description":"Modafinil Online Pharmacy","publisher":{"@id":"https:\/\/buymodafinilonline.com\/de\/#organization"},"potentialAction":[{"@type":"SearchAction","target":{"@type":"EntryPoint","urlTemplate":"https:\/\/buymodafinilonline.com\/de\/?s={search_term_string}"},"query-input":{"@type":"PropertyValueSpecification","valueRequired":true,"valueName":"search_term_string"}}],"inLanguage":"de"},{"@type":"Organization","@id":"https:\/\/buymodafinilonline.com\/de\/#organization","name":"BuyModafinilOnline","url":"https:\/\/buymodafinilonline.com\/de\/","logo":{"@type":"ImageObject","inLanguage":"de","@id":"https:\/\/buymodafinilonline.com\/de\/#\/schema\/logo\/image\/","url":"https:\/\/buymodafinilonline.com\/wp-content\/uploads\/2020\/04\/logo-buy-modafinil-online-yellow.png","contentUrl":"https:\/\/buymodafinilonline.com\/wp-content\/uploads\/2020\/04\/logo-buy-modafinil-online-yellow.png","width":200,"height":200,"caption":"BuyModafinilOnline"},"image":{"@id":"https:\/\/buymodafinilonline.com\/de\/#\/schema\/logo\/image\/"}}]}},"_links":{"self":[{"href":"https:\/\/buymodafinilonline.com\/de\/wp-json\/wp\/v2\/pages\/402442","targetHints":{"allow":["GET"]}}],"collection":[{"href":"https:\/\/buymodafinilonline.com\/de\/wp-json\/wp\/v2\/pages"}],"about":[{"href":"https:\/\/buymodafinilonline.com\/de\/wp-json\/wp\/v2\/types\/page"}],"author":[{"embeddable":true,"href":"https:\/\/buymodafinilonline.com\/de\/wp-json\/wp\/v2\/users\/1"}],"replies":[{"embeddable":true,"href":"https:\/\/buymodafinilonline.com\/de\/wp-json\/wp\/v2\/comments?post=402442"}],"version-history":[{"count":8,"href":"https:\/\/buymodafinilonline.com\/de\/wp-json\/wp\/v2\/pages\/402442\/revisions"}],"predecessor-version":[{"id":416845,"href":"https:\/\/buymodafinilonline.com\/de\/wp-json\/wp\/v2\/pages\/402442\/revisions\/416845"}],"wp:attachment":[{"href":"https:\/\/buymodafinilonline.com\/de\/wp-json\/wp\/v2\/media?parent=402442"}],"curies":[{"name":"wp","href":"https:\/\/api.w.org\/{rel}","templated":true}]}}