{"id":403469,"date":"2020-05-19T07:55:21","date_gmt":"2020-05-19T06:55:21","guid":{"rendered":"https:\/\/buymodafinilonline.com\/wir-haben-keine-gefaelschten-modafinil-medikamente\/"},"modified":"2020-05-19T07:55:21","modified_gmt":"2020-05-19T06:55:21","slug":"wir-haben-keine-gefaelschten-modafinil-medikamente","status":"publish","type":"page","link":"https:\/\/buymodafinilonline.com\/de\/wir-haben-keine-gefaelschten-modafinil-medikamente\/","title":{"rendered":"Wir haben KEINE gef\u00e4lschten Modafinil-Medikamente"},"content":{"rendered":"<p><img fetchpriority=\"high\" decoding=\"async\" class=\"aligncenter size-full wp-image-399075\" src=\"https:\/\/buymodafinilonline.com\/wp-content\/uploads\/2020\/04\/bmo-featured-no-fake-modafinil.png\" alt=\"Verl\u00e4ssliche Apotheke OHNE gef\u00e4lschtes Modafinil aus Indien\" width=\"2048\" height=\"1152\" srcset=\"https:\/\/buymodafinilonline.com\/wp-content\/uploads\/2020\/04\/bmo-featured-no-fake-modafinil.png 2048w, https:\/\/buymodafinilonline.com\/wp-content\/uploads\/2020\/04\/bmo-featured-no-fake-modafinil-300x169.png 300w, https:\/\/buymodafinilonline.com\/wp-content\/uploads\/2020\/04\/bmo-featured-no-fake-modafinil-150x84.png 150w, https:\/\/buymodafinilonline.com\/wp-content\/uploads\/2020\/04\/bmo-featured-no-fake-modafinil-800x450.png 800w, https:\/\/buymodafinilonline.com\/wp-content\/uploads\/2020\/04\/bmo-featured-no-fake-modafinil-1024x576.png 1024w, https:\/\/buymodafinilonline.com\/wp-content\/uploads\/2020\/04\/bmo-featured-no-fake-modafinil-768x432.png 768w, https:\/\/buymodafinilonline.com\/wp-content\/uploads\/2020\/04\/bmo-featured-no-fake-modafinil-1536x864.png 1536w\" sizes=\"(max-width: 2048px) 100vw, 2048px\" \/><\/p>\n<p>Seitdem Modafinil als das Geheimnis gel\u00fcftet wurde, das hinter den eindrucksvollen Leistungen von CEOs, Piloten, Analysten sowie andere F\u00fchrungspers\u00f6nlichkeiten steckt, die maximale Konzentration und Aufmerksamkeit brauchen, hat es an Popularit\u00e4t gewonnen. Dies hat zu einer steigenden Nachfrage sowie zu einem entsprechenden Anstieg der Anzahl von Varianten und Herstellern gef\u00fchrt, die es produzieren.<\/p>\n<p>Das scheint eine gute Nachricht zu sein, aber es bringt auch leider eine zunehmende Verbreitung von F\u00e4lschungen mit sich. Es gibt jedoch eine M\u00f6glichkeit, wie K\u00e4ufer sicherstellen k\u00f6nnen, dass sie die echten Medikamente erhalten. Sie sollten nur zuverl\u00e4ssigen Anbietern wie unserer Apotheke vertrauen. Wir bieten keine gef\u00e4lschten Pillen an. Lesen Sie weiter und \u00fcberzeugen Sie sich selbst.<\/p>\n<h2>Warum sind unsere Modafinil-Pillen verl\u00e4sslich und sicher?<\/h2>\n<p>Wahrscheinlich sind Sie auf dieser Seite gelandet, weil Sie die echten Medikamente und kein gef\u00e4lschtes Modafinil wollen. Aber wie k\u00f6nnen Sie wissen, dass unsere Pillen verl\u00e4sslich und sicher sind und es sich nicht um F\u00e4lschungen handelt? Wir zeigen Ihnen, wie.<\/p>\n<p>Beginnen wir damit, dass wir unsere Medikamente von f\u00fchrenden Herstellern in Indien wie Sun Pharma und HAB Pharma beziehen. Diese Hersteller sind erstklassige Pharmazieunternehmen mit einer nachgewiesenen Erfolgsbilanz, die festgelegten Standards zu erf\u00fcllen und sogar noch zu \u00fcbertreffen.<\/p>\n<p>Sun Pharma ist zum Beispiel der f\u00fchrende Fachhersteller von Generika in Indien, das gr\u00f6\u00dfte indische Pharmaunternehmen in den USA und das f\u00fcnftgr\u00f6\u00dfte weltweit <a href=\"https:\/\/en.m.wikipedia.org\/wiki\/Sun_Pharmaceutical\">[1]<\/a>. Gleichzeitig ist HAB Pharma ebenfalls ein Pharmagigant <a href=\"https:\/\/habpharma.in\/\">[2]<\/a>. Beide haben die Zulassung f\u00fcr ihre T\u00e4tigkeiten durch die US-amerikanische Food and Drug Administration (FDA) sowie die Laborzertifizierungen der Internationalen Organisation f\u00fcr Normung (ISO) 9001, der Guten Herstellungspraxis (Good Manufacturing Practices\/GMP) sowie der Weltgesundheitsorganisation (WHO) erhalten. Das bedeutet, dass jedes einzelne Produkt, das ihre Labore verl\u00e4sst und zu uns kommt, alle erforderlichen Standards erf\u00fcllt und sicher ist.<\/p>\n<p>Dar\u00fcber hinaus zeichnen wir uns durch eine langj\u00e4hrige Erfolgsgeschichte aus, um unsere Kunden vollst\u00e4ndig zufriedenzustellen. Sie m\u00fcssen uns das nicht einfach glauben \u2013 lassen Sie sich von den Bewertungen unserer Kunden \u00fcberzeugen!<\/p>\n<p>Wir bei BuyModafinilOnline f\u00fchren keine gef\u00e4lschten Modafinil-Medikamente, sondern wir bieten ausschlie\u00dflich verl\u00e4ssliche, intelligente Medikamente an. Sie k\u00f6nnen sicher sein, dass Sie Modafinil-Tabletten erhalten werden, die genau so wirken, wie es vorgesehen ist.<\/p>\n<h2>Einfache M\u00f6glichkeiten, um gef\u00e4lschtes Modafinil zu erkennen<\/h2>\n<p>Heutzutage ist es ziemlich leicht, ein Verm\u00f6gen beim Versuch auszugeben, authentisches Modafinil zu bekommen und trotzdem gef\u00e4lschte Pillen zu bekommen. Zum Gl\u00fcck gibt es einfache M\u00f6glichkeiten, F\u00e4lschungen sofort zu erkennen. So geht man vor.<\/p>\n<ul>\n<li>Visuelle \u00dcberpr\u00fcfung. Dies ist der effektivste Weg, um F\u00e4lschungen von echten Medikamenten zu unterscheiden. Sie k\u00f6nnen Online-Bilder von echtem Modafinil \u00fcberpr\u00fcfen und sie mit der Version vergleichen, die Sie erhalten haben. Es ist oft ganz einfach, den Unterschied zu erkennen. Kontrollieren Sie auch, ob die Pillen einen merkw\u00fcrdigen Geruch haben.<\/li>\n<li>Probieren. Die Pille auszuprobieren, um herauszufinden, ob sie wirkt oder nicht, ist noch eine weitere M\u00f6glichkeit, um gef\u00e4lschte Modafinil-Pillen zu erkennen. Das echte Medikament hat normalerweise eine wachheitsf\u00f6rdernde Wirkung auf die Anwender. Wenn Sie keinen Energieschub, eine erh\u00f6hte Wachheit und\/oder Konzentration bemerken, ist die Wahrscheinlichkeit hoch, dass die Pille nicht echt ist. Allerdings ist es erw\u00e4hnenswert, dass ein &#8220;Ausprobieren&#8221; nicht unbedingt eine narrensichere M\u00f6glichkeit zur Erkennung von gef\u00e4lschtem Modafinil ist, weil Bewertungen zeigen, dass dieses Medikament eventuell nicht bei allen Personen funktioniert <a href=\"https:\/\/www.drugs.com\/comments\/modafinil\/provigil-for-narcolepsy.html\">[3]<\/a>.<\/li>\n<\/ul>\n<p>Abschlie\u00dfend wird darauf hingewiesen, dass eine der besten M\u00f6glichkeiten zur Vermeidung von gef\u00e4lschten Modafinil-Tabletten der ausschlie\u00dfliche Kauf bei vertrauensw\u00fcrdigen Anbietern ist. Auf diese Weise m\u00fcssen Sie sich nicht dem Stress aussetzen, zu pr\u00fcfen und auszuprobieren, ob es gef\u00e4lscht ist oder nicht. Sie wollen auf Anhieb authentische Modafinil-Pillen beziehen? Bestellen Sie bei uns und Sie erhalten Ihre Pillen in einer Woche.<\/p>\n<h3>Quellenangaben<\/h3>\n<ol>\n<li>Sun Pharmaceutical. Abgerufen am 11. M\u00e4rz 2020. Wikipedia.org.<\/li>\n<li>Offizielle Website von HAB Pharma. Habpharma.in.<\/li>\n<li>Nutzer-Bewertungen von Provigil zur Narkolepsie-Behandlung. Abgerufen am 7. M\u00e4rz 2020. Drugs.com.<\/li>\n<\/ol>\n","protected":false},"excerpt":{"rendered":"<p>Seitdem Modafinil als das Geheimnis gel\u00fcftet wurde, das hinter den eindrucksvollen Leistungen von CEOs, Piloten, Analysten sowie andere F\u00fchrungspers\u00f6nlichkeiten steckt, die maximale Konzentration und Aufmerksamkeit brauchen, hat es an Popularit\u00e4t gewonnen. Dies hat zu einer steigenden Nachfrage sowie zu einem entsprechenden Anstieg der Anzahl von Varianten und Herstellern gef\u00fchrt, die es produzieren. Das scheint eine [&hellip;]<\/p>\n","protected":false},"author":1,"featured_media":0,"parent":0,"menu_order":0,"comment_status":"closed","ping_status":"closed","template":"","meta":{"_acf_changed":false,"footnotes":""},"class_list":["post-403469","page","type-page","status-publish","hentry"],"acf":[],"yoast_head":"<!-- This site is optimized with the Yoast SEO Premium plugin v23.6 (Yoast SEO v27.4) - https:\/\/yoast.com\/product\/yoast-seo-premium-wordpress\/ -->\n<title>Verl\u00e4ssliche Apotheke OHNE gef\u00e4lschtes Modafinil aus Indien - BuyModafinilOnline<\/title>\n<meta name=\"description\" content=\"Sie wollen Betrug vorbeugen und Modafinil-Pillen in Topqualit\u00e4t kaufen? Hier finden Sie die besten Tipps, wie Sie Betrug erkennen und wo Sie ausschlie\u00dflich sicheres Modafinil zum besten Preis online bestellen k\u00f6nnen. KEINE gef\u00e4lschten Medikamente!\" \/>\n<meta name=\"robots\" content=\"index, follow, max-snippet:-1, max-image-preview:large, max-video-preview:-1\" \/>\n<link rel=\"canonical\" href=\"https:\/\/buymodafinilonline.com\/de\/wir-haben-keine-gefaelschten-modafinil-medikamente\/\" \/>\n<meta property=\"og:locale\" content=\"de_DE\" \/>\n<meta property=\"og:type\" content=\"article\" \/>\n<meta property=\"og:title\" content=\"Wir haben KEINE gef\u00e4lschten Modafinil-Medikamente\" \/>\n<meta property=\"og:description\" content=\"Sie wollen Betrug vorbeugen und Modafinil-Pillen in Topqualit\u00e4t kaufen? Hier finden Sie die besten Tipps, wie Sie Betrug erkennen und wo Sie ausschlie\u00dflich sicheres Modafinil zum besten Preis online bestellen k\u00f6nnen. KEINE gef\u00e4lschten Medikamente!\" \/>\n<meta property=\"og:url\" content=\"https:\/\/buymodafinilonline.com\/de\/wir-haben-keine-gefaelschten-modafinil-medikamente\/\" \/>\n<meta property=\"og:site_name\" content=\"BuyModafinilOnline.com\" \/>\n<meta property=\"og:image\" content=\"https:\/\/buymodafinilonline.com\/wp-content\/uploads\/2020\/04\/bmo-featured-no-fake-modafinil.png\" \/>\n<meta name=\"twitter:label1\" content=\"Gesch\u00e4tzte Lesezeit\" \/>\n\t<meta name=\"twitter:data1\" content=\"3\u00a0Minuten\" \/>\n<script type=\"application\/ld+json\" class=\"yoast-schema-graph\">{\"@context\":\"https:\\\/\\\/schema.org\",\"@graph\":[{\"@type\":\"WebPage\",\"@id\":\"https:\\\/\\\/buymodafinilonline.com\\\/de\\\/wir-haben-keine-gefaelschten-modafinil-medikamente\\\/\",\"url\":\"https:\\\/\\\/buymodafinilonline.com\\\/de\\\/wir-haben-keine-gefaelschten-modafinil-medikamente\\\/\",\"name\":\"Verl\u00e4ssliche Apotheke OHNE gef\u00e4lschtes Modafinil aus Indien - BuyModafinilOnline\",\"isPartOf\":{\"@id\":\"https:\\\/\\\/buymodafinilonline.com\\\/de\\\/#website\"},\"primaryImageOfPage\":{\"@id\":\"https:\\\/\\\/buymodafinilonline.com\\\/de\\\/wir-haben-keine-gefaelschten-modafinil-medikamente\\\/#primaryimage\"},\"image\":{\"@id\":\"https:\\\/\\\/buymodafinilonline.com\\\/de\\\/wir-haben-keine-gefaelschten-modafinil-medikamente\\\/#primaryimage\"},\"thumbnailUrl\":\"https:\\\/\\\/buymodafinilonline.com\\\/wp-content\\\/uploads\\\/2020\\\/04\\\/bmo-featured-no-fake-modafinil.png\",\"datePublished\":\"2020-05-19T06:55:21+00:00\",\"description\":\"Sie wollen Betrug vorbeugen und Modafinil-Pillen in Topqualit\u00e4t kaufen? Hier finden Sie die besten Tipps, wie Sie Betrug erkennen und wo Sie ausschlie\u00dflich sicheres Modafinil zum besten Preis online bestellen k\u00f6nnen. KEINE gef\u00e4lschten Medikamente!\",\"breadcrumb\":{\"@id\":\"https:\\\/\\\/buymodafinilonline.com\\\/de\\\/wir-haben-keine-gefaelschten-modafinil-medikamente\\\/#breadcrumb\"},\"inLanguage\":\"de\",\"potentialAction\":[{\"@type\":\"ReadAction\",\"target\":[\"https:\\\/\\\/buymodafinilonline.com\\\/de\\\/wir-haben-keine-gefaelschten-modafinil-medikamente\\\/\"]}]},{\"@type\":\"ImageObject\",\"inLanguage\":\"de\",\"@id\":\"https:\\\/\\\/buymodafinilonline.com\\\/de\\\/wir-haben-keine-gefaelschten-modafinil-medikamente\\\/#primaryimage\",\"url\":\"https:\\\/\\\/buymodafinilonline.com\\\/wp-content\\\/uploads\\\/2020\\\/04\\\/bmo-featured-no-fake-modafinil.png\",\"contentUrl\":\"https:\\\/\\\/buymodafinilonline.com\\\/wp-content\\\/uploads\\\/2020\\\/04\\\/bmo-featured-no-fake-modafinil.png\"},{\"@type\":\"BreadcrumbList\",\"@id\":\"https:\\\/\\\/buymodafinilonline.com\\\/de\\\/wir-haben-keine-gefaelschten-modafinil-medikamente\\\/#breadcrumb\",\"itemListElement\":[{\"@type\":\"ListItem\",\"position\":1,\"name\":\"Buy Modafinil Online\",\"item\":\"https:\\\/\\\/buymodafinilonline.com\\\/de\\\/\"},{\"@type\":\"ListItem\",\"position\":2,\"name\":\"Wir haben KEINE gef\u00e4lschten Modafinil-Medikamente\"}]},{\"@type\":\"WebSite\",\"@id\":\"https:\\\/\\\/buymodafinilonline.com\\\/de\\\/#website\",\"url\":\"https:\\\/\\\/buymodafinilonline.com\\\/de\\\/\",\"name\":\"BuyModafinilOnline.com\",\"description\":\"Modafinil Online Pharmacy\",\"publisher\":{\"@id\":\"https:\\\/\\\/buymodafinilonline.com\\\/de\\\/#organization\"},\"potentialAction\":[{\"@type\":\"SearchAction\",\"target\":{\"@type\":\"EntryPoint\",\"urlTemplate\":\"https:\\\/\\\/buymodafinilonline.com\\\/de\\\/?s={search_term_string}\"},\"query-input\":{\"@type\":\"PropertyValueSpecification\",\"valueRequired\":true,\"valueName\":\"search_term_string\"}}],\"inLanguage\":\"de\"},{\"@type\":\"Organization\",\"@id\":\"https:\\\/\\\/buymodafinilonline.com\\\/de\\\/#organization\",\"name\":\"BuyModafinilOnline\",\"url\":\"https:\\\/\\\/buymodafinilonline.com\\\/de\\\/\",\"logo\":{\"@type\":\"ImageObject\",\"inLanguage\":\"de\",\"@id\":\"https:\\\/\\\/buymodafinilonline.com\\\/de\\\/#\\\/schema\\\/logo\\\/image\\\/\",\"url\":\"https:\\\/\\\/buymodafinilonline.com\\\/wp-content\\\/uploads\\\/2020\\\/04\\\/logo-buy-modafinil-online-yellow.png\",\"contentUrl\":\"https:\\\/\\\/buymodafinilonline.com\\\/wp-content\\\/uploads\\\/2020\\\/04\\\/logo-buy-modafinil-online-yellow.png\",\"width\":200,\"height\":200,\"caption\":\"BuyModafinilOnline\"},\"image\":{\"@id\":\"https:\\\/\\\/buymodafinilonline.com\\\/de\\\/#\\\/schema\\\/logo\\\/image\\\/\"}}]}<\/script>\n<!-- \/ Yoast SEO Premium plugin. -->","yoast_head_json":{"title":"Verl\u00e4ssliche Apotheke OHNE gef\u00e4lschtes Modafinil aus Indien - BuyModafinilOnline","description":"Sie wollen Betrug vorbeugen und Modafinil-Pillen in Topqualit\u00e4t kaufen? Hier finden Sie die besten Tipps, wie Sie Betrug erkennen und wo Sie ausschlie\u00dflich sicheres Modafinil zum besten Preis online bestellen k\u00f6nnen. KEINE gef\u00e4lschten Medikamente!","robots":{"index":"index","follow":"follow","max-snippet":"max-snippet:-1","max-image-preview":"max-image-preview:large","max-video-preview":"max-video-preview:-1"},"canonical":"https:\/\/buymodafinilonline.com\/de\/wir-haben-keine-gefaelschten-modafinil-medikamente\/","og_locale":"de_DE","og_type":"article","og_title":"Wir haben KEINE gef\u00e4lschten Modafinil-Medikamente","og_description":"Sie wollen Betrug vorbeugen und Modafinil-Pillen in Topqualit\u00e4t kaufen? Hier finden Sie die besten Tipps, wie Sie Betrug erkennen und wo Sie ausschlie\u00dflich sicheres Modafinil zum besten Preis online bestellen k\u00f6nnen. KEINE gef\u00e4lschten Medikamente!","og_url":"https:\/\/buymodafinilonline.com\/de\/wir-haben-keine-gefaelschten-modafinil-medikamente\/","og_site_name":"BuyModafinilOnline.com","og_image":[{"url":"https:\/\/buymodafinilonline.com\/wp-content\/uploads\/2020\/04\/bmo-featured-no-fake-modafinil.png","type":"","width":"","height":""}],"twitter_misc":{"Gesch\u00e4tzte Lesezeit":"3\u00a0Minuten"},"schema":{"@context":"https:\/\/schema.org","@graph":[{"@type":"WebPage","@id":"https:\/\/buymodafinilonline.com\/de\/wir-haben-keine-gefaelschten-modafinil-medikamente\/","url":"https:\/\/buymodafinilonline.com\/de\/wir-haben-keine-gefaelschten-modafinil-medikamente\/","name":"Verl\u00e4ssliche Apotheke OHNE gef\u00e4lschtes Modafinil aus Indien - BuyModafinilOnline","isPartOf":{"@id":"https:\/\/buymodafinilonline.com\/de\/#website"},"primaryImageOfPage":{"@id":"https:\/\/buymodafinilonline.com\/de\/wir-haben-keine-gefaelschten-modafinil-medikamente\/#primaryimage"},"image":{"@id":"https:\/\/buymodafinilonline.com\/de\/wir-haben-keine-gefaelschten-modafinil-medikamente\/#primaryimage"},"thumbnailUrl":"https:\/\/buymodafinilonline.com\/wp-content\/uploads\/2020\/04\/bmo-featured-no-fake-modafinil.png","datePublished":"2020-05-19T06:55:21+00:00","description":"Sie wollen Betrug vorbeugen und Modafinil-Pillen in Topqualit\u00e4t kaufen? Hier finden Sie die besten Tipps, wie Sie Betrug erkennen und wo Sie ausschlie\u00dflich sicheres Modafinil zum besten Preis online bestellen k\u00f6nnen. KEINE gef\u00e4lschten Medikamente!","breadcrumb":{"@id":"https:\/\/buymodafinilonline.com\/de\/wir-haben-keine-gefaelschten-modafinil-medikamente\/#breadcrumb"},"inLanguage":"de","potentialAction":[{"@type":"ReadAction","target":["https:\/\/buymodafinilonline.com\/de\/wir-haben-keine-gefaelschten-modafinil-medikamente\/"]}]},{"@type":"ImageObject","inLanguage":"de","@id":"https:\/\/buymodafinilonline.com\/de\/wir-haben-keine-gefaelschten-modafinil-medikamente\/#primaryimage","url":"https:\/\/buymodafinilonline.com\/wp-content\/uploads\/2020\/04\/bmo-featured-no-fake-modafinil.png","contentUrl":"https:\/\/buymodafinilonline.com\/wp-content\/uploads\/2020\/04\/bmo-featured-no-fake-modafinil.png"},{"@type":"BreadcrumbList","@id":"https:\/\/buymodafinilonline.com\/de\/wir-haben-keine-gefaelschten-modafinil-medikamente\/#breadcrumb","itemListElement":[{"@type":"ListItem","position":1,"name":"Buy Modafinil Online","item":"https:\/\/buymodafinilonline.com\/de\/"},{"@type":"ListItem","position":2,"name":"Wir haben KEINE gef\u00e4lschten Modafinil-Medikamente"}]},{"@type":"WebSite","@id":"https:\/\/buymodafinilonline.com\/de\/#website","url":"https:\/\/buymodafinilonline.com\/de\/","name":"BuyModafinilOnline.com","description":"Modafinil Online Pharmacy","publisher":{"@id":"https:\/\/buymodafinilonline.com\/de\/#organization"},"potentialAction":[{"@type":"SearchAction","target":{"@type":"EntryPoint","urlTemplate":"https:\/\/buymodafinilonline.com\/de\/?s={search_term_string}"},"query-input":{"@type":"PropertyValueSpecification","valueRequired":true,"valueName":"search_term_string"}}],"inLanguage":"de"},{"@type":"Organization","@id":"https:\/\/buymodafinilonline.com\/de\/#organization","name":"BuyModafinilOnline","url":"https:\/\/buymodafinilonline.com\/de\/","logo":{"@type":"ImageObject","inLanguage":"de","@id":"https:\/\/buymodafinilonline.com\/de\/#\/schema\/logo\/image\/","url":"https:\/\/buymodafinilonline.com\/wp-content\/uploads\/2020\/04\/logo-buy-modafinil-online-yellow.png","contentUrl":"https:\/\/buymodafinilonline.com\/wp-content\/uploads\/2020\/04\/logo-buy-modafinil-online-yellow.png","width":200,"height":200,"caption":"BuyModafinilOnline"},"image":{"@id":"https:\/\/buymodafinilonline.com\/de\/#\/schema\/logo\/image\/"}}]}},"_links":{"self":[{"href":"https:\/\/buymodafinilonline.com\/de\/wp-json\/wp\/v2\/pages\/403469","targetHints":{"allow":["GET"]}}],"collection":[{"href":"https:\/\/buymodafinilonline.com\/de\/wp-json\/wp\/v2\/pages"}],"about":[{"href":"https:\/\/buymodafinilonline.com\/de\/wp-json\/wp\/v2\/types\/page"}],"author":[{"embeddable":true,"href":"https:\/\/buymodafinilonline.com\/de\/wp-json\/wp\/v2\/users\/1"}],"replies":[{"embeddable":true,"href":"https:\/\/buymodafinilonline.com\/de\/wp-json\/wp\/v2\/comments?post=403469"}],"version-history":[{"count":0,"href":"https:\/\/buymodafinilonline.com\/de\/wp-json\/wp\/v2\/pages\/403469\/revisions"}],"wp:attachment":[{"href":"https:\/\/buymodafinilonline.com\/de\/wp-json\/wp\/v2\/media?parent=403469"}],"curies":[{"name":"wp","href":"https:\/\/api.w.org\/{rel}","templated":true}]}}