{"id":403470,"date":"2020-05-19T07:55:22","date_gmt":"2020-05-19T06:55:22","guid":{"rendered":"https:\/\/buymodafinilonline.com\/sollten-wir-sun-pharma-und-hab-pharma-vertrauen\/"},"modified":"2020-05-19T07:55:22","modified_gmt":"2020-05-19T06:55:22","slug":"sollten-wir-sun-pharma-und-hab-pharma-vertrauen","status":"publish","type":"page","link":"https:\/\/buymodafinilonline.com\/de\/sollten-wir-sun-pharma-und-hab-pharma-vertrauen\/","title":{"rendered":"Sollten wir Sun Pharma und HAB Pharma vertrauen?"},"content":{"rendered":"<p><img fetchpriority=\"high\" decoding=\"async\" class=\"aligncenter size-full wp-image-399082\" src=\"https:\/\/buymodafinilonline.com\/wp-content\/uploads\/2020\/04\/bmo-featured-trust-sun-pharma-hab.png\" alt=\"Sun Pharma und HAB Pharma: Warum wir ihnen vertrauen k\u00f6nnen\" width=\"2048\" height=\"1152\" srcset=\"https:\/\/buymodafinilonline.com\/wp-content\/uploads\/2020\/04\/bmo-featured-trust-sun-pharma-hab.png 2048w, https:\/\/buymodafinilonline.com\/wp-content\/uploads\/2020\/04\/bmo-featured-trust-sun-pharma-hab-300x169.png 300w, https:\/\/buymodafinilonline.com\/wp-content\/uploads\/2020\/04\/bmo-featured-trust-sun-pharma-hab-150x84.png 150w, https:\/\/buymodafinilonline.com\/wp-content\/uploads\/2020\/04\/bmo-featured-trust-sun-pharma-hab-800x450.png 800w, https:\/\/buymodafinilonline.com\/wp-content\/uploads\/2020\/04\/bmo-featured-trust-sun-pharma-hab-1024x576.png 1024w, https:\/\/buymodafinilonline.com\/wp-content\/uploads\/2020\/04\/bmo-featured-trust-sun-pharma-hab-768x432.png 768w, https:\/\/buymodafinilonline.com\/wp-content\/uploads\/2020\/04\/bmo-featured-trust-sun-pharma-hab-1536x864.png 1536w\" sizes=\"(max-width: 2048px) 100vw, 2048px\" \/><\/p>\n<p>Es ist nichts Neues mehr, dass Indien einer der gr\u00f6\u00dften Anbieter von rezeptfreien Medikamenten und Generika f\u00fcr die USA ist. Dar\u00fcber hinaus machen allein in Kanada die Lieferungen aus Indien 40 % der Gesamtversorgung aus. Haupts\u00e4chlich ist dies auf zwei namhafte Pharmaunternehmen zur\u00fcckzuf\u00fchren. Es handelt sich um Sun Pharma und HAB Pharma. Wenn Sie ein aktiver Nootropika-Anh\u00e4nger sind, haben Sie vielleicht von ihnen geh\u00f6rt.<\/p>\n<p>Diese Unternehmen sind also zwei der weltweit gr\u00f6\u00dften Hersteller von Generika, aber erf\u00fcllen ihre Produkte auch den Standard? Kann man ihnen vertrauen? Dieser Artikel beantwortet diese Fragen.<\/p>\n<h2>Wichtigste Fakten \u00fcber den Hersteller Sun Pharma<\/h2>\n<p>Sun Pharma wurde 1983 gegr\u00fcndet. Mit Sitz in Mumbai bietet dieses indische multinationale Unternehmen Wirkstoffformulierungen in vielf\u00e4ltigen therapeutischen Bereichen wie Neurologie, Kardiologie und Psychiatrie an. Anfangs begann Sun Pharma mit nur f\u00fcnf Produkten zur Behandlung psychiatrischer St\u00f6rungen. Im Laufe der Jahre diversifizierte es sich allerdings und geh\u00f6rt nun zu den Marktf\u00fchrern. Aber das ist noch nicht alles. Das Unternehmen erwarb im Jahr 2014 Ranbaxy Laboratories und dieser Schritt machte es zum gr\u00f6\u00dften Unternehmen Indiens, zum gr\u00f6\u00dften indischen Pharmaunternehmen in den Vereinigten Staaten und zum f\u00fcnftgr\u00f6\u00dften Spezial-Generika-Unternehmen im globalen Ma\u00dfstab <a href=\"https:\/\/en.m.wikipedia.org\/wiki\/Sun_Pharmaceutical\">[1]<\/a>.<\/p>\n<p>Die beliebtesten Medikamente von Sun Pharma, die Sie auch auf BuyModafinilOnline finden k\u00f6nnen, sind Modalert und Waklert. Daraus wird ersichtlich, dass Sun Pharma mehr als nur ein popul\u00e4res pharmazeutisches Unternehmen ist. Vielmehr ist es eines der gr\u00f6\u00dften und seri\u00f6sesten in der Branche <a href=\"https:\/\/www.sunpharma.com\/\">[2]<\/a>.<\/p>\n<h2>Grundlegende Informationen \u00fcber das Unternehmen HAB Pharma<\/h2>\n<p>HAB Pharma ist einer der f\u00fchrenden Modafinil-Lieferanten in der Welt und ein enger Wettbewerber von Sun Pharma. Das Unternehmen besteht seit mehreren Jahren und ist im pharmazeutischen Markt gut etabliert.<\/p>\n<p>HAB Pharma wurde 1980 gegr\u00fcndet und 1989 erfolgte die Er\u00f6ffnung seines ersten eigenen Werks. Im Laufe der Jahre expandierte es auf den internationalen Markt und exportiert nun einen erheblichen Prozentsatz seiner Produktion <a href=\"http:\/\/habpharma.in\/company-overview\">[3]<\/a>.<\/p>\n<p>Wie Sie sehen k\u00f6nnen, ist HAB Pharma sehr bekannt und kann sich auf dem pharmazeutischen Markt gut behaupten. Nur die Zeit kann sagen, wie weit das Unternehmen noch vorankommt, aber es scheint sehr erfolgreich zu sein und bisher alles richtig zu machen. Die beliebtesten Medikamente dieses Unternehmens, die Sie auch auf BuyModafinilOnline bestellen k\u00f6nnen, sind Modvigil und Artvigil.<\/p>\n<h2>Sun Pharma im Vergleich zu HAB Pharma: Wer ist besser?<\/h2>\n<p>HAB Pharma im Vergleich zu Sun Pharma: Wer ist besser? Wenn Sie ein Teil der Nootropika-Community sind, haben Sie von dieser Debatte wahrscheinlich schon tausend Mal geh\u00f6rt. Beide Unternehmen sind Giganten auf dem Markt, die sehr erfolgreich sind, und als solche stehen sie zwangsl\u00e4ufig im Wettbewerb.<\/p>\n<p>Im Grunde genommen sind beide seri\u00f6se und vertrauensw\u00fcrdige Unternehmen, die auf ihrem Gebiet wirklich gut sind. So kann die Feststellung, welches Unternehmen besser ist, auf pers\u00f6nliche Vorlieben hinauslaufen und wie gut ihre Medikamente f\u00fcr Sie funktioniert haben.<\/p>\n<p>Allerdings bevorzugen viele Menschen anscheinend Sun Pharmaceuticals, geht man von den Bewertungen aus. Diese Pr\u00e4ferenz k\u00f6nnte auf der Tatsache basieren, dass dieser Anbieter einfach bekannter und somit popul\u00e4rer ist. Andererseits gibt es auch Anwender, die HAB Pharma bevorzugen, und andere Anwender, die glauben, dass zwischen den beiden Pharmariesen wirklich kein Unterschied besteht.<\/p>\n<h2>Warum vertrauen wir diesen Lieferanten?<\/h2>\n<p>Sie fragen sich, warum wir sowohl HAB Pharma als auch Sun Pharma vertrauen? Es ist ganz einfach. Sie sind nicht nur ziemlich popul\u00e4r, sondern auch \u00e4u\u00dferst zuverl\u00e4ssig. Beide betreiben zertifizierte Labore von Weltklasse, in denen sie die Herstellung durchf\u00fchren. All ihre Medikamente sind von der US-amerikanischen Food and Drug Administration und deren Entsprechung in anderen L\u00e4ndern zugelassen.<\/p>\n<p>Aber das ist noch nicht alles. Diese Pharmaunternehmen verf\u00fcgen \u00fcber eine Reihe von Zertifizierungen, die ihnen zugesprochen wurden. Dazu geh\u00f6ren:<\/p>\n<ul>\n<li>ISO 9001 (f\u00fcr Management und Qualit\u00e4tssicherung);<\/li>\n<li>WHO GMP-Zertifikat (Gute Herstellungspraxis der Weltgesundheitsorganisation WHO);<\/li>\n<li>US-amerikanische Food and Drug Administration (f\u00fcr Produktqualit\u00e4t).<\/li>\n<\/ul>\n<p>Ein weiterer Grund, warum wir diesen Anbietern so sehr vertrauen, ist, dass sie in der gesamten Zeit unserer Zusammenarbeit immer unseren Leistungsvertrag (Service Level Agreement\/SLA) in Bezug auf Lieferung und Arzneimittelqualit\u00e4t erf\u00fcllt und sogar \u00fcbertroffen haben.<\/p>\n<p><a href=\"https:\/\/buymodafinilonline.com\/de\/\">BuyModafinilOnline<\/a> ist die Online-Apotheke, die vielf\u00e4ltige Coupons, Rabatte (<a href=\"https:\/\/buymodafinilonline.com\/de\/mit-bitcoin-zahlen-33-rabatt-erhalten\/\">23 % Rabatt<\/a> bei Zahlung mit Bitcoin) und Aktionen bietet. Hier kaufen Sie ausschlie\u00dflich hochwertige Medikamente zum besten Preis.<\/p>\n<p>Um auf die oben gestellten Fragen zur\u00fcckzukommen: Empfehlen sie Standardprodukte? Kann man ihnen vertrauen? Die Antwort lautet ja und ja. Unsere Kunden sind der lebendige Beweis, denn sie haben die Wirksamkeit und Vertr\u00e4glichkeit unserer Produkte immer als positiv bewertet.<\/p>\n<p>P.S.: Wir beziehen unsere Produkte von diesen beiden Pharmagiganten.<\/p>\n<h3>Quellenangaben<\/h3>\n<ol>\n<li>Sun Pharmaceuticals. Abgerufen am 8. M\u00e4rz 2020. Wikipedia.org.<\/li>\n<li>Sun Pharmaceutical Industries Ltd. Sunpharma.com.<\/li>\n<li>Unternehmens\u00fcberblick HAB Pharma. Habpharma.in.<\/li>\n<\/ol>\n","protected":false},"excerpt":{"rendered":"<p>Es ist nichts Neues mehr, dass Indien einer der gr\u00f6\u00dften Anbieter von rezeptfreien Medikamenten und Generika f\u00fcr die USA ist. Dar\u00fcber hinaus machen allein in Kanada die Lieferungen aus Indien 40 % der Gesamtversorgung aus. Haupts\u00e4chlich ist dies auf zwei namhafte Pharmaunternehmen zur\u00fcckzuf\u00fchren. Es handelt sich um Sun Pharma und HAB Pharma. Wenn Sie ein [&hellip;]<\/p>\n","protected":false},"author":1,"featured_media":0,"parent":0,"menu_order":0,"comment_status":"closed","ping_status":"closed","template":"","meta":{"_acf_changed":false,"footnotes":""},"class_list":["post-403470","page","type-page","status-publish","hentry"],"acf":[],"yoast_head":"<!-- This site is optimized with the Yoast SEO Premium plugin v23.6 (Yoast SEO v27.4) - https:\/\/yoast.com\/product\/yoast-seo-premium-wordpress\/ -->\n<title>Sun Pharma und HAB Pharma: Warum wir ihnen vertrauen k\u00f6nnen - BuyModafinilOnline<\/title>\n<meta name=\"description\" content=\"Vollst\u00e4ndige Informationen \u00fcber die Modafinil-Lieferanten Sun Pharma und HAB Pharmaceuticals aus Indien. Warum sollten wir ihnen vertrauen? Lesen Sie die Wahrheit \u00fcber die gr\u00f6\u00dften Hersteller generischer Nootropika weltweit auf BuyModafinilOnline.\" \/>\n<meta name=\"robots\" content=\"index, follow, max-snippet:-1, max-image-preview:large, max-video-preview:-1\" \/>\n<link rel=\"canonical\" href=\"https:\/\/buymodafinilonline.com\/de\/sollten-wir-sun-pharma-und-hab-pharma-vertrauen\/\" \/>\n<meta property=\"og:locale\" content=\"de_DE\" \/>\n<meta property=\"og:type\" content=\"article\" \/>\n<meta property=\"og:title\" content=\"Sollten wir Sun Pharma und HAB Pharma vertrauen?\" \/>\n<meta property=\"og:description\" content=\"Vollst\u00e4ndige Informationen \u00fcber die Modafinil-Lieferanten Sun Pharma und HAB Pharmaceuticals aus Indien. Warum sollten wir ihnen vertrauen? Lesen Sie die Wahrheit \u00fcber die gr\u00f6\u00dften Hersteller generischer Nootropika weltweit auf BuyModafinilOnline.\" \/>\n<meta property=\"og:url\" content=\"https:\/\/buymodafinilonline.com\/de\/sollten-wir-sun-pharma-und-hab-pharma-vertrauen\/\" \/>\n<meta property=\"og:site_name\" content=\"BuyModafinilOnline.com\" \/>\n<meta property=\"og:image\" content=\"https:\/\/buymodafinilonline.com\/wp-content\/uploads\/2020\/04\/bmo-featured-trust-sun-pharma-hab.png\" \/>\n<meta name=\"twitter:label1\" content=\"Gesch\u00e4tzte Lesezeit\" \/>\n\t<meta name=\"twitter:data1\" content=\"4\u00a0Minuten\" \/>\n<script type=\"application\/ld+json\" class=\"yoast-schema-graph\">{\"@context\":\"https:\\\/\\\/schema.org\",\"@graph\":[{\"@type\":\"WebPage\",\"@id\":\"https:\\\/\\\/buymodafinilonline.com\\\/de\\\/sollten-wir-sun-pharma-und-hab-pharma-vertrauen\\\/\",\"url\":\"https:\\\/\\\/buymodafinilonline.com\\\/de\\\/sollten-wir-sun-pharma-und-hab-pharma-vertrauen\\\/\",\"name\":\"Sun Pharma und HAB Pharma: Warum wir ihnen vertrauen k\u00f6nnen - BuyModafinilOnline\",\"isPartOf\":{\"@id\":\"https:\\\/\\\/buymodafinilonline.com\\\/de\\\/#website\"},\"primaryImageOfPage\":{\"@id\":\"https:\\\/\\\/buymodafinilonline.com\\\/de\\\/sollten-wir-sun-pharma-und-hab-pharma-vertrauen\\\/#primaryimage\"},\"image\":{\"@id\":\"https:\\\/\\\/buymodafinilonline.com\\\/de\\\/sollten-wir-sun-pharma-und-hab-pharma-vertrauen\\\/#primaryimage\"},\"thumbnailUrl\":\"https:\\\/\\\/buymodafinilonline.com\\\/wp-content\\\/uploads\\\/2020\\\/04\\\/bmo-featured-trust-sun-pharma-hab.png\",\"datePublished\":\"2020-05-19T06:55:22+00:00\",\"description\":\"Vollst\u00e4ndige Informationen \u00fcber die Modafinil-Lieferanten Sun Pharma und HAB Pharmaceuticals aus Indien. Warum sollten wir ihnen vertrauen? Lesen Sie die Wahrheit \u00fcber die gr\u00f6\u00dften Hersteller generischer Nootropika weltweit auf BuyModafinilOnline.\",\"breadcrumb\":{\"@id\":\"https:\\\/\\\/buymodafinilonline.com\\\/de\\\/sollten-wir-sun-pharma-und-hab-pharma-vertrauen\\\/#breadcrumb\"},\"inLanguage\":\"de\",\"potentialAction\":[{\"@type\":\"ReadAction\",\"target\":[\"https:\\\/\\\/buymodafinilonline.com\\\/de\\\/sollten-wir-sun-pharma-und-hab-pharma-vertrauen\\\/\"]}]},{\"@type\":\"ImageObject\",\"inLanguage\":\"de\",\"@id\":\"https:\\\/\\\/buymodafinilonline.com\\\/de\\\/sollten-wir-sun-pharma-und-hab-pharma-vertrauen\\\/#primaryimage\",\"url\":\"https:\\\/\\\/buymodafinilonline.com\\\/wp-content\\\/uploads\\\/2020\\\/04\\\/bmo-featured-trust-sun-pharma-hab.png\",\"contentUrl\":\"https:\\\/\\\/buymodafinilonline.com\\\/wp-content\\\/uploads\\\/2020\\\/04\\\/bmo-featured-trust-sun-pharma-hab.png\"},{\"@type\":\"BreadcrumbList\",\"@id\":\"https:\\\/\\\/buymodafinilonline.com\\\/de\\\/sollten-wir-sun-pharma-und-hab-pharma-vertrauen\\\/#breadcrumb\",\"itemListElement\":[{\"@type\":\"ListItem\",\"position\":1,\"name\":\"Buy Modafinil Online\",\"item\":\"https:\\\/\\\/buymodafinilonline.com\\\/de\\\/\"},{\"@type\":\"ListItem\",\"position\":2,\"name\":\"Sollten wir Sun Pharma und HAB Pharma vertrauen?\"}]},{\"@type\":\"WebSite\",\"@id\":\"https:\\\/\\\/buymodafinilonline.com\\\/de\\\/#website\",\"url\":\"https:\\\/\\\/buymodafinilonline.com\\\/de\\\/\",\"name\":\"BuyModafinilOnline.com\",\"description\":\"Modafinil Online Pharmacy\",\"publisher\":{\"@id\":\"https:\\\/\\\/buymodafinilonline.com\\\/de\\\/#organization\"},\"potentialAction\":[{\"@type\":\"SearchAction\",\"target\":{\"@type\":\"EntryPoint\",\"urlTemplate\":\"https:\\\/\\\/buymodafinilonline.com\\\/de\\\/?s={search_term_string}\"},\"query-input\":{\"@type\":\"PropertyValueSpecification\",\"valueRequired\":true,\"valueName\":\"search_term_string\"}}],\"inLanguage\":\"de\"},{\"@type\":\"Organization\",\"@id\":\"https:\\\/\\\/buymodafinilonline.com\\\/de\\\/#organization\",\"name\":\"BuyModafinilOnline\",\"url\":\"https:\\\/\\\/buymodafinilonline.com\\\/de\\\/\",\"logo\":{\"@type\":\"ImageObject\",\"inLanguage\":\"de\",\"@id\":\"https:\\\/\\\/buymodafinilonline.com\\\/de\\\/#\\\/schema\\\/logo\\\/image\\\/\",\"url\":\"https:\\\/\\\/buymodafinilonline.com\\\/wp-content\\\/uploads\\\/2020\\\/04\\\/logo-buy-modafinil-online-yellow.png\",\"contentUrl\":\"https:\\\/\\\/buymodafinilonline.com\\\/wp-content\\\/uploads\\\/2020\\\/04\\\/logo-buy-modafinil-online-yellow.png\",\"width\":200,\"height\":200,\"caption\":\"BuyModafinilOnline\"},\"image\":{\"@id\":\"https:\\\/\\\/buymodafinilonline.com\\\/de\\\/#\\\/schema\\\/logo\\\/image\\\/\"}}]}<\/script>\n<!-- \/ Yoast SEO Premium plugin. -->","yoast_head_json":{"title":"Sun Pharma und HAB Pharma: Warum wir ihnen vertrauen k\u00f6nnen - BuyModafinilOnline","description":"Vollst\u00e4ndige Informationen \u00fcber die Modafinil-Lieferanten Sun Pharma und HAB Pharmaceuticals aus Indien. Warum sollten wir ihnen vertrauen? Lesen Sie die Wahrheit \u00fcber die gr\u00f6\u00dften Hersteller generischer Nootropika weltweit auf BuyModafinilOnline.","robots":{"index":"index","follow":"follow","max-snippet":"max-snippet:-1","max-image-preview":"max-image-preview:large","max-video-preview":"max-video-preview:-1"},"canonical":"https:\/\/buymodafinilonline.com\/de\/sollten-wir-sun-pharma-und-hab-pharma-vertrauen\/","og_locale":"de_DE","og_type":"article","og_title":"Sollten wir Sun Pharma und HAB Pharma vertrauen?","og_description":"Vollst\u00e4ndige Informationen \u00fcber die Modafinil-Lieferanten Sun Pharma und HAB Pharmaceuticals aus Indien. Warum sollten wir ihnen vertrauen? Lesen Sie die Wahrheit \u00fcber die gr\u00f6\u00dften Hersteller generischer Nootropika weltweit auf BuyModafinilOnline.","og_url":"https:\/\/buymodafinilonline.com\/de\/sollten-wir-sun-pharma-und-hab-pharma-vertrauen\/","og_site_name":"BuyModafinilOnline.com","og_image":[{"url":"https:\/\/buymodafinilonline.com\/wp-content\/uploads\/2020\/04\/bmo-featured-trust-sun-pharma-hab.png","type":"","width":"","height":""}],"twitter_misc":{"Gesch\u00e4tzte Lesezeit":"4\u00a0Minuten"},"schema":{"@context":"https:\/\/schema.org","@graph":[{"@type":"WebPage","@id":"https:\/\/buymodafinilonline.com\/de\/sollten-wir-sun-pharma-und-hab-pharma-vertrauen\/","url":"https:\/\/buymodafinilonline.com\/de\/sollten-wir-sun-pharma-und-hab-pharma-vertrauen\/","name":"Sun Pharma und HAB Pharma: Warum wir ihnen vertrauen k\u00f6nnen - BuyModafinilOnline","isPartOf":{"@id":"https:\/\/buymodafinilonline.com\/de\/#website"},"primaryImageOfPage":{"@id":"https:\/\/buymodafinilonline.com\/de\/sollten-wir-sun-pharma-und-hab-pharma-vertrauen\/#primaryimage"},"image":{"@id":"https:\/\/buymodafinilonline.com\/de\/sollten-wir-sun-pharma-und-hab-pharma-vertrauen\/#primaryimage"},"thumbnailUrl":"https:\/\/buymodafinilonline.com\/wp-content\/uploads\/2020\/04\/bmo-featured-trust-sun-pharma-hab.png","datePublished":"2020-05-19T06:55:22+00:00","description":"Vollst\u00e4ndige Informationen \u00fcber die Modafinil-Lieferanten Sun Pharma und HAB Pharmaceuticals aus Indien. Warum sollten wir ihnen vertrauen? Lesen Sie die Wahrheit \u00fcber die gr\u00f6\u00dften Hersteller generischer Nootropika weltweit auf BuyModafinilOnline.","breadcrumb":{"@id":"https:\/\/buymodafinilonline.com\/de\/sollten-wir-sun-pharma-und-hab-pharma-vertrauen\/#breadcrumb"},"inLanguage":"de","potentialAction":[{"@type":"ReadAction","target":["https:\/\/buymodafinilonline.com\/de\/sollten-wir-sun-pharma-und-hab-pharma-vertrauen\/"]}]},{"@type":"ImageObject","inLanguage":"de","@id":"https:\/\/buymodafinilonline.com\/de\/sollten-wir-sun-pharma-und-hab-pharma-vertrauen\/#primaryimage","url":"https:\/\/buymodafinilonline.com\/wp-content\/uploads\/2020\/04\/bmo-featured-trust-sun-pharma-hab.png","contentUrl":"https:\/\/buymodafinilonline.com\/wp-content\/uploads\/2020\/04\/bmo-featured-trust-sun-pharma-hab.png"},{"@type":"BreadcrumbList","@id":"https:\/\/buymodafinilonline.com\/de\/sollten-wir-sun-pharma-und-hab-pharma-vertrauen\/#breadcrumb","itemListElement":[{"@type":"ListItem","position":1,"name":"Buy Modafinil Online","item":"https:\/\/buymodafinilonline.com\/de\/"},{"@type":"ListItem","position":2,"name":"Sollten wir Sun Pharma und HAB Pharma vertrauen?"}]},{"@type":"WebSite","@id":"https:\/\/buymodafinilonline.com\/de\/#website","url":"https:\/\/buymodafinilonline.com\/de\/","name":"BuyModafinilOnline.com","description":"Modafinil Online Pharmacy","publisher":{"@id":"https:\/\/buymodafinilonline.com\/de\/#organization"},"potentialAction":[{"@type":"SearchAction","target":{"@type":"EntryPoint","urlTemplate":"https:\/\/buymodafinilonline.com\/de\/?s={search_term_string}"},"query-input":{"@type":"PropertyValueSpecification","valueRequired":true,"valueName":"search_term_string"}}],"inLanguage":"de"},{"@type":"Organization","@id":"https:\/\/buymodafinilonline.com\/de\/#organization","name":"BuyModafinilOnline","url":"https:\/\/buymodafinilonline.com\/de\/","logo":{"@type":"ImageObject","inLanguage":"de","@id":"https:\/\/buymodafinilonline.com\/de\/#\/schema\/logo\/image\/","url":"https:\/\/buymodafinilonline.com\/wp-content\/uploads\/2020\/04\/logo-buy-modafinil-online-yellow.png","contentUrl":"https:\/\/buymodafinilonline.com\/wp-content\/uploads\/2020\/04\/logo-buy-modafinil-online-yellow.png","width":200,"height":200,"caption":"BuyModafinilOnline"},"image":{"@id":"https:\/\/buymodafinilonline.com\/de\/#\/schema\/logo\/image\/"}}]}},"_links":{"self":[{"href":"https:\/\/buymodafinilonline.com\/de\/wp-json\/wp\/v2\/pages\/403470","targetHints":{"allow":["GET"]}}],"collection":[{"href":"https:\/\/buymodafinilonline.com\/de\/wp-json\/wp\/v2\/pages"}],"about":[{"href":"https:\/\/buymodafinilonline.com\/de\/wp-json\/wp\/v2\/types\/page"}],"author":[{"embeddable":true,"href":"https:\/\/buymodafinilonline.com\/de\/wp-json\/wp\/v2\/users\/1"}],"replies":[{"embeddable":true,"href":"https:\/\/buymodafinilonline.com\/de\/wp-json\/wp\/v2\/comments?post=403470"}],"version-history":[{"count":0,"href":"https:\/\/buymodafinilonline.com\/de\/wp-json\/wp\/v2\/pages\/403470\/revisions"}],"wp:attachment":[{"href":"https:\/\/buymodafinilonline.com\/de\/wp-json\/wp\/v2\/media?parent=403470"}],"curies":[{"name":"wp","href":"https:\/\/api.w.org\/{rel}","templated":true}]}}