{"id":403801,"date":"2020-05-21T14:24:25","date_gmt":"2020-05-21T13:24:25","guid":{"rendered":"https:\/\/buymodafinilonline.com\/nzt-48-modafinil-die-pille-aus-ohne-limit-im-wirklichen-leben\/"},"modified":"2020-12-24T11:25:57","modified_gmt":"2020-12-24T10:25:57","slug":"nzt-48-modafinil-die-pille-aus-ohne-limit-im-wirklichen-leben","status":"publish","type":"page","link":"https:\/\/buymodafinilonline.com\/de\/nzt-48-modafinil-die-pille-aus-ohne-limit-im-wirklichen-leben\/","title":{"rendered":"NZT-48 (Modafinil) &#8211; die Pille aus Ohne Limit im wirklichen Leben"},"content":{"rendered":"<p><img fetchpriority=\"high\" decoding=\"async\" class=\"aligncenter size-full wp-image-399054\" src=\"https:\/\/buymodafinilonline.com\/wp-content\/uploads\/2020\/04\/bmo-featured-limitless.png\" alt=\"NZT-48 aus Ohne Limit und sein echtes zertifiziertes Medikament\" width=\"2048\" height=\"1152\" srcset=\"https:\/\/buymodafinilonline.com\/wp-content\/uploads\/2020\/04\/bmo-featured-limitless.png 2048w, https:\/\/buymodafinilonline.com\/wp-content\/uploads\/2020\/04\/bmo-featured-limitless-300x169.png 300w, https:\/\/buymodafinilonline.com\/wp-content\/uploads\/2020\/04\/bmo-featured-limitless-150x84.png 150w, https:\/\/buymodafinilonline.com\/wp-content\/uploads\/2020\/04\/bmo-featured-limitless-800x450.png 800w, https:\/\/buymodafinilonline.com\/wp-content\/uploads\/2020\/04\/bmo-featured-limitless-1024x576.png 1024w, https:\/\/buymodafinilonline.com\/wp-content\/uploads\/2020\/04\/bmo-featured-limitless-768x432.png 768w, https:\/\/buymodafinilonline.com\/wp-content\/uploads\/2020\/04\/bmo-featured-limitless-1536x864.png 1536w\" sizes=\"(max-width: 2048px) 100vw, 2048px\" \/><\/p>\n<p>Welchen Prozentsatz unseres Gehirns nutzen wir eigentlich? Viele von uns glauben, dass Menschen in der Regel nur 10% ihres Gehirns nutzen. Aber ist diese Auffassung wirklich wahr? Experten haben diesen Mythos entlarvt und darauf hingewiesen, dass der Prozentsatz des Gehirns, der zu einem bestimmten Zeitpunkt genutzt wird, von Person zu Person variiert <a href=\"https:\/\/www.medicalnewstoday.com\/articles\/321060#improving-brain-function\">[1]<\/a>.<\/p>\n<p>Ungeachtet der unterschiedlichen Theorien und Mythen \u00fcber die Nutzung des Gehirns bleibt eine Tatsache sicher. Eine gro\u00dfe Zahl von Menschen w\u00e4re fasziniert, wenn eine Superpille existieren w\u00fcrde, die es ihnen erm\u00f6glicht, 100 % ihres Gehirns zu nutzen.<\/p>\n<p>Das bringt uns zur gro\u00dfen Frage: Gibt es NZT-48 tats\u00e4chlich? Gibt es wirklich eine magische Pille, die den Anwendern \u00fcbermenschliche F\u00e4higkeiten verleiht? Finden wir es heraus.<\/p>\n<h2>Was ist die Pille NZT-48 aus Ohne Limit?<\/h2>\n<p>Wenn Sie den Film &#8220;Ohne Limit&#8221; gesehen haben, dann d\u00fcrften Sie auf jeden Fall mit der Handlung und dem Ursprung von NZT-48 vertraut sein. Der Film dreht sich um das Leben von Eddie Morra (Bradley Cooper), einem sich abm\u00fchenden Schriftsteller, Chaot und Faulpelz. Er st\u00f6\u00dft auf eine mysteri\u00f6se Pille, die sein Gehirn erweckt und sein Leben komplett ver\u00e4ndert.<\/p>\n<p>Mit nur einer Dosis pro Tag \u00fcberwindet er schnell seine Schreibblockade, die ihn zuvor geplagt hatte, und beendet seinen Roman \u00fcber Nacht. Er lernt neue Sprachen schneller, als irgendein Mensch dazu in der Lage ist. Die Pille hilft ihm auch, Daten schneller als jeder Computer zu analysieren, was ihn dazu bringt, die B\u00f6rse zu auszutricksen und zu \u00fcberfl\u00fcgeln.<\/p>\n<p>Im Grunde verwandelt diese ph\u00e4nomenale Pille Eddie Morra von einem sich abplagenden Verlierer zu einem wohlhabenden humanen Computer.<\/p>\n<p>An diesem Punkt fragen Sie sich wahrscheinlich: Was ist diese mysteri\u00f6se Pille? Nun, es wurde nicht gerade ein echtes Lehrbuch zu diesem Medikament geschrieben. Es ist einfach ein Medikament, das den Nutzern \u00fcbermenschliche F\u00e4higkeiten verleiht und Gehirnleistungen um einen signifikanten Prozentsatz verbessert, wie wir im Film &#8220;Ohne Limit&#8221; sehen k\u00f6nnen.<\/p>\n<p>Mit NZT-48 k\u00f6nnten Sie auch auf l\u00e4ngst vergessene Erinnerungen zugreifen und diese mit allen verf\u00fcgbaren Informationen zusammenbringen, um bestehende Probleme zu l\u00f6sen. Mit dieser Pille w\u00e4ren Sie in der Lage, Informationen und Daten zu absorbieren sowie neue Sprachen in Lichtgeschwindigkeit zu lernen.<\/p>\n<p>Allerdings ist diese scheinbare &#8220;Superpille&#8221; mit schweren Nebenwirkungen wie lang anhaltenden Blackouts usw. verbunden.<\/p>\n<h2>Existiert dieses Nootropikum wirklich?<\/h2>\n<p>Nachdem Sie den Film gesehen haben, sind Sie vielleicht ins Internet gegangen oder haben lokale Apotheken aufgesucht, um herauszufinden, ob es dieses Medikament wirklich gibt. Ungl\u00fccklicherweise existiert zertifiziertes NZT-48 nicht, obwohl es mehrere betr\u00fcgerische Produkte gibt, die online unter dem Namen zur Verf\u00fcgung stehen. Es ist nur eine fiktive Droge, die lediglich im Film &#8220;Ohne Limit&#8221; existiert.<\/p>\n<p><img decoding=\"async\" class=\"aligncenter wp-image-403804 size-full\" title=\"Bradley Cooper im Film Ohne Limit - BuyModafinilOnline\" src=\"https:\/\/buymodafinilonline.com\/wp-content\/uploads\/2020\/04\/bradley-cooper-in-limitless-movie.png\" alt=\"Bradley Cooper im Film Ohne Limit\" width=\"848\" height=\"477\" srcset=\"https:\/\/buymodafinilonline.com\/wp-content\/uploads\/2020\/04\/bradley-cooper-in-limitless-movie.png 848w, https:\/\/buymodafinilonline.com\/wp-content\/uploads\/2020\/04\/bradley-cooper-in-limitless-movie-300x169.png 300w, https:\/\/buymodafinilonline.com\/wp-content\/uploads\/2020\/04\/bradley-cooper-in-limitless-movie-150x84.png 150w, https:\/\/buymodafinilonline.com\/wp-content\/uploads\/2020\/04\/bradley-cooper-in-limitless-movie-800x450.png 800w, https:\/\/buymodafinilonline.com\/wp-content\/uploads\/2020\/04\/bradley-cooper-in-limitless-movie-768x432.png 768w\" sizes=\"(max-width: 848px) 100vw, 848px\" \/><\/p>\n<p>Dies bedeutet jedoch nicht, dass Sie Ihrer Fantasie nicht freien Lauf lassen k\u00f6nnen. Ist es m\u00f6glich, dass diese Pille eines Tages in der Zukunft existieren w\u00fcrde? Gibt es andere Alternativen zu dieser Superpille? In der heutigen Welt sind mehrere Nootropika und intelligente Medikamente aufgetaucht. Diese Medikamente verbessern die kognitiven Funktionen der Anwender, sodass sie aufmerksamer und bewusster werden.<\/p>\n<p>Jedoch erreicht keines dieser Medikamente das Ausma\u00df der Wirkungen der NZT-48-Pille aus Ohne Limit. Tats\u00e4chlich scheint es so, dass nur ein Wunder oder ein Quantensprung in der Biotechnologie die volle Wirkung dieser Superpille erreichen kann.<\/p>\n<h2>K\u00f6nnte NZT-48 in der Zukunft existieren?<\/h2>\n<p>Obwohl es NZT-48 derzeit nicht gibt, halten immer noch viele Menschen Ausschau danach. Viele Menschen fragen sich, ob es jemals eine grenzenlose Pille in der Zukunft geben wird. In der heutigen Welt k\u00f6nnen wir leicht zahlreiche Fortschritte in Biologie, Technologie und nat\u00fcrlich der Synergie davon \u2013 der Biotechnologie \u2013 beobachten.<\/p>\n<p>In den n\u00e4chsten Jahren werden wir also noch mehr Fortschritte und Innovationen sehen. Tats\u00e4chlich ist Elon Musks Neuralink eine Initiative, die bereits jetzt sehr vielversprechend ist. Obwohl also die M\u00f6glichkeit einer grenzenlosen Pille ungewiss ist, sollte sie nicht vollst\u00e4ndig abgeschrieben werden.<\/p>\n<h2>Modafinil: das NZT \u00e4hnlichste Medikament im realen Leben<\/h2>\n<p>Nun wissen Sie bereits, dass NZT-48 kein Gegenst\u00fcck hat, das seinen vollst\u00e4ndigen Wirkungen entspricht, aber es gibt ein paar intelligente Medikamente, die \u00e4hnlich sind. Aus der Flut von Nootropika auf dem pharmazeutischen Markt heute ist Modafinil das Medikament, das NZT-48 am n\u00e4chsten kommt. Tats\u00e4chlich wird gemunkelt, dass NZT-48 auf Modafinil basierte.<\/p>\n<p>Mehrere smarte Medikamente auf dem Markt erreichen einige subtile kognitive Effekte, aber nicht Modafinil. Dieses intelligente Medikament bietet wirklich immense kognitive Verbesserungen mit nur einer Dosis. Wenn Sie auf der Suche nach verbesserten intellektuellen Leistungen sind, ist Modafinil Ihre beste Wahl.<\/p>\n<p><a href=\"https:\/\/buymodafinilonline.com\/de\/die-wahrheit-ueber-modafinil\/\">Modafinil<\/a> tr\u00e4gt dazu bei, die Aufmerksamkeit, Konzentration und Wachheit bei Anwendern zu f\u00f6rdern. Es erh\u00f6ht auch den Dopaminspiegel im Gehirn durch die Blockierung der Dopamintransporter <a href=\"https:\/\/www.ncbi.nlm.nih.gov\/pmc\/articles\/PMC2696807\/\">[2]<\/a>.<\/p>\n<p>Wir versprechen also nicht, dass Modafinil genau die gleichen Effekte wie NZT-48 hat oder den Anwendern Superintelligenz verleiht. Dennoch kommt Modafinil der Sache am n\u00e4chsten. Dar\u00fcber hinaus verbessert es die Produktivit\u00e4t um einen signifikanten Prozentsatz und erm\u00f6glicht den Anwendern, mehr Stunden zu arbeiten, ohne sich m\u00fcde zu f\u00fchlen. Es ist das Mittel der Wahl, das viele Piloten, Analysten, CEOs und andere Profis nutzen, deren Job hohe Aufmerksamkeit und Konzentration f\u00fcr viele Stunden hintereinander erfordert.<\/p>\n<h2>Ist Modafinil als Medikation sicher?<\/h2>\n<p>Wenn es um <a href=\"https:\/\/buymodafinilonline.com\/de\/shop\/\">intelligente Medikamente<\/a> wie Modafinil geht, ist Sicherheit generell ein prim\u00e4res Anliegen f\u00fcr die Nutzer. Menschen, die noch keine Erfahrungen mit dem Medikament haben, fragen sich h\u00e4ufig: Ist dieses Medikament unbedenklich?<\/p>\n<p><img decoding=\"async\" class=\"aligncenter wp-image-403811 size-full\" title=\"Safe Modafinil Drugs - BuyModafinilOnline\" src=\"https:\/\/buymodafinilonline.com\/wp-content\/uploads\/2020\/04\/safe-modafinil-drugs.png\" alt=\"Safe Modafinil Drugs\" width=\"1000\" height=\"667\" srcset=\"https:\/\/buymodafinilonline.com\/wp-content\/uploads\/2020\/04\/safe-modafinil-drugs.png 1000w, https:\/\/buymodafinilonline.com\/wp-content\/uploads\/2020\/04\/safe-modafinil-drugs-300x200.png 300w, https:\/\/buymodafinilonline.com\/wp-content\/uploads\/2020\/04\/safe-modafinil-drugs-150x100.png 150w, https:\/\/buymodafinilonline.com\/wp-content\/uploads\/2020\/04\/safe-modafinil-drugs-800x534.png 800w, https:\/\/buymodafinilonline.com\/wp-content\/uploads\/2020\/04\/safe-modafinil-drugs-768x512.png 768w\" sizes=\"(max-width: 1000px) 100vw, 1000px\" \/><\/p>\n<p>Bei richtiger Einnahme (in den richtigen Dosierungen) ist Modafinil v\u00f6llig sicher. Es kann jedoch wie bei jedem anderen derzeit existierenden Medikament mit einer Reihe von Nebenwirkungen wie Kopfschmerzen, Schwindel, \u00dcbelkeit und in einigen F\u00e4llen auch Angstzust\u00e4nden einhergehen <a href=\"https:\/\/www.alzdiscovery.org\/cognitive-vitality\/ratings\/modafinil\">[3]<\/a>.<\/p>\n<p>Ebenso kann es sein, dass Modafinil nicht das Richtige f\u00fcr Sie ist, insbesondere wenn Sie an einer Grunderkrankung leiden oder bestimmte Medikamente einnehmen. Daher ist es sehr ratsam, vor dem Kauf oder der Einnahme einen Arzt zu konsultieren.<\/p>\n<h2>Was ist bei der Einnahme zu erwarten?<\/h2>\n<p>Wenn Sie die Einnahme von Modafinil in Betracht ziehen, k\u00f6nnen Sie einige Wirkungen erwarten. Zu Beginn werden Sie verst\u00e4rkte kognitive Funktionen erleben. Sie werden nicht nur wacher sein, sondern auch das Gef\u00fchl haben, dass Sie schon kurz nach der Einnahme einer Pille die Welt erobern k\u00f6nnen. Tats\u00e4chlich kann man mit Sicherheit sagen, dass Modafinil die Anwender bei der Arbeit oder beim Lernen in effiziente &#8220;Maschinen&#8221; verwandeln kann. Es steigert die Produktivit\u00e4t und Effizienz um einen bedeutenden Prozentsatz und erm\u00f6glicht es den Anwendern, in weniger Stunden mehr zu erreichen.<\/p>\n<p>Man sollte auch nicht vergessen, dass dieses intelligente Medikament auch die Wachheit verbessert. Sie m\u00fcssen sich also keine Sorgen mehr \u00fcber ein eventuelles Einschlafen w\u00e4hrend der Arbeitszeit machen.<\/p>\n<p>W\u00e4hrend Sie sich auf diese positiven Effekte von Modafinil freuen k\u00f6nnen, sollten Sie dennoch mit einigen Schattenseiten rechnen. In einigen F\u00e4llen kann Modafinil bei den Anwendern Nebenwirkungen verursachen, die leicht bis schwerwiegend sein k\u00f6nnen.<\/p>\n<h2>Wo kauft man gepr\u00fcftes Modafinil online ohne Rezept?<\/h2>\n<p>Der Kauf von Modafinil in den Apotheken vor Ort kann ganz einfach sein \u2013 wenn Sie ein \u00e4rztliches Rezept vorweisen k\u00f6nnen. Allerdings haben viele Anwender in der Regel kein Rezept f\u00fcr dieses intelligente Medikament und sie kommen nicht weiter. Aber das ist Vergangenheit. Heutzutage k\u00f6nnen Sie Modafinil ganz unkompliziert von Online-Apotheken kaufen, auch wenn Sie kein Rezept haben.<\/p>\n<p>Obwohl Online-Apotheken es f\u00fcr Nutzer erleichtern, Modafinil und andere verschreibungspflichtige Medikamente ohne ein Rezept zu kaufen, kann es schwierig sein, eine vertrauensw\u00fcrdige Apotheke zu finden. Gl\u00fccklicherweise sind wir genau die richtige f\u00fcr Sie.<\/p>\n<p>Wenn Sie sich gefragt haben, wie Sie echtes, gepr\u00fcftes Modafinil online bekommen k\u00f6nnen, sind Sie bei uns an der richtigen Stelle. Wir bei <a href=\"https:\/\/buymodafinilonline.com\/de\/\">BuyModafinilOnline <\/a>bieten nur echte Medikamente von den richtigen Quellen <a href=\"https:\/\/buymodafinilonline.com\/smart-drugs\/modalert-200-mg-tablets\/\">(Modalert<\/a>, <a href=\"https:\/\/buymodafinilonline.com\/smart-drugs\/modawake-200-mg-tablets\/\">Modawake<\/a>, <a href=\"https:\/\/buymodafinilonline.com\/smart-drugs\/modaheal-200-mg-tablets\/\">Modaheal<\/a>, <a href=\"https:\/\/buymodafinilonline.com\/smart-drugs\/modafil-md-200-mg-tablets\/\">Modafil MD<\/a>, <a href=\"https:\/\/buymodafinilonline.com\/de\/smarte-medikamente\/modafresh-200-mg-tabletten\/\">Modafresh<\/a> etc.). Dar\u00fcber hinaus verkaufen wir diese Medikamente zu wirklich erschwinglichen Preisen, was unseren Kunden einen Kauf erm\u00f6glicht, ohne gleich ihr Budget zu sprengen.<\/p>\n<p>Wenn Sie diese Pillen bei uns einkaufen, k\u00f6nnen Sie von <a href=\"https:\/\/buymodafinilonline.com\/de\/mit-bitcoin-zahlen-33-rabatt-erhalten\/\">erstaunlichen Rabatten<\/a> neben einem schnellen Versand profitieren. Sie m\u00fcssen lediglich eine Bestellung aufgeben und wir sind sofort f\u00fcr Sie da.<\/p>\n","protected":false},"excerpt":{"rendered":"<p>Welchen Prozentsatz unseres Gehirns nutzen wir eigentlich? Viele von uns glauben, dass Menschen in der Regel nur 10% ihres Gehirns nutzen. Aber ist diese Auffassung wirklich wahr? Experten haben diesen Mythos entlarvt und darauf hingewiesen, dass der Prozentsatz des Gehirns, der zu einem bestimmten Zeitpunkt genutzt wird, von Person zu Person variiert [1]. Ungeachtet der [&hellip;]<\/p>\n","protected":false},"author":1,"featured_media":0,"parent":0,"menu_order":0,"comment_status":"closed","ping_status":"closed","template":"","meta":{"_acf_changed":false,"footnotes":""},"class_list":["post-403801","page","type-page","status-publish","hentry"],"acf":[],"yoast_head":"<!-- This site is optimized with the Yoast SEO Premium plugin v23.6 (Yoast SEO v27.4) - https:\/\/yoast.com\/product\/yoast-seo-premium-wordpress\/ -->\n<title>NZT-48 aus Ohne Limit und sein echtes zertifiziertes Medikament - BuyModafinilOnline<\/title>\n<meta name=\"description\" content=\"Existiert die NZT-48-Pille f\u00fcr Intellektverbesserung aus Ohne Limit tats\u00e4chlich? Was ist das am \u00e4hnlichsten wirkende Nootropkum im realen Leben? Erfahren Sie mehr \u00fcber NZT 48 und smarte Modafinil-Medikamente bei BuyModafinilOnline.\" \/>\n<meta name=\"robots\" content=\"index, follow, max-snippet:-1, max-image-preview:large, max-video-preview:-1\" \/>\n<link rel=\"canonical\" href=\"https:\/\/buymodafinilonline.com\/de\/nzt-48-modafinil-die-pille-aus-ohne-limit-im-wirklichen-leben\/\" \/>\n<meta property=\"og:locale\" content=\"de_DE\" \/>\n<meta property=\"og:type\" content=\"article\" \/>\n<meta property=\"og:title\" content=\"NZT-48 (Modafinil) - die Pille aus Ohne Limit im wirklichen Leben\" \/>\n<meta property=\"og:description\" content=\"Existiert die NZT-48-Pille f\u00fcr Intellektverbesserung aus Ohne Limit tats\u00e4chlich? Was ist das am \u00e4hnlichsten wirkende Nootropkum im realen Leben? Erfahren Sie mehr \u00fcber NZT 48 und smarte Modafinil-Medikamente bei BuyModafinilOnline.\" \/>\n<meta property=\"og:url\" content=\"https:\/\/buymodafinilonline.com\/de\/nzt-48-modafinil-die-pille-aus-ohne-limit-im-wirklichen-leben\/\" \/>\n<meta property=\"og:site_name\" content=\"BuyModafinilOnline.com\" \/>\n<meta property=\"article:modified_time\" content=\"2020-12-24T10:25:57+00:00\" \/>\n<meta property=\"og:image\" content=\"https:\/\/buymodafinilonline.com\/wp-content\/uploads\/2020\/04\/bmo-featured-limitless.png\" \/>\n<meta name=\"twitter:label1\" content=\"Gesch\u00e4tzte Lesezeit\" \/>\n\t<meta name=\"twitter:data1\" content=\"7\u00a0Minuten\" \/>\n<script type=\"application\/ld+json\" class=\"yoast-schema-graph\">{\"@context\":\"https:\\\/\\\/schema.org\",\"@graph\":[{\"@type\":\"WebPage\",\"@id\":\"https:\\\/\\\/buymodafinilonline.com\\\/de\\\/nzt-48-modafinil-die-pille-aus-ohne-limit-im-wirklichen-leben\\\/\",\"url\":\"https:\\\/\\\/buymodafinilonline.com\\\/de\\\/nzt-48-modafinil-die-pille-aus-ohne-limit-im-wirklichen-leben\\\/\",\"name\":\"NZT-48 aus Ohne Limit und sein echtes zertifiziertes Medikament - BuyModafinilOnline\",\"isPartOf\":{\"@id\":\"https:\\\/\\\/buymodafinilonline.com\\\/de\\\/#website\"},\"primaryImageOfPage\":{\"@id\":\"https:\\\/\\\/buymodafinilonline.com\\\/de\\\/nzt-48-modafinil-die-pille-aus-ohne-limit-im-wirklichen-leben\\\/#primaryimage\"},\"image\":{\"@id\":\"https:\\\/\\\/buymodafinilonline.com\\\/de\\\/nzt-48-modafinil-die-pille-aus-ohne-limit-im-wirklichen-leben\\\/#primaryimage\"},\"thumbnailUrl\":\"https:\\\/\\\/buymodafinilonline.com\\\/wp-content\\\/uploads\\\/2020\\\/04\\\/bmo-featured-limitless.png\",\"datePublished\":\"2020-05-21T13:24:25+00:00\",\"dateModified\":\"2020-12-24T10:25:57+00:00\",\"description\":\"Existiert die NZT-48-Pille f\u00fcr Intellektverbesserung aus Ohne Limit tats\u00e4chlich? Was ist das am \u00e4hnlichsten wirkende Nootropkum im realen Leben? Erfahren Sie mehr \u00fcber NZT 48 und smarte Modafinil-Medikamente bei BuyModafinilOnline.\",\"breadcrumb\":{\"@id\":\"https:\\\/\\\/buymodafinilonline.com\\\/de\\\/nzt-48-modafinil-die-pille-aus-ohne-limit-im-wirklichen-leben\\\/#breadcrumb\"},\"inLanguage\":\"de\",\"potentialAction\":[{\"@type\":\"ReadAction\",\"target\":[\"https:\\\/\\\/buymodafinilonline.com\\\/de\\\/nzt-48-modafinil-die-pille-aus-ohne-limit-im-wirklichen-leben\\\/\"]}]},{\"@type\":\"ImageObject\",\"inLanguage\":\"de\",\"@id\":\"https:\\\/\\\/buymodafinilonline.com\\\/de\\\/nzt-48-modafinil-die-pille-aus-ohne-limit-im-wirklichen-leben\\\/#primaryimage\",\"url\":\"https:\\\/\\\/buymodafinilonline.com\\\/wp-content\\\/uploads\\\/2020\\\/04\\\/bmo-featured-limitless.png\",\"contentUrl\":\"https:\\\/\\\/buymodafinilonline.com\\\/wp-content\\\/uploads\\\/2020\\\/04\\\/bmo-featured-limitless.png\"},{\"@type\":\"BreadcrumbList\",\"@id\":\"https:\\\/\\\/buymodafinilonline.com\\\/de\\\/nzt-48-modafinil-die-pille-aus-ohne-limit-im-wirklichen-leben\\\/#breadcrumb\",\"itemListElement\":[{\"@type\":\"ListItem\",\"position\":1,\"name\":\"Buy Modafinil Online\",\"item\":\"https:\\\/\\\/buymodafinilonline.com\\\/de\\\/\"},{\"@type\":\"ListItem\",\"position\":2,\"name\":\"NZT-48 (Modafinil) &#8211; die Pille aus Ohne Limit im wirklichen Leben\"}]},{\"@type\":\"WebSite\",\"@id\":\"https:\\\/\\\/buymodafinilonline.com\\\/de\\\/#website\",\"url\":\"https:\\\/\\\/buymodafinilonline.com\\\/de\\\/\",\"name\":\"BuyModafinilOnline.com\",\"description\":\"Modafinil Online Pharmacy\",\"publisher\":{\"@id\":\"https:\\\/\\\/buymodafinilonline.com\\\/de\\\/#organization\"},\"potentialAction\":[{\"@type\":\"SearchAction\",\"target\":{\"@type\":\"EntryPoint\",\"urlTemplate\":\"https:\\\/\\\/buymodafinilonline.com\\\/de\\\/?s={search_term_string}\"},\"query-input\":{\"@type\":\"PropertyValueSpecification\",\"valueRequired\":true,\"valueName\":\"search_term_string\"}}],\"inLanguage\":\"de\"},{\"@type\":\"Organization\",\"@id\":\"https:\\\/\\\/buymodafinilonline.com\\\/de\\\/#organization\",\"name\":\"BuyModafinilOnline\",\"url\":\"https:\\\/\\\/buymodafinilonline.com\\\/de\\\/\",\"logo\":{\"@type\":\"ImageObject\",\"inLanguage\":\"de\",\"@id\":\"https:\\\/\\\/buymodafinilonline.com\\\/de\\\/#\\\/schema\\\/logo\\\/image\\\/\",\"url\":\"https:\\\/\\\/buymodafinilonline.com\\\/wp-content\\\/uploads\\\/2020\\\/04\\\/logo-buy-modafinil-online-yellow.png\",\"contentUrl\":\"https:\\\/\\\/buymodafinilonline.com\\\/wp-content\\\/uploads\\\/2020\\\/04\\\/logo-buy-modafinil-online-yellow.png\",\"width\":200,\"height\":200,\"caption\":\"BuyModafinilOnline\"},\"image\":{\"@id\":\"https:\\\/\\\/buymodafinilonline.com\\\/de\\\/#\\\/schema\\\/logo\\\/image\\\/\"}}]}<\/script>\n<!-- \/ Yoast SEO Premium plugin. -->","yoast_head_json":{"title":"NZT-48 aus Ohne Limit und sein echtes zertifiziertes Medikament - BuyModafinilOnline","description":"Existiert die NZT-48-Pille f\u00fcr Intellektverbesserung aus Ohne Limit tats\u00e4chlich? Was ist das am \u00e4hnlichsten wirkende Nootropkum im realen Leben? Erfahren Sie mehr \u00fcber NZT 48 und smarte Modafinil-Medikamente bei BuyModafinilOnline.","robots":{"index":"index","follow":"follow","max-snippet":"max-snippet:-1","max-image-preview":"max-image-preview:large","max-video-preview":"max-video-preview:-1"},"canonical":"https:\/\/buymodafinilonline.com\/de\/nzt-48-modafinil-die-pille-aus-ohne-limit-im-wirklichen-leben\/","og_locale":"de_DE","og_type":"article","og_title":"NZT-48 (Modafinil) - die Pille aus Ohne Limit im wirklichen Leben","og_description":"Existiert die NZT-48-Pille f\u00fcr Intellektverbesserung aus Ohne Limit tats\u00e4chlich? Was ist das am \u00e4hnlichsten wirkende Nootropkum im realen Leben? Erfahren Sie mehr \u00fcber NZT 48 und smarte Modafinil-Medikamente bei BuyModafinilOnline.","og_url":"https:\/\/buymodafinilonline.com\/de\/nzt-48-modafinil-die-pille-aus-ohne-limit-im-wirklichen-leben\/","og_site_name":"BuyModafinilOnline.com","article_modified_time":"2020-12-24T10:25:57+00:00","og_image":[{"url":"https:\/\/buymodafinilonline.com\/wp-content\/uploads\/2020\/04\/bmo-featured-limitless.png","type":"","width":"","height":""}],"twitter_misc":{"Gesch\u00e4tzte Lesezeit":"7\u00a0Minuten"},"schema":{"@context":"https:\/\/schema.org","@graph":[{"@type":"WebPage","@id":"https:\/\/buymodafinilonline.com\/de\/nzt-48-modafinil-die-pille-aus-ohne-limit-im-wirklichen-leben\/","url":"https:\/\/buymodafinilonline.com\/de\/nzt-48-modafinil-die-pille-aus-ohne-limit-im-wirklichen-leben\/","name":"NZT-48 aus Ohne Limit und sein echtes zertifiziertes Medikament - BuyModafinilOnline","isPartOf":{"@id":"https:\/\/buymodafinilonline.com\/de\/#website"},"primaryImageOfPage":{"@id":"https:\/\/buymodafinilonline.com\/de\/nzt-48-modafinil-die-pille-aus-ohne-limit-im-wirklichen-leben\/#primaryimage"},"image":{"@id":"https:\/\/buymodafinilonline.com\/de\/nzt-48-modafinil-die-pille-aus-ohne-limit-im-wirklichen-leben\/#primaryimage"},"thumbnailUrl":"https:\/\/buymodafinilonline.com\/wp-content\/uploads\/2020\/04\/bmo-featured-limitless.png","datePublished":"2020-05-21T13:24:25+00:00","dateModified":"2020-12-24T10:25:57+00:00","description":"Existiert die NZT-48-Pille f\u00fcr Intellektverbesserung aus Ohne Limit tats\u00e4chlich? Was ist das am \u00e4hnlichsten wirkende Nootropkum im realen Leben? Erfahren Sie mehr \u00fcber NZT 48 und smarte Modafinil-Medikamente bei BuyModafinilOnline.","breadcrumb":{"@id":"https:\/\/buymodafinilonline.com\/de\/nzt-48-modafinil-die-pille-aus-ohne-limit-im-wirklichen-leben\/#breadcrumb"},"inLanguage":"de","potentialAction":[{"@type":"ReadAction","target":["https:\/\/buymodafinilonline.com\/de\/nzt-48-modafinil-die-pille-aus-ohne-limit-im-wirklichen-leben\/"]}]},{"@type":"ImageObject","inLanguage":"de","@id":"https:\/\/buymodafinilonline.com\/de\/nzt-48-modafinil-die-pille-aus-ohne-limit-im-wirklichen-leben\/#primaryimage","url":"https:\/\/buymodafinilonline.com\/wp-content\/uploads\/2020\/04\/bmo-featured-limitless.png","contentUrl":"https:\/\/buymodafinilonline.com\/wp-content\/uploads\/2020\/04\/bmo-featured-limitless.png"},{"@type":"BreadcrumbList","@id":"https:\/\/buymodafinilonline.com\/de\/nzt-48-modafinil-die-pille-aus-ohne-limit-im-wirklichen-leben\/#breadcrumb","itemListElement":[{"@type":"ListItem","position":1,"name":"Buy Modafinil Online","item":"https:\/\/buymodafinilonline.com\/de\/"},{"@type":"ListItem","position":2,"name":"NZT-48 (Modafinil) &#8211; die Pille aus Ohne Limit im wirklichen Leben"}]},{"@type":"WebSite","@id":"https:\/\/buymodafinilonline.com\/de\/#website","url":"https:\/\/buymodafinilonline.com\/de\/","name":"BuyModafinilOnline.com","description":"Modafinil Online Pharmacy","publisher":{"@id":"https:\/\/buymodafinilonline.com\/de\/#organization"},"potentialAction":[{"@type":"SearchAction","target":{"@type":"EntryPoint","urlTemplate":"https:\/\/buymodafinilonline.com\/de\/?s={search_term_string}"},"query-input":{"@type":"PropertyValueSpecification","valueRequired":true,"valueName":"search_term_string"}}],"inLanguage":"de"},{"@type":"Organization","@id":"https:\/\/buymodafinilonline.com\/de\/#organization","name":"BuyModafinilOnline","url":"https:\/\/buymodafinilonline.com\/de\/","logo":{"@type":"ImageObject","inLanguage":"de","@id":"https:\/\/buymodafinilonline.com\/de\/#\/schema\/logo\/image\/","url":"https:\/\/buymodafinilonline.com\/wp-content\/uploads\/2020\/04\/logo-buy-modafinil-online-yellow.png","contentUrl":"https:\/\/buymodafinilonline.com\/wp-content\/uploads\/2020\/04\/logo-buy-modafinil-online-yellow.png","width":200,"height":200,"caption":"BuyModafinilOnline"},"image":{"@id":"https:\/\/buymodafinilonline.com\/de\/#\/schema\/logo\/image\/"}}]}},"_links":{"self":[{"href":"https:\/\/buymodafinilonline.com\/de\/wp-json\/wp\/v2\/pages\/403801","targetHints":{"allow":["GET"]}}],"collection":[{"href":"https:\/\/buymodafinilonline.com\/de\/wp-json\/wp\/v2\/pages"}],"about":[{"href":"https:\/\/buymodafinilonline.com\/de\/wp-json\/wp\/v2\/types\/page"}],"author":[{"embeddable":true,"href":"https:\/\/buymodafinilonline.com\/de\/wp-json\/wp\/v2\/users\/1"}],"replies":[{"embeddable":true,"href":"https:\/\/buymodafinilonline.com\/de\/wp-json\/wp\/v2\/comments?post=403801"}],"version-history":[{"count":1,"href":"https:\/\/buymodafinilonline.com\/de\/wp-json\/wp\/v2\/pages\/403801\/revisions"}],"predecessor-version":[{"id":411943,"href":"https:\/\/buymodafinilonline.com\/de\/wp-json\/wp\/v2\/pages\/403801\/revisions\/411943"}],"wp:attachment":[{"href":"https:\/\/buymodafinilonline.com\/de\/wp-json\/wp\/v2\/media?parent=403801"}],"curies":[{"name":"wp","href":"https:\/\/api.w.org\/{rel}","templated":true}]}}