{"id":399539,"date":"2020-03-23T19:42:04","date_gmt":"2020-03-23T18:42:04","guid":{"rendered":"https:\/\/buymodafinilonline.com\/smart-drugs\/modvigil-200-mg\/"},"modified":"2026-03-08T10:10:44","modified_gmt":"2026-03-08T09:10:44","slug":"modvigil-200-mg","status":"publish","type":"product","link":"https:\/\/buymodafinilonline.com\/de\/smarte-medikamente\/modvigil-200-mg\/","title":{"rendered":"Modvigil 200 mg"},"content":{"rendered":"[vc_column width=&#8221;1\/2&#8243;]\n<div class=\"su-divider su-divider-style-default\" style=\"margin:10px 0;border-width:3px;border-color:#ffffff00\"><a href=\"#\" style=\"color:#ffffff009\">.<\/a><\/div>\n<h2>Was ist Modvigil 200mg?<\/h2>\n<div class=\"su-divider su-divider-style-default\" style=\"margin:10px 0;border-width:3px;border-color:#ffffff00\"><a href=\"#\" style=\"color:#ffffff009\">.<\/a><\/div>\nEinfach ausgedr\u00fcckt, ist Modvigil eine generische Form von Modafinil, hergestellt von HAB Pharmaceuticals. Es wird haupts\u00e4chlich zur F\u00f6rderung von Wachsamkeit und Aufmerksamkeit bei Patienten eingesetzt, die unter Tagesm\u00fcdigkeit leiden. <\/p>\n<p>Narkoleptische Patienten oder Menschen, die an obstruktiver Schlafapnoe und Schichtarbeit leiden, haben in der Regel Schwierigkeiten, wach zu bleiben. Gl\u00fccklicherweise kann diese Pille ihnen helfen, ihre Wachsamkeit zu verbessern und sowohl k\u00f6rperlich als auch geistig wach zu bleiben. Ebenso verwenden viele Studenten Modvigil, um ihre Lerngewohnheiten und kognitiven Leistungen zu verbessern.  <\/p>\n<p>Im Laufe der Jahre ist die Popularit\u00e4t von Modvigil aufgrund seiner Effizienz bei der Verbesserung der Wachsamkeit stark gestiegen. Es ist jedoch immer ratsam, vor der Einnahme dieses Arzneimittels Ihren Arzt zu konsultieren. <\/p>\n<div class=\"su-divider su-divider-style-default\" style=\"margin:10px 0;border-width:3px;border-color:#ffffff00\"><a href=\"#\" style=\"color:#ffffff009\">.<\/a><\/div>\n<h2>Wie wirken diese Pillen?<\/h2>\n<div class=\"su-divider su-divider-style-default\" style=\"margin:10px 0;border-width:3px;border-color:#ffffff00\"><a href=\"#\" style=\"color:#ffffff009\">.<\/a><\/div>\nWie bei vielen anderen Smart Drugs ist der Wirkmechanismus von Modvigil recht vage und unklar. Viele Experten sind jedoch der Meinung, dass der Wirkstoff Modafinil den Dopaminspiegel im Gehirn erh\u00f6ht, indem er die Wiederaufnahme des Dopamins in den Nerv reduziert. Es wird angenommen, dass Dopamin mit der Motivation, den Schlaf-Wach-Zyklen des K\u00f6rpers und der menschlichen F\u00e4higkeit, sich zu konzentrieren, in Verbindung steht. Im Wesentlichen f\u00f6rdert Modvigil also Wachsamkeit und Vigilanz, indem es die entsprechenden Bereiche im Gehirn stimuliert.   <\/p>\n<div class=\"su-divider su-divider-style-default\" style=\"margin:10px 0;border-width:3px;border-color:#ffffff00\"><a href=\"#\" style=\"color:#ffffff009\">.<\/a><\/div>\n<h2>Sichere Dosierung und richtige Anwendung<\/h2>\n<div class=\"su-divider su-divider-style-default\" style=\"margin:10px 0;border-width:3px;border-color:#ffffff00\"><a href=\"#\" style=\"color:#ffffff009\">.<\/a><\/div>\nDie Dosierung von Modvigil richtet sich nach dem Gesundheitszustand des Anwenders und dessen Ansprechen auf die Behandlung. Die allgemein empfohlene Dosierung betr\u00e4gt jedoch 200 mg, die einmal t\u00e4glich eingenommen werden sollten. Wenn der Patient narkoleptisch ist, sollte das Medikament morgens eingenommen werden. Bei der Behandlung von Schlafst\u00f6rungen durch Schichtarbeit sollte es jedoch eine Stunde vor Arbeitsbeginn eingenommen werden. Nehmen Sie nicht mehrere Tabletten an einem Tag ein.    <\/p>\n<p>Modvigil 200 mg sollte oral mit einem Glas Wasser eingenommen werden. Je nach Vorliebe kann es mit oder ohne Nahrung eingenommen werden. <\/p>\n<p>Es wird dringend empfohlen, Ihren Arzt zu konsultieren, bevor Sie Modvigil einnehmen, um Ihre Gesundheit zu \u00fcberpr\u00fcfen und sicherzustellen, dass es f\u00fcr Sie sicher ist.<\/p>\n<div class=\"su-divider su-divider-style-default\" style=\"margin:10px 0;border-width:3px;border-color:#ffffff00\"><a href=\"#\" style=\"color:#ffffff009\">.<\/a><\/div>\n<h2>M\u00f6gliche Nebenwirkungen<\/h2>\n<div class=\"su-divider su-divider-style-default\" style=\"margin:10px 0;border-width:3px;border-color:#ffffff00\"><a href=\"#\" style=\"color:#ffffff009\">.<\/a><\/div>\nBei der Einnahme von Modvigil 200mg (oder Nootropika im Allgemeinen) ist es wichtig, auf Nebenwirkungen zu achten. Modvigil kann allgemeine Nebenwirkungen hervorrufen, wie zum Beispiel: <\/p>\n<div class=\"su-divider su-divider-style-default\" style=\"margin:10px 0;border-width:3px;border-color:#ffffff00\"><a href=\"#\" style=\"color:#ffffff009\">.<\/a><\/div>\n<ul>\n<li>Angst;<\/li>\n<li>Nervosit\u00e4t;<\/li>\n<li>Kopfschmerzen;<\/li>\n<li>\u00dcbelkeit.<\/li>\n<\/ul>\n<div class=\"su-divider su-divider-style-default\" style=\"margin:10px 0;border-width:3px;border-color:#ffffff00\"><a href=\"#\" style=\"color:#ffffff009\">.<\/a><\/div>\nDiese Nebenwirkungen sind jedoch ganz normal und stellen in der Regel keinen Grund zur Sorge dar. In seltenen F\u00e4llen k\u00f6nnen andere Nebenwirkungen auftreten, wie z. B.: <\/p>\n<div class=\"su-divider su-divider-style-default\" style=\"margin:10px 0;border-width:3px;border-color:#ffffff00\"><a href=\"#\" style=\"color:#ffffff009\">.<\/a><\/div>\n<ul>\n<li>trockener Mund;<\/li>\n<li>Diarrh\u00f6e;<\/li>\n<li>Verstopfung;<\/li>\n<li>Erbrechen;<\/li>\n<li>Aufsto\u00dfen, etc.<\/li>\n<\/ul>\n<div class=\"su-divider su-divider-style-default\" style=\"margin:10px 0;border-width:3px;border-color:#ffffff00\"><a href=\"#\" style=\"color:#ffffff009\">.<\/a><\/div>\nWenn Sie schwerwiegende, lang anhaltende Nebenwirkungen versp\u00fcren, sollten Sie nicht z\u00f6gern, sofort einen Arzt zu kontaktieren. In einigen F\u00e4llen kann Modvigil 200 mg auch Schwindel verursachen. Daher wird Personen, die es einnehmen, davon abgeraten, Auto zu fahren oder Maschinen zu bedienen, bis sie wissen, wie sie auf Modvigil reagieren.<\/p>\n[\/vc_column][vc_column width=&#8221;1\/2&#8243;]\n<div class=\"su-divider su-divider-style-default\" style=\"margin:10px 0;border-width:3px;border-color:#ffffff00\"><a href=\"#\" style=\"color:#ffffff009\">.<\/a><\/div>\n<h2>Gegenanzeigen und Vorsichtsma\u00dfnahmen<\/h2>\n<div class=\"su-divider su-divider-style-default\" style=\"margin:10px 0;border-width:3px;border-color:#ffffff00\"><a href=\"#\" style=\"color:#ffffff009\">.<\/a><\/div>\nBei der Einnahme von Nootropika oder anderen Medikamenten ist es wichtig, Wechselwirkungen mit anderen Medikamenten zu vermeiden. Sie k\u00f6nnen die Wirksamkeit des Arzneimittels verringern oder das Risiko von Nebenwirkungen erh\u00f6hen. Modvigil 200mg interagiert mit mehreren Medikamenten, darunter:  <\/p>\n<div class=\"su-divider su-divider-style-default\" style=\"margin:10px 0;border-width:3px;border-color:#ffffff00\"><a href=\"#\" style=\"color:#ffffff009\">.<\/a><\/div>\n<ul>\n<li>Erythromycin oder Ketoconazol. Die Einnahme von Modvigil mit Erythromycin oder Ketoconazol kann das Risiko von Nebenwirkungen erh\u00f6hen; <\/li>\n<li>Rifampin oder Carbamazepin. Diese Arzneimittel k\u00f6nnen die Wirksamkeit von Modvigil 200 mg vermindern, wenn sie gleichzeitig mit diesem Arzneimittel eingenommen werden; <\/li>\n<li>Clomipramin. Experten zufolge k\u00f6nnen Medikamente wie Clomipramin oder Desipramin bei gleichzeitiger Einnahme von Modvigil vermehrt Nebenwirkungen haben; <\/li>\n<li>Hormonelle Produkte. Die Wirksamkeit von Hormonpr\u00e4paraten wie der Antibabypille kann bei gleichzeitiger Einnahme von Modvigil vermindert sein. <\/li>\n<\/ul>\n<div class=\"su-divider su-divider-style-default\" style=\"margin:10px 0;border-width:3px;border-color:#ffffff00\"><a href=\"#\" style=\"color:#ffffff009\">.<\/a><\/div>\nAbgesehen von den oben genannten Drogen wird den Anwendern von Modvigil ebenfalls geraten, sich von Substanzen wie Alkohol fernzuhalten, wenn sie es verwenden. Dar\u00fcber hinaus kann dieses Medikament mit bestimmten Lebensmitteln und der Zeit, in der Sie es essen, in Wechselwirkung treten. <\/p>\n<p>So k\u00f6nnen zum Beispiel fetthaltige Lebensmittel wie K\u00e4se und Pizza im Verdauungstrakt die Absorptionsrate des Medikaments verlangsamen. Dies kann vermieden werden, indem Modvigil eine Stunde vor dem Verzehr solcher Mahlzeiten oder zwei Stunden nach dem Essen eingenommen wird.<br \/>\n<div class=\"su-divider su-divider-style-default\" style=\"margin:10px 0;border-width:3px;border-color:#ffffff00\"><a href=\"#\" style=\"color:#ffffff009\">.<\/a><\/div>\n<h2>Verbrauchererfahrung<\/h2>\n<div class=\"su-divider su-divider-style-default\" style=\"margin:10px 0;border-width:3px;border-color:#ffffff00\"><a href=\"#\" style=\"color:#ffffff009\">.<\/a><\/div>\nSeit seinem Erscheinen hat Modvigil 200mg die Herzen vieler Anwender erobert, dank seiner Effizienz und der schieren Anzahl an immensen Vorteilen, die es bietet. Nachfolgend sind einige der Vorteile aufgef\u00fchrt, die in Studien und von Verbrauchern best\u00e4tigt wurden: <\/p>\n<div class=\"su-divider su-divider-style-default\" style=\"margin:10px 0;border-width:3px;border-color:#ffffff00\"><a href=\"#\" style=\"color:#ffffff009\">.<\/a><\/div>\n<ul>\n<li>erh\u00f6hte Wachsamkeit;<\/li>\n<li>verbesserte Kognition;<\/li>\n<li>erh\u00f6hte Produktivit\u00e4t.<\/li>\n<\/ul>\n<div class=\"su-divider su-divider-style-default\" style=\"margin:10px 0;border-width:3px;border-color:#ffffff00\"><a href=\"#\" style=\"color:#ffffff009\">.<\/a><\/div>\nDar\u00fcber hinaus zeigen Studien, dass Menschen, die diese Droge verwenden, mehr als zw\u00f6lf Stunden lang einen laser\u00e4hnlichen Fokus genie\u00dfen k\u00f6nnen.<\/p>\n<p>Zusammenfassend l\u00e4sst sich sagen, dass es keine Neuigkeit mehr ist, dass Modvigil 200 mg bei richtiger Anwendung eine ganz neue Ebene der Wachsamkeit und Produktivit\u00e4t bietet.<\/p>\n<div class=\"su-divider su-divider-style-default\" style=\"margin:10px 0;border-width:3px;border-color:#ffffff00\"><a href=\"#\" style=\"color:#ffffff009\">.<\/a><\/div>\n<h2>Generisches Modvigil 200 mg (Modafinil) online kaufen<\/h2>\n<div class=\"su-divider su-divider-style-default\" style=\"margin:10px 0;border-width:3px;border-color:#ffffff00\"><a href=\"#\" style=\"color:#ffffff009\">.<\/a><\/div>\nDer Kauf von Modvigil 200mg in einer Online-Apotheke kann sehr schwierig sein, vor allem wenn Sie sich nicht f\u00fcr die Zuverl\u00e4ssigkeit oder Echtheit der Apotheke verb\u00fcrgen k\u00f6nnen. Zum Gl\u00fcck gibt es einen Anbieter, der all Ihre Vorbehalte gegen\u00fcber Online-Apotheken ausr\u00e4umen kann. <\/p>\n<p>Bei <a href=\"https:\/\/buymodafinilonline.com\/de\/\">BuyModafinilOnline<\/a>, bieten wir echte <a href=\"https:\/\/buymodafinilonline.com\/de\/shop\/\">generische intelligente Drogen<\/a> zum Verkauf zu l\u00e4cherlich niedrigen Preisen. Sie m\u00fcssen nicht mehr die Bank sprengen, nur um Ihren Lieblings-Gehirnfunktionsverst\u00e4rker zu kaufen.<\/p>\n<p>Unsere akzeptierten Zahlungsarten sind flexibel. Sie k\u00f6nnen mit einer Kreditkarte, PayPal oder sogar <a href=\"https:\/\/buymodafinilonline.com\/de\/mit-bitcoin-zahlen-33-rabatt-erhalten\/\">Bitcoin<\/a> (-23% OFF) bezahlen. Wir versenden in k\u00fcrzester Zeit in mehrere L\u00e4nder, darunter auch in die USA.  <\/p>\n<p>Kontaktieren Sie uns einfach und genie\u00dfen Sie echte Medikamente (Artvigil, Modalert, Modafil MD, etc.) mit schneller Lieferung!<\/p>\n[\/vc_column]\n<div class=\"su-divider su-divider-style-default\" style=\"margin:10px 0;border-width:3px;border-color:#ffffff00\"><a href=\"#\" style=\"color:#ffffff009\">.<\/a><\/div>\n","protected":false},"excerpt":{"rendered":"<p>Modvigil ist ein intelligentes Medikament, das speziell f\u00fcr die Behandlung von Patienten entwickelt wurde, die tags\u00fcber unter extremer Schl\u00e4frigkeit leiden. Es wird von einem indischen Pharmaunternehmen mit dem Namen HAB Pharma hergestellt und enth\u00e4lt Modafinil als Wirkstoff. Benutzer, die dieses Medikament erhalten m\u00f6chten, k\u00f6nnen es jetzt von unserer Online-Apotheke zu g\u00fcnstigen Preisen kaufen, ohne \u00c4rger \u00fcberhaupt!  <\/p>\n[sc name=\"s1\"]\n","protected":false},"featured_media":398009,"comment_status":"closed","ping_status":"closed","template":"","meta":{"_acf_changed":false},"product_brand":[],"product_cat":[4231,3786],"product_tag":[4014],"class_list":{"0":"post-399539","1":"product","2":"type-product","3":"status-publish","4":"has-post-thumbnail","6":"product_cat-bestseller","7":"product_cat-smart-drugs-brands","8":"product_tag-modafinil-de","10":"first","11":"instock","12":"sale","13":"featured","14":"shipping-taxable","15":"purchasable","16":"product-type-variable","17":"has-default-attributes"},"acf":[],"yoast_head":"<!-- This site is optimized with the Yoast SEO Premium plugin v23.6 (Yoast SEO v27.3) - https:\/\/yoast.com\/product\/yoast-seo-premium-wordpress\/ -->\n<title>Kaufen Modvigil 200 mg (Modafinil) Tabletten aus Indien - BuyModafinilOnline<\/title>\n<meta name=\"description\" content=\"Bestellen Sie Modvigil online vom Hersteller HAB Pharmaceuticals zu einem g\u00fcnstigen Preis. Generisches Modvigil 200 mg (Modafinil) zu verkaufen bei BuyModafinilOnline pharmacy. Bezahlen Sie mit BTC, PayPal oder Kreditkarten und erhalten Sie gro\u00dfe Rabatte!\" \/>\n<meta name=\"robots\" content=\"index, follow, max-snippet:-1, max-image-preview:large, max-video-preview:-1\" \/>\n<link rel=\"canonical\" href=\"https:\/\/buymodafinilonline.com\/de\/smarte-medikamente\/modvigil-200-mg\/\" \/>\n<meta property=\"og:locale\" content=\"de_DE\" \/>\n<meta property=\"og:type\" content=\"article\" \/>\n<meta property=\"og:title\" content=\"Modvigil 200 mg\" \/>\n<meta property=\"og:description\" content=\"Bestellen Sie Modvigil online vom Hersteller HAB Pharmaceuticals zu einem g\u00fcnstigen Preis. Generisches Modvigil 200 mg (Modafinil) zu verkaufen bei BuyModafinilOnline pharmacy. Bezahlen Sie mit BTC, PayPal oder Kreditkarten und erhalten Sie gro\u00dfe Rabatte!\" \/>\n<meta property=\"og:url\" content=\"https:\/\/buymodafinilonline.com\/de\/smarte-medikamente\/modvigil-200-mg\/\" \/>\n<meta property=\"og:site_name\" content=\"BuyModafinilOnline.com\" \/>\n<meta property=\"article:modified_time\" content=\"2026-03-08T09:10:44+00:00\" \/>\n<meta property=\"og:image\" content=\"https:\/\/buymodafinilonline.com\/wp-content\/uploads\/2020\/04\/product-bmo-Modvigil-2.png\" \/>\n\t<meta property=\"og:image:width\" content=\"1280\" \/>\n\t<meta property=\"og:image:height\" content=\"1500\" \/>\n\t<meta property=\"og:image:type\" content=\"image\/png\" \/>\n<meta name=\"twitter:label1\" content=\"Gesch\u00e4tzte Lesezeit\" \/>\n\t<meta name=\"twitter:data1\" content=\"5\u00a0Minuten\" \/>\n<script type=\"application\/ld+json\" class=\"yoast-schema-graph\">{\"@context\":\"https:\\\/\\\/schema.org\",\"@graph\":[{\"@type\":\"WebPage\",\"@id\":\"https:\\\/\\\/buymodafinilonline.com\\\/de\\\/smarte-medikamente\\\/modvigil-200-mg\\\/\",\"url\":\"https:\\\/\\\/buymodafinilonline.com\\\/de\\\/smarte-medikamente\\\/modvigil-200-mg\\\/\",\"name\":\"Kaufen Modvigil 200 mg (Modafinil) Tabletten aus Indien - BuyModafinilOnline\",\"isPartOf\":{\"@id\":\"https:\\\/\\\/buymodafinilonline.com\\\/de\\\/#website\"},\"primaryImageOfPage\":{\"@id\":\"https:\\\/\\\/buymodafinilonline.com\\\/de\\\/smarte-medikamente\\\/modvigil-200-mg\\\/#primaryimage\"},\"image\":{\"@id\":\"https:\\\/\\\/buymodafinilonline.com\\\/de\\\/smarte-medikamente\\\/modvigil-200-mg\\\/#primaryimage\"},\"thumbnailUrl\":\"https:\\\/\\\/buymodafinilonline.com\\\/wp-content\\\/uploads\\\/2020\\\/04\\\/product-bmo-Modvigil-2.png\",\"datePublished\":\"2020-03-23T18:42:04+00:00\",\"dateModified\":\"2026-03-08T09:10:44+00:00\",\"description\":\"Bestellen Sie Modvigil online vom Hersteller HAB Pharmaceuticals zu einem g\u00fcnstigen Preis. Generisches Modvigil 200 mg (Modafinil) zu verkaufen bei BuyModafinilOnline pharmacy. Bezahlen Sie mit BTC, PayPal oder Kreditkarten und erhalten Sie gro\u00dfe Rabatte!\",\"breadcrumb\":{\"@id\":\"https:\\\/\\\/buymodafinilonline.com\\\/de\\\/smarte-medikamente\\\/modvigil-200-mg\\\/#breadcrumb\"},\"inLanguage\":\"de\",\"potentialAction\":[{\"@type\":\"ReadAction\",\"target\":[\"https:\\\/\\\/buymodafinilonline.com\\\/de\\\/smarte-medikamente\\\/modvigil-200-mg\\\/\"]}]},{\"@type\":\"ImageObject\",\"inLanguage\":\"de\",\"@id\":\"https:\\\/\\\/buymodafinilonline.com\\\/de\\\/smarte-medikamente\\\/modvigil-200-mg\\\/#primaryimage\",\"url\":\"https:\\\/\\\/buymodafinilonline.com\\\/wp-content\\\/uploads\\\/2020\\\/04\\\/product-bmo-Modvigil-2.png\",\"contentUrl\":\"https:\\\/\\\/buymodafinilonline.com\\\/wp-content\\\/uploads\\\/2020\\\/04\\\/product-bmo-Modvigil-2.png\",\"width\":1280,\"height\":1500,\"caption\":\"Modvigil 200 mg\"},{\"@type\":\"BreadcrumbList\",\"@id\":\"https:\\\/\\\/buymodafinilonline.com\\\/de\\\/smarte-medikamente\\\/modvigil-200-mg\\\/#breadcrumb\",\"itemListElement\":[{\"@type\":\"ListItem\",\"position\":1,\"name\":\"Buy Modafinil Online\",\"item\":\"https:\\\/\\\/buymodafinilonline.com\\\/de\\\/\"},{\"@type\":\"ListItem\",\"position\":2,\"name\":\"Shop\",\"item\":\"https:\\\/\\\/buymodafinilonline.com\\\/de\\\/shop-2\\\/\"},{\"@type\":\"ListItem\",\"position\":3,\"name\":\"Bestseller\",\"item\":\"https:\\\/\\\/buymodafinilonline.com\\\/de\\\/produkt-kategorie\\\/bestseller\\\/\"},{\"@type\":\"ListItem\",\"position\":4,\"name\":\"Modvigil 200 mg\"}]},{\"@type\":\"WebSite\",\"@id\":\"https:\\\/\\\/buymodafinilonline.com\\\/de\\\/#website\",\"url\":\"https:\\\/\\\/buymodafinilonline.com\\\/de\\\/\",\"name\":\"BuyModafinilOnline.com\",\"description\":\"Modafinil Online Pharmacy\",\"publisher\":{\"@id\":\"https:\\\/\\\/buymodafinilonline.com\\\/de\\\/#organization\"},\"potentialAction\":[{\"@type\":\"SearchAction\",\"target\":{\"@type\":\"EntryPoint\",\"urlTemplate\":\"https:\\\/\\\/buymodafinilonline.com\\\/de\\\/?s={search_term_string}\"},\"query-input\":{\"@type\":\"PropertyValueSpecification\",\"valueRequired\":true,\"valueName\":\"search_term_string\"}}],\"inLanguage\":\"de\"},{\"@type\":\"Organization\",\"@id\":\"https:\\\/\\\/buymodafinilonline.com\\\/de\\\/#organization\",\"name\":\"BuyModafinilOnline\",\"url\":\"https:\\\/\\\/buymodafinilonline.com\\\/de\\\/\",\"logo\":{\"@type\":\"ImageObject\",\"inLanguage\":\"de\",\"@id\":\"https:\\\/\\\/buymodafinilonline.com\\\/de\\\/#\\\/schema\\\/logo\\\/image\\\/\",\"url\":\"https:\\\/\\\/buymodafinilonline.com\\\/wp-content\\\/uploads\\\/2020\\\/04\\\/logo-buy-modafinil-online-yellow.png\",\"contentUrl\":\"https:\\\/\\\/buymodafinilonline.com\\\/wp-content\\\/uploads\\\/2020\\\/04\\\/logo-buy-modafinil-online-yellow.png\",\"width\":200,\"height\":200,\"caption\":\"BuyModafinilOnline\"},\"image\":{\"@id\":\"https:\\\/\\\/buymodafinilonline.com\\\/de\\\/#\\\/schema\\\/logo\\\/image\\\/\"}}]}<\/script>\n<!-- \/ Yoast SEO Premium plugin. -->","yoast_head_json":{"title":"Kaufen Modvigil 200 mg (Modafinil) Tabletten aus Indien - BuyModafinilOnline","description":"Bestellen Sie Modvigil online vom Hersteller HAB Pharmaceuticals zu einem g\u00fcnstigen Preis. Generisches Modvigil 200 mg (Modafinil) zu verkaufen bei BuyModafinilOnline pharmacy. Bezahlen Sie mit BTC, PayPal oder Kreditkarten und erhalten Sie gro\u00dfe Rabatte!","robots":{"index":"index","follow":"follow","max-snippet":"max-snippet:-1","max-image-preview":"max-image-preview:large","max-video-preview":"max-video-preview:-1"},"canonical":"https:\/\/buymodafinilonline.com\/de\/smarte-medikamente\/modvigil-200-mg\/","og_locale":"de_DE","og_type":"article","og_title":"Modvigil 200 mg","og_description":"Bestellen Sie Modvigil online vom Hersteller HAB Pharmaceuticals zu einem g\u00fcnstigen Preis. Generisches Modvigil 200 mg (Modafinil) zu verkaufen bei BuyModafinilOnline pharmacy. Bezahlen Sie mit BTC, PayPal oder Kreditkarten und erhalten Sie gro\u00dfe Rabatte!","og_url":"https:\/\/buymodafinilonline.com\/de\/smarte-medikamente\/modvigil-200-mg\/","og_site_name":"BuyModafinilOnline.com","article_modified_time":"2026-03-08T09:10:44+00:00","og_image":[{"width":1280,"height":1500,"url":"https:\/\/buymodafinilonline.com\/wp-content\/uploads\/2020\/04\/product-bmo-Modvigil-2.png","type":"image\/png"}],"twitter_misc":{"Gesch\u00e4tzte Lesezeit":"5\u00a0Minuten"},"schema":{"@context":"https:\/\/schema.org","@graph":[{"@type":"WebPage","@id":"https:\/\/buymodafinilonline.com\/de\/smarte-medikamente\/modvigil-200-mg\/","url":"https:\/\/buymodafinilonline.com\/de\/smarte-medikamente\/modvigil-200-mg\/","name":"Kaufen Modvigil 200 mg (Modafinil) Tabletten aus Indien - BuyModafinilOnline","isPartOf":{"@id":"https:\/\/buymodafinilonline.com\/de\/#website"},"primaryImageOfPage":{"@id":"https:\/\/buymodafinilonline.com\/de\/smarte-medikamente\/modvigil-200-mg\/#primaryimage"},"image":{"@id":"https:\/\/buymodafinilonline.com\/de\/smarte-medikamente\/modvigil-200-mg\/#primaryimage"},"thumbnailUrl":"https:\/\/buymodafinilonline.com\/wp-content\/uploads\/2020\/04\/product-bmo-Modvigil-2.png","datePublished":"2020-03-23T18:42:04+00:00","dateModified":"2026-03-08T09:10:44+00:00","description":"Bestellen Sie Modvigil online vom Hersteller HAB Pharmaceuticals zu einem g\u00fcnstigen Preis. Generisches Modvigil 200 mg (Modafinil) zu verkaufen bei BuyModafinilOnline pharmacy. Bezahlen Sie mit BTC, PayPal oder Kreditkarten und erhalten Sie gro\u00dfe Rabatte!","breadcrumb":{"@id":"https:\/\/buymodafinilonline.com\/de\/smarte-medikamente\/modvigil-200-mg\/#breadcrumb"},"inLanguage":"de","potentialAction":[{"@type":"ReadAction","target":["https:\/\/buymodafinilonline.com\/de\/smarte-medikamente\/modvigil-200-mg\/"]}]},{"@type":"ImageObject","inLanguage":"de","@id":"https:\/\/buymodafinilonline.com\/de\/smarte-medikamente\/modvigil-200-mg\/#primaryimage","url":"https:\/\/buymodafinilonline.com\/wp-content\/uploads\/2020\/04\/product-bmo-Modvigil-2.png","contentUrl":"https:\/\/buymodafinilonline.com\/wp-content\/uploads\/2020\/04\/product-bmo-Modvigil-2.png","width":1280,"height":1500,"caption":"Modvigil 200 mg"},{"@type":"BreadcrumbList","@id":"https:\/\/buymodafinilonline.com\/de\/smarte-medikamente\/modvigil-200-mg\/#breadcrumb","itemListElement":[{"@type":"ListItem","position":1,"name":"Buy Modafinil Online","item":"https:\/\/buymodafinilonline.com\/de\/"},{"@type":"ListItem","position":2,"name":"Shop","item":"https:\/\/buymodafinilonline.com\/de\/shop-2\/"},{"@type":"ListItem","position":3,"name":"Bestseller","item":"https:\/\/buymodafinilonline.com\/de\/produkt-kategorie\/bestseller\/"},{"@type":"ListItem","position":4,"name":"Modvigil 200 mg"}]},{"@type":"WebSite","@id":"https:\/\/buymodafinilonline.com\/de\/#website","url":"https:\/\/buymodafinilonline.com\/de\/","name":"BuyModafinilOnline.com","description":"Modafinil Online Pharmacy","publisher":{"@id":"https:\/\/buymodafinilonline.com\/de\/#organization"},"potentialAction":[{"@type":"SearchAction","target":{"@type":"EntryPoint","urlTemplate":"https:\/\/buymodafinilonline.com\/de\/?s={search_term_string}"},"query-input":{"@type":"PropertyValueSpecification","valueRequired":true,"valueName":"search_term_string"}}],"inLanguage":"de"},{"@type":"Organization","@id":"https:\/\/buymodafinilonline.com\/de\/#organization","name":"BuyModafinilOnline","url":"https:\/\/buymodafinilonline.com\/de\/","logo":{"@type":"ImageObject","inLanguage":"de","@id":"https:\/\/buymodafinilonline.com\/de\/#\/schema\/logo\/image\/","url":"https:\/\/buymodafinilonline.com\/wp-content\/uploads\/2020\/04\/logo-buy-modafinil-online-yellow.png","contentUrl":"https:\/\/buymodafinilonline.com\/wp-content\/uploads\/2020\/04\/logo-buy-modafinil-online-yellow.png","width":200,"height":200,"caption":"BuyModafinilOnline"},"image":{"@id":"https:\/\/buymodafinilonline.com\/de\/#\/schema\/logo\/image\/"}}]}},"_links":{"self":[{"href":"https:\/\/buymodafinilonline.com\/de\/wp-json\/wp\/v2\/product\/399539","targetHints":{"allow":["GET"]}}],"collection":[{"href":"https:\/\/buymodafinilonline.com\/de\/wp-json\/wp\/v2\/product"}],"about":[{"href":"https:\/\/buymodafinilonline.com\/de\/wp-json\/wp\/v2\/types\/product"}],"replies":[{"embeddable":true,"href":"https:\/\/buymodafinilonline.com\/de\/wp-json\/wp\/v2\/comments?post=399539"}],"wp:featuredmedia":[{"embeddable":true,"href":"https:\/\/buymodafinilonline.com\/de\/wp-json\/wp\/v2\/media\/398009"}],"wp:attachment":[{"href":"https:\/\/buymodafinilonline.com\/de\/wp-json\/wp\/v2\/media?parent=399539"}],"wp:term":[{"taxonomy":"product_brand","embeddable":true,"href":"https:\/\/buymodafinilonline.com\/de\/wp-json\/wp\/v2\/product_brand?post=399539"},{"taxonomy":"product_cat","embeddable":true,"href":"https:\/\/buymodafinilonline.com\/de\/wp-json\/wp\/v2\/product_cat?post=399539"},{"taxonomy":"product_tag","embeddable":true,"href":"https:\/\/buymodafinilonline.com\/de\/wp-json\/wp\/v2\/product_tag?post=399539"}],"curies":[{"name":"wp","href":"https:\/\/api.w.org\/{rel}","templated":true}]}}