{"id":403894,"date":"2020-03-23T23:19:27","date_gmt":"2020-03-23T22:19:27","guid":{"rendered":"https:\/\/buymodafinilonline.com\/smart-drugs\/kostenlose-modalert-200-mg-modafinil-proben\/"},"modified":"2026-01-28T20:02:49","modified_gmt":"2026-01-28T19:02:49","slug":"kostenlose-modalert-200-mg-modafinil-proben","status":"publish","type":"product","link":"https:\/\/buymodafinilonline.com\/de\/smarte-medikamente\/kostenlose-modalert-200-mg-modafinil-proben\/","title":{"rendered":"Kostenlose Proben von Modalert 200 mg Modafinil"},"content":{"rendered":"[vc_column width=&#8221;1\/2&#8243;]\n<div class=\"su-divider su-divider-style-default\" style=\"margin:10px 0;border-width:3px;border-color:#ffffff00\"><a href=\"#\" style=\"color:#ffffff009\">.<\/a><\/div>\n<h2>Vorteile der Bestellung von Modalert 200mg Modafinil Testmustern<\/h2>\n<div class=\"su-divider su-divider-style-default\" style=\"margin:10px 0;border-width:3px;border-color:#ffffff00\"><a href=\"#\" style=\"color:#ffffff009\">.<\/a><\/div>\nModalert wird zur Behandlung verschiedener schlafbezogener Erkrankungen verschrieben, darunter Narkolepsie, obstruktive Schlafapnoe, \u00fcberm\u00e4\u00dfige Tagesm\u00fcdigkeit, idiopathische Hypersomnie, Schlafst\u00f6rungen bei Schichtarbeit und andere Erkrankungen.<\/p>\n<p>Fach\u00e4rzte k\u00f6nnen dieses Medikament auch f\u00fcr Menschen verschreiben, die unter ADS\/ADHS leiden, da es die Konzentration und den Fokus verbessert und die Wachheit wiederherstellt.<\/p>\n<p>Es gibt noch eine andere Verwendung von Modafinil &#8211; als Off-Label. Es wird verwendet, um die Produktivit\u00e4t bei der Arbeit oder in der Schule zu steigern. Es ist auch ein hochwirksames Mittel, das bei langer, ausdauernder Arbeit (deshalb verwenden es Milit\u00e4rs und Astronauten bei langen Missionen) oder bei der Ausf\u00fchrung sich wiederholender Aufgaben n\u00fctzlich ist.  <\/p>\n<p>Kann Modalert bei Ihnen wirken?<\/p>\n<p>Es ist am besten, zuerst eine Probepackung zu verwenden, um dieses Medikament zu testen. Deshalb geh\u00f6ren kostenlose Probepackungen auf Ihre Liste, bevor Sie sich entscheiden, mehr f\u00fcr eine gro\u00dfe Menge Modalert 200 mg Pillen zu bezahlen. <\/p>\n<div class=\"su-divider su-divider-style-default\" style=\"margin:10px 0;border-width:3px;border-color:#ffffff00\"><a href=\"#\" style=\"color:#ffffff009\">.<\/a><\/div>\n<h2>Wie wirken diese Pillen?<\/h2>\n<div class=\"su-divider su-divider-style-default\" style=\"margin:10px 0;border-width:3px;border-color:#ffffff00\"><a href=\"#\" style=\"color:#ffffff009\">.<\/a><\/div>\nModalert wirkt genau wie das Markenmedikament Provigil, das Modafinil als Wirkstoff enth\u00e4lt. Es wirkt, indem es die Freisetzung einiger Chemikalien im Gehirn stimuliert, die die Wachheit f\u00f6rdern. <\/p>\n<p>Obwohl der genaue Wirkmechanismus noch nicht vollst\u00e4ndig gekl\u00e4rt ist, wei\u00df man, dass es die Menge an Dopamin (ein chemischer Neurotransmitter, den die Hirnnerven zur Kommunikation untereinander nutzen) im K\u00f6rper erh\u00f6ht.<\/p>\n<p>Durch die Hemmung dopaminerger Neuronen steigert Modalert Hypocretin und Dopamin und f\u00f6rdert so das Gef\u00fchl von Wachheit, Wachsamkeit im Gehirn, verbessertes Denken, bessere Stimmung, geistige Sch\u00e4rfe und Verarbeitung, Wahrnehmung, Konzentration, Motivation und Energie.<\/p>\n<div class=\"su-divider su-divider-style-default\" style=\"margin:10px 0;border-width:3px;border-color:#ffffff00\"><a href=\"#\" style=\"color:#ffffff009\">.<\/a><\/div>\n<h2>Sichere Dosierung und richtige Anwendung<\/h2>\n<div class=\"su-divider su-divider-style-default\" style=\"margin:10px 0;border-width:3px;border-color:#ffffff00\"><a href=\"#\" style=\"color:#ffffff009\">.<\/a><\/div>\nDie Empfehlungen eines Facharztes sind eine notwendige Voraussetzung f\u00fcr eine sichere Medikamenteneinnahme. Ihr Facharzt kann Ihnen verschreiben, wie Sie Modalert 200 mg mit den besten Ergebnissen und weniger negativen Auswirkungen einnehmen. <\/p>\n<p>Es ist ratsam, Modafinil-Medikamente zun\u00e4chst mit einer niedrigeren Dosis einzunehmen und diese gegebenenfalls zu erh\u00f6hen (max. 400 mg), bis Sie die richtige Dosisst\u00e4rke mit hoher Wirksamkeit und Vertr\u00e4glichkeit erreichen, die die gew\u00fcnschten Ergebnisse liefert.<\/p>\n<p>Die optimale Tagesdosis betr\u00e4gt 100-200 mg Modafinil.<\/p>\n<p>Der Zeitpunkt f\u00fcr die Einnahme des Medikaments h\u00e4ngt von der Art der zu behandelnden Erkrankung ab. Modalert wird mit einem vollen Glas Wasser und mit Nahrung oder auf n\u00fcchternen Magen eingenommen. Die Wirkung h\u00e4lt in der Regel 6-12 Stunden an, kann aber je nach Gesundheitszustand des Anwenders variieren.  <\/p>\n<div class=\"su-divider su-divider-style-default\" style=\"margin:10px 0;border-width:3px;border-color:#ffffff00\"><a href=\"#\" style=\"color:#ffffff009\">.<\/a><\/div>\n<h2>M\u00f6gliche Nebenwirkungen<\/h2>\n<div class=\"su-divider su-divider-style-default\" style=\"margin:10px 0;border-width:3px;border-color:#ffffff00\"><a href=\"#\" style=\"color:#ffffff009\">.<\/a><\/div>\nModalert ist f\u00fcr Menschen mit einem gesunden K\u00f6rper sicher. Bei manchen Menschen k\u00f6nnen jedoch geringf\u00fcgige Nebenwirkungen auftreten, die bei kontinuierlicher Einnahme des Medikaments abklingen k\u00f6nnen. <\/p>\n<p>H\u00e4ufige negative Auswirkungen von Modalert 200 mg sind Kopfschmerzen, Nervosit\u00e4t, Brustschmerzen, Schlafst\u00f6rungen und Stimmungsschwankungen.<\/p>\n<p>Diese schwerwiegenderen Nebenwirkungen treten selten auf, k\u00f6nnen aber bei einigen Personen auftreten: unregelm\u00e4\u00dfiger Herzschlag, Hautjucken, Erbrechen, Nesselsucht, Hautausschlag.<\/p>\n<p>Dies ist keine vollst\u00e4ndige Liste. Einige negative Auswirkungen k\u00f6nnen schwerwiegend und gesundheitssch\u00e4dlich sein. Wenn Sie merkw\u00fcrdige Anzeichen bemerken, suchen Sie sofort einen Arzt auf. Ein Gespr\u00e4ch mit einem Arzt ist notwendig.<\/p>\n[\/vc_column][vc_column width=&#8221;1\/2&#8243;]\n<div class=\"su-divider su-divider-style-default\" style=\"margin:10px 0;border-width:3px;border-color:#ffffff00\"><a href=\"#\" style=\"color:#ffffff009\">.<\/a><\/div>\n<h2>Gegenanzeigen und Vorsichtsma\u00dfnahmen<\/h2>\n<div class=\"su-divider su-divider-style-default\" style=\"margin:10px 0;border-width:3px;border-color:#ffffff00\"><a href=\"#\" style=\"color:#ffffff009\">.<\/a><\/div>\nDieses Medikament ist kontraindiziert, wenn Sie einige gesundheitliche Probleme wie Leber-\/Herzprobleme, Bluthochdruck, Psychose, Manie und Depression haben. Dies ist keine vollst\u00e4ndige Liste einiger Gesundheitszust\u00e4nde <\/p>\n<p>Einige Arzneimittelwechselwirkungen k\u00f6nnen schwerwiegend sein, und es sind zus\u00e4tzliche Vorsichtsma\u00dfnahmen erforderlich. Modalert 200 mg interagiert mit einigen Medikamenten wie:<\/p>\n<div class=\"su-divider su-divider-style-default\" style=\"margin:10px 0;border-width:3px;border-color:#ffffff00\"><a href=\"#\" style=\"color:#ffffff009\">.<\/a><\/div>\n<ul>\n<li>Cyclosporin;<\/li>\n<li>Theophyllin (Theo-24);<\/li>\n<li>Imipramin;<\/li>\n<li>Desipramin;<\/li>\n<li>Phenytoin;<\/li>\n<li>Rifampin.<\/li>\n<\/ul>\n<div class=\"su-divider su-divider-style-default\" style=\"margin:10px 0;border-width:3px;border-color:#ffffff00\"><a href=\"#\" style=\"color:#ffffff009\">.<\/a><\/div>\nDies ist keine vollst\u00e4ndige Liste. Ihr Facharzt sollte alle Medikamente, die Sie einnehmen, bewerten und eine gr\u00fcndliche Gesundheitsanalyse durchf\u00fchren, um festzustellen, welche Krankheiten Sie haben.<\/p>\n<p>Dieses Medikament wirkt gut mit der Nahrung, obwohl die Einnahme von fettigen Mahlzeiten den Wirkungseintritt verz\u00f6gern kann.<\/p>\n<p>Trinken Sie auch keinen Alkohol, w\u00e4hrend Sie Modalert 200 mg einnehmen.<\/p>\n<p>Tipp: Setzen Sie das Medikament nicht pl\u00f6tzlich ab &#8211; Sie k\u00f6nnen Entzugserscheinungen bekommen und sollten Modalert auch nicht einnehmen, wenn Sie allergisch darauf reagieren.<\/p>\n<div class=\"su-divider su-divider-style-default\" style=\"margin:10px 0;border-width:3px;border-color:#ffffff00\"><a href=\"#\" style=\"color:#ffffff009\">.<\/a><\/div>\n<h2>Verbrauchererfahrung<\/h2>\n<div class=\"su-divider su-divider-style-default\" style=\"margin:10px 0;border-width:3px;border-color:#ffffff00\"><a href=\"#\" style=\"color:#ffffff009\">.<\/a><\/div>\nModalert ist ein wirksames Medikament, das die Wachsamkeit und die kognitiven F\u00e4higkeiten f\u00f6rdert. Es ist ein starkes Medikament, das die kognitiven F\u00e4higkeiten st\u00e4rkt und die Konzentration und geistige Sch\u00e4rfe f\u00f6rdert. <\/p>\n<p>Gesunde Menschen haben in der Regel keine ernsthaften Gesundheitsprobleme, wenn sie Modafinil einnehmen, denn es ist ein sicheres Medikament und kein Zusatzstoff. Wenn Sie online ein wenig \u00fcber dieses Medikament recherchieren, werden Sie \u00fcberrascht sein, wie positiv es aufgrund seiner beeindruckenden Vorteile f\u00fcr verschiedene Personen aus unterschiedlichen Lebensbereichen bewertet wird. <\/p>\n<p>Aufgrund der verschiedenen Vorteile, die es bietet, ist es notwendig, vor der Einnahme dieser Art von Medikamenten einen Arzt zu konsultieren.<\/p>\n<div class=\"su-divider su-divider-style-default\" style=\"margin:10px 0;border-width:3px;border-color:#ffffff00\"><a href=\"#\" style=\"color:#ffffff009\">.<\/a><\/div>\n<h2>Wie Sie Modafinil kostenlos erhalten (Testversion Modalert 200 mg) Online<\/h2>\n<div class=\"su-divider su-divider-style-default\" style=\"margin:10px 0;border-width:3px;border-color:#ffffff00\"><a href=\"#\" style=\"color:#ffffff009\">.<\/a><\/div>\nObwohl wir Qualit\u00e4tsmedikamente von zugelassenen Herstellern anbieten, halten wir es f\u00fcr legitim, unseren K\u00e4ufern zun\u00e4chst kostenlose Testmuster zur Verf\u00fcgung zu stellen, bevor sie sich entscheiden, ihr Geld f\u00fcr die Bestellung weiterer Tabletten einzusetzen.<\/p>\n<p>Bei <a href=\"https:\/\/buymodafinilonline.com\/de\/\">BuyModafinilOnline<\/a> bieten wir <a href=\"https:\/\/buymodafinilonline.com\/free-trial\/\">kostenlose Proben von Modafinil-Generika<\/a> an. Sie m\u00fcssen nur die Versandgeb\u00fchr bezahlen und bekommen Ihre Pillen zum richtigen Zeitpunkt geliefert. <\/p>\n<p>Wenn Sie andere Produkte (wie <a href=\"https:\/\/buymodafinilonline.com\/de\/smarte-medikamente\/waklert-150-mg-tablets\/\">Waklert<\/a>, <a href=\"https:\/\/buymodafinilonline.com\/de\/smarte-medikamente\/modvigil-200-mg\/\">Modvigil<\/a>, <a href=\"https:\/\/buymodafinilonline.com\/de\/smarte-medikamente\/modafil-md-200-mg-sublingual-tabletten\/\">Modafil MD<\/a>, etc.) in unserem Shop kaufen, haben Sie viele Vorteile:<\/p>\n<div class=\"su-divider su-divider-style-default\" style=\"margin:10px 0;border-width:3px;border-color:#ffffff00\"><a href=\"#\" style=\"color:#ffffff009\">.<\/a><\/div>\n<ul>\n<li>23% Rabatt bei <a href=\"https:\/\/buymodafinilonline.com\/de\/mit-bitcoin-zahlen-33-rabatt-erhalten\/\">Zahlung in Bitcoin<\/a>. Wir haben auch andere Zahlungsm\u00f6glichkeiten; <\/li>\n<li><a href=\"https:\/\/buymodafinilonline.com\/de\/besten-modafinil-lieferanten-deutschland\/\">ultraschneller Versand<\/a> in die meisten Teile der Welt;<\/li>\n<li>Kostenloser Versand bei Bestellungen ab $80;<\/li>\n<li>zus\u00e4tzliche Gutscheine, Angebote und Rabatte, um die Gesamtkosten des Produkts zu senken;<\/li>\n<li>netter Coupon, wenn Sie eine Bewertung hinterlassen oder ein wiederkehrender K\u00e4ufer sind.<\/li>\n<\/ul>\n<div class=\"su-divider su-divider-style-default\" style=\"margin:10px 0;border-width:3px;border-color:#ffffff00\"><a href=\"#\" style=\"color:#ffffff009\">.<\/a><\/div>\nWir halten, was wir versprechen, und wir bieten Qualit\u00e4tsmedikamente von zugelassenen Herstellern zu den Herstellungskosten an. Keine Preiserh\u00f6hungen! <\/p>\n<p>&nbsp;<\/p>\n[\/vc_column]\n<div class=\"su-divider su-divider-style-default\" style=\"margin:10px 0;border-width:3px;border-color:#ffffff00\"><a href=\"#\" style=\"color:#ffffff009\">.<\/a><\/div>\n","protected":false},"excerpt":{"rendered":"<p>Unsere Online-Apotheke bietet Ihnen 10 kostenlose Modafinil-Proben. Kostenlose Modafinil-Proben sind ein Zeichen des Vertrauens, der Zuverl\u00e4ssigkeit und der Qualit\u00e4t unseres Bestsellers &#8211; Modalert 200 mg. <\/p>\n<p>Obwohl es kostenlos ist, m\u00fcssen Sie NUR 39 $ f\u00fcr den Standardversand in die USA, nach Gro\u00dfbritannien und in einige andere L\u00e4nder zahlen.<\/p>\n[sc name=\"s1\"]\n[sc name=\"free-samples-notice-product\"]\n[sc name=\"s1\"]\n","protected":false},"featured_media":398168,"comment_status":"closed","ping_status":"closed","template":"","meta":{"_acf_changed":false},"product_brand":[],"product_cat":[4241,3786,8918],"product_tag":[4014],"class_list":{"0":"post-403894","1":"product","2":"type-product","3":"status-publish","4":"has-post-thumbnail","6":"product_cat-kostenlose-testphase","7":"product_cat-smart-drugs-brands","8":"product_cat-us-domestic-shipping-de","9":"product_tag-modafinil-de","11":"first","12":"instock","13":"sale","14":"shipping-taxable","15":"purchasable","16":"product-type-simple"},"acf":[],"yoast_head":"<!-- This site is optimized with the Yoast SEO Premium plugin v23.6 (Yoast SEO v27.3) - https:\/\/yoast.com\/product\/yoast-seo-premium-wordpress\/ -->\n<title>Erhalten Sie kostenlose Modafinil-Proben (Modalert 200mg Probepackung) - BuyModafinilOnline<\/title>\n<meta name=\"description\" content=\"Beeilen Sie sich, um 10 Modafinil-Proben absolut kostenlos auf BuyModafinilOnline zu erhalten. Diese Probepackung von Modalert 200mg ist bei jeder Bestellung erh\u00e4ltlich! 100% Liefergarantie und ausgezeichneter Service.\" \/>\n<meta name=\"robots\" content=\"index, follow, max-snippet:-1, max-image-preview:large, max-video-preview:-1\" \/>\n<link rel=\"canonical\" href=\"https:\/\/buymodafinilonline.com\/de\/smarte-medikamente\/kostenlose-modalert-200-mg-modafinil-proben\/\" \/>\n<meta property=\"og:locale\" content=\"de_DE\" \/>\n<meta property=\"og:type\" content=\"article\" \/>\n<meta property=\"og:title\" content=\"Kostenlose Proben von Modalert 200 mg Modafinil\" \/>\n<meta property=\"og:description\" content=\"Beeilen Sie sich, um 10 Modafinil-Proben absolut kostenlos auf BuyModafinilOnline zu erhalten. Diese Probepackung von Modalert 200mg ist bei jeder Bestellung erh\u00e4ltlich! 100% Liefergarantie und ausgezeichneter Service.\" \/>\n<meta property=\"og:url\" content=\"https:\/\/buymodafinilonline.com\/de\/smarte-medikamente\/kostenlose-modalert-200-mg-modafinil-proben\/\" \/>\n<meta property=\"og:site_name\" content=\"BuyModafinilOnline.com\" \/>\n<meta property=\"article:modified_time\" content=\"2026-01-28T19:02:49+00:00\" \/>\n<meta property=\"og:image\" content=\"https:\/\/buymodafinilonline.com\/wp-content\/uploads\/2020\/04\/bmo-product-modalert-free-samples-.png\" \/>\n\t<meta property=\"og:image:width\" content=\"1280\" \/>\n\t<meta property=\"og:image:height\" content=\"1500\" \/>\n\t<meta property=\"og:image:type\" content=\"image\/png\" \/>\n<meta name=\"twitter:label1\" content=\"Gesch\u00e4tzte Lesezeit\" \/>\n\t<meta name=\"twitter:data1\" content=\"5\u00a0Minuten\" \/>\n<script type=\"application\/ld+json\" class=\"yoast-schema-graph\">{\"@context\":\"https:\\\/\\\/schema.org\",\"@graph\":[{\"@type\":\"WebPage\",\"@id\":\"https:\\\/\\\/buymodafinilonline.com\\\/de\\\/smarte-medikamente\\\/kostenlose-modalert-200-mg-modafinil-proben\\\/\",\"url\":\"https:\\\/\\\/buymodafinilonline.com\\\/de\\\/smarte-medikamente\\\/kostenlose-modalert-200-mg-modafinil-proben\\\/\",\"name\":\"Erhalten Sie kostenlose Modafinil-Proben (Modalert 200mg Probepackung) - BuyModafinilOnline\",\"isPartOf\":{\"@id\":\"https:\\\/\\\/buymodafinilonline.com\\\/de\\\/#website\"},\"primaryImageOfPage\":{\"@id\":\"https:\\\/\\\/buymodafinilonline.com\\\/de\\\/smarte-medikamente\\\/kostenlose-modalert-200-mg-modafinil-proben\\\/#primaryimage\"},\"image\":{\"@id\":\"https:\\\/\\\/buymodafinilonline.com\\\/de\\\/smarte-medikamente\\\/kostenlose-modalert-200-mg-modafinil-proben\\\/#primaryimage\"},\"thumbnailUrl\":\"https:\\\/\\\/buymodafinilonline.com\\\/wp-content\\\/uploads\\\/2020\\\/04\\\/bmo-product-modalert-free-samples-.png\",\"datePublished\":\"2020-03-23T22:19:27+00:00\",\"dateModified\":\"2026-01-28T19:02:49+00:00\",\"description\":\"Beeilen Sie sich, um 10 Modafinil-Proben absolut kostenlos auf BuyModafinilOnline zu erhalten. Diese Probepackung von Modalert 200mg ist bei jeder Bestellung erh\u00e4ltlich! 100% Liefergarantie und ausgezeichneter Service.\",\"breadcrumb\":{\"@id\":\"https:\\\/\\\/buymodafinilonline.com\\\/de\\\/smarte-medikamente\\\/kostenlose-modalert-200-mg-modafinil-proben\\\/#breadcrumb\"},\"inLanguage\":\"de\",\"potentialAction\":[{\"@type\":\"ReadAction\",\"target\":[\"https:\\\/\\\/buymodafinilonline.com\\\/de\\\/smarte-medikamente\\\/kostenlose-modalert-200-mg-modafinil-proben\\\/\"]}]},{\"@type\":\"ImageObject\",\"inLanguage\":\"de\",\"@id\":\"https:\\\/\\\/buymodafinilonline.com\\\/de\\\/smarte-medikamente\\\/kostenlose-modalert-200-mg-modafinil-proben\\\/#primaryimage\",\"url\":\"https:\\\/\\\/buymodafinilonline.com\\\/wp-content\\\/uploads\\\/2020\\\/04\\\/bmo-product-modalert-free-samples-.png\",\"contentUrl\":\"https:\\\/\\\/buymodafinilonline.com\\\/wp-content\\\/uploads\\\/2020\\\/04\\\/bmo-product-modalert-free-samples-.png\",\"width\":1280,\"height\":1500,\"caption\":\"Kostenlose Modafinil-Proben Modalert 200 mg\"},{\"@type\":\"BreadcrumbList\",\"@id\":\"https:\\\/\\\/buymodafinilonline.com\\\/de\\\/smarte-medikamente\\\/kostenlose-modalert-200-mg-modafinil-proben\\\/#breadcrumb\",\"itemListElement\":[{\"@type\":\"ListItem\",\"position\":1,\"name\":\"Buy Modafinil Online\",\"item\":\"https:\\\/\\\/buymodafinilonline.com\\\/de\\\/\"},{\"@type\":\"ListItem\",\"position\":2,\"name\":\"Shop\",\"item\":\"https:\\\/\\\/buymodafinilonline.com\\\/de\\\/shop-2\\\/\"},{\"@type\":\"ListItem\",\"position\":3,\"name\":\"Kostenlose Testphase\",\"item\":\"https:\\\/\\\/buymodafinilonline.com\\\/de\\\/produkt-kategorie\\\/kostenlose-testphase\\\/\"},{\"@type\":\"ListItem\",\"position\":4,\"name\":\"Kostenlose Proben von Modalert 200 mg Modafinil\"}]},{\"@type\":\"WebSite\",\"@id\":\"https:\\\/\\\/buymodafinilonline.com\\\/de\\\/#website\",\"url\":\"https:\\\/\\\/buymodafinilonline.com\\\/de\\\/\",\"name\":\"BuyModafinilOnline.com\",\"description\":\"Modafinil Online Pharmacy\",\"publisher\":{\"@id\":\"https:\\\/\\\/buymodafinilonline.com\\\/de\\\/#organization\"},\"potentialAction\":[{\"@type\":\"SearchAction\",\"target\":{\"@type\":\"EntryPoint\",\"urlTemplate\":\"https:\\\/\\\/buymodafinilonline.com\\\/de\\\/?s={search_term_string}\"},\"query-input\":{\"@type\":\"PropertyValueSpecification\",\"valueRequired\":true,\"valueName\":\"search_term_string\"}}],\"inLanguage\":\"de\"},{\"@type\":\"Organization\",\"@id\":\"https:\\\/\\\/buymodafinilonline.com\\\/de\\\/#organization\",\"name\":\"BuyModafinilOnline\",\"url\":\"https:\\\/\\\/buymodafinilonline.com\\\/de\\\/\",\"logo\":{\"@type\":\"ImageObject\",\"inLanguage\":\"de\",\"@id\":\"https:\\\/\\\/buymodafinilonline.com\\\/de\\\/#\\\/schema\\\/logo\\\/image\\\/\",\"url\":\"https:\\\/\\\/buymodafinilonline.com\\\/wp-content\\\/uploads\\\/2020\\\/04\\\/logo-buy-modafinil-online-yellow.png\",\"contentUrl\":\"https:\\\/\\\/buymodafinilonline.com\\\/wp-content\\\/uploads\\\/2020\\\/04\\\/logo-buy-modafinil-online-yellow.png\",\"width\":200,\"height\":200,\"caption\":\"BuyModafinilOnline\"},\"image\":{\"@id\":\"https:\\\/\\\/buymodafinilonline.com\\\/de\\\/#\\\/schema\\\/logo\\\/image\\\/\"}}]}<\/script>\n<!-- \/ Yoast SEO Premium plugin. -->","yoast_head_json":{"title":"Erhalten Sie kostenlose Modafinil-Proben (Modalert 200mg Probepackung) - BuyModafinilOnline","description":"Beeilen Sie sich, um 10 Modafinil-Proben absolut kostenlos auf BuyModafinilOnline zu erhalten. Diese Probepackung von Modalert 200mg ist bei jeder Bestellung erh\u00e4ltlich! 100% Liefergarantie und ausgezeichneter Service.","robots":{"index":"index","follow":"follow","max-snippet":"max-snippet:-1","max-image-preview":"max-image-preview:large","max-video-preview":"max-video-preview:-1"},"canonical":"https:\/\/buymodafinilonline.com\/de\/smarte-medikamente\/kostenlose-modalert-200-mg-modafinil-proben\/","og_locale":"de_DE","og_type":"article","og_title":"Kostenlose Proben von Modalert 200 mg Modafinil","og_description":"Beeilen Sie sich, um 10 Modafinil-Proben absolut kostenlos auf BuyModafinilOnline zu erhalten. Diese Probepackung von Modalert 200mg ist bei jeder Bestellung erh\u00e4ltlich! 100% Liefergarantie und ausgezeichneter Service.","og_url":"https:\/\/buymodafinilonline.com\/de\/smarte-medikamente\/kostenlose-modalert-200-mg-modafinil-proben\/","og_site_name":"BuyModafinilOnline.com","article_modified_time":"2026-01-28T19:02:49+00:00","og_image":[{"width":1280,"height":1500,"url":"https:\/\/buymodafinilonline.com\/wp-content\/uploads\/2020\/04\/bmo-product-modalert-free-samples-.png","type":"image\/png"}],"twitter_misc":{"Gesch\u00e4tzte Lesezeit":"5\u00a0Minuten"},"schema":{"@context":"https:\/\/schema.org","@graph":[{"@type":"WebPage","@id":"https:\/\/buymodafinilonline.com\/de\/smarte-medikamente\/kostenlose-modalert-200-mg-modafinil-proben\/","url":"https:\/\/buymodafinilonline.com\/de\/smarte-medikamente\/kostenlose-modalert-200-mg-modafinil-proben\/","name":"Erhalten Sie kostenlose Modafinil-Proben (Modalert 200mg Probepackung) - BuyModafinilOnline","isPartOf":{"@id":"https:\/\/buymodafinilonline.com\/de\/#website"},"primaryImageOfPage":{"@id":"https:\/\/buymodafinilonline.com\/de\/smarte-medikamente\/kostenlose-modalert-200-mg-modafinil-proben\/#primaryimage"},"image":{"@id":"https:\/\/buymodafinilonline.com\/de\/smarte-medikamente\/kostenlose-modalert-200-mg-modafinil-proben\/#primaryimage"},"thumbnailUrl":"https:\/\/buymodafinilonline.com\/wp-content\/uploads\/2020\/04\/bmo-product-modalert-free-samples-.png","datePublished":"2020-03-23T22:19:27+00:00","dateModified":"2026-01-28T19:02:49+00:00","description":"Beeilen Sie sich, um 10 Modafinil-Proben absolut kostenlos auf BuyModafinilOnline zu erhalten. Diese Probepackung von Modalert 200mg ist bei jeder Bestellung erh\u00e4ltlich! 100% Liefergarantie und ausgezeichneter Service.","breadcrumb":{"@id":"https:\/\/buymodafinilonline.com\/de\/smarte-medikamente\/kostenlose-modalert-200-mg-modafinil-proben\/#breadcrumb"},"inLanguage":"de","potentialAction":[{"@type":"ReadAction","target":["https:\/\/buymodafinilonline.com\/de\/smarte-medikamente\/kostenlose-modalert-200-mg-modafinil-proben\/"]}]},{"@type":"ImageObject","inLanguage":"de","@id":"https:\/\/buymodafinilonline.com\/de\/smarte-medikamente\/kostenlose-modalert-200-mg-modafinil-proben\/#primaryimage","url":"https:\/\/buymodafinilonline.com\/wp-content\/uploads\/2020\/04\/bmo-product-modalert-free-samples-.png","contentUrl":"https:\/\/buymodafinilonline.com\/wp-content\/uploads\/2020\/04\/bmo-product-modalert-free-samples-.png","width":1280,"height":1500,"caption":"Kostenlose Modafinil-Proben Modalert 200 mg"},{"@type":"BreadcrumbList","@id":"https:\/\/buymodafinilonline.com\/de\/smarte-medikamente\/kostenlose-modalert-200-mg-modafinil-proben\/#breadcrumb","itemListElement":[{"@type":"ListItem","position":1,"name":"Buy Modafinil Online","item":"https:\/\/buymodafinilonline.com\/de\/"},{"@type":"ListItem","position":2,"name":"Shop","item":"https:\/\/buymodafinilonline.com\/de\/shop-2\/"},{"@type":"ListItem","position":3,"name":"Kostenlose Testphase","item":"https:\/\/buymodafinilonline.com\/de\/produkt-kategorie\/kostenlose-testphase\/"},{"@type":"ListItem","position":4,"name":"Kostenlose Proben von Modalert 200 mg Modafinil"}]},{"@type":"WebSite","@id":"https:\/\/buymodafinilonline.com\/de\/#website","url":"https:\/\/buymodafinilonline.com\/de\/","name":"BuyModafinilOnline.com","description":"Modafinil Online Pharmacy","publisher":{"@id":"https:\/\/buymodafinilonline.com\/de\/#organization"},"potentialAction":[{"@type":"SearchAction","target":{"@type":"EntryPoint","urlTemplate":"https:\/\/buymodafinilonline.com\/de\/?s={search_term_string}"},"query-input":{"@type":"PropertyValueSpecification","valueRequired":true,"valueName":"search_term_string"}}],"inLanguage":"de"},{"@type":"Organization","@id":"https:\/\/buymodafinilonline.com\/de\/#organization","name":"BuyModafinilOnline","url":"https:\/\/buymodafinilonline.com\/de\/","logo":{"@type":"ImageObject","inLanguage":"de","@id":"https:\/\/buymodafinilonline.com\/de\/#\/schema\/logo\/image\/","url":"https:\/\/buymodafinilonline.com\/wp-content\/uploads\/2020\/04\/logo-buy-modafinil-online-yellow.png","contentUrl":"https:\/\/buymodafinilonline.com\/wp-content\/uploads\/2020\/04\/logo-buy-modafinil-online-yellow.png","width":200,"height":200,"caption":"BuyModafinilOnline"},"image":{"@id":"https:\/\/buymodafinilonline.com\/de\/#\/schema\/logo\/image\/"}}]}},"_links":{"self":[{"href":"https:\/\/buymodafinilonline.com\/de\/wp-json\/wp\/v2\/product\/403894","targetHints":{"allow":["GET"]}}],"collection":[{"href":"https:\/\/buymodafinilonline.com\/de\/wp-json\/wp\/v2\/product"}],"about":[{"href":"https:\/\/buymodafinilonline.com\/de\/wp-json\/wp\/v2\/types\/product"}],"replies":[{"embeddable":true,"href":"https:\/\/buymodafinilonline.com\/de\/wp-json\/wp\/v2\/comments?post=403894"}],"wp:featuredmedia":[{"embeddable":true,"href":"https:\/\/buymodafinilonline.com\/de\/wp-json\/wp\/v2\/media\/398168"}],"wp:attachment":[{"href":"https:\/\/buymodafinilonline.com\/de\/wp-json\/wp\/v2\/media?parent=403894"}],"wp:term":[{"taxonomy":"product_brand","embeddable":true,"href":"https:\/\/buymodafinilonline.com\/de\/wp-json\/wp\/v2\/product_brand?post=403894"},{"taxonomy":"product_cat","embeddable":true,"href":"https:\/\/buymodafinilonline.com\/de\/wp-json\/wp\/v2\/product_cat?post=403894"},{"taxonomy":"product_tag","embeddable":true,"href":"https:\/\/buymodafinilonline.com\/de\/wp-json\/wp\/v2\/product_tag?post=403894"}],"curies":[{"name":"wp","href":"https:\/\/api.w.org\/{rel}","templated":true}]}}