{"id":404324,"date":"2020-03-23T20:47:37","date_gmt":"2020-03-23T19:47:37","guid":{"rendered":"https:\/\/buymodafinilonline.com\/smart-drugs\/modalert-200-mg\/"},"modified":"2026-01-28T19:08:24","modified_gmt":"2026-01-28T18:08:24","slug":"modalert-200-mg","status":"publish","type":"product","link":"https:\/\/buymodafinilonline.com\/de\/smarte-medikamente\/modalert-200-mg\/","title":{"rendered":"Modalert 200 mg"},"content":{"rendered":"[vc_column width=&#8221;1\/2&#8243;]\n<h2>Was ist Modalert 200 mg?<\/h2>\n<p>Modalert 200 mg ist ein hochwirksames Medikament, das von \u00c4rzten zur Behandlung von Narkolepsie, obstruktiver Schlafapnoe, idiopathischer Hypersomnie, \u00fcberm\u00e4\u00dfiger Tagesm\u00fcdigkeit und Schlafst\u00f6rungen bei Schichtarbeit verschrieben wird. Seine Zulassung verdankt es dem Wirkstoff Modafinil, der f\u00fcr diese Erkrankungen zugelassen ist. Es handelt sich um eine generische Version des Markenmedikaments Provigil.  <\/p>\n<p>Da dieses Medikament jedoch als Mittel zur Steigerung der kognitiven Leistungsf\u00e4higkeit beliebt ist, verwenden mehrere Personen, darunter Berufst\u00e4tige, Milit\u00e4rs, Astronauten, Arbeiter sowie Studenten und andere, dieses Medikament off-label, um ihre kognitive Leistungsf\u00e4higkeit zu steigern und sie wach zu halten.<\/p>\n<h2>Wie wirken diese Pillen?<\/h2>\n<p>Bei Arzneimitteln, die zur Verbesserung bestimmter Gesundheitszust\u00e4nde eingesetzt werden, wird oft ein zus\u00e4tzlicher Nutzen entdeckt. Dies ist der Fall bei Medikamenten, die durch Bindung an bestimmte Rezeptoren im K\u00f6rper wirken. Der K\u00f6rper verwendet verschiedene Rezeptoren, um zu kommunizieren. Modafinil wirkt jedoch auf eine spezielle Gruppe von Rezeptoren, die so genannten Dopamin-Transportrezeptoren.   <\/p>\n<p>Es ist ein sehr wichtiger Rezeptor, der mit Signalen an die Neuronen verbunden ist, die ihnen sagen, wie viel Dopamin sie aufnehmen sollen. Je mehr Signale gesendet werden, um mehr Dopamin zu absorbieren, desto geringer ist die Dopaminkonzentration. <\/p>\n<p>Das ist nicht der einzige Mechanismus von Modalert. Es erh\u00f6ht auch den Histamin-, Orexin- und Noradrenalinspiegel im Gehirn. Dies sind die wichtigsten Chemikalien, die zur Regulierung des individuellen Schlaf-Wach-Zyklus verwendet werden, und diese Tablette tut dies sehr effektiv.  <\/p>\n<p>Sichere Dosierung und richtige Anwendung<\/p>\n<p>Modalert 200 mg ist die empfohlene Dosierung, die den meisten Menschen verschrieben wird. Einige k\u00f6nnen eine Reduzierung der Dosisst\u00e4rke auf 100 mg oder eine Erh\u00f6hung auf 400 mg in Betracht ziehen, je nach Wirksamkeit und Vertr\u00e4glichkeit des Medikaments. Die 400-mg-Tablette eignet sich am besten f\u00fcr gr\u00f6\u00dfere Menschen, w\u00e4hrend 100 mg besser f\u00fcr empfindliche Personen, die stark auf das Medikament ansprechen, oder f\u00fcr die Langzeiteinnahme geeignet ist.  <\/p>\n<p>Wie Sie Modalert 200 mg am effektivsten und sichersten einnehmen, h\u00e4ngt vom individuellen Einnahmemuster, Alter und Gewicht ab. Es kann t\u00e4glich zur Behandlung von schlafbezogenen Erkrankungen oder zur Verbesserung des Schlafverhaltens zur Steigerung der Produktivit\u00e4t eingenommen werden. <\/p>\n<p>Modalert 200 mg ist sicher. Es wird empfohlen, die Anweisungen auf der Verpackung oder den Rat des Arztes zu befolgen, um eine \u00dcberdosierung oder gesundheitliche Beeintr\u00e4chtigungen zu vermeiden. <\/p>\n<h2>M\u00f6gliche Nebenwirkungen<\/h2>\n<p>Beachten Sie, dass Nebenwirkungen selten und in der Regel nicht schwerwiegend sind. Wenn jedoch bei einigen Personen bei der Einnahme von Modalert 200 mg unerw\u00fcnschte Nebenwirkungen auftreten, wird empfohlen, einen Arzt aufzusuchen. H\u00e4ufige Nebenwirkungen sind Magenverstimmung oder Unwohlsein, Schlaflosigkeit, Schwindel, Kopfschmerzen, \u00dcbelkeit, Angstzust\u00e4nde.  <\/p>\n<p>Diese Anzeichen kommen und verschwinden mit der kontinuierlichen Einnahme von Modafinil. In seltenen F\u00e4llen k\u00f6nnen jedoch schwerwiegendere negative Auswirkungen auftreten. Diese k\u00f6nnen sein:  <\/p>\n<ul>\n<li>Halluzinationen;<\/li>\n<li>leichte Bluterg\u00fcsse oder Blutungen;<\/li>\n<li>Brustschmerzen;<\/li>\n<li>Depression;<\/li>\n<li>Schneller Herzschlag\/unregelm\u00e4\u00dfiger Herzschlag;<\/li>\n<li>Steven Johnson-Syndrom (eine seltene, aber schwerwiegendere Erkrankung der Schleimh\u00e4ute).<\/li>\n<\/ul>\n<p>Dies ist zwar keine vollst\u00e4ndige Liste, aber Sie sollten einen Arzt konsultieren, um weitere Informationen zu erhalten und die sichere Dosierung zu erfahren.<\/p>\n[\/vc_column][vc_column width=&#8221;1\/2&#8243;]\n<h2>Gegenanzeigen und Vorsichtsma\u00dfnahmen<\/h2>\n<p>Arzneimittel interagieren mit anderen Medikamenten. Erkundigen Sie sich bei Ihrem Arzt, welche anderen Medikamente Sie verwenden und welche Sie nicht zusammen mit Modalert 200 mg einnehmen d\u00fcrfen. Dies ist eine Liste der Bedingungen, die mit diesem Medikament kontraindiziert sind. Ein Arzt kann Ihren Gesundheitszustand auf die folgenden Punkte \u00fcberpr\u00fcfen:   <\/p>\n<ul>\n<li>manisches Verhalten;<\/li>\n<li>Mitralklappenprolaps-Syndrom;<\/li>\n<li>Selbstmordgedanken;<\/li>\n<li>Bluthochdruck;<\/li>\n<li>aggressives Verhalten;<\/li>\n<li>psychotische St\u00f6rung;<\/li>\n<li>einen Herzinfarkt;<\/li>\n<li>schwere Lebererkrankung;<\/li>\n<li>Depression, etc.<\/li>\n<\/ul>\n<p>Zu den kontraindizierten Medikamenten geh\u00f6ren Medikamente gegen hohen Blutdruck, Monoaminoxidase-Hemmer (MAO-Hemmer), Antidepressiva, Stimulanzien des Nervensystems, Propranolol (Inderal), Phenytoin, Carbamazepin, Phenobarbital, Rifampin, Ketoconazol, Cyclosporin, Theophyllin, Warfarin, Diazepam und andere.<\/p>\n<p>Diese Liste ist nicht vollst\u00e4ndig. Sie k\u00f6nnen Modalert 200 mg mit oder ohne die meisten Nahrungsmittel einnehmen. Grapefruitsaft und Grapefruit k\u00f6nnen jedoch die Wirkungen oder Nebenwirkungen dieses starken Medikaments verst\u00e4rken. Von der Einnahme von Alkohol wird ebenfalls abgeraten, da er zu einer Vielzahl von Reaktionen f\u00fchren kann.   <\/p>\n<h2>Verbrauchererfahrung<\/h2>\n<p>Modafinil ist eines der gr\u00f6\u00dften und gefragtesten Mittel zur Behandlung von Krankheiten und wird vor allem von vielen Menschen verwendet, um &#8220;intelligent&#8221; zu sein und die Produktivit\u00e4t zu steigern.<\/p>\n<p>Da dieses Medikament hochwirksam ist, wurde es von den Verbrauchern \u00e4u\u00dferst positiv bewertet, insbesondere von denen, die einen gesunden K\u00f6rper haben.<\/p>\n<p>Die meisten Menschen f\u00fchlen sich wach, aufmerksam und bereit, ihre Produktivit\u00e4t zu steigern. Die Erfahrung mit Modalert ist durchweg positiv. Es erh\u00f6ht die Konzentration, den Fokus und das Ged\u00e4chtnis und steigert die Kreativit\u00e4t. Es ist sehr beliebt bei Leistungswettbewerben und Spitzenleistungen in Pr\u00fcfungen. Das ist gro\u00dfartig.    <\/p>\n<p>Wie sieht es mit Ihnen aus? Kaufen Sie dieses Medikament und bewerten Sie Ihre Erfahrungen. <\/p>\n<h2>Generisches Modalert 200mg (Modafinil) online kaufen<\/h2>\n<p>Sie k\u00f6nnen Modalert 200mg online bei H\u00e4ndlern kaufen, die an Orten t\u00e4tig sind, an denen der Verkauf von Modafinil f\u00fcr die \u00d6ffentlichkeit zug\u00e4nglich ist &#8211; in Indien.<\/p>\n<p>Wenn Sie auf der Suche nach einer Online-Apotheke sind, in der Sie Modalert kaufen k\u00f6nnen, ist BuyModafinilOnline der beste Ort, um eine billige, aber hochwertige Pille zu kaufen.<\/p>\n<p>Wir bieten <a href=\"https:\/\/buymodafinilonline.com\/de\/shop\/\">Modafinil-Medikamente ohne Rezept<\/a> an. Im Gegensatz zu einigen E-Apotheken, die keine Medikamente anbieten, wenn der K\u00e4ufer kein Rezept hat, haben wir echte Medikamente zum Verkauf und Sie k\u00f6nnen sie zu einem g\u00fcnstigeren Preis bestellen. <\/p>\n<p>Sie k\u00f6nnen mit Bitcoin bezahlen und <a href=\"https:\/\/buymodafinilonline.com\/de\/mit-bitcoin-zahlen-33-rabatt-erhalten\/\">erhalten einen Rabatt von 23% auf<\/a> alle Medikamente, die Sie bei <a href=\"https:\/\/buymodafinilonline.com\/de\/\">BuyModafinilOnline<\/a> bestellen. Weitere Zahlungsm\u00f6glichkeiten sind PayPal und eine Kreditkarte.<\/p>\n<p><a href=\"https:\/\/buymodafinilonline.com\/de\/besten-modafinil-lieferanten-deutschland\/\">Der Versand<\/a> ist ultraschnell &#8211; weltweit, mit Ausnahme einiger weniger L\u00e4nder. Selbst wenn die Lieferung fehlschl\u00e4gt, ist eine erneute Lieferung oder R\u00fcckerstattung m\u00f6glich.<\/p>\n<p>In unserer Online-Drogerie k\u00f6nnen Sie auch so beliebte Nootropika wie <a href=\"https:\/\/buymodafinilonline.com\/de\/smarte-medikamente\/modvigil-200-mg\/\">Modvigil<\/a>, <a href=\"https:\/\/buymodafinilonline.com\/de\/smarte-medikamente\/vilafinil-200-mg\/\">Vilafinil<\/a>, <a href=\"https:\/\/buymodafinilonline.com\/de\/smarte-medikamente\/modawake-200-mg\/\">Modawake<\/a>, <a href=\"https:\/\/buymodafinilonline.com\/de\/smarte-medikamente\/artvigil-150-mg\/\">Artvigil<\/a> kaufen. Und ein toller Bonus f\u00fcr alle: <a href=\"https:\/\/buymodafinilonline.com\/de\/smarte-medikamente\/kostenlose-modalert-200-mg-modafinil-proben\/\">10 kostenlose Modafinil-Proben<\/a> bei jeder Bestellung!<\/p>\n[\/vc_column]\n<div class=\"su-divider su-divider-style-default\" style=\"margin:10px 0;border-width:3px;border-color:#ffffff00\"><a href=\"#\" style=\"color:#ffffff009\">.<\/a><\/div>\n<h2>Modalert 200 Preis<\/h2>\n<table border=\"1\">\n<thead>\n<tr>\n<td><b>Modalert 200 (Betrag) <\/b><\/td>\n<td><b>Kosten<\/b><\/td>\n<td><b>Preis pro Pille<\/b><\/td>\n<\/tr>\n<\/thead>\n<tbody>\n<tr>\n<td>10<\/td>\n<td>$29<\/td>\n<td>$2.99<\/td>\n<\/tr>\n<tr>\n<td>20<\/td>\n<td>$49<\/td>\n<td>$2.49<\/td>\n<\/tr>\n<tr>\n<td>30<\/td>\n<td>$69<\/td>\n<td>$2.29<\/td>\n<\/tr>\n<tr>\n<td>50<\/td>\n<td>$99<\/td>\n<td>$1.99<\/td>\n<\/tr>\n<tr>\n<td>100<\/td>\n<td>$169<\/td>\n<td>$1.69<\/td>\n<\/tr>\n<tr>\n<td>200<\/td>\n<td>$249<\/td>\n<td>$1.24<\/td>\n<\/tr>\n<tr>\n<td>300<\/td>\n<td>$359<\/td>\n<td>$1.29<\/td>\n<\/tr>\n<tr>\n<td>500<\/td>\n<td>$499<\/td>\n<td>$0.99<\/td>\n<\/tr>\n<tr>\n<td>1000<\/td>\n<td>$899<\/td>\n<td>$0.89<\/td>\n<\/tr>\n<\/tbody>\n<\/table>\n","protected":false},"excerpt":{"rendered":"[sc name=\"sun-suspended\"]\n<p>Es handelt sich um ein Medikament, das mit Modafinil entwickelt wurde. Es hat sich als das ultimative Heilmittel f\u00fcr schlafbezogene Behandlungen herauskristallisiert. Off-Label-Zwecke sind weit verbreitet, um die Kognition und andere Vorteile zu steigern. Verwenden Sie dieses Medikament, um konzentriert und aktiv zu denken und Ihre Arbeit perfekt zu erledigen. Es ist deutlich preiswerter als die Markenversion Provigil, ohne dabei an Qualit\u00e4t einzub\u00fc\u00dfen. Es wird von Sun Pharma hergestellt und Sie k\u00f6nnen es online zu einem sehr guten Preis kaufen.    <\/p>\n[sc name=\"s1\"]\n","protected":false},"featured_media":398048,"comment_status":"closed","ping_status":"closed","template":"","meta":{"_acf_changed":false},"product_brand":[],"product_cat":[4231,3786],"product_tag":[4014],"class_list":{"0":"post-404324","1":"product","2":"type-product","3":"status-publish","4":"has-post-thumbnail","6":"product_cat-bestseller","7":"product_cat-smart-drugs-brands","8":"product_tag-modafinil-de","10":"first","11":"instock","12":"sale","13":"featured","14":"shipping-taxable","15":"purchasable","16":"product-type-variable","17":"has-default-attributes"},"acf":[],"yoast_head":"<!-- This site is optimized with the Yoast SEO Premium plugin v23.6 (Yoast SEO v27.3) - https:\/\/yoast.com\/product\/yoast-seo-premium-wordpress\/ -->\n<title>Kaufen Sie Modalert 200 mg Pillen (Modafinil) aus Indien - BuyModafinilOnline<\/title>\n<meta name=\"description\" content=\"Bestellen Sie Modalert 200 mg online rezeptfrei bei BuyModafinilOnline Apotheke. 100% Liefergarantie aus Indien. Kaufen Sie billig Modalert (modafinil) mit Bitcoin oder PayPal &amp; erhalten Sie gro\u00dfe Rabatte!\" \/>\n<meta name=\"robots\" content=\"index, follow, max-snippet:-1, max-image-preview:large, max-video-preview:-1\" \/>\n<link rel=\"canonical\" href=\"https:\/\/buymodafinilonline.com\/de\/smarte-medikamente\/modalert-200-mg\/\" \/>\n<meta property=\"og:locale\" content=\"de_DE\" \/>\n<meta property=\"og:type\" content=\"article\" \/>\n<meta property=\"og:title\" content=\"Modalert 200 mg\" \/>\n<meta property=\"og:description\" content=\"Bestellen Sie Modalert 200 mg online rezeptfrei bei BuyModafinilOnline Apotheke. 100% Liefergarantie aus Indien. Kaufen Sie billig Modalert (modafinil) mit Bitcoin oder PayPal &amp; erhalten Sie gro\u00dfe Rabatte!\" \/>\n<meta property=\"og:url\" content=\"https:\/\/buymodafinilonline.com\/de\/smarte-medikamente\/modalert-200-mg\/\" \/>\n<meta property=\"og:site_name\" content=\"BuyModafinilOnline.com\" \/>\n<meta property=\"article:modified_time\" content=\"2026-01-28T18:08:24+00:00\" \/>\n<meta property=\"og:image\" content=\"https:\/\/buymodafinilonline.com\/wp-content\/uploads\/2020\/04\/product-bmo-Modalert-1.png\" \/>\n\t<meta property=\"og:image:width\" content=\"1280\" \/>\n\t<meta property=\"og:image:height\" content=\"1500\" \/>\n\t<meta property=\"og:image:type\" content=\"image\/png\" \/>\n<meta name=\"twitter:label1\" content=\"Gesch\u00e4tzte Lesezeit\" \/>\n\t<meta name=\"twitter:data1\" content=\"5\u00a0Minuten\" \/>\n<script type=\"application\/ld+json\" class=\"yoast-schema-graph\">{\"@context\":\"https:\\\/\\\/schema.org\",\"@graph\":[{\"@type\":\"WebPage\",\"@id\":\"https:\\\/\\\/buymodafinilonline.com\\\/de\\\/smarte-medikamente\\\/modalert-200-mg\\\/\",\"url\":\"https:\\\/\\\/buymodafinilonline.com\\\/de\\\/smarte-medikamente\\\/modalert-200-mg\\\/\",\"name\":\"Kaufen Sie Modalert 200 mg Pillen (Modafinil) aus Indien - BuyModafinilOnline\",\"isPartOf\":{\"@id\":\"https:\\\/\\\/buymodafinilonline.com\\\/de\\\/#website\"},\"primaryImageOfPage\":{\"@id\":\"https:\\\/\\\/buymodafinilonline.com\\\/de\\\/smarte-medikamente\\\/modalert-200-mg\\\/#primaryimage\"},\"image\":{\"@id\":\"https:\\\/\\\/buymodafinilonline.com\\\/de\\\/smarte-medikamente\\\/modalert-200-mg\\\/#primaryimage\"},\"thumbnailUrl\":\"https:\\\/\\\/buymodafinilonline.com\\\/wp-content\\\/uploads\\\/2020\\\/04\\\/product-bmo-Modalert-1.png\",\"datePublished\":\"2020-03-23T19:47:37+00:00\",\"dateModified\":\"2026-01-28T18:08:24+00:00\",\"description\":\"Bestellen Sie Modalert 200 mg online rezeptfrei bei BuyModafinilOnline Apotheke. 100% Liefergarantie aus Indien. Kaufen Sie billig Modalert (modafinil) mit Bitcoin oder PayPal & erhalten Sie gro\u00dfe Rabatte!\",\"breadcrumb\":{\"@id\":\"https:\\\/\\\/buymodafinilonline.com\\\/de\\\/smarte-medikamente\\\/modalert-200-mg\\\/#breadcrumb\"},\"inLanguage\":\"de\",\"potentialAction\":[{\"@type\":\"ReadAction\",\"target\":[\"https:\\\/\\\/buymodafinilonline.com\\\/de\\\/smarte-medikamente\\\/modalert-200-mg\\\/\"]}]},{\"@type\":\"ImageObject\",\"inLanguage\":\"de\",\"@id\":\"https:\\\/\\\/buymodafinilonline.com\\\/de\\\/smarte-medikamente\\\/modalert-200-mg\\\/#primaryimage\",\"url\":\"https:\\\/\\\/buymodafinilonline.com\\\/wp-content\\\/uploads\\\/2020\\\/04\\\/product-bmo-Modalert-1.png\",\"contentUrl\":\"https:\\\/\\\/buymodafinilonline.com\\\/wp-content\\\/uploads\\\/2020\\\/04\\\/product-bmo-Modalert-1.png\",\"width\":1280,\"height\":1500,\"caption\":\"Modalert 200 mg\"},{\"@type\":\"BreadcrumbList\",\"@id\":\"https:\\\/\\\/buymodafinilonline.com\\\/de\\\/smarte-medikamente\\\/modalert-200-mg\\\/#breadcrumb\",\"itemListElement\":[{\"@type\":\"ListItem\",\"position\":1,\"name\":\"Buy Modafinil Online\",\"item\":\"https:\\\/\\\/buymodafinilonline.com\\\/de\\\/\"},{\"@type\":\"ListItem\",\"position\":2,\"name\":\"Shop\",\"item\":\"https:\\\/\\\/buymodafinilonline.com\\\/de\\\/shop-2\\\/\"},{\"@type\":\"ListItem\",\"position\":3,\"name\":\"Bestseller\",\"item\":\"https:\\\/\\\/buymodafinilonline.com\\\/de\\\/produkt-kategorie\\\/bestseller\\\/\"},{\"@type\":\"ListItem\",\"position\":4,\"name\":\"Modalert 200 mg\"}]},{\"@type\":\"WebSite\",\"@id\":\"https:\\\/\\\/buymodafinilonline.com\\\/de\\\/#website\",\"url\":\"https:\\\/\\\/buymodafinilonline.com\\\/de\\\/\",\"name\":\"BuyModafinilOnline.com\",\"description\":\"Modafinil Online Pharmacy\",\"publisher\":{\"@id\":\"https:\\\/\\\/buymodafinilonline.com\\\/de\\\/#organization\"},\"potentialAction\":[{\"@type\":\"SearchAction\",\"target\":{\"@type\":\"EntryPoint\",\"urlTemplate\":\"https:\\\/\\\/buymodafinilonline.com\\\/de\\\/?s={search_term_string}\"},\"query-input\":{\"@type\":\"PropertyValueSpecification\",\"valueRequired\":true,\"valueName\":\"search_term_string\"}}],\"inLanguage\":\"de\"},{\"@type\":\"Organization\",\"@id\":\"https:\\\/\\\/buymodafinilonline.com\\\/de\\\/#organization\",\"name\":\"BuyModafinilOnline\",\"url\":\"https:\\\/\\\/buymodafinilonline.com\\\/de\\\/\",\"logo\":{\"@type\":\"ImageObject\",\"inLanguage\":\"de\",\"@id\":\"https:\\\/\\\/buymodafinilonline.com\\\/de\\\/#\\\/schema\\\/logo\\\/image\\\/\",\"url\":\"https:\\\/\\\/buymodafinilonline.com\\\/wp-content\\\/uploads\\\/2020\\\/04\\\/logo-buy-modafinil-online-yellow.png\",\"contentUrl\":\"https:\\\/\\\/buymodafinilonline.com\\\/wp-content\\\/uploads\\\/2020\\\/04\\\/logo-buy-modafinil-online-yellow.png\",\"width\":200,\"height\":200,\"caption\":\"BuyModafinilOnline\"},\"image\":{\"@id\":\"https:\\\/\\\/buymodafinilonline.com\\\/de\\\/#\\\/schema\\\/logo\\\/image\\\/\"}}]}<\/script>\n<!-- \/ Yoast SEO Premium plugin. -->","yoast_head_json":{"title":"Kaufen Sie Modalert 200 mg Pillen (Modafinil) aus Indien - BuyModafinilOnline","description":"Bestellen Sie Modalert 200 mg online rezeptfrei bei BuyModafinilOnline Apotheke. 100% Liefergarantie aus Indien. Kaufen Sie billig Modalert (modafinil) mit Bitcoin oder PayPal & erhalten Sie gro\u00dfe Rabatte!","robots":{"index":"index","follow":"follow","max-snippet":"max-snippet:-1","max-image-preview":"max-image-preview:large","max-video-preview":"max-video-preview:-1"},"canonical":"https:\/\/buymodafinilonline.com\/de\/smarte-medikamente\/modalert-200-mg\/","og_locale":"de_DE","og_type":"article","og_title":"Modalert 200 mg","og_description":"Bestellen Sie Modalert 200 mg online rezeptfrei bei BuyModafinilOnline Apotheke. 100% Liefergarantie aus Indien. Kaufen Sie billig Modalert (modafinil) mit Bitcoin oder PayPal & erhalten Sie gro\u00dfe Rabatte!","og_url":"https:\/\/buymodafinilonline.com\/de\/smarte-medikamente\/modalert-200-mg\/","og_site_name":"BuyModafinilOnline.com","article_modified_time":"2026-01-28T18:08:24+00:00","og_image":[{"width":1280,"height":1500,"url":"https:\/\/buymodafinilonline.com\/wp-content\/uploads\/2020\/04\/product-bmo-Modalert-1.png","type":"image\/png"}],"twitter_misc":{"Gesch\u00e4tzte Lesezeit":"5\u00a0Minuten"},"schema":{"@context":"https:\/\/schema.org","@graph":[{"@type":"WebPage","@id":"https:\/\/buymodafinilonline.com\/de\/smarte-medikamente\/modalert-200-mg\/","url":"https:\/\/buymodafinilonline.com\/de\/smarte-medikamente\/modalert-200-mg\/","name":"Kaufen Sie Modalert 200 mg Pillen (Modafinil) aus Indien - BuyModafinilOnline","isPartOf":{"@id":"https:\/\/buymodafinilonline.com\/de\/#website"},"primaryImageOfPage":{"@id":"https:\/\/buymodafinilonline.com\/de\/smarte-medikamente\/modalert-200-mg\/#primaryimage"},"image":{"@id":"https:\/\/buymodafinilonline.com\/de\/smarte-medikamente\/modalert-200-mg\/#primaryimage"},"thumbnailUrl":"https:\/\/buymodafinilonline.com\/wp-content\/uploads\/2020\/04\/product-bmo-Modalert-1.png","datePublished":"2020-03-23T19:47:37+00:00","dateModified":"2026-01-28T18:08:24+00:00","description":"Bestellen Sie Modalert 200 mg online rezeptfrei bei BuyModafinilOnline Apotheke. 100% Liefergarantie aus Indien. Kaufen Sie billig Modalert (modafinil) mit Bitcoin oder PayPal & erhalten Sie gro\u00dfe Rabatte!","breadcrumb":{"@id":"https:\/\/buymodafinilonline.com\/de\/smarte-medikamente\/modalert-200-mg\/#breadcrumb"},"inLanguage":"de","potentialAction":[{"@type":"ReadAction","target":["https:\/\/buymodafinilonline.com\/de\/smarte-medikamente\/modalert-200-mg\/"]}]},{"@type":"ImageObject","inLanguage":"de","@id":"https:\/\/buymodafinilonline.com\/de\/smarte-medikamente\/modalert-200-mg\/#primaryimage","url":"https:\/\/buymodafinilonline.com\/wp-content\/uploads\/2020\/04\/product-bmo-Modalert-1.png","contentUrl":"https:\/\/buymodafinilonline.com\/wp-content\/uploads\/2020\/04\/product-bmo-Modalert-1.png","width":1280,"height":1500,"caption":"Modalert 200 mg"},{"@type":"BreadcrumbList","@id":"https:\/\/buymodafinilonline.com\/de\/smarte-medikamente\/modalert-200-mg\/#breadcrumb","itemListElement":[{"@type":"ListItem","position":1,"name":"Buy Modafinil Online","item":"https:\/\/buymodafinilonline.com\/de\/"},{"@type":"ListItem","position":2,"name":"Shop","item":"https:\/\/buymodafinilonline.com\/de\/shop-2\/"},{"@type":"ListItem","position":3,"name":"Bestseller","item":"https:\/\/buymodafinilonline.com\/de\/produkt-kategorie\/bestseller\/"},{"@type":"ListItem","position":4,"name":"Modalert 200 mg"}]},{"@type":"WebSite","@id":"https:\/\/buymodafinilonline.com\/de\/#website","url":"https:\/\/buymodafinilonline.com\/de\/","name":"BuyModafinilOnline.com","description":"Modafinil Online Pharmacy","publisher":{"@id":"https:\/\/buymodafinilonline.com\/de\/#organization"},"potentialAction":[{"@type":"SearchAction","target":{"@type":"EntryPoint","urlTemplate":"https:\/\/buymodafinilonline.com\/de\/?s={search_term_string}"},"query-input":{"@type":"PropertyValueSpecification","valueRequired":true,"valueName":"search_term_string"}}],"inLanguage":"de"},{"@type":"Organization","@id":"https:\/\/buymodafinilonline.com\/de\/#organization","name":"BuyModafinilOnline","url":"https:\/\/buymodafinilonline.com\/de\/","logo":{"@type":"ImageObject","inLanguage":"de","@id":"https:\/\/buymodafinilonline.com\/de\/#\/schema\/logo\/image\/","url":"https:\/\/buymodafinilonline.com\/wp-content\/uploads\/2020\/04\/logo-buy-modafinil-online-yellow.png","contentUrl":"https:\/\/buymodafinilonline.com\/wp-content\/uploads\/2020\/04\/logo-buy-modafinil-online-yellow.png","width":200,"height":200,"caption":"BuyModafinilOnline"},"image":{"@id":"https:\/\/buymodafinilonline.com\/de\/#\/schema\/logo\/image\/"}}]}},"_links":{"self":[{"href":"https:\/\/buymodafinilonline.com\/de\/wp-json\/wp\/v2\/product\/404324","targetHints":{"allow":["GET"]}}],"collection":[{"href":"https:\/\/buymodafinilonline.com\/de\/wp-json\/wp\/v2\/product"}],"about":[{"href":"https:\/\/buymodafinilonline.com\/de\/wp-json\/wp\/v2\/types\/product"}],"replies":[{"embeddable":true,"href":"https:\/\/buymodafinilonline.com\/de\/wp-json\/wp\/v2\/comments?post=404324"}],"wp:featuredmedia":[{"embeddable":true,"href":"https:\/\/buymodafinilonline.com\/de\/wp-json\/wp\/v2\/media\/398048"}],"wp:attachment":[{"href":"https:\/\/buymodafinilonline.com\/de\/wp-json\/wp\/v2\/media?parent=404324"}],"wp:term":[{"taxonomy":"product_brand","embeddable":true,"href":"https:\/\/buymodafinilonline.com\/de\/wp-json\/wp\/v2\/product_brand?post=404324"},{"taxonomy":"product_cat","embeddable":true,"href":"https:\/\/buymodafinilonline.com\/de\/wp-json\/wp\/v2\/product_cat?post=404324"},{"taxonomy":"product_tag","embeddable":true,"href":"https:\/\/buymodafinilonline.com\/de\/wp-json\/wp\/v2\/product_tag?post=404324"}],"curies":[{"name":"wp","href":"https:\/\/api.w.org\/{rel}","templated":true}]}}