{"id":404335,"date":"2020-03-23T23:44:33","date_gmt":"2020-03-23T22:44:33","guid":{"rendered":"https:\/\/buymodafinilonline.com\/smart-drugs\/kostenlose-armodafinil-proben-artvigil-150-mg\/"},"modified":"2026-01-28T20:02:38","modified_gmt":"2026-01-28T19:02:38","slug":"kostenlose-armodafinil-proben-artvigil-150-mg","status":"publish","type":"product","link":"https:\/\/buymodafinilonline.com\/de\/smarte-medikamente\/kostenlose-armodafinil-proben-artvigil-150-mg\/","title":{"rendered":"Kostenlose Artvigil 150 mg Armodafinil-Proben"},"content":{"rendered":"[vc_column width=\u201d1\/2\u2033]\n<div class=\"su-divider su-divider-style-default\" style=\"margin:10px 0;border-width:3px;border-color:#ffffff00\"><a href=\"#\" style=\"color:#ffffff009\">.<\/a><\/div>\n<h2>Vorteile der Bestellung von Artvigil 150 mg Armodafinil-Probeexemplaren<\/h2>\n<div class=\"su-divider su-divider-style-default\" style=\"margin:10px 0;border-width:3px;border-color:#ffffff00\"><a href=\"#\" style=\"color:#ffffff009\">.<\/a><\/div>\nArtvigil enth\u00e4lt den Wirkstoff Armodafinil, der f\u00fcr die Behandlung von exzessiver Tagesschl\u00e4frigkeit im Zusammenhang mit Narkolepsie, obstruktiver Schlafapnoe und Schichtarbeit zugelassen ist.<\/p>\n<p>Es wird jedoch h\u00e4ufig zur Behandlung des chronischen M\u00fcdigkeitssyndroms, der Aufmerksamkeitsdefizit-Hyperaktivit\u00e4tsst\u00f6rung und der schweren depressiven St\u00f6rung eingesetzt (off-label).<\/p>\n<p>Es wird als die erste \u201cintelligente\u201d Droge der Welt bezeichnet, weil es in gro\u00dfem Umfang als kognitiver Verst\u00e4rker eingesetzt wird. CEOs, Studenten, Milit\u00e4rs, Angestellte, Astronauten und viele andere nutzen dieses Medikament, um ihre Produktivit\u00e4t zu steigern und ihre kognitiven F\u00e4higkeiten zu verbessern. <\/p>\n<p>Um herauszufinden, ob diese Pillen f\u00fcr Sie geeignet sind oder nicht, schicken wir Ihnen 10 kostenlose Proben zum Ausprobieren. Sie m\u00fcssen daf\u00fcr kein Geld ausgeben und es n\u00fctzt Ihnen auch nicht f\u00fcr Ihren medizinischen Zweck. <\/p>\n<p>10 kostenlose Armodafinil-Probepackungen reichen aus, um Ihnen die endg\u00fcltigen Ergebnisse zu liefern, ob diese Pillen f\u00fcr Sie geeignet sind oder nicht. Letztendlich ist die Zustimmung des Arztes das Wichtigste, bevor Sie sich zum Kauf oder zur kostenlosen Probepackung von Armodafinil-Tabletten entscheiden. <\/p>\n<div class=\"su-divider su-divider-style-default\" style=\"margin:10px 0;border-width:3px;border-color:#ffffff00\"><a href=\"#\" style=\"color:#ffffff009\">.<\/a><\/div>\n<h2>Wie wirken diese Pillen?<\/h2>\n<div class=\"su-divider su-divider-style-default\" style=\"margin:10px 0;border-width:3px;border-color:#ffffff00\"><a href=\"#\" style=\"color:#ffffff009\">.<\/a><\/div>\nArvigil 150 mg wirkt, indem es die Freisetzung von Chemikalien im Gehirn anregt, die das Wachsein f\u00f6rdern \u2013 es wirkt als wachmachendes Mittel.<\/p>\n<p>Obwohl der genaue Wirkmechanismus noch nicht vollst\u00e4ndig gekl\u00e4rt ist, wissen die Wissenschaftler, dass es durch die Erh\u00f6hung der Dopaminmenge (ein chemischer Neurotransmitter, den die Hirnnerven verwenden, um effektiv miteinander zu kommunizieren) im K\u00f6rper wirkt.<\/p>\n<p>Armodafinil hemmt andere Nerven und Substanzen, die f\u00fcr die Aufnahme einer h\u00f6heren Menge an Dopamin im K\u00f6rper verantwortlich sind, und f\u00f6rdert so die Gehirnfunktion in Bezug auf Wachsamkeit, verbessertes Denken, geistige Sch\u00e4rfe, verbesserte Stimmung und Konzentration, Wahrnehmung, Fokus, Motivation und Energiepegel.<\/p>\n<div class=\"su-divider su-divider-style-default\" style=\"margin:10px 0;border-width:3px;border-color:#ffffff00\"><a href=\"#\" style=\"color:#ffffff009\">.<\/a><\/div>\n<h2>Sichere Dosierung und richtige Anwendung<\/h2>\n<div class=\"su-divider su-divider-style-default\" style=\"margin:10px 0;border-width:3px;border-color:#ffffff00\"><a href=\"#\" style=\"color:#ffffff009\">.<\/a><\/div>\nEs wird dringend empfohlen, 150 mg pro Tag (1 Tablette) einzunehmen. Wenn Sie die Dosis \u00fcberschreiten, erh\u00f6ht sich das Risiko von Nebenwirkungen.<\/p>\n<p>Auf jeden Fall k\u00f6nnen Sie die Einnahme immer aufteilen. Wenn Sie Narkolepsie behandeln, nehmen Sie es am besten morgens nach dem Aufwachen oder 1 Stunde vor der Arbeit oder dem Studium ein. Seine Wirkungsdauer betr\u00e4gt mehr als 10 Stunden.  <\/p>\n<p>Eine schnellere Wirkung wird erzielt, wenn Sie es auf n\u00fcchternen Magen mit Wasser einnehmen. Der H\u00f6hepunkt der Wirkung wird in 2-3 Stunden nach der richtigen Einnahme erreicht. <\/p>\n<p>Beachten Sie, dass es sich um ein verschreibungspflichtiges Medikament handelt und Sie zun\u00e4chst einen Arzt konsultieren sollten.<\/p>\n<div class=\"su-divider su-divider-style-default\" style=\"margin:10px 0;border-width:3px;border-color:#ffffff00\"><a href=\"#\" style=\"color:#ffffff009\">.<\/a><\/div>\n<h2>M\u00f6gliche Nebenwirkungen<\/h2>\n<div class=\"su-divider su-divider-style-default\" style=\"margin:10px 0;border-width:3px;border-color:#ffffff00\"><a href=\"#\" style=\"color:#ffffff009\">.<\/a><\/div>\nDieses Medikament verursacht selten negative Auswirkungen. H\u00e4ufige Nebenwirkungen sind jedoch Nasenverstopfung, R\u00fcckenschmerzen, Angstzust\u00e4nde, Schlaflosigkeit, Dyspepsie, Durchfall, \u00dcbelkeit, Kopfschmerzen. <\/p>\n<p>Sehr viel seltener, aber mitunter schwerwiegende negative Auswirkungen k\u00f6nnen sein: unregelm\u00e4\u00dfiger Herzschlag, Erbrechen, Hautausschlag, dunkler Urin, Mundgeschw\u00fcre, Urtikaria, Nesselsucht, Hautjucken.<\/p>\n<p>Wenn eine der Nebenwirkungen nach der kontinuierlichen Einnahme oder dem Absetzen des Medikaments nicht verschwindet und sich der Gesundheitszustand verschlechtert, sollten Sie sofort einen Arzt aufsuchen.<\/p>\n[\/vc_column][vc_column width=\u201d1\/2\u2033]\n<div class=\"su-divider su-divider-style-default\" style=\"margin:10px 0;border-width:3px;border-color:#ffffff00\"><a href=\"#\" style=\"color:#ffffff009\">.<\/a><\/div>\n<h2>Gegenanzeigen und Vorsichtsma\u00dfnahmen<\/h2>\n<div class=\"su-divider su-divider-style-default\" style=\"margin:10px 0;border-width:3px;border-color:#ffffff00\"><a href=\"#\" style=\"color:#ffffff009\">.<\/a><\/div>\nWie bei jedem anderen Medikament auch, k\u00f6nnen Vorsichtsma\u00dfnahmen und Warnhinweise auf dem Beipackzettel stehen. Bevor Sie Modafinil einnehmen, sollten Sie die von einem Facharzt empfohlenen Vorsichtsma\u00dfnahmen ergreifen und vor allem die Anweisungen in der Packungsbeilage befolgen. <\/p>\n<p>Artvigil interagiert mit einigen Medikamenten wie z.B.:<\/p>\n<div class=\"su-divider su-divider-style-default\" style=\"margin:10px 0;border-width:3px;border-color:#ffffff00\"><a href=\"#\" style=\"color:#ffffff009\">.<\/a><\/div>\n<ul>\n<li>Beruhigungsmittel oder Hypnotika;<\/li>\n<li>Antispasmodika;<\/li>\n<li>Antidepressiva;<\/li>\n<li>Medikamente zur Geburtenkontrolle;<\/li>\n<li>Antikonvulsiva.<\/li>\n<\/ul>\n<div class=\"su-divider su-divider-style-default\" style=\"margin:10px 0;border-width:3px;border-color:#ffffff00\"><a href=\"#\" style=\"color:#ffffff009\">.<\/a><\/div>\nDies ist keine vollst\u00e4ndige Liste. Achten Sie zum Beispiel auf bestimmte Gesundheitszust\u00e4nde wie Herzprobleme.<\/p>\n<p>Trinken Sie auch keinen Alkohol, w\u00e4hrend Sie Artvigil einnehmen. Fahren Sie nicht Auto und bedienen Sie keine schweren Maschinen, nachdem Sie Armodafinil eingenommen haben, da dies zu Schwindel oder verschwommenem Sehen f\u00fchren kann. Beenden Sie die Einnahme von Armodafinil auch nicht pl\u00f6tzlich \u2013 dies kann zu Entzugserscheinungen f\u00fchren.  <\/p>\n<div class=\"su-divider su-divider-style-default\" style=\"margin:10px 0;border-width:3px;border-color:#ffffff00\"><a href=\"#\" style=\"color:#ffffff009\">.<\/a><\/div>\n<h2>Verbrauchererfahrung<\/h2>\n<div class=\"su-divider su-divider-style-default\" style=\"margin:10px 0;border-width:3px;border-color:#ffffff00\"><a href=\"#\" style=\"color:#ffffff009\">.<\/a><\/div>\nWarum brauchen Sie kostenlose Proben von Modafinil und Artvigil? Die Wahrheit ist: Bevor Sie sich entscheiden, Smart Drugs in gro\u00dfen Mengen zu bestellen, testen Sie am besten die Wirksamkeit und Vertr\u00e4glichkeit. Verschiedene Menschen sprechen unterschiedlich auf ihre Medikamente an. Holen Sie sich diese kostenlose Probe und testen Sie Ihre Erfahrungen.   <\/p>\n<p>In unseren Kundenrezensionen bewerteten mehrere von ihnen dieses Medikament als sicher, wirksam und gut vertr\u00e4glich. Es f\u00f6rdert die Wachsamkeit und steigert effektiv die kognitiven Funktionen. Obwohl es sich um ein starkes Medikament handelt, das f\u00fcr verschiedene Schlafst\u00f6rungen zugelassen ist, bewerten mehrere Personen in den Online-Medikamentenbewertungen Modafinil positiv, wenn es um seine kognitive Wirkung geht.  <\/p>\n<p>Die Menschen bewerteten Artvigil 150 mg mit Wirkungen wie gesteigerte Konzentration, Fokussierung, Steigerung des Ged\u00e4chtnisses und der geistigen Sch\u00e4rfe. Einigen vertrauensw\u00fcrdigen Nachrichtenquellen zufolge bewerten die meisten Top-CEOs und Fachleute Modafinil und Armodafinil positiv, da es ihre kognitiven F\u00e4higkeiten und ihre Kreativit\u00e4t steigert, w\u00e4hrend andere Arbeitnehmer sagen, dass es ihre Produktivit\u00e4t bei der Arbeit steigert, da es sie wach und aufmerksam macht. <\/p>\n<div class=\"su-divider su-divider-style-default\" style=\"margin:10px 0;border-width:3px;border-color:#ffffff00\"><a href=\"#\" style=\"color:#ffffff009\">.<\/a><\/div>\n<h2>Wie Sie kostenlos Armodafinil (Testversion Artvigil 150mg) online erhalten<\/h2>\n<div class=\"su-divider su-divider-style-default\" style=\"margin:10px 0;border-width:3px;border-color:#ffffff00\"><a href=\"#\" style=\"color:#ffffff009\">.<\/a><\/div>\nEs ist notwendig, sich Testmuster von Armodafinil-Medikamenten zu besorgen. Es ist kein gro\u00dfer Aufwand und eine Garantie daf\u00fcr, dass Sie testen, wie eine bestimmte E-Apotheke ihr Gesch\u00e4ft betreibt und wie es um die Qualit\u00e4t und Wirksamkeit ihrer Medikamente bestellt ist. <\/p>\n<p>Das ist es, was wir in der <a href=\"https:\/\/buymodafinilonline.com\/de\/\">BuyModafinilOnline Apotheke<\/a> tun. Wir halten, was wir versprechen und bieten nur echte Medikamente von seri\u00f6sen und vertrauensw\u00fcrdigen Pharmaunternehmen an. <\/p>\n<p>Entscheiden Sie sich, mehr Tabletten zu bestellen? <a href=\"https:\/\/buymodafinilonline.com\/de\/smarte-medikamente\/modvigil-200-mg\/\">Modvigil 200 mg<\/a>, <a href=\"https:\/\/buymodafinilonline.com\/de\/smarte-medikamente\/vilafinil-200-mg\/\">Vilafinil 200 mg<\/a>, <a href=\"https:\/\/buymodafinilonline.com\/de\/smarte-medikamente\/modalert-200-mg\/\">Modalert 200 mg<\/a> und viele andere Nootropika sind f\u00fcr jeden erh\u00e4ltlich!<\/p>\n<p>BuyModafinilOnline ist die ultimative E-Apotheke, die verschiedene preissenkende Erfahrungen bietet, darunter Gutscheine, Rabatte<a href=\"https:\/\/buymodafinilonline.com\/de\/mit-bitcoin-zahlen-33-rabatt-erhalten\/\">(23% Rabatt bei Zahlung mit Bitcoin<\/a>) und Angebote. Sie k\u00f6nnen einen $30-Gutschein erhalten, wenn Sie eine Bewertung schreiben oder wenn Sie ein wiederkehrender Kunde sind ($25). <\/p>\n<p>Die Preise f\u00fcr Medikamente aus unserer E-Apotheke sind extrem niedrig, da sie auf den Herstellungskosten basieren.<\/p>\n<div class=\"su-divider su-divider-style-default\" style=\"margin:10px 0;border-width:3px;border-color:#ffffff00\"><a href=\"#\" style=\"color:#ffffff009\">.<\/a><\/div>\n[\/vc_column]\n","protected":false},"excerpt":{"rendered":"<p>Artvigil 150 mg (von HAB Pharma) ist Armodafinil, das die Motivation erh\u00f6ht, die geistige Aktivit\u00e4t steigert und hilft, sich bei der Arbeit zu konzentrieren. Kann dieses Medikament auch bei Ihnen wirken? Wir sind bereit, Ihnen 10 kostenlose Armodafinil-Probepackungen zur Verf\u00fcgung zu stellen.  <\/p>\n<p>Sie m\u00fcssen nur f\u00fcr den Versand bezahlen ($29 f\u00fcr den Standardversand oder $39 f\u00fcr den Expressversand &#8211; nur 7 Tage Lieferzeit).<\/p>\n[sc name=\"s1\"]\n[sc name=\"free-samples-notice-product\"]\n","protected":false},"featured_media":398133,"comment_status":"closed","ping_status":"closed","template":"","meta":{"_acf_changed":false},"product_brand":[],"product_cat":[4241,3786,8918],"product_tag":[4950],"class_list":{"0":"post-404335","1":"product","2":"type-product","3":"status-publish","4":"has-post-thumbnail","6":"product_cat-kostenlose-testphase","7":"product_cat-smart-drugs-brands","8":"product_cat-us-domestic-shipping-de","9":"product_tag-armodafinil-de-2","11":"first","12":"instock","13":"sale","14":"shipping-taxable","15":"purchasable","16":"product-type-simple"},"acf":[],"yoast_head":"<!-- This site is optimized with the Yoast SEO Premium plugin v23.6 (Yoast SEO v27.5) - https:\/\/yoast.com\/product\/yoast-seo-premium-wordpress\/ -->\n<title>Erhalten Sie kostenlose Armodafinil-Proben (Artvigil 150 mg Probepackung) - BuyModafinilOnline<\/title>\n<meta name=\"description\" content=\"Hier k\u00f6nnen Sie 10 kostenlose Armodafinil-Proben rezeptfrei online erhalten. Eine 100% legale Probepackung Artvigil 150 mg erhalten Sie mit jeder Bestellung in Ihrem Warenkorb auf BuyModafinilOnline!\" \/>\n<meta name=\"robots\" content=\"index, follow, max-snippet:-1, max-image-preview:large, max-video-preview:-1\" \/>\n<link rel=\"canonical\" href=\"https:\/\/buymodafinilonline.com\/de\/smarte-medikamente\/kostenlose-armodafinil-proben-artvigil-150-mg\/\" \/>\n<meta property=\"og:locale\" content=\"de_DE\" \/>\n<meta property=\"og:type\" content=\"article\" \/>\n<meta property=\"og:title\" content=\"Kostenlose Artvigil 150 mg Armodafinil-Proben\" \/>\n<meta property=\"og:description\" content=\"Hier k\u00f6nnen Sie 10 kostenlose Armodafinil-Proben rezeptfrei online erhalten. Eine 100% legale Probepackung Artvigil 150 mg erhalten Sie mit jeder Bestellung in Ihrem Warenkorb auf BuyModafinilOnline!\" \/>\n<meta property=\"og:url\" content=\"https:\/\/buymodafinilonline.com\/de\/smarte-medikamente\/kostenlose-armodafinil-proben-artvigil-150-mg\/\" \/>\n<meta property=\"og:site_name\" content=\"BuyModafinilOnline.com\" \/>\n<meta property=\"article:modified_time\" content=\"2026-01-28T19:02:38+00:00\" \/>\n<meta property=\"og:image\" content=\"https:\/\/buymodafinilonline.com\/wp-content\/uploads\/2020\/04\/bmo-product-artvigil-free-samples-.png\" \/>\n\t<meta property=\"og:image:width\" content=\"1280\" \/>\n\t<meta property=\"og:image:height\" content=\"1500\" \/>\n\t<meta property=\"og:image:type\" content=\"image\/png\" \/>\n<meta name=\"twitter:label1\" content=\"Gesch\u00e4tzte Lesezeit\" \/>\n\t<meta name=\"twitter:data1\" content=\"5\u00a0Minuten\" \/>\n<script type=\"application\/ld+json\" class=\"yoast-schema-graph\">{\"@context\":\"https:\\\/\\\/schema.org\",\"@graph\":[{\"@type\":\"WebPage\",\"@id\":\"https:\\\/\\\/buymodafinilonline.com\\\/de\\\/smarte-medikamente\\\/kostenlose-armodafinil-proben-artvigil-150-mg\\\/\",\"url\":\"https:\\\/\\\/buymodafinilonline.com\\\/de\\\/smarte-medikamente\\\/kostenlose-armodafinil-proben-artvigil-150-mg\\\/\",\"name\":\"Erhalten Sie kostenlose Armodafinil-Proben (Artvigil 150 mg Probepackung) - BuyModafinilOnline\",\"isPartOf\":{\"@id\":\"https:\\\/\\\/buymodafinilonline.com\\\/de\\\/#website\"},\"primaryImageOfPage\":{\"@id\":\"https:\\\/\\\/buymodafinilonline.com\\\/de\\\/smarte-medikamente\\\/kostenlose-armodafinil-proben-artvigil-150-mg\\\/#primaryimage\"},\"image\":{\"@id\":\"https:\\\/\\\/buymodafinilonline.com\\\/de\\\/smarte-medikamente\\\/kostenlose-armodafinil-proben-artvigil-150-mg\\\/#primaryimage\"},\"thumbnailUrl\":\"https:\\\/\\\/buymodafinilonline.com\\\/wp-content\\\/uploads\\\/2020\\\/04\\\/bmo-product-artvigil-free-samples-.png\",\"datePublished\":\"2020-03-23T22:44:33+00:00\",\"dateModified\":\"2026-01-28T19:02:38+00:00\",\"description\":\"Hier k\u00f6nnen Sie 10 kostenlose Armodafinil-Proben rezeptfrei online erhalten. Eine 100% legale Probepackung Artvigil 150 mg erhalten Sie mit jeder Bestellung in Ihrem Warenkorb auf BuyModafinilOnline!\",\"breadcrumb\":{\"@id\":\"https:\\\/\\\/buymodafinilonline.com\\\/de\\\/smarte-medikamente\\\/kostenlose-armodafinil-proben-artvigil-150-mg\\\/#breadcrumb\"},\"inLanguage\":\"de\",\"potentialAction\":[{\"@type\":\"ReadAction\",\"target\":[\"https:\\\/\\\/buymodafinilonline.com\\\/de\\\/smarte-medikamente\\\/kostenlose-armodafinil-proben-artvigil-150-mg\\\/\"]}]},{\"@type\":\"ImageObject\",\"inLanguage\":\"de\",\"@id\":\"https:\\\/\\\/buymodafinilonline.com\\\/de\\\/smarte-medikamente\\\/kostenlose-armodafinil-proben-artvigil-150-mg\\\/#primaryimage\",\"url\":\"https:\\\/\\\/buymodafinilonline.com\\\/wp-content\\\/uploads\\\/2020\\\/04\\\/bmo-product-artvigil-free-samples-.png\",\"contentUrl\":\"https:\\\/\\\/buymodafinilonline.com\\\/wp-content\\\/uploads\\\/2020\\\/04\\\/bmo-product-artvigil-free-samples-.png\",\"width\":1280,\"height\":1500,\"caption\":\"Kostenlose Artvigil 150 mg Armodafinil-Proben\"},{\"@type\":\"BreadcrumbList\",\"@id\":\"https:\\\/\\\/buymodafinilonline.com\\\/de\\\/smarte-medikamente\\\/kostenlose-armodafinil-proben-artvigil-150-mg\\\/#breadcrumb\",\"itemListElement\":[{\"@type\":\"ListItem\",\"position\":1,\"name\":\"Buy Modafinil Online\",\"item\":\"https:\\\/\\\/buymodafinilonline.com\\\/de\\\/\"},{\"@type\":\"ListItem\",\"position\":2,\"name\":\"Shop\",\"item\":\"https:\\\/\\\/buymodafinilonline.com\\\/de\\\/shop-2\\\/\"},{\"@type\":\"ListItem\",\"position\":3,\"name\":\"Kostenlose Testphase\",\"item\":\"https:\\\/\\\/buymodafinilonline.com\\\/de\\\/produkt-kategorie\\\/kostenlose-testphase\\\/\"},{\"@type\":\"ListItem\",\"position\":4,\"name\":\"Kostenlose Artvigil 150 mg Armodafinil-Proben\"}]},{\"@type\":\"WebSite\",\"@id\":\"https:\\\/\\\/buymodafinilonline.com\\\/de\\\/#website\",\"url\":\"https:\\\/\\\/buymodafinilonline.com\\\/de\\\/\",\"name\":\"BuyModafinilOnline.com\",\"description\":\"Modafinil Online Pharmacy\",\"publisher\":{\"@id\":\"https:\\\/\\\/buymodafinilonline.com\\\/de\\\/#organization\"},\"potentialAction\":[{\"@type\":\"SearchAction\",\"target\":{\"@type\":\"EntryPoint\",\"urlTemplate\":\"https:\\\/\\\/buymodafinilonline.com\\\/de\\\/?s={search_term_string}\"},\"query-input\":{\"@type\":\"PropertyValueSpecification\",\"valueRequired\":true,\"valueName\":\"search_term_string\"}}],\"inLanguage\":\"de\"},{\"@type\":\"Organization\",\"@id\":\"https:\\\/\\\/buymodafinilonline.com\\\/de\\\/#organization\",\"name\":\"BuyModafinilOnline\",\"url\":\"https:\\\/\\\/buymodafinilonline.com\\\/de\\\/\",\"logo\":{\"@type\":\"ImageObject\",\"inLanguage\":\"de\",\"@id\":\"https:\\\/\\\/buymodafinilonline.com\\\/de\\\/#\\\/schema\\\/logo\\\/image\\\/\",\"url\":\"https:\\\/\\\/buymodafinilonline.com\\\/wp-content\\\/uploads\\\/2020\\\/04\\\/logo-buy-modafinil-online-yellow.png\",\"contentUrl\":\"https:\\\/\\\/buymodafinilonline.com\\\/wp-content\\\/uploads\\\/2020\\\/04\\\/logo-buy-modafinil-online-yellow.png\",\"width\":200,\"height\":200,\"caption\":\"BuyModafinilOnline\"},\"image\":{\"@id\":\"https:\\\/\\\/buymodafinilonline.com\\\/de\\\/#\\\/schema\\\/logo\\\/image\\\/\"}}]}<\/script>\n<!-- \/ Yoast SEO Premium plugin. -->","yoast_head_json":{"title":"Erhalten Sie kostenlose Armodafinil-Proben (Artvigil 150 mg Probepackung) - BuyModafinilOnline","description":"Hier k\u00f6nnen Sie 10 kostenlose Armodafinil-Proben rezeptfrei online erhalten. Eine 100% legale Probepackung Artvigil 150 mg erhalten Sie mit jeder Bestellung in Ihrem Warenkorb auf BuyModafinilOnline!","robots":{"index":"index","follow":"follow","max-snippet":"max-snippet:-1","max-image-preview":"max-image-preview:large","max-video-preview":"max-video-preview:-1"},"canonical":"https:\/\/buymodafinilonline.com\/de\/smarte-medikamente\/kostenlose-armodafinil-proben-artvigil-150-mg\/","og_locale":"de_DE","og_type":"article","og_title":"Kostenlose Artvigil 150 mg Armodafinil-Proben","og_description":"Hier k\u00f6nnen Sie 10 kostenlose Armodafinil-Proben rezeptfrei online erhalten. Eine 100% legale Probepackung Artvigil 150 mg erhalten Sie mit jeder Bestellung in Ihrem Warenkorb auf BuyModafinilOnline!","og_url":"https:\/\/buymodafinilonline.com\/de\/smarte-medikamente\/kostenlose-armodafinil-proben-artvigil-150-mg\/","og_site_name":"BuyModafinilOnline.com","article_modified_time":"2026-01-28T19:02:38+00:00","og_image":[{"width":1280,"height":1500,"url":"https:\/\/buymodafinilonline.com\/wp-content\/uploads\/2020\/04\/bmo-product-artvigil-free-samples-.png","type":"image\/png"}],"twitter_misc":{"Gesch\u00e4tzte Lesezeit":"5\u00a0Minuten"},"schema":{"@context":"https:\/\/schema.org","@graph":[{"@type":"WebPage","@id":"https:\/\/buymodafinilonline.com\/de\/smarte-medikamente\/kostenlose-armodafinil-proben-artvigil-150-mg\/","url":"https:\/\/buymodafinilonline.com\/de\/smarte-medikamente\/kostenlose-armodafinil-proben-artvigil-150-mg\/","name":"Erhalten Sie kostenlose Armodafinil-Proben (Artvigil 150 mg Probepackung) - BuyModafinilOnline","isPartOf":{"@id":"https:\/\/buymodafinilonline.com\/de\/#website"},"primaryImageOfPage":{"@id":"https:\/\/buymodafinilonline.com\/de\/smarte-medikamente\/kostenlose-armodafinil-proben-artvigil-150-mg\/#primaryimage"},"image":{"@id":"https:\/\/buymodafinilonline.com\/de\/smarte-medikamente\/kostenlose-armodafinil-proben-artvigil-150-mg\/#primaryimage"},"thumbnailUrl":"https:\/\/buymodafinilonline.com\/wp-content\/uploads\/2020\/04\/bmo-product-artvigil-free-samples-.png","datePublished":"2020-03-23T22:44:33+00:00","dateModified":"2026-01-28T19:02:38+00:00","description":"Hier k\u00f6nnen Sie 10 kostenlose Armodafinil-Proben rezeptfrei online erhalten. Eine 100% legale Probepackung Artvigil 150 mg erhalten Sie mit jeder Bestellung in Ihrem Warenkorb auf BuyModafinilOnline!","breadcrumb":{"@id":"https:\/\/buymodafinilonline.com\/de\/smarte-medikamente\/kostenlose-armodafinil-proben-artvigil-150-mg\/#breadcrumb"},"inLanguage":"de","potentialAction":[{"@type":"ReadAction","target":["https:\/\/buymodafinilonline.com\/de\/smarte-medikamente\/kostenlose-armodafinil-proben-artvigil-150-mg\/"]}]},{"@type":"ImageObject","inLanguage":"de","@id":"https:\/\/buymodafinilonline.com\/de\/smarte-medikamente\/kostenlose-armodafinil-proben-artvigil-150-mg\/#primaryimage","url":"https:\/\/buymodafinilonline.com\/wp-content\/uploads\/2020\/04\/bmo-product-artvigil-free-samples-.png","contentUrl":"https:\/\/buymodafinilonline.com\/wp-content\/uploads\/2020\/04\/bmo-product-artvigil-free-samples-.png","width":1280,"height":1500,"caption":"Kostenlose Artvigil 150 mg Armodafinil-Proben"},{"@type":"BreadcrumbList","@id":"https:\/\/buymodafinilonline.com\/de\/smarte-medikamente\/kostenlose-armodafinil-proben-artvigil-150-mg\/#breadcrumb","itemListElement":[{"@type":"ListItem","position":1,"name":"Buy Modafinil Online","item":"https:\/\/buymodafinilonline.com\/de\/"},{"@type":"ListItem","position":2,"name":"Shop","item":"https:\/\/buymodafinilonline.com\/de\/shop-2\/"},{"@type":"ListItem","position":3,"name":"Kostenlose Testphase","item":"https:\/\/buymodafinilonline.com\/de\/produkt-kategorie\/kostenlose-testphase\/"},{"@type":"ListItem","position":4,"name":"Kostenlose Artvigil 150 mg Armodafinil-Proben"}]},{"@type":"WebSite","@id":"https:\/\/buymodafinilonline.com\/de\/#website","url":"https:\/\/buymodafinilonline.com\/de\/","name":"BuyModafinilOnline.com","description":"Modafinil Online Pharmacy","publisher":{"@id":"https:\/\/buymodafinilonline.com\/de\/#organization"},"potentialAction":[{"@type":"SearchAction","target":{"@type":"EntryPoint","urlTemplate":"https:\/\/buymodafinilonline.com\/de\/?s={search_term_string}"},"query-input":{"@type":"PropertyValueSpecification","valueRequired":true,"valueName":"search_term_string"}}],"inLanguage":"de"},{"@type":"Organization","@id":"https:\/\/buymodafinilonline.com\/de\/#organization","name":"BuyModafinilOnline","url":"https:\/\/buymodafinilonline.com\/de\/","logo":{"@type":"ImageObject","inLanguage":"de","@id":"https:\/\/buymodafinilonline.com\/de\/#\/schema\/logo\/image\/","url":"https:\/\/buymodafinilonline.com\/wp-content\/uploads\/2020\/04\/logo-buy-modafinil-online-yellow.png","contentUrl":"https:\/\/buymodafinilonline.com\/wp-content\/uploads\/2020\/04\/logo-buy-modafinil-online-yellow.png","width":200,"height":200,"caption":"BuyModafinilOnline"},"image":{"@id":"https:\/\/buymodafinilonline.com\/de\/#\/schema\/logo\/image\/"}}]}},"_links":{"self":[{"href":"https:\/\/buymodafinilonline.com\/de\/wp-json\/wp\/v2\/product\/404335","targetHints":{"allow":["GET"]}}],"collection":[{"href":"https:\/\/buymodafinilonline.com\/de\/wp-json\/wp\/v2\/product"}],"about":[{"href":"https:\/\/buymodafinilonline.com\/de\/wp-json\/wp\/v2\/types\/product"}],"replies":[{"embeddable":true,"href":"https:\/\/buymodafinilonline.com\/de\/wp-json\/wp\/v2\/comments?post=404335"}],"wp:featuredmedia":[{"embeddable":true,"href":"https:\/\/buymodafinilonline.com\/de\/wp-json\/wp\/v2\/media\/398133"}],"wp:attachment":[{"href":"https:\/\/buymodafinilonline.com\/de\/wp-json\/wp\/v2\/media?parent=404335"}],"wp:term":[{"taxonomy":"product_brand","embeddable":true,"href":"https:\/\/buymodafinilonline.com\/de\/wp-json\/wp\/v2\/product_brand?post=404335"},{"taxonomy":"product_cat","embeddable":true,"href":"https:\/\/buymodafinilonline.com\/de\/wp-json\/wp\/v2\/product_cat?post=404335"},{"taxonomy":"product_tag","embeddable":true,"href":"https:\/\/buymodafinilonline.com\/de\/wp-json\/wp\/v2\/product_tag?post=404335"}],"curies":[{"name":"wp","href":"https:\/\/api.w.org\/{rel}","templated":true}]}}