{"id":404422,"date":"2020-03-23T16:59:08","date_gmt":"2020-03-23T15:59:08","guid":{"rendered":"https:\/\/buymodafinilonline.com\/smart-drugs\/artvigil-150-mg\/"},"modified":"2025-12-18T18:00:15","modified_gmt":"2025-12-18T17:00:15","slug":"artvigil-150-mg","status":"publish","type":"product","link":"https:\/\/buymodafinilonline.com\/de\/smarte-medikamente\/artvigil-150-mg\/","title":{"rendered":"Artvigil 150 mg"},"content":{"rendered":"[vc_column width=&#8221;1\/2&#8243;]\n<div class=\"su-divider su-divider-style-default\" style=\"margin:10px 0;border-width:3px;border-color:#ffffff00\"><a href=\"#\" style=\"color:#ffffff009\">.<\/a><\/div>\n<h2>Was ist Artvigil 150 mg?<\/h2>\n<div class=\"su-divider su-divider-style-default\" style=\"margin:10px 0;border-width:3px;border-color:#ffffff00\"><a href=\"#\" style=\"color:#ffffff009\">.<\/a><\/div>\nArtvigil 150 mg ist ein beliebtes Medikament zur Bek\u00e4mpfung von Tagesm\u00fcdigkeit und extremer Schl\u00e4frigkeit bei Anwendern. Es enth\u00e4lt Armodafinil als aktiven Bestandteil und hat sich in den letzten Jahren als sehr wirksam bei der Bek\u00e4mpfung von extremer Schl\u00e4frigkeit und Motivationsmangel erwiesen. <\/p>\n<p>Wenn Sie mit Medikamenten wie Modafinil oder Modalert vertraut sind, dann haben Sie wahrscheinlich schon einmal den Begriff &#8220;Nootropika&#8221; geh\u00f6rt, mit dem man um sich wirft. Artvigil geh\u00f6rt zu der Kategorie von Medikamenten, die als Nootropika bekannt sind, und hilft den Anwendern, den ganzen Tag \u00fcber konzentriert und wach zu bleiben, sowie eine l\u00e4ngere Zeit geistiger Wachheit zu genie\u00dfen. <\/p>\n<p>Dank seiner hohen Erfolgsquote wird dieses Medikament von einer gro\u00dfen Anzahl von Menschen verwendet, darunter Studenten, K\u00fcnstler und Menschen, die einen regul\u00e4ren 9-5 Job haben.<\/p>\n<div class=\"su-divider su-divider-style-default\" style=\"margin:10px 0;border-width:3px;border-color:#ffffff00\"><a href=\"#\" style=\"color:#ffffff009\">.<\/a><\/div>\n<h2>Wie wirken diese Pillen?<\/h2>\n<div class=\"su-divider su-divider-style-default\" style=\"margin:10px 0;border-width:3px;border-color:#ffffff00\"><a href=\"#\" style=\"color:#ffffff009\">.<\/a><\/div>\nDer Wirkmechanismus von Artvigil ist seit Jahren ein teilweises Geheimnis geblieben. Viele Experten k\u00f6nnen nicht genau sagen, wie dieses Medikament wirkt. Die meisten gehen jedoch davon aus, dass es \u00fcber die Beeinflussung der Substanzen im Gehirn wirkt, die den Schlaf-Wach-Rhythmus steuern.  <\/p>\n<p>Genau wie Modafinil blockiert Armodafinil (der aktive Bestandteil von Artvigil) die Wiederaufnahme von Dopamin, indem es sich an den Dopamintransporter bindet und die Dopaminkonzentration in bestimmten Regionen des Gehirns erh\u00f6ht.<\/p>\n<p>Dadurch wird die Produktivit\u00e4t gesteigert und die Aufmerksamkeit des Nutzers auf ein nie gekanntes Niveau gehoben.<\/p>\n<div class=\"su-divider su-divider-style-default\" style=\"margin:10px 0;border-width:3px;border-color:#ffffff00\"><a href=\"#\" style=\"color:#ffffff009\">.<\/a><\/div>\n<h2>Sichere Dosierung und richtige Anwendung<\/h2>\n<div class=\"su-divider su-divider-style-default\" style=\"margin:10px 0;border-width:3px;border-color:#ffffff00\"><a href=\"#\" style=\"color:#ffffff009\">.<\/a><\/div>\nObwohl Artvigil 150mg eine h\u00f6chst &#8220;magische&#8221; Pille ist, sollte sie mit absoluter Vorsicht verwendet werden. Da die Wirkung dieses Medikaments in der Regel \u00fcber einen l\u00e4ngeren Zeitraum anh\u00e4lt, ist es ratsam, es morgens, eine Stunde vor der Arbeitsschicht, einzunehmen. <\/p>\n<p>Die Wirkung einer einzigen Pille h\u00e4lt den ganzen Tag \u00fcber an, so dass es absolut nicht notwendig ist, mehr zu nehmen. Bei der Verwendung dieses Medikaments ist es wichtig, sich an die empfohlene Dosierung zu halten. <\/p>\n<p>Vermeiden Sie es schlie\u00dflich, dieses Medikament als Alternative zum Schlaf zu verwenden, da das nat\u00fcrliche Schlafbed\u00fcrfnis Ihres K\u00f6rpers Sie schlie\u00dflich einholen wird.<\/p>\n<div class=\"su-divider su-divider-style-default\" style=\"margin:10px 0;border-width:3px;border-color:#ffffff00\"><a href=\"#\" style=\"color:#ffffff009\">.<\/a><\/div>\n<h2>M\u00f6gliche Nebenwirkungen<\/h2>\n<div class=\"su-divider su-divider-style-default\" style=\"margin:10px 0;border-width:3px;border-color:#ffffff00\"><a href=\"#\" style=\"color:#ffffff009\">.<\/a><\/div>\nBei der Einnahme von Artvigil 150 mg ist es ganz normal, dass bestimmte Nebenwirkungen auftreten, wobei die h\u00e4ufigste Schlaflosigkeit ist. Da es speziell zur Bek\u00e4mpfung von Schl\u00e4frigkeit entwickelt wurde, ist es nicht verwunderlich, dass es bei einigen Anwendern zu Schlaflosigkeit f\u00fchren kann. <\/p>\n<p>Andere h\u00e4ufige Nebenwirkungen dieses Medikaments sind Kopfschmerzen, \u00dcbelkeit, Schwindel und in einigen F\u00e4llen Mundtrockenheit.<\/p>\n<p>Es gibt einige ernstere negative Reaktionen, die aus der Verwendung dieses Medikaments resultieren k\u00f6nnen. Sie treten zwar selten auf, aber wenn sie auftreten, ist es immer ratsam, sofort einen Arzt aufzusuchen. Einige dieser Nachwirkungen sind Zittern, Halluzinationen, Depressionen usw.<\/p>\n[\/vc_column][vc_column width=&#8221;1\/2&#8243;]\n<div class=\"su-divider su-divider-style-default\" style=\"margin:10px 0;border-width:3px;border-color:#ffffff00\"><a href=\"#\" style=\"color:#ffffff009\">.<\/a><\/div>\nMehrere Anwender berichten, dass Artvigil zu Appetitlosigkeit f\u00fchren kann. Daher sollten Menschen, die dieses Medikament \u00fcber einen l\u00e4ngeren Zeitraum einnehmen wollen, auf einen extremen Gewichtsverlust achten. <\/p>\n<div class=\"su-divider su-divider-style-default\" style=\"margin:10px 0;border-width:3px;border-color:#ffffff00\"><a href=\"#\" style=\"color:#ffffff009\">.<\/a><\/div>\n<h2>Gegenanzeigen und Vorsichtsma\u00dfnahmen<\/h2>\n<div class=\"su-divider su-divider-style-default\" style=\"margin:10px 0;border-width:3px;border-color:#ffffff00\"><a href=\"#\" style=\"color:#ffffff009\">.<\/a><\/div>\nWechselwirkungen mit anderen Medikamenten ver\u00e4ndern in der Regel die Wirkungsweise des Medikaments oder erh\u00f6hen das Risiko schwerer Nebenwirkungen. Artvigil kann mit Stra\u00dfendrogen wie Methamphetamin und einigen verschreibungspflichtigen und rezeptfreien Medikamenten interagieren: <\/p>\n<div class=\"su-divider su-divider-style-default\" style=\"margin:10px 0;border-width:3px;border-color:#ffffff00\"><a href=\"#\" style=\"color:#ffffff009\">.<\/a><\/div>\n<ul>\n<li>Lisinopril;<\/li>\n<li>Clonazepam;<\/li>\n<li>Omeprazol;<\/li>\n<li>Xanax;<\/li>\n<li>Trazodon;<\/li>\n<li>Percocet.<\/li>\n<\/ul>\n<div class=\"su-divider su-divider-style-default\" style=\"margin:10px 0;border-width:3px;border-color:#ffffff00\"><a href=\"#\" style=\"color:#ffffff009\">.<\/a><\/div>\nDie gleichzeitige Einnahme von Koffein k\u00f6nnte auch die Nebenwirkungen verst\u00e4rken, die bei der Einnahme von Artvigil typischerweise auftreten. Auch Alkohol kann bei \u00fcberm\u00e4\u00dfigem Konsum Wechselwirkungen mit diesem Medikament hervorrufen. Dies ist keine vollst\u00e4ndige Substanz, die mit Artvigil interagieren kann. Wenden Sie sich an Ihren Arzt, um genauere Informationen \u00fcber die Wechselwirkungen zu erhalten.   <\/p>\n<div class=\"su-divider su-divider-style-default\" style=\"margin:10px 0;border-width:3px;border-color:#ffffff00\"><a href=\"#\" style=\"color:#ffffff009\">.<\/a><\/div>\n<h2>Verbrauchererfahrung<\/h2>\n<div class=\"su-divider su-divider-style-default\" style=\"margin:10px 0;border-width:3px;border-color:#ffffff00\"><a href=\"#\" style=\"color:#ffffff009\">.<\/a><\/div>\nBei einigen Medikamenten kann es schwierig sein, echte positive Bewertungen von Kunden zu finden, die das Medikament verwendet haben. Wenn es jedoch um Artvigil und andere Nootropika geht, sprechen die Fakten f\u00fcr sich. <\/p>\n<p>Viele Personen, die Artvigil 150 mg eingenommen haben, berichten von einer verbesserten Wachsamkeit und Konzentration. Die meisten von ihnen haben ihm in Bezug auf Wirksamkeit, Vertr\u00e4glichkeit und Benutzerfreundlichkeit ein gutes Zeugnis ausgestellt. <\/p>\n<p>Artvigil hilft den Anwendern, Aufgaben z\u00fcgig zu erledigen, ohne sich m\u00fcde, schl\u00e4frig oder ersch\u00f6pft zu f\u00fchlen. Bevor Sie Nootropika einnehmen, sollten Sie jedoch einen Arzt konsultieren. <\/p>\n<div class=\"su-divider su-divider-style-default\" style=\"margin:10px 0;border-width:3px;border-color:#ffffff00\"><a href=\"#\" style=\"color:#ffffff009\">.<\/a><\/div>\n<h2>Generisches Artvigil 150 mg (Armodafinil) online kaufen<\/h2>\n<div class=\"su-divider su-divider-style-default\" style=\"margin:10px 0;border-width:3px;border-color:#ffffff00\"><a href=\"#\" style=\"color:#ffffff009\">.<\/a><\/div>\nSuchen Sie den besten Ort, um Artvigil 150 mg online zu kaufen? Suchen Sie nicht weiter! In unserer Online-Apotheke bieten wir Artvigil zusammen mit anderen intelligenten Medikamenten zum Verkauf zu den niedrigsten Preisen an. Dar\u00fcber hinaus erhalten Kunden, die bei uns kaufen, ein gutes Preis-Leistungs-Verh\u00e4ltnis.   <\/p>\n<p>Wir haben ein attraktives Rabattsystem:<\/p>\n<div class=\"su-divider su-divider-style-default\" style=\"margin:10px 0;border-width:3px;border-color:#ffffff00\"><a href=\"#\" style=\"color:#ffffff009\">.<\/a><\/div>\n<ul>\n<li>$25 wiederkehrende Kunden;<\/li>\n<li>23% Rabatt, wenn Sie <a href=\"https:\/\/buymodafinilonline.com\/de\/mit-bitcoin-zahlen-33-rabatt-erhalten\/\">mit BTC bezahlen<\/a>.<\/li>\n<\/ul>\n<div class=\"su-divider su-divider-style-default\" style=\"margin:10px 0;border-width:3px;border-color:#ffffff00\"><a href=\"#\" style=\"color:#ffffff009\">.<\/a><\/div>\nArtvigil ist 10 Mal billiger als die Markenversion Nuvigil, aber die Qualit\u00e4t ist die gleiche. Auf <a href=\"https:\/\/buymodafinilonline.com\/de\/\">BuyModafinilOnline<\/a>, bieten wir nur echte generische Medikamente, wie Vilafinil 200mg, <a href=\"https:\/\/buymodafinilonline.com\/de\/smarte-medikamente\/waklert-150-mg-tablets\/\">Waklert 150mg<\/a>, Modaheal 200 mg, etc. Sie m\u00fcssen sich also keine Sorgen machen, dass Sie <a href=\"https:\/\/buymodafinilonline.com\/de\/wir-haben-keine-gefaelschten-modafinil-medikamente\/\">gef\u00e4lschte Smart Drugs<\/a> kaufen.  <\/p>\n<p>M\u00f6chten Sie Artvigil 150 mg zu einem g\u00fcnstigen Preis bestellen? Genie\u00dfen Sie ein neues und sicheres Einkaufserlebnis mit unserer Online-Apotheke.<\/p>\n[\/vc_column]\n<div class=\"su-divider su-divider-style-default\" style=\"margin:10px 0;border-width:3px;border-color:#ffffff00\"><a href=\"#\" style=\"color:#ffffff009\">.<\/a><\/div>\n","protected":false},"excerpt":{"rendered":"<p>Artvigil 150 mg von HAB Pharma ist eine Pille zur F\u00f6rderung der Konzentration und zur Bek\u00e4mpfung der Tagesm\u00fcdigkeit. Es enth\u00e4lt 150 mg Armodafinil und kann hier erworben werden. Bei unserer Apotheke k\u00f6nnen Sie sicher sein, dass Sie echte Pillen zu einem der niedrigsten Preise erhalten. Tolle Angebote und Rabatte \u00fcber Gutscheincodes und Gutscheine sind immer verf\u00fcgbar.   <\/p>\n[sc name=\"s1\"]\n","protected":false},"featured_media":404336,"comment_status":"closed","ping_status":"closed","template":"","meta":{"_acf_changed":false},"product_brand":[],"product_cat":[4231,3786],"product_tag":[4950],"class_list":{"0":"post-404422","1":"product","2":"type-product","3":"status-publish","4":"has-post-thumbnail","6":"product_cat-bestseller","7":"product_cat-smart-drugs-brands","8":"product_tag-armodafinil-de-2","10":"first","11":"instock","12":"sale","13":"featured","14":"shipping-taxable","15":"purchasable","16":"product-type-variable","17":"has-default-attributes"},"acf":[],"yoast_head":"<!-- This site is optimized with the Yoast SEO Premium plugin v23.6 (Yoast SEO v27.3) - https:\/\/yoast.com\/product\/yoast-seo-premium-wordpress\/ -->\n<title>Kaufen Sie billig Artvigil 150 mg (Armodafinil) aus Indien - BuyModafinilOnline<\/title>\n<meta name=\"description\" content=\"Bestellen Sie Artvigil 150 mg Medikamente online und erhalten Sie 23% Rabatt f\u00fcr Bitcoin-Zahlungen. Hier k\u00f6nnen Sie Artvigil (Armodafinil) mit 100% Liefergarantie kaufen. BuyModafinilOnline-Apotheke - der beste Ort, um sichere Nootropika zu kaufen.\" \/>\n<meta name=\"robots\" content=\"index, follow, max-snippet:-1, max-image-preview:large, max-video-preview:-1\" \/>\n<link rel=\"canonical\" href=\"https:\/\/buymodafinilonline.com\/de\/smarte-medikamente\/artvigil-150-mg\/\" \/>\n<meta property=\"og:locale\" content=\"de_DE\" \/>\n<meta property=\"og:type\" content=\"article\" \/>\n<meta property=\"og:title\" content=\"Artvigil 150 mg\" \/>\n<meta property=\"og:description\" content=\"Bestellen Sie Artvigil 150 mg Medikamente online und erhalten Sie 23% Rabatt f\u00fcr Bitcoin-Zahlungen. Hier k\u00f6nnen Sie Artvigil (Armodafinil) mit 100% Liefergarantie kaufen. BuyModafinilOnline-Apotheke - der beste Ort, um sichere Nootropika zu kaufen.\" \/>\n<meta property=\"og:url\" content=\"https:\/\/buymodafinilonline.com\/de\/smarte-medikamente\/artvigil-150-mg\/\" \/>\n<meta property=\"og:site_name\" content=\"BuyModafinilOnline.com\" \/>\n<meta property=\"article:modified_time\" content=\"2025-12-18T17:00:15+00:00\" \/>\n<meta property=\"og:image\" content=\"https:\/\/buymodafinilonline.com\/wp-content\/uploads\/2020\/04\/product-bmo-Artvigil-2.png\" \/>\n\t<meta property=\"og:image:width\" content=\"1280\" \/>\n\t<meta property=\"og:image:height\" content=\"1500\" \/>\n\t<meta property=\"og:image:type\" content=\"image\/png\" \/>\n<meta name=\"twitter:label1\" content=\"Gesch\u00e4tzte Lesezeit\" \/>\n\t<meta name=\"twitter:data1\" content=\"4\u00a0Minuten\" \/>\n<script type=\"application\/ld+json\" class=\"yoast-schema-graph\">{\"@context\":\"https:\\\/\\\/schema.org\",\"@graph\":[{\"@type\":\"WebPage\",\"@id\":\"https:\\\/\\\/buymodafinilonline.com\\\/de\\\/smarte-medikamente\\\/artvigil-150-mg\\\/\",\"url\":\"https:\\\/\\\/buymodafinilonline.com\\\/de\\\/smarte-medikamente\\\/artvigil-150-mg\\\/\",\"name\":\"Kaufen Sie billig Artvigil 150 mg (Armodafinil) aus Indien - BuyModafinilOnline\",\"isPartOf\":{\"@id\":\"https:\\\/\\\/buymodafinilonline.com\\\/de\\\/#website\"},\"primaryImageOfPage\":{\"@id\":\"https:\\\/\\\/buymodafinilonline.com\\\/de\\\/smarte-medikamente\\\/artvigil-150-mg\\\/#primaryimage\"},\"image\":{\"@id\":\"https:\\\/\\\/buymodafinilonline.com\\\/de\\\/smarte-medikamente\\\/artvigil-150-mg\\\/#primaryimage\"},\"thumbnailUrl\":\"https:\\\/\\\/buymodafinilonline.com\\\/wp-content\\\/uploads\\\/2020\\\/04\\\/product-bmo-Artvigil-2.png\",\"datePublished\":\"2020-03-23T15:59:08+00:00\",\"dateModified\":\"2025-12-18T17:00:15+00:00\",\"description\":\"Bestellen Sie Artvigil 150 mg Medikamente online und erhalten Sie 23% Rabatt f\u00fcr Bitcoin-Zahlungen. Hier k\u00f6nnen Sie Artvigil (Armodafinil) mit 100% Liefergarantie kaufen. BuyModafinilOnline-Apotheke - der beste Ort, um sichere Nootropika zu kaufen.\",\"breadcrumb\":{\"@id\":\"https:\\\/\\\/buymodafinilonline.com\\\/de\\\/smarte-medikamente\\\/artvigil-150-mg\\\/#breadcrumb\"},\"inLanguage\":\"de\",\"potentialAction\":[{\"@type\":\"ReadAction\",\"target\":[\"https:\\\/\\\/buymodafinilonline.com\\\/de\\\/smarte-medikamente\\\/artvigil-150-mg\\\/\"]}]},{\"@type\":\"ImageObject\",\"inLanguage\":\"de\",\"@id\":\"https:\\\/\\\/buymodafinilonline.com\\\/de\\\/smarte-medikamente\\\/artvigil-150-mg\\\/#primaryimage\",\"url\":\"https:\\\/\\\/buymodafinilonline.com\\\/wp-content\\\/uploads\\\/2020\\\/04\\\/product-bmo-Artvigil-2.png\",\"contentUrl\":\"https:\\\/\\\/buymodafinilonline.com\\\/wp-content\\\/uploads\\\/2020\\\/04\\\/product-bmo-Artvigil-2.png\",\"width\":1280,\"height\":1500,\"caption\":\"Artvigil 150 mg\"},{\"@type\":\"BreadcrumbList\",\"@id\":\"https:\\\/\\\/buymodafinilonline.com\\\/de\\\/smarte-medikamente\\\/artvigil-150-mg\\\/#breadcrumb\",\"itemListElement\":[{\"@type\":\"ListItem\",\"position\":1,\"name\":\"Buy Modafinil Online\",\"item\":\"https:\\\/\\\/buymodafinilonline.com\\\/de\\\/\"},{\"@type\":\"ListItem\",\"position\":2,\"name\":\"Shop\",\"item\":\"https:\\\/\\\/buymodafinilonline.com\\\/de\\\/shop-2\\\/\"},{\"@type\":\"ListItem\",\"position\":3,\"name\":\"Bestseller\",\"item\":\"https:\\\/\\\/buymodafinilonline.com\\\/de\\\/produkt-kategorie\\\/bestseller\\\/\"},{\"@type\":\"ListItem\",\"position\":4,\"name\":\"Artvigil 150 mg\"}]},{\"@type\":\"WebSite\",\"@id\":\"https:\\\/\\\/buymodafinilonline.com\\\/de\\\/#website\",\"url\":\"https:\\\/\\\/buymodafinilonline.com\\\/de\\\/\",\"name\":\"BuyModafinilOnline.com\",\"description\":\"Modafinil Online Pharmacy\",\"publisher\":{\"@id\":\"https:\\\/\\\/buymodafinilonline.com\\\/de\\\/#organization\"},\"potentialAction\":[{\"@type\":\"SearchAction\",\"target\":{\"@type\":\"EntryPoint\",\"urlTemplate\":\"https:\\\/\\\/buymodafinilonline.com\\\/de\\\/?s={search_term_string}\"},\"query-input\":{\"@type\":\"PropertyValueSpecification\",\"valueRequired\":true,\"valueName\":\"search_term_string\"}}],\"inLanguage\":\"de\"},{\"@type\":\"Organization\",\"@id\":\"https:\\\/\\\/buymodafinilonline.com\\\/de\\\/#organization\",\"name\":\"BuyModafinilOnline\",\"url\":\"https:\\\/\\\/buymodafinilonline.com\\\/de\\\/\",\"logo\":{\"@type\":\"ImageObject\",\"inLanguage\":\"de\",\"@id\":\"https:\\\/\\\/buymodafinilonline.com\\\/de\\\/#\\\/schema\\\/logo\\\/image\\\/\",\"url\":\"https:\\\/\\\/buymodafinilonline.com\\\/wp-content\\\/uploads\\\/2020\\\/04\\\/logo-buy-modafinil-online-yellow.png\",\"contentUrl\":\"https:\\\/\\\/buymodafinilonline.com\\\/wp-content\\\/uploads\\\/2020\\\/04\\\/logo-buy-modafinil-online-yellow.png\",\"width\":200,\"height\":200,\"caption\":\"BuyModafinilOnline\"},\"image\":{\"@id\":\"https:\\\/\\\/buymodafinilonline.com\\\/de\\\/#\\\/schema\\\/logo\\\/image\\\/\"}}]}<\/script>\n<!-- \/ Yoast SEO Premium plugin. -->","yoast_head_json":{"title":"Kaufen Sie billig Artvigil 150 mg (Armodafinil) aus Indien - BuyModafinilOnline","description":"Bestellen Sie Artvigil 150 mg Medikamente online und erhalten Sie 23% Rabatt f\u00fcr Bitcoin-Zahlungen. Hier k\u00f6nnen Sie Artvigil (Armodafinil) mit 100% Liefergarantie kaufen. BuyModafinilOnline-Apotheke - der beste Ort, um sichere Nootropika zu kaufen.","robots":{"index":"index","follow":"follow","max-snippet":"max-snippet:-1","max-image-preview":"max-image-preview:large","max-video-preview":"max-video-preview:-1"},"canonical":"https:\/\/buymodafinilonline.com\/de\/smarte-medikamente\/artvigil-150-mg\/","og_locale":"de_DE","og_type":"article","og_title":"Artvigil 150 mg","og_description":"Bestellen Sie Artvigil 150 mg Medikamente online und erhalten Sie 23% Rabatt f\u00fcr Bitcoin-Zahlungen. Hier k\u00f6nnen Sie Artvigil (Armodafinil) mit 100% Liefergarantie kaufen. BuyModafinilOnline-Apotheke - der beste Ort, um sichere Nootropika zu kaufen.","og_url":"https:\/\/buymodafinilonline.com\/de\/smarte-medikamente\/artvigil-150-mg\/","og_site_name":"BuyModafinilOnline.com","article_modified_time":"2025-12-18T17:00:15+00:00","og_image":[{"width":1280,"height":1500,"url":"https:\/\/buymodafinilonline.com\/wp-content\/uploads\/2020\/04\/product-bmo-Artvigil-2.png","type":"image\/png"}],"twitter_misc":{"Gesch\u00e4tzte Lesezeit":"4\u00a0Minuten"},"schema":{"@context":"https:\/\/schema.org","@graph":[{"@type":"WebPage","@id":"https:\/\/buymodafinilonline.com\/de\/smarte-medikamente\/artvigil-150-mg\/","url":"https:\/\/buymodafinilonline.com\/de\/smarte-medikamente\/artvigil-150-mg\/","name":"Kaufen Sie billig Artvigil 150 mg (Armodafinil) aus Indien - BuyModafinilOnline","isPartOf":{"@id":"https:\/\/buymodafinilonline.com\/de\/#website"},"primaryImageOfPage":{"@id":"https:\/\/buymodafinilonline.com\/de\/smarte-medikamente\/artvigil-150-mg\/#primaryimage"},"image":{"@id":"https:\/\/buymodafinilonline.com\/de\/smarte-medikamente\/artvigil-150-mg\/#primaryimage"},"thumbnailUrl":"https:\/\/buymodafinilonline.com\/wp-content\/uploads\/2020\/04\/product-bmo-Artvigil-2.png","datePublished":"2020-03-23T15:59:08+00:00","dateModified":"2025-12-18T17:00:15+00:00","description":"Bestellen Sie Artvigil 150 mg Medikamente online und erhalten Sie 23% Rabatt f\u00fcr Bitcoin-Zahlungen. Hier k\u00f6nnen Sie Artvigil (Armodafinil) mit 100% Liefergarantie kaufen. BuyModafinilOnline-Apotheke - der beste Ort, um sichere Nootropika zu kaufen.","breadcrumb":{"@id":"https:\/\/buymodafinilonline.com\/de\/smarte-medikamente\/artvigil-150-mg\/#breadcrumb"},"inLanguage":"de","potentialAction":[{"@type":"ReadAction","target":["https:\/\/buymodafinilonline.com\/de\/smarte-medikamente\/artvigil-150-mg\/"]}]},{"@type":"ImageObject","inLanguage":"de","@id":"https:\/\/buymodafinilonline.com\/de\/smarte-medikamente\/artvigil-150-mg\/#primaryimage","url":"https:\/\/buymodafinilonline.com\/wp-content\/uploads\/2020\/04\/product-bmo-Artvigil-2.png","contentUrl":"https:\/\/buymodafinilonline.com\/wp-content\/uploads\/2020\/04\/product-bmo-Artvigil-2.png","width":1280,"height":1500,"caption":"Artvigil 150 mg"},{"@type":"BreadcrumbList","@id":"https:\/\/buymodafinilonline.com\/de\/smarte-medikamente\/artvigil-150-mg\/#breadcrumb","itemListElement":[{"@type":"ListItem","position":1,"name":"Buy Modafinil Online","item":"https:\/\/buymodafinilonline.com\/de\/"},{"@type":"ListItem","position":2,"name":"Shop","item":"https:\/\/buymodafinilonline.com\/de\/shop-2\/"},{"@type":"ListItem","position":3,"name":"Bestseller","item":"https:\/\/buymodafinilonline.com\/de\/produkt-kategorie\/bestseller\/"},{"@type":"ListItem","position":4,"name":"Artvigil 150 mg"}]},{"@type":"WebSite","@id":"https:\/\/buymodafinilonline.com\/de\/#website","url":"https:\/\/buymodafinilonline.com\/de\/","name":"BuyModafinilOnline.com","description":"Modafinil Online Pharmacy","publisher":{"@id":"https:\/\/buymodafinilonline.com\/de\/#organization"},"potentialAction":[{"@type":"SearchAction","target":{"@type":"EntryPoint","urlTemplate":"https:\/\/buymodafinilonline.com\/de\/?s={search_term_string}"},"query-input":{"@type":"PropertyValueSpecification","valueRequired":true,"valueName":"search_term_string"}}],"inLanguage":"de"},{"@type":"Organization","@id":"https:\/\/buymodafinilonline.com\/de\/#organization","name":"BuyModafinilOnline","url":"https:\/\/buymodafinilonline.com\/de\/","logo":{"@type":"ImageObject","inLanguage":"de","@id":"https:\/\/buymodafinilonline.com\/de\/#\/schema\/logo\/image\/","url":"https:\/\/buymodafinilonline.com\/wp-content\/uploads\/2020\/04\/logo-buy-modafinil-online-yellow.png","contentUrl":"https:\/\/buymodafinilonline.com\/wp-content\/uploads\/2020\/04\/logo-buy-modafinil-online-yellow.png","width":200,"height":200,"caption":"BuyModafinilOnline"},"image":{"@id":"https:\/\/buymodafinilonline.com\/de\/#\/schema\/logo\/image\/"}}]}},"_links":{"self":[{"href":"https:\/\/buymodafinilonline.com\/de\/wp-json\/wp\/v2\/product\/404422","targetHints":{"allow":["GET"]}}],"collection":[{"href":"https:\/\/buymodafinilonline.com\/de\/wp-json\/wp\/v2\/product"}],"about":[{"href":"https:\/\/buymodafinilonline.com\/de\/wp-json\/wp\/v2\/types\/product"}],"replies":[{"embeddable":true,"href":"https:\/\/buymodafinilonline.com\/de\/wp-json\/wp\/v2\/comments?post=404422"}],"wp:featuredmedia":[{"embeddable":true,"href":"https:\/\/buymodafinilonline.com\/de\/wp-json\/wp\/v2\/media\/404336"}],"wp:attachment":[{"href":"https:\/\/buymodafinilonline.com\/de\/wp-json\/wp\/v2\/media?parent=404422"}],"wp:term":[{"taxonomy":"product_brand","embeddable":true,"href":"https:\/\/buymodafinilonline.com\/de\/wp-json\/wp\/v2\/product_brand?post=404422"},{"taxonomy":"product_cat","embeddable":true,"href":"https:\/\/buymodafinilonline.com\/de\/wp-json\/wp\/v2\/product_cat?post=404422"},{"taxonomy":"product_tag","embeddable":true,"href":"https:\/\/buymodafinilonline.com\/de\/wp-json\/wp\/v2\/product_tag?post=404422"}],"curies":[{"name":"wp","href":"https:\/\/api.w.org\/{rel}","templated":true}]}}