{"id":408406,"date":"2020-03-23T20:21:55","date_gmt":"2020-11-08T16:09:31","guid":{"rendered":"https:\/\/buymodafinilonline.com\/smart-drugs\/vilafinil-200-mg\/"},"modified":"2025-04-28T11:03:29","modified_gmt":"2025-04-28T10:03:29","slug":"vilafinil-200-mg","status":"publish","type":"product","link":"https:\/\/buymodafinilonline.com\/de\/smarte-medikamente\/vilafinil-200-mg\/","title":{"rendered":"Vilafinil 200 mg"},"content":{"rendered":"[vc_column width=&#8221;1\/2&#8243;]\n<div class=\"su-divider su-divider-style-default\" style=\"margin:10px 0;border-width:3px;border-color:#ffffff00\"><a href=\"#\" style=\"color:#ffffff009\">.<\/a><\/div>\n<h2>Was ist Vilafinil 200 mg?<\/h2>\n<div class=\"su-divider su-divider-style-default\" style=\"margin:10px 0;border-width:3px;border-color:#ffffff00\"><a href=\"#\" style=\"color:#ffffff009\">.<\/a><\/div>\nProvigil ist eine Medikamentenoption erster Wahl zur Behandlung von Schlafst\u00f6rungen und zur Steigerung der kognitiven Funktion, die 1998 in den USA f\u00fcr die medizinische Anwendung zugelassen wurde. Der schnelle Vorlauf bis 2010, sein Patent ist abgelaufen und es wurde f\u00fcr die Produktion durch andere Pharmaunternehmen ge\u00f6ffnet.<\/p>\n<p>Centurion Laboratories, ein gro\u00dfer Hersteller in Indien, entwickelte eine eigene generische Version und nannte sie Vilafinil. Es enth\u00e4lt den gleichen Wirkstoff wie das Markenmedikament und bietet genau die gleichen Vorteile und Nebenwirkungen. Es ist jedoch viel billiger. Dies ist darauf zur\u00fcckzuf\u00fchren, dass Centurion Labs nicht wie das Markenunternehmen Geld f\u00fcr Entwicklung und Marketing ausgegeben hat.<\/p>\n<p>Vilafinil 200 mg wird normalerweise zur Behandlung von \u00fcberm\u00e4\u00dfiger Schl\u00e4frigkeit verschrieben, die durch Narkolepsie, Schichtarbeitsschlafst\u00f6rung und Schlafapnoe verursacht wird. Es wird off-label verwendet, um Energie, Konzentration und Motivation zu steigern sowie das Ged\u00e4chtnis zu verbessern.<\/p>\n<div class=\"su-divider su-divider-style-default\" style=\"margin:10px 0;border-width:3px;border-color:#ffffff00\"><a href=\"#\" style=\"color:#ffffff009\">.<\/a><\/div>\n<h2>Wie wirken diese Pillen?<\/h2>\n<div class=\"su-divider su-divider-style-default\" style=\"margin:10px 0;border-width:3px;border-color:#ffffff00\"><a href=\"#\" style=\"color:#ffffff009\">.<\/a><\/div>\nDie genaue Wirkungsweise von Vilafinil-Tabletten steht noch nicht fest. Es wird jedoch angenommen, dass es die chemischen Substanzen in den Bereichen des Gehirns beeinflusst, die den Wach-Schlaf-Zyklus steuern. Insbesondere erh\u00f6ht es den Dopaminspiegel im Gehirn. Dopamin ist ein Hormon, das mit Motivation, Konzentrationsf\u00e4higkeit und einem Schlaf-Wach-Zyklus verbunden ist. Daher wird angenommen, dass Modafinil durch die Beeinflussung seiner Spiegel seine Benutzer f\u00fcr l\u00e4ngere Zeitr\u00e4ume wachsam, konzentriert und fokussiert, wodurch die Erm\u00fcdung verz\u00f6gert wird.<\/p>\n<div class=\"su-divider su-divider-style-default\" style=\"margin:10px 0;border-width:3px;border-color:#ffffff00\"><a href=\"#\" style=\"color:#ffffff009\">.<\/a><\/div>\n<h2>Sichere Dosierung und richtige Anwendung<\/h2>\n<div class=\"su-divider su-divider-style-default\" style=\"margin:10px 0;border-width:3px;border-color:#ffffff00\"><a href=\"#\" style=\"color:#ffffff009\">.<\/a><\/div>\nDie empfohlene sichere Dosierung f\u00fcr dieses Medikament betr\u00e4gt 100-200 mg pro Tag. Sie kann jedoch je nach dem aktuellen Gesundheitszustand und dem entsprechenden Ansprechen auf die Behandlung variieren, wenn sie zur Bek\u00e4mpfung von Schlafapnoe, Narkolepsie oder anderen schlafbezogenen Zust\u00e4nden eingesetzt wird. Vilafinil ist regelm\u00e4\u00dfig einzunehmen, um die besten Ergebnisse zu erzielen.<\/p>\n<p>Fragen Sie Ihren Arzt, bevor Sie mit der Behandlung mit diesem Medikament beginnen. Basierend auf Ihrer Krankengeschichte, Ihrem Gesundheitszustand und anderen Medikamenten, die Sie m\u00f6glicherweise einnehmen, helfen sie Ihnen dabei, die richtige Dosierung zu bestimmen, die f\u00fcr Sie sicher und wirksam ist.<\/p>\n<div class=\"su-divider su-divider-style-default\" style=\"margin:10px 0;border-width:3px;border-color:#ffffff00\"><a href=\"#\" style=\"color:#ffffff009\">.<\/a><\/div>\n<h2>M\u00f6gliche Nebenwirkungen<\/h2>\n<div class=\"su-divider su-divider-style-default\" style=\"margin:10px 0;border-width:3px;border-color:#ffffff00\"><a href=\"#\" style=\"color:#ffffff009\">.<\/a><\/div>\nObwohl dieses Medikament wirksam ist, bringt es bestimmte Nebenwirkungen mit sich. Sie k\u00f6nnen von leicht bis schwer reichen, abh\u00e4ngig von der verabreichten Dosis, dem K\u00f6rper-Make-up, der Grunderkrankung oder anderen Medikamenten, mit denen es eingenommen wird.<\/p>\n<p>Die milden \/ h\u00e4ufigen Nebenwirkungen sind folgende:<\/p>\n<div class=\"su-divider su-divider-style-default\" style=\"margin:10px 0;border-width:3px;border-color:#ffffff00\"><a href=\"#\" style=\"color:#ffffff009\">.<\/a><\/div>\n<ul>\n<li>\u00dcbelkeit;<\/li>\n<li>Kopfschmerzen;<\/li>\n<li>Schlafschwierigkeiten;<\/li>\n<li>Nervosit\u00e4t.<\/li>\n<\/ul>\n<div class=\"su-divider su-divider-style-default\" style=\"margin:10px 0;border-width:3px;border-color:#ffffff00\"><a href=\"#\" style=\"color:#ffffff009\">.<\/a><\/div>\nDie schweren \/ seltenen Nebenwirkungen, die mit diesem Medikament verbunden sind, umfassen Halluzinationen, Depressionen und unregelm\u00e4\u00dfigen Herzschlag.<\/p>\n[\/vc_column][vc_column width=&#8221;1\/2&#8243;]\n<div class=\"su-divider su-divider-style-default\" style=\"margin:10px 0;border-width:3px;border-color:#ffffff00\"><a href=\"#\" style=\"color:#ffffff009\">.<\/a><\/div>\n<p>Eine allergische Reaktion und Brustschmerzen sind zwei weitere sehr schwerwiegende Nebenwirkungen, die sich aus der Verwendung dieses Arzneimittels ergeben k\u00f6nnen. Symptome k\u00f6nnen Atembeschwerden, Hautausschlag, geschwollene Lymphknoten, Kratzer usw. sein. Suchen Sie sofort einen Arzt auf, wenn eines dieser Anzeichen auftritt. Es ist immer am besten, einen Arzt zu konsultieren, bevor Sie mit der Behandlung mit diesem Medikament beginnen.<\/p>\n<div class=\"su-divider su-divider-style-default\" style=\"margin:10px 0;border-width:3px;border-color:#ffffff00\"><a href=\"#\" style=\"color:#ffffff009\">.<\/a><\/div>\n<h2>Gegenanzeigen und Vorsichtsma\u00dfnahmen<\/h2>\n<div class=\"su-divider su-divider-style-default\" style=\"margin:10px 0;border-width:3px;border-color:#ffffff00\"><a href=\"#\" style=\"color:#ffffff009\">.<\/a><\/div>\nVilafinil kann mit bestimmten Drogen, Nahrungsmitteln und Alkohol interagieren. Eine Wechselwirkung kann die Wirksamkeit eines oder beider Medikamente verringern oder das Risiko von Nachwirkungen erh\u00f6hen. Einige der Medikamente, die mit Modafinil interagieren, umfassen:<\/p>\n<div class=\"su-divider su-divider-style-default\" style=\"margin:10px 0;border-width:3px;border-color:#ffffff00\"><a href=\"#\" style=\"color:#ffffff009\">.<\/a><\/div>\n<ul>\n<li>Medikamente zur Behandlung der chronischen Hepatitis C, zum Beispiel Ombitasvir \/ Paritaprevir \/ Ritonavir, Asunaprevir;<\/li>\n<li>Stra\u00dfendrogen wie Ecstasy, Methamphetamine usw.;<\/li>\n<li>Kodein;<\/li>\n<li>Citalopram;<\/li>\n<li>Buprenorphin.<\/li>\n<\/ul>\n<div class=\"su-divider su-divider-style-default\" style=\"margin:10px 0;border-width:3px;border-color:#ffffff00\"><a href=\"#\" style=\"color:#ffffff009\">.<\/a><\/div>\nEs ist m\u00f6glicherweise nicht geeignet, Vilafinil zusammen mit bestimmten Arten von Lebensmitteln oder zum Zeitpunkt des Essens einzunehmen. Auch die Einnahme von Alkohol mit diesem Medikament, insbesondere in \u00fcberm\u00e4\u00dfigen Mengen, kann zu Wechselwirkungen f\u00fchren. Fragen Sie Ihren Arzt, bevor Sie dieses Medikament mit Medikamenten, Lebensmitteln und Alkohol kombinieren.<\/p>\n<div class=\"su-divider su-divider-style-default\" style=\"margin:10px 0;border-width:3px;border-color:#ffffff00\"><a href=\"#\" style=\"color:#ffffff009\">.<\/a><\/div>\n<h2>Verbrauchererfahrung<\/h2>\n<div class=\"su-divider su-divider-style-default\" style=\"margin:10px 0;border-width:3px;border-color:#ffffff00\"><a href=\"#\" style=\"color:#ffffff009\">.<\/a><\/div>\nObwohl Vilafinil immer beliebter wird, haben viele Leute ein gutes Wort daf\u00fcr eingelegt. Die Mehrheit von ihnen hat berichtet, dass sie seit ihrer Verwendung einen Energieschub, einen erh\u00f6hten Fokus und eine erh\u00f6hte Wachsamkeit erfahren haben. Viele Anwender haben es in Bezug auf Wirksamkeit und Vertr\u00e4glichkeit auf das gleiche Niveau wie das Markenmedikament gesetzt.<\/p>\n<p>Auf der anderen Seite gibt es auch diejenigen, die berichtet haben, dass sie nach der Einnahme Nebenwirkungen wie Schwindel und Kopfschmerzen haben. Dies wird jedoch als normal angesehen, insbesondere f\u00fcr Erstbenutzer. Diese Nebenwirkungen sind oft nur von kurzer Dauer.<\/p>\n<p>Konsultieren Sie einen Arzt, bevor Sie dieses Medikament einnehmen, um das Beste daraus zu machen.<\/p>\n<div class=\"su-divider su-divider-style-default\" style=\"margin:10px 0;border-width:3px;border-color:#ffffff00\"><a href=\"#\" style=\"color:#ffffff009\">.<\/a><\/div>\n<h2>Kaufen Sie generisches Vilafinil 200 mg (Modafinil) online<\/h2>\n<div class=\"su-divider su-divider-style-default\" style=\"margin:10px 0;border-width:3px;border-color:#ffffff00\"><a href=\"#\" style=\"color:#ffffff009\">.<\/a><\/div>\nWenn Sie sich entschlossen haben, Vilafinil 200 mg online bei einem der Anbieter zu kaufen, die es aufgrund der damit verbundenen Bequemlichkeit und Rabatte rezeptfrei verkaufen, ist BuyModafinilOnline einer der besten Orte, um nachzuschauen.<\/p>\n<p>Hier k\u00f6nnen Sie sicher sein, dass Sie das beste Preis-Leistungs-Verh\u00e4ltnis erhalten. Unsere Preise geh\u00f6ren einfach zu den besten auf dem Markt, und das liegt daran, dass wir direkt mit den vertrauensw\u00fcrdigsten Herstellern aus Indien zusammenarbeiten. Sie k\u00f6nnen auch mit Bitcoins bezahlen und erhalten einen <a href=\"https:\/\/buymodafinilonline.com\/de\/mit-bitcoin-zahlen-33-rabatt-erhalten\/\">Rabatt von 23%<\/a>!<\/p>\n<p>Beim<a href=\"https:\/\/buymodafinilonline.com\/de\/\"> BuyModafinilOnline<\/a> haben wir eine breite Palette von<a href=\"https:\/\/buymodafinilonline.com\/de\/shop\/\"> intelligente Drogen zu verkaufen<\/a> dass Sie aus w\u00e4hlen k\u00f6nnen<a href=\"https:\/\/buymodafinilonline.com\/de\/smarte-medikamente\/modvigil-200-mg\/\"> Modvigil<\/a> , Modawake,<a href=\"https:\/\/buymodafinilonline.com\/de\/smarte-medikamente\/waklert-150-mg-tablets\/\"> Waklert<\/a> , Modalert und andere.<\/p>\n<p>Sie sind sich noch nicht sicher, welches Medikament Sie einnehmen sollen? Sie k\u00f6nnen sich kostenlose Muster liefern lassen. Und mit Hilfe unserer<a href=\"https:\/\/buymodafinilonline.com\/de\/besten-modafinil-lieferanten-deutschland\/\"> Schnelle Lieferung<\/a> erhalten Sie Ihre Bestellung innerhalb weniger Tage. Kaufen Sie sofort ein, um die besten Angebote zu erhalten.<\/p>\n[\/vc_column]\n<div class=\"su-divider su-divider-style-default\" style=\"margin:10px 0;border-width:3px;border-color:#ffffff00\"><a href=\"#\" style=\"color:#ffffff009\">.<\/a><\/div>\n","protected":false},"excerpt":{"rendered":"<p>Vilafinil von Centurion Laboratories ist eine generische Form des Markennamens Provigil. Es wird verwendet, um die Schl\u00e4frigkeit am Tag zu bek\u00e4mpfen und den Fokus zu f\u00f6rdern. Mit jeder Pille, die 200 mg Modafinil als Wirkstoff enth\u00e4lt, ist Vilafinil 100% so wirksam wie Provigil und zehnmal billiger. Kaufen Sie bei uns, um tolle Angebote und Rabatte zu erhalten.<\/p>\n[sc name=\"s1\"]\n","protected":false},"featured_media":426134,"comment_status":"closed","ping_status":"closed","template":"","meta":{"_acf_changed":false},"product_brand":[],"product_cat":[3786],"product_tag":[4014],"class_list":{"0":"post-408406","1":"product","2":"type-product","3":"status-publish","4":"has-post-thumbnail","6":"product_cat-smart-drugs-brands","7":"product_tag-modafinil-de","9":"first","10":"instock","11":"sale","12":"shipping-taxable","13":"purchasable","14":"product-type-variable","15":"has-default-attributes"},"acf":[],"yoast_head":"<!-- This site is optimized with the Yoast SEO Premium plugin v23.6 (Yoast SEO v27.3) - https:\/\/yoast.com\/product\/yoast-seo-premium-wordpress\/ -->\n<title>Kaufen Sie Vilafinil 200mg (Modafinil) rezeptfrei - BuyModafinilOnline<\/title>\n<meta name=\"description\" content=\"Kaufen Sie g\u00fcnstige Vilafinil 200 mg Tabletten online aus Indien in der BuyModafinilOnline-Apotheke. Erhalten Sie 20 KOSTENLOSE Pillen (Modafinil + Armodafinil) bei jeder Bestellung und 25 USD Rabatt f\u00fcr wiederkehrende Kunden!\" \/>\n<meta name=\"robots\" content=\"index, follow, max-snippet:-1, max-image-preview:large, max-video-preview:-1\" \/>\n<link rel=\"canonical\" href=\"https:\/\/buymodafinilonline.com\/de\/smarte-medikamente\/vilafinil-200-mg\/\" \/>\n<meta property=\"og:locale\" content=\"de_DE\" \/>\n<meta property=\"og:type\" content=\"article\" \/>\n<meta property=\"og:title\" content=\"Vilafinil 200 mg\" \/>\n<meta property=\"og:description\" content=\"Kaufen Sie g\u00fcnstige Vilafinil 200 mg Tabletten online aus Indien in der BuyModafinilOnline-Apotheke. Erhalten Sie 20 KOSTENLOSE Pillen (Modafinil + Armodafinil) bei jeder Bestellung und 25 USD Rabatt f\u00fcr wiederkehrende Kunden!\" \/>\n<meta property=\"og:url\" content=\"https:\/\/buymodafinilonline.com\/de\/smarte-medikamente\/vilafinil-200-mg\/\" \/>\n<meta property=\"og:site_name\" content=\"BuyModafinilOnline.com\" \/>\n<meta property=\"article:modified_time\" content=\"2025-04-28T10:03:29+00:00\" \/>\n<meta property=\"og:image\" content=\"https:\/\/buymodafinilonline.com\/wp-content\/uploads\/2021\/09\/bmo-product-vilafinil-new.png\" \/>\n\t<meta property=\"og:image:width\" content=\"1280\" \/>\n\t<meta property=\"og:image:height\" content=\"1500\" \/>\n\t<meta property=\"og:image:type\" content=\"image\/png\" \/>\n<meta name=\"twitter:label1\" content=\"Gesch\u00e4tzte Lesezeit\" \/>\n\t<meta name=\"twitter:data1\" content=\"5\u00a0Minuten\" \/>\n<script type=\"application\/ld+json\" class=\"yoast-schema-graph\">{\"@context\":\"https:\\\/\\\/schema.org\",\"@graph\":[{\"@type\":\"WebPage\",\"@id\":\"https:\\\/\\\/buymodafinilonline.com\\\/de\\\/smarte-medikamente\\\/vilafinil-200-mg\\\/\",\"url\":\"https:\\\/\\\/buymodafinilonline.com\\\/de\\\/smarte-medikamente\\\/vilafinil-200-mg\\\/\",\"name\":\"Kaufen Sie Vilafinil 200mg (Modafinil) rezeptfrei - BuyModafinilOnline\",\"isPartOf\":{\"@id\":\"https:\\\/\\\/buymodafinilonline.com\\\/de\\\/#website\"},\"primaryImageOfPage\":{\"@id\":\"https:\\\/\\\/buymodafinilonline.com\\\/de\\\/smarte-medikamente\\\/vilafinil-200-mg\\\/#primaryimage\"},\"image\":{\"@id\":\"https:\\\/\\\/buymodafinilonline.com\\\/de\\\/smarte-medikamente\\\/vilafinil-200-mg\\\/#primaryimage\"},\"thumbnailUrl\":\"https:\\\/\\\/buymodafinilonline.com\\\/wp-content\\\/uploads\\\/2021\\\/09\\\/bmo-product-vilafinil-new.png\",\"datePublished\":\"2020-11-08T16:09:31+00:00\",\"dateModified\":\"2025-04-28T10:03:29+00:00\",\"description\":\"Kaufen Sie g\u00fcnstige Vilafinil 200 mg Tabletten online aus Indien in der BuyModafinilOnline-Apotheke. Erhalten Sie 20 KOSTENLOSE Pillen (Modafinil + Armodafinil) bei jeder Bestellung und 25 USD Rabatt f\u00fcr wiederkehrende Kunden!\",\"breadcrumb\":{\"@id\":\"https:\\\/\\\/buymodafinilonline.com\\\/de\\\/smarte-medikamente\\\/vilafinil-200-mg\\\/#breadcrumb\"},\"inLanguage\":\"de\",\"potentialAction\":[{\"@type\":\"ReadAction\",\"target\":[\"https:\\\/\\\/buymodafinilonline.com\\\/de\\\/smarte-medikamente\\\/vilafinil-200-mg\\\/\"]}]},{\"@type\":\"ImageObject\",\"inLanguage\":\"de\",\"@id\":\"https:\\\/\\\/buymodafinilonline.com\\\/de\\\/smarte-medikamente\\\/vilafinil-200-mg\\\/#primaryimage\",\"url\":\"https:\\\/\\\/buymodafinilonline.com\\\/wp-content\\\/uploads\\\/2021\\\/09\\\/bmo-product-vilafinil-new.png\",\"contentUrl\":\"https:\\\/\\\/buymodafinilonline.com\\\/wp-content\\\/uploads\\\/2021\\\/09\\\/bmo-product-vilafinil-new.png\",\"width\":1280,\"height\":1500,\"caption\":\"Vilafinil 200 mg\"},{\"@type\":\"BreadcrumbList\",\"@id\":\"https:\\\/\\\/buymodafinilonline.com\\\/de\\\/smarte-medikamente\\\/vilafinil-200-mg\\\/#breadcrumb\",\"itemListElement\":[{\"@type\":\"ListItem\",\"position\":1,\"name\":\"Buy Modafinil Online\",\"item\":\"https:\\\/\\\/buymodafinilonline.com\\\/de\\\/\"},{\"@type\":\"ListItem\",\"position\":2,\"name\":\"Shop\",\"item\":\"https:\\\/\\\/buymodafinilonline.com\\\/de\\\/shop-2\\\/\"},{\"@type\":\"ListItem\",\"position\":3,\"name\":\"Smart Drugs Brands\",\"item\":\"https:\\\/\\\/buymodafinilonline.com\\\/de\\\/produkt-kategorie\\\/smart-drugs-brands\\\/\"},{\"@type\":\"ListItem\",\"position\":4,\"name\":\"Vilafinil 200 mg\"}]},{\"@type\":\"WebSite\",\"@id\":\"https:\\\/\\\/buymodafinilonline.com\\\/de\\\/#website\",\"url\":\"https:\\\/\\\/buymodafinilonline.com\\\/de\\\/\",\"name\":\"BuyModafinilOnline.com\",\"description\":\"Modafinil Online Pharmacy\",\"publisher\":{\"@id\":\"https:\\\/\\\/buymodafinilonline.com\\\/de\\\/#organization\"},\"potentialAction\":[{\"@type\":\"SearchAction\",\"target\":{\"@type\":\"EntryPoint\",\"urlTemplate\":\"https:\\\/\\\/buymodafinilonline.com\\\/de\\\/?s={search_term_string}\"},\"query-input\":{\"@type\":\"PropertyValueSpecification\",\"valueRequired\":true,\"valueName\":\"search_term_string\"}}],\"inLanguage\":\"de\"},{\"@type\":\"Organization\",\"@id\":\"https:\\\/\\\/buymodafinilonline.com\\\/de\\\/#organization\",\"name\":\"BuyModafinilOnline\",\"url\":\"https:\\\/\\\/buymodafinilonline.com\\\/de\\\/\",\"logo\":{\"@type\":\"ImageObject\",\"inLanguage\":\"de\",\"@id\":\"https:\\\/\\\/buymodafinilonline.com\\\/de\\\/#\\\/schema\\\/logo\\\/image\\\/\",\"url\":\"https:\\\/\\\/buymodafinilonline.com\\\/wp-content\\\/uploads\\\/2020\\\/04\\\/logo-buy-modafinil-online-yellow.png\",\"contentUrl\":\"https:\\\/\\\/buymodafinilonline.com\\\/wp-content\\\/uploads\\\/2020\\\/04\\\/logo-buy-modafinil-online-yellow.png\",\"width\":200,\"height\":200,\"caption\":\"BuyModafinilOnline\"},\"image\":{\"@id\":\"https:\\\/\\\/buymodafinilonline.com\\\/de\\\/#\\\/schema\\\/logo\\\/image\\\/\"}}]}<\/script>\n<!-- \/ Yoast SEO Premium plugin. -->","yoast_head_json":{"title":"Kaufen Sie Vilafinil 200mg (Modafinil) rezeptfrei - BuyModafinilOnline","description":"Kaufen Sie g\u00fcnstige Vilafinil 200 mg Tabletten online aus Indien in der BuyModafinilOnline-Apotheke. Erhalten Sie 20 KOSTENLOSE Pillen (Modafinil + Armodafinil) bei jeder Bestellung und 25 USD Rabatt f\u00fcr wiederkehrende Kunden!","robots":{"index":"index","follow":"follow","max-snippet":"max-snippet:-1","max-image-preview":"max-image-preview:large","max-video-preview":"max-video-preview:-1"},"canonical":"https:\/\/buymodafinilonline.com\/de\/smarte-medikamente\/vilafinil-200-mg\/","og_locale":"de_DE","og_type":"article","og_title":"Vilafinil 200 mg","og_description":"Kaufen Sie g\u00fcnstige Vilafinil 200 mg Tabletten online aus Indien in der BuyModafinilOnline-Apotheke. Erhalten Sie 20 KOSTENLOSE Pillen (Modafinil + Armodafinil) bei jeder Bestellung und 25 USD Rabatt f\u00fcr wiederkehrende Kunden!","og_url":"https:\/\/buymodafinilonline.com\/de\/smarte-medikamente\/vilafinil-200-mg\/","og_site_name":"BuyModafinilOnline.com","article_modified_time":"2025-04-28T10:03:29+00:00","og_image":[{"width":1280,"height":1500,"url":"https:\/\/buymodafinilonline.com\/wp-content\/uploads\/2021\/09\/bmo-product-vilafinil-new.png","type":"image\/png"}],"twitter_misc":{"Gesch\u00e4tzte Lesezeit":"5\u00a0Minuten"},"schema":{"@context":"https:\/\/schema.org","@graph":[{"@type":"WebPage","@id":"https:\/\/buymodafinilonline.com\/de\/smarte-medikamente\/vilafinil-200-mg\/","url":"https:\/\/buymodafinilonline.com\/de\/smarte-medikamente\/vilafinil-200-mg\/","name":"Kaufen Sie Vilafinil 200mg (Modafinil) rezeptfrei - BuyModafinilOnline","isPartOf":{"@id":"https:\/\/buymodafinilonline.com\/de\/#website"},"primaryImageOfPage":{"@id":"https:\/\/buymodafinilonline.com\/de\/smarte-medikamente\/vilafinil-200-mg\/#primaryimage"},"image":{"@id":"https:\/\/buymodafinilonline.com\/de\/smarte-medikamente\/vilafinil-200-mg\/#primaryimage"},"thumbnailUrl":"https:\/\/buymodafinilonline.com\/wp-content\/uploads\/2021\/09\/bmo-product-vilafinil-new.png","datePublished":"2020-11-08T16:09:31+00:00","dateModified":"2025-04-28T10:03:29+00:00","description":"Kaufen Sie g\u00fcnstige Vilafinil 200 mg Tabletten online aus Indien in der BuyModafinilOnline-Apotheke. Erhalten Sie 20 KOSTENLOSE Pillen (Modafinil + Armodafinil) bei jeder Bestellung und 25 USD Rabatt f\u00fcr wiederkehrende Kunden!","breadcrumb":{"@id":"https:\/\/buymodafinilonline.com\/de\/smarte-medikamente\/vilafinil-200-mg\/#breadcrumb"},"inLanguage":"de","potentialAction":[{"@type":"ReadAction","target":["https:\/\/buymodafinilonline.com\/de\/smarte-medikamente\/vilafinil-200-mg\/"]}]},{"@type":"ImageObject","inLanguage":"de","@id":"https:\/\/buymodafinilonline.com\/de\/smarte-medikamente\/vilafinil-200-mg\/#primaryimage","url":"https:\/\/buymodafinilonline.com\/wp-content\/uploads\/2021\/09\/bmo-product-vilafinil-new.png","contentUrl":"https:\/\/buymodafinilonline.com\/wp-content\/uploads\/2021\/09\/bmo-product-vilafinil-new.png","width":1280,"height":1500,"caption":"Vilafinil 200 mg"},{"@type":"BreadcrumbList","@id":"https:\/\/buymodafinilonline.com\/de\/smarte-medikamente\/vilafinil-200-mg\/#breadcrumb","itemListElement":[{"@type":"ListItem","position":1,"name":"Buy Modafinil Online","item":"https:\/\/buymodafinilonline.com\/de\/"},{"@type":"ListItem","position":2,"name":"Shop","item":"https:\/\/buymodafinilonline.com\/de\/shop-2\/"},{"@type":"ListItem","position":3,"name":"Smart Drugs Brands","item":"https:\/\/buymodafinilonline.com\/de\/produkt-kategorie\/smart-drugs-brands\/"},{"@type":"ListItem","position":4,"name":"Vilafinil 200 mg"}]},{"@type":"WebSite","@id":"https:\/\/buymodafinilonline.com\/de\/#website","url":"https:\/\/buymodafinilonline.com\/de\/","name":"BuyModafinilOnline.com","description":"Modafinil Online Pharmacy","publisher":{"@id":"https:\/\/buymodafinilonline.com\/de\/#organization"},"potentialAction":[{"@type":"SearchAction","target":{"@type":"EntryPoint","urlTemplate":"https:\/\/buymodafinilonline.com\/de\/?s={search_term_string}"},"query-input":{"@type":"PropertyValueSpecification","valueRequired":true,"valueName":"search_term_string"}}],"inLanguage":"de"},{"@type":"Organization","@id":"https:\/\/buymodafinilonline.com\/de\/#organization","name":"BuyModafinilOnline","url":"https:\/\/buymodafinilonline.com\/de\/","logo":{"@type":"ImageObject","inLanguage":"de","@id":"https:\/\/buymodafinilonline.com\/de\/#\/schema\/logo\/image\/","url":"https:\/\/buymodafinilonline.com\/wp-content\/uploads\/2020\/04\/logo-buy-modafinil-online-yellow.png","contentUrl":"https:\/\/buymodafinilonline.com\/wp-content\/uploads\/2020\/04\/logo-buy-modafinil-online-yellow.png","width":200,"height":200,"caption":"BuyModafinilOnline"},"image":{"@id":"https:\/\/buymodafinilonline.com\/de\/#\/schema\/logo\/image\/"}}]}},"_links":{"self":[{"href":"https:\/\/buymodafinilonline.com\/de\/wp-json\/wp\/v2\/product\/408406","targetHints":{"allow":["GET"]}}],"collection":[{"href":"https:\/\/buymodafinilonline.com\/de\/wp-json\/wp\/v2\/product"}],"about":[{"href":"https:\/\/buymodafinilonline.com\/de\/wp-json\/wp\/v2\/types\/product"}],"replies":[{"embeddable":true,"href":"https:\/\/buymodafinilonline.com\/de\/wp-json\/wp\/v2\/comments?post=408406"}],"wp:featuredmedia":[{"embeddable":true,"href":"https:\/\/buymodafinilonline.com\/de\/wp-json\/wp\/v2\/media\/426134"}],"wp:attachment":[{"href":"https:\/\/buymodafinilonline.com\/de\/wp-json\/wp\/v2\/media?parent=408406"}],"wp:term":[{"taxonomy":"product_brand","embeddable":true,"href":"https:\/\/buymodafinilonline.com\/de\/wp-json\/wp\/v2\/product_brand?post=408406"},{"taxonomy":"product_cat","embeddable":true,"href":"https:\/\/buymodafinilonline.com\/de\/wp-json\/wp\/v2\/product_cat?post=408406"},{"taxonomy":"product_tag","embeddable":true,"href":"https:\/\/buymodafinilonline.com\/de\/wp-json\/wp\/v2\/product_tag?post=408406"}],"curies":[{"name":"wp","href":"https:\/\/api.w.org\/{rel}","templated":true}]}}