{"id":408434,"date":"2020-03-23T21:15:35","date_gmt":"2020-11-08T16:09:43","guid":{"rendered":"https:\/\/buymodafinilonline.com\/smart-drugs\/modawake-200-mg\/"},"modified":"2025-04-28T11:04:45","modified_gmt":"2025-04-28T10:04:45","slug":"modawake-200-mg","status":"publish","type":"product","link":"https:\/\/buymodafinilonline.com\/de\/smarte-medikamente\/modawake-200-mg\/","title":{"rendered":"Modawake 200 mg"},"content":{"rendered":"[vc_column width=&#8221;1\/2&#8243;]\n<div class=\"su-divider su-divider-style-default\" style=\"margin:10px 0;border-width:3px;border-color:#ffffff00\"><a href=\"#\" style=\"color:#ffffff009\">.<\/a><\/div>\n<h2>Was ist Modawake 200 mg?<\/h2>\n<div class=\"su-divider su-divider-style-default\" style=\"margin:10px 0;border-width:3px;border-color:#ffffff00\"><a href=\"#\" style=\"color:#ffffff009\">.<\/a><\/div>\nAls hochwirksames Medikament von HAB Pharma ist Modawake eine generische Version von Modafinil und in einer Dosierung von 200 mg erh\u00e4ltlich. Es enth\u00e4lt die gleichen Eigenschaften wie die Markenversion &#8211; Provigil\u00ae.<\/p>\n<p>Es wird zur Behandlung von Narkolepsie, obstruktiver Schlafapnoe, idiopathischer Hypersomnie, \u00fcberm\u00e4\u00dfiger Tagesm\u00fcdigkeit, Schlafst\u00f6rung bei Schichtarbeit und anderen Erkrankungen verschrieben.<\/p>\n<p>Menschen verwendeten dieses Medikament f\u00fcr Off-Label-Zwecke &#8211; um die kognitive Funktion bei jeder Aktivit\u00e4t zu verbessern. Es verbessert das Ged\u00e4chtnis, verbessert die Wachsamkeit, geistige Klarheit und Sch\u00e4rfe usw.<\/p>\n<p>Es ist beliebt bei den meisten Menschen, einschlie\u00dflich CEOs, Studenten, Programmierern, F\u00fchrungskr\u00e4ften, Milit\u00e4rs, Astronauten und vielen anderen. Es funktioniert l\u00e4nger, um eine geplante Aufgabe zu erledigen, die mentalen Fokus und kreative Produktivit\u00e4t erfordert. Seine Wirkung erstreckt sich auf etwa 10-12 Stunden pro 200 mg Modawake-Dosis.<\/p>\n<div class=\"su-divider su-divider-style-default\" style=\"margin:10px 0;border-width:3px;border-color:#ffffff00\"><a href=\"#\" style=\"color:#ffffff009\">.<\/a><\/div>\n<h2>Wie wirken diese Pillen?<\/h2>\n<div class=\"su-divider su-divider-style-default\" style=\"margin:10px 0;border-width:3px;border-color:#ffffff00\"><a href=\"#\" style=\"color:#ffffff009\">.<\/a><\/div>\nModafinil ist ein hochwirksames Medikament, das die Freisetzung bestimmter Chemikalien stimuliert, die die Wachsamkeit f\u00f6rdern. Aufgrund seiner Wirkungsweise wird es normalerweise als wachheitsf\u00f6rderndes Mittel vermarktet.<\/p>\n<p>Wie Amphetamine stimuliert Modawake das Gehirn. Die genaue Wirkungsweise von Modafinil ist jedoch nicht vollst\u00e4ndig gekl\u00e4rt. Forscher zeigen jedoch, dass es m\u00f6glicherweise die Menge an Dopamin (einem chemischen Neurotransmitter, mit dem einige Nerven effektiv miteinander kommunizieren) im menschlichen Gehirn erh\u00f6ht, indem es die Menge verringert Wiederaufnahme von Dopamin in die Nerven.<\/p>\n<div class=\"su-divider su-divider-style-default\" style=\"margin:10px 0;border-width:3px;border-color:#ffffff00\"><a href=\"#\" style=\"color:#ffffff009\">.<\/a><\/div>\n<h2>Sichere Dosierung und richtige Anwendung<\/h2>\n<div class=\"su-divider su-divider-style-default\" style=\"margin:10px 0;border-width:3px;border-color:#ffffff00\"><a href=\"#\" style=\"color:#ffffff009\">.<\/a><\/div>\nBevor Sie Modawake 200 mg anwenden, m\u00fcssen Sie Ihren Arzt \u00fcber Ihre aktuelle Medikamentenliste sowie \u00fcber Ihre bereits bestehenden Krankheiten, Allergien und aktuellen Gesundheitszust\u00e4nde informieren.<\/p>\n<p>Modawake sollte mit einem Glas Wasser geschluckt werden. Sie k\u00f6nnen es mit oder ohne Essen einnehmen. Nehmen Sie gegen Narkolepsie oder obstruktive Schlafapnoe morgens 1 Tablette ein.<\/p>\n<p>Nehmen Sie bei Schichtarbeitsst\u00f6rungen 1 Stunde vor Schichtbeginn 1 Tablette ein.<\/p>\n<p>Nehmen Sie f\u00fcr kognitiv verbessernde Eigenschaften 1 Pille eine Stunde vor der Arbeit ein.<\/p>\n<div class=\"su-divider su-divider-style-default\" style=\"margin:10px 0;border-width:3px;border-color:#ffffff00\"><a href=\"#\" style=\"color:#ffffff009\">.<\/a><\/div>\n<h2>M\u00f6gliche Nebenwirkungen<\/h2>\n<div class=\"su-divider su-divider-style-default\" style=\"margin:10px 0;border-width:3px;border-color:#ffffff00\"><a href=\"#\" style=\"color:#ffffff009\">.<\/a><\/div>\nWie bei allen Modafinil-Medikamenten k\u00f6nnen Nebenwirkungen auftreten. Die h\u00e4ufigsten negativen Auswirkungen von Modawake sind:<\/p>\n<div class=\"su-divider su-divider-style-default\" style=\"margin:10px 0;border-width:3px;border-color:#ffffff00\"><a href=\"#\" style=\"color:#ffffff009\">.<\/a><\/div>\n<ul>\n<li>Kopfschmerzen;<\/li>\n<li>Angst;<\/li>\n<li>trockener Mund;<\/li>\n<li>\u00dcbelkeit;<\/li>\n<li>Nervosit\u00e4t;<\/li>\n<li>Diarrh\u00f6e;<\/li>\n<li>Infektionen der oberen Atemwege;<\/li>\n<li>Agitation;<\/li>\n<li>Schwindel;<\/li>\n<li>Schlafst\u00f6rungen (Schlaflosigkeit).<\/li>\n<\/ul>\n<div class=\"su-divider su-divider-style-default\" style=\"margin:10px 0;border-width:3px;border-color:#ffffff00\"><a href=\"#\" style=\"color:#ffffff009\">.<\/a><\/div>\nObwohl dies selten vorkommen kann, k\u00f6nnen die folgenden schwerwiegenden negativen Auswirkungen auf die Gesundheit des Einzelnen zur\u00fcckzuf\u00fchren sein. Informieren Sie Ihren Arzt, wenn bei Ihnen schwerwiegende Nebenwirkungen von Modawake auftreten, darunter:<\/p>\n<div class=\"su-divider su-divider-style-default\" style=\"margin:10px 0;border-width:3px;border-color:#ffffff00\"><a href=\"#\" style=\"color:#ffffff009\">.<\/a><\/div>\n<ul>\n<li>Halluzinationen;<\/li>\n<li>Fieber;<\/li>\n<li>Brustschmerzen;<\/li>\n<li>leichte Bluterg\u00fcsse oder Blutungen;<\/li>\n<li>pochender \/ schneller \/ unregelm\u00e4\u00dfiger Herzschlag;<\/li>\n<li>Depression;<\/li>\n<li>mentale \/ Stimmungs\u00e4nderungen.<\/li>\n<\/ul>\n<div class=\"su-divider su-divider-style-default\" style=\"margin:10px 0;border-width:3px;border-color:#ffffff00\"><a href=\"#\" style=\"color:#ffffff009\">.<\/a><\/div>\nBeachten Sie, dass dies keine vollst\u00e4ndige Liste ist. Einige der Nebenwirkungen k\u00f6nnen selten, aber schwerwiegend sein. Sie sollten sofort einen Arzt konsultieren, wenn Sie eine der oben genannten Nebenwirkungen beobachten, insbesondere wenn diese nicht verschwinden.<\/p>\n[\/vc_column][vc_column width=&#8221;1\/2&#8243;]\n<div class=\"su-divider su-divider-style-default\" style=\"margin:10px 0;border-width:3px;border-color:#ffffff00\"><a href=\"#\" style=\"color:#ffffff009\">.<\/a><\/div>\n<h2>Gegenanzeigen und Vorsichtsma\u00dfnahmen<\/h2>\n<div class=\"su-divider su-divider-style-default\" style=\"margin:10px 0;border-width:3px;border-color:#ffffff00\"><a href=\"#\" style=\"color:#ffffff009\">.<\/a><\/div>\nModafinil ist bei Patienten mit bestimmten gesundheitlichen Problemen kontraindiziert. Zu den Kontraindikationen geh\u00f6ren insbesondere:<\/p>\n<div class=\"su-divider su-divider-style-default\" style=\"margin:10px 0;border-width:3px;border-color:#ffffff00\"><a href=\"#\" style=\"color:#ffffff009\">.<\/a><\/div>\n<ul>\n<li>Angio\u00f6dem, schwerer Hautausschlag;<\/li>\n<li>Vorsicht beim Fahren oder Bedienen von Maschinen;<\/li>\n<li>bipolare St\u00f6rung, Depression, Manie, Psychose, Schizophrenie, Selbstmordgedanken;<\/li>\n<li>Nehmen Sie dieses Medikament nicht ein, wenn Sie an akutem Myokardinfarkt, Angina pectoris, Herzerkrankungen oder Herzinsuffizienz leiden oder leiden.<\/li>\n<li>Hypertonie, Myokardinfarkt, Herzkrankheit oder Lebererkrankung;<\/li>\n<li>Nicht zur Einnahme w\u00e4hrend der Schwangerschaft empfohlen. Beim Stillen ist Vorsicht geboten.<\/li>\n<\/ul>\n<div class=\"su-divider su-divider-style-default\" style=\"margin:10px 0;border-width:3px;border-color:#ffffff00\"><a href=\"#\" style=\"color:#ffffff009\">.<\/a><\/div>\nDies ist keine vollst\u00e4ndige Liste. Wenden Sie sich auch an einen Facharzt, wenn Sie Anzeichen einer allergischen Reaktion haben.<\/p>\n<p>Wie jedes Modafinil-Medikament kann Modawake Hautreaktionen hervorrufen, die so schwerwiegend sein k\u00f6nnen, dass sie dringend behandelt werden m\u00fcssen.<\/p>\n<p>Medizinische Interaktion umfasst:<\/p>\n<div class=\"su-divider su-divider-style-default\" style=\"margin:10px 0;border-width:3px;border-color:#ffffff00\"><a href=\"#\" style=\"color:#ffffff009\">.<\/a><\/div>\n<ul>\n<li>Arzneimittel, die bei Einnahme mit Modawake m\u00f6glicherweise eine verminderte Wirksamkeit aufweisen, einschlie\u00dflich Cyclosporin, Theophyllin und hormonelle Kontrazeptiva;<\/li>\n<li>Arzneimittel, das bei Einnahme von Modawake 200 mg erh\u00f6hte Wirkungen oder Toxizit\u00e4t zeigen kann &#8211; einschlie\u00dflich Warfarin, Diazepam, Propranolol (Inderal), Imipramin, Desipramin, Phenytoin und Mephenytoin;<\/li>\n<li>einige andere Medikamente, die die Wirksamkeit und \/ oder Toxizit\u00e4t von Modawake steigern k\u00f6nnen, wie Carbamazepin, Phenobarbital und Rifampin (Rifadin);<\/li>\n<li>andere Medikamente wie Ketoconazol und Itraconazol, die die Wirksamkeit von Modawake verringern k\u00f6nnen. Methylphenidat kann auch die Wirkung der Modafinil-Medizin verz\u00f6gern.<\/li>\n<\/ul>\n<div class=\"su-divider su-divider-style-default\" style=\"margin:10px 0;border-width:3px;border-color:#ffffff00\"><a href=\"#\" style=\"color:#ffffff009\">.<\/a><\/div>\nAndere seltsame Anzeichen und Symptome bei der Einnahme dieses Arzneimittels &#8211; eine Modafinil-Version &#8211; beinhalten einige Ratschl\u00e4ge wie:<\/p>\n<div class=\"su-divider su-divider-style-default\" style=\"margin:10px 0;border-width:3px;border-color:#ffffff00\"><a href=\"#\" style=\"color:#ffffff009\">.<\/a><\/div>\n<ul>\n<li>Trinken Sie w\u00e4hrend der Anwendung dieses Arzneimittels keinen Alkohol.<\/li>\n<li>Fahren oder bedienen Sie keine schweren Maschinen &#8211; dies kann zu Sehst\u00f6rungen oder Schwindel f\u00fchren.<\/li>\n<li>Beenden Sie diese Art von Medikamenten nicht pl\u00f6tzlich &#8211; kann Entzugssymptome verursachen;<\/li>\n<li>Es ist ratsam, Modawake nicht einzunehmen, wenn Sie allergisch dagegen sind.<\/li>\n<\/ul>\n<div class=\"su-divider su-divider-style-default\" style=\"margin:10px 0;border-width:3px;border-color:#ffffff00\"><a href=\"#\" style=\"color:#ffffff009\">.<\/a><\/div>\nF\u00fcr Frauen, die dieses Arzneimittel einnehmen m\u00f6chten, ist es au\u00dferdem erforderlich, zuerst Ihren Arzt zu informieren, bevor Sie ein Arzneimittel einnehmen, wenn Sie schwanger sind oder planen, schwanger zu werden oder ein Baby zu stillen.<\/p>\n<div class=\"su-divider su-divider-style-default\" style=\"margin:10px 0;border-width:3px;border-color:#ffffff00\"><a href=\"#\" style=\"color:#ffffff009\">.<\/a><\/div>\n<h2>Verbrauchererfahrung<\/h2>\n<div class=\"su-divider su-divider-style-default\" style=\"margin:10px 0;border-width:3px;border-color:#ffffff00\"><a href=\"#\" style=\"color:#ffffff009\">.<\/a><\/div>\nDie Ergebnisse der Einnahme dieses Arzneimittels h\u00e4ngen davon ab, wie gut es auf die Gesundheit und Leistung des Einzelnen anspricht. Verschiedene Leute haben es versucht und dieses Medikament als sicher, gut vertr\u00e4glich und wirksam eingestuft.<\/p>\n<p>Diejenigen, die Modawake getestet haben, haben es aus vertrauensw\u00fcrdigen Quellen verwendet, um komplexere Arbeiten zu erledigen. Sogar Studenten nutzen es, um ihren Wettbewerbsvorteil zu erlangen und sich zu \u00fcbertreffen. Die Leute bewerteten Modawake mit Effekten wie erh\u00f6hter Konzentration, Konzentration, Steigerung des Ged\u00e4chtnisses und geistiger Sch\u00e4rfe. Fachleute und Mitarbeiter bewerten es am besten, da es ihre Kreativit\u00e4t steigert, w\u00e4hrend andere sagen, dass es ihre Produktivit\u00e4t bei der Arbeit steigert, indem sie sich wach und aufmerksam f\u00fchlen. Kleinere Nebenwirkungen k\u00f6nnen existieren, aber verschwinden.<\/p>\n<p>Die Leute empfehlen Modawake 200 mg. Auch Sie k\u00f6nnen Ihre Erfahrungen geben. Wenn Sie online \u00fcber dieses Medikament recherchieren, werden Sie aufgekl\u00e4rt, da es aufgrund seiner beeindruckenden Vorteile f\u00fcr mehrere Personen aus verschiedenen Lebensbereichen positiv bewertet wird. Vor der Einnahme dieses Arzneimittels muss jedoch zuerst ein Facharzt konsultiert werden.<\/p>\n<div class=\"su-divider su-divider-style-default\" style=\"margin:10px 0;border-width:3px;border-color:#ffffff00\"><a href=\"#\" style=\"color:#ffffff009\">.<\/a><\/div>\n<h2>Kaufen Sie Generic Modawake 200mg (Modafinil) online<\/h2>\n<div class=\"su-divider su-divider-style-default\" style=\"margin:10px 0;border-width:3px;border-color:#ffffff00\"><a href=\"#\" style=\"color:#ffffff009\">.<\/a><\/div>\nDer beste Ort, um billige, aber hochwertige Modawake 200 mg Tabletten zu kaufen, ist es, sie zu kaufen<a href=\"https:\/\/buymodafinilonline.com\/de\/\"> BuyModafinilOnline<\/a> . Wir bieten Modafinil Medikamente (wie<a href=\"https:\/\/buymodafinilonline.com\/de\/smarte-medikamente\/modvigil-200-mg\/\"> Modvigil<\/a> ,<a href=\"https:\/\/buymodafinilonline.com\/de\/smarte-medikamente\/modafresh-200-mg-tabletten\/\"> Modafresh<\/a> ,<a href=\"https:\/\/buymodafinilonline.com\/de\/smarte-medikamente\/modafil-md-200-mg-sublingual-tabletten\/\"> Modafil MD<\/a> ) ohne Rezept und zu einem extrem g\u00fcnstigeren Preis.<\/p>\n<p>Sie k\u00f6nnen verschiedene Bezahloptionen nutzen, darunter Bitcoin<a href=\"https:\/\/buymodafinilonline.com\/de\/mit-bitcoin-zahlen-33-rabatt-erhalten\/\">(23% Rabatt<\/a>), PayPal und eine Kreditkarte.<\/p>\n<p><a href=\"https:\/\/buymodafinilonline.com\/de\/besten-modafinil-lieferanten-deutschland\/\">Versand<\/a> ist ultraschnell &#8211; bis auf wenige L\u00e4nder weltweit. Auch wenn die Lieferung fehlgeschlagen ist, \u00e4rgern Sie sich nicht! R\u00fcckversand oder R\u00fcckerstattung ist m\u00f6glich. Sparen Sie mit diesem Anbieter mehr Geld und bleiben Sie mit hochwertigen, zugelassenen Medikamenten sicher.<\/p>\n[\/vc_column]\n<div class=\"su-divider su-divider-style-default\" style=\"margin:10px 0;border-width:3px;border-color:#ffffff00\"><a href=\"#\" style=\"color:#ffffff009\">.<\/a><\/div>\n","protected":false},"excerpt":{"rendered":"<p>Modawake ist das wirksamste Medikament, das unter Verwendung des ber\u00fchmten und beliebtesten Wirkstoffs Modafinil hergestellt wird. Es ist ein Eugeroikum, das f\u00fcr seine kognitiven und gehirnf\u00f6rdernden Wirkungen bekannt ist. Dieses Produkt wird von HAB Pharma hergestellt. Kaufen Sie hier echtes &amp; hochwertiges Modawake 200 mg zu einem sehr g\u00fcnstigen Preis.<\/p>\n[sc name=\"s1\"]\n","protected":false},"featured_media":426120,"comment_status":"closed","ping_status":"closed","template":"","meta":{"_acf_changed":false},"product_brand":[],"product_cat":[3786],"product_tag":[4014],"class_list":{"0":"post-408434","1":"product","2":"type-product","3":"status-publish","4":"has-post-thumbnail","6":"product_cat-smart-drugs-brands","7":"product_tag-modafinil-de","9":"first","10":"instock","11":"sale","12":"shipping-taxable","13":"purchasable","14":"product-type-variable","15":"has-default-attributes"},"acf":[],"yoast_head":"<!-- This site is optimized with the Yoast SEO Premium plugin v23.6 (Yoast SEO v27.3) - https:\/\/yoast.com\/product\/yoast-seo-premium-wordpress\/ -->\n<title>Kaufen Sie Modawake 200 mg (Modafinil) Pillen ohne Rx - BuyModafinilOnline<\/title>\n<meta name=\"description\" content=\"Bestellen Sie g\u00fcnstige Modawake 200 mg Tabletten online beim HAB Pharma Hersteller. Kaufen Sie generische Modawake (Modafinil) Medikamente mit Bitcoin Zahlung - erhalten Sie 23% Rabatt bei BuyModafinilOnline Apotheke!\" \/>\n<meta name=\"robots\" content=\"index, follow, max-snippet:-1, max-image-preview:large, max-video-preview:-1\" \/>\n<link rel=\"canonical\" href=\"https:\/\/buymodafinilonline.com\/de\/smarte-medikamente\/modawake-200-mg\/\" \/>\n<meta property=\"og:locale\" content=\"de_DE\" \/>\n<meta property=\"og:type\" content=\"article\" \/>\n<meta property=\"og:title\" content=\"Modawake 200 mg\" \/>\n<meta property=\"og:description\" content=\"Bestellen Sie g\u00fcnstige Modawake 200 mg Tabletten online beim HAB Pharma Hersteller. Kaufen Sie generische Modawake (Modafinil) Medikamente mit Bitcoin Zahlung - erhalten Sie 23% Rabatt bei BuyModafinilOnline Apotheke!\" \/>\n<meta property=\"og:url\" content=\"https:\/\/buymodafinilonline.com\/de\/smarte-medikamente\/modawake-200-mg\/\" \/>\n<meta property=\"og:site_name\" content=\"BuyModafinilOnline.com\" \/>\n<meta property=\"article:modified_time\" content=\"2025-04-28T10:04:45+00:00\" \/>\n<meta property=\"og:image\" content=\"https:\/\/buymodafinilonline.com\/wp-content\/uploads\/2021\/09\/bmo-product-modawake-new.png\" \/>\n\t<meta property=\"og:image:width\" content=\"1280\" \/>\n\t<meta property=\"og:image:height\" content=\"1500\" \/>\n\t<meta property=\"og:image:type\" content=\"image\/png\" \/>\n<meta name=\"twitter:label1\" content=\"Gesch\u00e4tzte Lesezeit\" \/>\n\t<meta name=\"twitter:data1\" content=\"6\u00a0Minuten\" \/>\n<script type=\"application\/ld+json\" class=\"yoast-schema-graph\">{\"@context\":\"https:\\\/\\\/schema.org\",\"@graph\":[{\"@type\":\"WebPage\",\"@id\":\"https:\\\/\\\/buymodafinilonline.com\\\/de\\\/smarte-medikamente\\\/modawake-200-mg\\\/\",\"url\":\"https:\\\/\\\/buymodafinilonline.com\\\/de\\\/smarte-medikamente\\\/modawake-200-mg\\\/\",\"name\":\"Kaufen Sie Modawake 200 mg (Modafinil) Pillen ohne Rx - BuyModafinilOnline\",\"isPartOf\":{\"@id\":\"https:\\\/\\\/buymodafinilonline.com\\\/de\\\/#website\"},\"primaryImageOfPage\":{\"@id\":\"https:\\\/\\\/buymodafinilonline.com\\\/de\\\/smarte-medikamente\\\/modawake-200-mg\\\/#primaryimage\"},\"image\":{\"@id\":\"https:\\\/\\\/buymodafinilonline.com\\\/de\\\/smarte-medikamente\\\/modawake-200-mg\\\/#primaryimage\"},\"thumbnailUrl\":\"https:\\\/\\\/buymodafinilonline.com\\\/wp-content\\\/uploads\\\/2021\\\/09\\\/bmo-product-modawake-new.png\",\"datePublished\":\"2020-11-08T16:09:43+00:00\",\"dateModified\":\"2025-04-28T10:04:45+00:00\",\"description\":\"Bestellen Sie g\u00fcnstige Modawake 200 mg Tabletten online beim HAB Pharma Hersteller. Kaufen Sie generische Modawake (Modafinil) Medikamente mit Bitcoin Zahlung - erhalten Sie 23% Rabatt bei BuyModafinilOnline Apotheke!\",\"breadcrumb\":{\"@id\":\"https:\\\/\\\/buymodafinilonline.com\\\/de\\\/smarte-medikamente\\\/modawake-200-mg\\\/#breadcrumb\"},\"inLanguage\":\"de\",\"potentialAction\":[{\"@type\":\"ReadAction\",\"target\":[\"https:\\\/\\\/buymodafinilonline.com\\\/de\\\/smarte-medikamente\\\/modawake-200-mg\\\/\"]}]},{\"@type\":\"ImageObject\",\"inLanguage\":\"de\",\"@id\":\"https:\\\/\\\/buymodafinilonline.com\\\/de\\\/smarte-medikamente\\\/modawake-200-mg\\\/#primaryimage\",\"url\":\"https:\\\/\\\/buymodafinilonline.com\\\/wp-content\\\/uploads\\\/2021\\\/09\\\/bmo-product-modawake-new.png\",\"contentUrl\":\"https:\\\/\\\/buymodafinilonline.com\\\/wp-content\\\/uploads\\\/2021\\\/09\\\/bmo-product-modawake-new.png\",\"width\":1280,\"height\":1500,\"caption\":\"Modawake 200 mg\"},{\"@type\":\"BreadcrumbList\",\"@id\":\"https:\\\/\\\/buymodafinilonline.com\\\/de\\\/smarte-medikamente\\\/modawake-200-mg\\\/#breadcrumb\",\"itemListElement\":[{\"@type\":\"ListItem\",\"position\":1,\"name\":\"Buy Modafinil Online\",\"item\":\"https:\\\/\\\/buymodafinilonline.com\\\/de\\\/\"},{\"@type\":\"ListItem\",\"position\":2,\"name\":\"Shop\",\"item\":\"https:\\\/\\\/buymodafinilonline.com\\\/de\\\/shop-2\\\/\"},{\"@type\":\"ListItem\",\"position\":3,\"name\":\"Smart Drugs Brands\",\"item\":\"https:\\\/\\\/buymodafinilonline.com\\\/de\\\/produkt-kategorie\\\/smart-drugs-brands\\\/\"},{\"@type\":\"ListItem\",\"position\":4,\"name\":\"Modawake 200 mg\"}]},{\"@type\":\"WebSite\",\"@id\":\"https:\\\/\\\/buymodafinilonline.com\\\/de\\\/#website\",\"url\":\"https:\\\/\\\/buymodafinilonline.com\\\/de\\\/\",\"name\":\"BuyModafinilOnline.com\",\"description\":\"Modafinil Online Pharmacy\",\"publisher\":{\"@id\":\"https:\\\/\\\/buymodafinilonline.com\\\/de\\\/#organization\"},\"potentialAction\":[{\"@type\":\"SearchAction\",\"target\":{\"@type\":\"EntryPoint\",\"urlTemplate\":\"https:\\\/\\\/buymodafinilonline.com\\\/de\\\/?s={search_term_string}\"},\"query-input\":{\"@type\":\"PropertyValueSpecification\",\"valueRequired\":true,\"valueName\":\"search_term_string\"}}],\"inLanguage\":\"de\"},{\"@type\":\"Organization\",\"@id\":\"https:\\\/\\\/buymodafinilonline.com\\\/de\\\/#organization\",\"name\":\"BuyModafinilOnline\",\"url\":\"https:\\\/\\\/buymodafinilonline.com\\\/de\\\/\",\"logo\":{\"@type\":\"ImageObject\",\"inLanguage\":\"de\",\"@id\":\"https:\\\/\\\/buymodafinilonline.com\\\/de\\\/#\\\/schema\\\/logo\\\/image\\\/\",\"url\":\"https:\\\/\\\/buymodafinilonline.com\\\/wp-content\\\/uploads\\\/2020\\\/04\\\/logo-buy-modafinil-online-yellow.png\",\"contentUrl\":\"https:\\\/\\\/buymodafinilonline.com\\\/wp-content\\\/uploads\\\/2020\\\/04\\\/logo-buy-modafinil-online-yellow.png\",\"width\":200,\"height\":200,\"caption\":\"BuyModafinilOnline\"},\"image\":{\"@id\":\"https:\\\/\\\/buymodafinilonline.com\\\/de\\\/#\\\/schema\\\/logo\\\/image\\\/\"}}]}<\/script>\n<!-- \/ Yoast SEO Premium plugin. -->","yoast_head_json":{"title":"Kaufen Sie Modawake 200 mg (Modafinil) Pillen ohne Rx - BuyModafinilOnline","description":"Bestellen Sie g\u00fcnstige Modawake 200 mg Tabletten online beim HAB Pharma Hersteller. Kaufen Sie generische Modawake (Modafinil) Medikamente mit Bitcoin Zahlung - erhalten Sie 23% Rabatt bei BuyModafinilOnline Apotheke!","robots":{"index":"index","follow":"follow","max-snippet":"max-snippet:-1","max-image-preview":"max-image-preview:large","max-video-preview":"max-video-preview:-1"},"canonical":"https:\/\/buymodafinilonline.com\/de\/smarte-medikamente\/modawake-200-mg\/","og_locale":"de_DE","og_type":"article","og_title":"Modawake 200 mg","og_description":"Bestellen Sie g\u00fcnstige Modawake 200 mg Tabletten online beim HAB Pharma Hersteller. Kaufen Sie generische Modawake (Modafinil) Medikamente mit Bitcoin Zahlung - erhalten Sie 23% Rabatt bei BuyModafinilOnline Apotheke!","og_url":"https:\/\/buymodafinilonline.com\/de\/smarte-medikamente\/modawake-200-mg\/","og_site_name":"BuyModafinilOnline.com","article_modified_time":"2025-04-28T10:04:45+00:00","og_image":[{"width":1280,"height":1500,"url":"https:\/\/buymodafinilonline.com\/wp-content\/uploads\/2021\/09\/bmo-product-modawake-new.png","type":"image\/png"}],"twitter_misc":{"Gesch\u00e4tzte Lesezeit":"6\u00a0Minuten"},"schema":{"@context":"https:\/\/schema.org","@graph":[{"@type":"WebPage","@id":"https:\/\/buymodafinilonline.com\/de\/smarte-medikamente\/modawake-200-mg\/","url":"https:\/\/buymodafinilonline.com\/de\/smarte-medikamente\/modawake-200-mg\/","name":"Kaufen Sie Modawake 200 mg (Modafinil) Pillen ohne Rx - BuyModafinilOnline","isPartOf":{"@id":"https:\/\/buymodafinilonline.com\/de\/#website"},"primaryImageOfPage":{"@id":"https:\/\/buymodafinilonline.com\/de\/smarte-medikamente\/modawake-200-mg\/#primaryimage"},"image":{"@id":"https:\/\/buymodafinilonline.com\/de\/smarte-medikamente\/modawake-200-mg\/#primaryimage"},"thumbnailUrl":"https:\/\/buymodafinilonline.com\/wp-content\/uploads\/2021\/09\/bmo-product-modawake-new.png","datePublished":"2020-11-08T16:09:43+00:00","dateModified":"2025-04-28T10:04:45+00:00","description":"Bestellen Sie g\u00fcnstige Modawake 200 mg Tabletten online beim HAB Pharma Hersteller. Kaufen Sie generische Modawake (Modafinil) Medikamente mit Bitcoin Zahlung - erhalten Sie 23% Rabatt bei BuyModafinilOnline Apotheke!","breadcrumb":{"@id":"https:\/\/buymodafinilonline.com\/de\/smarte-medikamente\/modawake-200-mg\/#breadcrumb"},"inLanguage":"de","potentialAction":[{"@type":"ReadAction","target":["https:\/\/buymodafinilonline.com\/de\/smarte-medikamente\/modawake-200-mg\/"]}]},{"@type":"ImageObject","inLanguage":"de","@id":"https:\/\/buymodafinilonline.com\/de\/smarte-medikamente\/modawake-200-mg\/#primaryimage","url":"https:\/\/buymodafinilonline.com\/wp-content\/uploads\/2021\/09\/bmo-product-modawake-new.png","contentUrl":"https:\/\/buymodafinilonline.com\/wp-content\/uploads\/2021\/09\/bmo-product-modawake-new.png","width":1280,"height":1500,"caption":"Modawake 200 mg"},{"@type":"BreadcrumbList","@id":"https:\/\/buymodafinilonline.com\/de\/smarte-medikamente\/modawake-200-mg\/#breadcrumb","itemListElement":[{"@type":"ListItem","position":1,"name":"Buy Modafinil Online","item":"https:\/\/buymodafinilonline.com\/de\/"},{"@type":"ListItem","position":2,"name":"Shop","item":"https:\/\/buymodafinilonline.com\/de\/shop-2\/"},{"@type":"ListItem","position":3,"name":"Smart Drugs Brands","item":"https:\/\/buymodafinilonline.com\/de\/produkt-kategorie\/smart-drugs-brands\/"},{"@type":"ListItem","position":4,"name":"Modawake 200 mg"}]},{"@type":"WebSite","@id":"https:\/\/buymodafinilonline.com\/de\/#website","url":"https:\/\/buymodafinilonline.com\/de\/","name":"BuyModafinilOnline.com","description":"Modafinil Online Pharmacy","publisher":{"@id":"https:\/\/buymodafinilonline.com\/de\/#organization"},"potentialAction":[{"@type":"SearchAction","target":{"@type":"EntryPoint","urlTemplate":"https:\/\/buymodafinilonline.com\/de\/?s={search_term_string}"},"query-input":{"@type":"PropertyValueSpecification","valueRequired":true,"valueName":"search_term_string"}}],"inLanguage":"de"},{"@type":"Organization","@id":"https:\/\/buymodafinilonline.com\/de\/#organization","name":"BuyModafinilOnline","url":"https:\/\/buymodafinilonline.com\/de\/","logo":{"@type":"ImageObject","inLanguage":"de","@id":"https:\/\/buymodafinilonline.com\/de\/#\/schema\/logo\/image\/","url":"https:\/\/buymodafinilonline.com\/wp-content\/uploads\/2020\/04\/logo-buy-modafinil-online-yellow.png","contentUrl":"https:\/\/buymodafinilonline.com\/wp-content\/uploads\/2020\/04\/logo-buy-modafinil-online-yellow.png","width":200,"height":200,"caption":"BuyModafinilOnline"},"image":{"@id":"https:\/\/buymodafinilonline.com\/de\/#\/schema\/logo\/image\/"}}]}},"_links":{"self":[{"href":"https:\/\/buymodafinilonline.com\/de\/wp-json\/wp\/v2\/product\/408434","targetHints":{"allow":["GET"]}}],"collection":[{"href":"https:\/\/buymodafinilonline.com\/de\/wp-json\/wp\/v2\/product"}],"about":[{"href":"https:\/\/buymodafinilonline.com\/de\/wp-json\/wp\/v2\/types\/product"}],"replies":[{"embeddable":true,"href":"https:\/\/buymodafinilonline.com\/de\/wp-json\/wp\/v2\/comments?post=408434"}],"wp:featuredmedia":[{"embeddable":true,"href":"https:\/\/buymodafinilonline.com\/de\/wp-json\/wp\/v2\/media\/426120"}],"wp:attachment":[{"href":"https:\/\/buymodafinilonline.com\/de\/wp-json\/wp\/v2\/media?parent=408434"}],"wp:term":[{"taxonomy":"product_brand","embeddable":true,"href":"https:\/\/buymodafinilonline.com\/de\/wp-json\/wp\/v2\/product_brand?post=408434"},{"taxonomy":"product_cat","embeddable":true,"href":"https:\/\/buymodafinilonline.com\/de\/wp-json\/wp\/v2\/product_cat?post=408434"},{"taxonomy":"product_tag","embeddable":true,"href":"https:\/\/buymodafinilonline.com\/de\/wp-json\/wp\/v2\/product_tag?post=408434"}],"curies":[{"name":"wp","href":"https:\/\/api.w.org\/{rel}","templated":true}]}}