{"id":408597,"date":"2020-03-23T21:52:14","date_gmt":"2020-11-08T16:10:49","guid":{"rendered":"https:\/\/buymodafinilonline.com\/smart-drugs\/modaheal-200-mg\/"},"modified":"2025-04-28T11:05:25","modified_gmt":"2025-04-28T10:05:25","slug":"modaheal-200-mg","status":"publish","type":"product","link":"https:\/\/buymodafinilonline.com\/de\/smarte-medikamente\/modaheal-200-mg\/","title":{"rendered":"Modaheal 200 mg"},"content":{"rendered":"[vc_column width=&#8221;1\/2&#8243;]\n<div class=\"su-divider su-divider-style-default\" style=\"margin:10px 0;border-width:3px;border-color:#ffffff00\"><a href=\"#\" style=\"color:#ffffff009\">.<\/a><\/div>\n<h2>Was ist Modaheal 200 mg?<\/h2>\n<div class=\"su-divider su-divider-style-default\" style=\"margin:10px 0;border-width:3px;border-color:#ffffff00\"><a href=\"#\" style=\"color:#ffffff009\">.<\/a><\/div>\nModaheal ist eine generische Version von Modafinil. Es wird in den gleichen 200-mg-Dosen wie viele andere Modafinil-Markennamen und Generika hergestellt. Es ist auch als 100-mg-Dosis erh\u00e4ltlich. Modaheal wird h\u00e4ufig haupts\u00e4chlich wegen seiner beeindruckenden eugeroischen Wirkung (wachheitsf\u00f6rdernd) vermarktet.<\/p>\n<p>Es ist ein hochwirksames Medikament, das von \u00c4rzten zur Behandlung von Narkolepsie, obstruktiver Schlafapnoe, \u00fcberm\u00e4\u00dfiger Tagesm\u00fcdigkeit, idiopathischer Hypersomnie, Schlafst\u00f6rung bei Schichtarbeit und anderen Erkrankungen verschrieben wird.<\/p>\n<div class=\"su-divider su-divider-style-default\" style=\"margin:10px 0;border-width:3px;border-color:#ffffff00\"><a href=\"#\" style=\"color:#ffffff009\">.<\/a><\/div>\n<h2>Wie wirken diese Pillen?<\/h2>\n<div class=\"su-divider su-divider-style-default\" style=\"margin:10px 0;border-width:3px;border-color:#ffffff00\"><a href=\"#\" style=\"color:#ffffff009\">.<\/a><\/div>\nModafinil ist ein hochwirksames Medikament, das die Freisetzung von Chemikalien stimuliert, die die Wachsamkeit f\u00f6rdern. Es ist allgemein als wachheitsf\u00f6rderndes Mittel bekannt.<\/p>\n<p>Modaheal reduziert die Wiederaufnahme von Dopamin in die Nerven und f\u00f6rdert so die Gehirnfunktion, die geistige Aktivit\u00e4t und die kognitiven Effekte.<\/p>\n<div class=\"su-divider su-divider-style-default\" style=\"margin:10px 0;border-width:3px;border-color:#ffffff00\"><a href=\"#\" style=\"color:#ffffff009\">.<\/a><\/div>\n<h2>Sichere Dosierung und richtige Anwendung<\/h2>\n<div class=\"su-divider su-divider-style-default\" style=\"margin:10px 0;border-width:3px;border-color:#ffffff00\"><a href=\"#\" style=\"color:#ffffff009\">.<\/a><\/div>\nBei Verschreibung zur Behandlung von Narkolepsie oder Schlafapnoe sollten 200 mg dieses Arzneimittels einmal t\u00e4glich morgens eingenommen werden. F\u00fcr diejenigen, die zur Behandlung von Schlafst\u00f6rungen im Schichtdienst verschrieben werden, sollte es 1 Stunde vor Beginn der Arbeitsschicht eingenommen werden. Dies verbessert die Wachsamkeit bei Patienten mit \u00fcberm\u00e4\u00dfiger Schl\u00e4frigkeit.<\/p>\n<p>Personen, die dieses Medikament f\u00fcr kognitive Funktionen einnehmen, sollten es bei Bedarf einmal t\u00e4glich einnehmen. Es ist jedoch erforderlich, vor der Verabreichung von Modaheal einen Arzt zu konsultieren, um das Auftreten schwerwiegender Nebenwirkungen und Wechselwirkungen mit anderen Arzneimitteln zu vermeiden. Ihre Gesundheit sollte vor der Einnahme beurteilt werden.<\/p>\n<div class=\"su-divider su-divider-style-default\" style=\"margin:10px 0;border-width:3px;border-color:#ffffff00\"><a href=\"#\" style=\"color:#ffffff009\">.<\/a><\/div>\n<h2>M\u00f6gliche Nebenwirkungen<\/h2>\n<div class=\"su-divider su-divider-style-default\" style=\"margin:10px 0;border-width:3px;border-color:#ffffff00\"><a href=\"#\" style=\"color:#ffffff009\">.<\/a><\/div>\nWie bei jedem wirksamen Arzneimittel k\u00f6nnen Nebenwirkungen in Abh\u00e4ngigkeit von der individuellen Gesundheit, den Reaktionen und der Einhaltung der Dosierung auftreten.<\/p>\n<p>H\u00e4ufige negative Auswirkungen k\u00f6nnen sein:<\/p>\n<div class=\"su-divider su-divider-style-default\" style=\"margin:10px 0;border-width:3px;border-color:#ffffff00\"><a href=\"#\" style=\"color:#ffffff009\">.<\/a><\/div>\n<ul>\n<li>Kopfschmerzen;<\/li>\n<li>sich nerv\u00f6s oder \u00e4ngstlich f\u00fchlen;<\/li>\n<li>R\u00fcckenschmerzen;<\/li>\n<li>Schlafst\u00f6rungen (Schlaflosigkeit);<\/li>\n<li>Schwindel;<\/li>\n<li>\u00dcbelkeit, Magenverstimmung, Durchfall;<\/li>\n<li>verstopfte Nase.<\/li>\n<\/ul>\n<div class=\"su-divider su-divider-style-default\" style=\"margin:10px 0;border-width:3px;border-color:#ffffff00\"><a href=\"#\" style=\"color:#ffffff009\">.<\/a><\/div>\nEs k\u00f6nnen jedoch schwerwiegende Nebenwirkungen auftreten, darunter:<\/p>\n<div class=\"su-divider su-divider-style-default\" style=\"margin:10px 0;border-width:3px;border-color:#ffffff00\"><a href=\"#\" style=\"color:#ffffff009\">.<\/a><\/div>\n<ul>\n<li>Fieber;<\/li>\n<li>anhaltende Schl\u00e4frigkeit;<\/li>\n<li>Angio\u00f6dem- und Anaphylaxiereaktionen;<\/li>\n<li>Brustschmerzen;<\/li>\n<li>leichte Bluterg\u00fcsse oder Blutungen;<\/li>\n<li>Halluzinationen;<\/li>\n<li>schneller \/ pochender \/ unregelm\u00e4\u00dfiger Herzschlag;<\/li>\n<li>Depression;<\/li>\n<li>\u00dcberempfindlichkeitsreaktionen mit mehreren Organen;<\/li>\n<li>mentale \/ Stimmungs\u00e4nderungen (wie Halluzinationen, Verwirrung, seltene Selbstmordgedanken).<\/li>\n<\/ul>\n<div class=\"su-divider su-divider-style-default\" style=\"margin:10px 0;border-width:3px;border-color:#ffffff00\"><a href=\"#\" style=\"color:#ffffff009\">.<\/a><\/div>\nDies ist keine umfassende Liste m\u00f6glicher nachteiliger, seltener oder h\u00e4ufiger negativer Auswirkungen &#8211; andere k\u00f6nnen auftreten. Lassen Sie sich vor der Einnahme dieses Arzneimittels von einem Arzt beraten.<\/p>\n[\/vc_column][vc_column width=&#8221;1\/2&#8243;]\n<div class=\"su-divider su-divider-style-default\" style=\"margin:10px 0;border-width:3px;border-color:#ffffff00\"><a href=\"#\" style=\"color:#ffffff009\">.<\/a><\/div>\n<h2>Gegenanzeigen und Vorsichtsma\u00dfnahmen<\/h2>\n<div class=\"su-divider su-divider-style-default\" style=\"margin:10px 0;border-width:3px;border-color:#ffffff00\"><a href=\"#\" style=\"color:#ffffff009\">.<\/a><\/div>\nWie bei allen Arzneimitteln kann es bei Modafinil zu m\u00f6glichen Wechselwirkungen mit anderen Arzneimitteln kommen. Es ist kontraindiziert, dieses Medikament nicht mit einigen Medikamenten zu mischen.<\/p>\n<p>Zum Beispiel:<\/p>\n<div class=\"su-divider su-divider-style-default\" style=\"margin:10px 0;border-width:3px;border-color:#ffffff00\"><a href=\"#\" style=\"color:#ffffff009\">.<\/a><\/div>\n<ul>\n<li>Cyclosporin (Sandimmun);<\/li>\n<li>hormonelle Kontrazeptiva (dh Micronor);<\/li>\n<li>Ketoconazol (Nizoral);<\/li>\n<li>Theophyllin (Theo-24);<\/li>\n<li>Warfarin (Coumadin);<\/li>\n<li>Propranolol (Inderal);<\/li>\n<li>Rifampin (Rifadin);<\/li>\n<li>Diazepam (Valium);<\/li>\n<li>Itraconazol (Sporanox).<\/li>\n<\/ul>\n<div class=\"su-divider su-divider-style-default\" style=\"margin:10px 0;border-width:3px;border-color:#ffffff00\"><a href=\"#\" style=\"color:#ffffff009\">.<\/a><\/div>\nDies ist keine vollst\u00e4ndige Liste. Ihr Facharzt sollte das Arzneimittel, das Sie verwenden, und die Krankheit, an der Sie leiden, beurteilen. Fragen Sie vor dem Stillen Ihren Arzt.<\/p>\n<p>Trinken Sie w\u00e4hrend der Anwendung dieses Arzneimittels auch keinen Alkohol. Es wird empfohlen, dieses Medikament von Personen \u00fcber 18 Jahren zu verwenden. Wenn Sie es einnehmen, brechen Sie das Medikament nicht pl\u00f6tzlich ab, da sonst Entzugserscheinungen auftreten k\u00f6nnen. Es ist ratsam, Modaheal 200 mg nicht einzunehmen, wenn Sie allergisch dagegen sind.<\/p>\n<p>Essen funktioniert gut mit dieser Art von Medikamenten. Sie k\u00f6nnen es auf leeren Magen oder mit dem Essen einnehmen.<\/p>\n<div class=\"su-divider su-divider-style-default\" style=\"margin:10px 0;border-width:3px;border-color:#ffffff00\"><a href=\"#\" style=\"color:#ffffff009\">.<\/a><\/div>\n<h2>Verbrauchererfahrung<\/h2>\n<div class=\"su-divider su-divider-style-default\" style=\"margin:10px 0;border-width:3px;border-color:#ffffff00\"><a href=\"#\" style=\"color:#ffffff009\">.<\/a><\/div>\nFragen und Suchanfragen zu Modafinil wurden ausf\u00fchrlich untersucht, und Personen, die es verwenden, berichten von einer h\u00f6heren Wirksamkeit. Es ist das ultimative Medikament zur Verbesserung der Wachsamkeit und zur F\u00f6rderung der kognitiven Funktion bei verbesserter Produktivit\u00e4t.<\/p>\n<p>Modafinil ist ein kognitives Medikament, das online als sicher ohne Sucht eingestuft wird, obwohl die \u00dcberwachung und Kontrolle von Medikamenten erforderlich ist. Fragen Sie vor dem Gebrauch immer Ihren Arzt. Einige Menschen mit einem gesunden Leben haben kaum oder gar keine negativen Auswirkungen, und die Verf\u00fcgbarkeit von Generika macht dieses Medikament sehr gefragt und f\u00fcr verschiedene Menschen weltweit leicht zug\u00e4nglich, da Modafinil generisch ist.<\/p>\n<div class=\"su-divider su-divider-style-default\" style=\"margin:10px 0;border-width:3px;border-color:#ffffff00\"><a href=\"#\" style=\"color:#ffffff009\">.<\/a><\/div>\n<h2>Kaufen Sie Generic Modaheal 200mg (Modafinil) online<\/h2>\n<div class=\"su-divider su-divider-style-default\" style=\"margin:10px 0;border-width:3px;border-color:#ffffff00\"><a href=\"#\" style=\"color:#ffffff009\">.<\/a><\/div>\nVorsichtsma\u00dfnahmen sollten beim Kauf von verschreibungspflichtigen oder nicht zugelassenen Medikamenten hilfreich sein. Wenn Sie online nachgefragte Medikamente online stellen, kann dies zu unerw\u00fcnschten Erfahrungen f\u00fchren. Gef\u00e4lschte oder gef\u00e4lschte Medikamente werden online von illegitimen Websites verkauft, die als Betrug fungieren.<\/p>\n<p>Wenn Sie nach dem besten Ort suchen, um billige, aber hochwertige generische Modaheal-Tabletten zu kaufen, k\u00f6nnen Sie diese sicher bei BuyModafinilOnline kaufen &#8211; online bei der besten E-Apotheke, die echte Modafinil-Medikamente von zugelassenen Herstellern ohne Rezept anbietet.<\/p>\n<p>Sie k\u00f6nnen auch so beliebte Nootropika kaufen wie<a href=\"https:\/\/buymodafinilonline.com\/de\/smarte-medikamente\/waklert-150-mg-tablets\/\"> Waklert<\/a> ,<a href=\"https:\/\/buymodafinilonline.com\/de\/smarte-medikamente\/vilafinil-200-mg\/\"> Vilafinil<\/a> ,<a href=\"https:\/\/buymodafinilonline.com\/de\/smarte-medikamente\/modafresh-200-mg-tabletten\/\"> Modafresh<\/a> , und andere.<\/p>\n<p><a href=\"https:\/\/buymodafinilonline.com\/de\/\">BuyModafinilOnline<\/a> &#8211; Es bietet Modafinil Medikamente ohne Rezept. Die Preise f\u00fcr Medikamente aus diesem Gesch\u00e4ft sind extrem g\u00fcnstig &#8211; der Verkauf erfolgt zu Herstellungskosten. Au\u00dferdem bietet es verschiedene Zahlungsoptionen, einschlie\u00dflich <a href=\"https:\/\/buymodafinilonline.com\/de\/mit-bitcoin-zahlen-33-rabatt-erhalten\/\">Bitcoin<\/a> (23% Rabatt). Weitere Zahlungsm\u00f6glichkeiten sind PayPal und eine Kreditkarte.<\/p>\n<p>Das<a href=\"https:\/\/buymodafinilonline.com\/de\/besten-modafinil-lieferanten-deutschland\/\"> Versand<\/a> Das Paket der K\u00e4ufer ist ultraschnell &#8211; bis weltweit &#8211; einschlie\u00dflich der USA, Gro\u00dfbritanniens, Australiens und Neuseelands, mit Ausnahme einiger weniger gelisteter L\u00e4nder. Selbst wenn die Lieferung fehlschl\u00e4gt, ist eine erneute Lieferung oder R\u00fcckerstattung m\u00f6glich.<\/p>\n<p>Bestellen Sie Modaheal 200 mg und nutzen Sie die verf\u00fcgbaren Rabatte und Gutscheine, um mehr Geld zu sparen!<\/p>\n[\/vc_column]\n<div class=\"su-divider su-divider-style-default\" style=\"margin:10px 0;border-width:3px;border-color:#ffffff00\"><a href=\"#\" style=\"color:#ffffff009\">.<\/a><\/div>\n","protected":false},"excerpt":{"rendered":"<p>Kaufen Sie dieses Medikament, um die Wachsamkeit zu f\u00f6rdern und Ihre kognitiven Funktionen zu st\u00e4rken. Modaheal 200 mg wird mit dem Wirkstoff Modafinil hergestellt, einem der bekanntesten und beliebtesten Medikamente. Modaheal wird von Healing Pharma, Indien, hergestellt. Wenn Sie es aus unserem Gesch\u00e4ft erhalten, erhalten Sie eine Qualit\u00e4tsmedikation, die zur Behandlung verschiedener Erkrankungen mit Wachmangel zugelassen ist. Kaufen Sie es zu sehr niedrigen Kosten mit garantierter Lieferung.<\/p>\n[sc name=\"s1\"]\n","protected":false},"featured_media":426127,"comment_status":"open","ping_status":"closed","template":"","meta":{"_acf_changed":false},"product_brand":[],"product_cat":[3786],"product_tag":[4014],"class_list":{"0":"post-408597","1":"product","2":"type-product","3":"status-publish","4":"has-post-thumbnail","6":"product_cat-smart-drugs-brands","7":"product_tag-modafinil-de","9":"first","10":"instock","11":"sale","12":"shipping-taxable","13":"purchasable","14":"product-type-variable","15":"has-default-attributes"},"acf":[],"yoast_head":"<!-- This site is optimized with the Yoast SEO Premium plugin v23.6 (Yoast SEO v27.4) - https:\/\/yoast.com\/product\/yoast-seo-premium-wordpress\/ -->\n<title>Kaufen Sie Modaheal 200 mg (Modafinil) Medikamente OTC - BuyModafinilOnline<\/title>\n<meta name=\"description\" content=\"Kaufen Sie g\u00fcnstige Modaheal 200 mg Tabletten online ohne Rx in der BuyModafinilOnline-Apotheke. Zahlen Sie mit Bitcoins und erhalten Sie garantiert 23% Rabatt auf den Kauf von Modaheal 200mg Medikamenten!\" \/>\n<meta name=\"robots\" content=\"index, follow, max-snippet:-1, max-image-preview:large, max-video-preview:-1\" \/>\n<link rel=\"canonical\" href=\"https:\/\/buymodafinilonline.com\/de\/smarte-medikamente\/modaheal-200-mg\/\" \/>\n<meta property=\"og:locale\" content=\"de_DE\" \/>\n<meta property=\"og:type\" content=\"article\" \/>\n<meta property=\"og:title\" content=\"Modaheal 200 mg\" \/>\n<meta property=\"og:description\" content=\"Kaufen Sie g\u00fcnstige Modaheal 200 mg Tabletten online ohne Rx in der BuyModafinilOnline-Apotheke. Zahlen Sie mit Bitcoins und erhalten Sie garantiert 23% Rabatt auf den Kauf von Modaheal 200mg Medikamenten!\" \/>\n<meta property=\"og:url\" content=\"https:\/\/buymodafinilonline.com\/de\/smarte-medikamente\/modaheal-200-mg\/\" \/>\n<meta property=\"og:site_name\" content=\"BuyModafinilOnline.com\" \/>\n<meta property=\"article:modified_time\" content=\"2025-04-28T10:05:25+00:00\" \/>\n<meta property=\"og:image\" content=\"https:\/\/buymodafinilonline.com\/wp-content\/uploads\/2021\/09\/bmo-product-modaheal-new.png\" \/>\n\t<meta property=\"og:image:width\" content=\"1280\" \/>\n\t<meta property=\"og:image:height\" content=\"1500\" \/>\n\t<meta property=\"og:image:type\" content=\"image\/png\" \/>\n<meta name=\"twitter:label1\" content=\"Gesch\u00e4tzte Lesezeit\" \/>\n\t<meta name=\"twitter:data1\" content=\"5\u00a0Minuten\" \/>\n<script type=\"application\/ld+json\" class=\"yoast-schema-graph\">{\"@context\":\"https:\\\/\\\/schema.org\",\"@graph\":[{\"@type\":\"WebPage\",\"@id\":\"https:\\\/\\\/buymodafinilonline.com\\\/de\\\/smarte-medikamente\\\/modaheal-200-mg\\\/\",\"url\":\"https:\\\/\\\/buymodafinilonline.com\\\/de\\\/smarte-medikamente\\\/modaheal-200-mg\\\/\",\"name\":\"Kaufen Sie Modaheal 200 mg (Modafinil) Medikamente OTC - BuyModafinilOnline\",\"isPartOf\":{\"@id\":\"https:\\\/\\\/buymodafinilonline.com\\\/de\\\/#website\"},\"primaryImageOfPage\":{\"@id\":\"https:\\\/\\\/buymodafinilonline.com\\\/de\\\/smarte-medikamente\\\/modaheal-200-mg\\\/#primaryimage\"},\"image\":{\"@id\":\"https:\\\/\\\/buymodafinilonline.com\\\/de\\\/smarte-medikamente\\\/modaheal-200-mg\\\/#primaryimage\"},\"thumbnailUrl\":\"https:\\\/\\\/buymodafinilonline.com\\\/wp-content\\\/uploads\\\/2021\\\/09\\\/bmo-product-modaheal-new.png\",\"datePublished\":\"2020-11-08T16:10:49+00:00\",\"dateModified\":\"2025-04-28T10:05:25+00:00\",\"description\":\"Kaufen Sie g\u00fcnstige Modaheal 200 mg Tabletten online ohne Rx in der BuyModafinilOnline-Apotheke. Zahlen Sie mit Bitcoins und erhalten Sie garantiert 23% Rabatt auf den Kauf von Modaheal 200mg Medikamenten!\",\"breadcrumb\":{\"@id\":\"https:\\\/\\\/buymodafinilonline.com\\\/de\\\/smarte-medikamente\\\/modaheal-200-mg\\\/#breadcrumb\"},\"inLanguage\":\"de\",\"potentialAction\":[{\"@type\":\"ReadAction\",\"target\":[\"https:\\\/\\\/buymodafinilonline.com\\\/de\\\/smarte-medikamente\\\/modaheal-200-mg\\\/\"]}]},{\"@type\":\"ImageObject\",\"inLanguage\":\"de\",\"@id\":\"https:\\\/\\\/buymodafinilonline.com\\\/de\\\/smarte-medikamente\\\/modaheal-200-mg\\\/#primaryimage\",\"url\":\"https:\\\/\\\/buymodafinilonline.com\\\/wp-content\\\/uploads\\\/2021\\\/09\\\/bmo-product-modaheal-new.png\",\"contentUrl\":\"https:\\\/\\\/buymodafinilonline.com\\\/wp-content\\\/uploads\\\/2021\\\/09\\\/bmo-product-modaheal-new.png\",\"width\":1280,\"height\":1500,\"caption\":\"Modaheal 200 mg\"},{\"@type\":\"BreadcrumbList\",\"@id\":\"https:\\\/\\\/buymodafinilonline.com\\\/de\\\/smarte-medikamente\\\/modaheal-200-mg\\\/#breadcrumb\",\"itemListElement\":[{\"@type\":\"ListItem\",\"position\":1,\"name\":\"Buy Modafinil Online\",\"item\":\"https:\\\/\\\/buymodafinilonline.com\\\/de\\\/\"},{\"@type\":\"ListItem\",\"position\":2,\"name\":\"Shop\",\"item\":\"https:\\\/\\\/buymodafinilonline.com\\\/de\\\/shop-2\\\/\"},{\"@type\":\"ListItem\",\"position\":3,\"name\":\"Smart Drugs Brands\",\"item\":\"https:\\\/\\\/buymodafinilonline.com\\\/de\\\/produkt-kategorie\\\/smart-drugs-brands\\\/\"},{\"@type\":\"ListItem\",\"position\":4,\"name\":\"Modaheal 200 mg\"}]},{\"@type\":\"WebSite\",\"@id\":\"https:\\\/\\\/buymodafinilonline.com\\\/de\\\/#website\",\"url\":\"https:\\\/\\\/buymodafinilonline.com\\\/de\\\/\",\"name\":\"BuyModafinilOnline.com\",\"description\":\"Modafinil Online Pharmacy\",\"publisher\":{\"@id\":\"https:\\\/\\\/buymodafinilonline.com\\\/de\\\/#organization\"},\"potentialAction\":[{\"@type\":\"SearchAction\",\"target\":{\"@type\":\"EntryPoint\",\"urlTemplate\":\"https:\\\/\\\/buymodafinilonline.com\\\/de\\\/?s={search_term_string}\"},\"query-input\":{\"@type\":\"PropertyValueSpecification\",\"valueRequired\":true,\"valueName\":\"search_term_string\"}}],\"inLanguage\":\"de\"},{\"@type\":\"Organization\",\"@id\":\"https:\\\/\\\/buymodafinilonline.com\\\/de\\\/#organization\",\"name\":\"BuyModafinilOnline\",\"url\":\"https:\\\/\\\/buymodafinilonline.com\\\/de\\\/\",\"logo\":{\"@type\":\"ImageObject\",\"inLanguage\":\"de\",\"@id\":\"https:\\\/\\\/buymodafinilonline.com\\\/de\\\/#\\\/schema\\\/logo\\\/image\\\/\",\"url\":\"https:\\\/\\\/buymodafinilonline.com\\\/wp-content\\\/uploads\\\/2020\\\/04\\\/logo-buy-modafinil-online-yellow.png\",\"contentUrl\":\"https:\\\/\\\/buymodafinilonline.com\\\/wp-content\\\/uploads\\\/2020\\\/04\\\/logo-buy-modafinil-online-yellow.png\",\"width\":200,\"height\":200,\"caption\":\"BuyModafinilOnline\"},\"image\":{\"@id\":\"https:\\\/\\\/buymodafinilonline.com\\\/de\\\/#\\\/schema\\\/logo\\\/image\\\/\"}}]}<\/script>\n<!-- \/ Yoast SEO Premium plugin. -->","yoast_head_json":{"title":"Kaufen Sie Modaheal 200 mg (Modafinil) Medikamente OTC - BuyModafinilOnline","description":"Kaufen Sie g\u00fcnstige Modaheal 200 mg Tabletten online ohne Rx in der BuyModafinilOnline-Apotheke. Zahlen Sie mit Bitcoins und erhalten Sie garantiert 23% Rabatt auf den Kauf von Modaheal 200mg Medikamenten!","robots":{"index":"index","follow":"follow","max-snippet":"max-snippet:-1","max-image-preview":"max-image-preview:large","max-video-preview":"max-video-preview:-1"},"canonical":"https:\/\/buymodafinilonline.com\/de\/smarte-medikamente\/modaheal-200-mg\/","og_locale":"de_DE","og_type":"article","og_title":"Modaheal 200 mg","og_description":"Kaufen Sie g\u00fcnstige Modaheal 200 mg Tabletten online ohne Rx in der BuyModafinilOnline-Apotheke. Zahlen Sie mit Bitcoins und erhalten Sie garantiert 23% Rabatt auf den Kauf von Modaheal 200mg Medikamenten!","og_url":"https:\/\/buymodafinilonline.com\/de\/smarte-medikamente\/modaheal-200-mg\/","og_site_name":"BuyModafinilOnline.com","article_modified_time":"2025-04-28T10:05:25+00:00","og_image":[{"width":1280,"height":1500,"url":"https:\/\/buymodafinilonline.com\/wp-content\/uploads\/2021\/09\/bmo-product-modaheal-new.png","type":"image\/png"}],"twitter_misc":{"Gesch\u00e4tzte Lesezeit":"5\u00a0Minuten"},"schema":{"@context":"https:\/\/schema.org","@graph":[{"@type":"WebPage","@id":"https:\/\/buymodafinilonline.com\/de\/smarte-medikamente\/modaheal-200-mg\/","url":"https:\/\/buymodafinilonline.com\/de\/smarte-medikamente\/modaheal-200-mg\/","name":"Kaufen Sie Modaheal 200 mg (Modafinil) Medikamente OTC - BuyModafinilOnline","isPartOf":{"@id":"https:\/\/buymodafinilonline.com\/de\/#website"},"primaryImageOfPage":{"@id":"https:\/\/buymodafinilonline.com\/de\/smarte-medikamente\/modaheal-200-mg\/#primaryimage"},"image":{"@id":"https:\/\/buymodafinilonline.com\/de\/smarte-medikamente\/modaheal-200-mg\/#primaryimage"},"thumbnailUrl":"https:\/\/buymodafinilonline.com\/wp-content\/uploads\/2021\/09\/bmo-product-modaheal-new.png","datePublished":"2020-11-08T16:10:49+00:00","dateModified":"2025-04-28T10:05:25+00:00","description":"Kaufen Sie g\u00fcnstige Modaheal 200 mg Tabletten online ohne Rx in der BuyModafinilOnline-Apotheke. Zahlen Sie mit Bitcoins und erhalten Sie garantiert 23% Rabatt auf den Kauf von Modaheal 200mg Medikamenten!","breadcrumb":{"@id":"https:\/\/buymodafinilonline.com\/de\/smarte-medikamente\/modaheal-200-mg\/#breadcrumb"},"inLanguage":"de","potentialAction":[{"@type":"ReadAction","target":["https:\/\/buymodafinilonline.com\/de\/smarte-medikamente\/modaheal-200-mg\/"]}]},{"@type":"ImageObject","inLanguage":"de","@id":"https:\/\/buymodafinilonline.com\/de\/smarte-medikamente\/modaheal-200-mg\/#primaryimage","url":"https:\/\/buymodafinilonline.com\/wp-content\/uploads\/2021\/09\/bmo-product-modaheal-new.png","contentUrl":"https:\/\/buymodafinilonline.com\/wp-content\/uploads\/2021\/09\/bmo-product-modaheal-new.png","width":1280,"height":1500,"caption":"Modaheal 200 mg"},{"@type":"BreadcrumbList","@id":"https:\/\/buymodafinilonline.com\/de\/smarte-medikamente\/modaheal-200-mg\/#breadcrumb","itemListElement":[{"@type":"ListItem","position":1,"name":"Buy Modafinil Online","item":"https:\/\/buymodafinilonline.com\/de\/"},{"@type":"ListItem","position":2,"name":"Shop","item":"https:\/\/buymodafinilonline.com\/de\/shop-2\/"},{"@type":"ListItem","position":3,"name":"Smart Drugs Brands","item":"https:\/\/buymodafinilonline.com\/de\/produkt-kategorie\/smart-drugs-brands\/"},{"@type":"ListItem","position":4,"name":"Modaheal 200 mg"}]},{"@type":"WebSite","@id":"https:\/\/buymodafinilonline.com\/de\/#website","url":"https:\/\/buymodafinilonline.com\/de\/","name":"BuyModafinilOnline.com","description":"Modafinil Online Pharmacy","publisher":{"@id":"https:\/\/buymodafinilonline.com\/de\/#organization"},"potentialAction":[{"@type":"SearchAction","target":{"@type":"EntryPoint","urlTemplate":"https:\/\/buymodafinilonline.com\/de\/?s={search_term_string}"},"query-input":{"@type":"PropertyValueSpecification","valueRequired":true,"valueName":"search_term_string"}}],"inLanguage":"de"},{"@type":"Organization","@id":"https:\/\/buymodafinilonline.com\/de\/#organization","name":"BuyModafinilOnline","url":"https:\/\/buymodafinilonline.com\/de\/","logo":{"@type":"ImageObject","inLanguage":"de","@id":"https:\/\/buymodafinilonline.com\/de\/#\/schema\/logo\/image\/","url":"https:\/\/buymodafinilonline.com\/wp-content\/uploads\/2020\/04\/logo-buy-modafinil-online-yellow.png","contentUrl":"https:\/\/buymodafinilonline.com\/wp-content\/uploads\/2020\/04\/logo-buy-modafinil-online-yellow.png","width":200,"height":200,"caption":"BuyModafinilOnline"},"image":{"@id":"https:\/\/buymodafinilonline.com\/de\/#\/schema\/logo\/image\/"}}]}},"_links":{"self":[{"href":"https:\/\/buymodafinilonline.com\/de\/wp-json\/wp\/v2\/product\/408597","targetHints":{"allow":["GET"]}}],"collection":[{"href":"https:\/\/buymodafinilonline.com\/de\/wp-json\/wp\/v2\/product"}],"about":[{"href":"https:\/\/buymodafinilonline.com\/de\/wp-json\/wp\/v2\/types\/product"}],"replies":[{"embeddable":true,"href":"https:\/\/buymodafinilonline.com\/de\/wp-json\/wp\/v2\/comments?post=408597"}],"wp:featuredmedia":[{"embeddable":true,"href":"https:\/\/buymodafinilonline.com\/de\/wp-json\/wp\/v2\/media\/426127"}],"wp:attachment":[{"href":"https:\/\/buymodafinilonline.com\/de\/wp-json\/wp\/v2\/media?parent=408597"}],"wp:term":[{"taxonomy":"product_brand","embeddable":true,"href":"https:\/\/buymodafinilonline.com\/de\/wp-json\/wp\/v2\/product_brand?post=408597"},{"taxonomy":"product_cat","embeddable":true,"href":"https:\/\/buymodafinilonline.com\/de\/wp-json\/wp\/v2\/product_cat?post=408597"},{"taxonomy":"product_tag","embeddable":true,"href":"https:\/\/buymodafinilonline.com\/de\/wp-json\/wp\/v2\/product_tag?post=408597"}],"curies":[{"name":"wp","href":"https:\/\/api.w.org\/{rel}","templated":true}]}}