{"id":408709,"date":"2020-04-18T19:37:19","date_gmt":"2020-11-08T16:11:26","guid":{"rendered":"https:\/\/buymodafinilonline.com\/smart-drugs\/modafil-200-mg\/"},"modified":"2025-04-28T11:34:29","modified_gmt":"2025-04-28T10:34:29","slug":"modafil-200-mg","status":"publish","type":"product","link":"https:\/\/buymodafinilonline.com\/de\/smarte-medikamente\/modafil-200-mg\/","title":{"rendered":"Modafil 200 mg"},"content":{"rendered":"[vc_column width=&#8221;1\/2&#8243;]\n<div class=\"su-divider su-divider-style-default\" style=\"margin:10px 0;border-width:3px;border-color:#ffffff00\"><a href=\"#\" style=\"color:#ffffff009\">.<\/a><\/div>\n<h2>Was ist Modafil 200mg?<\/h2>\n<div class=\"su-divider su-divider-style-default\" style=\"margin:10px 0;border-width:3px;border-color:#ffffff00\"><a href=\"#\" style=\"color:#ffffff009\">.<\/a><\/div>\nAls Wirkstoff der Modafil-Medizin,<a href=\"https:\/\/buymodafinilonline.com\/de\/die-wahrheit-ueber-modafinil\/\"> Modafinil<\/a> wird von Forschern als das &#8220;weltweit erste sichere intelligente Medikament&#8221; bezeichnet. Die Food and Drug Administration hat es als wachheitsf\u00f6rderndes Mittel zur Verringerung \u00fcberm\u00e4\u00dfiger Tagesm\u00fcdigkeit aufgrund von obstruktiver Schlafapnoe (OSA), Schichtarbeitsschlafst\u00f6rung (SWSD) und Narkolepsie zugelassen. Dieses Medikament wird jedoch auch off-label zur Behandlung verschiedener Gesundheitsprobleme wie Aufmerksamkeitsdefizit-Hyperaktivit\u00e4tsst\u00f6rung (ADHS), M\u00fcdigkeit im Zusammenhang mit Multipler Sklerose, Parkinson-Krankheit, Depression, chronischem M\u00fcdigkeitssyndrom, opioidbedingter Sedierung und anderen Erkrankungen eingesetzt.<\/p>\n<p>Gesunde Menschen verwenden Modafil 200 mg als sicheres und wirksames Medikament, um die Gehirnfunktion zu verbessern und die Produktivit\u00e4t zu steigern. Obwohl der genaue Wirkmechanismus dieses Medikaments nicht genau bekannt ist, wird angenommen, dass es die Spiegel bestimmter Neurotransmitter wie Dopamin, Histamin und Orexin in den Bereichen des Gehirns erh\u00f6ht, die den Schlaf-Wach-Zyklus steuern.<\/p>\n<div class=\"su-divider su-divider-style-default\" style=\"margin:10px 0;border-width:3px;border-color:#ffffff00\"><a href=\"#\" style=\"color:#ffffff009\">.<\/a><\/div>\n<h2>Sichere Dosierung und richtige Anwendung<\/h2>\n<div class=\"su-divider su-divider-style-default\" style=\"margin:10px 0;border-width:3px;border-color:#ffffff00\"><a href=\"#\" style=\"color:#ffffff009\">.<\/a><\/div>\nDie empfohlene Dosis von Modafil betr\u00e4gt 200 mg einmal t\u00e4glich. Eine Tablette sollte morgens zur Behandlung von Narkolepsie und OSA oder eine Stunde vor einer Arbeitsschicht bei der Bek\u00e4mpfung von SWSD verabreicht werden. Obwohl es nicht f\u00fcr Patienten empfohlen wird, die allergisch gegen Modafinil oder andere Nootropika sind.<\/p>\n<p>Bei Patienten mit schwerer Leberfunktionsst\u00f6rung sollte die Dosierung von Modafil 200 mg auf die H\u00e4lfte reduziert werden. Wenn Sie es off-label nehmen, m\u00fcssen Sie zuerst einen Arzt konsultieren, um festzustellen, ob Sie bei guter Gesundheit sind, um das Nootropikum zu verwenden.<\/p>\n<div class=\"su-divider su-divider-style-default\" style=\"margin:10px 0;border-width:3px;border-color:#ffffff00\"><a href=\"#\" style=\"color:#ffffff009\">.<\/a><\/div>\n<h2>M\u00f6gliche Nebenwirkungen<\/h2>\n<div class=\"su-divider su-divider-style-default\" style=\"margin:10px 0;border-width:3px;border-color:#ffffff00\"><a href=\"#\" style=\"color:#ffffff009\">.<\/a><\/div>\nDieses Medikament wirkt gut bei gesunden Personen, obwohl die negativen Reaktionen nicht vollst\u00e4ndig ausgeschlossen werden k\u00f6nnen. Die folgenden h\u00e4ufigen Nebenwirkungen, die nur von kurzer Dauer sind, k\u00f6nnen auftreten:<\/p>\n<div class=\"su-divider su-divider-style-default\" style=\"margin:10px 0;border-width:3px;border-color:#ffffff00\"><a href=\"#\" style=\"color:#ffffff009\">.<\/a><\/div>\n<ul>\n<li>Kopfschmerzen, Schwindel;<\/li>\n<li>R\u00fcckenschmerzen;<\/li>\n<li>\u00dcbelkeit, Magenverstimmung, Durchfall;<\/li>\n<li>Schlafst\u00f6rung;<\/li>\n<li>sich \u00e4ngstlich oder nerv\u00f6s f\u00fchlen;<\/li>\n<li>verstopfte Nase.<\/li>\n<\/ul>\n<div class=\"su-divider su-divider-style-default\" style=\"margin:10px 0;border-width:3px;border-color:#ffffff00\"><a href=\"#\" style=\"color:#ffffff009\">.<\/a><\/div>\nSeltene, aber schwerwiegendere negative Auswirkungen sind:<\/p>\n<div class=\"su-divider su-divider-style-default\" style=\"margin:10px 0;border-width:3px;border-color:#ffffff00\"><a href=\"#\" style=\"color:#ffffff009\">.<\/a><\/div>\n<ul>\n<li>\u00dcberempfindlichkeit;<\/li>\n<li>Fieber &amp; Sch\u00fcttelfrost;<\/li>\n<li>Brustschmerzen;<\/li>\n<li>Verwirrtheit;<\/li>\n<li>ungew\u00f6hnliche M\u00fcdigkeit &amp; Schw\u00e4che;<\/li>\n<li>Stevens-Johnson-Syndrom und andere.<\/li>\n<\/ul>\n<div class=\"su-divider su-divider-style-default\" style=\"margin:10px 0;border-width:3px;border-color:#ffffff00\"><a href=\"#\" style=\"color:#ffffff009\">.<\/a><\/div>\nDies ist keine vollst\u00e4ndige Liste m\u00f6glicher Nebenwirkungen. Modafil 200 mg kann auch Ihre Reaktionen beeintr\u00e4chtigen. Fahren oder bedienen Sie daher keine schweren Maschinen, bis Sie wissen, wie sich dies auf Ihren K\u00f6rper auswirkt.<\/p>\n[\/vc_column][vc_column width=&#8221;1\/2&#8243;]\n<div class=\"su-divider su-divider-style-default\" style=\"margin:10px 0;border-width:3px;border-color:#ffffff00\"><a href=\"#\" style=\"color:#ffffff009\">.<\/a><\/div>\n<p>Lassen Sie einen Facharzt wissen, wenn Sie ungew\u00f6hnliche Stimmungs- oder Verhaltens\u00e4nderungen entwickeln oder Selbstmordgedanken, neue oder sich verschlimmernde Depressionen haben. Wenn diese negativen Auswirkungen auftreten und Sie auch nach Absetzen der Modafinil-Medikamente st\u00f6ren oder nicht nachlassen, wenden Sie sich an Ihren Facharzt.<\/p>\n<div class=\"su-divider su-divider-style-default\" style=\"margin:10px 0;border-width:3px;border-color:#ffffff00\"><a href=\"#\" style=\"color:#ffffff009\">.<\/a><\/div>\n<h2>Gegenanzeigen und Vorsichtsma\u00dfnahmen<\/h2>\n<div class=\"su-divider su-divider-style-default\" style=\"margin:10px 0;border-width:3px;border-color:#ffffff00\"><a href=\"#\" style=\"color:#ffffff009\">.<\/a><\/div>\nModafil 200 mg ist sicher, wenn es unabh\u00e4ngig eingenommen wird, ohne es mit anderen Medikamenten zu mischen. Stellen Sie sicher, dass Sie einem Arzt eine vollst\u00e4ndige Liste der Medikamente (verschreibungspflichtig \/ nicht verschreibungspflichtig) oder pflanzlichen Heilmittel geben, die Sie zur Beurteilung verwenden, bevor Sie Modafil einnehmen. Obwohl m\u00f6gliche Risiken nicht bekannt sind, wird schwangeren Frauen und stillenden M\u00fcttern nicht empfohlen, Nootropika zu verwenden. Falls erforderlich, sollte ein Arzt die Risiken und Vorteile besprechen, bevor er Modafil 200 mg einnimmt.<\/p>\n<p>M\u00f6gliche Wechselwirkungen mit anderen Medikamenten sind:<\/p>\n<div class=\"su-divider su-divider-style-default\" style=\"margin:10px 0;border-width:3px;border-color:#ffffff00\"><a href=\"#\" style=\"color:#ffffff009\">.<\/a><\/div>\n<ul>\n<li>CYP3A4 \/ 5 &amp; CYP2C19-Substrate;<\/li>\n<li>Blutverd\u00fcnner wie Warfarin;<\/li>\n<li>Antibabypillen;<\/li>\n<li>MAO-Inhibitoren;<\/li>\n<li>ZNS-Stimulanzien und andere.<\/li>\n<\/ul>\n<div class=\"su-divider su-divider-style-default\" style=\"margin:10px 0;border-width:3px;border-color:#ffffff00\"><a href=\"#\" style=\"color:#ffffff009\">.<\/a><\/div>\nKrankheitsinteraktion kann auch auftreten. Informieren Sie Ihren Arzt \u00fcber Ihren Gesundheitszustand, einschlie\u00dflich Nieren- oder Leberversagen, Herzerkrankungen oder Anf\u00e4llen in der Anamnese, bevor Sie dieses nootrope Medikament einnehmen. Modafil 200 mg funktioniert gut mit den meisten Lebensmitteln, aber fetthaltige Mahlzeiten k\u00f6nnen den Wirkungseintritt verz\u00f6gern.<\/p>\n<p>Das Mischen mit Alkohol wird nicht empfohlen, da dies unter anderem das Risiko von Schl\u00e4frigkeit, Beeintr\u00e4chtigung des Urteilsverm\u00f6gens und Schwindel erh\u00f6hen kann.<\/p>\n<div class=\"su-divider su-divider-style-default\" style=\"margin:10px 0;border-width:3px;border-color:#ffffff00\"><a href=\"#\" style=\"color:#ffffff009\">.<\/a><\/div>\n<h2>Kaufen Sie generisches Modafil 200 mg (Modafinil) online<\/h2>\n<div class=\"su-divider su-divider-style-default\" style=\"margin:10px 0;border-width:3px;border-color:#ffffff00\"><a href=\"#\" style=\"color:#ffffff009\">.<\/a><\/div>\nBuyModafinilOnline E-Apotheke bietet Modafil 200 mg rezeptfrei online an.<a href=\"https:\/\/buymodafinilonline.com\/smart-drugs-brands\/\"> intelligente Drogen<\/a> \u201dNur von zugelassenen Herstellern bezogen. Obwohl Modafil in vielen E-Drogerien erh\u00e4ltlich ist, ist es eine sehr riskante Praxis. Es ist nicht illegal, Nootropika online zu kaufen, aber Sie sollten sich der Risiken einer Bestellung auf Betrugsseiten bewusst sein, die versprechen, Qualit\u00e4tsprodukte anzubieten.<\/p>\n<p>Wenn Sie sich f\u00fcr uns entscheiden, k\u00f6nnen Sie sicher sein, dass Sie nur echte Pillen erhalten. Wir sind der beste Ort, um billiges Modafinil (Modalert, Modvigil usw.) zu kaufen, da wir Ihre Gesundheit als Priorit\u00e4t betrachten.<\/p>\n<p>Wir akzeptieren MasterCard, Visa, AmEx, PayPal, Zelle, e-Check, Bitcoin (mit 23% Rabatt) und andere Kryptow\u00e4hrungen als Zahlungsmittel. Bei BuyModafinilOnline bieten wir<a href=\"https:\/\/buymodafinilonline.com\/free-trial\/\"> 20 kostenlose Testproben<\/a> von Modafinil und Armodafinil, damit unsere Kunden die Wirksamkeit und Sicherheit unserer \u201eintelligenten Medikamente\u201c testen k\u00f6nnen.<\/p>\n<p>Sparen Sie mehr Geld, indem Sie verf\u00fcgbar verwenden<a href=\"https:\/\/buymodafinilonline.com\/coupons-deals-promo-codes\/\"> Rabatte &amp; Gutscheine<\/a> . Unser Versand ist ultraschnell und wir bieten eine<a href=\"https:\/\/buymodafinilonline.com\/refund-reshipment\/\"> volle R\u00fcckerstattung oder R\u00fccksendung<\/a> wenn Ihr Paket im Zoll stecken bleibt oder verloren geht.<\/p>\n<div class=\"su-divider su-divider-style-default\" style=\"margin:10px 0;border-width:3px;border-color:#ffffff00\"><a href=\"#\" style=\"color:#ffffff009\">.<\/a><\/div>\n[\/vc_column]\n<div class=\"su-divider su-divider-style-default\" style=\"margin:10px 0;border-width:3px;border-color:#ffffff00\"><a href=\"#\" style=\"color:#ffffff009\">.<\/a><\/div>\n","protected":false},"excerpt":{"rendered":"<p>Modafil 200 mg enth\u00e4lt Modafinil als Wirkstoff. Hergestellt von INTAS Pharma Ltd &#8211; einem indischen Pharmaunternehmen &#8211; wird es verwendet, um die Wachsamkeit bei Patienten mit extremer Schl\u00e4frigkeit w\u00e4hrend des Tages oder bei der Arbeit aufgrund von Schlafst\u00f6rungen zu f\u00f6rdern. Es behandelt auch andere Gesundheitszust\u00e4nde und wird von gesunden Menschen h\u00e4ufig off-label als Produktivit\u00e4ts- und kognitiver Verst\u00e4rker verwendet.<\/p>\n<p>Kaufen Sie dieses Medikament zu den niedrigsten Kosten in unserer E-Apotheke oder erhalten Sie kostenlose Testmuster unserer nootropen Bestseller, um ihre Wirksamkeit zu testen.<\/p>\n[sc name=\"s1\"]\n","protected":false},"featured_media":398161,"comment_status":"open","ping_status":"closed","template":"","meta":{"_acf_changed":false},"product_brand":[],"product_cat":[3786],"product_tag":[4014],"class_list":{"0":"post-408709","1":"product","2":"type-product","3":"status-publish","4":"has-post-thumbnail","6":"product_cat-smart-drugs-brands","7":"product_tag-modafinil-de","9":"first","10":"instock","11":"sale","12":"shipping-taxable","13":"purchasable","14":"product-type-variable","15":"has-default-attributes"},"acf":[],"yoast_head":"<!-- This site is optimized with the Yoast SEO Premium plugin v23.6 (Yoast SEO v27.3) - https:\/\/yoast.com\/product\/yoast-seo-premium-wordpress\/ -->\n<title>Kaufen Sie Modafil 200mg (Modafinil) Medikamente mit gro\u00dfem Rabatt - BuyModafinilOnline<\/title>\n<meta name=\"description\" content=\"Kaufen Sie Modafil 200 mg Tabletten online beim INTAS Pharma Hersteller. Kaufen Sie Modafil 200mg (Modafinil) zum besten Preis in der BuyModafinilOnline-Apotheke. G\u00fcnstige Gutscheine und exzellenter Service.\" \/>\n<meta name=\"robots\" content=\"index, follow, max-snippet:-1, max-image-preview:large, max-video-preview:-1\" \/>\n<link rel=\"canonical\" href=\"https:\/\/buymodafinilonline.com\/de\/smarte-medikamente\/modafil-200-mg\/\" \/>\n<meta property=\"og:locale\" content=\"de_DE\" \/>\n<meta property=\"og:type\" content=\"article\" \/>\n<meta property=\"og:title\" content=\"Modafil 200 mg\" \/>\n<meta property=\"og:description\" content=\"Kaufen Sie Modafil 200 mg Tabletten online beim INTAS Pharma Hersteller. Kaufen Sie Modafil 200mg (Modafinil) zum besten Preis in der BuyModafinilOnline-Apotheke. G\u00fcnstige Gutscheine und exzellenter Service.\" \/>\n<meta property=\"og:url\" content=\"https:\/\/buymodafinilonline.com\/de\/smarte-medikamente\/modafil-200-mg\/\" \/>\n<meta property=\"og:site_name\" content=\"BuyModafinilOnline.com\" \/>\n<meta property=\"article:modified_time\" content=\"2025-04-28T10:34:29+00:00\" \/>\n<meta property=\"og:image\" content=\"https:\/\/buymodafinilonline.com\/wp-content\/uploads\/2020\/04\/bmo-product-modafil-200-mg.png\" \/>\n\t<meta property=\"og:image:width\" content=\"1280\" \/>\n\t<meta property=\"og:image:height\" content=\"1500\" \/>\n\t<meta property=\"og:image:type\" content=\"image\/png\" \/>\n<meta name=\"twitter:label1\" content=\"Gesch\u00e4tzte Lesezeit\" \/>\n\t<meta name=\"twitter:data1\" content=\"4\u00a0Minuten\" \/>\n<script type=\"application\/ld+json\" class=\"yoast-schema-graph\">{\"@context\":\"https:\\\/\\\/schema.org\",\"@graph\":[{\"@type\":\"WebPage\",\"@id\":\"https:\\\/\\\/buymodafinilonline.com\\\/de\\\/smarte-medikamente\\\/modafil-200-mg\\\/\",\"url\":\"https:\\\/\\\/buymodafinilonline.com\\\/de\\\/smarte-medikamente\\\/modafil-200-mg\\\/\",\"name\":\"Kaufen Sie Modafil 200mg (Modafinil) Medikamente mit gro\u00dfem Rabatt - BuyModafinilOnline\",\"isPartOf\":{\"@id\":\"https:\\\/\\\/buymodafinilonline.com\\\/de\\\/#website\"},\"primaryImageOfPage\":{\"@id\":\"https:\\\/\\\/buymodafinilonline.com\\\/de\\\/smarte-medikamente\\\/modafil-200-mg\\\/#primaryimage\"},\"image\":{\"@id\":\"https:\\\/\\\/buymodafinilonline.com\\\/de\\\/smarte-medikamente\\\/modafil-200-mg\\\/#primaryimage\"},\"thumbnailUrl\":\"https:\\\/\\\/buymodafinilonline.com\\\/wp-content\\\/uploads\\\/2020\\\/04\\\/bmo-product-modafil-200-mg.png\",\"datePublished\":\"2020-11-08T16:11:26+00:00\",\"dateModified\":\"2025-04-28T10:34:29+00:00\",\"description\":\"Kaufen Sie Modafil 200 mg Tabletten online beim INTAS Pharma Hersteller. Kaufen Sie Modafil 200mg (Modafinil) zum besten Preis in der BuyModafinilOnline-Apotheke. G\u00fcnstige Gutscheine und exzellenter Service.\",\"breadcrumb\":{\"@id\":\"https:\\\/\\\/buymodafinilonline.com\\\/de\\\/smarte-medikamente\\\/modafil-200-mg\\\/#breadcrumb\"},\"inLanguage\":\"de\",\"potentialAction\":[{\"@type\":\"ReadAction\",\"target\":[\"https:\\\/\\\/buymodafinilonline.com\\\/de\\\/smarte-medikamente\\\/modafil-200-mg\\\/\"]}]},{\"@type\":\"ImageObject\",\"inLanguage\":\"de\",\"@id\":\"https:\\\/\\\/buymodafinilonline.com\\\/de\\\/smarte-medikamente\\\/modafil-200-mg\\\/#primaryimage\",\"url\":\"https:\\\/\\\/buymodafinilonline.com\\\/wp-content\\\/uploads\\\/2020\\\/04\\\/bmo-product-modafil-200-mg.png\",\"contentUrl\":\"https:\\\/\\\/buymodafinilonline.com\\\/wp-content\\\/uploads\\\/2020\\\/04\\\/bmo-product-modafil-200-mg.png\",\"width\":1280,\"height\":1500,\"caption\":\"Modafil 200 mg\"},{\"@type\":\"BreadcrumbList\",\"@id\":\"https:\\\/\\\/buymodafinilonline.com\\\/de\\\/smarte-medikamente\\\/modafil-200-mg\\\/#breadcrumb\",\"itemListElement\":[{\"@type\":\"ListItem\",\"position\":1,\"name\":\"Buy Modafinil Online\",\"item\":\"https:\\\/\\\/buymodafinilonline.com\\\/de\\\/\"},{\"@type\":\"ListItem\",\"position\":2,\"name\":\"Shop\",\"item\":\"https:\\\/\\\/buymodafinilonline.com\\\/de\\\/shop-2\\\/\"},{\"@type\":\"ListItem\",\"position\":3,\"name\":\"Smart Drugs Brands\",\"item\":\"https:\\\/\\\/buymodafinilonline.com\\\/de\\\/produkt-kategorie\\\/smart-drugs-brands\\\/\"},{\"@type\":\"ListItem\",\"position\":4,\"name\":\"Modafil 200 mg\"}]},{\"@type\":\"WebSite\",\"@id\":\"https:\\\/\\\/buymodafinilonline.com\\\/de\\\/#website\",\"url\":\"https:\\\/\\\/buymodafinilonline.com\\\/de\\\/\",\"name\":\"BuyModafinilOnline.com\",\"description\":\"Modafinil Online Pharmacy\",\"publisher\":{\"@id\":\"https:\\\/\\\/buymodafinilonline.com\\\/de\\\/#organization\"},\"potentialAction\":[{\"@type\":\"SearchAction\",\"target\":{\"@type\":\"EntryPoint\",\"urlTemplate\":\"https:\\\/\\\/buymodafinilonline.com\\\/de\\\/?s={search_term_string}\"},\"query-input\":{\"@type\":\"PropertyValueSpecification\",\"valueRequired\":true,\"valueName\":\"search_term_string\"}}],\"inLanguage\":\"de\"},{\"@type\":\"Organization\",\"@id\":\"https:\\\/\\\/buymodafinilonline.com\\\/de\\\/#organization\",\"name\":\"BuyModafinilOnline\",\"url\":\"https:\\\/\\\/buymodafinilonline.com\\\/de\\\/\",\"logo\":{\"@type\":\"ImageObject\",\"inLanguage\":\"de\",\"@id\":\"https:\\\/\\\/buymodafinilonline.com\\\/de\\\/#\\\/schema\\\/logo\\\/image\\\/\",\"url\":\"https:\\\/\\\/buymodafinilonline.com\\\/wp-content\\\/uploads\\\/2020\\\/04\\\/logo-buy-modafinil-online-yellow.png\",\"contentUrl\":\"https:\\\/\\\/buymodafinilonline.com\\\/wp-content\\\/uploads\\\/2020\\\/04\\\/logo-buy-modafinil-online-yellow.png\",\"width\":200,\"height\":200,\"caption\":\"BuyModafinilOnline\"},\"image\":{\"@id\":\"https:\\\/\\\/buymodafinilonline.com\\\/de\\\/#\\\/schema\\\/logo\\\/image\\\/\"}}]}<\/script>\n<!-- \/ Yoast SEO Premium plugin. -->","yoast_head_json":{"title":"Kaufen Sie Modafil 200mg (Modafinil) Medikamente mit gro\u00dfem Rabatt - BuyModafinilOnline","description":"Kaufen Sie Modafil 200 mg Tabletten online beim INTAS Pharma Hersteller. Kaufen Sie Modafil 200mg (Modafinil) zum besten Preis in der BuyModafinilOnline-Apotheke. G\u00fcnstige Gutscheine und exzellenter Service.","robots":{"index":"index","follow":"follow","max-snippet":"max-snippet:-1","max-image-preview":"max-image-preview:large","max-video-preview":"max-video-preview:-1"},"canonical":"https:\/\/buymodafinilonline.com\/de\/smarte-medikamente\/modafil-200-mg\/","og_locale":"de_DE","og_type":"article","og_title":"Modafil 200 mg","og_description":"Kaufen Sie Modafil 200 mg Tabletten online beim INTAS Pharma Hersteller. Kaufen Sie Modafil 200mg (Modafinil) zum besten Preis in der BuyModafinilOnline-Apotheke. G\u00fcnstige Gutscheine und exzellenter Service.","og_url":"https:\/\/buymodafinilonline.com\/de\/smarte-medikamente\/modafil-200-mg\/","og_site_name":"BuyModafinilOnline.com","article_modified_time":"2025-04-28T10:34:29+00:00","og_image":[{"width":1280,"height":1500,"url":"https:\/\/buymodafinilonline.com\/wp-content\/uploads\/2020\/04\/bmo-product-modafil-200-mg.png","type":"image\/png"}],"twitter_misc":{"Gesch\u00e4tzte Lesezeit":"4\u00a0Minuten"},"schema":{"@context":"https:\/\/schema.org","@graph":[{"@type":"WebPage","@id":"https:\/\/buymodafinilonline.com\/de\/smarte-medikamente\/modafil-200-mg\/","url":"https:\/\/buymodafinilonline.com\/de\/smarte-medikamente\/modafil-200-mg\/","name":"Kaufen Sie Modafil 200mg (Modafinil) Medikamente mit gro\u00dfem Rabatt - BuyModafinilOnline","isPartOf":{"@id":"https:\/\/buymodafinilonline.com\/de\/#website"},"primaryImageOfPage":{"@id":"https:\/\/buymodafinilonline.com\/de\/smarte-medikamente\/modafil-200-mg\/#primaryimage"},"image":{"@id":"https:\/\/buymodafinilonline.com\/de\/smarte-medikamente\/modafil-200-mg\/#primaryimage"},"thumbnailUrl":"https:\/\/buymodafinilonline.com\/wp-content\/uploads\/2020\/04\/bmo-product-modafil-200-mg.png","datePublished":"2020-11-08T16:11:26+00:00","dateModified":"2025-04-28T10:34:29+00:00","description":"Kaufen Sie Modafil 200 mg Tabletten online beim INTAS Pharma Hersteller. Kaufen Sie Modafil 200mg (Modafinil) zum besten Preis in der BuyModafinilOnline-Apotheke. G\u00fcnstige Gutscheine und exzellenter Service.","breadcrumb":{"@id":"https:\/\/buymodafinilonline.com\/de\/smarte-medikamente\/modafil-200-mg\/#breadcrumb"},"inLanguage":"de","potentialAction":[{"@type":"ReadAction","target":["https:\/\/buymodafinilonline.com\/de\/smarte-medikamente\/modafil-200-mg\/"]}]},{"@type":"ImageObject","inLanguage":"de","@id":"https:\/\/buymodafinilonline.com\/de\/smarte-medikamente\/modafil-200-mg\/#primaryimage","url":"https:\/\/buymodafinilonline.com\/wp-content\/uploads\/2020\/04\/bmo-product-modafil-200-mg.png","contentUrl":"https:\/\/buymodafinilonline.com\/wp-content\/uploads\/2020\/04\/bmo-product-modafil-200-mg.png","width":1280,"height":1500,"caption":"Modafil 200 mg"},{"@type":"BreadcrumbList","@id":"https:\/\/buymodafinilonline.com\/de\/smarte-medikamente\/modafil-200-mg\/#breadcrumb","itemListElement":[{"@type":"ListItem","position":1,"name":"Buy Modafinil Online","item":"https:\/\/buymodafinilonline.com\/de\/"},{"@type":"ListItem","position":2,"name":"Shop","item":"https:\/\/buymodafinilonline.com\/de\/shop-2\/"},{"@type":"ListItem","position":3,"name":"Smart Drugs Brands","item":"https:\/\/buymodafinilonline.com\/de\/produkt-kategorie\/smart-drugs-brands\/"},{"@type":"ListItem","position":4,"name":"Modafil 200 mg"}]},{"@type":"WebSite","@id":"https:\/\/buymodafinilonline.com\/de\/#website","url":"https:\/\/buymodafinilonline.com\/de\/","name":"BuyModafinilOnline.com","description":"Modafinil Online Pharmacy","publisher":{"@id":"https:\/\/buymodafinilonline.com\/de\/#organization"},"potentialAction":[{"@type":"SearchAction","target":{"@type":"EntryPoint","urlTemplate":"https:\/\/buymodafinilonline.com\/de\/?s={search_term_string}"},"query-input":{"@type":"PropertyValueSpecification","valueRequired":true,"valueName":"search_term_string"}}],"inLanguage":"de"},{"@type":"Organization","@id":"https:\/\/buymodafinilonline.com\/de\/#organization","name":"BuyModafinilOnline","url":"https:\/\/buymodafinilonline.com\/de\/","logo":{"@type":"ImageObject","inLanguage":"de","@id":"https:\/\/buymodafinilonline.com\/de\/#\/schema\/logo\/image\/","url":"https:\/\/buymodafinilonline.com\/wp-content\/uploads\/2020\/04\/logo-buy-modafinil-online-yellow.png","contentUrl":"https:\/\/buymodafinilonline.com\/wp-content\/uploads\/2020\/04\/logo-buy-modafinil-online-yellow.png","width":200,"height":200,"caption":"BuyModafinilOnline"},"image":{"@id":"https:\/\/buymodafinilonline.com\/de\/#\/schema\/logo\/image\/"}}]}},"_links":{"self":[{"href":"https:\/\/buymodafinilonline.com\/de\/wp-json\/wp\/v2\/product\/408709","targetHints":{"allow":["GET"]}}],"collection":[{"href":"https:\/\/buymodafinilonline.com\/de\/wp-json\/wp\/v2\/product"}],"about":[{"href":"https:\/\/buymodafinilonline.com\/de\/wp-json\/wp\/v2\/types\/product"}],"replies":[{"embeddable":true,"href":"https:\/\/buymodafinilonline.com\/de\/wp-json\/wp\/v2\/comments?post=408709"}],"wp:featuredmedia":[{"embeddable":true,"href":"https:\/\/buymodafinilonline.com\/de\/wp-json\/wp\/v2\/media\/398161"}],"wp:attachment":[{"href":"https:\/\/buymodafinilonline.com\/de\/wp-json\/wp\/v2\/media?parent=408709"}],"wp:term":[{"taxonomy":"product_brand","embeddable":true,"href":"https:\/\/buymodafinilonline.com\/de\/wp-json\/wp\/v2\/product_brand?post=408709"},{"taxonomy":"product_cat","embeddable":true,"href":"https:\/\/buymodafinilonline.com\/de\/wp-json\/wp\/v2\/product_cat?post=408709"},{"taxonomy":"product_tag","embeddable":true,"href":"https:\/\/buymodafinilonline.com\/de\/wp-json\/wp\/v2\/product_tag?post=408709"}],"curies":[{"name":"wp","href":"https:\/\/api.w.org\/{rel}","templated":true}]}}