{"id":408728,"date":"2020-03-23T22:55:44","date_gmt":"2020-03-23T21:55:44","guid":{"rendered":"https:\/\/buymodafinilonline.com\/smart-drugs\/modafil-md-200-mg-sublingual\/"},"modified":"2026-01-28T19:07:46","modified_gmt":"2026-01-28T18:07:46","slug":"modafil-md-200-mg-sublingual-tabletten","status":"publish","type":"product","link":"https:\/\/buymodafinilonline.com\/de\/smarte-medikamente\/modafil-md-200-mg-sublingual-tabletten\/","title":{"rendered":"Modafil MD 200 mg Sublingual"},"content":{"rendered":"[vc_column width=&#8221;1\/2&#8243;]\n<div class=\"su-divider su-divider-style-default\" style=\"margin:10px 0;border-width:3px;border-color:#ffffff00\"><a href=\"#\" style=\"color:#ffffff009\">.<\/a><\/div>\n<h2>Was ist Modafil MD 200 mg?<\/h2>\n<div class=\"su-divider su-divider-style-default\" style=\"margin:10px 0;border-width:3px;border-color:#ffffff00\"><a href=\"#\" style=\"color:#ffffff009\">.<\/a><\/div>\nModafil MD ist eine wirksame generische Version von Provigil\u00ae. Eines der wirksamsten und beliebtesten Arzneimittel zur Behandlung verschiedener schlafbezogener Erkrankungen, einschlie\u00dflich Narkolepsie, obstruktiver Schlafapnoe, \u00fcberm\u00e4\u00dfiger Tagesm\u00fcdigkeit, idiopathischer Hypersomnie, Schlafst\u00f6rung bei Schichtarbeit und anderer Erkrankungen.<\/p>\n<p>Fach\u00e4rzte k\u00f6nnen Modafil MD 200 mg auch f\u00fcr Menschen verschreiben, die an ADS \/ ADHS leiden, da es die Konzentration verbessern, sich konzentrieren und die Wachsamkeit wiederherstellen kann.<\/p>\n<p>Au\u00dferhalb dieser vorgeschriebenen Anwendung wird Modafil MD f\u00fcr mehrere Personen verwendet, um die Produktivit\u00e4t bei der Arbeit oder in der Schule zu verbessern. Deshalb nutzen es Studenten und F\u00fchrungskr\u00e4fte &#8211; insbesondere CEOs und Profis. Es ist ein wirksames Medikament, das f\u00fcr lange, dauerhafte Arbeitszeiten (deshalb verwenden Milit\u00e4rs und Astronauten es f\u00fcr lange Missionen) oder bei sich wiederholenden Aufgaben n\u00fctzlich ist.<\/p>\n<div class=\"su-divider su-divider-style-default\" style=\"margin:10px 0;border-width:3px;border-color:#ffffff00\"><a href=\"#\" style=\"color:#ffffff009\">.<\/a><\/div>\n<h2>Wie wirken diese Pillen?<\/h2>\n<div class=\"su-divider su-divider-style-default\" style=\"margin:10px 0;border-width:3px;border-color:#ffffff00\"><a href=\"#\" style=\"color:#ffffff009\">.<\/a><\/div>\nModafil MD stimuliert die Freisetzung von Chemikalien im Gehirn, die die Wachsamkeit f\u00f6rdern. Der genaue Wirkungsmechanismus ist nicht vollst\u00e4ndig gekl\u00e4rt. Wissenschaftler zeigen, dass er die Menge an Dopamin (einem chemischen Neurotransmitter, mit dem die Hirnnerven miteinander kommunizieren) im K\u00f6rper erh\u00f6ht.<\/p>\n<p>Modafil MD 200 mg zielt auf dopaminerge Neuronen im Hypothalamus ab. Durch die Hemmung dopaminerger Neuronen werden die Hypocretin- und Dopaminspiegel erh\u00f6ht, wodurch Wachsamkeit, Schlaflosigkeit im Gehirn, verbessertes Denken, geistige Sch\u00e4rfe und Verarbeitung verbessert werden. Verbesserte Stimmung, Wahrnehmung, Konzentration, Motivation und Energie.<\/p>\n<div class=\"su-divider su-divider-style-default\" style=\"margin:10px 0;border-width:3px;border-color:#ffffff00\"><a href=\"#\" style=\"color:#ffffff009\">.<\/a><\/div>\n<h2>Sichere Dosierung und richtige Anwendung<\/h2>\n<div class=\"su-divider su-divider-style-default\" style=\"margin:10px 0;border-width:3px;border-color:#ffffff00\"><a href=\"#\" style=\"color:#ffffff009\">.<\/a><\/div>\nDieses Medikament ist sicher f\u00fcr gesunde Personen ohne einige Krankheiten und unter Einhaltung der richtigen Dosierung.<\/p>\n<p>Modafil MD ist in 2 Dosen erh\u00e4ltlich: 100 und 200 mg. Die 200 mg sind die h\u00e4ufigste Form, die haupts\u00e4chlich von Online-Anbietern verkauft und von der Mehrheit der Menschen als Rezept oder f\u00fcr Off-Label-Zwecke verwendet wird.<\/p>\n<p>Es ist nicht wie jede orale Tablette. Diese Art von Medikamenten wird aufgrund ihrer einzigartigen Verabreichungsmethode &#8211; als sublinguales Modafinil &#8211; schnell zu einem beliebten Modafinil-Mittel. Durch diesen Prozess zieht Modafil MD schneller ein und wirkt schneller.<\/p>\n<p>Die meisten Menschen verwenden dieses Medikament au\u00dferhalb der vorgeschriebenen Verwendungszwecke, um Fokus, Wachsamkeit, Wachsamkeit, Konzentration und Produktivit\u00e4t zu f\u00f6rdern. Es wirkt in erster Linie, indem es die Wachsamkeit und Wachsamkeit f\u00fcr mehrere Stunden steigert &#8211; genug, um eine produktive Aufgabe zu erledigen.<\/p>\n<div class=\"su-divider su-divider-style-default\" style=\"margin:10px 0;border-width:3px;border-color:#ffffff00\"><a href=\"#\" style=\"color:#ffffff009\">.<\/a><\/div>\n<h2>M\u00f6gliche Nebenwirkungen<\/h2>\n<div class=\"su-divider su-divider-style-default\" style=\"margin:10px 0;border-width:3px;border-color:#ffffff00\"><a href=\"#\" style=\"color:#ffffff009\">.<\/a><\/div>\nModafil MD ist sicher f\u00fcr Menschen mit einem gesunden K\u00f6rper. Negative Effekte k\u00f6nnen jedoch nicht vollst\u00e4ndig vermieden werden. Einige sind jedoch geringf\u00fcgig, k\u00f6nnen auftreten und verschwinden bei kontinuierlicher Einnahme von Medikamenten.<\/p>\n<p>H\u00e4ufige negative Auswirkungen von Modafil MD 200 mg sind:<\/p>\n<div class=\"su-divider su-divider-style-default\" style=\"margin:10px 0;border-width:3px;border-color:#ffffff00\"><a href=\"#\" style=\"color:#ffffff009\">.<\/a><\/div>\n<ul>\n<li>Kopfschmerzen;<\/li>\n<li>Verlust von Appetit;<\/li>\n<li>Bauchschmerzen;<\/li>\n<li>nerv\u00f6s f\u00fchlen;<\/li>\n<li>Schlafst\u00f6rungen;<\/li>\n<li>etc.<\/li>\n<\/ul>\n<div class=\"su-divider su-divider-style-default\" style=\"margin:10px 0;border-width:3px;border-color:#ffffff00\"><a href=\"#\" style=\"color:#ffffff009\">.<\/a><\/div>\nDiese schwerwiegenderen Nebenwirkungen treten selten auf, k\u00f6nnen jedoch bei einigen Personen auftreten: unregelm\u00e4\u00dfiger Herzschlag, Erbrechen, Hautausschlag, dunkler Urin, Nesselsucht, Hautjuckreiz, Fieber.<\/p>\n<p>Dies ist keine vollst\u00e4ndige Liste. Einige negative Auswirkungen k\u00f6nnen schwerwiegend und gesundheitssch\u00e4dlich sein. Wenn Sie merkw\u00fcrdige Anzeichen bemerken, suchen Sie sofort einen Arzt auf.<\/p>\n[\/vc_column][vc_column width=&#8221;1\/2&#8243;]\n<div class=\"su-divider su-divider-style-default\" style=\"margin:10px 0;border-width:3px;border-color:#ffffff00\"><a href=\"#\" style=\"color:#ffffff009\">.<\/a><\/div>\n<h2>Gegenanzeigen und Vorsichtsma\u00dfnahmen<\/h2>\n<div class=\"su-divider su-divider-style-default\" style=\"margin:10px 0;border-width:3px;border-color:#ffffff00\"><a href=\"#\" style=\"color:#ffffff009\">.<\/a><\/div>\nWie bei jedem wirksamen Arzneimittel m\u00fcssen die von einem Facharzt gegebenen Vorsichtsma\u00dfnahmen getroffen werden. Vor allem wird empfohlen, die Anweisungen auf der Packungsbeilage zu befolgen.<\/p>\n<p>Einige Arzneimittelwechselwirkungen k\u00f6nnen schwerwiegend sein, und es sind zus\u00e4tzliche Vorsichtsma\u00dfnahmen erforderlich. Modafil MD interagiert mit einigen Medikamenten wie:<\/p>\n<div class=\"su-divider su-divider-style-default\" style=\"margin:10px 0;border-width:3px;border-color:#ffffff00\"><a href=\"#\" style=\"color:#ffffff009\">.<\/a><\/div>\n<ul>\n<li>Carbamazepin (Tegretol);<\/li>\n<li>Desipramin (Norpramin);<\/li>\n<li>hormonelle Kontrazeptiva (dh Micronor);<\/li>\n<li>Warfarin (Coumadin);<\/li>\n<li>Propranolol (Inderal);<\/li>\n<li>Phenytoin (Dilantin);<\/li>\n<li>etc.<\/li>\n<\/ul>\n<div class=\"su-divider su-divider-style-default\" style=\"margin:10px 0;border-width:3px;border-color:#ffffff00\"><a href=\"#\" style=\"color:#ffffff009\">.<\/a><\/div>\nDiese Liste ist nicht vollst\u00e4ndig. Ihr Arzt sollte alle Arzneimittel, die Sie verwenden, bewerten und eine eingehende Gesundheitsanalyse durchf\u00fchren, um einige Ihrer Krankheiten zu identifizieren. Zum Beispiel bei Herzproblemen.<\/p>\n<p>Und auch wenn Sie haben:<\/p>\n<div class=\"su-divider su-divider-style-default\" style=\"margin:10px 0;border-width:3px;border-color:#ffffff00\"><a href=\"#\" style=\"color:#ffffff009\">.<\/a><\/div>\n<ul>\n<li>Leberprobleme;<\/li>\n<li>Hypertonie;<\/li>\n<li>Psychose;<\/li>\n<li>Manie;<\/li>\n<li>Depression.<\/li>\n<\/ul>\n<div class=\"su-divider su-divider-style-default\" style=\"margin:10px 0;border-width:3px;border-color:#ffffff00\"><a href=\"#\" style=\"color:#ffffff009\">.<\/a><\/div>\nDie meisten Lebensmittel funktionieren gut mit Modafil MD. Der Rat eines Arztes wird empfohlen, wenn Sie dieses Medikament einnehmen m\u00f6chten, wenn Sie stillen oder schwanger sind. Auch Alkohol und Modafinil wirken nicht gut. Seine Mechanismen, wie Modafil MD chemische Substanzen im Gehirn belohnt und wie Alkohol unter Modafinil im K\u00f6rper funktioniert, k\u00f6nnen beispiellose Nebenwirkungen verursachen.<\/p>\n<p>Eine weitere Vorsichtsma\u00dfnahme besteht darin, unter Modafinil-Effekten nicht mit schweren Maschinen zu fahren oder zu fahren &#8211; dies kann zu Schwindel oder Sehst\u00f6rungen f\u00fchren.<\/p>\n<div class=\"su-divider su-divider-style-default\" style=\"margin:10px 0;border-width:3px;border-color:#ffffff00\"><a href=\"#\" style=\"color:#ffffff009\">.<\/a><\/div>\n<h2>Verbrauchererfahrung<\/h2>\n<div class=\"su-divider su-divider-style-default\" style=\"margin:10px 0;border-width:3px;border-color:#ffffff00\"><a href=\"#\" style=\"color:#ffffff009\">.<\/a><\/div>\nModafinil ist ein starkes Medikament mit verschiedenen gesundheitlichen Vorteilen. Es ist n\u00fctzlich bei der Behandlung verschiedener gesundheitlicher Probleme mit Schlafentzug, hilft aber auch verschiedenen gesunden Menschen, die ihre Produktivit\u00e4t aufgrund der kognitiven Effekte von Modafil MD steigern m\u00fcssen.<\/p>\n<p>Diejenigen, die es einnehmen, reagieren positiv mit geringen bis keinen gr\u00f6\u00dferen Nebenwirkungen. Modafinil ist jedoch ein Medikament, das mit besonderer Vorsicht angewendet wird.<\/p>\n<p>Obwohl es sicher ist, kann die Einnahme ohne \u201eOK\u201c von einem Arzt schwerwiegende gesundheitliche Probleme verursachen &#8211; selbst solche Zust\u00e4nde, die lebensbedrohlich sein k\u00f6nnen. Es ist immer notwendig, sich von einem Arzt beraten und verschreiben zu lassen.<\/p>\n<div class=\"su-divider su-divider-style-default\" style=\"margin:10px 0;border-width:3px;border-color:#ffffff00\"><a href=\"#\" style=\"color:#ffffff009\">.<\/a><\/div>\n<h2>Kaufen Sie generisches Modafil MD 200mg (Modafinil) online<\/h2>\n<div class=\"su-divider su-divider-style-default\" style=\"margin:10px 0;border-width:3px;border-color:#ffffff00\"><a href=\"#\" style=\"color:#ffffff009\">.<\/a><\/div>\nEs ist notwendig, intelligente Medikamente aus einer legitimen E-Apotheke zu beziehen. Es k\u00f6nnen gef\u00e4lschte Online-Anbieter existieren, die minderwertige oder gef\u00e4lschte Modafinil- und andere OTC-Medikamente verkaufen.<\/p>\n<p>Bleiben Sie sicher mit<a href=\"https:\/\/buymodafinilonline.com\/de\/\"> BuyModafinilOnline<\/a> . Es ist die ultimative E-Apotheke, die verschiedene preisreduzierende Erfahrungen bietet, darunter <a href=\"https:\/\/buymodafinilonline.com\/coupons-deals-promo-codes\/\">Coupons und Rabatte<\/a> (23% Rabatt bei <a href=\"https:\/\/buymodafinilonline.com\/de\/mit-bitcoin-zahlen-33-rabatt-erhalten\/\">Zahlung mit Bitcoin<\/a>).<\/p>\n<p>Die Preise f\u00fcr Modafil MD sind in unserer Drogerie g\u00fcnstig. Auch wir bieten<a href=\"https:\/\/buymodafinilonline.com\/free-trial\/\"> kostenlose Testproben von Modafinil &amp; Armodafinil<\/a> ((<a href=\"https:\/\/buymodafinilonline.com\/de\/smarte-medikamente\/kostenlose-modalert-200-mg-modafinil-proben\/\"> Modalert 200 mg<\/a> und<a href=\"https:\/\/buymodafinilonline.com\/de\/smarte-medikamente\/kostenlose-armodafinil-proben-artvigil-150-mg\/\"> Artvigil 150 mg<\/a> ) &#8211; der beste Weg, um die Qualit\u00e4t seiner intelligenten Medikamente zu testen.<\/p>\n<p>BuyModafinilOnline bietet<a href=\"https:\/\/buymodafinilonline.com\/de\/besten-modafinil-lieferanten-deutschland\/\"> Weltweit superschneller Versand<\/a> (kostenlos f\u00fcr Bestellungen \u00fcber 150 USD) mit Ausnahme einiger aufgelisteter Ziele, an die nicht versendet wird. Wir bieten auch eine kostenlose R\u00fccksendung oder eine vollst\u00e4ndige R\u00fcckerstattung an, wenn Ihr Paket verloren geht oder im Zoll steckt.<\/p>\n[\/vc_column]\n<div class=\"su-divider su-divider-style-default\" style=\"margin:10px 0;border-width:3px;border-color:#ffffff00\"><a href=\"#\" style=\"color:#ffffff009\">.<\/a><\/div>\n","protected":false},"excerpt":{"rendered":"<p>Modafil MD ist ein Kraftpaket, wenn es um Modafinil-Effekte geht. Es kann \u00fcber den Mund aufgenommen werden, um schnellere Arzneimittelwirkungen und intensivere Wirkungen zu erzielen als jedes andere Modafinil-Markenarzneimittel oder Generikum auf dem Markt. Sein Wirkstoff ist Modafinil. Es ist beliebt bei der F\u00f6rderung von Wachheit und kognitiven Effekten. Es wird von INTAS Pharma &#8211; dem indischen biopharmazeutischen Unternehmen &#8211; hergestellt. Wenn Sie es in unserer Drogerie kaufen, erhalten Sie echte, hochwertige und zugelassene Medikamente zu geringeren Kosten bei garantierter Lieferung.<\/p>\n[sc name=\"s1\"]\n[sc name=\"s1\"]\n","protected":false},"featured_media":426113,"comment_status":"closed","ping_status":"closed","template":"","meta":{"_acf_changed":false},"product_brand":[],"product_cat":[4231,3786],"product_tag":[4014],"class_list":{"0":"post-408728","1":"product","2":"type-product","3":"status-publish","4":"has-post-thumbnail","6":"product_cat-bestseller","7":"product_cat-smart-drugs-brands","8":"product_tag-modafinil-de","10":"first","11":"instock","12":"sale","13":"shipping-taxable","14":"purchasable","15":"product-type-variable","16":"has-default-attributes"},"acf":[],"yoast_head":"<!-- This site is optimized with the Yoast SEO Premium plugin v23.6 (Yoast SEO v27.4) - https:\/\/yoast.com\/product\/yoast-seo-premium-wordpress\/ -->\n<title>Kaufen Sie Modafil MD 200 mg (Modafinil) Tabs aus Indien - BuyModafinilOnline<\/title>\n<meta name=\"description\" content=\"Bestellen Sie Modafil MD 200 mg Medikamente online ohne Rezept in der BuyModafinilOnline-Apotheke. 100% legale Tabletten vom INTAS Pharma-Lieferanten. Kaufen Sie generisches Modafil MD (Modafinil) 200mg in diskreter Verpackung!\" \/>\n<meta name=\"robots\" content=\"index, follow, max-snippet:-1, max-image-preview:large, max-video-preview:-1\" \/>\n<link rel=\"canonical\" href=\"https:\/\/buymodafinilonline.com\/de\/smarte-medikamente\/modafil-md-200-mg-sublingual-tabletten\/\" \/>\n<meta property=\"og:locale\" content=\"de_DE\" \/>\n<meta property=\"og:type\" content=\"article\" \/>\n<meta property=\"og:title\" content=\"Modafil MD 200 mg Sublingual\" \/>\n<meta property=\"og:description\" content=\"Bestellen Sie Modafil MD 200 mg Medikamente online ohne Rezept in der BuyModafinilOnline-Apotheke. 100% legale Tabletten vom INTAS Pharma-Lieferanten. Kaufen Sie generisches Modafil MD (Modafinil) 200mg in diskreter Verpackung!\" \/>\n<meta property=\"og:url\" content=\"https:\/\/buymodafinilonline.com\/de\/smarte-medikamente\/modafil-md-200-mg-sublingual-tabletten\/\" \/>\n<meta property=\"og:site_name\" content=\"BuyModafinilOnline.com\" \/>\n<meta property=\"article:modified_time\" content=\"2026-01-28T18:07:46+00:00\" \/>\n<meta property=\"og:image\" content=\"https:\/\/buymodafinilonline.com\/wp-content\/uploads\/2021\/09\/bmo-product-modafil-md-new.png\" \/>\n\t<meta property=\"og:image:width\" content=\"1280\" \/>\n\t<meta property=\"og:image:height\" content=\"1500\" \/>\n\t<meta property=\"og:image:type\" content=\"image\/png\" \/>\n<meta name=\"twitter:label1\" content=\"Gesch\u00e4tzte Lesezeit\" \/>\n\t<meta name=\"twitter:data1\" content=\"5\u00a0Minuten\" \/>\n<script type=\"application\/ld+json\" class=\"yoast-schema-graph\">{\"@context\":\"https:\\\/\\\/schema.org\",\"@graph\":[{\"@type\":\"WebPage\",\"@id\":\"https:\\\/\\\/buymodafinilonline.com\\\/de\\\/smarte-medikamente\\\/modafil-md-200-mg-sublingual-tabletten\\\/\",\"url\":\"https:\\\/\\\/buymodafinilonline.com\\\/de\\\/smarte-medikamente\\\/modafil-md-200-mg-sublingual-tabletten\\\/\",\"name\":\"Kaufen Sie Modafil MD 200 mg (Modafinil) Tabs aus Indien - BuyModafinilOnline\",\"isPartOf\":{\"@id\":\"https:\\\/\\\/buymodafinilonline.com\\\/de\\\/#website\"},\"primaryImageOfPage\":{\"@id\":\"https:\\\/\\\/buymodafinilonline.com\\\/de\\\/smarte-medikamente\\\/modafil-md-200-mg-sublingual-tabletten\\\/#primaryimage\"},\"image\":{\"@id\":\"https:\\\/\\\/buymodafinilonline.com\\\/de\\\/smarte-medikamente\\\/modafil-md-200-mg-sublingual-tabletten\\\/#primaryimage\"},\"thumbnailUrl\":\"https:\\\/\\\/buymodafinilonline.com\\\/wp-content\\\/uploads\\\/2021\\\/09\\\/bmo-product-modafil-md-new.png\",\"datePublished\":\"2020-03-23T21:55:44+00:00\",\"dateModified\":\"2026-01-28T18:07:46+00:00\",\"description\":\"Bestellen Sie Modafil MD 200 mg Medikamente online ohne Rezept in der BuyModafinilOnline-Apotheke. 100% legale Tabletten vom INTAS Pharma-Lieferanten. Kaufen Sie generisches Modafil MD (Modafinil) 200mg in diskreter Verpackung!\",\"breadcrumb\":{\"@id\":\"https:\\\/\\\/buymodafinilonline.com\\\/de\\\/smarte-medikamente\\\/modafil-md-200-mg-sublingual-tabletten\\\/#breadcrumb\"},\"inLanguage\":\"de\",\"potentialAction\":[{\"@type\":\"ReadAction\",\"target\":[\"https:\\\/\\\/buymodafinilonline.com\\\/de\\\/smarte-medikamente\\\/modafil-md-200-mg-sublingual-tabletten\\\/\"]}]},{\"@type\":\"ImageObject\",\"inLanguage\":\"de\",\"@id\":\"https:\\\/\\\/buymodafinilonline.com\\\/de\\\/smarte-medikamente\\\/modafil-md-200-mg-sublingual-tabletten\\\/#primaryimage\",\"url\":\"https:\\\/\\\/buymodafinilonline.com\\\/wp-content\\\/uploads\\\/2021\\\/09\\\/bmo-product-modafil-md-new.png\",\"contentUrl\":\"https:\\\/\\\/buymodafinilonline.com\\\/wp-content\\\/uploads\\\/2021\\\/09\\\/bmo-product-modafil-md-new.png\",\"width\":1280,\"height\":1500,\"caption\":\"Modafil MD 200 mg\"},{\"@type\":\"BreadcrumbList\",\"@id\":\"https:\\\/\\\/buymodafinilonline.com\\\/de\\\/smarte-medikamente\\\/modafil-md-200-mg-sublingual-tabletten\\\/#breadcrumb\",\"itemListElement\":[{\"@type\":\"ListItem\",\"position\":1,\"name\":\"Buy Modafinil Online\",\"item\":\"https:\\\/\\\/buymodafinilonline.com\\\/de\\\/\"},{\"@type\":\"ListItem\",\"position\":2,\"name\":\"Shop\",\"item\":\"https:\\\/\\\/buymodafinilonline.com\\\/de\\\/shop-2\\\/\"},{\"@type\":\"ListItem\",\"position\":3,\"name\":\"Bestseller\",\"item\":\"https:\\\/\\\/buymodafinilonline.com\\\/de\\\/produkt-kategorie\\\/bestseller\\\/\"},{\"@type\":\"ListItem\",\"position\":4,\"name\":\"Modafil MD 200 mg Sublingual\"}]},{\"@type\":\"WebSite\",\"@id\":\"https:\\\/\\\/buymodafinilonline.com\\\/de\\\/#website\",\"url\":\"https:\\\/\\\/buymodafinilonline.com\\\/de\\\/\",\"name\":\"BuyModafinilOnline.com\",\"description\":\"Modafinil Online Pharmacy\",\"publisher\":{\"@id\":\"https:\\\/\\\/buymodafinilonline.com\\\/de\\\/#organization\"},\"potentialAction\":[{\"@type\":\"SearchAction\",\"target\":{\"@type\":\"EntryPoint\",\"urlTemplate\":\"https:\\\/\\\/buymodafinilonline.com\\\/de\\\/?s={search_term_string}\"},\"query-input\":{\"@type\":\"PropertyValueSpecification\",\"valueRequired\":true,\"valueName\":\"search_term_string\"}}],\"inLanguage\":\"de\"},{\"@type\":\"Organization\",\"@id\":\"https:\\\/\\\/buymodafinilonline.com\\\/de\\\/#organization\",\"name\":\"BuyModafinilOnline\",\"url\":\"https:\\\/\\\/buymodafinilonline.com\\\/de\\\/\",\"logo\":{\"@type\":\"ImageObject\",\"inLanguage\":\"de\",\"@id\":\"https:\\\/\\\/buymodafinilonline.com\\\/de\\\/#\\\/schema\\\/logo\\\/image\\\/\",\"url\":\"https:\\\/\\\/buymodafinilonline.com\\\/wp-content\\\/uploads\\\/2020\\\/04\\\/logo-buy-modafinil-online-yellow.png\",\"contentUrl\":\"https:\\\/\\\/buymodafinilonline.com\\\/wp-content\\\/uploads\\\/2020\\\/04\\\/logo-buy-modafinil-online-yellow.png\",\"width\":200,\"height\":200,\"caption\":\"BuyModafinilOnline\"},\"image\":{\"@id\":\"https:\\\/\\\/buymodafinilonline.com\\\/de\\\/#\\\/schema\\\/logo\\\/image\\\/\"}}]}<\/script>\n<!-- \/ Yoast SEO Premium plugin. -->","yoast_head_json":{"title":"Kaufen Sie Modafil MD 200 mg (Modafinil) Tabs aus Indien - BuyModafinilOnline","description":"Bestellen Sie Modafil MD 200 mg Medikamente online ohne Rezept in der BuyModafinilOnline-Apotheke. 100% legale Tabletten vom INTAS Pharma-Lieferanten. Kaufen Sie generisches Modafil MD (Modafinil) 200mg in diskreter Verpackung!","robots":{"index":"index","follow":"follow","max-snippet":"max-snippet:-1","max-image-preview":"max-image-preview:large","max-video-preview":"max-video-preview:-1"},"canonical":"https:\/\/buymodafinilonline.com\/de\/smarte-medikamente\/modafil-md-200-mg-sublingual-tabletten\/","og_locale":"de_DE","og_type":"article","og_title":"Modafil MD 200 mg Sublingual","og_description":"Bestellen Sie Modafil MD 200 mg Medikamente online ohne Rezept in der BuyModafinilOnline-Apotheke. 100% legale Tabletten vom INTAS Pharma-Lieferanten. Kaufen Sie generisches Modafil MD (Modafinil) 200mg in diskreter Verpackung!","og_url":"https:\/\/buymodafinilonline.com\/de\/smarte-medikamente\/modafil-md-200-mg-sublingual-tabletten\/","og_site_name":"BuyModafinilOnline.com","article_modified_time":"2026-01-28T18:07:46+00:00","og_image":[{"width":1280,"height":1500,"url":"https:\/\/buymodafinilonline.com\/wp-content\/uploads\/2021\/09\/bmo-product-modafil-md-new.png","type":"image\/png"}],"twitter_misc":{"Gesch\u00e4tzte Lesezeit":"5\u00a0Minuten"},"schema":{"@context":"https:\/\/schema.org","@graph":[{"@type":"WebPage","@id":"https:\/\/buymodafinilonline.com\/de\/smarte-medikamente\/modafil-md-200-mg-sublingual-tabletten\/","url":"https:\/\/buymodafinilonline.com\/de\/smarte-medikamente\/modafil-md-200-mg-sublingual-tabletten\/","name":"Kaufen Sie Modafil MD 200 mg (Modafinil) Tabs aus Indien - BuyModafinilOnline","isPartOf":{"@id":"https:\/\/buymodafinilonline.com\/de\/#website"},"primaryImageOfPage":{"@id":"https:\/\/buymodafinilonline.com\/de\/smarte-medikamente\/modafil-md-200-mg-sublingual-tabletten\/#primaryimage"},"image":{"@id":"https:\/\/buymodafinilonline.com\/de\/smarte-medikamente\/modafil-md-200-mg-sublingual-tabletten\/#primaryimage"},"thumbnailUrl":"https:\/\/buymodafinilonline.com\/wp-content\/uploads\/2021\/09\/bmo-product-modafil-md-new.png","datePublished":"2020-03-23T21:55:44+00:00","dateModified":"2026-01-28T18:07:46+00:00","description":"Bestellen Sie Modafil MD 200 mg Medikamente online ohne Rezept in der BuyModafinilOnline-Apotheke. 100% legale Tabletten vom INTAS Pharma-Lieferanten. Kaufen Sie generisches Modafil MD (Modafinil) 200mg in diskreter Verpackung!","breadcrumb":{"@id":"https:\/\/buymodafinilonline.com\/de\/smarte-medikamente\/modafil-md-200-mg-sublingual-tabletten\/#breadcrumb"},"inLanguage":"de","potentialAction":[{"@type":"ReadAction","target":["https:\/\/buymodafinilonline.com\/de\/smarte-medikamente\/modafil-md-200-mg-sublingual-tabletten\/"]}]},{"@type":"ImageObject","inLanguage":"de","@id":"https:\/\/buymodafinilonline.com\/de\/smarte-medikamente\/modafil-md-200-mg-sublingual-tabletten\/#primaryimage","url":"https:\/\/buymodafinilonline.com\/wp-content\/uploads\/2021\/09\/bmo-product-modafil-md-new.png","contentUrl":"https:\/\/buymodafinilonline.com\/wp-content\/uploads\/2021\/09\/bmo-product-modafil-md-new.png","width":1280,"height":1500,"caption":"Modafil MD 200 mg"},{"@type":"BreadcrumbList","@id":"https:\/\/buymodafinilonline.com\/de\/smarte-medikamente\/modafil-md-200-mg-sublingual-tabletten\/#breadcrumb","itemListElement":[{"@type":"ListItem","position":1,"name":"Buy Modafinil Online","item":"https:\/\/buymodafinilonline.com\/de\/"},{"@type":"ListItem","position":2,"name":"Shop","item":"https:\/\/buymodafinilonline.com\/de\/shop-2\/"},{"@type":"ListItem","position":3,"name":"Bestseller","item":"https:\/\/buymodafinilonline.com\/de\/produkt-kategorie\/bestseller\/"},{"@type":"ListItem","position":4,"name":"Modafil MD 200 mg Sublingual"}]},{"@type":"WebSite","@id":"https:\/\/buymodafinilonline.com\/de\/#website","url":"https:\/\/buymodafinilonline.com\/de\/","name":"BuyModafinilOnline.com","description":"Modafinil Online Pharmacy","publisher":{"@id":"https:\/\/buymodafinilonline.com\/de\/#organization"},"potentialAction":[{"@type":"SearchAction","target":{"@type":"EntryPoint","urlTemplate":"https:\/\/buymodafinilonline.com\/de\/?s={search_term_string}"},"query-input":{"@type":"PropertyValueSpecification","valueRequired":true,"valueName":"search_term_string"}}],"inLanguage":"de"},{"@type":"Organization","@id":"https:\/\/buymodafinilonline.com\/de\/#organization","name":"BuyModafinilOnline","url":"https:\/\/buymodafinilonline.com\/de\/","logo":{"@type":"ImageObject","inLanguage":"de","@id":"https:\/\/buymodafinilonline.com\/de\/#\/schema\/logo\/image\/","url":"https:\/\/buymodafinilonline.com\/wp-content\/uploads\/2020\/04\/logo-buy-modafinil-online-yellow.png","contentUrl":"https:\/\/buymodafinilonline.com\/wp-content\/uploads\/2020\/04\/logo-buy-modafinil-online-yellow.png","width":200,"height":200,"caption":"BuyModafinilOnline"},"image":{"@id":"https:\/\/buymodafinilonline.com\/de\/#\/schema\/logo\/image\/"}}]}},"_links":{"self":[{"href":"https:\/\/buymodafinilonline.com\/de\/wp-json\/wp\/v2\/product\/408728","targetHints":{"allow":["GET"]}}],"collection":[{"href":"https:\/\/buymodafinilonline.com\/de\/wp-json\/wp\/v2\/product"}],"about":[{"href":"https:\/\/buymodafinilonline.com\/de\/wp-json\/wp\/v2\/types\/product"}],"replies":[{"embeddable":true,"href":"https:\/\/buymodafinilonline.com\/de\/wp-json\/wp\/v2\/comments?post=408728"}],"wp:featuredmedia":[{"embeddable":true,"href":"https:\/\/buymodafinilonline.com\/de\/wp-json\/wp\/v2\/media\/426113"}],"wp:attachment":[{"href":"https:\/\/buymodafinilonline.com\/de\/wp-json\/wp\/v2\/media?parent=408728"}],"wp:term":[{"taxonomy":"product_brand","embeddable":true,"href":"https:\/\/buymodafinilonline.com\/de\/wp-json\/wp\/v2\/product_brand?post=408728"},{"taxonomy":"product_cat","embeddable":true,"href":"https:\/\/buymodafinilonline.com\/de\/wp-json\/wp\/v2\/product_cat?post=408728"},{"taxonomy":"product_tag","embeddable":true,"href":"https:\/\/buymodafinilonline.com\/de\/wp-json\/wp\/v2\/product_tag?post=408728"}],"curies":[{"name":"wp","href":"https:\/\/api.w.org\/{rel}","templated":true}]}}