{"id":408751,"date":"2020-04-18T19:42:15","date_gmt":"2020-11-08T16:11:49","guid":{"rendered":"https:\/\/buymodafinilonline.com\/smart-drugs\/mofy-200-mg\/"},"modified":"2025-04-28T11:35:23","modified_gmt":"2025-04-28T10:35:23","slug":"mofy-200-mg","status":"publish","type":"product","link":"https:\/\/buymodafinilonline.com\/de\/smarte-medikamente\/mofy-200-mg\/","title":{"rendered":"Mofy 200 MG"},"content":{"rendered":"[vc_column width=&#8221;1\/2&#8243;]\n<div class=\"su-divider su-divider-style-default\" style=\"margin:10px 0;border-width:3px;border-color:#ffffff00\"><a href=\"#\" style=\"color:#ffffff009\">.<\/a><\/div>\n<h2>Was ist Mofy 200 mg?<\/h2>\n<div class=\"su-divider su-divider-style-default\" style=\"margin:10px 0;border-width:3px;border-color:#ffffff00\"><a href=\"#\" style=\"color:#ffffff009\">.<\/a><\/div>\nMofy 200 mg enth\u00e4lt<a href=\"https:\/\/buymodafinilonline.com\/de\/die-wahrheit-ueber-modafinil\/\"> Modafinil<\/a> Es ist ein sicheres Medikament, das als Heilmittel gegen verschiedene Schlafst\u00f6rungsprobleme aufgrund von Schichtarbeitsschlafst\u00f6rungen (SWSD), obstruktiver Schlafapnoe \/ Hypopnoe-Syndrom (OSAHS) und Narkolepsie zugelassen ist.<\/p>\n<p>Dieses Medikament hilft dem Patienten sehr, tags\u00fcber wach zu bleiben und verringert die Tendenz, w\u00e4hrend der Nachtschicht einzuschlafen. Abgesehen von dieser FDA-Zulassung (Food and Drug Administration) wird dieses Medikament auch h\u00e4ufig off-label zur Behandlung verschiedener anderer Gesundheitsprobleme wie Aufmerksamkeitsdefizit-Hyperaktivit\u00e4tsst\u00f6rung (ADHS), Depression, Jetlag, Ged\u00e4chtnisverlust bei Alzheimer-Patienten und kognitiv eingesetzt Beeintr\u00e4chtigung usw.<\/p>\n<p>Nach der Einnahme stellt der Mofy-Mechanismus den normalen Schlafzyklus effektiv wieder her, da er die Konzentration chemischer Botenstoffe im Gehirn moduliert, z. B. die Erh\u00f6hung der Dopamin-Wiederaufnahme, des Histamins und des Orexins. Auf diese Weise \u00fcbt Modafinil eine stimulierende Wirkung aus, um extreme Schl\u00e4frigkeit zu verringern, und durch die Erh\u00f6hung des Dopaminspiegels wird es mit anderen Effekten belohnt, die zu einer verbesserten kognitiven Funktion f\u00fchren.<\/p>\n<p>Als Modafinil-Medikament wird Mofy heimlich unter flei\u00dfigen Gesch\u00e4ftsleuten, Sportmitarbeitern, Studenten, Astronauten, Mitarbeitern und Call-Center-Mitarbeitern eingesetzt. Es verbessert die F\u00e4higkeit zu planen und Entscheidungen zu treffen und wirkt sich positiv auf Lernen, Ged\u00e4chtnis und Kreativit\u00e4t aus.<\/p>\n<div class=\"su-divider su-divider-style-default\" style=\"margin:10px 0;border-width:3px;border-color:#ffffff00\"><a href=\"#\" style=\"color:#ffffff009\">.<\/a><\/div>\n<h2><strong>Sichere Dosierung und richtige Anwendung<\/strong><\/h2>\n<div class=\"su-divider su-divider-style-default\" style=\"margin:10px 0;border-width:3px;border-color:#ffffff00\"><a href=\"#\" style=\"color:#ffffff009\">.<\/a><\/div>\nJe nach Behandlungszweck ist die 200-mg-Pille Mofy die empfohlene Tagesdosis. Es sollte nur auf \u00e4rztliche Verschreibung eingenommen werden. Es ist von gr\u00f6\u00dfter Bedeutung, dass Ihr Arzt Ihre Gesundheit auf m\u00f6gliche Gesundheitsprobleme beurteilen kann.<\/p>\n<p>Mofy ist sicher, wenn es von gesunden Menschen ohne zugrunde liegende Gesundheitsprobleme eingenommen wird. Es ist sicher mit oder ohne Nahrung einzunehmen, aber bestimmte Produkte k\u00f6nnen die Absorptionsrate verlangsamen.<\/p>\n<p>Lassen Sie keine Mofy-Dosis aus und beenden Sie die gesamte Behandlung, auch wenn Sie sich besser f\u00fchlen.<\/p>\n<p>Beenden Sie Modafinil nicht pl\u00f6tzlich, da es Ihre Symptome verschlimmern kann. Befolgen Sie beim Abnehmen vom Etikett den Rat des Arztes und lesen Sie die vollst\u00e4ndigen Informationen auf der Packungsbeilage.<\/p>\n<div class=\"su-divider su-divider-style-default\" style=\"margin:10px 0;border-width:3px;border-color:#ffffff00\"><a href=\"#\" style=\"color:#ffffff009\">.<\/a><\/div>\n<h2><strong>M\u00f6gliche Nebenwirkungen<\/strong><\/h2>\n<div class=\"su-divider su-divider-style-default\" style=\"margin:10px 0;border-width:3px;border-color:#ffffff00\"><a href=\"#\" style=\"color:#ffffff009\">.<\/a><\/div>\nMofy 200mg ist sicher und gut vertr\u00e4glich. Bei einigen Personen k\u00f6nnen jedoch nachteilige Auswirkungen auftreten. Einige negative Auswirkungen sind von kurzer Dauer und verschwinden mit der fortw\u00e4hrenden Anwendung oder Einstellung (falls dies weiterhin der Fall ist) von Mofy.<\/p>\n<p>H\u00e4ufige Nebenwirkungen sind Kopfschmerzen, Schlaflosigkeit, Schwindel, R\u00fcckenschmerzen, \u00dcbelkeit, Magenverstimmung, Durchfall, \u00e4ngstliche oder nerv\u00f6se, verstopfte Nase.<\/p>\n<p>Es verursacht sogar Schl\u00e4frigkeit und Schwindel. Fahren Sie also nicht und tun Sie nichts, was mentalen Fokus erfordert, bis die Arzneimittelwirkung verschwunden ist.<\/p>\n<p>Seltene, aber schwerwiegendere negative Auswirkungen k\u00f6nnen \u00dcberempfindlichkeit, Fieber und Sch\u00fcttelfrost, Verwirrtheit, Selbstmordgedanken, ungew\u00f6hnliche M\u00fcdigkeit und Schw\u00e4che sowie Brustschmerzen sein.<\/p>\n<p>Dies ist keine umfassende Liste m\u00f6glicher Nebenwirkungen. Bitte wenden Sie sich an Ihren Facharzt, wenn diese negativen Auswirkungen Sie st\u00f6ren oder nicht nachlassen.<\/p>\n[\/vc_column][vc_column width=&#8221;1\/2&#8243;]\n<div class=\"su-divider su-divider-style-default\" style=\"margin:10px 0;border-width:3px;border-color:#ffffff00\"><a href=\"#\" style=\"color:#ffffff009\">.<\/a><\/div>\n<h2><strong>Gegenanzeigen und Vorsichtsma\u00dfnahmen<\/strong><\/h2>\n<div class=\"su-divider su-divider-style-default\" style=\"margin:10px 0;border-width:3px;border-color:#ffffff00\"><a href=\"#\" style=\"color:#ffffff009\">.<\/a><\/div>\nEugeroika sind sicher, wenn sie verschreibungspflichtig eingenommen werden und nicht mit anderen Arzneimitteln gemischt werden, die schwerwiegende Wechselwirkungen verursachen k\u00f6nnen. Es wird empfohlen, die Anweisungen auf der Packungsbeilage zu befolgen und Ihrem Arzt eine vollst\u00e4ndige Liste der anderen Medikamente zu geben, die Sie zur Beurteilung verwenden.<\/p>\n<p>M\u00f6gliche Wechselwirkungen von Mofy mit anderen Medikamenten sind:<\/p>\n<div class=\"su-divider su-divider-style-default\" style=\"margin:10px 0;border-width:3px;border-color:#ffffff00\"><a href=\"#\" style=\"color:#ffffff009\">.<\/a><\/div>\n<ul>\n<li>Antibabypillen;<\/li>\n<li>MAO-Inhibitoren;<\/li>\n<li>ZNS-Stimulanzien;<\/li>\n<li>CYP3A4 \/ 5 &amp; CYP2C19-Substrate;<\/li>\n<li>Warfarin und andere.<\/li>\n<\/ul>\n<div class=\"su-divider su-divider-style-default\" style=\"margin:10px 0;border-width:3px;border-color:#ffffff00\"><a href=\"#\" style=\"color:#ffffff009\">.<\/a><\/div>\nMofy 200 mg wird nicht zur Anwendung bei Patienten und gesunden Personen empfohlen, die gegen Modafinil oder ein Nootropikum allergisch sind. Wenn Modafinil gegen bestimmte Medikamente allergisch ist, kann es Anzeichen einer schwerwiegenden allergischen Reaktion geben. Schwangeren oder Stillenden wird empfohlen, keine Mofy-Medikamente zu verwenden, es sei denn, dies ist erforderlich. Die Risiken und Vorteile sollten vor der Einnahme dieses Medikaments mit einem Facharzt besprochen werden.<\/p>\n<p>Vorsichtshalber wird die Einnahme von Mofy-Medikamenten unter Alkoholeinfluss nicht empfohlen. Es kann das Risiko von negativen Auswirkungen wie Urteilsst\u00f6rungen, Schwindel und Schl\u00e4frigkeit sowie anderen beispiellosen negativen Auswirkungen erh\u00f6hen.<\/p>\n<p>Lassen Sie einen Facharzt wissen, wenn Sie unter diesem Medikament Selbstmordgedanken, neue oder sich verschlimmernde Depressionen versp\u00fcren oder ungew\u00f6hnliche Stimmungs- oder Verhaltens\u00e4nderungen entwickeln.<\/p>\n<div class=\"su-divider su-divider-style-default\" style=\"margin:10px 0;border-width:3px;border-color:#ffffff00\"><a href=\"#\" style=\"color:#ffffff009\">.<\/a><\/div>\n<h2><strong>Generisches Mofy 200mg (Modafinil) Online<\/strong><\/h2>\n<div class=\"su-divider su-divider-style-default\" style=\"margin:10px 0;border-width:3px;border-color:#ffffff00\"><a href=\"#\" style=\"color:#ffffff009\">.<\/a><\/div>\nModafinil Generika sind echt und extrem billig bei BuyModafinilOnline E-Pharmacy. Wir beziehen \u201eSmart Drugs\u201c von zugelassenen Herstellern und bieten sie zu Herstellungskosten an.<a href=\"https:\/\/buymodafinilonline.com\/smart-drugs-bestsellers\/\"> Top Nootropika<\/a> sind in unserer E-Drogerie erh\u00e4ltlich.<\/p>\n<p>Bestenfalls bieten wir auch an<a href=\"https:\/\/buymodafinilonline.com\/free-trial\/\"> kostenlose Probeproben<\/a> von Modafinil und Armodafinil, um die Sicherheit und Wirksamkeit der von uns angebotenen Medikamente zu testen. Wir besch\u00e4ftigen uns nur mit vertrauensw\u00fcrdigen Arzneimitteln.<\/p>\n<p>Holen Sie sich ganz einfach und legal Mofy 200 mg oder andere Nootropika<a href=\"https:\/\/buymodafinilonline.com\/de\/smarte-medikamente\/modalert-200-mg\/\">(Modalert<\/a>, <a href=\"https:\/\/buymodafinilonline.com\/de\/smarte-medikamente\/modafil-md-200-mg-sublingual-tabletten\/\">Modafil MD<\/a>, <a href=\"https:\/\/buymodafinilonline.com\/de\/smarte-medikamente\/modvigil-200-mg\/\">Modvigil<\/a>, <a href=\"https:\/\/buymodafinilonline.com\/de\/smarte-medikamente\/artvigil-150-mg\/\">Artvigil<\/a>, <a href=\"https:\/\/buymodafinilonline.com\/de\/smarte-medikamente\/waklert-150-mg-tablets\/\">Waklert<\/a>, etc.) in unserer E-Apotheke rezeptfrei (ohne Rezept). Die <a href=\"https:\/\/buymodafinilonline.com\/smart-drugs-brands\/\">hochwertigen Modafinil- &amp; Armodafinil-Tabletten<\/a>, die wir anbieten, sind der beste Weg, um mehr Geld zu sparen, indem Sie <a href=\"https:\/\/buymodafinilonline.com\/coupons-deals-promo-codes\/\">Gutscheine, Angebote &amp; Promo-Codes<\/a> und Rabatte nutzen.<\/p>\n<p>Wir versenden weltweit und erm\u00f6glichen es Ihnen, unsere Erfahrungen zu sammeln<a href=\"https:\/\/buymodafinilonline.com\/de\/besten-modafinil-lieferanten-deutschland\/\"> exklusiver ultraschneller Versand<\/a> bei Bestellungen \u00fcber 80 US-Dollar versandkostenfrei bei Versand per Einschreiben oder bei Bestellungen \u00fcber 150 US-Dollar kostenlos per Expressversand.<\/p>\n<p>Bei fehlgeschlagener Lieferung nicht \u00e4rgern! Wir bieten eine<a href=\"https:\/\/buymodafinilonline.com\/refund-reshipment\/\"> 100% R\u00fcckerstattung<\/a> oder geben Sie eine andere kostenlose R\u00fccksendung. Sie haben nichts von unserer Online-Modafinil-E-Apotheke zu verlieren.<\/p>\n<p>Unsere Drogerie ist mit einem SSL-Zertifikat hoch gesichert. Wir bieten ausgezeichnete Zahlungsm\u00f6glichkeiten, einschlie\u00dflich<a href=\"https:\/\/buymodafinilonline.com\/de\/mit-bitcoin-zahlen-33-rabatt-erhalten\/\"> Bitcoin<\/a> (BTC), PayPal und g\u00e4ngige Kreditkarten. Sparen Sie 23% auf Ihre Gesamtkosten, wenn Sie mit BTC bezahlen! Je mehr Tablets Sie kaufen, desto niedriger ist der Preis!<\/p>\n<div class=\"su-divider su-divider-style-default\" style=\"margin:10px 0;border-width:3px;border-color:#ffffff00\"><a href=\"#\" style=\"color:#ffffff009\">.<\/a><\/div>\n[\/vc_column]\n<div class=\"su-divider su-divider-style-default\" style=\"margin:10px 0;border-width:3px;border-color:#ffffff00\"><a href=\"#\" style=\"color:#ffffff009\">.<\/a><\/div>\n","protected":false},"excerpt":{"rendered":"<p>Kaufen Sie Mofy 200 mg Tabletten in unserer Apotheke, wie wir sie vom Hersteller Bondane Pharma beziehen &#8211; aus Indien. \u00dcblicherweise wird dieses Medikament zur Behandlung von \u00fcberm\u00e4\u00dfiger Tagesm\u00fcdigkeit verwendet. Gesunde Menschen machen es allgemein als Produktivit\u00e4ts- und kognitiven Verbesserer bekannt. Mofy enth\u00e4lt Modafinil als Wirkstoff. In unserer E-Apotheke erhalten Sie dieses Nootropikum zum besten Preis zu Herstellungskosten.<\/p>\n[sc name=\"s1\"]\n","protected":false},"featured_media":398203,"comment_status":"open","ping_status":"closed","template":"","meta":{"_acf_changed":false},"product_brand":[],"product_cat":[3786],"product_tag":[4014],"class_list":{"0":"post-408751","1":"product","2":"type-product","3":"status-publish","4":"has-post-thumbnail","6":"product_cat-smart-drugs-brands","7":"product_tag-modafinil-de","9":"first","10":"instock","11":"sale","12":"shipping-taxable","13":"purchasable","14":"product-type-variable","15":"has-default-attributes"},"acf":[],"yoast_head":"<!-- This site is optimized with the Yoast SEO Premium plugin v23.6 (Yoast SEO v27.3) - https:\/\/yoast.com\/product\/yoast-seo-premium-wordpress\/ -->\n<title>Kaufen Sie billige Mofy 200 MG (Modafinil) Medikamente OTC - BuyModafinilOnline<\/title>\n<meta name=\"description\" content=\"Kaufen Sie Mofy 200 mg Tabletten online beim Hersteller von Bondane Pharma. Kaufen Sie Mofy 200 mg (Modafinil) rezeptfrei in der BuyModafinilOnline-Apotheke. Zahlen Sie mit Bitcoin - sparen Sie 23%!\" \/>\n<meta name=\"robots\" content=\"index, follow, max-snippet:-1, max-image-preview:large, max-video-preview:-1\" \/>\n<link rel=\"canonical\" href=\"https:\/\/buymodafinilonline.com\/de\/smarte-medikamente\/mofy-200-mg\/\" \/>\n<meta property=\"og:locale\" content=\"de_DE\" \/>\n<meta property=\"og:type\" content=\"article\" \/>\n<meta property=\"og:title\" content=\"Mofy 200 MG\" \/>\n<meta property=\"og:description\" content=\"Kaufen Sie Mofy 200 mg Tabletten online beim Hersteller von Bondane Pharma. Kaufen Sie Mofy 200 mg (Modafinil) rezeptfrei in der BuyModafinilOnline-Apotheke. Zahlen Sie mit Bitcoin - sparen Sie 23%!\" \/>\n<meta property=\"og:url\" content=\"https:\/\/buymodafinilonline.com\/de\/smarte-medikamente\/mofy-200-mg\/\" \/>\n<meta property=\"og:site_name\" content=\"BuyModafinilOnline.com\" \/>\n<meta property=\"article:modified_time\" content=\"2025-04-28T10:35:23+00:00\" \/>\n<meta property=\"og:image\" content=\"https:\/\/buymodafinilonline.com\/wp-content\/uploads\/2020\/04\/bmo-product-mofy-200-mg.png\" \/>\n\t<meta property=\"og:image:width\" content=\"1280\" \/>\n\t<meta property=\"og:image:height\" content=\"1500\" \/>\n\t<meta property=\"og:image:type\" content=\"image\/png\" \/>\n<meta name=\"twitter:label1\" content=\"Gesch\u00e4tzte Lesezeit\" \/>\n\t<meta name=\"twitter:data1\" content=\"5\u00a0Minuten\" \/>\n<script type=\"application\/ld+json\" class=\"yoast-schema-graph\">{\"@context\":\"https:\\\/\\\/schema.org\",\"@graph\":[{\"@type\":\"WebPage\",\"@id\":\"https:\\\/\\\/buymodafinilonline.com\\\/de\\\/smarte-medikamente\\\/mofy-200-mg\\\/\",\"url\":\"https:\\\/\\\/buymodafinilonline.com\\\/de\\\/smarte-medikamente\\\/mofy-200-mg\\\/\",\"name\":\"Kaufen Sie billige Mofy 200 MG (Modafinil) Medikamente OTC - BuyModafinilOnline\",\"isPartOf\":{\"@id\":\"https:\\\/\\\/buymodafinilonline.com\\\/de\\\/#website\"},\"primaryImageOfPage\":{\"@id\":\"https:\\\/\\\/buymodafinilonline.com\\\/de\\\/smarte-medikamente\\\/mofy-200-mg\\\/#primaryimage\"},\"image\":{\"@id\":\"https:\\\/\\\/buymodafinilonline.com\\\/de\\\/smarte-medikamente\\\/mofy-200-mg\\\/#primaryimage\"},\"thumbnailUrl\":\"https:\\\/\\\/buymodafinilonline.com\\\/wp-content\\\/uploads\\\/2020\\\/04\\\/bmo-product-mofy-200-mg.png\",\"datePublished\":\"2020-11-08T16:11:49+00:00\",\"dateModified\":\"2025-04-28T10:35:23+00:00\",\"description\":\"Kaufen Sie Mofy 200 mg Tabletten online beim Hersteller von Bondane Pharma. Kaufen Sie Mofy 200 mg (Modafinil) rezeptfrei in der BuyModafinilOnline-Apotheke. Zahlen Sie mit Bitcoin - sparen Sie 23%!\",\"breadcrumb\":{\"@id\":\"https:\\\/\\\/buymodafinilonline.com\\\/de\\\/smarte-medikamente\\\/mofy-200-mg\\\/#breadcrumb\"},\"inLanguage\":\"de\",\"potentialAction\":[{\"@type\":\"ReadAction\",\"target\":[\"https:\\\/\\\/buymodafinilonline.com\\\/de\\\/smarte-medikamente\\\/mofy-200-mg\\\/\"]}]},{\"@type\":\"ImageObject\",\"inLanguage\":\"de\",\"@id\":\"https:\\\/\\\/buymodafinilonline.com\\\/de\\\/smarte-medikamente\\\/mofy-200-mg\\\/#primaryimage\",\"url\":\"https:\\\/\\\/buymodafinilonline.com\\\/wp-content\\\/uploads\\\/2020\\\/04\\\/bmo-product-mofy-200-mg.png\",\"contentUrl\":\"https:\\\/\\\/buymodafinilonline.com\\\/wp-content\\\/uploads\\\/2020\\\/04\\\/bmo-product-mofy-200-mg.png\",\"width\":1280,\"height\":1500,\"caption\":\"Mofy 200 mg\"},{\"@type\":\"BreadcrumbList\",\"@id\":\"https:\\\/\\\/buymodafinilonline.com\\\/de\\\/smarte-medikamente\\\/mofy-200-mg\\\/#breadcrumb\",\"itemListElement\":[{\"@type\":\"ListItem\",\"position\":1,\"name\":\"Buy Modafinil Online\",\"item\":\"https:\\\/\\\/buymodafinilonline.com\\\/de\\\/\"},{\"@type\":\"ListItem\",\"position\":2,\"name\":\"Shop\",\"item\":\"https:\\\/\\\/buymodafinilonline.com\\\/de\\\/shop-2\\\/\"},{\"@type\":\"ListItem\",\"position\":3,\"name\":\"Smart Drugs Brands\",\"item\":\"https:\\\/\\\/buymodafinilonline.com\\\/de\\\/produkt-kategorie\\\/smart-drugs-brands\\\/\"},{\"@type\":\"ListItem\",\"position\":4,\"name\":\"Mofy 200 MG\"}]},{\"@type\":\"WebSite\",\"@id\":\"https:\\\/\\\/buymodafinilonline.com\\\/de\\\/#website\",\"url\":\"https:\\\/\\\/buymodafinilonline.com\\\/de\\\/\",\"name\":\"BuyModafinilOnline.com\",\"description\":\"Modafinil Online Pharmacy\",\"publisher\":{\"@id\":\"https:\\\/\\\/buymodafinilonline.com\\\/de\\\/#organization\"},\"potentialAction\":[{\"@type\":\"SearchAction\",\"target\":{\"@type\":\"EntryPoint\",\"urlTemplate\":\"https:\\\/\\\/buymodafinilonline.com\\\/de\\\/?s={search_term_string}\"},\"query-input\":{\"@type\":\"PropertyValueSpecification\",\"valueRequired\":true,\"valueName\":\"search_term_string\"}}],\"inLanguage\":\"de\"},{\"@type\":\"Organization\",\"@id\":\"https:\\\/\\\/buymodafinilonline.com\\\/de\\\/#organization\",\"name\":\"BuyModafinilOnline\",\"url\":\"https:\\\/\\\/buymodafinilonline.com\\\/de\\\/\",\"logo\":{\"@type\":\"ImageObject\",\"inLanguage\":\"de\",\"@id\":\"https:\\\/\\\/buymodafinilonline.com\\\/de\\\/#\\\/schema\\\/logo\\\/image\\\/\",\"url\":\"https:\\\/\\\/buymodafinilonline.com\\\/wp-content\\\/uploads\\\/2020\\\/04\\\/logo-buy-modafinil-online-yellow.png\",\"contentUrl\":\"https:\\\/\\\/buymodafinilonline.com\\\/wp-content\\\/uploads\\\/2020\\\/04\\\/logo-buy-modafinil-online-yellow.png\",\"width\":200,\"height\":200,\"caption\":\"BuyModafinilOnline\"},\"image\":{\"@id\":\"https:\\\/\\\/buymodafinilonline.com\\\/de\\\/#\\\/schema\\\/logo\\\/image\\\/\"}}]}<\/script>\n<!-- \/ Yoast SEO Premium plugin. -->","yoast_head_json":{"title":"Kaufen Sie billige Mofy 200 MG (Modafinil) Medikamente OTC - BuyModafinilOnline","description":"Kaufen Sie Mofy 200 mg Tabletten online beim Hersteller von Bondane Pharma. Kaufen Sie Mofy 200 mg (Modafinil) rezeptfrei in der BuyModafinilOnline-Apotheke. Zahlen Sie mit Bitcoin - sparen Sie 23%!","robots":{"index":"index","follow":"follow","max-snippet":"max-snippet:-1","max-image-preview":"max-image-preview:large","max-video-preview":"max-video-preview:-1"},"canonical":"https:\/\/buymodafinilonline.com\/de\/smarte-medikamente\/mofy-200-mg\/","og_locale":"de_DE","og_type":"article","og_title":"Mofy 200 MG","og_description":"Kaufen Sie Mofy 200 mg Tabletten online beim Hersteller von Bondane Pharma. Kaufen Sie Mofy 200 mg (Modafinil) rezeptfrei in der BuyModafinilOnline-Apotheke. Zahlen Sie mit Bitcoin - sparen Sie 23%!","og_url":"https:\/\/buymodafinilonline.com\/de\/smarte-medikamente\/mofy-200-mg\/","og_site_name":"BuyModafinilOnline.com","article_modified_time":"2025-04-28T10:35:23+00:00","og_image":[{"width":1280,"height":1500,"url":"https:\/\/buymodafinilonline.com\/wp-content\/uploads\/2020\/04\/bmo-product-mofy-200-mg.png","type":"image\/png"}],"twitter_misc":{"Gesch\u00e4tzte Lesezeit":"5\u00a0Minuten"},"schema":{"@context":"https:\/\/schema.org","@graph":[{"@type":"WebPage","@id":"https:\/\/buymodafinilonline.com\/de\/smarte-medikamente\/mofy-200-mg\/","url":"https:\/\/buymodafinilonline.com\/de\/smarte-medikamente\/mofy-200-mg\/","name":"Kaufen Sie billige Mofy 200 MG (Modafinil) Medikamente OTC - BuyModafinilOnline","isPartOf":{"@id":"https:\/\/buymodafinilonline.com\/de\/#website"},"primaryImageOfPage":{"@id":"https:\/\/buymodafinilonline.com\/de\/smarte-medikamente\/mofy-200-mg\/#primaryimage"},"image":{"@id":"https:\/\/buymodafinilonline.com\/de\/smarte-medikamente\/mofy-200-mg\/#primaryimage"},"thumbnailUrl":"https:\/\/buymodafinilonline.com\/wp-content\/uploads\/2020\/04\/bmo-product-mofy-200-mg.png","datePublished":"2020-11-08T16:11:49+00:00","dateModified":"2025-04-28T10:35:23+00:00","description":"Kaufen Sie Mofy 200 mg Tabletten online beim Hersteller von Bondane Pharma. Kaufen Sie Mofy 200 mg (Modafinil) rezeptfrei in der BuyModafinilOnline-Apotheke. Zahlen Sie mit Bitcoin - sparen Sie 23%!","breadcrumb":{"@id":"https:\/\/buymodafinilonline.com\/de\/smarte-medikamente\/mofy-200-mg\/#breadcrumb"},"inLanguage":"de","potentialAction":[{"@type":"ReadAction","target":["https:\/\/buymodafinilonline.com\/de\/smarte-medikamente\/mofy-200-mg\/"]}]},{"@type":"ImageObject","inLanguage":"de","@id":"https:\/\/buymodafinilonline.com\/de\/smarte-medikamente\/mofy-200-mg\/#primaryimage","url":"https:\/\/buymodafinilonline.com\/wp-content\/uploads\/2020\/04\/bmo-product-mofy-200-mg.png","contentUrl":"https:\/\/buymodafinilonline.com\/wp-content\/uploads\/2020\/04\/bmo-product-mofy-200-mg.png","width":1280,"height":1500,"caption":"Mofy 200 mg"},{"@type":"BreadcrumbList","@id":"https:\/\/buymodafinilonline.com\/de\/smarte-medikamente\/mofy-200-mg\/#breadcrumb","itemListElement":[{"@type":"ListItem","position":1,"name":"Buy Modafinil Online","item":"https:\/\/buymodafinilonline.com\/de\/"},{"@type":"ListItem","position":2,"name":"Shop","item":"https:\/\/buymodafinilonline.com\/de\/shop-2\/"},{"@type":"ListItem","position":3,"name":"Smart Drugs Brands","item":"https:\/\/buymodafinilonline.com\/de\/produkt-kategorie\/smart-drugs-brands\/"},{"@type":"ListItem","position":4,"name":"Mofy 200 MG"}]},{"@type":"WebSite","@id":"https:\/\/buymodafinilonline.com\/de\/#website","url":"https:\/\/buymodafinilonline.com\/de\/","name":"BuyModafinilOnline.com","description":"Modafinil Online Pharmacy","publisher":{"@id":"https:\/\/buymodafinilonline.com\/de\/#organization"},"potentialAction":[{"@type":"SearchAction","target":{"@type":"EntryPoint","urlTemplate":"https:\/\/buymodafinilonline.com\/de\/?s={search_term_string}"},"query-input":{"@type":"PropertyValueSpecification","valueRequired":true,"valueName":"search_term_string"}}],"inLanguage":"de"},{"@type":"Organization","@id":"https:\/\/buymodafinilonline.com\/de\/#organization","name":"BuyModafinilOnline","url":"https:\/\/buymodafinilonline.com\/de\/","logo":{"@type":"ImageObject","inLanguage":"de","@id":"https:\/\/buymodafinilonline.com\/de\/#\/schema\/logo\/image\/","url":"https:\/\/buymodafinilonline.com\/wp-content\/uploads\/2020\/04\/logo-buy-modafinil-online-yellow.png","contentUrl":"https:\/\/buymodafinilonline.com\/wp-content\/uploads\/2020\/04\/logo-buy-modafinil-online-yellow.png","width":200,"height":200,"caption":"BuyModafinilOnline"},"image":{"@id":"https:\/\/buymodafinilonline.com\/de\/#\/schema\/logo\/image\/"}}]}},"_links":{"self":[{"href":"https:\/\/buymodafinilonline.com\/de\/wp-json\/wp\/v2\/product\/408751","targetHints":{"allow":["GET"]}}],"collection":[{"href":"https:\/\/buymodafinilonline.com\/de\/wp-json\/wp\/v2\/product"}],"about":[{"href":"https:\/\/buymodafinilonline.com\/de\/wp-json\/wp\/v2\/types\/product"}],"replies":[{"embeddable":true,"href":"https:\/\/buymodafinilonline.com\/de\/wp-json\/wp\/v2\/comments?post=408751"}],"wp:featuredmedia":[{"embeddable":true,"href":"https:\/\/buymodafinilonline.com\/de\/wp-json\/wp\/v2\/media\/398203"}],"wp:attachment":[{"href":"https:\/\/buymodafinilonline.com\/de\/wp-json\/wp\/v2\/media?parent=408751"}],"wp:term":[{"taxonomy":"product_brand","embeddable":true,"href":"https:\/\/buymodafinilonline.com\/de\/wp-json\/wp\/v2\/product_brand?post=408751"},{"taxonomy":"product_cat","embeddable":true,"href":"https:\/\/buymodafinilonline.com\/de\/wp-json\/wp\/v2\/product_cat?post=408751"},{"taxonomy":"product_tag","embeddable":true,"href":"https:\/\/buymodafinilonline.com\/de\/wp-json\/wp\/v2\/product_tag?post=408751"}],"curies":[{"name":"wp","href":"https:\/\/api.w.org\/{rel}","templated":true}]}}