{"id":408752,"date":"2020-03-23T22:29:33","date_gmt":"2020-11-08T16:11:49","guid":{"rendered":"https:\/\/buymodafinilonline.com\/smart-drugs\/modafresh-200-mg\/"},"modified":"2025-04-28T11:06:03","modified_gmt":"2025-04-28T10:06:03","slug":"modafresh-200-mg-tabletten","status":"publish","type":"product","link":"https:\/\/buymodafinilonline.com\/de\/smarte-medikamente\/modafresh-200-mg-tabletten\/","title":{"rendered":"Modafresh 200 mg"},"content":{"rendered":"[vc_column width=&#8221;1\/2&#8243;]\n<div class=\"su-divider su-divider-style-default\" style=\"margin:10px 0;border-width:3px;border-color:#ffffff00\"><a href=\"#\" style=\"color:#ffffff009\">.<\/a><\/div>\n<h2>Was ist Modafresh 200 mg?<\/h2>\n<div class=\"su-divider su-divider-style-default\" style=\"margin:10px 0;border-width:3px;border-color:#ffffff00\"><a href=\"#\" style=\"color:#ffffff009\">.<\/a><\/div>\nModafresh ist eine der neuesten generischen Versionen von Modafinil, die auf den Markt gebracht wurden. Es kommt als Tablette, die 100 oder 200 mg Dosen der Wirkstoffe enth\u00e4lt, die \u00fcblicherweise als S- und R-Modafinil bezeichnet werden.<\/p>\n<p>Es ist ein wirksames Arzneimittel mit den gleichen Wirkungen wie die Markenversion &#8211; Provigil\u00ae von Cephalon Inc.<\/p>\n<p>Dieses Medikament wird zur Behandlung von schlafbezogenen Gesundheitszust\u00e4nden wie Narkolepsie, obstruktiver Schlafapnoe, \u00fcberm\u00e4\u00dfiger Tagesm\u00fcdigkeit, idiopathischer Hypersomnie, Schichtarbeitsschlafst\u00f6rung und anderen Zust\u00e4nden verschrieben.<\/p>\n<p>\u00c4rzte k\u00f6nnen Modafresh 200 mg auch f\u00fcr Menschen verschreiben, die an ADS \/ ADHS leiden, da es die Konzentration verbessern, sich konzentrieren und die Wachsamkeit wiederherstellen kann.<\/p>\n<div class=\"su-divider su-divider-style-default\" style=\"margin:10px 0;border-width:3px;border-color:#ffffff00\"><a href=\"#\" style=\"color:#ffffff009\">.<\/a><\/div>\n<h2>Wie wirken diese Pillen?<\/h2>\n<div class=\"su-divider su-divider-style-default\" style=\"margin:10px 0;border-width:3px;border-color:#ffffff00\"><a href=\"#\" style=\"color:#ffffff009\">.<\/a><\/div>\nModafresh ist ein hochwirksames Medikament, das die Freisetzung von Chemikalien im Gehirn stimuliert, die die Wachsamkeit f\u00f6rdern. Es ist allgemein als wachheitsf\u00f6rderndes Mittel bekannt. Der genaue Wirkungsmechanismus ist nicht vollst\u00e4ndig gekl\u00e4rt.<\/p>\n<p>Wissenschaftler zeigen jedoch, dass es sich um ein wirksames Arzneimittel handelt, das die Menge an Dopamin erh\u00f6ht (ein chemischer Neurotransmitter, mit dem die Gehirnnerven miteinander kommunizieren). Es hemmt andere Nerven und Substanzen, die f\u00fcr die Aufnahme einer h\u00f6heren Menge an Dopamin im K\u00f6rper verantwortlich sind &#8211; was zu Schlafst\u00f6rungen f\u00fchrt.<\/p>\n<p>Modafresh 200 mg reduziert die Wiederaufnahme von Dopamin in die Nerven und f\u00f6rdert so die Gehirnfunktion in Bezug auf Wachheit und kognitive Funktionen.<\/p>\n<p>Der ultimative Fokus dieses Arzneimittels liegt auf der F\u00f6rderung der Wachsamkeit im Gehirn und anderer kognitiver Funktionen wie der F\u00f6rderung der geistigen Sch\u00e4rfe und Verarbeitung, der Verbesserung von Fokus, Motivation und Energie.<\/p>\n<div class=\"su-divider su-divider-style-default\" style=\"margin:10px 0;border-width:3px;border-color:#ffffff00\"><a href=\"#\" style=\"color:#ffffff009\">.<\/a><\/div>\n<h2>Sichere Dosierung und richtige Anwendung<\/h2>\n<div class=\"su-divider su-divider-style-default\" style=\"margin:10px 0;border-width:3px;border-color:#ffffff00\"><a href=\"#\" style=\"color:#ffffff009\">.<\/a><\/div>\nModafresh wie alle generischen Modafinil-Versionen kommt normalerweise mit verschiedenen Dosierungen wie Modafresh 100 mg und 200 mg auf den Markt. Die maximale Tagesdosis von Modafresh betr\u00e4gt 200 mg. Es sollte fr\u00fch am Morgen eingenommen werden, wenn es als Heilmittel gegen schlafbezogene Gesundheitszust\u00e4nde verschrieben wird.<\/p>\n<p>Die Variation der Dosierung ist auf die individuelle Reaktion auf die Wirksamkeit und Vertr\u00e4glichkeit des Arzneimittels zur\u00fcckzuf\u00fchren. Einige Menschen sind stabil, indem sie die Dosierung auf 200 mg erh\u00f6hen oder auf 100 mg oder weniger reduzieren.<\/p>\n<p>Wenn Sie es f\u00fcr Off-Label-Zwecke verwenden, nehmen Sie es wie von einem Facharzt empfohlen. Die sichere Dosierung sollte jedoch nicht selbstbehandelt werden. Eine \u00e4rztliche Beratung hilft bei der Beurteilung der individuellen Gesundheit, um m\u00f6gliche Nebenwirkungen von Wechselwirkungen mit anderen Medikamenten oder Nebenwirkungen von Wechselwirkungen mit anderen Medikamenten zu vermeiden.<\/p>\n<p>Um einen sicheren Dosierungsrat zu erhalten, muss vor der Anwendung ein Arzt konsultiert werden.<\/p>\n<div class=\"su-divider su-divider-style-default\" style=\"margin:10px 0;border-width:3px;border-color:#ffffff00\"><a href=\"#\" style=\"color:#ffffff009\">.<\/a><\/div>\n<h2>M\u00f6gliche Nebenwirkungen<\/h2>\n<div class=\"su-divider su-divider-style-default\" style=\"margin:10px 0;border-width:3px;border-color:#ffffff00\"><a href=\"#\" style=\"color:#ffffff009\">.<\/a><\/div>\nModafinil ist sicher f\u00fcr Menschen, die es mit einem gesunden K\u00f6rper einnehmen. Es k\u00f6nnen einige \u201egeringf\u00fcgige\u201c Nebenwirkungen auftreten, die bei fortgesetzter Einnahme von Medikamenten verschwinden.<\/p>\n<p>H\u00e4ufige negative Auswirkungen von Modafresh sind Kopfschmerzen, Schlafst\u00f6rungen, Brustschmerzen, \u00dcbelkeit, Mundtrockenheit, Appetitlosigkeit, Magenverstimmung, Nervosit\u00e4t, Schwindel, Stimmungsschwankungen.<\/p>\n<p>Schwerwiegendere Nebenwirkungen treten selten auf, k\u00f6nnen jedoch bei einigen Personen auftreten. Dazu geh\u00f6ren unregelm\u00e4\u00dfiger Herzschlag, Erbrechen, Nesselsucht, Hautjucken, Hautausschlag, dunkler Urin, Fieber.<\/p>\n<p>Dies ist keine vollst\u00e4ndige Liste. Einige Nebenwirkungen k\u00f6nnen schwerwiegend und gesundheitssch\u00e4dlich sein. Wenn Sie merkw\u00fcrdige Anzeichen bemerken, suchen Sie sofort medizinische Hilfe auf. Manche Menschen k\u00f6nnen unter anderem auch Halluzinationen, Aggressionen und Selbstmordgedanken begegnen.<\/p>\n[\/vc_column][vc_column width=&#8221;1\/2&#8243;]\n<div class=\"su-divider su-divider-style-default\" style=\"margin:10px 0;border-width:3px;border-color:#ffffff00\"><a href=\"#\" style=\"color:#ffffff009\">.<\/a><\/div>\n<h2>Gegenanzeigen und Vorsichtsma\u00dfnahmen<\/h2>\n<div class=\"su-divider su-divider-style-default\" style=\"margin:10px 0;border-width:3px;border-color:#ffffff00\"><a href=\"#\" style=\"color:#ffffff009\">.<\/a><\/div>\nWie bei jedem wirksamen Arzneimittel m\u00fcssen die von einem Facharzt gegebenen Vorsichtsma\u00dfnahmen getroffen oder die Anweisungen auf der Packungsbeilage befolgt werden.<\/p>\n<p>Einige Arzneimittelwechselwirkungen k\u00f6nnen schwerwiegend sein, und es sind zus\u00e4tzliche Vorsichtsma\u00dfnahmen erforderlich. Modafresh interagiert mit einigen Medikamenten wie:<\/p>\n<div class=\"su-divider su-divider-style-default\" style=\"margin:10px 0;border-width:3px;border-color:#ffffff00\"><a href=\"#\" style=\"color:#ffffff009\">.<\/a><\/div>\n<ul>\n<li>Cyclosporin (Sandimmun);<\/li>\n<li>hormonelle Kontrazeptiva (dh Micronor);<\/li>\n<li>Ketoconazol (Nizoral);<\/li>\n<li>Theophyllin (Theo-24);<\/li>\n<li>Imipramin (Tofranil);<\/li>\n<li>und andere.<\/li>\n<\/ul>\n<div class=\"su-divider su-divider-style-default\" style=\"margin:10px 0;border-width:3px;border-color:#ffffff00\"><a href=\"#\" style=\"color:#ffffff009\">.<\/a><\/div>\nDies ist keine vollst\u00e4ndige Liste. Ihr Facharzt sollte alle Arzneimittel, die Sie verwenden, bewerten und eine eingehende Analyse durchf\u00fchren, um einige Ihrer Krankheiten zu identifizieren. Zum Beispiel Herzprobleme wie:<\/p>\n<div class=\"su-divider su-divider-style-default\" style=\"margin:10px 0;border-width:3px;border-color:#ffffff00\"><a href=\"#\" style=\"color:#ffffff009\">.<\/a><\/div>\n<ul>\n<li>unregelm\u00e4\u00dfiger Herzrhythmus.<\/li>\n<li>Mitralklappenproblem;<\/li>\n<li>Brustschmerzen;<\/li>\n<li>vergr\u00f6\u00dfertes Herz;<\/li>\n<li>Herzinfarkt.<\/li>\n<\/ul>\n<div class=\"su-divider su-divider-style-default\" style=\"margin:10px 0;border-width:3px;border-color:#ffffff00\"><a href=\"#\" style=\"color:#ffffff009\">.<\/a><\/div>\nDar\u00fcber hinaus wurde dieses Medikament bei schwangeren Frauen nicht ausreichend untersucht. Und vor dem Stillen muss ein Arzt konsultiert werden.<\/p>\n<p>Trinken Sie w\u00e4hrend der Anwendung dieses Arzneimittels keinen Alkohol. Brechen Sie das Medikament auch nicht pl\u00f6tzlich ab, da sonst Entzugserscheinungen auftreten k\u00f6nnen.<\/p>\n<p>Essen funktioniert gut mit dieser Art von Medikamenten. Sie k\u00f6nnen es mit dem Essen oder auf n\u00fcchternen Magen einnehmen.<\/p>\n<div class=\"su-divider su-divider-style-default\" style=\"margin:10px 0;border-width:3px;border-color:#ffffff00\"><a href=\"#\" style=\"color:#ffffff009\">.<\/a><\/div>\n<h2>Verbrauchererfahrung<\/h2>\n<div class=\"su-divider su-divider-style-default\" style=\"margin:10px 0;border-width:3px;border-color:#ffffff00\"><a href=\"#\" style=\"color:#ffffff009\">.<\/a><\/div>\nDie Leute empfahlen Medikamente, die gut und sicher wirken. Modafinil ist ein beliebtes Medikament, das aufgrund seiner Wirksamkeit und Vertr\u00e4glichkeit f\u00fcr verschiedene Gesundheitsprobleme zugelassen ist. Die Off-Label-Verwendung ist ebenfalls vorteilhaft und hilft Menschen, ihre Wahrnehmung zu verbessern, indem sie die Produktivit\u00e4t verbessern und Aufgaben p\u00fcnktlich und mit einem gro\u00dfartigen Ergebnis erledigen.<\/p>\n<p>Aus diesem Grund empfehlen mehrere Personen Modafresh 200 mg. Es ist sicher und gut ertr\u00e4glich. Es ist am besten, geringe Mengen einzunehmen, um eine vorteilhafte Wirkung bei langfristiger Anwendung zu erzielen. Obwohl es keine nachgewiesenen Forschungsergebnisse gibt, die belegen, dass dieses Medikament s\u00fcchtig machen kann, ist seine Wahrscheinlichkeit hoch. Vor allem Menschen, die dieses Medikament verwenden m\u00f6chten, sollten es niemals ohne vorherige R\u00fccksprache mit einem Facharzt einnehmen.<\/p>\n<div class=\"su-divider su-divider-style-default\" style=\"margin:10px 0;border-width:3px;border-color:#ffffff00\"><a href=\"#\" style=\"color:#ffffff009\">.<\/a><\/div>\n<h2>Kaufen Sie Generika Modafresh 200mg (Modafinil) online<\/h2>\n<div class=\"su-divider su-divider-style-default\" style=\"margin:10px 0;border-width:3px;border-color:#ffffff00\"><a href=\"#\" style=\"color:#ffffff009\">.<\/a><\/div>\nBeachten Sie, dass es gef\u00e4lschte Anbieter geben kann, die minderwertige oder gef\u00e4lschte Modafinil und andere rezeptfreie Medikamente verkaufen.<\/p>\n<p>Bleiben Sie sicher mit<a href=\"https:\/\/buymodafinilonline.com\/de\/\"> BuyModafinilOnline<\/a> . Es ist die ultimative E-Apotheke, die verschiedene preissenkende Erlebnisse bietet, darunter Coupons, Rabatte<a href=\"https:\/\/buymodafinilonline.com\/de\/mit-bitcoin-zahlen-33-rabatt-erhalten\/\">(23% Rabatt bei Zahlung mit Bitcoin<\/a>), Coupons f\u00fcr das Schreiben einer Rezension und einen $25 Coupon f\u00fcr einen wiederkehrenden Kunden.<\/p>\n<p>Auch hier k\u00f6nnen Sie solche kaufen<a href=\"https:\/\/buymodafinilonline.com\/de\/shop\/\"> beliebte Nootropika<\/a> , wie<a href=\"https:\/\/buymodafinilonline.com\/de\/smarte-medikamente\/modvigil-200-mg\/\"> Modvigil 200 mg<\/a> ,<a href=\"https:\/\/buymodafinilonline.com\/de\/smarte-medikamente\/vilafinil-200-mg\/\"> Vilafinil 200 mg<\/a> ,<a href=\"https:\/\/buymodafinilonline.com\/de\/smarte-medikamente\/artvigil-150-mg\/\"> Artvigil 150 mg<\/a> ,<a href=\"https:\/\/buymodafinilonline.com\/de\/smarte-medikamente\/modalert-200-mg\/\"> Modalert 200 mg<\/a> , etc. Die Preise f\u00fcr Modafresh in dieser E-Apotheke sind extrem niedrig. Au\u00dferdem bezieht es seine Medikamente von zugelassenen Herstellern, die hochwertige und sichere Modafinil-Tabletten herstellen.<\/p>\n<p>Und das ist nicht alles!<a href=\"https:\/\/buymodafinilonline.com\/de\/besten-modafinil-lieferanten-deutschland\/\"> Der Versand erfolgt weltweit<\/a> &#8211; in die meisten L\u00e4nder mit Ausnahme einiger gelisteter L\u00e4nder, in die nicht versendet wird. Dar\u00fcber hinaus ist der ultraschnelle Versand garantiert. In einigen F\u00e4llen jedoch, wenn ein Paket verloren geht oder im Zoll steckt, wenn eine kostenlose R\u00fccksendung oder eine 100% Geld-zur\u00fcck-Garantie angeboten wird.[\/vc_column]\n<div class=\"su-divider su-divider-style-default\" style=\"margin:10px 0;border-width:3px;border-color:#ffffff00\"><a href=\"#\" style=\"color:#ffffff009\">.<\/a><\/div>\n","protected":false},"excerpt":{"rendered":"<p>Modafresh 200 mg ist ein hochwirksames Arzneimittel, das zur F\u00f6rderung der Wachsamkeit verschrieben wird. Die Off-Label-Anwendung dient der Steigerung der kognitiven Funktion mit verbesserten Auswirkungen auf das Gehirn. Sein Wirkstoff ist Modafinil und ist ein Produkt von Sunrise Pharmaceuticals &#8211; einem amerikanischen Pharmaunternehmen. Der Kauf von Modafresh 200 mg in unserer Apotheke kostet Sie weniger Geld mit echten Medikamenten und garantiert die Lieferung.<\/p>\n[sc name=\"s1\"]\n","protected":false},"featured_media":408757,"comment_status":"open","ping_status":"closed","template":"","meta":{"_acf_changed":false},"product_brand":[],"product_cat":[3786],"product_tag":[4014],"class_list":{"0":"post-408752","1":"product","2":"type-product","3":"status-publish","4":"has-post-thumbnail","6":"product_cat-smart-drugs-brands","7":"product_tag-modafinil-de","9":"first","10":"instock","11":"sale","12":"shipping-taxable","13":"purchasable","14":"product-type-variable","15":"has-default-attributes"},"acf":[],"yoast_head":"<!-- This site is optimized with the Yoast SEO Premium plugin v23.6 (Yoast SEO v27.4) - https:\/\/yoast.com\/product\/yoast-seo-premium-wordpress\/ -->\n<title>Kaufen Sie Modafresh 200 mg (Modafinil) Medikamente OTC - BuyModafinilOnline<\/title>\n<meta name=\"description\" content=\"Kaufen Sie g\u00fcnstige Modafresh 200 mg Tabletten online ohne Rx in der BuyModafinilOnline-Apotheke. Zahlen Sie mit Bitcoins und Sie erhalten garantiert 23% Rabatt auf den Kauf von Modafresh 200mg Medikamenten!\" \/>\n<meta name=\"robots\" content=\"index, follow, max-snippet:-1, max-image-preview:large, max-video-preview:-1\" \/>\n<link rel=\"canonical\" href=\"https:\/\/buymodafinilonline.com\/de\/smarte-medikamente\/modafresh-200-mg-tabletten\/\" \/>\n<meta property=\"og:locale\" content=\"de_DE\" \/>\n<meta property=\"og:type\" content=\"article\" \/>\n<meta property=\"og:title\" content=\"Modafresh 200 mg\" \/>\n<meta property=\"og:description\" content=\"Kaufen Sie g\u00fcnstige Modafresh 200 mg Tabletten online ohne Rx in der BuyModafinilOnline-Apotheke. Zahlen Sie mit Bitcoins und Sie erhalten garantiert 23% Rabatt auf den Kauf von Modafresh 200mg Medikamenten!\" \/>\n<meta property=\"og:url\" content=\"https:\/\/buymodafinilonline.com\/de\/smarte-medikamente\/modafresh-200-mg-tabletten\/\" \/>\n<meta property=\"og:site_name\" content=\"BuyModafinilOnline.com\" \/>\n<meta property=\"article:modified_time\" content=\"2025-04-28T10:06:03+00:00\" \/>\n<meta property=\"og:image\" content=\"https:\/\/buymodafinilonline.com\/wp-content\/uploads\/2020\/04\/product-bmo-ModaFresh-1.png\" \/>\n\t<meta property=\"og:image:width\" content=\"1280\" \/>\n\t<meta property=\"og:image:height\" content=\"1500\" \/>\n\t<meta property=\"og:image:type\" content=\"image\/png\" \/>\n<meta name=\"twitter:label1\" content=\"Gesch\u00e4tzte Lesezeit\" \/>\n\t<meta name=\"twitter:data1\" content=\"5\u00a0Minuten\" \/>\n<script type=\"application\/ld+json\" class=\"yoast-schema-graph\">{\"@context\":\"https:\\\/\\\/schema.org\",\"@graph\":[{\"@type\":\"WebPage\",\"@id\":\"https:\\\/\\\/buymodafinilonline.com\\\/de\\\/smarte-medikamente\\\/modafresh-200-mg-tabletten\\\/\",\"url\":\"https:\\\/\\\/buymodafinilonline.com\\\/de\\\/smarte-medikamente\\\/modafresh-200-mg-tabletten\\\/\",\"name\":\"Kaufen Sie Modafresh 200 mg (Modafinil) Medikamente OTC - BuyModafinilOnline\",\"isPartOf\":{\"@id\":\"https:\\\/\\\/buymodafinilonline.com\\\/de\\\/#website\"},\"primaryImageOfPage\":{\"@id\":\"https:\\\/\\\/buymodafinilonline.com\\\/de\\\/smarte-medikamente\\\/modafresh-200-mg-tabletten\\\/#primaryimage\"},\"image\":{\"@id\":\"https:\\\/\\\/buymodafinilonline.com\\\/de\\\/smarte-medikamente\\\/modafresh-200-mg-tabletten\\\/#primaryimage\"},\"thumbnailUrl\":\"https:\\\/\\\/buymodafinilonline.com\\\/wp-content\\\/uploads\\\/2020\\\/04\\\/product-bmo-ModaFresh-1.png\",\"datePublished\":\"2020-11-08T16:11:49+00:00\",\"dateModified\":\"2025-04-28T10:06:03+00:00\",\"description\":\"Kaufen Sie g\u00fcnstige Modafresh 200 mg Tabletten online ohne Rx in der BuyModafinilOnline-Apotheke. Zahlen Sie mit Bitcoins und Sie erhalten garantiert 23% Rabatt auf den Kauf von Modafresh 200mg Medikamenten!\",\"breadcrumb\":{\"@id\":\"https:\\\/\\\/buymodafinilonline.com\\\/de\\\/smarte-medikamente\\\/modafresh-200-mg-tabletten\\\/#breadcrumb\"},\"inLanguage\":\"de\",\"potentialAction\":[{\"@type\":\"ReadAction\",\"target\":[\"https:\\\/\\\/buymodafinilonline.com\\\/de\\\/smarte-medikamente\\\/modafresh-200-mg-tabletten\\\/\"]}]},{\"@type\":\"ImageObject\",\"inLanguage\":\"de\",\"@id\":\"https:\\\/\\\/buymodafinilonline.com\\\/de\\\/smarte-medikamente\\\/modafresh-200-mg-tabletten\\\/#primaryimage\",\"url\":\"https:\\\/\\\/buymodafinilonline.com\\\/wp-content\\\/uploads\\\/2020\\\/04\\\/product-bmo-ModaFresh-1.png\",\"contentUrl\":\"https:\\\/\\\/buymodafinilonline.com\\\/wp-content\\\/uploads\\\/2020\\\/04\\\/product-bmo-ModaFresh-1.png\",\"width\":1280,\"height\":1500,\"caption\":\"Modafresh 200 mg\"},{\"@type\":\"BreadcrumbList\",\"@id\":\"https:\\\/\\\/buymodafinilonline.com\\\/de\\\/smarte-medikamente\\\/modafresh-200-mg-tabletten\\\/#breadcrumb\",\"itemListElement\":[{\"@type\":\"ListItem\",\"position\":1,\"name\":\"Buy Modafinil Online\",\"item\":\"https:\\\/\\\/buymodafinilonline.com\\\/de\\\/\"},{\"@type\":\"ListItem\",\"position\":2,\"name\":\"Shop\",\"item\":\"https:\\\/\\\/buymodafinilonline.com\\\/de\\\/shop-2\\\/\"},{\"@type\":\"ListItem\",\"position\":3,\"name\":\"Smart Drugs Brands\",\"item\":\"https:\\\/\\\/buymodafinilonline.com\\\/de\\\/produkt-kategorie\\\/smart-drugs-brands\\\/\"},{\"@type\":\"ListItem\",\"position\":4,\"name\":\"Modafresh 200 mg\"}]},{\"@type\":\"WebSite\",\"@id\":\"https:\\\/\\\/buymodafinilonline.com\\\/de\\\/#website\",\"url\":\"https:\\\/\\\/buymodafinilonline.com\\\/de\\\/\",\"name\":\"BuyModafinilOnline.com\",\"description\":\"Modafinil Online Pharmacy\",\"publisher\":{\"@id\":\"https:\\\/\\\/buymodafinilonline.com\\\/de\\\/#organization\"},\"potentialAction\":[{\"@type\":\"SearchAction\",\"target\":{\"@type\":\"EntryPoint\",\"urlTemplate\":\"https:\\\/\\\/buymodafinilonline.com\\\/de\\\/?s={search_term_string}\"},\"query-input\":{\"@type\":\"PropertyValueSpecification\",\"valueRequired\":true,\"valueName\":\"search_term_string\"}}],\"inLanguage\":\"de\"},{\"@type\":\"Organization\",\"@id\":\"https:\\\/\\\/buymodafinilonline.com\\\/de\\\/#organization\",\"name\":\"BuyModafinilOnline\",\"url\":\"https:\\\/\\\/buymodafinilonline.com\\\/de\\\/\",\"logo\":{\"@type\":\"ImageObject\",\"inLanguage\":\"de\",\"@id\":\"https:\\\/\\\/buymodafinilonline.com\\\/de\\\/#\\\/schema\\\/logo\\\/image\\\/\",\"url\":\"https:\\\/\\\/buymodafinilonline.com\\\/wp-content\\\/uploads\\\/2020\\\/04\\\/logo-buy-modafinil-online-yellow.png\",\"contentUrl\":\"https:\\\/\\\/buymodafinilonline.com\\\/wp-content\\\/uploads\\\/2020\\\/04\\\/logo-buy-modafinil-online-yellow.png\",\"width\":200,\"height\":200,\"caption\":\"BuyModafinilOnline\"},\"image\":{\"@id\":\"https:\\\/\\\/buymodafinilonline.com\\\/de\\\/#\\\/schema\\\/logo\\\/image\\\/\"}}]}<\/script>\n<!-- \/ Yoast SEO Premium plugin. -->","yoast_head_json":{"title":"Kaufen Sie Modafresh 200 mg (Modafinil) Medikamente OTC - BuyModafinilOnline","description":"Kaufen Sie g\u00fcnstige Modafresh 200 mg Tabletten online ohne Rx in der BuyModafinilOnline-Apotheke. Zahlen Sie mit Bitcoins und Sie erhalten garantiert 23% Rabatt auf den Kauf von Modafresh 200mg Medikamenten!","robots":{"index":"index","follow":"follow","max-snippet":"max-snippet:-1","max-image-preview":"max-image-preview:large","max-video-preview":"max-video-preview:-1"},"canonical":"https:\/\/buymodafinilonline.com\/de\/smarte-medikamente\/modafresh-200-mg-tabletten\/","og_locale":"de_DE","og_type":"article","og_title":"Modafresh 200 mg","og_description":"Kaufen Sie g\u00fcnstige Modafresh 200 mg Tabletten online ohne Rx in der BuyModafinilOnline-Apotheke. Zahlen Sie mit Bitcoins und Sie erhalten garantiert 23% Rabatt auf den Kauf von Modafresh 200mg Medikamenten!","og_url":"https:\/\/buymodafinilonline.com\/de\/smarte-medikamente\/modafresh-200-mg-tabletten\/","og_site_name":"BuyModafinilOnline.com","article_modified_time":"2025-04-28T10:06:03+00:00","og_image":[{"width":1280,"height":1500,"url":"https:\/\/buymodafinilonline.com\/wp-content\/uploads\/2020\/04\/product-bmo-ModaFresh-1.png","type":"image\/png"}],"twitter_misc":{"Gesch\u00e4tzte Lesezeit":"5\u00a0Minuten"},"schema":{"@context":"https:\/\/schema.org","@graph":[{"@type":"WebPage","@id":"https:\/\/buymodafinilonline.com\/de\/smarte-medikamente\/modafresh-200-mg-tabletten\/","url":"https:\/\/buymodafinilonline.com\/de\/smarte-medikamente\/modafresh-200-mg-tabletten\/","name":"Kaufen Sie Modafresh 200 mg (Modafinil) Medikamente OTC - BuyModafinilOnline","isPartOf":{"@id":"https:\/\/buymodafinilonline.com\/de\/#website"},"primaryImageOfPage":{"@id":"https:\/\/buymodafinilonline.com\/de\/smarte-medikamente\/modafresh-200-mg-tabletten\/#primaryimage"},"image":{"@id":"https:\/\/buymodafinilonline.com\/de\/smarte-medikamente\/modafresh-200-mg-tabletten\/#primaryimage"},"thumbnailUrl":"https:\/\/buymodafinilonline.com\/wp-content\/uploads\/2020\/04\/product-bmo-ModaFresh-1.png","datePublished":"2020-11-08T16:11:49+00:00","dateModified":"2025-04-28T10:06:03+00:00","description":"Kaufen Sie g\u00fcnstige Modafresh 200 mg Tabletten online ohne Rx in der BuyModafinilOnline-Apotheke. Zahlen Sie mit Bitcoins und Sie erhalten garantiert 23% Rabatt auf den Kauf von Modafresh 200mg Medikamenten!","breadcrumb":{"@id":"https:\/\/buymodafinilonline.com\/de\/smarte-medikamente\/modafresh-200-mg-tabletten\/#breadcrumb"},"inLanguage":"de","potentialAction":[{"@type":"ReadAction","target":["https:\/\/buymodafinilonline.com\/de\/smarte-medikamente\/modafresh-200-mg-tabletten\/"]}]},{"@type":"ImageObject","inLanguage":"de","@id":"https:\/\/buymodafinilonline.com\/de\/smarte-medikamente\/modafresh-200-mg-tabletten\/#primaryimage","url":"https:\/\/buymodafinilonline.com\/wp-content\/uploads\/2020\/04\/product-bmo-ModaFresh-1.png","contentUrl":"https:\/\/buymodafinilonline.com\/wp-content\/uploads\/2020\/04\/product-bmo-ModaFresh-1.png","width":1280,"height":1500,"caption":"Modafresh 200 mg"},{"@type":"BreadcrumbList","@id":"https:\/\/buymodafinilonline.com\/de\/smarte-medikamente\/modafresh-200-mg-tabletten\/#breadcrumb","itemListElement":[{"@type":"ListItem","position":1,"name":"Buy Modafinil Online","item":"https:\/\/buymodafinilonline.com\/de\/"},{"@type":"ListItem","position":2,"name":"Shop","item":"https:\/\/buymodafinilonline.com\/de\/shop-2\/"},{"@type":"ListItem","position":3,"name":"Smart Drugs Brands","item":"https:\/\/buymodafinilonline.com\/de\/produkt-kategorie\/smart-drugs-brands\/"},{"@type":"ListItem","position":4,"name":"Modafresh 200 mg"}]},{"@type":"WebSite","@id":"https:\/\/buymodafinilonline.com\/de\/#website","url":"https:\/\/buymodafinilonline.com\/de\/","name":"BuyModafinilOnline.com","description":"Modafinil Online Pharmacy","publisher":{"@id":"https:\/\/buymodafinilonline.com\/de\/#organization"},"potentialAction":[{"@type":"SearchAction","target":{"@type":"EntryPoint","urlTemplate":"https:\/\/buymodafinilonline.com\/de\/?s={search_term_string}"},"query-input":{"@type":"PropertyValueSpecification","valueRequired":true,"valueName":"search_term_string"}}],"inLanguage":"de"},{"@type":"Organization","@id":"https:\/\/buymodafinilonline.com\/de\/#organization","name":"BuyModafinilOnline","url":"https:\/\/buymodafinilonline.com\/de\/","logo":{"@type":"ImageObject","inLanguage":"de","@id":"https:\/\/buymodafinilonline.com\/de\/#\/schema\/logo\/image\/","url":"https:\/\/buymodafinilonline.com\/wp-content\/uploads\/2020\/04\/logo-buy-modafinil-online-yellow.png","contentUrl":"https:\/\/buymodafinilonline.com\/wp-content\/uploads\/2020\/04\/logo-buy-modafinil-online-yellow.png","width":200,"height":200,"caption":"BuyModafinilOnline"},"image":{"@id":"https:\/\/buymodafinilonline.com\/de\/#\/schema\/logo\/image\/"}}]}},"_links":{"self":[{"href":"https:\/\/buymodafinilonline.com\/de\/wp-json\/wp\/v2\/product\/408752","targetHints":{"allow":["GET"]}}],"collection":[{"href":"https:\/\/buymodafinilonline.com\/de\/wp-json\/wp\/v2\/product"}],"about":[{"href":"https:\/\/buymodafinilonline.com\/de\/wp-json\/wp\/v2\/types\/product"}],"replies":[{"embeddable":true,"href":"https:\/\/buymodafinilonline.com\/de\/wp-json\/wp\/v2\/comments?post=408752"}],"wp:featuredmedia":[{"embeddable":true,"href":"https:\/\/buymodafinilonline.com\/de\/wp-json\/wp\/v2\/media\/408757"}],"wp:attachment":[{"href":"https:\/\/buymodafinilonline.com\/de\/wp-json\/wp\/v2\/media?parent=408752"}],"wp:term":[{"taxonomy":"product_brand","embeddable":true,"href":"https:\/\/buymodafinilonline.com\/de\/wp-json\/wp\/v2\/product_brand?post=408752"},{"taxonomy":"product_cat","embeddable":true,"href":"https:\/\/buymodafinilonline.com\/de\/wp-json\/wp\/v2\/product_cat?post=408752"},{"taxonomy":"product_tag","embeddable":true,"href":"https:\/\/buymodafinilonline.com\/de\/wp-json\/wp\/v2\/product_tag?post=408752"}],"curies":[{"name":"wp","href":"https:\/\/api.w.org\/{rel}","templated":true}]}}