{"id":408853,"date":"2020-04-18T19:42:43","date_gmt":"2020-11-08T16:17:56","guid":{"rendered":"https:\/\/buymodafinilonline.com\/smart-drugs\/modapro-200-mg\/"},"modified":"2025-04-28T11:35:58","modified_gmt":"2025-04-28T10:35:58","slug":"modapro-200-mg","status":"publish","type":"product","link":"https:\/\/buymodafinilonline.com\/de\/smarte-medikamente\/modapro-200-mg\/","title":{"rendered":"Modapro 200 MG"},"content":{"rendered":"[vc_column width=&#8221;1\/2&#8243;]\n<div class=\"su-divider su-divider-style-default\" style=\"margin:10px 0;border-width:3px;border-color:#ffffff00\"><a href=\"#\" style=\"color:#ffffff009\">.<\/a><\/div>\n<h2>Was ist Modapro 200 mg?<\/h2>\n<div class=\"su-divider su-divider-style-default\" style=\"margin:10px 0;border-width:3px;border-color:#ffffff00\"><a href=\"#\" style=\"color:#ffffff009\">.<\/a><\/div>\nWenn Sie von Schlafst\u00f6rungen betroffen sind, hilft Ihnen das Modapro-Medikament, tags\u00fcber oder w\u00e4hrend der Arbeitszeit wach zu bleiben.<a href=\"https:\/\/buymodafinilonline.com\/de\/die-wahrheit-ueber-modafinil\/\"> Modafinil Medikamente<\/a> ist in erster Linie von der Food and Drug Administration (FDA) zur Behandlung von Schlafst\u00f6rungen aufgrund von Narkolepsie, Schichtarbeitsschlafst\u00f6rung (SWSD) und obstruktivem Schlafapnoe \/ Hypopnoe-Syndrom (OSAHS) zugelassen. Off-Label wird es auch bei Aufmerksamkeitsdefizit-Hyperaktivit\u00e4tsst\u00f6rung (ADHS), Multipler Sklerose, Jetlag, Depression, Parkinson und anderen Gesundheitszust\u00e4nden verschrieben.<\/p>\n<p>Gesunde Menschen k\u00f6nnen diese Art von Medikamenten auch als kognitiven und Produktivit\u00e4tssteigerer bei komplexen Arbeiten einsetzen.<\/p>\n<p>Verschiedene Mitarbeiter verwenden dieses Medikament, wenn sie lernen oder Aufgaben ausf\u00fchren, die eine h\u00f6here Gehirnleistung und Wachheit erfordern. Diese Aktivit\u00e4t resultiert aus einer chemischen Substanz des Gehirns &#8211; Dopamin (einem Neurotransmitter, mit dem die Nerven des Gehirns kommunizieren). Durch die Hemmung der Dopamin-Wiederaufnahme werden kognitive Effekte wie ein verbessertes Ged\u00e4chtnis, verbesserte Stimmungen, Wachsamkeit, geistige Sch\u00e4rfe und andere \u00e4hnliche Effekte belohnt.<\/p>\n<p>Es erh\u00f6ht auch die synaptische Verf\u00fcgbarkeit von Neurotransmittern wie Serotonin, Monoaminen, Histamin, Orexin, Adenosin und anderen.<\/p>\n<div class=\"su-divider su-divider-style-default\" style=\"margin:10px 0;border-width:3px;border-color:#ffffff00\"><a href=\"#\" style=\"color:#ffffff009\">.<\/a><\/div>\n<h2><strong>Sichere Dosierung und richtige Anwendung<\/strong><\/h2>\n<div class=\"su-divider su-divider-style-default\" style=\"margin:10px 0;border-width:3px;border-color:#ffffff00\"><a href=\"#\" style=\"color:#ffffff009\">.<\/a><\/div>\nModapro 200 mg ist sicher, wenn es von gesunden Personen eingenommen wird. Es ist viel sicherer als Adderall. Es wird jedoch empfohlen, die Behandlung nach R\u00fccksprache mit einem Facharzt durchzuf\u00fchren. Modapro 200 mg ist die empfohlene Dosisst\u00e4rke, die einmal t\u00e4glich verabreicht wird, und sollte gem\u00e4\u00df der \u00e4rztlichen Verschreibung eingenommen werden.<\/p>\n<p>Wenn Sie es vom Etikett nehmen, ist ein \u00e4rztlicher Rat erforderlich. Eine vergessene Dosis der Modapro 200 mg Tablette sollte eingenommen werden, sobald Sie sich daran erinnern. Nicht \u00fcberdosieren. Dieses Medikament ist nicht ratsam f\u00fcr die Anwendung bei Patienten, die allergisch gegen Eugeroika sind.<\/p>\n<div class=\"su-divider su-divider-style-default\" style=\"margin:10px 0;border-width:3px;border-color:#ffffff00\"><a href=\"#\" style=\"color:#ffffff009\">.<\/a><\/div>\n<h2><strong>M\u00f6gliche Nebenwirkungen<\/strong><\/h2>\n<div class=\"su-divider su-divider-style-default\" style=\"margin:10px 0;border-width:3px;border-color:#ffffff00\"><a href=\"#\" style=\"color:#ffffff009\">.<\/a><\/div>\nDiese weltweit beliebteste \u201eintelligente Droge\u201c ist sicher und gut vertr\u00e4glich und verursacht selten negative Auswirkungen auf gesunde Menschen. Trotzdem k\u00f6nnen je nach Gesundheit, Dosierung und Einhaltung der Verschreibung einige nachteilige Auswirkungen auftreten.<\/p>\n<p>H\u00e4ufige negative Auswirkungen k\u00f6nnen sein:<\/p>\n<div class=\"su-divider su-divider-style-default\" style=\"margin:10px 0;border-width:3px;border-color:#ffffff00\"><a href=\"#\" style=\"color:#ffffff009\">.<\/a><\/div>\n<ul>\n<li>Kopfschmerzen, Schwindel;<\/li>\n<li>Schlaflosigkeit;<\/li>\n<li>R\u00fcckenschmerzen;<\/li>\n<li>sich nerv\u00f6s oder \u00e4ngstlich f\u00fchlen;<\/li>\n<li>\u00dcbelkeit, Magenverstimmung, Durchfall;<\/li>\n<li>verstopfte Nase.<\/li>\n<\/ul>\n<div class=\"su-divider su-divider-style-default\" style=\"margin:10px 0;border-width:3px;border-color:#ffffff00\"><a href=\"#\" style=\"color:#ffffff009\">.<\/a><\/div>\nSeltene, aber schwerwiegendere negative Auswirkungen sind:<\/p>\n<div class=\"su-divider su-divider-style-default\" style=\"margin:10px 0;border-width:3px;border-color:#ffffff00\"><a href=\"#\" style=\"color:#ffffff009\">.<\/a><\/div>\n<ul>\n<li>\u00dcberempfindlichkeit;<\/li>\n<li>Fieber &amp; Sch\u00fcttelfrost;<\/li>\n<li>Brustschmerzen;<\/li>\n<li>Verwirrtheit;<\/li>\n<li>ungew\u00f6hnliche M\u00fcdigkeit &amp; Schw\u00e4che;<\/li>\n<li>Stevens-Johnson-Syndrom und andere.<\/li>\n<\/ul>\n<div class=\"su-divider su-divider-style-default\" style=\"margin:10px 0;border-width:3px;border-color:#ffffff00\"><a href=\"#\" style=\"color:#ffffff009\">.<\/a><\/div>\n[\/vc_column][vc_column width=&#8221;1\/2&#8243;]\n<div class=\"su-divider su-divider-style-default\" style=\"margin:10px 0;border-width:3px;border-color:#ffffff00\"><a href=\"#\" style=\"color:#ffffff009\">.<\/a><\/div>\n<p>Zu den Symptomen einer Modapro-\u00dcberdosierung geh\u00f6ren:<\/p>\n<ul>\n<li>schneller oder pochender Herzschlag;<\/li>\n<li>Aufregung oder Aufregung;<\/li>\n<li>das Problem mit dem Schlafen;<\/li>\n<li>erh\u00f6hter Blutdruck.<\/li>\n<\/ul>\n<div class=\"su-divider su-divider-style-default\" style=\"margin:10px 0;border-width:3px;border-color:#ffffff00\"><a href=\"#\" style=\"color:#ffffff009\">.<\/a><\/div>\nDies ist keine umfassende Liste m\u00f6glicher negativer Auswirkungen. Es wird auch empfohlen, keine schweren Maschinen zu fahren oder etwas zu tun, das Aufmerksamkeit erfordert, bis der Modapro-Effekt verschwunden ist, da dies auch zu Schl\u00e4frigkeit und Schwindel f\u00fchren kann. Wenn eine der Nebenwirkungen auftritt und anh\u00e4lt oder wenn Sie sich dar\u00fcber Sorgen machen, wenden Sie sich an Ihren Arzt.<\/p>\n<div class=\"su-divider su-divider-style-default\" style=\"margin:10px 0;border-width:3px;border-color:#ffffff00\"><a href=\"#\" style=\"color:#ffffff009\">.<\/a><\/div>\n<h2><strong>Gegenanzeigen und Vorsichtsma\u00dfnahmen<\/strong><\/h2>\n<div class=\"su-divider su-divider-style-default\" style=\"margin:10px 0;border-width:3px;border-color:#ffffff00\"><a href=\"#\" style=\"color:#ffffff009\">.<\/a><\/div>\nBefolgen Sie unbedingt alle Anweisungen und Vorsichtsma\u00dfnahmen auf dem Etikett und nehmen Sie die Modapro 200 mg Tablette nur wie angegeben ein. Es wird empfohlen, dass Sie den Arzt \u00fcber alle anderen Arzneimittel und pflanzlichen Heilmittel informieren, die Sie verwenden, und \u00fcber alle Ihre Gesundheitszust\u00e4nde, einschlie\u00dflich Nieren, Leber, Herzerkrankungen oder Anf\u00e4lle in der Vorgeschichte, unter anderen Gesundheitsproblemen, bevor Sie dieses Arzneimittel einnehmen.<\/p>\n<p>Das Mischen mit Alkohol wird nicht empfohlen. Es kann unter anderem das Risiko von Schl\u00e4frigkeit, Schwindel und Urteilsst\u00f6rungen erh\u00f6hen.<\/p>\n<p>Nicht mit anderen Medikamenten mischen. Dies kann zu gesundheitssch\u00e4dlichen Wechselwirkungen f\u00fchren. Modapro interagiert mit anderen Medikamenten, einschlie\u00dflich:<\/p>\n<div class=\"su-divider su-divider-style-default\" style=\"margin:10px 0;border-width:3px;border-color:#ffffff00\"><a href=\"#\" style=\"color:#ffffff009\">.<\/a><\/div>\n<ul>\n<li>CYP3A4 \/ 5 &amp; CYP2C19-Substrate;<\/li>\n<li>Warfarin;<\/li>\n<li>Antibabypillen;<\/li>\n<li>MAO-Inhibitoren;<\/li>\n<li>ZNS-Stimulanzien und andere.<\/li>\n<\/ul>\n<div class=\"su-divider su-divider-style-default\" style=\"margin:10px 0;border-width:3px;border-color:#ffffff00\"><a href=\"#\" style=\"color:#ffffff009\">.<\/a><\/div>\nDies ist keine umfassende Liste. Modapro funktioniert gut mit Lebensmitteln, aber bestimmte Lebensmittel k\u00f6nnen den Wirkungseintritt verz\u00f6gern.<\/p>\n<div class=\"su-divider su-divider-style-default\" style=\"margin:10px 0;border-width:3px;border-color:#ffffff00\"><a href=\"#\" style=\"color:#ffffff009\">.<\/a><\/div>\n<h2><strong>Kaufen Sie generisches Modapro 200mg (Modafinil) online<\/strong><\/h2>\n<div class=\"su-divider su-divider-style-default\" style=\"margin:10px 0;border-width:3px;border-color:#ffffff00\"><a href=\"#\" style=\"color:#ffffff009\">.<\/a><\/div>\nBuyModafinilOnline (BMO) ist die beste E-Apotheke, um g\u00fcnstig zu kaufen, aber<a href=\"https:\/\/buymodafinilonline.com\/smart-drugs-bestsellers\/\"> hochwertige Nootropika<\/a> Over-the-Counter (OTC) von zugelassenen indischen Herstellern. Wir liefern<a href=\"https:\/\/buymodafinilonline.com\/generics\/\"> generisches Modafinil<\/a> ((<a href=\"https:\/\/buymodafinilonline.com\/de\/smarte-medikamente\/modapro-200-mg\/\"> Modapro 200 mg<\/a> ,<a href=\"https:\/\/buymodafinilonline.com\/de\/smarte-medikamente\/modatec-200-mg\/\"> Modatec 200 mg<\/a> ,<a href=\"https:\/\/buymodafinilonline.com\/de\/smarte-medikamente\/modaheal-200-mg\/\"> Modaheal 200 mg<\/a> usw.) per Post von Indien zu Ihrem Standort zu Herstellungskosten. Wir bieten auch<a href=\"https:\/\/buymodafinilonline.com\/free-trial\/\"> kostenlose Probeproben<\/a> unserer Modafinil- und Armodafinil-Bestseller.<\/p>\n<p>Unser<a href=\"https:\/\/buymodafinilonline.com\/de\/buymodafinilonline-rezension-ist-bmo-ein-vertrauenswuerdiger-modafinil-haendler\/\"> vertrauensw\u00fcrdige Bewertungen<\/a> auf Yotpo, Trustpilot und Reddit stammen von K\u00e4ufern, die bei unserer E-Drogerie bestellt haben. BMO-Paket<a href=\"https:\/\/buymodafinilonline.com\/de\/besten-modafinil-lieferanten-deutschland\/\"> Versand<\/a> ist weltweit mit Ausnahme einiger weniger gelisteter L\u00e4nder. Wir bieten auch kostenlosen Versand f\u00fcr Bestellungen \u00fcber 80 USD f\u00fcr Standard-Luftpostversand oder kostenlosen Expressversand f\u00fcr Bestellungen \u00fcber 150 USD. Auch BuyModafinilOnline bietet volle<a href=\"https:\/\/buymodafinilonline.com\/refund-reshipment\/\"> R\u00fcckerstattung und R\u00fccksendung<\/a> bei Nichtlieferung.<\/p>\n<p>Wir akzeptieren eine Vielzahl von sicheren Zahlungsmethoden, darunter die wichtigsten Kreditkarten (MasterCard, Visa), PayPal, Zelle, American Express, e-Check, Bitcoin (mit einem <a href=\"https:\/\/buymodafinilonline.com\/de\/mit-bitcoin-zahlen-33-rabatt-erhalten\/\">Rabatt von 23%<\/a>) und andere Kryptow\u00e4hrungen. Sparen Sie mehr Geld mit unserem<a href=\"https:\/\/buymodafinilonline.com\/coupons-deals-promo-codes\/\"> Preissenkende Gutscheine<\/a> , Angebote, Angebote und Rabatte.<\/p>\n<div class=\"su-divider su-divider-style-default\" style=\"margin:10px 0;border-width:3px;border-color:#ffffff00\"><a href=\"#\" style=\"color:#ffffff009\">.<\/a><\/div>\n[\/vc_column]\n<div class=\"su-divider su-divider-style-default\" style=\"margin:10px 0;border-width:3px;border-color:#ffffff00\"><a href=\"#\" style=\"color:#ffffff009\">.<\/a><\/div>\n","protected":false},"excerpt":{"rendered":"<p>Modapro 200 mg wird von Cipla Ltd. hergestellt. Sein Wirkstoff ist Modafinil. Modapro wird h\u00e4ufig als wachheitsf\u00f6rderndes Medikament bei Patienten mit extremer Schl\u00e4frigkeit w\u00e4hrend des Tages oder aufgrund von Schlafst\u00f6rungen eingesetzt. Es wird auch als Produktivit\u00e4ts- oder kognitiver Verst\u00e4rker verwendet. Holen Sie sich dieses Medikament aus unserer E-Apotheke zum niedrigsten Preis. Wir bieten auch kostenlose Testproben von Modafinil und Armodafinil an. Unser Versand ist 100% garantiert.<\/p>\n[sc name=\"s1\"]\n","protected":false},"featured_media":398175,"comment_status":"open","ping_status":"closed","template":"","meta":{"_acf_changed":false},"product_brand":[],"product_cat":[3786],"product_tag":[4014],"class_list":{"0":"post-408853","1":"product","2":"type-product","3":"status-publish","4":"has-post-thumbnail","6":"product_cat-smart-drugs-brands","7":"product_tag-modafinil-de","9":"first","10":"instock","11":"sale","12":"shipping-taxable","13":"purchasable","14":"product-type-variable","15":"has-default-attributes"},"acf":[],"yoast_head":"<!-- This site is optimized with the Yoast SEO Premium plugin v23.6 (Yoast SEO v27.3) - https:\/\/yoast.com\/product\/yoast-seo-premium-wordpress\/ -->\n<title>Kaufen Sie billige Modapro 200 MG (Modafinil) Medikamente OTC - BuyModafinilOnline<\/title>\n<meta name=\"description\" content=\"Kaufen Sie Modapro 200 mg Tabletten online beim Cipla-Hersteller. Kaufen Sie Modapro 200 mg (Modafinil) zum besten Preis in der BuyModafinilOnline-Apotheke. Zahlen Sie mit Bitcoin und erhalten Sie garantiert 23% Rabatt!\" \/>\n<meta name=\"robots\" content=\"index, follow, max-snippet:-1, max-image-preview:large, max-video-preview:-1\" \/>\n<link rel=\"canonical\" href=\"https:\/\/buymodafinilonline.com\/de\/smarte-medikamente\/modapro-200-mg\/\" \/>\n<meta property=\"og:locale\" content=\"de_DE\" \/>\n<meta property=\"og:type\" content=\"article\" \/>\n<meta property=\"og:title\" content=\"Modapro 200 MG\" \/>\n<meta property=\"og:description\" content=\"Kaufen Sie Modapro 200 mg Tabletten online beim Cipla-Hersteller. Kaufen Sie Modapro 200 mg (Modafinil) zum besten Preis in der BuyModafinilOnline-Apotheke. Zahlen Sie mit Bitcoin und erhalten Sie garantiert 23% Rabatt!\" \/>\n<meta property=\"og:url\" content=\"https:\/\/buymodafinilonline.com\/de\/smarte-medikamente\/modapro-200-mg\/\" \/>\n<meta property=\"og:site_name\" content=\"BuyModafinilOnline.com\" \/>\n<meta property=\"article:modified_time\" content=\"2025-04-28T10:35:58+00:00\" \/>\n<meta property=\"og:image\" content=\"https:\/\/buymodafinilonline.com\/wp-content\/uploads\/2020\/04\/bmo-product-modapro-200-mg.png\" \/>\n\t<meta property=\"og:image:width\" content=\"1280\" \/>\n\t<meta property=\"og:image:height\" content=\"1500\" \/>\n\t<meta property=\"og:image:type\" content=\"image\/png\" \/>\n<meta name=\"twitter:label1\" content=\"Gesch\u00e4tzte Lesezeit\" \/>\n\t<meta name=\"twitter:data1\" content=\"4\u00a0Minuten\" \/>\n<script type=\"application\/ld+json\" class=\"yoast-schema-graph\">{\"@context\":\"https:\\\/\\\/schema.org\",\"@graph\":[{\"@type\":\"WebPage\",\"@id\":\"https:\\\/\\\/buymodafinilonline.com\\\/de\\\/smarte-medikamente\\\/modapro-200-mg\\\/\",\"url\":\"https:\\\/\\\/buymodafinilonline.com\\\/de\\\/smarte-medikamente\\\/modapro-200-mg\\\/\",\"name\":\"Kaufen Sie billige Modapro 200 MG (Modafinil) Medikamente OTC - BuyModafinilOnline\",\"isPartOf\":{\"@id\":\"https:\\\/\\\/buymodafinilonline.com\\\/de\\\/#website\"},\"primaryImageOfPage\":{\"@id\":\"https:\\\/\\\/buymodafinilonline.com\\\/de\\\/smarte-medikamente\\\/modapro-200-mg\\\/#primaryimage\"},\"image\":{\"@id\":\"https:\\\/\\\/buymodafinilonline.com\\\/de\\\/smarte-medikamente\\\/modapro-200-mg\\\/#primaryimage\"},\"thumbnailUrl\":\"https:\\\/\\\/buymodafinilonline.com\\\/wp-content\\\/uploads\\\/2020\\\/04\\\/bmo-product-modapro-200-mg.png\",\"datePublished\":\"2020-11-08T16:17:56+00:00\",\"dateModified\":\"2025-04-28T10:35:58+00:00\",\"description\":\"Kaufen Sie Modapro 200 mg Tabletten online beim Cipla-Hersteller. Kaufen Sie Modapro 200 mg (Modafinil) zum besten Preis in der BuyModafinilOnline-Apotheke. Zahlen Sie mit Bitcoin und erhalten Sie garantiert 23% Rabatt!\",\"breadcrumb\":{\"@id\":\"https:\\\/\\\/buymodafinilonline.com\\\/de\\\/smarte-medikamente\\\/modapro-200-mg\\\/#breadcrumb\"},\"inLanguage\":\"de\",\"potentialAction\":[{\"@type\":\"ReadAction\",\"target\":[\"https:\\\/\\\/buymodafinilonline.com\\\/de\\\/smarte-medikamente\\\/modapro-200-mg\\\/\"]}]},{\"@type\":\"ImageObject\",\"inLanguage\":\"de\",\"@id\":\"https:\\\/\\\/buymodafinilonline.com\\\/de\\\/smarte-medikamente\\\/modapro-200-mg\\\/#primaryimage\",\"url\":\"https:\\\/\\\/buymodafinilonline.com\\\/wp-content\\\/uploads\\\/2020\\\/04\\\/bmo-product-modapro-200-mg.png\",\"contentUrl\":\"https:\\\/\\\/buymodafinilonline.com\\\/wp-content\\\/uploads\\\/2020\\\/04\\\/bmo-product-modapro-200-mg.png\",\"width\":1280,\"height\":1500,\"caption\":\"Modapro 200 mg\"},{\"@type\":\"BreadcrumbList\",\"@id\":\"https:\\\/\\\/buymodafinilonline.com\\\/de\\\/smarte-medikamente\\\/modapro-200-mg\\\/#breadcrumb\",\"itemListElement\":[{\"@type\":\"ListItem\",\"position\":1,\"name\":\"Buy Modafinil Online\",\"item\":\"https:\\\/\\\/buymodafinilonline.com\\\/de\\\/\"},{\"@type\":\"ListItem\",\"position\":2,\"name\":\"Shop\",\"item\":\"https:\\\/\\\/buymodafinilonline.com\\\/de\\\/shop-2\\\/\"},{\"@type\":\"ListItem\",\"position\":3,\"name\":\"Smart Drugs Brands\",\"item\":\"https:\\\/\\\/buymodafinilonline.com\\\/de\\\/produkt-kategorie\\\/smart-drugs-brands\\\/\"},{\"@type\":\"ListItem\",\"position\":4,\"name\":\"Modapro 200 MG\"}]},{\"@type\":\"WebSite\",\"@id\":\"https:\\\/\\\/buymodafinilonline.com\\\/de\\\/#website\",\"url\":\"https:\\\/\\\/buymodafinilonline.com\\\/de\\\/\",\"name\":\"BuyModafinilOnline.com\",\"description\":\"Modafinil Online Pharmacy\",\"publisher\":{\"@id\":\"https:\\\/\\\/buymodafinilonline.com\\\/de\\\/#organization\"},\"potentialAction\":[{\"@type\":\"SearchAction\",\"target\":{\"@type\":\"EntryPoint\",\"urlTemplate\":\"https:\\\/\\\/buymodafinilonline.com\\\/de\\\/?s={search_term_string}\"},\"query-input\":{\"@type\":\"PropertyValueSpecification\",\"valueRequired\":true,\"valueName\":\"search_term_string\"}}],\"inLanguage\":\"de\"},{\"@type\":\"Organization\",\"@id\":\"https:\\\/\\\/buymodafinilonline.com\\\/de\\\/#organization\",\"name\":\"BuyModafinilOnline\",\"url\":\"https:\\\/\\\/buymodafinilonline.com\\\/de\\\/\",\"logo\":{\"@type\":\"ImageObject\",\"inLanguage\":\"de\",\"@id\":\"https:\\\/\\\/buymodafinilonline.com\\\/de\\\/#\\\/schema\\\/logo\\\/image\\\/\",\"url\":\"https:\\\/\\\/buymodafinilonline.com\\\/wp-content\\\/uploads\\\/2020\\\/04\\\/logo-buy-modafinil-online-yellow.png\",\"contentUrl\":\"https:\\\/\\\/buymodafinilonline.com\\\/wp-content\\\/uploads\\\/2020\\\/04\\\/logo-buy-modafinil-online-yellow.png\",\"width\":200,\"height\":200,\"caption\":\"BuyModafinilOnline\"},\"image\":{\"@id\":\"https:\\\/\\\/buymodafinilonline.com\\\/de\\\/#\\\/schema\\\/logo\\\/image\\\/\"}}]}<\/script>\n<!-- \/ Yoast SEO Premium plugin. -->","yoast_head_json":{"title":"Kaufen Sie billige Modapro 200 MG (Modafinil) Medikamente OTC - BuyModafinilOnline","description":"Kaufen Sie Modapro 200 mg Tabletten online beim Cipla-Hersteller. Kaufen Sie Modapro 200 mg (Modafinil) zum besten Preis in der BuyModafinilOnline-Apotheke. Zahlen Sie mit Bitcoin und erhalten Sie garantiert 23% Rabatt!","robots":{"index":"index","follow":"follow","max-snippet":"max-snippet:-1","max-image-preview":"max-image-preview:large","max-video-preview":"max-video-preview:-1"},"canonical":"https:\/\/buymodafinilonline.com\/de\/smarte-medikamente\/modapro-200-mg\/","og_locale":"de_DE","og_type":"article","og_title":"Modapro 200 MG","og_description":"Kaufen Sie Modapro 200 mg Tabletten online beim Cipla-Hersteller. Kaufen Sie Modapro 200 mg (Modafinil) zum besten Preis in der BuyModafinilOnline-Apotheke. Zahlen Sie mit Bitcoin und erhalten Sie garantiert 23% Rabatt!","og_url":"https:\/\/buymodafinilonline.com\/de\/smarte-medikamente\/modapro-200-mg\/","og_site_name":"BuyModafinilOnline.com","article_modified_time":"2025-04-28T10:35:58+00:00","og_image":[{"width":1280,"height":1500,"url":"https:\/\/buymodafinilonline.com\/wp-content\/uploads\/2020\/04\/bmo-product-modapro-200-mg.png","type":"image\/png"}],"twitter_misc":{"Gesch\u00e4tzte Lesezeit":"4\u00a0Minuten"},"schema":{"@context":"https:\/\/schema.org","@graph":[{"@type":"WebPage","@id":"https:\/\/buymodafinilonline.com\/de\/smarte-medikamente\/modapro-200-mg\/","url":"https:\/\/buymodafinilonline.com\/de\/smarte-medikamente\/modapro-200-mg\/","name":"Kaufen Sie billige Modapro 200 MG (Modafinil) Medikamente OTC - BuyModafinilOnline","isPartOf":{"@id":"https:\/\/buymodafinilonline.com\/de\/#website"},"primaryImageOfPage":{"@id":"https:\/\/buymodafinilonline.com\/de\/smarte-medikamente\/modapro-200-mg\/#primaryimage"},"image":{"@id":"https:\/\/buymodafinilonline.com\/de\/smarte-medikamente\/modapro-200-mg\/#primaryimage"},"thumbnailUrl":"https:\/\/buymodafinilonline.com\/wp-content\/uploads\/2020\/04\/bmo-product-modapro-200-mg.png","datePublished":"2020-11-08T16:17:56+00:00","dateModified":"2025-04-28T10:35:58+00:00","description":"Kaufen Sie Modapro 200 mg Tabletten online beim Cipla-Hersteller. Kaufen Sie Modapro 200 mg (Modafinil) zum besten Preis in der BuyModafinilOnline-Apotheke. Zahlen Sie mit Bitcoin und erhalten Sie garantiert 23% Rabatt!","breadcrumb":{"@id":"https:\/\/buymodafinilonline.com\/de\/smarte-medikamente\/modapro-200-mg\/#breadcrumb"},"inLanguage":"de","potentialAction":[{"@type":"ReadAction","target":["https:\/\/buymodafinilonline.com\/de\/smarte-medikamente\/modapro-200-mg\/"]}]},{"@type":"ImageObject","inLanguage":"de","@id":"https:\/\/buymodafinilonline.com\/de\/smarte-medikamente\/modapro-200-mg\/#primaryimage","url":"https:\/\/buymodafinilonline.com\/wp-content\/uploads\/2020\/04\/bmo-product-modapro-200-mg.png","contentUrl":"https:\/\/buymodafinilonline.com\/wp-content\/uploads\/2020\/04\/bmo-product-modapro-200-mg.png","width":1280,"height":1500,"caption":"Modapro 200 mg"},{"@type":"BreadcrumbList","@id":"https:\/\/buymodafinilonline.com\/de\/smarte-medikamente\/modapro-200-mg\/#breadcrumb","itemListElement":[{"@type":"ListItem","position":1,"name":"Buy Modafinil Online","item":"https:\/\/buymodafinilonline.com\/de\/"},{"@type":"ListItem","position":2,"name":"Shop","item":"https:\/\/buymodafinilonline.com\/de\/shop-2\/"},{"@type":"ListItem","position":3,"name":"Smart Drugs Brands","item":"https:\/\/buymodafinilonline.com\/de\/produkt-kategorie\/smart-drugs-brands\/"},{"@type":"ListItem","position":4,"name":"Modapro 200 MG"}]},{"@type":"WebSite","@id":"https:\/\/buymodafinilonline.com\/de\/#website","url":"https:\/\/buymodafinilonline.com\/de\/","name":"BuyModafinilOnline.com","description":"Modafinil Online Pharmacy","publisher":{"@id":"https:\/\/buymodafinilonline.com\/de\/#organization"},"potentialAction":[{"@type":"SearchAction","target":{"@type":"EntryPoint","urlTemplate":"https:\/\/buymodafinilonline.com\/de\/?s={search_term_string}"},"query-input":{"@type":"PropertyValueSpecification","valueRequired":true,"valueName":"search_term_string"}}],"inLanguage":"de"},{"@type":"Organization","@id":"https:\/\/buymodafinilonline.com\/de\/#organization","name":"BuyModafinilOnline","url":"https:\/\/buymodafinilonline.com\/de\/","logo":{"@type":"ImageObject","inLanguage":"de","@id":"https:\/\/buymodafinilonline.com\/de\/#\/schema\/logo\/image\/","url":"https:\/\/buymodafinilonline.com\/wp-content\/uploads\/2020\/04\/logo-buy-modafinil-online-yellow.png","contentUrl":"https:\/\/buymodafinilonline.com\/wp-content\/uploads\/2020\/04\/logo-buy-modafinil-online-yellow.png","width":200,"height":200,"caption":"BuyModafinilOnline"},"image":{"@id":"https:\/\/buymodafinilonline.com\/de\/#\/schema\/logo\/image\/"}}]}},"_links":{"self":[{"href":"https:\/\/buymodafinilonline.com\/de\/wp-json\/wp\/v2\/product\/408853","targetHints":{"allow":["GET"]}}],"collection":[{"href":"https:\/\/buymodafinilonline.com\/de\/wp-json\/wp\/v2\/product"}],"about":[{"href":"https:\/\/buymodafinilonline.com\/de\/wp-json\/wp\/v2\/types\/product"}],"replies":[{"embeddable":true,"href":"https:\/\/buymodafinilonline.com\/de\/wp-json\/wp\/v2\/comments?post=408853"}],"wp:featuredmedia":[{"embeddable":true,"href":"https:\/\/buymodafinilonline.com\/de\/wp-json\/wp\/v2\/media\/398175"}],"wp:attachment":[{"href":"https:\/\/buymodafinilonline.com\/de\/wp-json\/wp\/v2\/media?parent=408853"}],"wp:term":[{"taxonomy":"product_brand","embeddable":true,"href":"https:\/\/buymodafinilonline.com\/de\/wp-json\/wp\/v2\/product_brand?post=408853"},{"taxonomy":"product_cat","embeddable":true,"href":"https:\/\/buymodafinilonline.com\/de\/wp-json\/wp\/v2\/product_cat?post=408853"},{"taxonomy":"product_tag","embeddable":true,"href":"https:\/\/buymodafinilonline.com\/de\/wp-json\/wp\/v2\/product_tag?post=408853"}],"curies":[{"name":"wp","href":"https:\/\/api.w.org\/{rel}","templated":true}]}}