{"id":408935,"date":"2020-04-18T19:43:12","date_gmt":"2020-11-08T16:18:35","guid":{"rendered":"https:\/\/buymodafinilonline.com\/smart-drugs\/modatec-200-mg\/"},"modified":"2025-04-28T11:36:12","modified_gmt":"2025-04-28T10:36:12","slug":"modatec-200-mg","status":"publish","type":"product","link":"https:\/\/buymodafinilonline.com\/de\/smarte-medikamente\/modatec-200-mg\/","title":{"rendered":"Modatec 200 MG"},"content":{"rendered":"[vc_column width=&#8221;1\/2&#8243;]\n<div class=\"su-divider su-divider-style-default\" style=\"margin:10px 0;border-width:3px;border-color:#ffffff00\"><a href=\"#\" style=\"color:#ffffff009\">.<\/a><\/div>\n<h2>Was ist Modatec 200 mg?<\/h2>\n<div class=\"su-divider su-divider-style-default\" style=\"margin:10px 0;border-width:3px;border-color:#ffffff00\"><a href=\"#\" style=\"color:#ffffff009\">.<\/a><\/div>\nModafinil, ein Wirkstoff von Modatec, wurde von der US-amerikanischen FDA (Food and Drug Administration) zur Behandlung von unkontrollierbarer Schl\u00e4frigkeit aufgrund von Narkolepsie, Schichtarbeitsschlafst\u00f6rung (SWSD) und obstruktiver Schlafapnoe (OSA) zugelassen. Es wird auch Off-Label-Patienten mit Aufmerksamkeitsdefizit-Hyperaktivit\u00e4tsst\u00f6rung (ADHS), M\u00fcdigkeit im Zusammenhang mit Multipler Sklerose, Jetlag, Parkinson-Krankheit, Depression und anderen Gesundheitszust\u00e4nden verschrieben. Gesunde Personen k\u00f6nnen Modatec 200 mg auch als Produktivit\u00e4tssteigerer und kognitiven Verst\u00e4rker bei komplexen Aufgaben verwenden, die eine h\u00f6here Gehirnleistung und Wachheit erfordern.<\/p>\n<p>Dieses Medikament stimuliert effektiv verschiedene chemische Substanzen des Gehirns, die den Schlaf-Wach-Zyklus steuern, einschlie\u00dflich eines sehr wichtigen Neurotransmitters &#8211; Dopamin (ein chemischer Botenstoff, mit dem Neuronen kommunizieren). Modatec verst\u00e4rkt die Wirkung von Dopamin, indem es seine Konzentrationen im K\u00f6rper erh\u00f6ht. Es erh\u00f6ht auch die synaptische Verf\u00fcgbarkeit von Neurotransmittern wie Serotonin, Histamin, Orexin und Adenosin. Durch die Hemmung der Dopamin-Wiederaufnahme werden kognitive Effekte wie ein verbessertes Ged\u00e4chtnis, verbesserte Stimmungen, Wachsamkeit, geistige Sch\u00e4rfe und andere belohnt.<\/p>\n<div class=\"su-divider su-divider-style-default\" style=\"margin:10px 0;border-width:3px;border-color:#ffffff00\"><a href=\"#\" style=\"color:#ffffff009\">.<\/a><\/div>\n<h2><strong>Sichere Dosierung und richtige Anwendung<\/strong><\/h2>\n<div class=\"su-divider su-divider-style-default\" style=\"margin:10px 0;border-width:3px;border-color:#ffffff00\"><a href=\"#\" style=\"color:#ffffff009\">.<\/a><\/div>\nModafinil ist bei gesunden Menschen sicher und gut vertr\u00e4glich &#8211; es ist das \u201eweltweit erste sichere intelligente Medikament\u201c. Vor der Einnahme von Nootropika, die diesen Wirkstoff enthalten, und w\u00e4hrend der Einnahme von Medikamenten sollte die Sicherheit jedoch n\u00fctzlich sein. Die empfohlene Dosisst\u00e4rke von Modatec betr\u00e4gt 200 mg. Lassen Sie Ihren Arzt Ihre Gesundheit beurteilen, um festzustellen, ob dieses Medikament f\u00fcr Sie am besten geeignet ist, abh\u00e4ngig vom Ergebnis Ihres Gesundheitszustands.<\/p>\n<p>Die Dosierung sollte gem\u00e4\u00df der Verschreibung erfolgen. Wenn der Zweck der Verabreichung die Behandlung von Narkolepsie oder OSA ist, sollte einmal t\u00e4glich morgens eine Tablette eingenommen werden. Nehmen Sie bei SWSD etwa eine Stunde vor der Arbeitsschicht eine Dosis ein. Wenn Sie vorhaben, dieses Arzneimittel vom Etikett zu nehmen, wenden Sie sich an einen Facharzt, um das richtige Rezept zu erhalten. Abh\u00e4ngig von Ihrer Gesundheit kann eine Dosisanpassung erforderlich sein. Wenn bei Ihnen eine schwere Leberfunktionsst\u00f6rung diagnostiziert wird, sollte Modatec 200 mg um die H\u00e4lfte reduziert werden. Nehmen Sie nicht mehr als 1 Tablette pro Tag ein (eine \u00dcberdosis), da dies zu ernsthaften Gesundheitsproblemen f\u00fchren kann.<\/p>\n<div class=\"su-divider su-divider-style-default\" style=\"margin:10px 0;border-width:3px;border-color:#ffffff00\"><a href=\"#\" style=\"color:#ffffff009\">.<\/a><\/div>\n<h2><strong>M\u00f6gliche Nebenwirkungen<\/strong><\/h2>\n<div class=\"su-divider su-divider-style-default\" style=\"margin:10px 0;border-width:3px;border-color:#ffffff00\"><a href=\"#\" style=\"color:#ffffff009\">.<\/a><\/div>\nDie richtige Einnahme dieses Arzneimittels bei einem gesunden K\u00f6rper verursacht keine Nebenwirkungen. Sie k\u00f6nnen jedoch nicht vollst\u00e4ndig ausgeschlossen werden. Es wird empfohlen, einen Arzt zu konsultieren, um Ihre Gesundheit auf eine m\u00f6gliche Krankheit zu untersuchen, die einige schwerwiegende Nebenwirkungen ausl\u00f6sen kann.<\/p>\n<p>Die m\u00f6glichen h\u00e4ufigen negativen Auswirkungen im Zusammenhang mit der Verwendung von Modatec 200 mg k\u00f6nnen sein:<\/p>\n<div class=\"su-divider su-divider-style-default\" style=\"margin:10px 0;border-width:3px;border-color:#ffffff00\"><a href=\"#\" style=\"color:#ffffff009\">.<\/a><\/div>\n<ul>\n<li>Kopfschmerzen, Schwindel;<\/li>\n<li>Schlaflosigkeit;<\/li>\n<li>sich nerv\u00f6s oder \u00e4ngstlich f\u00fchlen;<\/li>\n<li>\u00dcbelkeit, Magenverstimmung, Durchfall;<\/li>\n<li>verstopfte Nase.<\/li>\n<\/ul>\n<div class=\"su-divider su-divider-style-default\" style=\"margin:10px 0;border-width:3px;border-color:#ffffff00\"><a href=\"#\" style=\"color:#ffffff009\">.<\/a><\/div>\n[\/vc_column][vc_column width=&#8221;1\/2&#8243;]\n<div class=\"su-divider su-divider-style-default\" style=\"margin:10px 0;border-width:3px;border-color:#ffffff00\"><a href=\"#\" style=\"color:#ffffff009\">.<\/a><\/div>\n<p>Seltene, aber schwerwiegendere negative Auswirkungen sind:<br \/>\n<div class=\"su-divider su-divider-style-default\" style=\"margin:10px 0;border-width:3px;border-color:#ffffff00\"><a href=\"#\" style=\"color:#ffffff009\">.<\/a><\/div>\n<ul>\n<li>\u00dcberempfindlichkeit;<\/li>\n<li>Fieber &amp; Sch\u00fcttelfrost;<\/li>\n<li>Brustschmerzen;<\/li>\n<li>Verwirrtheit;<\/li>\n<li>ungew\u00f6hnliche M\u00fcdigkeit &amp; Schw\u00e4che;<\/li>\n<li>Stevens-Johnson-Syndrom und andere.<\/li>\n<\/ul>\n<div class=\"su-divider su-divider-style-default\" style=\"margin:10px 0;border-width:3px;border-color:#ffffff00\"><a href=\"#\" style=\"color:#ffffff009\">.<\/a><\/div>\nDies ist keine vollst\u00e4ndige Liste m\u00f6glicher negativer Auswirkungen. Es wird auch empfohlen, nichts zu fahren oder zu tun, was mentale Konzentration und Aufmerksamkeit erfordert, bis Sie wissen, wie sich dieses Medikament auf Ihr System auswirkt. Wenn einer der negativen Auswirkungen auftritt und anh\u00e4lt, wenden Sie sich an einen Arzt.<\/p>\n<div class=\"su-divider su-divider-style-default\" style=\"margin:10px 0;border-width:3px;border-color:#ffffff00\"><a href=\"#\" style=\"color:#ffffff009\">.<\/a><\/div>\n<h2><strong>Gegenanzeigen und Vorsichtsma\u00dfnahmen<\/strong><\/h2>\n<div class=\"su-divider su-divider-style-default\" style=\"margin:10px 0;border-width:3px;border-color:#ffffff00\"><a href=\"#\" style=\"color:#ffffff009\">.<\/a><\/div>\nModatec ist sicher, wenn es ohne Mischen mit anderen Medikamenten eingenommen wird. Es wird empfohlen, eine vollst\u00e4ndige Liste der Medikamente (verschreibungspflichtig \/ nicht verschreibungspflichtig) oder pflanzlichen Arzneimittel, die Sie verwenden, einem Facharzt zur Beurteilung zu geben. Informieren Sie au\u00dferdem einen Arzt \u00fcber Ihren Gesundheitszustand, einschlie\u00dflich Nieren- oder Leberversagen, Herzerkrankungen oder Anf\u00e4lle in der Vorgeschichte, bevor Sie Modatec oder ein anderes Nootropikum einnehmen.<\/p>\n<p>Dieses Medikament ist nicht zur Anwendung bei Patienten mit einer bekannten Allergie gegen nootropische Medikamente ratsam. Schwangere oder stillende M\u00fctter sollten keine \u201eintelligenten Medikamente\u201c einnehmen. Falls erforderlich, sollte ein Facharzt m\u00f6gliche Risiken und Vorteile besprechen, bevor er dieses auf Modafinil basierende Arzneimittel einnimmt.<\/p>\n<div class=\"su-divider su-divider-style-default\" style=\"margin:10px 0;border-width:3px;border-color:#ffffff00\"><a href=\"#\" style=\"color:#ffffff009\">.<\/a><\/div>\n<p>Modatec interagiert mit anderen Medikamenten, einschlie\u00dflich:<\/p>\n<ul>\n<li>MAO-Inhibitoren;<\/li>\n<li>CYP3A4 \/ 5 &amp; CYP2C19-Substrate;<\/li>\n<li>Blutverd\u00fcnner wie Warfarin;<\/li>\n<li>Antibabypillen;<\/li>\n<li>ZNS-Stimulanzien und andere.<\/li>\n<\/ul>\n<div class=\"su-divider su-divider-style-default\" style=\"margin:10px 0;border-width:3px;border-color:#ffffff00\"><a href=\"#\" style=\"color:#ffffff009\">.<\/a><\/div>\nDieses Nootropikum funktioniert gut mit den meisten Lebensmitteln, aber fetthaltige Mahlzeiten k\u00f6nnen den Wirkungseintritt verz\u00f6gern. Das Mischen mit Alkohol wird nicht empfohlen. Es kann unter anderem das Risiko von Schl\u00e4frigkeit, Schwindel und Urteilsst\u00f6rungen erh\u00f6hen.<\/p>\n<div class=\"su-divider su-divider-style-default\" style=\"margin:10px 0;border-width:3px;border-color:#ffffff00\"><a href=\"#\" style=\"color:#ffffff009\">.<\/a><\/div>\n<h2><strong>Kaufen Sie Generic Modatec 200mg (Modafinil) online<\/strong><\/h2>\n<div class=\"su-divider su-divider-style-default\" style=\"margin:10px 0;border-width:3px;border-color:#ffffff00\"><a href=\"#\" style=\"color:#ffffff009\">.<\/a><\/div>\nBuyModafinilOnline ist der beste Online-Anbieter f\u00fcr Nootropika, bei dem die Gesundheit des Patienten Vorrang hat, indem hochwertige Medikamente von zugelassenen Pharmaunternehmen bezogen werden. Bestenfalls bieten wir Over-the-Counter \u201c<a href=\"https:\/\/buymodafinilonline.com\/smart-drugs-brands\/\"> intelligente Drogen<\/a> \u201d(<a href=\"https:\/\/buymodafinilonline.com\/de\/smarte-medikamente\/modatec-200-mg\/\"> Modatec<\/a> ,<a href=\"https:\/\/buymodafinilonline.com\/de\/smarte-medikamente\/modapro-200-mg\/\"> Modapro<\/a> ,<a href=\"https:\/\/buymodafinilonline.com\/de\/smarte-medikamente\/provake-200-mg\/\"> Provake<\/a> ,<a href=\"https:\/\/buymodafinilonline.com\/de\/smarte-medikamente\/modfil-200-mg\/\"> Modfil<\/a> usw.) zu Herstellungskosten. Wir haben auch<a href=\"https:\/\/buymodafinilonline.com\/free-trial\/\"> kostenlose Probeproben<\/a> unserer Modafinil &amp; Armodafinil Bestseller.<\/p>\n<p>Sparen Sie mehr Geld in unserer E-Apotheke, indem Sie Gutscheine, Angebote und Rabatte verwenden. Wir akzeptieren eine Vielzahl von sicheren Zahlungsmethoden, darunter die wichtigsten Kreditkarten, AmEx, Zelle, PayPal, e-Check, <a href=\"https:\/\/buymodafinilonline.com\/de\/mit-bitcoin-zahlen-33-rabatt-erhalten\/\">Bitcoin<\/a> (inklusive 23% Rabatt) und andere Kryptow\u00e4hrungen.<\/p>\n<p>Unser Paketversand ist ultraschnell und wir bieten<a href=\"https:\/\/buymodafinilonline.com\/refund-reshipment\/\"> Kostenlose R\u00fccksendung oder 100% R\u00fcckerstattung<\/a> im Falle einer fehlgeschlagenen Lieferung. Bei Bestellungen \u00fcber 80 US-Dollar, die per Einschreiben (Standardversand) versandt werden, und bei Bestellungen \u00fcber 150 US-Dollar per Express Mail Service (EMS) ist der Versand kostenlos. Je mehr Tablets Sie bestellen, desto geringer sind die Kosten!<\/p>\n<div class=\"su-divider su-divider-style-default\" style=\"margin:10px 0;border-width:3px;border-color:#ffffff00\"><a href=\"#\" style=\"color:#ffffff009\">.<\/a><\/div>\n[\/vc_column]\n<div class=\"su-divider su-divider-style-default\" style=\"margin:10px 0;border-width:3px;border-color:#ffffff00\"><a href=\"#\" style=\"color:#ffffff009\">.<\/a><\/div>\n","protected":false},"excerpt":{"rendered":"<p>Modatec 200 mg wird von Cipla Ltd. hergestellt. Es enth\u00e4lt Modafinil als Wirkstoff. Es ist ein wachheitsf\u00f6rderndes Mittel, das Patienten mit extremer Schl\u00e4frigkeit tags\u00fcber aufgrund bestimmter Schlafst\u00f6rungen verschrieben wird. Modatec hilft, w\u00e4hrend der Arbeitszeit wach zu bleiben, wenn keine geplante Schlafzeit vorliegt. Es wirkt auch als Produktivit\u00e4ts- und kognitiver Verst\u00e4rker. Holen Sie sich dieses Medikament zu Herstellungskosten in unserer E-Apotheke oder bestellen Sie kostenlose Testmuster von Modafinil- und Armodafinil-Bestsellern.<\/p>\n[sc name=\"s1\"]\n","protected":false},"featured_media":398182,"comment_status":"open","ping_status":"closed","template":"","meta":{"_acf_changed":false},"product_brand":[],"product_cat":[3786],"product_tag":[4014],"class_list":{"0":"post-408935","1":"product","2":"type-product","3":"status-publish","4":"has-post-thumbnail","6":"product_cat-smart-drugs-brands","7":"product_tag-modafinil-de","9":"first","10":"instock","11":"sale","12":"shipping-taxable","13":"purchasable","14":"product-type-variable","15":"has-default-attributes"},"acf":[],"yoast_head":"<!-- This site is optimized with the Yoast SEO Premium plugin v23.6 (Yoast SEO v27.3) - https:\/\/yoast.com\/product\/yoast-seo-premium-wordpress\/ -->\n<title>Kaufen Sie Modatec 200 MG (Modafinil) Tabletten im Freiverkehr - BuyModafinilOnline<\/title>\n<meta name=\"description\" content=\"G\u00fcnstige Modatec 200 mg Medikamente online vom Cipla Hersteller. Kaufen Sie Modatec 200 mg (Modafinil) OTC in der BuyModafinilOnline-Apotheke. Zahlen Sie mit Kreditkarte, PayPal oder Bitcoin und erhalten Sie tolle Rabatte!\" \/>\n<meta name=\"robots\" content=\"index, follow, max-snippet:-1, max-image-preview:large, max-video-preview:-1\" \/>\n<link rel=\"canonical\" href=\"https:\/\/buymodafinilonline.com\/de\/smarte-medikamente\/modatec-200-mg\/\" \/>\n<meta property=\"og:locale\" content=\"de_DE\" \/>\n<meta property=\"og:type\" content=\"article\" \/>\n<meta property=\"og:title\" content=\"Modatec 200 MG\" \/>\n<meta property=\"og:description\" content=\"G\u00fcnstige Modatec 200 mg Medikamente online vom Cipla Hersteller. Kaufen Sie Modatec 200 mg (Modafinil) OTC in der BuyModafinilOnline-Apotheke. Zahlen Sie mit Kreditkarte, PayPal oder Bitcoin und erhalten Sie tolle Rabatte!\" \/>\n<meta property=\"og:url\" content=\"https:\/\/buymodafinilonline.com\/de\/smarte-medikamente\/modatec-200-mg\/\" \/>\n<meta property=\"og:site_name\" content=\"BuyModafinilOnline.com\" \/>\n<meta property=\"article:modified_time\" content=\"2025-04-28T10:36:12+00:00\" \/>\n<meta property=\"og:image\" content=\"https:\/\/buymodafinilonline.com\/wp-content\/uploads\/2020\/04\/bmo-product-modatec-200-mg.png\" \/>\n\t<meta property=\"og:image:width\" content=\"1280\" \/>\n\t<meta property=\"og:image:height\" content=\"1500\" \/>\n\t<meta property=\"og:image:type\" content=\"image\/png\" \/>\n<meta name=\"twitter:label1\" content=\"Gesch\u00e4tzte Lesezeit\" \/>\n\t<meta name=\"twitter:data1\" content=\"4\u00a0Minuten\" \/>\n<script type=\"application\/ld+json\" class=\"yoast-schema-graph\">{\"@context\":\"https:\\\/\\\/schema.org\",\"@graph\":[{\"@type\":\"WebPage\",\"@id\":\"https:\\\/\\\/buymodafinilonline.com\\\/de\\\/smarte-medikamente\\\/modatec-200-mg\\\/\",\"url\":\"https:\\\/\\\/buymodafinilonline.com\\\/de\\\/smarte-medikamente\\\/modatec-200-mg\\\/\",\"name\":\"Kaufen Sie Modatec 200 MG (Modafinil) Tabletten im Freiverkehr - BuyModafinilOnline\",\"isPartOf\":{\"@id\":\"https:\\\/\\\/buymodafinilonline.com\\\/de\\\/#website\"},\"primaryImageOfPage\":{\"@id\":\"https:\\\/\\\/buymodafinilonline.com\\\/de\\\/smarte-medikamente\\\/modatec-200-mg\\\/#primaryimage\"},\"image\":{\"@id\":\"https:\\\/\\\/buymodafinilonline.com\\\/de\\\/smarte-medikamente\\\/modatec-200-mg\\\/#primaryimage\"},\"thumbnailUrl\":\"https:\\\/\\\/buymodafinilonline.com\\\/wp-content\\\/uploads\\\/2020\\\/04\\\/bmo-product-modatec-200-mg.png\",\"datePublished\":\"2020-11-08T16:18:35+00:00\",\"dateModified\":\"2025-04-28T10:36:12+00:00\",\"description\":\"G\u00fcnstige Modatec 200 mg Medikamente online vom Cipla Hersteller. Kaufen Sie Modatec 200 mg (Modafinil) OTC in der BuyModafinilOnline-Apotheke. Zahlen Sie mit Kreditkarte, PayPal oder Bitcoin und erhalten Sie tolle Rabatte!\",\"breadcrumb\":{\"@id\":\"https:\\\/\\\/buymodafinilonline.com\\\/de\\\/smarte-medikamente\\\/modatec-200-mg\\\/#breadcrumb\"},\"inLanguage\":\"de\",\"potentialAction\":[{\"@type\":\"ReadAction\",\"target\":[\"https:\\\/\\\/buymodafinilonline.com\\\/de\\\/smarte-medikamente\\\/modatec-200-mg\\\/\"]}]},{\"@type\":\"ImageObject\",\"inLanguage\":\"de\",\"@id\":\"https:\\\/\\\/buymodafinilonline.com\\\/de\\\/smarte-medikamente\\\/modatec-200-mg\\\/#primaryimage\",\"url\":\"https:\\\/\\\/buymodafinilonline.com\\\/wp-content\\\/uploads\\\/2020\\\/04\\\/bmo-product-modatec-200-mg.png\",\"contentUrl\":\"https:\\\/\\\/buymodafinilonline.com\\\/wp-content\\\/uploads\\\/2020\\\/04\\\/bmo-product-modatec-200-mg.png\",\"width\":1280,\"height\":1500,\"caption\":\"Modatec 200 mg\"},{\"@type\":\"BreadcrumbList\",\"@id\":\"https:\\\/\\\/buymodafinilonline.com\\\/de\\\/smarte-medikamente\\\/modatec-200-mg\\\/#breadcrumb\",\"itemListElement\":[{\"@type\":\"ListItem\",\"position\":1,\"name\":\"Buy Modafinil Online\",\"item\":\"https:\\\/\\\/buymodafinilonline.com\\\/de\\\/\"},{\"@type\":\"ListItem\",\"position\":2,\"name\":\"Shop\",\"item\":\"https:\\\/\\\/buymodafinilonline.com\\\/de\\\/shop-2\\\/\"},{\"@type\":\"ListItem\",\"position\":3,\"name\":\"Smart Drugs Brands\",\"item\":\"https:\\\/\\\/buymodafinilonline.com\\\/de\\\/produkt-kategorie\\\/smart-drugs-brands\\\/\"},{\"@type\":\"ListItem\",\"position\":4,\"name\":\"Modatec 200 MG\"}]},{\"@type\":\"WebSite\",\"@id\":\"https:\\\/\\\/buymodafinilonline.com\\\/de\\\/#website\",\"url\":\"https:\\\/\\\/buymodafinilonline.com\\\/de\\\/\",\"name\":\"BuyModafinilOnline.com\",\"description\":\"Modafinil Online Pharmacy\",\"publisher\":{\"@id\":\"https:\\\/\\\/buymodafinilonline.com\\\/de\\\/#organization\"},\"potentialAction\":[{\"@type\":\"SearchAction\",\"target\":{\"@type\":\"EntryPoint\",\"urlTemplate\":\"https:\\\/\\\/buymodafinilonline.com\\\/de\\\/?s={search_term_string}\"},\"query-input\":{\"@type\":\"PropertyValueSpecification\",\"valueRequired\":true,\"valueName\":\"search_term_string\"}}],\"inLanguage\":\"de\"},{\"@type\":\"Organization\",\"@id\":\"https:\\\/\\\/buymodafinilonline.com\\\/de\\\/#organization\",\"name\":\"BuyModafinilOnline\",\"url\":\"https:\\\/\\\/buymodafinilonline.com\\\/de\\\/\",\"logo\":{\"@type\":\"ImageObject\",\"inLanguage\":\"de\",\"@id\":\"https:\\\/\\\/buymodafinilonline.com\\\/de\\\/#\\\/schema\\\/logo\\\/image\\\/\",\"url\":\"https:\\\/\\\/buymodafinilonline.com\\\/wp-content\\\/uploads\\\/2020\\\/04\\\/logo-buy-modafinil-online-yellow.png\",\"contentUrl\":\"https:\\\/\\\/buymodafinilonline.com\\\/wp-content\\\/uploads\\\/2020\\\/04\\\/logo-buy-modafinil-online-yellow.png\",\"width\":200,\"height\":200,\"caption\":\"BuyModafinilOnline\"},\"image\":{\"@id\":\"https:\\\/\\\/buymodafinilonline.com\\\/de\\\/#\\\/schema\\\/logo\\\/image\\\/\"}}]}<\/script>\n<!-- \/ Yoast SEO Premium plugin. -->","yoast_head_json":{"title":"Kaufen Sie Modatec 200 MG (Modafinil) Tabletten im Freiverkehr - BuyModafinilOnline","description":"G\u00fcnstige Modatec 200 mg Medikamente online vom Cipla Hersteller. Kaufen Sie Modatec 200 mg (Modafinil) OTC in der BuyModafinilOnline-Apotheke. Zahlen Sie mit Kreditkarte, PayPal oder Bitcoin und erhalten Sie tolle Rabatte!","robots":{"index":"index","follow":"follow","max-snippet":"max-snippet:-1","max-image-preview":"max-image-preview:large","max-video-preview":"max-video-preview:-1"},"canonical":"https:\/\/buymodafinilonline.com\/de\/smarte-medikamente\/modatec-200-mg\/","og_locale":"de_DE","og_type":"article","og_title":"Modatec 200 MG","og_description":"G\u00fcnstige Modatec 200 mg Medikamente online vom Cipla Hersteller. Kaufen Sie Modatec 200 mg (Modafinil) OTC in der BuyModafinilOnline-Apotheke. Zahlen Sie mit Kreditkarte, PayPal oder Bitcoin und erhalten Sie tolle Rabatte!","og_url":"https:\/\/buymodafinilonline.com\/de\/smarte-medikamente\/modatec-200-mg\/","og_site_name":"BuyModafinilOnline.com","article_modified_time":"2025-04-28T10:36:12+00:00","og_image":[{"width":1280,"height":1500,"url":"https:\/\/buymodafinilonline.com\/wp-content\/uploads\/2020\/04\/bmo-product-modatec-200-mg.png","type":"image\/png"}],"twitter_misc":{"Gesch\u00e4tzte Lesezeit":"4\u00a0Minuten"},"schema":{"@context":"https:\/\/schema.org","@graph":[{"@type":"WebPage","@id":"https:\/\/buymodafinilonline.com\/de\/smarte-medikamente\/modatec-200-mg\/","url":"https:\/\/buymodafinilonline.com\/de\/smarte-medikamente\/modatec-200-mg\/","name":"Kaufen Sie Modatec 200 MG (Modafinil) Tabletten im Freiverkehr - BuyModafinilOnline","isPartOf":{"@id":"https:\/\/buymodafinilonline.com\/de\/#website"},"primaryImageOfPage":{"@id":"https:\/\/buymodafinilonline.com\/de\/smarte-medikamente\/modatec-200-mg\/#primaryimage"},"image":{"@id":"https:\/\/buymodafinilonline.com\/de\/smarte-medikamente\/modatec-200-mg\/#primaryimage"},"thumbnailUrl":"https:\/\/buymodafinilonline.com\/wp-content\/uploads\/2020\/04\/bmo-product-modatec-200-mg.png","datePublished":"2020-11-08T16:18:35+00:00","dateModified":"2025-04-28T10:36:12+00:00","description":"G\u00fcnstige Modatec 200 mg Medikamente online vom Cipla Hersteller. Kaufen Sie Modatec 200 mg (Modafinil) OTC in der BuyModafinilOnline-Apotheke. Zahlen Sie mit Kreditkarte, PayPal oder Bitcoin und erhalten Sie tolle Rabatte!","breadcrumb":{"@id":"https:\/\/buymodafinilonline.com\/de\/smarte-medikamente\/modatec-200-mg\/#breadcrumb"},"inLanguage":"de","potentialAction":[{"@type":"ReadAction","target":["https:\/\/buymodafinilonline.com\/de\/smarte-medikamente\/modatec-200-mg\/"]}]},{"@type":"ImageObject","inLanguage":"de","@id":"https:\/\/buymodafinilonline.com\/de\/smarte-medikamente\/modatec-200-mg\/#primaryimage","url":"https:\/\/buymodafinilonline.com\/wp-content\/uploads\/2020\/04\/bmo-product-modatec-200-mg.png","contentUrl":"https:\/\/buymodafinilonline.com\/wp-content\/uploads\/2020\/04\/bmo-product-modatec-200-mg.png","width":1280,"height":1500,"caption":"Modatec 200 mg"},{"@type":"BreadcrumbList","@id":"https:\/\/buymodafinilonline.com\/de\/smarte-medikamente\/modatec-200-mg\/#breadcrumb","itemListElement":[{"@type":"ListItem","position":1,"name":"Buy Modafinil Online","item":"https:\/\/buymodafinilonline.com\/de\/"},{"@type":"ListItem","position":2,"name":"Shop","item":"https:\/\/buymodafinilonline.com\/de\/shop-2\/"},{"@type":"ListItem","position":3,"name":"Smart Drugs Brands","item":"https:\/\/buymodafinilonline.com\/de\/produkt-kategorie\/smart-drugs-brands\/"},{"@type":"ListItem","position":4,"name":"Modatec 200 MG"}]},{"@type":"WebSite","@id":"https:\/\/buymodafinilonline.com\/de\/#website","url":"https:\/\/buymodafinilonline.com\/de\/","name":"BuyModafinilOnline.com","description":"Modafinil Online Pharmacy","publisher":{"@id":"https:\/\/buymodafinilonline.com\/de\/#organization"},"potentialAction":[{"@type":"SearchAction","target":{"@type":"EntryPoint","urlTemplate":"https:\/\/buymodafinilonline.com\/de\/?s={search_term_string}"},"query-input":{"@type":"PropertyValueSpecification","valueRequired":true,"valueName":"search_term_string"}}],"inLanguage":"de"},{"@type":"Organization","@id":"https:\/\/buymodafinilonline.com\/de\/#organization","name":"BuyModafinilOnline","url":"https:\/\/buymodafinilonline.com\/de\/","logo":{"@type":"ImageObject","inLanguage":"de","@id":"https:\/\/buymodafinilonline.com\/de\/#\/schema\/logo\/image\/","url":"https:\/\/buymodafinilonline.com\/wp-content\/uploads\/2020\/04\/logo-buy-modafinil-online-yellow.png","contentUrl":"https:\/\/buymodafinilonline.com\/wp-content\/uploads\/2020\/04\/logo-buy-modafinil-online-yellow.png","width":200,"height":200,"caption":"BuyModafinilOnline"},"image":{"@id":"https:\/\/buymodafinilonline.com\/de\/#\/schema\/logo\/image\/"}}]}},"_links":{"self":[{"href":"https:\/\/buymodafinilonline.com\/de\/wp-json\/wp\/v2\/product\/408935","targetHints":{"allow":["GET"]}}],"collection":[{"href":"https:\/\/buymodafinilonline.com\/de\/wp-json\/wp\/v2\/product"}],"about":[{"href":"https:\/\/buymodafinilonline.com\/de\/wp-json\/wp\/v2\/types\/product"}],"replies":[{"embeddable":true,"href":"https:\/\/buymodafinilonline.com\/de\/wp-json\/wp\/v2\/comments?post=408935"}],"wp:featuredmedia":[{"embeddable":true,"href":"https:\/\/buymodafinilonline.com\/de\/wp-json\/wp\/v2\/media\/398182"}],"wp:attachment":[{"href":"https:\/\/buymodafinilonline.com\/de\/wp-json\/wp\/v2\/media?parent=408935"}],"wp:term":[{"taxonomy":"product_brand","embeddable":true,"href":"https:\/\/buymodafinilonline.com\/de\/wp-json\/wp\/v2\/product_brand?post=408935"},{"taxonomy":"product_cat","embeddable":true,"href":"https:\/\/buymodafinilonline.com\/de\/wp-json\/wp\/v2\/product_cat?post=408935"},{"taxonomy":"product_tag","embeddable":true,"href":"https:\/\/buymodafinilonline.com\/de\/wp-json\/wp\/v2\/product_tag?post=408935"}],"curies":[{"name":"wp","href":"https:\/\/api.w.org\/{rel}","templated":true}]}}