{"id":409019,"date":"2020-04-18T19:44:43","date_gmt":"2020-11-08T16:18:58","guid":{"rendered":"https:\/\/buymodafinilonline.com\/smart-drugs\/provake-200-mg\/"},"modified":"2025-04-28T11:36:49","modified_gmt":"2025-04-28T10:36:49","slug":"provake-200-mg","status":"publish","type":"product","link":"https:\/\/buymodafinilonline.com\/de\/smarte-medikamente\/provake-200-mg\/","title":{"rendered":"Provake 200 MG"},"content":{"rendered":"[vc_column width=&#8221;1\/2&#8243;]\n<div class=\"su-divider su-divider-style-default\" style=\"margin:10px 0;border-width:3px;border-color:#ffffff00\"><a href=\"#\" style=\"color:#ffffff009\">.<\/a><\/div>\n<h2>Was ist Provake 200 mg?<\/h2>\n<div class=\"su-divider su-divider-style-default\" style=\"margin:10px 0;border-width:3px;border-color:#ffffff00\"><a href=\"#\" style=\"color:#ffffff009\">.<\/a><\/div>\nDieses Medikament ist ein wirksames Mittel gegen verschiedene Gesundheitszust\u00e4nde. In erster Linie ist es zur Behandlung von Schlafst\u00f6rungen aufgrund von obstruktivem Schlafapnoe \/ Hypopnoe-Syndrom (OSAHS), Narkolepsie und Schichtarbeitsschlafst\u00f6rung (SWSD) zugelassen.<\/p>\n<p>Das Off-Label-Rezept umfasst die Behandlung von Aufmerksamkeitsdefizit-Hyperaktivit\u00e4tsst\u00f6rungen (ADHS \/ ADHS), kognitiven Beeintr\u00e4chtigungen, altersbedingtem Ged\u00e4chtnisverlust, Parkinson-Krankheit, Multipler Sklerose, Depression und chronischem M\u00fcdigkeitssyndrom sowie anderen Gesundheitszust\u00e4nden.<\/p>\n<p>Gesunde Menschen verwenden diese Art von Medikamenten als kognitiven Verst\u00e4rker und zur Steigerung der Produktivit\u00e4t. Diese M\u00f6glichkeit ist darauf zur\u00fcckzuf\u00fchren, wie Provake die Gehirnfunktion beeinflusst. Sein Mechanismus stellt den normalen Schlafzyklus wieder her, da er die Spiegel chemischer Botenstoffe im Gehirn moduliert, indem er die Dopamin-Wiederaufnahme hemmt und seinen Spiegel im Gehirn erh\u00f6ht.<\/p>\n<p>Es erh\u00f6ht auch den Spiegel von Histamin- und Orexin-Neurotransmittern und \u00fcbt eine stimulierende Wirkung aus, um extreme Schl\u00e4frigkeit zu reduzieren. Durch die Erh\u00f6hung des Dopaminspiegels werden andere Effekte erzielt, die zu einer Verbesserung der kognitiven Funktion, der Energie, des Ged\u00e4chtnisses und anderer Vorteile f\u00fchren.<\/p>\n<div class=\"su-divider su-divider-style-default\" style=\"margin:10px 0;border-width:3px;border-color:#ffffff00\"><a href=\"#\" style=\"color:#ffffff009\">.<\/a><\/div>\n<h2><strong>Sichere Dosierung und richtige Anwendung<\/strong><\/h2>\n<div class=\"su-divider su-divider-style-default\" style=\"margin:10px 0;border-width:3px;border-color:#ffffff00\"><a href=\"#\" style=\"color:#ffffff009\">.<\/a><\/div>\nProvake 200 mg Tablette ist die empfohlene Dosisst\u00e4rke von Modafinil-Medikamenten. Wenden Sie sich vor der Einnahme an einen Facharzt, um Ihre Gesundheit auf m\u00f6gliche Gesundheitszust\u00e4nde zu untersuchen, die sich auf die Verwendung dieses Medikaments auswirken k\u00f6nnen.<\/p>\n<p>Je nach Verwendungszweck verschreibungspflichtig einnehmen und nicht \u00fcberdosieren. Ber\u00fccksichtigen Sie die Vorteile und Risiken, wenn Sie es vom Etikett nehmen. Ein Arzt sollte entscheiden, ob es das Beste f\u00fcr Sie ist, und es ist notwendig, einen qualitativ hochwertigen Lebensstil zu f\u00fchren, damit Provake effektiv arbeitet, ohne Ihre Gesundheit zu beeintr\u00e4chtigen.<\/p>\n<div class=\"su-divider su-divider-style-default\" style=\"margin:10px 0;border-width:3px;border-color:#ffffff00\"><a href=\"#\" style=\"color:#ffffff009\">.<\/a><\/div>\n<h2><strong>M\u00f6gliche Nebenwirkungen<\/strong><\/h2>\n<div class=\"su-divider su-divider-style-default\" style=\"margin:10px 0;border-width:3px;border-color:#ffffff00\"><a href=\"#\" style=\"color:#ffffff009\">.<\/a><\/div>\nBei Verwendung von Provake 200 mg k\u00f6nnen negative Auswirkungen auftreten. Gesunde Menschen haben keine schwerwiegenden Nebenwirkungen. Wenn einer von ihnen existiert, kann er von kurzer Dauer sein.<\/p>\n<p>Der h\u00e4ufig auftretende negative Effekt umfasst:<\/p>\n<div class=\"su-divider su-divider-style-default\" style=\"margin:10px 0;border-width:3px;border-color:#ffffff00\"><a href=\"#\" style=\"color:#ffffff009\">.<\/a><\/div>\n<ul>\n<li>Kopfschmerzen, Schwindel;<\/li>\n<li>R\u00fcckenschmerzen;<\/li>\n<li>\u00dcbelkeit, Magenverstimmung, Durchfall;<\/li>\n<li>Schlafst\u00f6rung;<\/li>\n<li>sich nerv\u00f6s oder \u00e4ngstlich f\u00fchlen;<\/li>\n<li>verstopfte Nase.<\/li>\n<\/ul>\n<div class=\"su-divider su-divider-style-default\" style=\"margin:10px 0;border-width:3px;border-color:#ffffff00\"><a href=\"#\" style=\"color:#ffffff009\">.<\/a><\/div>\nSeltene, aber schwerwiegendere Nebenwirkungen sind:<\/p>\n<div class=\"su-divider su-divider-style-default\" style=\"margin:10px 0;border-width:3px;border-color:#ffffff00\"><a href=\"#\" style=\"color:#ffffff009\">.<\/a><\/div>\n<ul>\n<li>\u00dcberempfindlichkeit;<\/li>\n<li>Fieber &amp; Sch\u00fcttelfrost;<\/li>\n<li>Brustschmerzen;<\/li>\n<li>Verwirrtheit;<\/li>\n<li>ungew\u00f6hnliche Stimmungs- oder Verhaltens\u00e4nderungen;<\/li>\n<li>ungew\u00f6hnliche M\u00fcdigkeit &amp; Schw\u00e4che;<\/li>\n<li>Stevens-Johnson-Syndrom und andere.<\/li>\n<\/ul>\n<div class=\"su-divider su-divider-style-default\" style=\"margin:10px 0;border-width:3px;border-color:#ffffff00\"><a href=\"#\" style=\"color:#ffffff009\">.<\/a><\/div>\nDies ist keine vollst\u00e4ndige Liste m\u00f6glicher negativer Auswirkungen.<br \/>\n[\/vc_column][vc_column width=&#8221;1\/2&#8243;]\n<div class=\"su-divider su-divider-style-default\" style=\"margin:10px 0;border-width:3px;border-color:#ffffff00\"><a href=\"#\" style=\"color:#ffffff009\">.<\/a><\/div>\nEs kann auch Schl\u00e4frigkeit und Schwindel verursachen. Fahren Sie also nicht und tun Sie nichts, was mentale Konzentration und Aufmerksamkeit erfordert, bis die Wirkung von 200 mg auf den K\u00f6rper nachl\u00e4sst. Wenn Sie Selbstmordgedanken, neue oder sich verschlimmernde Depressionen versp\u00fcren und diese Nebenwirkungen auftreten und Sie st\u00f6ren oder auch nach Absetzen des Medikaments nicht nachlassen oder verblassen, wenden Sie sich an Ihren Facharzt.<\/p>\n<div class=\"su-divider su-divider-style-default\" style=\"margin:10px 0;border-width:3px;border-color:#ffffff00\"><a href=\"#\" style=\"color:#ffffff009\">.<\/a><\/div>\n<h2><strong>Gegenanzeigen und Vorsichtsma\u00dfnahmen<\/strong><\/h2>\n<div class=\"su-divider su-divider-style-default\" style=\"margin:10px 0;border-width:3px;border-color:#ffffff00\"><a href=\"#\" style=\"color:#ffffff009\">.<\/a><\/div>\nEs ist sehr wichtig, Ihre Gesundheit zu beurteilen und einen Arzt \u00fcber die von Ihnen verwendeten Medikamente zu informieren. Dieses Medikament ist sehr sicher, wenn es ohne Mischen mit anderen Medikamenten eingenommen wird. Es wird empfohlen, einem Arzt eine vollst\u00e4ndige Liste der Medikamente (verschreibungspflichtige \/ nicht verschreibungspflichtige Medikamente) oder Kr\u00e4uterprodukte zu geben, die Sie zur Beurteilung verwenden.<\/p>\n<p>Provake 200 mg Arzneimittel wird nicht zur Anwendung bei Personen mit einer bekannten Allergie gegen empfohlen<a href=\"https:\/\/buymodafinilonline.com\/de\/die-wahrheit-ueber-modafinil\/\"> Modafinil<\/a> oder irgendein eugeroisches Produkt. Schwangeren oder stillenden M\u00fcttern wird nicht empfohlen, ein nootropes Produkt zu verwenden. Wenn es notwendig ist, m\u00f6gliche Risiken und Vorteile mit einem Arzt zu besprechen, bevor Sie Provake \u201eSmart Drug\u201c einnehmen.<\/p>\n<p>Das Mischen mit Alkohol wird nicht empfohlen. Es kann unter anderem das Risiko von Schl\u00e4frigkeit, Schwindel und Urteilsst\u00f6rungen erh\u00f6hen.<\/p>\n<p>M\u00f6gliche Wechselwirkungen mit anderen Arzneimitteln umfassen CYP3A4 \/ 5- und CYP2C19-Substrate, Warfarin, Verh\u00fctungsmittel, MAO-Hemmer, ZNS-Stimulanzien und andere.<\/p>\n<p>Informieren Sie Ihren Arzt vor allem \u00fcber Ihre gesundheitlichen Probleme, einschlie\u00dflich Nieren, Leber, Herzerkrankungen oder Anf\u00e4lle in der Vorgeschichte, bevor Sie Provake nootropic einnehmen. Provake funktioniert gut mit Lebensmitteln, aber bestimmte Lebensmittel k\u00f6nnen den Wirkungseintritt verz\u00f6gern.<\/p>\n<div class=\"su-divider su-divider-style-default\" style=\"margin:10px 0;border-width:3px;border-color:#ffffff00\"><a href=\"#\" style=\"color:#ffffff009\">.<\/a><\/div>\n<h2><strong>Kaufen Sie Generic Provake 200mg (Modafinil) online<\/strong><\/h2>\n<div class=\"su-divider su-divider-style-default\" style=\"margin:10px 0;border-width:3px;border-color:#ffffff00\"><a href=\"#\" style=\"color:#ffffff009\">.<\/a><\/div>\nSeien Sie wachsam und verwenden Sie nur eine legitime und vertrauensw\u00fcrdige E-Apotheke, die ihre Medikamente NUR von zugelassenen Herstellern bezieht. Das Vertrauen und die Qualit\u00e4t der Medikamente, die eine E-Apotheke anbietet, werden in Online-Bewertungen dargestellt &#8211; insbesondere bei Trustpilot und Yotpo. BuyModafinilOnline ist die beste Modafinil-Online-Apotheke und hilft K\u00e4ufern dabei, sicher zu sein<a href=\"https:\/\/buymodafinilonline.com\/smart-drugs-brands\/\"> Holen Sie sich hochwertige Eugeroics<\/a> von zugelassenen Herstellern bezogen. Wir bieten auch kostenlos Armodafinil &amp; Modafinil<a href=\"https:\/\/buymodafinilonline.com\/free-trial\/\"> Versuchsproben<\/a> und andere &#8220;intelligente Drogen&#8221;, wie<a href=\"https:\/\/buymodafinilonline.com\/de\/smarte-medikamente\/modvigil-200-mg\/\"> Modvigil<\/a> ,<a href=\"https:\/\/buymodafinilonline.com\/de\/smarte-medikamente\/artvigil-150-mg\/\"> Artvigil<\/a> ,<a href=\"https:\/\/buymodafinilonline.com\/de\/smarte-medikamente\/waklert-150-mg-tablets\/\"> Waklert<\/a> , etc.<\/p>\n<p>Wir bieten<a href=\"https:\/\/buymodafinilonline.com\/de\/besten-modafinil-lieferanten-deutschland\/\"> Kostenloser Versand<\/a> bei Bestellungen \u00fcber 80 USD f\u00fcr den Versand per Einschreiben oder \u00fcber 150 USD f\u00fcr den Express-Mail-Service. Im Falle einer fehlgeschlagenen Lieferung bieten wir a<a href=\"https:\/\/buymodafinilonline.com\/refund-reshipment\/\"> 100% R\u00fcckerstattung oder kostenlose R\u00fccksendung<\/a> .<\/p>\n<p>Sie erhalten <a href=\"https:\/\/buymodafinilonline.com\/de\/mit-bitcoin-zahlen-33-rabatt-erhalten\/\">23% Rabatt, wenn Sie mit Bitcoin bezahlen<\/a>, und wir akzeptieren PayPal, Visa und MasterCard. Sie k\u00f6nnen auch verschiedene Gutscheine verwenden, um mehr Geld zu sparen: BMO-WHATEVERYOUWANT10 f\u00fcr 10 USD Rabatt f\u00fcr jede Bestellung, mehr Gutscheine, die Sie sich ansehen k\u00f6nnen \u201c<a href=\"https:\/\/buymodafinilonline.com\/coupons-deals-promo-codes\/\"> Unsere Gutscheine f\u00fcr Direktapotheken verfallen nie<\/a> &#8221; Seite.<\/p>\n<p>Unser hochwertiger Kundenservice, g\u00fcnstige \u201eSmart Drug\u201c -Preise, hervorragende Zahlungsm\u00f6glichkeiten, Gutscheine und Verk\u00e4ufe sowie der ultraschnelle Versand haben uns zur seri\u00f6sesten E-Apotheke gemacht.<\/p>\n<div class=\"su-divider su-divider-style-default\" style=\"margin:10px 0;border-width:3px;border-color:#ffffff00\"><a href=\"#\" style=\"color:#ffffff009\">.<\/a><\/div>\n[\/vc_column]\n<div class=\"su-divider su-divider-style-default\" style=\"margin:10px 0;border-width:3px;border-color:#ffffff00\"><a href=\"#\" style=\"color:#ffffff009\">.<\/a><\/div>\n","protected":false},"excerpt":{"rendered":"<p>Provake 200 mg von Ranbaxy Laboratories Ltd (aus Indien) ist ein verschreibungspflichtiges Arzneimittel, das Modafinil als Wirkstoff enth\u00e4lt. Es wird verwendet, um die Wachsamkeit bei Menschen zu f\u00f6rdern, die tags\u00fcber oder bei der Arbeit unter Schlafst\u00f6rungen leiden, um wach zu bleiben. Es wird auch off-label als kognitiver Verst\u00e4rker und Produktivit\u00e4tssteigerer verwendet. Holen Sie sich dieses Medikament aus unserer E-Apotheke und erleben Sie den niedrigsten Preis aller Zeiten und kostenlosen Versand f\u00fcr Bestellungen \u00fcber 80 und 150 US-Dollar.<\/p>\n[sc name=\"s1\"]\n","protected":false},"featured_media":398210,"comment_status":"open","ping_status":"closed","template":"","meta":{"_acf_changed":false},"product_brand":[],"product_cat":[3786],"product_tag":[4014],"class_list":{"0":"post-409019","1":"product","2":"type-product","3":"status-publish","4":"has-post-thumbnail","6":"product_cat-smart-drugs-brands","7":"product_tag-modafinil-de","9":"first","10":"instock","11":"sale","12":"shipping-taxable","13":"purchasable","14":"product-type-variable","15":"has-default-attributes"},"acf":[],"yoast_head":"<!-- This site is optimized with the Yoast SEO Premium plugin v23.6 (Yoast SEO v27.4) - https:\/\/yoast.com\/product\/yoast-seo-premium-wordpress\/ -->\n<title>Kaufen Sie Provake 200 MG (Modafinil) Tabletten zu einem niedrigen Preis - BuyModafinilOnline<\/title>\n<meta name=\"description\" content=\"Holen Sie sich Provake 200 mg Medikamente online vom Hersteller Ranbaxy Laboratories Ltd. Kaufen Sie g\u00fcnstig Provake 200 mg (Modafinil) aus Indien in der BuyModafinilOnline-Apotheke. 100% Liefergarantie und diskrete Verpackung.\" \/>\n<meta name=\"robots\" content=\"index, follow, max-snippet:-1, max-image-preview:large, max-video-preview:-1\" \/>\n<link rel=\"canonical\" href=\"https:\/\/buymodafinilonline.com\/de\/smarte-medikamente\/provake-200-mg\/\" \/>\n<meta property=\"og:locale\" content=\"de_DE\" \/>\n<meta property=\"og:type\" content=\"article\" \/>\n<meta property=\"og:title\" content=\"Provake 200 MG\" \/>\n<meta property=\"og:description\" content=\"Holen Sie sich Provake 200 mg Medikamente online vom Hersteller Ranbaxy Laboratories Ltd. Kaufen Sie g\u00fcnstig Provake 200 mg (Modafinil) aus Indien in der BuyModafinilOnline-Apotheke. 100% Liefergarantie und diskrete Verpackung.\" \/>\n<meta property=\"og:url\" content=\"https:\/\/buymodafinilonline.com\/de\/smarte-medikamente\/provake-200-mg\/\" \/>\n<meta property=\"og:site_name\" content=\"BuyModafinilOnline.com\" \/>\n<meta property=\"article:modified_time\" content=\"2025-04-28T10:36:49+00:00\" \/>\n<meta property=\"og:image\" content=\"https:\/\/buymodafinilonline.com\/wp-content\/uploads\/2020\/04\/bmo-product-provake-200-mg.png\" \/>\n\t<meta property=\"og:image:width\" content=\"1280\" \/>\n\t<meta property=\"og:image:height\" content=\"1500\" \/>\n\t<meta property=\"og:image:type\" content=\"image\/png\" \/>\n<meta name=\"twitter:label1\" content=\"Gesch\u00e4tzte Lesezeit\" \/>\n\t<meta name=\"twitter:data1\" content=\"4\u00a0Minuten\" \/>\n<script type=\"application\/ld+json\" class=\"yoast-schema-graph\">{\"@context\":\"https:\\\/\\\/schema.org\",\"@graph\":[{\"@type\":\"WebPage\",\"@id\":\"https:\\\/\\\/buymodafinilonline.com\\\/de\\\/smarte-medikamente\\\/provake-200-mg\\\/\",\"url\":\"https:\\\/\\\/buymodafinilonline.com\\\/de\\\/smarte-medikamente\\\/provake-200-mg\\\/\",\"name\":\"Kaufen Sie Provake 200 MG (Modafinil) Tabletten zu einem niedrigen Preis - BuyModafinilOnline\",\"isPartOf\":{\"@id\":\"https:\\\/\\\/buymodafinilonline.com\\\/de\\\/#website\"},\"primaryImageOfPage\":{\"@id\":\"https:\\\/\\\/buymodafinilonline.com\\\/de\\\/smarte-medikamente\\\/provake-200-mg\\\/#primaryimage\"},\"image\":{\"@id\":\"https:\\\/\\\/buymodafinilonline.com\\\/de\\\/smarte-medikamente\\\/provake-200-mg\\\/#primaryimage\"},\"thumbnailUrl\":\"https:\\\/\\\/buymodafinilonline.com\\\/wp-content\\\/uploads\\\/2020\\\/04\\\/bmo-product-provake-200-mg.png\",\"datePublished\":\"2020-11-08T16:18:58+00:00\",\"dateModified\":\"2025-04-28T10:36:49+00:00\",\"description\":\"Holen Sie sich Provake 200 mg Medikamente online vom Hersteller Ranbaxy Laboratories Ltd. Kaufen Sie g\u00fcnstig Provake 200 mg (Modafinil) aus Indien in der BuyModafinilOnline-Apotheke. 100% Liefergarantie und diskrete Verpackung.\",\"breadcrumb\":{\"@id\":\"https:\\\/\\\/buymodafinilonline.com\\\/de\\\/smarte-medikamente\\\/provake-200-mg\\\/#breadcrumb\"},\"inLanguage\":\"de\",\"potentialAction\":[{\"@type\":\"ReadAction\",\"target\":[\"https:\\\/\\\/buymodafinilonline.com\\\/de\\\/smarte-medikamente\\\/provake-200-mg\\\/\"]}]},{\"@type\":\"ImageObject\",\"inLanguage\":\"de\",\"@id\":\"https:\\\/\\\/buymodafinilonline.com\\\/de\\\/smarte-medikamente\\\/provake-200-mg\\\/#primaryimage\",\"url\":\"https:\\\/\\\/buymodafinilonline.com\\\/wp-content\\\/uploads\\\/2020\\\/04\\\/bmo-product-provake-200-mg.png\",\"contentUrl\":\"https:\\\/\\\/buymodafinilonline.com\\\/wp-content\\\/uploads\\\/2020\\\/04\\\/bmo-product-provake-200-mg.png\",\"width\":1280,\"height\":1500,\"caption\":\"200 mg bereitstellen\"},{\"@type\":\"BreadcrumbList\",\"@id\":\"https:\\\/\\\/buymodafinilonline.com\\\/de\\\/smarte-medikamente\\\/provake-200-mg\\\/#breadcrumb\",\"itemListElement\":[{\"@type\":\"ListItem\",\"position\":1,\"name\":\"Buy Modafinil Online\",\"item\":\"https:\\\/\\\/buymodafinilonline.com\\\/de\\\/\"},{\"@type\":\"ListItem\",\"position\":2,\"name\":\"Shop\",\"item\":\"https:\\\/\\\/buymodafinilonline.com\\\/de\\\/shop-2\\\/\"},{\"@type\":\"ListItem\",\"position\":3,\"name\":\"Smart Drugs Brands\",\"item\":\"https:\\\/\\\/buymodafinilonline.com\\\/de\\\/produkt-kategorie\\\/smart-drugs-brands\\\/\"},{\"@type\":\"ListItem\",\"position\":4,\"name\":\"Provake 200 MG\"}]},{\"@type\":\"WebSite\",\"@id\":\"https:\\\/\\\/buymodafinilonline.com\\\/de\\\/#website\",\"url\":\"https:\\\/\\\/buymodafinilonline.com\\\/de\\\/\",\"name\":\"BuyModafinilOnline.com\",\"description\":\"Modafinil Online Pharmacy\",\"publisher\":{\"@id\":\"https:\\\/\\\/buymodafinilonline.com\\\/de\\\/#organization\"},\"potentialAction\":[{\"@type\":\"SearchAction\",\"target\":{\"@type\":\"EntryPoint\",\"urlTemplate\":\"https:\\\/\\\/buymodafinilonline.com\\\/de\\\/?s={search_term_string}\"},\"query-input\":{\"@type\":\"PropertyValueSpecification\",\"valueRequired\":true,\"valueName\":\"search_term_string\"}}],\"inLanguage\":\"de\"},{\"@type\":\"Organization\",\"@id\":\"https:\\\/\\\/buymodafinilonline.com\\\/de\\\/#organization\",\"name\":\"BuyModafinilOnline\",\"url\":\"https:\\\/\\\/buymodafinilonline.com\\\/de\\\/\",\"logo\":{\"@type\":\"ImageObject\",\"inLanguage\":\"de\",\"@id\":\"https:\\\/\\\/buymodafinilonline.com\\\/de\\\/#\\\/schema\\\/logo\\\/image\\\/\",\"url\":\"https:\\\/\\\/buymodafinilonline.com\\\/wp-content\\\/uploads\\\/2020\\\/04\\\/logo-buy-modafinil-online-yellow.png\",\"contentUrl\":\"https:\\\/\\\/buymodafinilonline.com\\\/wp-content\\\/uploads\\\/2020\\\/04\\\/logo-buy-modafinil-online-yellow.png\",\"width\":200,\"height\":200,\"caption\":\"BuyModafinilOnline\"},\"image\":{\"@id\":\"https:\\\/\\\/buymodafinilonline.com\\\/de\\\/#\\\/schema\\\/logo\\\/image\\\/\"}}]}<\/script>\n<!-- \/ Yoast SEO Premium plugin. -->","yoast_head_json":{"title":"Kaufen Sie Provake 200 MG (Modafinil) Tabletten zu einem niedrigen Preis - BuyModafinilOnline","description":"Holen Sie sich Provake 200 mg Medikamente online vom Hersteller Ranbaxy Laboratories Ltd. Kaufen Sie g\u00fcnstig Provake 200 mg (Modafinil) aus Indien in der BuyModafinilOnline-Apotheke. 100% Liefergarantie und diskrete Verpackung.","robots":{"index":"index","follow":"follow","max-snippet":"max-snippet:-1","max-image-preview":"max-image-preview:large","max-video-preview":"max-video-preview:-1"},"canonical":"https:\/\/buymodafinilonline.com\/de\/smarte-medikamente\/provake-200-mg\/","og_locale":"de_DE","og_type":"article","og_title":"Provake 200 MG","og_description":"Holen Sie sich Provake 200 mg Medikamente online vom Hersteller Ranbaxy Laboratories Ltd. Kaufen Sie g\u00fcnstig Provake 200 mg (Modafinil) aus Indien in der BuyModafinilOnline-Apotheke. 100% Liefergarantie und diskrete Verpackung.","og_url":"https:\/\/buymodafinilonline.com\/de\/smarte-medikamente\/provake-200-mg\/","og_site_name":"BuyModafinilOnline.com","article_modified_time":"2025-04-28T10:36:49+00:00","og_image":[{"width":1280,"height":1500,"url":"https:\/\/buymodafinilonline.com\/wp-content\/uploads\/2020\/04\/bmo-product-provake-200-mg.png","type":"image\/png"}],"twitter_misc":{"Gesch\u00e4tzte Lesezeit":"4\u00a0Minuten"},"schema":{"@context":"https:\/\/schema.org","@graph":[{"@type":"WebPage","@id":"https:\/\/buymodafinilonline.com\/de\/smarte-medikamente\/provake-200-mg\/","url":"https:\/\/buymodafinilonline.com\/de\/smarte-medikamente\/provake-200-mg\/","name":"Kaufen Sie Provake 200 MG (Modafinil) Tabletten zu einem niedrigen Preis - BuyModafinilOnline","isPartOf":{"@id":"https:\/\/buymodafinilonline.com\/de\/#website"},"primaryImageOfPage":{"@id":"https:\/\/buymodafinilonline.com\/de\/smarte-medikamente\/provake-200-mg\/#primaryimage"},"image":{"@id":"https:\/\/buymodafinilonline.com\/de\/smarte-medikamente\/provake-200-mg\/#primaryimage"},"thumbnailUrl":"https:\/\/buymodafinilonline.com\/wp-content\/uploads\/2020\/04\/bmo-product-provake-200-mg.png","datePublished":"2020-11-08T16:18:58+00:00","dateModified":"2025-04-28T10:36:49+00:00","description":"Holen Sie sich Provake 200 mg Medikamente online vom Hersteller Ranbaxy Laboratories Ltd. Kaufen Sie g\u00fcnstig Provake 200 mg (Modafinil) aus Indien in der BuyModafinilOnline-Apotheke. 100% Liefergarantie und diskrete Verpackung.","breadcrumb":{"@id":"https:\/\/buymodafinilonline.com\/de\/smarte-medikamente\/provake-200-mg\/#breadcrumb"},"inLanguage":"de","potentialAction":[{"@type":"ReadAction","target":["https:\/\/buymodafinilonline.com\/de\/smarte-medikamente\/provake-200-mg\/"]}]},{"@type":"ImageObject","inLanguage":"de","@id":"https:\/\/buymodafinilonline.com\/de\/smarte-medikamente\/provake-200-mg\/#primaryimage","url":"https:\/\/buymodafinilonline.com\/wp-content\/uploads\/2020\/04\/bmo-product-provake-200-mg.png","contentUrl":"https:\/\/buymodafinilonline.com\/wp-content\/uploads\/2020\/04\/bmo-product-provake-200-mg.png","width":1280,"height":1500,"caption":"200 mg bereitstellen"},{"@type":"BreadcrumbList","@id":"https:\/\/buymodafinilonline.com\/de\/smarte-medikamente\/provake-200-mg\/#breadcrumb","itemListElement":[{"@type":"ListItem","position":1,"name":"Buy Modafinil Online","item":"https:\/\/buymodafinilonline.com\/de\/"},{"@type":"ListItem","position":2,"name":"Shop","item":"https:\/\/buymodafinilonline.com\/de\/shop-2\/"},{"@type":"ListItem","position":3,"name":"Smart Drugs Brands","item":"https:\/\/buymodafinilonline.com\/de\/produkt-kategorie\/smart-drugs-brands\/"},{"@type":"ListItem","position":4,"name":"Provake 200 MG"}]},{"@type":"WebSite","@id":"https:\/\/buymodafinilonline.com\/de\/#website","url":"https:\/\/buymodafinilonline.com\/de\/","name":"BuyModafinilOnline.com","description":"Modafinil Online Pharmacy","publisher":{"@id":"https:\/\/buymodafinilonline.com\/de\/#organization"},"potentialAction":[{"@type":"SearchAction","target":{"@type":"EntryPoint","urlTemplate":"https:\/\/buymodafinilonline.com\/de\/?s={search_term_string}"},"query-input":{"@type":"PropertyValueSpecification","valueRequired":true,"valueName":"search_term_string"}}],"inLanguage":"de"},{"@type":"Organization","@id":"https:\/\/buymodafinilonline.com\/de\/#organization","name":"BuyModafinilOnline","url":"https:\/\/buymodafinilonline.com\/de\/","logo":{"@type":"ImageObject","inLanguage":"de","@id":"https:\/\/buymodafinilonline.com\/de\/#\/schema\/logo\/image\/","url":"https:\/\/buymodafinilonline.com\/wp-content\/uploads\/2020\/04\/logo-buy-modafinil-online-yellow.png","contentUrl":"https:\/\/buymodafinilonline.com\/wp-content\/uploads\/2020\/04\/logo-buy-modafinil-online-yellow.png","width":200,"height":200,"caption":"BuyModafinilOnline"},"image":{"@id":"https:\/\/buymodafinilonline.com\/de\/#\/schema\/logo\/image\/"}}]}},"_links":{"self":[{"href":"https:\/\/buymodafinilonline.com\/de\/wp-json\/wp\/v2\/product\/409019","targetHints":{"allow":["GET"]}}],"collection":[{"href":"https:\/\/buymodafinilonline.com\/de\/wp-json\/wp\/v2\/product"}],"about":[{"href":"https:\/\/buymodafinilonline.com\/de\/wp-json\/wp\/v2\/types\/product"}],"replies":[{"embeddable":true,"href":"https:\/\/buymodafinilonline.com\/de\/wp-json\/wp\/v2\/comments?post=409019"}],"wp:featuredmedia":[{"embeddable":true,"href":"https:\/\/buymodafinilonline.com\/de\/wp-json\/wp\/v2\/media\/398210"}],"wp:attachment":[{"href":"https:\/\/buymodafinilonline.com\/de\/wp-json\/wp\/v2\/media?parent=409019"}],"wp:term":[{"taxonomy":"product_brand","embeddable":true,"href":"https:\/\/buymodafinilonline.com\/de\/wp-json\/wp\/v2\/product_brand?post=409019"},{"taxonomy":"product_cat","embeddable":true,"href":"https:\/\/buymodafinilonline.com\/de\/wp-json\/wp\/v2\/product_cat?post=409019"},{"taxonomy":"product_tag","embeddable":true,"href":"https:\/\/buymodafinilonline.com\/de\/wp-json\/wp\/v2\/product_tag?post=409019"}],"curies":[{"name":"wp","href":"https:\/\/api.w.org\/{rel}","templated":true}]}}