{"id":409055,"date":"2020-04-18T19:46:49","date_gmt":"2020-04-18T18:46:49","guid":{"rendered":"https:\/\/buymodafinilonline.com\/smart-drugs\/modfil-200-mg\/"},"modified":"2025-04-28T11:37:09","modified_gmt":"2025-04-28T10:37:09","slug":"modfil-200-mg","status":"publish","type":"product","link":"https:\/\/buymodafinilonline.com\/de\/smarte-medikamente\/modfil-200-mg\/","title":{"rendered":"Modfil 200 MG"},"content":{"rendered":"[vc_column width=\u201d1\/2\u2033]\n<h2>Was ist Modfil 200 mg?<\/h2>\n<div class=\"su-divider su-divider-style-default\" style=\"margin:10px 0;border-width:3px;border-color:#ffffff00\"><a href=\"#\" style=\"color:#ffffff009\">.<\/a><\/div>\nModfil 200 mg ist ein verschreibungspflichtiges Medikament zur F\u00f6rderung der Wachsamkeit bei Personen mit Schlafmangel, die aus verschiedenen Gesundheitszust\u00e4nden resultieren, darunter obstruktives Schlafapnoe \/ Hypopnoe-Syndrom (OSAHS), Schichtarbeitsschlafst\u00f6rung (SWSD) und Narkolepsie.<\/p>\n<p>Off-Label-Anwendung umfasst Multiple Sklerose, Parkinson-Krankheit, Aufmerksamkeitsdefizit-Hyperaktivit\u00e4tsst\u00f6rung (ADHS), Depression, kognitive Beeintr\u00e4chtigung und andere Gesundheitsbehandlungen.<\/p>\n<p>Da enth\u00e4lt es<a href=\"https:\/\/buymodafinilonline.com\/de\/die-wahrheit-ueber-modafinil\/\"> Modafinil<\/a> Der Modfil-Mechanismus stellt den normalen Schlafzyklus wieder her, da er die Konzentration chemischer Botenstoffe im Gehirn moduliert, indem er die Dopamin-Wiederaufnahme, Histamin, Orexin hemmt und verst\u00e4rkt und eine stimulierende Wirkung aus\u00fcbt, um extreme Schl\u00e4frigkeit zu reduzieren. Neben diesem bekannten Mechanismus spielt Dopamin jedoch eine weitere wichtige Rolle. Es wirkt als nat\u00fcrliches Belohnungssystem im Gehirn und erh\u00f6ht seine Werte.<\/p>\n<p>Aufgrund dieses Effekts wird Modfil wie jedes andere Nootropikum h\u00e4ufig von Gesch\u00e4ftsleuten, Astronauten, Sportmitarbeitern, Studenten und Mitarbeitern verwendet, um unter anderem die F\u00e4higkeit zu verbessern, den Fokus, die Wachsamkeit, das Ged\u00e4chtnis und die geistige Sch\u00e4rfe zu verbessern, um sie in die Lage zu versetzen, zu planen und Entscheidungen treffen, positive Auswirkungen auf Lernen und Kreativit\u00e4t erzielen und die Produktivit\u00e4t f\u00f6rdern.<\/p>\n<div class=\"su-divider su-divider-style-default\" style=\"margin:10px 0;border-width:3px;border-color:#ffffff00\"><a href=\"#\" style=\"color:#ffffff009\">.<\/a><\/div>\n<h2>Sichere Dosierung und richtige Anwendung<\/h2>\n<div class=\"su-divider su-divider-style-default\" style=\"margin:10px 0;border-width:3px;border-color:#ffffff00\"><a href=\"#\" style=\"color:#ffffff009\">.<\/a><\/div>\nSicherheit sollte n\u00fctzlich sein. Modfil 200 mg ist die empfohlene t\u00e4gliche Kraftdosis. Lassen Sie Ihren Arzt Ihre Gesundheit beurteilen, um festzustellen, ob dieses Medikament f\u00fcr Sie am besten geeignet ist, abh\u00e4ngig vom Ergebnis Ihres Gesundheitszustands.<\/p>\n<p>Die Dosierung sollte gem\u00e4\u00df der Verschreibung erfolgen. Nehmen Sie nicht mehr als 1 Pille pro Tag ein. Modfil 200 mg ist sicher, wenn es von gesunden Personen und zum richtigen Zeitpunkt gem\u00e4\u00df der Verschreibung eingenommen wird. Nicht \u00fcberdosieren.<\/p>\n<p>Wenn Sie das Modfil-Medikament off-label verwenden, wenden Sie sich an einen Facharzt, um die richtige Dosierung und den richtigen Gebrauch zu erhalten. Abh\u00e4ngig von Ihrer Gesundheit kann eine Dosisanpassung erforderlich sein. Wenn bei Ihnen eine schwere Leberfunktionsst\u00f6rung diagnostiziert wird, sollte Modfil 200 mg um die H\u00e4lfte reduziert werden.<\/p>\n<div class=\"su-divider su-divider-style-default\" style=\"margin:10px 0;border-width:3px;border-color:#ffffff00\"><a href=\"#\" style=\"color:#ffffff009\">.<\/a><\/div>\n<h2><strong>M\u00f6gliche Nebenwirkungen<\/strong><\/h2>\n<div class=\"su-divider su-divider-style-default\" style=\"margin:10px 0;border-width:3px;border-color:#ffffff00\"><a href=\"#\" style=\"color:#ffffff009\">.<\/a><\/div>\nModfil 200 mg kann einige negative Auswirkungen haben. Es ist sicher, wenn es von gesunden Personen ohne gesundheitliche Komplikationen und unter Einhaltung der Dosierung eingenommen wird. Befolgen Sie die Anweisungen auf der Packungsbeilage, um die optimalen Wirkungen dieses Arzneimittels ohne schwerwiegende negative Auswirkungen zu erleben.<\/p>\n<p>Einige Nebenwirkungen sind nicht schwerwiegend und von kurzer Dauer. H\u00e4ufige negative Auswirkungen sind Kopfschmerzen, Schwindel, R\u00fcckenschmerzen, \u00dcbelkeit, Magenverstimmung, Durchfall, Schlafst\u00f6rungen, \u00e4ngstliche oder nerv\u00f6se, verstopfte Nase.<\/p>\n<p>Seltene, aber schwerwiegendere negative Auswirkungen sind \u00dcberempfindlichkeit, Fieber und Sch\u00fcttelfrost, Brustschmerzen, Verwirrtheit, ungew\u00f6hnliche M\u00fcdigkeit und Schw\u00e4che, Stevens-Johnson-Syndrom und andere.<\/p>\n<p>Dies ist keine umfassende Liste. Es kann auch Schl\u00e4frigkeit und Schwindel verursachen. Fahren Sie also nicht und tun Sie nichts, was mentale Konzentration und Aufmerksamkeit erfordert, bis die Arzneimittelwirkung nachl\u00e4sst. Lassen Sie einen Arzt wissen, ob Sie ungew\u00f6hnliche Stimmungs- oder Verhaltens\u00e4nderungen entwickeln und ob Sie Selbstmordgedanken, neue oder sich verschlimmernde Depressionen haben.<\/p>\n[\/vc_column][vc_column width=\u201d1\/2\u2033]\n<div class=\"su-divider su-divider-style-default\" style=\"margin:10px 0;border-width:3px;border-color:#ffffff00\"><a href=\"#\" style=\"color:#ffffff009\">.<\/a><\/div>\n<h2>Gegenanzeigen und Vorsichtsma\u00dfnahmen<\/h2>\n<div class=\"su-divider su-divider-style-default\" style=\"margin:10px 0;border-width:3px;border-color:#ffffff00\"><a href=\"#\" style=\"color:#ffffff009\">.<\/a><\/div>\nModfil 200 mg ist sicher und gut vertr\u00e4glich, wenn es von gesunden Personen und ohne Vermischung mit anderen Arzneimitteln angewendet wird.<\/p>\n<p>Wenn Sie andere Medikamente einnehmen, wird empfohlen, eine vollst\u00e4ndige Liste aller von Ihnen konsumierten Medikamente anzugeben. Sei es verschreibungspflichtige \/ nicht verschreibungspflichtige Medikamente oder pflanzliche Heilmittel. Ein Facharzt sollte beurteilen und beraten, ob die Anwendung mit Modafinil-Medikamenten sicher ist.<\/p>\n<p>Personen mit einer bekannten Allergie gegen Modafinil oder ein eugeroisches Medikament sollte kein Modfil 200 mg-Medikament verschrieben werden.<\/p>\n<p>Schwangeren und stillenden M\u00fcttern wird dringend empfohlen, kein Eugeroikum zu verwenden. Wenn es notwendig ist, sollte ein Arzt den bekannten m\u00f6glichen Schaden oder Nutzen und Nutzen besprechen, bevor er Modfil \u201eSmart Drug\u201c einnimmt.<\/p>\n<p>Modfil funktioniert gut mit Lebensmitteln, aber bestimmte Lebensmittel k\u00f6nnen den Wirkungseintritt verz\u00f6gern. Das Mischen mit Alkohol wird nicht empfohlen. Es kann das m\u00f6gliche Risiko beispielloser negativer Auswirkungen wie Schl\u00e4frigkeit, Beeintr\u00e4chtigung des Urteilsverm\u00f6gens und Schwindel erh\u00f6hen.<\/p>\n<p>Modfil 200 mg Wechselwirkungen mit anderen Medikamenten umfassen:<\/p>\n<div class=\"su-divider su-divider-style-default\" style=\"margin:10px 0;border-width:3px;border-color:#ffffff00\"><a href=\"#\" style=\"color:#ffffff009\">.<\/a><\/div>\n<ul>\n<li>CYP3A4 \/ 5 & CYP2C19-Substrate;<\/li>\n<li>Warfarin;<\/li>\n<li>MAO-Inhibitoren;<\/li>\n<li>Antibabypillen;<\/li>\n<li>ZNS-Stimulanzien und andere.<\/li>\n<\/ul>\n<div class=\"su-divider su-divider-style-default\" style=\"margin:10px 0;border-width:3px;border-color:#ffffff00\"><a href=\"#\" style=\"color:#ffffff009\">.<\/a><\/div>\nEs ist auch notwendig, Ihren Arzt \u00fcber Ihren Gesundheitszustand zu informieren. Modfil kann Wechselwirkungen mit anderen Krankheiten verursachen. Bemerkenswerte Wechselwirkungen mit Modafinil-Erkrankungen umfassen Leber, Nieren, Herzprobleme, Krampfanf\u00e4lle usw. Konsultieren Sie vor der Einnahme von Modfil oder einem eugeroischen \/ nootropen Arzneimittel einen Arzt.<\/p>\n<div class=\"su-divider su-divider-style-default\" style=\"margin:10px 0;border-width:3px;border-color:#ffffff00\"><a href=\"#\" style=\"color:#ffffff009\">.<\/a><\/div>\n<h2><strong>Kaufen Sie generisches Modfil 200mg (Modafinil) online<\/strong><\/h2>\n<div class=\"su-divider su-divider-style-default\" style=\"margin:10px 0;border-width:3px;border-color:#ffffff00\"><a href=\"#\" style=\"color:#ffffff009\">.<\/a><\/div>\nNeugierig auf den besten Ort, um die meisten der Welt zu kaufen<a href=\"https:\/\/buymodafinilonline.com\/smart-drugs-bestsellers\/\"> beliebt nootropic online<\/a> ? BuyModafinilOnline ist der beste Ort, um billiges Modafinil zu kaufen, da wir Ihrer Gesundheit Priorit\u00e4t einr\u00e4umen, indem wir hochwertige Nootropika von zugelassenen Herstellern beziehen und zum Herstellungspreis anbieten.<\/p>\n<p>Sie k\u00f6nnen generisches Modfil ohne Rezept in unserer E-Apotheke bestellen. Nicht jede E-Apotheke ist echt. Es ist nicht illegal zu<a href=\"https:\/\/buymodafinilonline.com\/smart-drugs-brands\/\"> Nootropika online kaufen<\/a> Sie sollten sich jedoch der Risiken bewusst sein, die mit dem Kauf in betr\u00fcgerischen Online-Drogerien verbunden sind.<\/p>\n<p>Wir bieten<a href=\"https:\/\/buymodafinilonline.com\/free-trial\/\"> kostenlose Probeproben von Modafinil & Armodafinil<\/a> . Holen Sie sie sich kostenlos und testen Sie die Wirksamkeit und Sicherheit der von uns angebotenen Medikamente.<\/p>\n<p>Wir akzeptieren verschiedene<a href=\"https:\/\/buymodafinilonline.com\/billing-credit-card-faq\/\"> Zahlungsarten<\/a> , einschlie\u00dflich g\u00e4ngiger Kreditkarten, Zelle, PayPal und Bitcoin. Wenn <a href=\"https:\/\/buymodafinilonline.com\/de\/mit-bitcoin-zahlen-33-rabatt-erhalten\/\">Sie Bitcoin als Ihre bevorzugte Zahlungsmethode verwenden<\/a>, erhalten Sie 23% Rabatt auf Ihre Gesamtkosten.<\/p>\n<p>Wir empfehlen Ihnen, unsere preisreduzierenden Erfahrungen zu nutzen, wie z<a href=\"https:\/\/buymodafinilonline.com\/coupons-deals-promo-codes\/\"> Gutscheine, Angebote und Gutscheincodes<\/a> . Au\u00dferdem erhalten Sie unser exklusives w\u00f6chentliches Angebot von 300 Pillen der beliebtesten generischen Modafinil-Marke f\u00fcr nur 0,99 USD pro Pille.<\/p>\n<p>Bei Bestellungen \u00fcber 80 US-Dollar erhalten Sie bei allen Eink\u00e4ufen ab 150 US-Dollar einen kostenlosen Versand per Einschreiben oder Express. Unser<a href=\"https:\/\/buymodafinilonline.com\/de\/besten-modafinil-lieferanten-deutschland\/\"> Versand<\/a> ist ultraschnell und wir bieten eine<a href=\"https:\/\/buymodafinilonline.com\/refund-reshipment\/\"> volle R\u00fcckerstattung oder R\u00fccksendung<\/a> wenn Ihr Paket im Zoll stecken bleibt.<\/p>\n<div class=\"su-divider su-divider-style-default\" style=\"margin:10px 0;border-width:3px;border-color:#ffffff00\"><a href=\"#\" style=\"color:#ffffff009\">.<\/a><\/div>\n[\/vc_column]\n<div class=\"su-divider su-divider-style-default\" style=\"margin:10px 0;border-width:3px;border-color:#ffffff00\"><a href=\"#\" style=\"color:#ffffff009\">.<\/a><\/div>\n","protected":false},"excerpt":{"rendered":"<p>Modfil 200 mg enth\u00e4lt Modafinil als Wirkstoff. Es wird von Psyco Remedies Ltd in einer gro\u00dfen Industriestadt in Punjab, Indien, hergestellt. Dieses Medikament wird zur Behandlung von Schlafst\u00f6rungen sowie zur Steigerung der Produktivit\u00e4t und kognitiven Verbesserung eingesetzt. Holen Sie sich dieses Medikament zu Herstellungskosten bei uns, da wir es direkt vom Hersteller beziehen. Genie\u00dfen Sie kostenlose Testproben von Modafinil- und Armodafinil-Pillen und nutzen Sie Gutscheincodes und Rabatte, um die Gesamtkosten f\u00fcr \u201eSmart Drug\u201c zu senken!<\/p>\n[sc name=\"s1\"]\n","protected":false},"featured_media":398189,"comment_status":"open","ping_status":"closed","template":"","meta":{"_acf_changed":false},"product_brand":[],"product_cat":[3786],"product_tag":[4014],"class_list":{"0":"post-409055","1":"product","2":"type-product","3":"status-publish","4":"has-post-thumbnail","6":"product_cat-smart-drugs-brands","7":"product_tag-modafinil-de","9":"first","10":"instock","11":"sale","12":"shipping-taxable","13":"purchasable","14":"product-type-variable","15":"has-default-attributes"},"acf":[],"yoast_head":"<!-- This site is optimized with the Yoast SEO Premium plugin v23.6 (Yoast SEO v27.5) - https:\/\/yoast.com\/product\/yoast-seo-premium-wordpress\/ -->\n<title>Kaufen Sie Modfil 200 MG (Modafinil) Medikamente zu einem g\u00fcnstigen Preis - BuyModafinilOnline<\/title>\n<meta name=\"description\" content=\"Bestellen Sie Modfil 200 mg Tabletten online beim Hersteller von Psyco Remedies Ltd. Kaufen Sie Modfil 200 mg (Modafinil) ohne Rezept in der BuyModafinilOnline-Apotheke. Zahlen Sie mit PayPal, Kreditkarte oder BTC und erhalten Sie gro\u00dfe Rabatte!\" \/>\n<meta name=\"robots\" content=\"index, follow, max-snippet:-1, max-image-preview:large, max-video-preview:-1\" \/>\n<link rel=\"canonical\" href=\"https:\/\/buymodafinilonline.com\/de\/smarte-medikamente\/modfil-200-mg\/\" \/>\n<meta property=\"og:locale\" content=\"de_DE\" \/>\n<meta property=\"og:type\" content=\"article\" \/>\n<meta property=\"og:title\" content=\"Modfil 200 MG\" \/>\n<meta property=\"og:description\" content=\"Bestellen Sie Modfil 200 mg Tabletten online beim Hersteller von Psyco Remedies Ltd. Kaufen Sie Modfil 200 mg (Modafinil) ohne Rezept in der BuyModafinilOnline-Apotheke. Zahlen Sie mit PayPal, Kreditkarte oder BTC und erhalten Sie gro\u00dfe Rabatte!\" \/>\n<meta property=\"og:url\" content=\"https:\/\/buymodafinilonline.com\/de\/smarte-medikamente\/modfil-200-mg\/\" \/>\n<meta property=\"og:site_name\" content=\"BuyModafinilOnline.com\" \/>\n<meta property=\"article:modified_time\" content=\"2025-04-28T10:37:09+00:00\" \/>\n<meta property=\"og:image\" content=\"https:\/\/buymodafinilonline.com\/wp-content\/uploads\/2020\/04\/bmo-product-modfil-200-mg.png\" \/>\n\t<meta property=\"og:image:width\" content=\"1280\" \/>\n\t<meta property=\"og:image:height\" content=\"1500\" \/>\n\t<meta property=\"og:image:type\" content=\"image\/png\" \/>\n<meta name=\"twitter:label1\" content=\"Gesch\u00e4tzte Lesezeit\" \/>\n\t<meta name=\"twitter:data1\" content=\"5\u00a0Minuten\" \/>\n<script type=\"application\/ld+json\" class=\"yoast-schema-graph\">{\"@context\":\"https:\\\/\\\/schema.org\",\"@graph\":[{\"@type\":\"WebPage\",\"@id\":\"https:\\\/\\\/buymodafinilonline.com\\\/de\\\/smarte-medikamente\\\/modfil-200-mg\\\/\",\"url\":\"https:\\\/\\\/buymodafinilonline.com\\\/de\\\/smarte-medikamente\\\/modfil-200-mg\\\/\",\"name\":\"Kaufen Sie Modfil 200 MG (Modafinil) Medikamente zu einem g\u00fcnstigen Preis - BuyModafinilOnline\",\"isPartOf\":{\"@id\":\"https:\\\/\\\/buymodafinilonline.com\\\/de\\\/#website\"},\"primaryImageOfPage\":{\"@id\":\"https:\\\/\\\/buymodafinilonline.com\\\/de\\\/smarte-medikamente\\\/modfil-200-mg\\\/#primaryimage\"},\"image\":{\"@id\":\"https:\\\/\\\/buymodafinilonline.com\\\/de\\\/smarte-medikamente\\\/modfil-200-mg\\\/#primaryimage\"},\"thumbnailUrl\":\"https:\\\/\\\/buymodafinilonline.com\\\/wp-content\\\/uploads\\\/2020\\\/04\\\/bmo-product-modfil-200-mg.png\",\"datePublished\":\"2020-04-18T18:46:49+00:00\",\"dateModified\":\"2025-04-28T10:37:09+00:00\",\"description\":\"Bestellen Sie Modfil 200 mg Tabletten online beim Hersteller von Psyco Remedies Ltd. Kaufen Sie Modfil 200 mg (Modafinil) ohne Rezept in der BuyModafinilOnline-Apotheke. Zahlen Sie mit PayPal, Kreditkarte oder BTC und erhalten Sie gro\u00dfe Rabatte!\",\"breadcrumb\":{\"@id\":\"https:\\\/\\\/buymodafinilonline.com\\\/de\\\/smarte-medikamente\\\/modfil-200-mg\\\/#breadcrumb\"},\"inLanguage\":\"de\",\"potentialAction\":[{\"@type\":\"ReadAction\",\"target\":[\"https:\\\/\\\/buymodafinilonline.com\\\/de\\\/smarte-medikamente\\\/modfil-200-mg\\\/\"]}]},{\"@type\":\"ImageObject\",\"inLanguage\":\"de\",\"@id\":\"https:\\\/\\\/buymodafinilonline.com\\\/de\\\/smarte-medikamente\\\/modfil-200-mg\\\/#primaryimage\",\"url\":\"https:\\\/\\\/buymodafinilonline.com\\\/wp-content\\\/uploads\\\/2020\\\/04\\\/bmo-product-modfil-200-mg.png\",\"contentUrl\":\"https:\\\/\\\/buymodafinilonline.com\\\/wp-content\\\/uploads\\\/2020\\\/04\\\/bmo-product-modfil-200-mg.png\",\"width\":1280,\"height\":1500,\"caption\":\"Modfil 200 mg\"},{\"@type\":\"BreadcrumbList\",\"@id\":\"https:\\\/\\\/buymodafinilonline.com\\\/de\\\/smarte-medikamente\\\/modfil-200-mg\\\/#breadcrumb\",\"itemListElement\":[{\"@type\":\"ListItem\",\"position\":1,\"name\":\"Buy Modafinil Online\",\"item\":\"https:\\\/\\\/buymodafinilonline.com\\\/de\\\/\"},{\"@type\":\"ListItem\",\"position\":2,\"name\":\"Shop\",\"item\":\"https:\\\/\\\/buymodafinilonline.com\\\/de\\\/shop-2\\\/\"},{\"@type\":\"ListItem\",\"position\":3,\"name\":\"Smart Drugs Brands\",\"item\":\"https:\\\/\\\/buymodafinilonline.com\\\/de\\\/produkt-kategorie\\\/smart-drugs-brands\\\/\"},{\"@type\":\"ListItem\",\"position\":4,\"name\":\"Modfil 200 MG\"}]},{\"@type\":\"WebSite\",\"@id\":\"https:\\\/\\\/buymodafinilonline.com\\\/de\\\/#website\",\"url\":\"https:\\\/\\\/buymodafinilonline.com\\\/de\\\/\",\"name\":\"BuyModafinilOnline.com\",\"description\":\"Modafinil Online Pharmacy\",\"publisher\":{\"@id\":\"https:\\\/\\\/buymodafinilonline.com\\\/de\\\/#organization\"},\"potentialAction\":[{\"@type\":\"SearchAction\",\"target\":{\"@type\":\"EntryPoint\",\"urlTemplate\":\"https:\\\/\\\/buymodafinilonline.com\\\/de\\\/?s={search_term_string}\"},\"query-input\":{\"@type\":\"PropertyValueSpecification\",\"valueRequired\":true,\"valueName\":\"search_term_string\"}}],\"inLanguage\":\"de\"},{\"@type\":\"Organization\",\"@id\":\"https:\\\/\\\/buymodafinilonline.com\\\/de\\\/#organization\",\"name\":\"BuyModafinilOnline\",\"url\":\"https:\\\/\\\/buymodafinilonline.com\\\/de\\\/\",\"logo\":{\"@type\":\"ImageObject\",\"inLanguage\":\"de\",\"@id\":\"https:\\\/\\\/buymodafinilonline.com\\\/de\\\/#\\\/schema\\\/logo\\\/image\\\/\",\"url\":\"https:\\\/\\\/buymodafinilonline.com\\\/wp-content\\\/uploads\\\/2020\\\/04\\\/logo-buy-modafinil-online-yellow.png\",\"contentUrl\":\"https:\\\/\\\/buymodafinilonline.com\\\/wp-content\\\/uploads\\\/2020\\\/04\\\/logo-buy-modafinil-online-yellow.png\",\"width\":200,\"height\":200,\"caption\":\"BuyModafinilOnline\"},\"image\":{\"@id\":\"https:\\\/\\\/buymodafinilonline.com\\\/de\\\/#\\\/schema\\\/logo\\\/image\\\/\"}}]}<\/script>\n<!-- \/ Yoast SEO Premium plugin. -->","yoast_head_json":{"title":"Kaufen Sie Modfil 200 MG (Modafinil) Medikamente zu einem g\u00fcnstigen Preis - BuyModafinilOnline","description":"Bestellen Sie Modfil 200 mg Tabletten online beim Hersteller von Psyco Remedies Ltd. Kaufen Sie Modfil 200 mg (Modafinil) ohne Rezept in der BuyModafinilOnline-Apotheke. Zahlen Sie mit PayPal, Kreditkarte oder BTC und erhalten Sie gro\u00dfe Rabatte!","robots":{"index":"index","follow":"follow","max-snippet":"max-snippet:-1","max-image-preview":"max-image-preview:large","max-video-preview":"max-video-preview:-1"},"canonical":"https:\/\/buymodafinilonline.com\/de\/smarte-medikamente\/modfil-200-mg\/","og_locale":"de_DE","og_type":"article","og_title":"Modfil 200 MG","og_description":"Bestellen Sie Modfil 200 mg Tabletten online beim Hersteller von Psyco Remedies Ltd. Kaufen Sie Modfil 200 mg (Modafinil) ohne Rezept in der BuyModafinilOnline-Apotheke. Zahlen Sie mit PayPal, Kreditkarte oder BTC und erhalten Sie gro\u00dfe Rabatte!","og_url":"https:\/\/buymodafinilonline.com\/de\/smarte-medikamente\/modfil-200-mg\/","og_site_name":"BuyModafinilOnline.com","article_modified_time":"2025-04-28T10:37:09+00:00","og_image":[{"width":1280,"height":1500,"url":"https:\/\/buymodafinilonline.com\/wp-content\/uploads\/2020\/04\/bmo-product-modfil-200-mg.png","type":"image\/png"}],"twitter_misc":{"Gesch\u00e4tzte Lesezeit":"5\u00a0Minuten"},"schema":{"@context":"https:\/\/schema.org","@graph":[{"@type":"WebPage","@id":"https:\/\/buymodafinilonline.com\/de\/smarte-medikamente\/modfil-200-mg\/","url":"https:\/\/buymodafinilonline.com\/de\/smarte-medikamente\/modfil-200-mg\/","name":"Kaufen Sie Modfil 200 MG (Modafinil) Medikamente zu einem g\u00fcnstigen Preis - BuyModafinilOnline","isPartOf":{"@id":"https:\/\/buymodafinilonline.com\/de\/#website"},"primaryImageOfPage":{"@id":"https:\/\/buymodafinilonline.com\/de\/smarte-medikamente\/modfil-200-mg\/#primaryimage"},"image":{"@id":"https:\/\/buymodafinilonline.com\/de\/smarte-medikamente\/modfil-200-mg\/#primaryimage"},"thumbnailUrl":"https:\/\/buymodafinilonline.com\/wp-content\/uploads\/2020\/04\/bmo-product-modfil-200-mg.png","datePublished":"2020-04-18T18:46:49+00:00","dateModified":"2025-04-28T10:37:09+00:00","description":"Bestellen Sie Modfil 200 mg Tabletten online beim Hersteller von Psyco Remedies Ltd. Kaufen Sie Modfil 200 mg (Modafinil) ohne Rezept in der BuyModafinilOnline-Apotheke. Zahlen Sie mit PayPal, Kreditkarte oder BTC und erhalten Sie gro\u00dfe Rabatte!","breadcrumb":{"@id":"https:\/\/buymodafinilonline.com\/de\/smarte-medikamente\/modfil-200-mg\/#breadcrumb"},"inLanguage":"de","potentialAction":[{"@type":"ReadAction","target":["https:\/\/buymodafinilonline.com\/de\/smarte-medikamente\/modfil-200-mg\/"]}]},{"@type":"ImageObject","inLanguage":"de","@id":"https:\/\/buymodafinilonline.com\/de\/smarte-medikamente\/modfil-200-mg\/#primaryimage","url":"https:\/\/buymodafinilonline.com\/wp-content\/uploads\/2020\/04\/bmo-product-modfil-200-mg.png","contentUrl":"https:\/\/buymodafinilonline.com\/wp-content\/uploads\/2020\/04\/bmo-product-modfil-200-mg.png","width":1280,"height":1500,"caption":"Modfil 200 mg"},{"@type":"BreadcrumbList","@id":"https:\/\/buymodafinilonline.com\/de\/smarte-medikamente\/modfil-200-mg\/#breadcrumb","itemListElement":[{"@type":"ListItem","position":1,"name":"Buy Modafinil Online","item":"https:\/\/buymodafinilonline.com\/de\/"},{"@type":"ListItem","position":2,"name":"Shop","item":"https:\/\/buymodafinilonline.com\/de\/shop-2\/"},{"@type":"ListItem","position":3,"name":"Smart Drugs Brands","item":"https:\/\/buymodafinilonline.com\/de\/produkt-kategorie\/smart-drugs-brands\/"},{"@type":"ListItem","position":4,"name":"Modfil 200 MG"}]},{"@type":"WebSite","@id":"https:\/\/buymodafinilonline.com\/de\/#website","url":"https:\/\/buymodafinilonline.com\/de\/","name":"BuyModafinilOnline.com","description":"Modafinil Online Pharmacy","publisher":{"@id":"https:\/\/buymodafinilonline.com\/de\/#organization"},"potentialAction":[{"@type":"SearchAction","target":{"@type":"EntryPoint","urlTemplate":"https:\/\/buymodafinilonline.com\/de\/?s={search_term_string}"},"query-input":{"@type":"PropertyValueSpecification","valueRequired":true,"valueName":"search_term_string"}}],"inLanguage":"de"},{"@type":"Organization","@id":"https:\/\/buymodafinilonline.com\/de\/#organization","name":"BuyModafinilOnline","url":"https:\/\/buymodafinilonline.com\/de\/","logo":{"@type":"ImageObject","inLanguage":"de","@id":"https:\/\/buymodafinilonline.com\/de\/#\/schema\/logo\/image\/","url":"https:\/\/buymodafinilonline.com\/wp-content\/uploads\/2020\/04\/logo-buy-modafinil-online-yellow.png","contentUrl":"https:\/\/buymodafinilonline.com\/wp-content\/uploads\/2020\/04\/logo-buy-modafinil-online-yellow.png","width":200,"height":200,"caption":"BuyModafinilOnline"},"image":{"@id":"https:\/\/buymodafinilonline.com\/de\/#\/schema\/logo\/image\/"}}]}},"_links":{"self":[{"href":"https:\/\/buymodafinilonline.com\/de\/wp-json\/wp\/v2\/product\/409055","targetHints":{"allow":["GET"]}}],"collection":[{"href":"https:\/\/buymodafinilonline.com\/de\/wp-json\/wp\/v2\/product"}],"about":[{"href":"https:\/\/buymodafinilonline.com\/de\/wp-json\/wp\/v2\/types\/product"}],"replies":[{"embeddable":true,"href":"https:\/\/buymodafinilonline.com\/de\/wp-json\/wp\/v2\/comments?post=409055"}],"wp:featuredmedia":[{"embeddable":true,"href":"https:\/\/buymodafinilonline.com\/de\/wp-json\/wp\/v2\/media\/398189"}],"wp:attachment":[{"href":"https:\/\/buymodafinilonline.com\/de\/wp-json\/wp\/v2\/media?parent=409055"}],"wp:term":[{"taxonomy":"product_brand","embeddable":true,"href":"https:\/\/buymodafinilonline.com\/de\/wp-json\/wp\/v2\/product_brand?post=409055"},{"taxonomy":"product_cat","embeddable":true,"href":"https:\/\/buymodafinilonline.com\/de\/wp-json\/wp\/v2\/product_cat?post=409055"},{"taxonomy":"product_tag","embeddable":true,"href":"https:\/\/buymodafinilonline.com\/de\/wp-json\/wp\/v2\/product_tag?post=409055"}],"curies":[{"name":"wp","href":"https:\/\/api.w.org\/{rel}","templated":true}]}}