{"id":409211,"date":"2020-04-18T20:00:03","date_gmt":"2020-04-18T19:00:03","guid":{"rendered":"https:\/\/buymodafinilonline.com\/smart-drugs\/armod-150-mg\/"},"modified":"2025-04-28T11:42:01","modified_gmt":"2025-04-28T10:42:01","slug":"armod-150-mg","status":"publish","type":"product","link":"https:\/\/buymodafinilonline.com\/de\/smarte-medikamente\/armod-150-mg\/","title":{"rendered":"Armod 150 MG"},"content":{"rendered":"[vc_column width=&#8221;1\/2&#8243;]\n<h2>Was ist Armod 150 mg?<\/h2>\n<div class=\"su-divider su-divider-style-default\" style=\"margin:10px 0;border-width:3px;border-color:#ffffff00\"><a href=\"#\" style=\"color:#ffffff009\">.<\/a><\/div>\nArmod 150 mg wird mit dem weltweit sicheren Wirkstoff Armodafinil hergestellt &#8211; einer st\u00e4rkeren Substanz als<a href=\"https:\/\/buymodafinilonline.com\/de\/die-wahrheit-ueber-modafinil\/\"> Modafinil<\/a> mit besseren Wachheitseffekten.<\/p>\n<p>Armodafinil ist als sicheres Mittel gegen Schlafst\u00f6rungen aufgrund von obstruktivem Schlafapnoe \/ Hypopnoe-Syndrom (OSAHS), Narkolepsie und Schichtarbeitsschlafst\u00f6rung (SWSD) zugelassen.<\/p>\n<p>Seine Wirkungsweise im K\u00f6rper hilft dem Patienten, wach zu bleiben, und verringert die Neigung, tags\u00fcber oder bei der Arbeit einzuschlafen, wodurch der normale Schlafzyklus wiederhergestellt wird. Es moduliert den Gehalt an chemischen Botenstoffen im Gehirn (Dopamin, Histamin und Orexin) und \u00fcbt eine stimulierende Wirkung aus, um extreme Schl\u00e4frigkeit zu reduzieren und die kognitiven Funktionen zu verbessern.<\/p>\n<p>Es wird auch off-label zur Behandlung anderer Gesundheitsprobleme wie Aufmerksamkeitsdefizit-Hyperaktivit\u00e4tsst\u00f6rung (ADHS), Depression und kognitiver Beeintr\u00e4chtigung verwendet. Armod ist als \u201eintelligente Droge\u201c bekannt und eignet sich am besten f\u00fcr Produktivit\u00e4t und kognitive Verbesserung. Es erh\u00f6ht den mentalen Fokus und hilft, dem Schlaf auszuweichen. Seine Eigenschaften ziehen Astronauten, Piloten, Milit\u00e4rangeh\u00f6rige, Studenten, Fachleute und F\u00fchrungskr\u00e4fte aus den Bereichen Unternehmen und Technologie an.<\/p>\n<div class=\"su-divider su-divider-style-default\" style=\"margin:10px 0;border-width:3px;border-color:#ffffff00\"><a href=\"#\" style=\"color:#ffffff009\">.<\/a><\/div>\n<h2><strong>Sichere Dosierung und richtige Anwendung<\/strong><\/h2>\n<div class=\"su-divider su-divider-style-default\" style=\"margin:10px 0;border-width:3px;border-color:#ffffff00\"><a href=\"#\" style=\"color:#ffffff009\">.<\/a><\/div>\nVor der Einnahme dieses Arzneimittels wird empfohlen, einen Arzt zu konsultieren, um Ihre Gesundheit zu beurteilen. Armod 150 mg ist die empfohlene Tagesdosis, die gem\u00e4\u00df den Anweisungen des Arztes angewendet wird. Es wird nur einmal t\u00e4glich eingenommen. \u00dcberschreiten Sie nicht die empfohlene Dosierung. Wenn Sie es off-label verwenden, wenden Sie sich am besten zuerst an einen Facharzt, um festzustellen, ob es f\u00fcr Ihre Endbed\u00fcrfnisse am besten geeignet ist.<\/p>\n<p>Bei SWSD sollte die Vorbereitung auf die Arbeit eine Stunde fr\u00fcher erfolgen. Als Heilmittel gegen ASS und Narkolepsie sollte es morgens verschreibungspflichtig als Einzeldosis verabreicht werden.<\/p>\n<p>F\u00fcr die richtige Dosierung als Ganzes schlucken. Kauen, brechen oder zerdr\u00fccken Sie es nicht. Armod 150 mg Tablette kann mit oder ohne Nahrung eingenommen werden.<\/p>\n<div class=\"su-divider su-divider-style-default\" style=\"margin:10px 0;border-width:3px;border-color:#ffffff00\"><a href=\"#\" style=\"color:#ffffff009\">.<\/a><\/div>\n<h2><strong>M\u00f6gliche Nebenwirkungen<\/strong><\/h2>\n<div class=\"su-divider su-divider-style-default\" style=\"margin:10px 0;border-width:3px;border-color:#ffffff00\"><a href=\"#\" style=\"color:#ffffff009\">.<\/a><\/div>\nDieses Medikament ist ein Psychostimulans (ohne negative Auswirkungen, die bei herk\u00f6mmlichen Psychostimulanzien \u00fcblich sind). Um das Auftreten von Nebenwirkungen zu minimieren, halten Sie sich am besten an den Rat des Arztes und an die in der Packungsbeilage angegebene Verschreibung. Wie jedes Medikament ist Armod jedoch eines der \u201eweltweit ersten sicheren intelligenten Medikamente\u201c, das je nach Gesundheit und Dosierung weniger nachteilige Auswirkungen hat.<\/p>\n<p>H\u00e4ufige negative Auswirkungen von Armod sind:<\/p>\n<div class=\"su-divider su-divider-style-default\" style=\"margin:10px 0;border-width:3px;border-color:#ffffff00\"><a href=\"#\" style=\"color:#ffffff009\">.<\/a><\/div>\n<ul>\n<li>\u00dcbelkeit;<\/li>\n<li>Kopfschmerzen;<\/li>\n<li>Schwindel;<\/li>\n<li>Schlaflosigkeit (Schlafst\u00f6rungen).<\/li>\n<\/ul>\n<div class=\"su-divider su-divider-style-default\" style=\"margin:10px 0;border-width:3px;border-color:#ffffff00\"><a href=\"#\" style=\"color:#ffffff009\">.<\/a><\/div>\nSeltene, aber schwerwiegendere negative Auswirkungen k\u00f6nnen sein:<\/p>\n<div class=\"su-divider su-divider-style-default\" style=\"margin:10px 0;border-width:3px;border-color:#ffffff00\"><a href=\"#\" style=\"color:#ffffff009\">.<\/a><\/div>\n<ul>\n<li>\u00dcberempfindlichkeit;<\/li>\n<li>Fieber und Sch\u00fcttelfrost;<\/li>\n<li>Verwirrung, Selbstmordgedanken;<\/li>\n<li>ungew\u00f6hnliche M\u00fcdigkeit und Schw\u00e4che;<\/li>\n<li>Brustschmerzen.<\/li>\n<\/ul>\n<div class=\"su-divider su-divider-style-default\" style=\"margin:10px 0;border-width:3px;border-color:#ffffff00\"><a href=\"#\" style=\"color:#ffffff009\">.<\/a><\/div>\n[\/vc_column][vc_column width=&#8221;1\/2&#8243;]\n<div class=\"su-divider su-divider-style-default\" style=\"margin:10px 0;border-width:3px;border-color:#ffffff00\"><a href=\"#\" style=\"color:#ffffff009\">.<\/a><\/div>\nDies ist keine vollst\u00e4ndige Liste m\u00f6glicher negativer Auswirkungen. Fahren Sie nicht und tun Sie nichts, was mentalen Fokus (oder schwere Maschinen) erfordert, da dies zu Schl\u00e4frigkeit und Schwindel f\u00fchren kann.<\/p>\n<p>Diese nachteiligen Auswirkungen sind jedoch nur von kurzer Dauer und klingen in der Regel von selbst ab. Bitte wenden Sie sich an Ihren Facharzt, wenn diese Sie st\u00f6ren oder nicht nachlassen.<\/p>\n<div class=\"su-divider su-divider-style-default\" style=\"margin:10px 0;border-width:3px;border-color:#ffffff00\"><a href=\"#\" style=\"color:#ffffff009\">.<\/a><\/div>\n<h2><strong>Gegenanzeigen und Vorsichtsma\u00dfnahmen<\/strong><\/h2>\n<div class=\"su-divider su-divider-style-default\" style=\"margin:10px 0;border-width:3px;border-color:#ffffff00\"><a href=\"#\" style=\"color:#ffffff009\">.<\/a><\/div>\nSofern nicht erforderlich, wird Armod 150 mg nicht zur Anwendung bei schwangeren Frauen oder beim Stillen empfohlen. Die Verwendung von Armod mit Alkohol wird nicht empfohlen. Es kann das Risiko von Schl\u00e4frigkeit, Urteilsst\u00f6rungen und Schwindel erh\u00f6hen.<\/p>\n<p>Alle Medikamente interagieren von Person zu Person unterschiedlich. Mischen Sie Armod 150 mg nicht mit anderen Modafinil- oder Armodafinil-Medikamenten. Es ist sehr sicher, es alleine zu nehmen. Sie sollten alle m\u00f6glichen Wechselwirkungen mit Ihrem Arzt \u00fcberpr\u00fcfen, bevor Sie mit der Einnahme von Medikamenten beginnen.<\/p>\n<p>Armodafinil interagiert mit Medikamenten wie:<\/p>\n<div class=\"su-divider su-divider-style-default\" style=\"margin:10px 0;border-width:3px;border-color:#ffffff00\"><a href=\"#\" style=\"color:#ffffff009\">.<\/a><\/div>\n<ul>\n<li>Citalopram;<\/li>\n<li>Ranolazin;<\/li>\n<li>Fentanyl;<\/li>\n<li>Clopidogrel;<\/li>\n<li>Levomethadylacetat und andere.<\/li>\n<\/ul>\n<div class=\"su-divider su-divider-style-default\" style=\"margin:10px 0;border-width:3px;border-color:#ffffff00\"><a href=\"#\" style=\"color:#ffffff009\">.<\/a><\/div>\nFragen Sie Ihren Arzt nach allen m\u00f6glichen Wechselwirkungen von Armod 150 mg oder einem Nootropikum, das Sie einnehmen. Krankheitsinteraktionen k\u00f6nnen auftreten. Lassen Sie Ihren Arzt Ihre Gesundheit auf m\u00f6gliche Krankheiten wie Leber-, Nieren- oder Herzprobleme und andere untersuchen.<\/p>\n<div class=\"su-divider su-divider-style-default\" style=\"margin:10px 0;border-width:3px;border-color:#ffffff00\"><a href=\"#\" style=\"color:#ffffff009\">.<\/a><\/div>\n<h2><strong>Kaufen Sie Generic Armod 150mg (Armodafinil) online<\/strong><\/h2>\n<div class=\"su-divider su-divider-style-default\" style=\"margin:10px 0;border-width:3px;border-color:#ffffff00\"><a href=\"#\" style=\"color:#ffffff009\">.<\/a><\/div>\nDieses Medikament ist sicher und gut vertr\u00e4glich. Als Generikum wird es aus indischen gro\u00dfen Pharmaunternehmen hergestellt, die ein h\u00f6heres Arzneimittelsicherheitsprofil aufweisen.<\/p>\n<p>Generika sind extrem g\u00fcnstig bei<a href=\"https:\/\/buymodafinilonline.com\/de\/\"> BuyModafinilOnline E-Drogerie<\/a> wie wir beschaffen \u201c<a href=\"https:\/\/buymodafinilonline.com\/smart-drugs-bestsellers\/\"> intelligente Drogen<\/a> \u201dVon zugelassenen Herstellern und bieten sie zu Herstellungskosten an. Bestenfalls bieten wir auch an<a href=\"https:\/\/buymodafinilonline.com\/de\/smarte-medikamente\/kostenlose-modalert-200-mg-modafinil-proben\/\"> kostenlose Testversionen von Modalert<\/a> und<a href=\"https:\/\/buymodafinilonline.com\/de\/smarte-medikamente\/kostenlose-armodafinil-proben-artvigil-150-mg\/\"> Artvigil<\/a> . Holen Sie sich Armod 150 mg oder ein anderes sicheres \u201eintelligentes Medikament\u201c (<a href=\"https:\/\/buymodafinilonline.com\/de\/smarte-medikamente\/waklert-150-mg-tablets\/\"> Waklert<\/a> ,<a href=\"https:\/\/buymodafinilonline.com\/de\/smarte-medikamente\/modvigil-200-mg\/\"> Modvigil<\/a> ,<a href=\"https:\/\/buymodafinilonline.com\/de\/smarte-medikamente\/modafil-200-mg\/\"> Modafil<\/a> usw.) einfach ohne Rezept aus unserer E-Apotheke.<\/p>\n<p>Bestellen Sie unsere hochwertigen Modafinil- und Armodafinil-Tabletten aus den besten indischen Pharmazeutika und sparen Sie mehr Geld, indem Sie Gutscheine, Angebote und Gutscheincodes, Rabatte und Angebote verwenden.<\/p>\n<p>Genie\u00dfen Sie unsere exklusiven<a href=\"https:\/\/buymodafinilonline.com\/de\/besten-modafinil-lieferanten-deutschland\/\"> ultraschneller Versand<\/a> Bei Bestellungen \u00fcber 80 US-Dollar ist die Lieferung kostenlos, wenn Sie f\u00fcr Bestellungen \u00fcber 150 US-Dollar den Versand per Einschreiben oder den kostenlosen Express Mail Service (EMS) verwenden. Es wird direkt von Indien in die meisten Teile der Welt geliefert, mit Ausnahme einiger L\u00e4nder, in die wir nicht versenden.<\/p>\n<p>Im Falle einer fehlgeschlagenen Lieferung bieten wir eine 100% ige R\u00fcckerstattung an oder geben Ihnen eine andere<a href=\"https:\/\/buymodafinilonline.com\/refund-reshipment\/\"> kostenlose Umladung<\/a> . In unserer Online-Apotheke haben Sie nichts zu verlieren. Je mehr Tablets Sie bestellen, desto niedriger ist der Preis!<\/p>\n<p>Wir bieten ausgezeichnete kuratierte<a href=\"https:\/\/buymodafinilonline.com\/billing-credit-card-faq\/\"> Zahlungsm\u00f6glichkeiten<\/a> , einschlie\u00dflich Bitcoin (BTC), PayPal und g\u00e4ngiger Kreditkarten. Und um die Kosten f\u00fcr Ihr smartes Medikament zu senken, sparen Sie 23% der Gesamtkosten, wenn Sie <a href=\"https:\/\/buymodafinilonline.com\/de\/mit-bitcoin-zahlen-33-rabatt-erhalten\/\">mit BTC bezahlen<\/a>!<\/p>\n<div class=\"su-divider su-divider-style-default\" style=\"margin:10px 0;border-width:3px;border-color:#ffffff00\"><a href=\"#\" style=\"color:#ffffff009\">.<\/a><\/div>\n[\/vc_column]\n<div class=\"su-divider su-divider-style-default\" style=\"margin:10px 0;border-width:3px;border-color:#ffffff00\"><a href=\"#\" style=\"color:#ffffff009\">.<\/a><\/div>\n","protected":false},"excerpt":{"rendered":"<p>Armod 150 mg Pille wird verwendet, um die Wachsamkeit aufgrund extremer Schl\u00e4frigkeit am Tag oder Schlafst\u00f6rungen zu f\u00f6rdern. Es wird auch off-label zur Behandlung anderer Gesundheitsprobleme und als Produktivit\u00e4ts- oder kognitiver Verst\u00e4rker verwendet. Es ist sicher und funktioniert gut bei gesunden Personen. Es ist ein starkes Produkt von Emcure Pharmaceuticals Ltd, das Armodafinil 150 mg als Wirkstoff enth\u00e4lt.<\/p>\n<p>Kaufen Sie Armod in unserer E-Apotheke. Wir versenden es direkt vom Hersteller zu den niedrigsten Herstellungskosten!<\/p>\n[sc name=\"s1\"]\n","protected":false},"featured_media":398119,"comment_status":"open","ping_status":"closed","template":"","meta":{"_acf_changed":false},"product_brand":[],"product_cat":[3786],"product_tag":[4950],"class_list":{"0":"post-409211","1":"product","2":"type-product","3":"status-publish","4":"has-post-thumbnail","6":"product_cat-smart-drugs-brands","7":"product_tag-armodafinil-de-2","9":"first","10":"instock","11":"sale","12":"shipping-taxable","13":"purchasable","14":"product-type-variable","15":"has-default-attributes"},"acf":[],"yoast_head":"<!-- This site is optimized with the Yoast SEO Premium plugin v23.6 (Yoast SEO v27.4) - https:\/\/yoast.com\/product\/yoast-seo-premium-wordpress\/ -->\n<title>Kaufen Sie Armod 150 MG (Armodafinil) Tabletten zu einem niedrigen Preis - BuyModafinilOnline<\/title>\n<meta name=\"description\" content=\"Bestellen Sie g\u00fcnstige Armod 150mg Pillen online beim Hersteller von Emcure Pharmaceuticals Ltd. Kaufen Sie Armod 150 mg (Armodafinil) zum besten Preis in der BuyModafinilOnline-Apotheke. Kein Rezept erforderlich!\" \/>\n<meta name=\"robots\" content=\"index, follow, max-snippet:-1, max-image-preview:large, max-video-preview:-1\" \/>\n<link rel=\"canonical\" href=\"https:\/\/buymodafinilonline.com\/de\/smarte-medikamente\/armod-150-mg\/\" \/>\n<meta property=\"og:locale\" content=\"de_DE\" \/>\n<meta property=\"og:type\" content=\"article\" \/>\n<meta property=\"og:title\" content=\"Armod 150 MG\" \/>\n<meta property=\"og:description\" content=\"Bestellen Sie g\u00fcnstige Armod 150mg Pillen online beim Hersteller von Emcure Pharmaceuticals Ltd. Kaufen Sie Armod 150 mg (Armodafinil) zum besten Preis in der BuyModafinilOnline-Apotheke. Kein Rezept erforderlich!\" \/>\n<meta property=\"og:url\" content=\"https:\/\/buymodafinilonline.com\/de\/smarte-medikamente\/armod-150-mg\/\" \/>\n<meta property=\"og:site_name\" content=\"BuyModafinilOnline.com\" \/>\n<meta property=\"article:modified_time\" content=\"2025-04-28T10:42:01+00:00\" \/>\n<meta property=\"og:image\" content=\"https:\/\/buymodafinilonline.com\/wp-content\/uploads\/2020\/04\/bmo-product-armod-150-mg.png\" \/>\n\t<meta property=\"og:image:width\" content=\"1280\" \/>\n\t<meta property=\"og:image:height\" content=\"1500\" \/>\n\t<meta property=\"og:image:type\" content=\"image\/png\" \/>\n<meta name=\"twitter:label1\" content=\"Gesch\u00e4tzte Lesezeit\" \/>\n\t<meta name=\"twitter:data1\" content=\"5\u00a0Minuten\" \/>\n<script type=\"application\/ld+json\" class=\"yoast-schema-graph\">{\"@context\":\"https:\\\/\\\/schema.org\",\"@graph\":[{\"@type\":\"WebPage\",\"@id\":\"https:\\\/\\\/buymodafinilonline.com\\\/de\\\/smarte-medikamente\\\/armod-150-mg\\\/\",\"url\":\"https:\\\/\\\/buymodafinilonline.com\\\/de\\\/smarte-medikamente\\\/armod-150-mg\\\/\",\"name\":\"Kaufen Sie Armod 150 MG (Armodafinil) Tabletten zu einem niedrigen Preis - BuyModafinilOnline\",\"isPartOf\":{\"@id\":\"https:\\\/\\\/buymodafinilonline.com\\\/de\\\/#website\"},\"primaryImageOfPage\":{\"@id\":\"https:\\\/\\\/buymodafinilonline.com\\\/de\\\/smarte-medikamente\\\/armod-150-mg\\\/#primaryimage\"},\"image\":{\"@id\":\"https:\\\/\\\/buymodafinilonline.com\\\/de\\\/smarte-medikamente\\\/armod-150-mg\\\/#primaryimage\"},\"thumbnailUrl\":\"https:\\\/\\\/buymodafinilonline.com\\\/wp-content\\\/uploads\\\/2020\\\/04\\\/bmo-product-armod-150-mg.png\",\"datePublished\":\"2020-04-18T19:00:03+00:00\",\"dateModified\":\"2025-04-28T10:42:01+00:00\",\"description\":\"Bestellen Sie g\u00fcnstige Armod 150mg Pillen online beim Hersteller von Emcure Pharmaceuticals Ltd. Kaufen Sie Armod 150 mg (Armodafinil) zum besten Preis in der BuyModafinilOnline-Apotheke. Kein Rezept erforderlich!\",\"breadcrumb\":{\"@id\":\"https:\\\/\\\/buymodafinilonline.com\\\/de\\\/smarte-medikamente\\\/armod-150-mg\\\/#breadcrumb\"},\"inLanguage\":\"de\",\"potentialAction\":[{\"@type\":\"ReadAction\",\"target\":[\"https:\\\/\\\/buymodafinilonline.com\\\/de\\\/smarte-medikamente\\\/armod-150-mg\\\/\"]}]},{\"@type\":\"ImageObject\",\"inLanguage\":\"de\",\"@id\":\"https:\\\/\\\/buymodafinilonline.com\\\/de\\\/smarte-medikamente\\\/armod-150-mg\\\/#primaryimage\",\"url\":\"https:\\\/\\\/buymodafinilonline.com\\\/wp-content\\\/uploads\\\/2020\\\/04\\\/bmo-product-armod-150-mg.png\",\"contentUrl\":\"https:\\\/\\\/buymodafinilonline.com\\\/wp-content\\\/uploads\\\/2020\\\/04\\\/bmo-product-armod-150-mg.png\",\"width\":1280,\"height\":1500,\"caption\":\"Armod 150 mg\"},{\"@type\":\"BreadcrumbList\",\"@id\":\"https:\\\/\\\/buymodafinilonline.com\\\/de\\\/smarte-medikamente\\\/armod-150-mg\\\/#breadcrumb\",\"itemListElement\":[{\"@type\":\"ListItem\",\"position\":1,\"name\":\"Buy Modafinil Online\",\"item\":\"https:\\\/\\\/buymodafinilonline.com\\\/de\\\/\"},{\"@type\":\"ListItem\",\"position\":2,\"name\":\"Shop\",\"item\":\"https:\\\/\\\/buymodafinilonline.com\\\/de\\\/shop-2\\\/\"},{\"@type\":\"ListItem\",\"position\":3,\"name\":\"Smart Drugs Brands\",\"item\":\"https:\\\/\\\/buymodafinilonline.com\\\/de\\\/produkt-kategorie\\\/smart-drugs-brands\\\/\"},{\"@type\":\"ListItem\",\"position\":4,\"name\":\"Armod 150 MG\"}]},{\"@type\":\"WebSite\",\"@id\":\"https:\\\/\\\/buymodafinilonline.com\\\/de\\\/#website\",\"url\":\"https:\\\/\\\/buymodafinilonline.com\\\/de\\\/\",\"name\":\"BuyModafinilOnline.com\",\"description\":\"Modafinil Online Pharmacy\",\"publisher\":{\"@id\":\"https:\\\/\\\/buymodafinilonline.com\\\/de\\\/#organization\"},\"potentialAction\":[{\"@type\":\"SearchAction\",\"target\":{\"@type\":\"EntryPoint\",\"urlTemplate\":\"https:\\\/\\\/buymodafinilonline.com\\\/de\\\/?s={search_term_string}\"},\"query-input\":{\"@type\":\"PropertyValueSpecification\",\"valueRequired\":true,\"valueName\":\"search_term_string\"}}],\"inLanguage\":\"de\"},{\"@type\":\"Organization\",\"@id\":\"https:\\\/\\\/buymodafinilonline.com\\\/de\\\/#organization\",\"name\":\"BuyModafinilOnline\",\"url\":\"https:\\\/\\\/buymodafinilonline.com\\\/de\\\/\",\"logo\":{\"@type\":\"ImageObject\",\"inLanguage\":\"de\",\"@id\":\"https:\\\/\\\/buymodafinilonline.com\\\/de\\\/#\\\/schema\\\/logo\\\/image\\\/\",\"url\":\"https:\\\/\\\/buymodafinilonline.com\\\/wp-content\\\/uploads\\\/2020\\\/04\\\/logo-buy-modafinil-online-yellow.png\",\"contentUrl\":\"https:\\\/\\\/buymodafinilonline.com\\\/wp-content\\\/uploads\\\/2020\\\/04\\\/logo-buy-modafinil-online-yellow.png\",\"width\":200,\"height\":200,\"caption\":\"BuyModafinilOnline\"},\"image\":{\"@id\":\"https:\\\/\\\/buymodafinilonline.com\\\/de\\\/#\\\/schema\\\/logo\\\/image\\\/\"}}]}<\/script>\n<!-- \/ Yoast SEO Premium plugin. -->","yoast_head_json":{"title":"Kaufen Sie Armod 150 MG (Armodafinil) Tabletten zu einem niedrigen Preis - BuyModafinilOnline","description":"Bestellen Sie g\u00fcnstige Armod 150mg Pillen online beim Hersteller von Emcure Pharmaceuticals Ltd. Kaufen Sie Armod 150 mg (Armodafinil) zum besten Preis in der BuyModafinilOnline-Apotheke. Kein Rezept erforderlich!","robots":{"index":"index","follow":"follow","max-snippet":"max-snippet:-1","max-image-preview":"max-image-preview:large","max-video-preview":"max-video-preview:-1"},"canonical":"https:\/\/buymodafinilonline.com\/de\/smarte-medikamente\/armod-150-mg\/","og_locale":"de_DE","og_type":"article","og_title":"Armod 150 MG","og_description":"Bestellen Sie g\u00fcnstige Armod 150mg Pillen online beim Hersteller von Emcure Pharmaceuticals Ltd. Kaufen Sie Armod 150 mg (Armodafinil) zum besten Preis in der BuyModafinilOnline-Apotheke. Kein Rezept erforderlich!","og_url":"https:\/\/buymodafinilonline.com\/de\/smarte-medikamente\/armod-150-mg\/","og_site_name":"BuyModafinilOnline.com","article_modified_time":"2025-04-28T10:42:01+00:00","og_image":[{"width":1280,"height":1500,"url":"https:\/\/buymodafinilonline.com\/wp-content\/uploads\/2020\/04\/bmo-product-armod-150-mg.png","type":"image\/png"}],"twitter_misc":{"Gesch\u00e4tzte Lesezeit":"5\u00a0Minuten"},"schema":{"@context":"https:\/\/schema.org","@graph":[{"@type":"WebPage","@id":"https:\/\/buymodafinilonline.com\/de\/smarte-medikamente\/armod-150-mg\/","url":"https:\/\/buymodafinilonline.com\/de\/smarte-medikamente\/armod-150-mg\/","name":"Kaufen Sie Armod 150 MG (Armodafinil) Tabletten zu einem niedrigen Preis - BuyModafinilOnline","isPartOf":{"@id":"https:\/\/buymodafinilonline.com\/de\/#website"},"primaryImageOfPage":{"@id":"https:\/\/buymodafinilonline.com\/de\/smarte-medikamente\/armod-150-mg\/#primaryimage"},"image":{"@id":"https:\/\/buymodafinilonline.com\/de\/smarte-medikamente\/armod-150-mg\/#primaryimage"},"thumbnailUrl":"https:\/\/buymodafinilonline.com\/wp-content\/uploads\/2020\/04\/bmo-product-armod-150-mg.png","datePublished":"2020-04-18T19:00:03+00:00","dateModified":"2025-04-28T10:42:01+00:00","description":"Bestellen Sie g\u00fcnstige Armod 150mg Pillen online beim Hersteller von Emcure Pharmaceuticals Ltd. Kaufen Sie Armod 150 mg (Armodafinil) zum besten Preis in der BuyModafinilOnline-Apotheke. Kein Rezept erforderlich!","breadcrumb":{"@id":"https:\/\/buymodafinilonline.com\/de\/smarte-medikamente\/armod-150-mg\/#breadcrumb"},"inLanguage":"de","potentialAction":[{"@type":"ReadAction","target":["https:\/\/buymodafinilonline.com\/de\/smarte-medikamente\/armod-150-mg\/"]}]},{"@type":"ImageObject","inLanguage":"de","@id":"https:\/\/buymodafinilonline.com\/de\/smarte-medikamente\/armod-150-mg\/#primaryimage","url":"https:\/\/buymodafinilonline.com\/wp-content\/uploads\/2020\/04\/bmo-product-armod-150-mg.png","contentUrl":"https:\/\/buymodafinilonline.com\/wp-content\/uploads\/2020\/04\/bmo-product-armod-150-mg.png","width":1280,"height":1500,"caption":"Armod 150 mg"},{"@type":"BreadcrumbList","@id":"https:\/\/buymodafinilonline.com\/de\/smarte-medikamente\/armod-150-mg\/#breadcrumb","itemListElement":[{"@type":"ListItem","position":1,"name":"Buy Modafinil Online","item":"https:\/\/buymodafinilonline.com\/de\/"},{"@type":"ListItem","position":2,"name":"Shop","item":"https:\/\/buymodafinilonline.com\/de\/shop-2\/"},{"@type":"ListItem","position":3,"name":"Smart Drugs Brands","item":"https:\/\/buymodafinilonline.com\/de\/produkt-kategorie\/smart-drugs-brands\/"},{"@type":"ListItem","position":4,"name":"Armod 150 MG"}]},{"@type":"WebSite","@id":"https:\/\/buymodafinilonline.com\/de\/#website","url":"https:\/\/buymodafinilonline.com\/de\/","name":"BuyModafinilOnline.com","description":"Modafinil Online Pharmacy","publisher":{"@id":"https:\/\/buymodafinilonline.com\/de\/#organization"},"potentialAction":[{"@type":"SearchAction","target":{"@type":"EntryPoint","urlTemplate":"https:\/\/buymodafinilonline.com\/de\/?s={search_term_string}"},"query-input":{"@type":"PropertyValueSpecification","valueRequired":true,"valueName":"search_term_string"}}],"inLanguage":"de"},{"@type":"Organization","@id":"https:\/\/buymodafinilonline.com\/de\/#organization","name":"BuyModafinilOnline","url":"https:\/\/buymodafinilonline.com\/de\/","logo":{"@type":"ImageObject","inLanguage":"de","@id":"https:\/\/buymodafinilonline.com\/de\/#\/schema\/logo\/image\/","url":"https:\/\/buymodafinilonline.com\/wp-content\/uploads\/2020\/04\/logo-buy-modafinil-online-yellow.png","contentUrl":"https:\/\/buymodafinilonline.com\/wp-content\/uploads\/2020\/04\/logo-buy-modafinil-online-yellow.png","width":200,"height":200,"caption":"BuyModafinilOnline"},"image":{"@id":"https:\/\/buymodafinilonline.com\/de\/#\/schema\/logo\/image\/"}}]}},"_links":{"self":[{"href":"https:\/\/buymodafinilonline.com\/de\/wp-json\/wp\/v2\/product\/409211","targetHints":{"allow":["GET"]}}],"collection":[{"href":"https:\/\/buymodafinilonline.com\/de\/wp-json\/wp\/v2\/product"}],"about":[{"href":"https:\/\/buymodafinilonline.com\/de\/wp-json\/wp\/v2\/types\/product"}],"replies":[{"embeddable":true,"href":"https:\/\/buymodafinilonline.com\/de\/wp-json\/wp\/v2\/comments?post=409211"}],"wp:featuredmedia":[{"embeddable":true,"href":"https:\/\/buymodafinilonline.com\/de\/wp-json\/wp\/v2\/media\/398119"}],"wp:attachment":[{"href":"https:\/\/buymodafinilonline.com\/de\/wp-json\/wp\/v2\/media?parent=409211"}],"wp:term":[{"taxonomy":"product_brand","embeddable":true,"href":"https:\/\/buymodafinilonline.com\/de\/wp-json\/wp\/v2\/product_brand?post=409211"},{"taxonomy":"product_cat","embeddable":true,"href":"https:\/\/buymodafinilonline.com\/de\/wp-json\/wp\/v2\/product_cat?post=409211"},{"taxonomy":"product_tag","embeddable":true,"href":"https:\/\/buymodafinilonline.com\/de\/wp-json\/wp\/v2\/product_tag?post=409211"}],"curies":[{"name":"wp","href":"https:\/\/api.w.org\/{rel}","templated":true}]}}