{"id":410270,"date":"2020-04-06T20:31:51","date_gmt":"2020-04-06T19:31:51","guid":{"rendered":"https:\/\/buymodafinilonline.com\/smart-drugs\/modalert-waklert-super-kombipaket\/"},"modified":"2025-12-15T16:10:20","modified_gmt":"2025-12-15T15:10:20","slug":"modalert-waklert-super-kombipaket","status":"publish","type":"product","link":"https:\/\/buymodafinilonline.com\/de\/smarte-medikamente\/modalert-waklert-super-kombipaket\/","title":{"rendered":"Modalert &amp; Waklert Superb Kombi-Paket"},"content":{"rendered":"[vc_column width=&#8221;1\/2&#8243;]\n<h2>Was ist Modalert &amp; Waklert Superb Combo Pack?<\/h2>\n<p>Das Modalert &amp; Waklert Superb Combo Pack ist genau das, was Sie brauchen, wenn Sie diese &#8220;intelligenten Drogen&#8221; regelm\u00e4\u00dfig einnehmen. Es erm\u00f6glicht Ihnen, mehr Geld zu sparen, wenn Sie mit der Einf\u00fchrung eines Kombipakets wirtschaftliche Optionen zur Verf\u00fcgung haben. Und Sie k\u00f6nnen Marken mit verschiedenen Wirkstoffen testen. Der Preis f\u00fcr eine Pille dieser Nootropika h\u00e4ngt von der Menge der Packung ab. Wir machen es Ihnen leicht &#8211; je mehr Pillen Sie kaufen, desto g\u00fcnstiger wird es.    <\/p>\n<div class=\"su-divider su-divider-style-default\" style=\"margin:10px 0;border-width:3px;border-color:#ffffff00\"><a href=\"#\" style=\"color:#ffffff009\">.<\/a><\/div>\n<p><strong>Dieses gro\u00dfartige Combo-Paket enth\u00e4lt:<\/strong><\/p>\n<div class=\"su-divider su-divider-style-default\" style=\"margin:10px 0;border-width:3px;border-color:#ffffff00\"><a href=\"#\" style=\"color:#ffffff009\">.<\/a><\/div>\n<ul>\n<li><a href=\"https:\/\/buymodafinilonline.com\/de\/smarte-medikamente\/modalert-200-mg\/\">Modalert 200 mg<\/a> &#8211; die beliebteste generische Modafinil-Marke;<\/li>\n<li><a href=\"https:\/\/buymodafinilonline.com\/de\/smarte-medikamente\/waklert-150-mg-tablets\/\">Waklert 150 mg<\/a> &#8211; die beliebteste generische Armodafinil-Marke;<\/li>\n<li><a href=\"https:\/\/buymodafinilonline.com\/de\/smarte-medikamente\/modafil-md-200-mg-sublingual-tabletten\/\">Sublinguales Modafil MD 200 mg<\/a> &#8211; die beste Wahl f\u00fcr eine schnellere Absorption und einen schnelleren Wirkungseintritt; generisches Modafinil der Marke INTAS;<\/li>\n<li>alle anderen <a href=\"https:\/\/buymodafinilonline.com\/smart-drugs-brands\/\">generischen Armodafinil- und Modafinil-Marken<\/a>, die auf dieser Website erh\u00e4ltlich sind.<\/li>\n<\/ul>\n<p><strong>Zu Ihrer Information<\/strong>: Stellen Sie sicher, dass Sie Ihre Pr\u00e4ferenzen f\u00fcr das Modalert &amp; Waklert Superb Combo Pack im Feld &#8220;Besondere Anmerkungen&#8221; auf der <a href=\"https:\/\/buymodafinilonline.com\/de\/zur-kasse\/\">Kassenseite<\/a> (unter der Lieferadresse) angeben.<\/p>\n<p>Falls Sie vergessen haben, Ihre Kombinationspr\u00e4ferenzen w\u00e4hrend des Bestellvorgangs anzugeben, werden wir 50% der Waklert- und 50% der Modalert-Pillen als Standardset anbieten (beide Nootropika werden von Sun Pharma aus Indien hergestellt).<\/p>\n<div class=\"su-divider su-divider-style-default\" style=\"margin:10px 0;border-width:3px;border-color:#ffffff00\"><a href=\"#\" style=\"color:#ffffff009\">.<\/a><\/div>\n<p><strong>Generisches Modalert 200 mg<\/strong><\/p>\n<p>Dieses Medikament wird zur Behandlung von \u00fcberm\u00e4\u00dfiger Tagesschl\u00e4frigkeit aufgrund verschiedener Schlafst\u00f6rungen wie Narkolepsie, obstruktiver Schlafapnoe (OSA) und Schlafst\u00f6rungen bei Schichtarbeit (SWSD) verschrieben.<\/p>\n<p>Mediziner k\u00f6nnen Modalert 200 mg Tabletten auch f\u00fcr Menschen verschreiben, die an ADS\/ADHS, Depressionen, Gewichtsverlust und anderen damit zusammenh\u00e4ngenden Krankheiten leiden, da es die Konzentration und den Fokus verbessert und die Wachheit wiederherstellt. Au\u00dferdem greifen die meisten gesunden Menschen auf solche Tabletten zur\u00fcck, um ihre Gehirnleistung zu steigern und ihre Produktivit\u00e4t zu erh\u00f6hen. <\/p>\n<div class=\"su-divider su-divider-style-default\" style=\"margin:10px 0;border-width:3px;border-color:#ffffff00\"><a href=\"#\" style=\"color:#ffffff009\">.<\/a><\/div>\n<h3>Generisches Waklert 150 mg<\/h3>\n<p>Als wachmachendes Mittel wird Waklert verwendet, um einige chemische Substanzen im Gehirn zu stimulieren, die Schlafst\u00f6rungen verursachen. Wie Modalert wird es zur Verbesserung der Wachsamkeit bei Patienten mit exzessiver Tagesschl\u00e4frigkeit im Zusammenhang mit Narkolepsie, OSA und SWSD verschrieben. <\/p>\n<p>Waklert ist weit verbreitet und wird unter anderem zur Behandlung des chronischen M\u00fcdigkeitssyndroms, der schweren depressiven St\u00f6rung und von ADHS\/ADS eingesetzt.<\/p>\n<p>Auch mehrere gesunde Menschen nehmen dieses Medikament aufgrund seiner kognitiv f\u00f6rdernden Wirkung gerne ein. Es steigert in erster Linie die Produktivit\u00e4t und f\u00f6rdert effektiv das Denken, die Probleml\u00f6sung und die geistige Leistungsf\u00e4higkeit. <\/p>\n<div class=\"su-divider su-divider-style-default\" style=\"margin:10px 0;border-width:3px;border-color:#ffffff00\"><a href=\"#\" style=\"color:#ffffff009\">.<\/a><\/div>\n<h2>Wie wirken diese Pillen?<\/h2>\n<p>Modalert enth\u00e4lt Modafinil als Wirkstoff, w\u00e4hrend Waklert mit Armodafinil hergestellt wird. Beide Wirkstoffe haben die gleiche Funktionalit\u00e4t. Sie erh\u00f6hen die Dopaminkonzentration im Gehirn, indem sie an den Dopamintransporter binden und die Wiederaufnahme von Dopamin hemmen.  <\/p>\n<p>Dopamin ist ein wichtiger Neurotransmitter, den die Nervenzellen nutzen, um effektiv miteinander zu kommunizieren. Durch die Blockierung der Wiederaufnahme von Dopamin durch andere chemische Stoffe im K\u00f6rper erh\u00f6hen Modalert und Waklert den extrazellul\u00e4ren Dopaminspiegel in einigen Gehirnregionen, was unter anderem zu einer Verbesserung der Durchblutung, der exekutiven Funktionen, des Ged\u00e4chtnisses und der Konzentration, der motorischen Kontrolle, der Steigerung der Energie, der Stimmung und der Emotionen sowie zu einer &#8220;Wohlf\u00fchl&#8221;-Aura f\u00fchrt. <\/p>\n<div class=\"su-divider su-divider-style-default\" style=\"margin:10px 0;border-width:3px;border-color:#ffffff00\"><a href=\"#\" style=\"color:#ffffff009\">.<\/a><\/div>\n<h2>Sichere Dosierung und richtige Anwendung<\/h2>\n<p>Die Dosierung dieser Medikamente ist unterschiedlich. Modalert ist in Tablettenform zu 100 mg und 200 mg erh\u00e4ltlich. Waklert ist in St\u00e4rken von 50 mg und 150 mg erh\u00e4ltlich. Die empfohlene Dosierung betr\u00e4gt 200 mg Modafinil (Modalert) oder 150 mg Armodafinil (Waklert).   <\/p>\n<p>Je nach Verwendungszweck werden diese Nootropika wie folgt eingenommen:<\/p>\n<div class=\"su-divider su-divider-style-default\" style=\"margin:10px 0;border-width:3px;border-color:#ffffff00\"><a href=\"#\" style=\"color:#ffffff009\">.<\/a><\/div>\n<ul>\n<li>f\u00fcr Narkolepsie und OSA &#8211; einmal t\u00e4glich am Morgen;<\/li>\n<li>f\u00fcr SWSD &#8211; ca. 1 Stunde vor Beginn der Arbeitsschicht;<\/li>\n<li>f\u00fcr andere Erkrankungen, zur Verbesserung der kognitiven F\u00e4higkeiten oder f\u00fcr Produktivit\u00e4tsaufgaben &#8211; zum richtigen Zeitpunkt, wie vorgeschrieben.<\/li>\n<\/ul>\n[\/vc_column][vc_column width=&#8221;1\/2&#8243;]\n<p>Vor allem sollten Sie diese Medikamente nicht selbst einnehmen oder mischen. F\u00fcr eine sichere Dosierung, einschlie\u00dflich einer Dosisanpassung je nach Gesundheitszustand, ist eine vorherige Beratung mit einem Facharzt erforderlich. <\/p>\n<div class=\"su-divider su-divider-style-default\" style=\"margin:10px 0;border-width:3px;border-color:#ffffff00\"><a href=\"#\" style=\"color:#ffffff009\">.<\/a><\/div>\n<h2>M\u00f6gliche Nebenwirkungen<\/h2>\n<p>Diese Medikamente sind sicher und gut vertr\u00e4glich. Nebenwirkungen sind selten, vor allem wenn die Pillen von gesunden Personen eingenommen werden. Negative Symptome, die mit der Einnahme von Nootropika in Verbindung gebracht werden, werden in die Kategorien h\u00e4ufig\/weniger gef\u00e4hrlich und selten\/mehr gef\u00e4hrlich eingeteilt.  <\/p>\n<p>Die h\u00e4ufigsten Nebenwirkungen sind die folgenden:<\/p>\n<div class=\"su-divider su-divider-style-default\" style=\"margin:10px 0;border-width:3px;border-color:#ffffff00\"><a href=\"#\" style=\"color:#ffffff009\">.<\/a><\/div>\n<ul>\n<li>Verstopfte und laufende Nase;<\/li>\n<li>\u00e4ngstliche Gef\u00fchle;<\/li>\n<li>Verdauungsst\u00f6rungen;<\/li>\n<li>Diarrh\u00f6e;<\/li>\n<li>Schwindel;<\/li>\n<li>Schlafschwierigkeiten;<\/li>\n<li>\u00dcbelkeit;<\/li>\n<li>Kopfschmerzen;<\/li>\n<li>R\u00fcckenschmerzen;<\/li>\n<li>Nervosit\u00e4t.<\/li>\n<\/ul>\n<p>Zu den seltenen negativen Auswirkungen, die in der Regel schwerwiegend sind, geh\u00f6ren:<\/p>\n<div class=\"su-divider su-divider-style-default\" style=\"margin:10px 0;border-width:3px;border-color:#ffffff00\"><a href=\"#\" style=\"color:#ffffff009\">.<\/a><\/div>\n<ul>\n<li>Hautausschlag;<\/li>\n<li>abnormaler Herzschlag;<\/li>\n<li>blutiger Urin;<\/li>\n<li>Bienenst\u00f6cke;<\/li>\n<li>hyperaktives Verhalten;<\/li>\n<li>psychische Probleme;<\/li>\n<li>Selbstmordgedanken;<\/li>\n<li>Atembeschwerden und andere.<\/li>\n<\/ul>\n<p>Dies ist keine umfassende Liste. Einige negative Auswirkungen k\u00f6nnen je nach Ihrem Gesundheitszustand und der Einhaltung der Dosierung schwerwiegend sein. Vor der Einnahme dieser Arzneimittel sollte ein Arzt Ihren Gesundheitszustand auf Krankheiten wie Leber-\/Herzprobleme untersuchen. Melden Sie jedes seltsame Symptom Ihrem Arzt.  <\/p>\n<div class=\"su-divider su-divider-style-default\" style=\"margin:10px 0;border-width:3px;border-color:#ffffff00\"><a href=\"#\" style=\"color:#ffffff009\">.<\/a><\/div>\n<h2>Gegenanzeigen und Vorsichtsma\u00dfnahmen<\/h2>\n<p>Kontraindikationen, wichtige Informationen und Vorsichtsma\u00dfnahmen gelten bei der Verwendung eines Nootropikums. Es ist notwendig, Vorsichtsma\u00dfnahmen zu ergreifen, wie von einem Arzt &amp; folgen Sie den Anweisungen auf den Beipackzetteln dargestellt. <\/p>\n<p>Beide Medikamente k\u00f6nnen Wechselwirkungen mit einigen Medikamenten wie:<\/p>\n<div class=\"su-divider su-divider-style-default\" style=\"margin:10px 0;border-width:3px;border-color:#ffffff00\"><a href=\"#\" style=\"color:#ffffff009\">.<\/a><\/div>\n<ul>\n<li>CYP2C19- und CYP3A4\/5-Substrate;<\/li>\n<li>Monoaminoxidase-Hemmer;<\/li>\n<li>Warfarin und andere.<\/li>\n<\/ul>\n<p>Diese Liste ist nicht vollst\u00e4ndig. Krankheitsinteraktion kann auch auftreten. Ihr Facharzt sollte alle Tabs, die Sie verwenden, sowie Ihren Gesundheitszustand beurteilen. Mischen Sie keines der beiden Arzneimittel mit anderen Medikamenten, ohne Ihren Arzt vorher zu informieren. Die meisten Lebensmittel lassen sich gut mit Nootropika kombinieren. Man sollte sie jedoch nicht mit Alkohol mischen, da dies zu ungeahnten negativen Auswirkungen f\u00fchren kann.   <\/p>\n<div class=\"su-divider su-divider-style-default\" style=\"margin:10px 0;border-width:3px;border-color:#ffffff00\"><a href=\"#\" style=\"color:#ffffff009\">.<\/a><\/div>\n<h2>Verbrauchererfahrung<\/h2>\n<p>Das Kombipaket ist die beste M\u00f6glichkeit, die Wirksamkeit der einzelnen nootropischen Marken zu ermitteln. Einige sagen, dass Armodafinil-Pillen (Waklert) eine h\u00f6here Wirksamkeit haben, w\u00e4hrend andere behaupten, dass Modafinil-Pillen, insbesondere Modalert, das f\u00fchrende Medikament ist. <\/p>\n<p>Laut Nutzerbewertungen sind diese Augentropfen wirksam bei der F\u00f6rderung der Wachsamkeit, der Verbesserung der kognitiven Funktionen, der Steigerung der Kreativit\u00e4t und der Erh\u00f6hung der Produktivit\u00e4t bei der Arbeit. Auch wenn negative Auswirkungen nicht ausgeschlossen werden k\u00f6nnen, wird den Nutzern von Nootropika empfohlen, vor der Einnahme einen Arzt zu konsultieren. <\/p>\n<div class=\"su-divider su-divider-style-default\" style=\"margin:10px 0;border-width:3px;border-color:#ffffff00\"><a href=\"#\" style=\"color:#ffffff009\">.<\/a><\/div>\n<h2>Wie man Modalert \/ Waklert Superb Combo Pack online erh\u00e4lt<\/h2>\n<p><a href=\"https:\/\/buymodafinilonline.com\/de\/\">BuyModafinilOnline<\/a> ist eine sichere Online-Apotheke, die echte Modafinil- und Armodafinil-Medikamente anbietet, einschlie\u00dflich kostenloser Testmuster, die von zugelassenen Herstellern bezogen werden. Es ist der beste Ort, um billige, aber qualitativ hochwertige &#8220;<a href=\"https:\/\/buymodafinilonline.com\/de\/shop\/\">intelligente Drogen<\/a>&#8221; ohne Rezept zu bestellen. Alle unsere Augentropfen, einschlie\u00dflich Modalert &amp; Waklert Superb Combo Pack, werden zum Herstellungspreis angeboten &#8211; je mehr Pillen bestellt werden, desto niedriger sind die Kosten!<\/p>\n<p>Erleben Sie verschiedene Zahlungsm\u00f6glichkeiten, darunter <a href=\"https:\/\/buymodafinilonline.com\/de\/mit-bitcoin-zahlen-33-rabatt-erhalten\/\">Bitcoin<\/a> (mit einem Rabatt von 23 %), PayPal und eine Kreditkarte. Der <a href=\"https:\/\/buymodafinilonline.com\/de\/besten-modafinil-lieferanten-deutschland\/\">Versand<\/a> von K\u00e4uferpaketen erfolgt ultraschnell und weltweit, mit Ausnahme einiger weniger aufgelisteter L\u00e4nder. Bei einer fehlgeschlagenen Lieferung wird die Bestellung erneut versandt oder der volle Betrag erstattet.<\/p>\n<div class=\"su-divider su-divider-style-default\" style=\"margin:10px 0;border-width:3px;border-color:#ffffff00\"><a href=\"#\" style=\"color:#ffffff009\">.<\/a><\/div>\n[\/vc_column]\n","protected":false},"excerpt":{"rendered":"[sc name=\"sun-suspended\"]\n<p>P.S. Stellen Sie sicher, dass Sie Ihre Pr\u00e4ferenzen f\u00fcr das <strong>Modalert &amp; Waklert Superb Combo Pack<\/strong> im Feld &#8220;Besondere Anmerkungen&#8221; auf der Kassenseite (unter der Lieferadresse) Ihre Pr\u00e4ferenzen f\u00fcr das Modalert &amp; Waklert Superb Combo Pack.<\/p>\n<p>F\u00fcr den Fall, dass Sie vergessen haben, Ihre Kombinationspr\u00e4ferenzen anzugeben, werden wir 50 % der Modalert- und 50 % der Waklert-Tabletten (beide von Sun Pharma) als Standardset bereitstellen.<\/p>\n<p>NEU! Sehen Sie sich unser spezielles <a href=\"https:\/\/buymodafinilonline.com\/smart-drugs\/male-force-ed-pack\/\">Male Force Kombipaket<\/a> an.[sc name=\"s1\"]<\/p>\n<p>&nbsp;<\/p>\n","protected":false},"featured_media":410273,"comment_status":"closed","ping_status":"closed","template":"","meta":{"_acf_changed":false},"product_brand":[],"product_cat":[4236,3786],"product_tag":[4950,4014],"class_list":{"0":"post-410270","1":"product","2":"type-product","3":"status-publish","4":"has-post-thumbnail","6":"product_cat-kombipacks","7":"product_cat-smart-drugs-brands","8":"product_tag-armodafinil-de-2","9":"product_tag-modafinil-de","11":"first","12":"instock","13":"sale","14":"shipping-taxable","15":"purchasable","16":"product-type-variable","17":"has-default-attributes"},"acf":[],"yoast_head":"<!-- This site is optimized with the Yoast SEO Premium plugin v23.6 (Yoast SEO v27.3) - https:\/\/yoast.com\/product\/yoast-seo-premium-wordpress\/ -->\n<title>Modalert &amp; Waklert Superb Kombi-Paket | BuyModafinilOnline.com<\/title>\n<meta name=\"description\" content=\"Das Modalert &amp; Waklert Superb Combo Pack ist eine gro\u00dfartige L\u00f6sung f\u00fcr alle, die regelm\u00e4\u00dfig Smart Drugs einnehmen. Mit dem Superb Pack k\u00f6nnen Sie noch mehr sparen. Der Preis f\u00fcr eine Pille h\u00e4ngt von der Menge der Packung ab - je mehr Pillen Sie kaufen, desto billiger ist sie.\" \/>\n<meta name=\"robots\" content=\"index, follow, max-snippet:-1, max-image-preview:large, max-video-preview:-1\" \/>\n<link rel=\"canonical\" href=\"https:\/\/buymodafinilonline.com\/de\/smarte-medikamente\/modalert-waklert-super-kombipaket\/\" \/>\n<meta property=\"og:locale\" content=\"de_DE\" \/>\n<meta property=\"og:type\" content=\"article\" \/>\n<meta property=\"og:title\" content=\"Modalert &amp; Waklert Superb Kombi-Paket\" \/>\n<meta property=\"og:description\" content=\"Das Modalert &amp; Waklert Superb Combo Pack ist eine gro\u00dfartige L\u00f6sung f\u00fcr alle, die regelm\u00e4\u00dfig Smart Drugs einnehmen. Mit dem Superb Pack k\u00f6nnen Sie noch mehr sparen. Der Preis f\u00fcr eine Pille h\u00e4ngt von der Menge der Packung ab - je mehr Pillen Sie kaufen, desto billiger ist sie.\" \/>\n<meta property=\"og:url\" content=\"https:\/\/buymodafinilonline.com\/de\/smarte-medikamente\/modalert-waklert-super-kombipaket\/\" \/>\n<meta property=\"og:site_name\" content=\"BuyModafinilOnline.com\" \/>\n<meta property=\"article:modified_time\" content=\"2025-12-15T15:10:20+00:00\" \/>\n<meta property=\"og:image\" content=\"https:\/\/buymodafinilonline.com\/wp-content\/uploads\/2020\/04\/product-bmo-modalert-waklert-4.png\" \/>\n\t<meta property=\"og:image:width\" content=\"1280\" \/>\n\t<meta property=\"og:image:height\" content=\"1500\" \/>\n\t<meta property=\"og:image:type\" content=\"image\/png\" \/>\n<meta name=\"twitter:label1\" content=\"Gesch\u00e4tzte Lesezeit\" \/>\n\t<meta name=\"twitter:data1\" content=\"6\u00a0Minuten\" \/>\n<script type=\"application\/ld+json\" class=\"yoast-schema-graph\">{\"@context\":\"https:\\\/\\\/schema.org\",\"@graph\":[{\"@type\":\"WebPage\",\"@id\":\"https:\\\/\\\/buymodafinilonline.com\\\/de\\\/smarte-medikamente\\\/modalert-waklert-super-kombipaket\\\/\",\"url\":\"https:\\\/\\\/buymodafinilonline.com\\\/de\\\/smarte-medikamente\\\/modalert-waklert-super-kombipaket\\\/\",\"name\":\"Modalert &amp; Waklert Superb Kombi-Paket | BuyModafinilOnline.com\",\"isPartOf\":{\"@id\":\"https:\\\/\\\/buymodafinilonline.com\\\/de\\\/#website\"},\"primaryImageOfPage\":{\"@id\":\"https:\\\/\\\/buymodafinilonline.com\\\/de\\\/smarte-medikamente\\\/modalert-waklert-super-kombipaket\\\/#primaryimage\"},\"image\":{\"@id\":\"https:\\\/\\\/buymodafinilonline.com\\\/de\\\/smarte-medikamente\\\/modalert-waklert-super-kombipaket\\\/#primaryimage\"},\"thumbnailUrl\":\"https:\\\/\\\/buymodafinilonline.com\\\/wp-content\\\/uploads\\\/2020\\\/04\\\/product-bmo-modalert-waklert-4.png\",\"datePublished\":\"2020-04-06T19:31:51+00:00\",\"dateModified\":\"2025-12-15T15:10:20+00:00\",\"description\":\"Das Modalert & Waklert Superb Combo Pack ist eine gro\u00dfartige L\u00f6sung f\u00fcr alle, die regelm\u00e4\u00dfig Smart Drugs einnehmen. Mit dem Superb Pack k\u00f6nnen Sie noch mehr sparen. Der Preis f\u00fcr eine Pille h\u00e4ngt von der Menge der Packung ab - je mehr Pillen Sie kaufen, desto billiger ist sie.\",\"breadcrumb\":{\"@id\":\"https:\\\/\\\/buymodafinilonline.com\\\/de\\\/smarte-medikamente\\\/modalert-waklert-super-kombipaket\\\/#breadcrumb\"},\"inLanguage\":\"de\",\"potentialAction\":[{\"@type\":\"ReadAction\",\"target\":[\"https:\\\/\\\/buymodafinilonline.com\\\/de\\\/smarte-medikamente\\\/modalert-waklert-super-kombipaket\\\/\"]}]},{\"@type\":\"ImageObject\",\"inLanguage\":\"de\",\"@id\":\"https:\\\/\\\/buymodafinilonline.com\\\/de\\\/smarte-medikamente\\\/modalert-waklert-super-kombipaket\\\/#primaryimage\",\"url\":\"https:\\\/\\\/buymodafinilonline.com\\\/wp-content\\\/uploads\\\/2020\\\/04\\\/product-bmo-modalert-waklert-4.png\",\"contentUrl\":\"https:\\\/\\\/buymodafinilonline.com\\\/wp-content\\\/uploads\\\/2020\\\/04\\\/product-bmo-modalert-waklert-4.png\",\"width\":1280,\"height\":1500,\"caption\":\"Modalert &amp; Waklert Super-Kombipaket\"},{\"@type\":\"BreadcrumbList\",\"@id\":\"https:\\\/\\\/buymodafinilonline.com\\\/de\\\/smarte-medikamente\\\/modalert-waklert-super-kombipaket\\\/#breadcrumb\",\"itemListElement\":[{\"@type\":\"ListItem\",\"position\":1,\"name\":\"Buy Modafinil Online\",\"item\":\"https:\\\/\\\/buymodafinilonline.com\\\/de\\\/\"},{\"@type\":\"ListItem\",\"position\":2,\"name\":\"Shop\",\"item\":\"https:\\\/\\\/buymodafinilonline.com\\\/de\\\/shop-2\\\/\"},{\"@type\":\"ListItem\",\"position\":3,\"name\":\"Kombipacks\",\"item\":\"https:\\\/\\\/buymodafinilonline.com\\\/de\\\/produkt-kategorie\\\/kombipacks\\\/\"},{\"@type\":\"ListItem\",\"position\":4,\"name\":\"Modalert &amp; Waklert Superb Kombi-Paket\"}]},{\"@type\":\"WebSite\",\"@id\":\"https:\\\/\\\/buymodafinilonline.com\\\/de\\\/#website\",\"url\":\"https:\\\/\\\/buymodafinilonline.com\\\/de\\\/\",\"name\":\"BuyModafinilOnline.com\",\"description\":\"Modafinil Online Pharmacy\",\"publisher\":{\"@id\":\"https:\\\/\\\/buymodafinilonline.com\\\/de\\\/#organization\"},\"potentialAction\":[{\"@type\":\"SearchAction\",\"target\":{\"@type\":\"EntryPoint\",\"urlTemplate\":\"https:\\\/\\\/buymodafinilonline.com\\\/de\\\/?s={search_term_string}\"},\"query-input\":{\"@type\":\"PropertyValueSpecification\",\"valueRequired\":true,\"valueName\":\"search_term_string\"}}],\"inLanguage\":\"de\"},{\"@type\":\"Organization\",\"@id\":\"https:\\\/\\\/buymodafinilonline.com\\\/de\\\/#organization\",\"name\":\"BuyModafinilOnline\",\"url\":\"https:\\\/\\\/buymodafinilonline.com\\\/de\\\/\",\"logo\":{\"@type\":\"ImageObject\",\"inLanguage\":\"de\",\"@id\":\"https:\\\/\\\/buymodafinilonline.com\\\/de\\\/#\\\/schema\\\/logo\\\/image\\\/\",\"url\":\"https:\\\/\\\/buymodafinilonline.com\\\/wp-content\\\/uploads\\\/2020\\\/04\\\/logo-buy-modafinil-online-yellow.png\",\"contentUrl\":\"https:\\\/\\\/buymodafinilonline.com\\\/wp-content\\\/uploads\\\/2020\\\/04\\\/logo-buy-modafinil-online-yellow.png\",\"width\":200,\"height\":200,\"caption\":\"BuyModafinilOnline\"},\"image\":{\"@id\":\"https:\\\/\\\/buymodafinilonline.com\\\/de\\\/#\\\/schema\\\/logo\\\/image\\\/\"}}]}<\/script>\n<!-- \/ Yoast SEO Premium plugin. -->","yoast_head_json":{"title":"Modalert &amp; Waklert Superb Kombi-Paket | BuyModafinilOnline.com","description":"Das Modalert & Waklert Superb Combo Pack ist eine gro\u00dfartige L\u00f6sung f\u00fcr alle, die regelm\u00e4\u00dfig Smart Drugs einnehmen. Mit dem Superb Pack k\u00f6nnen Sie noch mehr sparen. Der Preis f\u00fcr eine Pille h\u00e4ngt von der Menge der Packung ab - je mehr Pillen Sie kaufen, desto billiger ist sie.","robots":{"index":"index","follow":"follow","max-snippet":"max-snippet:-1","max-image-preview":"max-image-preview:large","max-video-preview":"max-video-preview:-1"},"canonical":"https:\/\/buymodafinilonline.com\/de\/smarte-medikamente\/modalert-waklert-super-kombipaket\/","og_locale":"de_DE","og_type":"article","og_title":"Modalert &amp; Waklert Superb Kombi-Paket","og_description":"Das Modalert & Waklert Superb Combo Pack ist eine gro\u00dfartige L\u00f6sung f\u00fcr alle, die regelm\u00e4\u00dfig Smart Drugs einnehmen. Mit dem Superb Pack k\u00f6nnen Sie noch mehr sparen. Der Preis f\u00fcr eine Pille h\u00e4ngt von der Menge der Packung ab - je mehr Pillen Sie kaufen, desto billiger ist sie.","og_url":"https:\/\/buymodafinilonline.com\/de\/smarte-medikamente\/modalert-waklert-super-kombipaket\/","og_site_name":"BuyModafinilOnline.com","article_modified_time":"2025-12-15T15:10:20+00:00","og_image":[{"width":1280,"height":1500,"url":"https:\/\/buymodafinilonline.com\/wp-content\/uploads\/2020\/04\/product-bmo-modalert-waklert-4.png","type":"image\/png"}],"twitter_misc":{"Gesch\u00e4tzte Lesezeit":"6\u00a0Minuten"},"schema":{"@context":"https:\/\/schema.org","@graph":[{"@type":"WebPage","@id":"https:\/\/buymodafinilonline.com\/de\/smarte-medikamente\/modalert-waklert-super-kombipaket\/","url":"https:\/\/buymodafinilonline.com\/de\/smarte-medikamente\/modalert-waklert-super-kombipaket\/","name":"Modalert &amp; Waklert Superb Kombi-Paket | BuyModafinilOnline.com","isPartOf":{"@id":"https:\/\/buymodafinilonline.com\/de\/#website"},"primaryImageOfPage":{"@id":"https:\/\/buymodafinilonline.com\/de\/smarte-medikamente\/modalert-waklert-super-kombipaket\/#primaryimage"},"image":{"@id":"https:\/\/buymodafinilonline.com\/de\/smarte-medikamente\/modalert-waklert-super-kombipaket\/#primaryimage"},"thumbnailUrl":"https:\/\/buymodafinilonline.com\/wp-content\/uploads\/2020\/04\/product-bmo-modalert-waklert-4.png","datePublished":"2020-04-06T19:31:51+00:00","dateModified":"2025-12-15T15:10:20+00:00","description":"Das Modalert & Waklert Superb Combo Pack ist eine gro\u00dfartige L\u00f6sung f\u00fcr alle, die regelm\u00e4\u00dfig Smart Drugs einnehmen. Mit dem Superb Pack k\u00f6nnen Sie noch mehr sparen. Der Preis f\u00fcr eine Pille h\u00e4ngt von der Menge der Packung ab - je mehr Pillen Sie kaufen, desto billiger ist sie.","breadcrumb":{"@id":"https:\/\/buymodafinilonline.com\/de\/smarte-medikamente\/modalert-waklert-super-kombipaket\/#breadcrumb"},"inLanguage":"de","potentialAction":[{"@type":"ReadAction","target":["https:\/\/buymodafinilonline.com\/de\/smarte-medikamente\/modalert-waklert-super-kombipaket\/"]}]},{"@type":"ImageObject","inLanguage":"de","@id":"https:\/\/buymodafinilonline.com\/de\/smarte-medikamente\/modalert-waklert-super-kombipaket\/#primaryimage","url":"https:\/\/buymodafinilonline.com\/wp-content\/uploads\/2020\/04\/product-bmo-modalert-waklert-4.png","contentUrl":"https:\/\/buymodafinilonline.com\/wp-content\/uploads\/2020\/04\/product-bmo-modalert-waklert-4.png","width":1280,"height":1500,"caption":"Modalert &amp; Waklert Super-Kombipaket"},{"@type":"BreadcrumbList","@id":"https:\/\/buymodafinilonline.com\/de\/smarte-medikamente\/modalert-waklert-super-kombipaket\/#breadcrumb","itemListElement":[{"@type":"ListItem","position":1,"name":"Buy Modafinil Online","item":"https:\/\/buymodafinilonline.com\/de\/"},{"@type":"ListItem","position":2,"name":"Shop","item":"https:\/\/buymodafinilonline.com\/de\/shop-2\/"},{"@type":"ListItem","position":3,"name":"Kombipacks","item":"https:\/\/buymodafinilonline.com\/de\/produkt-kategorie\/kombipacks\/"},{"@type":"ListItem","position":4,"name":"Modalert &amp; Waklert Superb Kombi-Paket"}]},{"@type":"WebSite","@id":"https:\/\/buymodafinilonline.com\/de\/#website","url":"https:\/\/buymodafinilonline.com\/de\/","name":"BuyModafinilOnline.com","description":"Modafinil Online Pharmacy","publisher":{"@id":"https:\/\/buymodafinilonline.com\/de\/#organization"},"potentialAction":[{"@type":"SearchAction","target":{"@type":"EntryPoint","urlTemplate":"https:\/\/buymodafinilonline.com\/de\/?s={search_term_string}"},"query-input":{"@type":"PropertyValueSpecification","valueRequired":true,"valueName":"search_term_string"}}],"inLanguage":"de"},{"@type":"Organization","@id":"https:\/\/buymodafinilonline.com\/de\/#organization","name":"BuyModafinilOnline","url":"https:\/\/buymodafinilonline.com\/de\/","logo":{"@type":"ImageObject","inLanguage":"de","@id":"https:\/\/buymodafinilonline.com\/de\/#\/schema\/logo\/image\/","url":"https:\/\/buymodafinilonline.com\/wp-content\/uploads\/2020\/04\/logo-buy-modafinil-online-yellow.png","contentUrl":"https:\/\/buymodafinilonline.com\/wp-content\/uploads\/2020\/04\/logo-buy-modafinil-online-yellow.png","width":200,"height":200,"caption":"BuyModafinilOnline"},"image":{"@id":"https:\/\/buymodafinilonline.com\/de\/#\/schema\/logo\/image\/"}}]}},"_links":{"self":[{"href":"https:\/\/buymodafinilonline.com\/de\/wp-json\/wp\/v2\/product\/410270","targetHints":{"allow":["GET"]}}],"collection":[{"href":"https:\/\/buymodafinilonline.com\/de\/wp-json\/wp\/v2\/product"}],"about":[{"href":"https:\/\/buymodafinilonline.com\/de\/wp-json\/wp\/v2\/types\/product"}],"replies":[{"embeddable":true,"href":"https:\/\/buymodafinilonline.com\/de\/wp-json\/wp\/v2\/comments?post=410270"}],"wp:featuredmedia":[{"embeddable":true,"href":"https:\/\/buymodafinilonline.com\/de\/wp-json\/wp\/v2\/media\/410273"}],"wp:attachment":[{"href":"https:\/\/buymodafinilonline.com\/de\/wp-json\/wp\/v2\/media?parent=410270"}],"wp:term":[{"taxonomy":"product_brand","embeddable":true,"href":"https:\/\/buymodafinilonline.com\/de\/wp-json\/wp\/v2\/product_brand?post=410270"},{"taxonomy":"product_cat","embeddable":true,"href":"https:\/\/buymodafinilonline.com\/de\/wp-json\/wp\/v2\/product_cat?post=410270"},{"taxonomy":"product_tag","embeddable":true,"href":"https:\/\/buymodafinilonline.com\/de\/wp-json\/wp\/v2\/product_tag?post=410270"}],"curies":[{"name":"wp","href":"https:\/\/api.w.org\/{rel}","templated":true}]}}