{"id":410297,"date":"2020-04-06T21:30:34","date_gmt":"2020-04-06T20:30:34","guid":{"rendered":"https:\/\/buymodafinilonline.com\/smart-drugs\/410297\/"},"modified":"2026-01-28T20:13:34","modified_gmt":"2026-01-28T19:13:34","slug":"male-force-ed-paket","status":"publish","type":"product","link":"https:\/\/buymodafinilonline.com\/de\/smarte-medikamente\/male-force-ed-paket\/","title":{"rendered":"Male Force ED Pack (Viagra, Cialis &amp; Levitra)"},"content":{"rendered":"[vc_column width=&#8221;1\/2&#8243;]\n<h2>Was ist Male Force ED Pack?<\/h2>\n<p>Male Force ED Pack ist genau das, was Sie brauchen, wenn Sie regelm\u00e4\u00dfig Medikamente gegen erektile Dysfunktion (ED) einnehmen. Es erm\u00f6glicht Ihnen, mehr Geld zu sparen, wenn Sie mit der Einf\u00fchrung des Kombi-Pakets kosteng\u00fcnstige Optionen zur Verf\u00fcgung haben. Und Sie haben die M\u00f6glichkeit, verschiedene Marken mit unterschiedlichen Wirkstoffen zu testen. Sie entscheiden, was Sie bekommen! Dieses Paket ist die beste Option, um herauszufinden, welches ED-Medikament am besten wirkt, um Ihre sexuelle Kraft wiederzuerlangen.    <\/p>\n<p>Das Male Force ED Pack enth\u00e4lt:<\/p>\n<div class=\"su-divider su-divider-style-default\" style=\"margin:10px 0;border-width:3px;border-color:#ffffff00\"><a href=\"#\" style=\"color:#ffffff009\">.<\/a><\/div>\n<ul>\n<li>Viagra (Malegra oder Cenforce generische Marke) &#8211; jede Dosierung Pillen 25 mg, 50 mg, 100 mg (Standard-Dosierung), 200 mg;<\/li>\n<li>Cialis (Tadarise oder Vidalista generische Marke) &#8211; jede Dosierung Pillen2.5 mg, 5 mg, 10 mg, 20 mg (Standard-Dosierung), 40 mg, 60 mg;<\/li>\n<li>Levitra Vardenafil 20 mg(Vardegra oder Snovitrageneric Marke);<\/li>\n<li>Viagra f\u00fcr Frauen 100 mg;<\/li>\n<li>Dapoxetin 60 mg (vorzeitige Ejakulation, maximal 20 Tabletten pro Packung);<\/li>\n<li>Viagra und Cialis weich (kaubar).<\/li>\n<\/ul>\n<p>Stellen Sie sicher, dass Sie Ihre Pr\u00e4ferenzen f\u00fcr das Male Force ED Pack im Feld Besondere Hinweise auf der <a href=\"https:\/\/buymodafinilonline.com\/de\/zur-kasse\/\">Seite Kasse<\/a> (unter der Lieferadresse) angeben.<\/p>\n<p>Zu Ihrer Information: Falls Sie vergessen haben, Ihre Kombinationspr\u00e4ferenzen anzugeben, werden wir standardm\u00e4\u00dfig 50% der Malegra 100 mg (Viagra-Generikum) und 50% der Tadarise 20 mg (Cialis-Generikum) Pillen einschlie\u00dfen.<\/p>\n<div class=\"su-divider su-divider-style-default\" style=\"margin:10px 0;border-width:3px;border-color:#ffffff00\"><a href=\"#\" style=\"color:#ffffff009\">.<\/a><\/div>\n<h3>Generisches Malegra 100 mg<\/h3>\n<p>Malegra ist ein ED-Medikament, das Sildenafil als aktiven Wirkstoff enth\u00e4lt. Sildenafil ist eine generische Version von Viagra\u00ae und war das erste von der FDA zugelassene ED-Medikament. Es wird in verschiedenen Medikamenten verwendet, die als PDE5-Hemmer klassifiziert sind. Die Forschung zeigt, dass Sildenafil sicher und gut vertr\u00e4glich ist, vor allem wenn es nur von gesunden Menschen mit ED eingenommen wird.   <\/p>\n<p>Das Medikament wird von Sunrise Remedies hergestellt. Dieses pharmazeutische Unternehmen ist seri\u00f6s und vertrauensw\u00fcrdig f\u00fcr die Qualit\u00e4t der Produkte, die es herstellt. Es verwendet nur Rohstoffe von h\u00f6chster Qualit\u00e4t, um erstklassige Arzneimittel herzustellen, die gro\u00dfartige Ergebnisse liefern.  <\/p>\n<div class=\"su-divider su-divider-style-default\" style=\"margin:10px 0;border-width:3px;border-color:#ffffff00\"><a href=\"#\" style=\"color:#ffffff009\">.<\/a><\/div>\n<h3>Generisches Tadarise 20 mg<\/h3>\n<p>Tadarise 20 mg ist eine generische Version von Cialis, die Tadalafil als Wirkstoff enth\u00e4lt. Dieses Medikament ist sehr wirksam bei der Behandlung von Impotenz, da es f\u00fcr die erforderliche harte Erektion des Penis sorgt, die dem Mann gen\u00fcgend Zeit gibt, um einen vollst\u00e4ndigen und befriedigenden Geschlechtsverkehr zu vollziehen. <\/p>\n<p>Dieses Medikament wird ebenfalls von Sunrise Remedies hergestellt &#8211; einem indischen Unternehmen. Tadarise ist gut vertr\u00e4glich und h\u00e4lt etwa 36 Stunden nach der Einnahme an. Es ist unabh\u00e4ngig vom Schweregrad und den Ursachen der ED sehr wirksam.  <\/p>\n<div class=\"su-divider su-divider-style-default\" style=\"margin:10px 0;border-width:3px;border-color:#ffffff00\"><a href=\"#\" style=\"color:#ffffff009\">.<\/a><\/div>\n<h2>Wie wirken diese Pillen?<\/h2>\n<p>Beide Wirkstoffe, Tadalafil (Tadarise) und Sildenafil (Malegra), sind PDE5-Hemmer. Das PDE5-Enzym zerst\u00f6rt die Produktion von Stickstoffmonoxid (NO), das ben\u00f6tigt wird, um die Freisetzung von cGMP auszul\u00f6sen, das f\u00fcr die Erweichung und Gl\u00e4ttung der Penisarterien verantwortlich ist. Das cGMP tr\u00e4gt dazu bei, die Blutgef\u00e4\u00dfe zu \u00f6ffnen, was zu einem ausreichenden Blutzufluss in den Penis f\u00fchrt. Durch die Hemmung von PDE5 und die Verbesserung der NO-Freisetzung tragen die Wirkstoffe dieser Medikamente zur Verbesserung des Blutflusses und zur Festigung der Erektion bei.   <\/p>\n<div class=\"su-divider su-divider-style-default\" style=\"margin:10px 0;border-width:3px;border-color:#ffffff00\"><a href=\"#\" style=\"color:#ffffff009\">.<\/a><\/div>\n<h2>Sichere Dosierung und richtige Anwendung<\/h2>\n<p>Diese Medikamente helfen M\u00e4nnern, schnell eine harte Peniserektion zu bekommen und aufrechtzuerhalten, nachdem sie sexuell erregt wurden. Die Einnahme dieser Art von Medikamenten ohne sexuelle Stimulation f\u00fchrt zu keiner Reaktion. Beide ED-Medikamente haben einen \u00e4hnlichen Einnahmezeitpunkt, aber eine unterschiedliche Wirkungsdauer. Sie werden nach Bedarf eingenommen, wenn Sie den Geschlechtsverkehr bereits nach 30-60 Minuten erwarten. Sildenafil h\u00e4lt 4-5 Stunden an, w\u00e4hrend Tadalafil bis zu 36 Stunden wirksam bleibt.    <\/p>\n<p>Tadarise wird in der Regel nach Bedarf 5-20 mg vor dem Sex eingenommen. Auch f\u00fcr den t\u00e4glichen Gebrauch ist eine sichere Dosis 2,5-5 mg. <\/p>\n<p>Um die Behandlung mit Malegra zu beginnen, nehmen Sie am besten 50 mg ein. Wenn Sie sich gut f\u00fchlen, k\u00f6nnen Sie die Dosis auf bis zu 100 mg erh\u00f6hen, im Falle von Nebenwirkungen ist es besser, die Dosis auf 25 mg zu reduzieren. Eine Pille kann nur einmal pro Tag eingenommen werden. <\/p>\n<p>Konsultieren Sie vor der Einnahme einen Facharzt. Befolgen Sie die Ratschl\u00e4ge Ihres Arztes und die Packungsbeilage f\u00fcr eine sichere und optimale Behandlung.<\/p>\n[\/vc_column][vc_column width=&#8221;1\/2&#8243;]\n<h2>M\u00f6gliche Nebenwirkungen<\/h2>\n<p>PDE5-Hemmer k\u00f6nnen negative Auswirkungen haben. Solche Reaktionen k\u00f6nnen je nach Reaktion auf das Medikament, Einhaltung der Medikation und dem allgemeinen Gesundheitszustand des Patienten variieren. Sie werden als h\u00e4ufig\/weniger gef\u00e4hrlich und selten\/gef\u00e4hrlicher eingestuft.  <\/p>\n<p>Kurz gesagt, die h\u00e4ufigsten negativen Auswirkungen dieser Medikamente sind:<\/p>\n<div class=\"su-divider su-divider-style-default\" style=\"margin:10px 0;border-width:3px;border-color:#ffffff00\"><a href=\"#\" style=\"color:#ffffff009\">.<\/a><\/div>\n<ul>\n<li>R\u00f6tung (W\u00e4rme, Kribbeln oder R\u00f6tung);<\/li>\n<li>Schwindel, Kopfschmerzen;<\/li>\n<li>Nasenbluten;<\/li>\n<li>Schlaflosigkeit;<\/li>\n<li>Muskelschmerzen, R\u00fcckenschmerzen;<\/li>\n<li>Magenverstimmung.<\/li>\n<\/ul>\n<p>Zu den seltenen, aber ernsthaften Nebenwirkungen geh\u00f6ren Priapismus, Sehst\u00f6rungen, H\u00f6rverlust und niedriger Blutdruck.<\/p>\n<p>Es ist immer notwendig, vor der Einnahme einen Arzt zu konsultieren und beim Auftreten merkw\u00fcrdiger Symptome sofort medizinische Hilfe in Anspruch zu nehmen.<\/p>\n<div class=\"su-divider su-divider-style-default\" style=\"margin:10px 0;border-width:3px;border-color:#ffffff00\"><a href=\"#\" style=\"color:#ffffff009\">.<\/a><\/div>\n<h2>Gegenanzeigen und Vorsichtsma\u00dfnahmen<\/h2>\n<p>Es ist unbedenklich, Medikamente gegen Impotenz mit Nahrung einzunehmen. Es ist jedoch besser, die Pillen auf n\u00fcchternen Magen einzunehmen, da durch fetthaltiges Essen die Zeit, in der die Medikamente zu wirken beginnen, l\u00e4nger dauern kann. Die Kombination mit Alkohol kann jedoch den Blutdruck erheblich senken und einige noch nie dagewesene negative Auswirkungen haben, aber es kann sicher sein, wenn es in sehr kleinen Mengen eingenommen wird. Bei der Einnahme von PDE5-Hemmern kann es zu Wechselwirkungen mit anderen Medikamenten oder mit Krankheiten kommen.   <\/p>\n<p>Zu den Wechselwirkungen mit Krankheiten geh\u00f6ren:<\/p>\n<div class=\"su-divider su-divider-style-default\" style=\"margin:10px 0;border-width:3px;border-color:#ffffff00\"><a href=\"#\" style=\"color:#ffffff009\">.<\/a><\/div>\n<ul>\n<li>Herz-Kreislauf-Erkrankungen;<\/li>\n<li>H\u00f6rverlust;<\/li>\n<li>Lebererkrankung;<\/li>\n<li>Nierenfunktionsst\u00f6rung;<\/li>\n<li>Lungenerkrankung;<\/li>\n<li>Priapismus;<\/li>\n<li>Alkoholismus;<\/li>\n<li>Anfallskrankheiten;<\/li>\n<li>Retinitis pigmentosa.<\/li>\n<\/ul>\n<p>Wechselwirkungen mit anderen Medikamenten sind m\u00f6glich:<\/p>\n<div class=\"su-divider su-divider-style-default\" style=\"margin:10px 0;border-width:3px;border-color:#ffffff00\"><a href=\"#\" style=\"color:#ffffff009\">.<\/a><\/div>\n<ul>\n<li>Medikamente gegen Angina pectoris (Nitrate);<\/li>\n<li>Alpha-Blocker;<\/li>\n<li>Antiepileptika;<\/li>\n<li>HIV-Medikamente;<\/li>\n<li>Medikamente gegen Magens\u00e4ure;<\/li>\n<li>orale Antimykotika;<\/li>\n<li>Antibiotika;<\/li>\n<li>andere ED &amp; PAH Tabletten.<\/li>\n<\/ul>\n<p>Medikamente oder Krankheiten wirken bei jedem Menschen anders. Diese Liste ist nicht vollst\u00e4ndig. Es ist wichtig, dass Sie einen Facharzt konsultieren, um Ihren Gesundheitszustand und die Medikamente, die Sie einnehmen, zu beurteilen. Es ist am besten, Medikamente nicht zu mischen, um unerw\u00fcnschte Wirkungen zu vermeiden.   <\/p>\n<div class=\"su-divider su-divider-style-default\" style=\"margin:10px 0;border-width:3px;border-color:#ffffff00\"><a href=\"#\" style=\"color:#ffffff009\">.<\/a><\/div>\n<h2>Verbrauchererfahrung<\/h2>\n<p>Kombipackungen sind g\u00fcnstig und helfen, viel Geld zu sparen. F\u00fcr die meisten M\u00e4nner, die an ED leiden, sind beide Medikamente die wirksamsten Mittel. Allerdings wirkt Tadarise schneller als Malegra, was viele Anwender als gro\u00dfen Vorteil betrachten. Dennoch sind beide Medikamente sehr wirksam, wenn es darum geht, eine anhaltende und feste Peniserektion zu erreichen.   <\/p>\n<p>Bei richtiger Anwendung und optimaler Wirksamkeit helfen sie perfekt bei ED, einem der gr\u00f6\u00dften sexuellen Probleme des Mannes. Bei den meisten Menschen k\u00f6nnen die \u00fcblichen negativen Auswirkungen auftreten, die jedoch mit der Zeit abklingen. Um positive Ergebnisse zu erzielen, sollten Sie vor der Einnahme unbedingt einen Arzt konsultieren.  <\/p>\n<div class=\"su-divider su-divider-style-default\" style=\"margin:10px 0;border-width:3px;border-color:#ffffff00\"><a href=\"#\" style=\"color:#ffffff009\">.<\/a><\/div>\n<h2>Wie Sie Male Force ED Pack online erhalten<\/h2>\n<p><a href=\"https:\/\/buymodafinilonline.com\/de\/\">BuyModafinilOnline<\/a> ist die beste Online-Apotheke, um rezeptfreie Medikamente zu kaufen, einschlie\u00dflich Male Force ED Pack. BMO bezieht hochwertige ED-Pillen von <a href=\"https:\/\/buymodafinilonline.com\/de\/sollten-wir-sun-pharma-und-hab-pharma-vertrauen\/\">zugelassenen Herstellern<\/a>. Unsere Medikamente werden zu den Herstellungskosten verkauft. Das kommt jedem Mann zugute, der auf preiswerte Optionen Wert legt. Kaufen Sie vertrauensvoll ein und sparen Sie mehr Geld, indem Sie unsere <a href=\"https:\/\/buymodafinilonline.com\/coupons-deals-promo-codes\/\">Gutscheine und Rabatte<\/a> nutzen (insbesondere 23% Rabatt, wenn Sie mit <a href=\"https:\/\/buymodafinilonline.com\/de\/mit-bitcoin-zahlen-33-rabatt-erhalten\/\">Bitcoin<\/a> einkaufen). Verpassen Sie nicht die Chance, die verf\u00fcgbaren Gutscheine zu nutzen!     <\/p>\n<p>Unser <a href=\"https:\/\/buymodafinilonline.com\/de\/besten-modafinil-lieferanten-deutschland\/\">Versand<\/a> ist f\u00fcr die meisten Teile der Welt ausgezeichnet. Im Falle einer fehlgeschlagenen Lieferung ist eine volle <a href=\"https:\/\/buymodafinilonline.com\/refund-reshipment\/\">R\u00fcckerstattung oder eine erneute Lieferung<\/a> zu 100% garantiert. BMO verf\u00fcgt \u00fcber eine praktische Website, auf der Sie hilfreiche Informationen zu jeder Phase des Kaufprozesses finden &#8211; von der Landung bis zur Kasse.  <\/p>\n<div class=\"su-divider su-divider-style-default\" style=\"margin:10px 0;border-width:3px;border-color:#ffffff00\"><a href=\"#\" style=\"color:#ffffff009\">.<\/a><\/div>\n[\/vc_column]\n","protected":false},"excerpt":{"rendered":"<p>P.S. Stellen Sie sicher, dass<strong> Sie Ihre Pr\u00e4ferenzen f\u00fcr das Male Force ED Pack<\/strong> im Feld Besondere Anmerkungen auf der Seite Kasse (unter der Lieferadresse)<strong> angeben<\/strong>.<\/p>\n<p>Sollten Sie vergessen haben, Ihre Kombinationspr\u00e4ferenzen anzugeben, werden wir standardm\u00e4\u00dfig 50% der Malegra 100mg (Viagra-Generikum) und 50% der Tadarise 20mg (Cialis-Generikum) Pillen einschlie\u00dfen.<\/p>\n<p>Dieses Sparpaket enth\u00e4lt NICHT Modalert, Waklert oder sublinguales Modafil MD. Probieren Sie stattdessen unser spezielles <a href=\"https:\/\/buymodafinilonline.com\/smart-drugs\/superb-combo-pack\/\">Superb Combo Pack<\/a>. <\/p>\n[sc name=\"s1\"]\n","protected":false},"featured_media":398089,"comment_status":"open","ping_status":"closed","template":"","meta":{"_acf_changed":false},"product_brand":[],"product_cat":[4231,4236,3786],"product_tag":[8784,8792,8798,8802],"class_list":{"0":"post-410297","1":"product","2":"type-product","3":"status-publish","4":"has-post-thumbnail","6":"product_cat-bestseller","7":"product_cat-kombipacks","8":"product_cat-smart-drugs-brands","9":"product_tag-cialis-de","10":"product_tag-dapoxetine-de","11":"product_tag-levitra-de","12":"product_tag-viagra-de","14":"first","15":"instock","16":"sale","17":"shipping-taxable","18":"purchasable","19":"product-type-variable","20":"has-default-attributes"},"acf":[],"yoast_head":"<!-- This site is optimized with the Yoast SEO Premium plugin v23.6 (Yoast SEO v27.3) - https:\/\/yoast.com\/product\/yoast-seo-premium-wordpress\/ -->\n<title>Male Force ED Pack (Viagra, Cialis &amp; Levitra) | BuyModafinilOnline.com<\/title>\n<meta name=\"description\" content=\"Das Male Force ED Pack enth\u00e4lt generische Versionen der beliebten Medikamente gegen erektile Dysfunktion: Cialis (Generikum Tadalafil), Viagra (die blaue Pille, Generikum Sildenafil) und Levitra (Generikum Vardenafil).\" \/>\n<meta name=\"robots\" content=\"index, follow, max-snippet:-1, max-image-preview:large, max-video-preview:-1\" \/>\n<link rel=\"canonical\" href=\"https:\/\/buymodafinilonline.com\/de\/smarte-medikamente\/male-force-ed-paket\/\" \/>\n<meta property=\"og:locale\" content=\"de_DE\" \/>\n<meta property=\"og:type\" content=\"article\" \/>\n<meta property=\"og:title\" content=\"Male Force ED Pack (Viagra, Cialis &amp; Levitra)\" \/>\n<meta property=\"og:description\" content=\"Das Male Force ED Pack enth\u00e4lt generische Versionen der beliebten Medikamente gegen erektile Dysfunktion: Cialis (Generikum Tadalafil), Viagra (die blaue Pille, Generikum Sildenafil) und Levitra (Generikum Vardenafil).\" \/>\n<meta property=\"og:url\" content=\"https:\/\/buymodafinilonline.com\/de\/smarte-medikamente\/male-force-ed-paket\/\" \/>\n<meta property=\"og:site_name\" content=\"BuyModafinilOnline.com\" \/>\n<meta property=\"article:modified_time\" content=\"2026-01-28T19:13:34+00:00\" \/>\n<meta property=\"og:image\" content=\"https:\/\/buymodafinilonline.com\/wp-content\/uploads\/2020\/04\/product-bmo-male-force-4.png\" \/>\n\t<meta property=\"og:image:width\" content=\"1280\" \/>\n\t<meta property=\"og:image:height\" content=\"1500\" \/>\n\t<meta property=\"og:image:type\" content=\"image\/png\" \/>\n<meta name=\"twitter:label1\" content=\"Gesch\u00e4tzte Lesezeit\" \/>\n\t<meta name=\"twitter:data1\" content=\"6\u00a0Minuten\" \/>\n<script type=\"application\/ld+json\" class=\"yoast-schema-graph\">{\"@context\":\"https:\\\/\\\/schema.org\",\"@graph\":[{\"@type\":\"WebPage\",\"@id\":\"https:\\\/\\\/buymodafinilonline.com\\\/de\\\/smarte-medikamente\\\/male-force-ed-paket\\\/\",\"url\":\"https:\\\/\\\/buymodafinilonline.com\\\/de\\\/smarte-medikamente\\\/male-force-ed-paket\\\/\",\"name\":\"Male Force ED Pack (Viagra, Cialis &amp; Levitra) | BuyModafinilOnline.com\",\"isPartOf\":{\"@id\":\"https:\\\/\\\/buymodafinilonline.com\\\/de\\\/#website\"},\"primaryImageOfPage\":{\"@id\":\"https:\\\/\\\/buymodafinilonline.com\\\/de\\\/smarte-medikamente\\\/male-force-ed-paket\\\/#primaryimage\"},\"image\":{\"@id\":\"https:\\\/\\\/buymodafinilonline.com\\\/de\\\/smarte-medikamente\\\/male-force-ed-paket\\\/#primaryimage\"},\"thumbnailUrl\":\"https:\\\/\\\/buymodafinilonline.com\\\/wp-content\\\/uploads\\\/2020\\\/04\\\/product-bmo-male-force-4.png\",\"datePublished\":\"2020-04-06T20:30:34+00:00\",\"dateModified\":\"2026-01-28T19:13:34+00:00\",\"description\":\"Das Male Force ED Pack enth\u00e4lt generische Versionen der beliebten Medikamente gegen erektile Dysfunktion: Cialis (Generikum Tadalafil), Viagra (die blaue Pille, Generikum Sildenafil) und Levitra (Generikum Vardenafil).\",\"breadcrumb\":{\"@id\":\"https:\\\/\\\/buymodafinilonline.com\\\/de\\\/smarte-medikamente\\\/male-force-ed-paket\\\/#breadcrumb\"},\"inLanguage\":\"de\",\"potentialAction\":[{\"@type\":\"ReadAction\",\"target\":[\"https:\\\/\\\/buymodafinilonline.com\\\/de\\\/smarte-medikamente\\\/male-force-ed-paket\\\/\"]}]},{\"@type\":\"ImageObject\",\"inLanguage\":\"de\",\"@id\":\"https:\\\/\\\/buymodafinilonline.com\\\/de\\\/smarte-medikamente\\\/male-force-ed-paket\\\/#primaryimage\",\"url\":\"https:\\\/\\\/buymodafinilonline.com\\\/wp-content\\\/uploads\\\/2020\\\/04\\\/product-bmo-male-force-4.png\",\"contentUrl\":\"https:\\\/\\\/buymodafinilonline.com\\\/wp-content\\\/uploads\\\/2020\\\/04\\\/product-bmo-male-force-4.png\",\"width\":1280,\"height\":1500,\"caption\":\"Male Force ED Paket (Viagra, Cialis &amp; Levitra)\"},{\"@type\":\"BreadcrumbList\",\"@id\":\"https:\\\/\\\/buymodafinilonline.com\\\/de\\\/smarte-medikamente\\\/male-force-ed-paket\\\/#breadcrumb\",\"itemListElement\":[{\"@type\":\"ListItem\",\"position\":1,\"name\":\"Buy Modafinil Online\",\"item\":\"https:\\\/\\\/buymodafinilonline.com\\\/de\\\/\"},{\"@type\":\"ListItem\",\"position\":2,\"name\":\"Shop\",\"item\":\"https:\\\/\\\/buymodafinilonline.com\\\/de\\\/shop-2\\\/\"},{\"@type\":\"ListItem\",\"position\":3,\"name\":\"Bestseller\",\"item\":\"https:\\\/\\\/buymodafinilonline.com\\\/de\\\/produkt-kategorie\\\/bestseller\\\/\"},{\"@type\":\"ListItem\",\"position\":4,\"name\":\"Male Force ED Pack (Viagra, Cialis &amp; Levitra)\"}]},{\"@type\":\"WebSite\",\"@id\":\"https:\\\/\\\/buymodafinilonline.com\\\/de\\\/#website\",\"url\":\"https:\\\/\\\/buymodafinilonline.com\\\/de\\\/\",\"name\":\"BuyModafinilOnline.com\",\"description\":\"Modafinil Online Pharmacy\",\"publisher\":{\"@id\":\"https:\\\/\\\/buymodafinilonline.com\\\/de\\\/#organization\"},\"potentialAction\":[{\"@type\":\"SearchAction\",\"target\":{\"@type\":\"EntryPoint\",\"urlTemplate\":\"https:\\\/\\\/buymodafinilonline.com\\\/de\\\/?s={search_term_string}\"},\"query-input\":{\"@type\":\"PropertyValueSpecification\",\"valueRequired\":true,\"valueName\":\"search_term_string\"}}],\"inLanguage\":\"de\"},{\"@type\":\"Organization\",\"@id\":\"https:\\\/\\\/buymodafinilonline.com\\\/de\\\/#organization\",\"name\":\"BuyModafinilOnline\",\"url\":\"https:\\\/\\\/buymodafinilonline.com\\\/de\\\/\",\"logo\":{\"@type\":\"ImageObject\",\"inLanguage\":\"de\",\"@id\":\"https:\\\/\\\/buymodafinilonline.com\\\/de\\\/#\\\/schema\\\/logo\\\/image\\\/\",\"url\":\"https:\\\/\\\/buymodafinilonline.com\\\/wp-content\\\/uploads\\\/2020\\\/04\\\/logo-buy-modafinil-online-yellow.png\",\"contentUrl\":\"https:\\\/\\\/buymodafinilonline.com\\\/wp-content\\\/uploads\\\/2020\\\/04\\\/logo-buy-modafinil-online-yellow.png\",\"width\":200,\"height\":200,\"caption\":\"BuyModafinilOnline\"},\"image\":{\"@id\":\"https:\\\/\\\/buymodafinilonline.com\\\/de\\\/#\\\/schema\\\/logo\\\/image\\\/\"}}]}<\/script>\n<!-- \/ Yoast SEO Premium plugin. -->","yoast_head_json":{"title":"Male Force ED Pack (Viagra, Cialis &amp; Levitra) | BuyModafinilOnline.com","description":"Das Male Force ED Pack enth\u00e4lt generische Versionen der beliebten Medikamente gegen erektile Dysfunktion: Cialis (Generikum Tadalafil), Viagra (die blaue Pille, Generikum Sildenafil) und Levitra (Generikum Vardenafil).","robots":{"index":"index","follow":"follow","max-snippet":"max-snippet:-1","max-image-preview":"max-image-preview:large","max-video-preview":"max-video-preview:-1"},"canonical":"https:\/\/buymodafinilonline.com\/de\/smarte-medikamente\/male-force-ed-paket\/","og_locale":"de_DE","og_type":"article","og_title":"Male Force ED Pack (Viagra, Cialis &amp; Levitra)","og_description":"Das Male Force ED Pack enth\u00e4lt generische Versionen der beliebten Medikamente gegen erektile Dysfunktion: Cialis (Generikum Tadalafil), Viagra (die blaue Pille, Generikum Sildenafil) und Levitra (Generikum Vardenafil).","og_url":"https:\/\/buymodafinilonline.com\/de\/smarte-medikamente\/male-force-ed-paket\/","og_site_name":"BuyModafinilOnline.com","article_modified_time":"2026-01-28T19:13:34+00:00","og_image":[{"width":1280,"height":1500,"url":"https:\/\/buymodafinilonline.com\/wp-content\/uploads\/2020\/04\/product-bmo-male-force-4.png","type":"image\/png"}],"twitter_misc":{"Gesch\u00e4tzte Lesezeit":"6\u00a0Minuten"},"schema":{"@context":"https:\/\/schema.org","@graph":[{"@type":"WebPage","@id":"https:\/\/buymodafinilonline.com\/de\/smarte-medikamente\/male-force-ed-paket\/","url":"https:\/\/buymodafinilonline.com\/de\/smarte-medikamente\/male-force-ed-paket\/","name":"Male Force ED Pack (Viagra, Cialis &amp; Levitra) | BuyModafinilOnline.com","isPartOf":{"@id":"https:\/\/buymodafinilonline.com\/de\/#website"},"primaryImageOfPage":{"@id":"https:\/\/buymodafinilonline.com\/de\/smarte-medikamente\/male-force-ed-paket\/#primaryimage"},"image":{"@id":"https:\/\/buymodafinilonline.com\/de\/smarte-medikamente\/male-force-ed-paket\/#primaryimage"},"thumbnailUrl":"https:\/\/buymodafinilonline.com\/wp-content\/uploads\/2020\/04\/product-bmo-male-force-4.png","datePublished":"2020-04-06T20:30:34+00:00","dateModified":"2026-01-28T19:13:34+00:00","description":"Das Male Force ED Pack enth\u00e4lt generische Versionen der beliebten Medikamente gegen erektile Dysfunktion: Cialis (Generikum Tadalafil), Viagra (die blaue Pille, Generikum Sildenafil) und Levitra (Generikum Vardenafil).","breadcrumb":{"@id":"https:\/\/buymodafinilonline.com\/de\/smarte-medikamente\/male-force-ed-paket\/#breadcrumb"},"inLanguage":"de","potentialAction":[{"@type":"ReadAction","target":["https:\/\/buymodafinilonline.com\/de\/smarte-medikamente\/male-force-ed-paket\/"]}]},{"@type":"ImageObject","inLanguage":"de","@id":"https:\/\/buymodafinilonline.com\/de\/smarte-medikamente\/male-force-ed-paket\/#primaryimage","url":"https:\/\/buymodafinilonline.com\/wp-content\/uploads\/2020\/04\/product-bmo-male-force-4.png","contentUrl":"https:\/\/buymodafinilonline.com\/wp-content\/uploads\/2020\/04\/product-bmo-male-force-4.png","width":1280,"height":1500,"caption":"Male Force ED Paket (Viagra, Cialis &amp; Levitra)"},{"@type":"BreadcrumbList","@id":"https:\/\/buymodafinilonline.com\/de\/smarte-medikamente\/male-force-ed-paket\/#breadcrumb","itemListElement":[{"@type":"ListItem","position":1,"name":"Buy Modafinil Online","item":"https:\/\/buymodafinilonline.com\/de\/"},{"@type":"ListItem","position":2,"name":"Shop","item":"https:\/\/buymodafinilonline.com\/de\/shop-2\/"},{"@type":"ListItem","position":3,"name":"Bestseller","item":"https:\/\/buymodafinilonline.com\/de\/produkt-kategorie\/bestseller\/"},{"@type":"ListItem","position":4,"name":"Male Force ED Pack (Viagra, Cialis &amp; Levitra)"}]},{"@type":"WebSite","@id":"https:\/\/buymodafinilonline.com\/de\/#website","url":"https:\/\/buymodafinilonline.com\/de\/","name":"BuyModafinilOnline.com","description":"Modafinil Online Pharmacy","publisher":{"@id":"https:\/\/buymodafinilonline.com\/de\/#organization"},"potentialAction":[{"@type":"SearchAction","target":{"@type":"EntryPoint","urlTemplate":"https:\/\/buymodafinilonline.com\/de\/?s={search_term_string}"},"query-input":{"@type":"PropertyValueSpecification","valueRequired":true,"valueName":"search_term_string"}}],"inLanguage":"de"},{"@type":"Organization","@id":"https:\/\/buymodafinilonline.com\/de\/#organization","name":"BuyModafinilOnline","url":"https:\/\/buymodafinilonline.com\/de\/","logo":{"@type":"ImageObject","inLanguage":"de","@id":"https:\/\/buymodafinilonline.com\/de\/#\/schema\/logo\/image\/","url":"https:\/\/buymodafinilonline.com\/wp-content\/uploads\/2020\/04\/logo-buy-modafinil-online-yellow.png","contentUrl":"https:\/\/buymodafinilonline.com\/wp-content\/uploads\/2020\/04\/logo-buy-modafinil-online-yellow.png","width":200,"height":200,"caption":"BuyModafinilOnline"},"image":{"@id":"https:\/\/buymodafinilonline.com\/de\/#\/schema\/logo\/image\/"}}]}},"_links":{"self":[{"href":"https:\/\/buymodafinilonline.com\/de\/wp-json\/wp\/v2\/product\/410297","targetHints":{"allow":["GET"]}}],"collection":[{"href":"https:\/\/buymodafinilonline.com\/de\/wp-json\/wp\/v2\/product"}],"about":[{"href":"https:\/\/buymodafinilonline.com\/de\/wp-json\/wp\/v2\/types\/product"}],"replies":[{"embeddable":true,"href":"https:\/\/buymodafinilonline.com\/de\/wp-json\/wp\/v2\/comments?post=410297"}],"wp:featuredmedia":[{"embeddable":true,"href":"https:\/\/buymodafinilonline.com\/de\/wp-json\/wp\/v2\/media\/398089"}],"wp:attachment":[{"href":"https:\/\/buymodafinilonline.com\/de\/wp-json\/wp\/v2\/media?parent=410297"}],"wp:term":[{"taxonomy":"product_brand","embeddable":true,"href":"https:\/\/buymodafinilonline.com\/de\/wp-json\/wp\/v2\/product_brand?post=410297"},{"taxonomy":"product_cat","embeddable":true,"href":"https:\/\/buymodafinilonline.com\/de\/wp-json\/wp\/v2\/product_cat?post=410297"},{"taxonomy":"product_tag","embeddable":true,"href":"https:\/\/buymodafinilonline.com\/de\/wp-json\/wp\/v2\/product_tag?post=410297"}],"curies":[{"name":"wp","href":"https:\/\/api.w.org\/{rel}","templated":true}]}}