{"id":410516,"date":"2020-04-06T20:59:52","date_gmt":"2020-04-06T19:59:52","guid":{"rendered":"https:\/\/buymodafinilonline.com\/smart-drugs\/modvigil-artvigil-kombi-sparpaket\/"},"modified":"2026-01-15T18:26:45","modified_gmt":"2026-01-15T17:26:45","slug":"modvigil-artvigil-kombi-sparpaket","status":"publish","type":"product","link":"https:\/\/buymodafinilonline.com\/de\/smarte-medikamente\/modvigil-artvigil-kombi-sparpaket\/","title":{"rendered":"Modvigil &amp; Artvigil Saver Kombi-Paket"},"content":{"rendered":"[vc_column width=&#8221;1\/2&#8243;]\n<h2>Was ist Modvigil &amp; Artvigil Saver Combo Pack?<\/h2>\n<p>Das Modvigil und Artvigil Saver Combo Pack ist eine gro\u00dfartige L\u00f6sung f\u00fcr Anwender von &#8220;intelligenten Drogen&#8221;. Es ist vorteilhaft f\u00fcr diejenigen, die regelm\u00e4\u00dfig Nootropika einnehmen und noch mehr sparen m\u00f6chten. Der Preis f\u00fcr eine Pille h\u00e4ngt von der Menge der Packung ab &#8211; je mehr Pillen Sie kaufen, desto g\u00fcnstiger wird es.  <\/p>\n<p>Dieses Combo Pack enth\u00e4lt zwei beliebte Nootropika:<\/p>\n<div class=\"su-divider su-divider-style-default\" style=\"margin:10px 0;border-width:3px;border-color:#ffffff00\"><a href=\"#\" style=\"color:#ffffff009\">.<\/a><\/div>\n<ul>\n<li><a href=\"https:\/\/buymodafinilonline.com\/de\/smarte-medikamente\/modvigil-200-mg\/\">Modvigil 200mg<\/a> &#8211; Generikum Modafinil;<\/li>\n<li><a href=\"https:\/\/buymodafinilonline.com\/de\/smarte-medikamente\/artvigil-150-mg\/\">Artvigil 150 mg<\/a> &#8211; Generikum Armodafinil.<\/li>\n<\/ul>\n<p>Wenn Sie zur Kasse gehen, stellen Sie sicher, dass Sie Ihre Pr\u00e4ferenzen f\u00fcr das Modvigil &amp; Artvigil Saver Combo Pack im Feld Besondere Anmerkungen auf der <a href=\"https:\/\/buymodafinilonline.com\/de\/zur-kasse\/\">Seite Kasse<\/a> (unter der Lieferadresse) angeben. Sollten Sie vergessen haben, Ihre Pr\u00e4ferenzen f\u00fcr das Kombipaket anzugeben, erhalten Sie standardm\u00e4\u00dfig 50% Artvigil und 50% Modvigil Pillen (beide Medikamente werden von HAB Pharmaceuticals hergestellt). <\/p>\n<p>Und von nun an k\u00f6nnen Sie ED-Pillen hinzuf\u00fcgen, wie:<\/p>\n<div class=\"su-divider su-divider-style-default\" style=\"margin:10px 0;border-width:3px;border-color:#ffffff00\"><a href=\"#\" style=\"color:#ffffff009\">.<\/a><\/div>\n<ul>\n<li>Malegra 100 mg &#8211; Generisches Viagra;<\/li>\n<li>Tadarise 20 mg &#8211; Generisches Cialis;<\/li>\n<li>Vardegra 20 mg &#8211; Generikum Levitra;<\/li>\n<li>und mehr&#8230;<\/li>\n<\/ul>\n<p>Lesen Sie \u00fcber unser Sonderangebot &#8211; <a href=\"https:\/\/buymodafinilonline.com\/de\/smarte-medikamente\/male-force-ed-paket\/\">Male Force ED Pack<\/a>.<\/p>\n<div class=\"su-divider su-divider-style-default\" style=\"margin:10px 0;border-width:3px;border-color:#ffffff00\"><a href=\"#\" style=\"color:#ffffff009\">.<\/a><\/div>\n<h3>Generisches Modvigil 200 mg<\/h3>\n<p>Modvigil ist ein Modafinil-Generikum, das als wachstumsf\u00f6rderndes Mittel eingesetzt wird. Modafinil ist ein verschreibungspflichtiges Medikament, das sowohl als Markenprodukt als auch als Generikum erh\u00e4ltlich ist. Modvigil behandelt exzessive Tagesschl\u00e4frigkeit, die durch Schlafprobleme wie Narkolepsie, obstruktive Schlafapnoe (OSA) und Schlafst\u00f6rungen bei Schichtarbeit verursacht wird.  <\/p>\n<p>\u00c4rzte verschreiben es inoffiziell f\u00fcr Menschen mit ADS\/ADHS, Depressionen, durch Multiple Sklerose bedingter M\u00fcdigkeit, kognitiven Beeintr\u00e4chtigungen, altersbedingtem Ged\u00e4chtnisschwund und anderen damit zusammenh\u00e4ngenden Erkrankungen, da es die Konzentration und den Fokus verbessert und die Wachsamkeit wiederherstellt.<\/p>\n<p>Gesunde Menschen verwenden Modvigil als &#8220;intelligente Droge&#8221;, um ihre kognitiven Funktionen, ihre Produktivit\u00e4t, ihre Energie, ihr Ged\u00e4chtnis und ihre geistige Sch\u00e4rfe zu steigern und um zu lernen und ihre Arbeit zu erledigen.<\/p>\n<div class=\"su-divider su-divider-style-default\" style=\"margin:10px 0;border-width:3px;border-color:#ffffff00\"><a href=\"#\" style=\"color:#ffffff009\">.<\/a><\/div>\n<h3>Generisches Artvigil 150 mg<\/h3>\n<p>Artvigil ist ein Armodafinil-Generikum, das \u00e4hnlich wirkt wie Modvigil. Es ist auch zur Bek\u00e4mpfung von \u00fcberm\u00e4\u00dfiger Tagesschl\u00e4frigkeit im Zusammenhang mit Narkolepsie, OSA und SWSD zugelassen. <\/p>\n<p>Dieses Generikum wird in der Off-Label-Behandlung von chronischem M\u00fcdigkeitssyndrom, Depressionen, ADHS\/ADD und anderen Erkrankungen eingesetzt.<\/p>\n<p>Mehrere gesunde Menschen verwenden Artvigil off-label, um ihre Produktivit\u00e4t zu steigern und ihre kognitiven Funktionen zu verbessern. Artvigil f\u00f6rdert effektiv das logische Denken, das L\u00f6sen von Problemen, die geistige Leistungsf\u00e4higkeit und die Wachsamkeit. <\/p>\n<div class=\"su-divider su-divider-style-default\" style=\"margin:10px 0;border-width:3px;border-color:#ffffff00\"><a href=\"#\" style=\"color:#ffffff009\">.<\/a><\/div>\n<h2>Wie wirken diese Pillen?<\/h2>\n<p>Artvigil enth\u00e4lt den aktiven Wirkstoff Armodafinil, einen Bruder von Modafinil, dem Hauptbestandteil von Modvigil.<\/p>\n<p>Obwohl der Wirkmechanismus dieser Medikamente nicht vollst\u00e4ndig gekl\u00e4rt ist, ist bekannt, dass sie die Wiederaufnahme von Dopamin im Gehirn durch Bindung an den Dopamintransporter hemmen. Dopamin ist ein Neurotransmitter, der im Gehirn gebildet wird und als chemischer Botenstoff zwischen den Neuronen fungiert. Artvigil &amp; Modvigil blockieren andere Nerven und Substanzen, die f\u00fcr die Aufnahme einer gr\u00f6\u00dferen Menge an Dopamin im K\u00f6rper verantwortlich sind.  <\/p>\n<p>Durch diesen Mechanismus erh\u00f6hen diese Medikamente den extrazellul\u00e4ren Dopaminspiegel in einigen Gehirnregionen. Dies f\u00fchrt zu einer gesteigerten Durchblutung, einer Verbesserung der exekutiven Funktionen des Gehirns, des Ged\u00e4chtnisses und der Konzentration und anderen \u00e4hnlichen Effekten. <\/p>\n<div class=\"su-divider su-divider-style-default\" style=\"margin:10px 0;border-width:3px;border-color:#ffffff00\"><a href=\"#\" style=\"color:#ffffff009\">.<\/a><\/div>\n<h2>Sichere Dosierung und richtige Anwendung<\/h2>\n<p>Modvigil 200 mg und Artvigil 150 mg Tabletten sind empfohlene Dosen, aber sie basieren auf dem medizinischen Zustand des Anwenders und seiner Reaktion auf die Behandlung.<\/p>\n<p>Diese Medikamente werden einmal t\u00e4glich eingenommen. Wenn der Patient unter Narkolepsie leidet, sollte die Pille gem\u00e4\u00df der Verschreibung morgens eingenommen werden. Bei der Behandlung von SWSD sollte sie jedoch eine Stunde vor Beginn der Arbeit verabreicht werden.  <\/p>\n<p>Nehmen Sie diese Medikamente nicht selbst ein und verwenden Sie sie nicht au\u00dferhalb der zugelassenen Indikationen, ohne vorher einen Arzt zu konsultieren. Unsichere Dosierungen, wie z.B. eine \u00dcberdosierung oder bei bestimmten Gesundheitszust\u00e4nden, k\u00f6nnen zu Reaktionen f\u00fchren, die Ihrer Gesundheit schaden.<\/p>\n[\/vc_column][vc_column width=&#8221;1\/2&#8243;]\n<h2>M\u00f6gliche Nebenwirkungen<\/h2>\n<p>Modvigil &amp; Artvigil haben eine \u00e4hnliche Wirkung wie Amphetamine oder Methylphenidat, verursachen aber viel weniger negative Reaktionen. Sie wirken gut bei gesunden Personen. <\/p>\n<p>Die h\u00e4ufigsten Nebenwirkungen der beiden Nootropika sind die folgenden:<\/p>\n<div class=\"su-divider su-divider-style-default\" style=\"margin:10px 0;border-width:3px;border-color:#ffffff00\"><a href=\"#\" style=\"color:#ffffff009\">.<\/a><\/div>\n<ul>\n<li>Verstopfte und laufende Nase;<\/li>\n<li>Kopfschmerzen;<\/li>\n<li>Schwindel;<\/li>\n<li>Schlafschwierigkeiten;<\/li>\n<li>\u00e4ngstliche Gef\u00fchle;<\/li>\n<li>Verdauungsst\u00f6rungen;<\/li>\n<li>R\u00fcckenschmerzen;<\/li>\n<li>Nervosit\u00e4t;<\/li>\n<li>Diarrh\u00f6e;<\/li>\n<li>\u00dcbelkeit.<\/li>\n<\/ul>\n<p>Zu den schwerwiegenden, aber seltenen negativen Auswirkungen geh\u00f6ren:<\/p>\n<div class=\"su-divider su-divider-style-default\" style=\"margin:10px 0;border-width:3px;border-color:#ffffff00\"><a href=\"#\" style=\"color:#ffffff009\">.<\/a><\/div>\n<ul>\n<li>Hautausschlag;<\/li>\n<li>abnormaler Herzschlag;<\/li>\n<li>Bienenst\u00f6cke;<\/li>\n<li>blutiger Urin;<\/li>\n<li>hyperaktives Verhalten;<\/li>\n<li>Atembeschwerden;<\/li>\n<li>Selbstmordgedanken;<\/li>\n<li>psychische Probleme und andere.<\/li>\n<\/ul>\n<p>Dies ist keine vollst\u00e4ndige Liste. Bestimmte negative Auswirkungen k\u00f6nnen je nach Ihrem Gesundheitszustand schwerwiegend sein. Sollten Sie irgendwelche merkw\u00fcrdigen Symptome bemerken, informieren Sie Ihren Arzt, um sofortige medizinische Hilfe zu erhalten. <\/p>\n<div class=\"su-divider su-divider-style-default\" style=\"margin:10px 0;border-width:3px;border-color:#ffffff00\"><a href=\"#\" style=\"color:#ffffff009\">.<\/a><\/div>\n<h2>Gegenanzeigen und Vorsichtsma\u00dfnahmen<\/h2>\n<p>Lassen Sie Ihren Gesundheitszustand von einem Arzt beurteilen (insbesondere bei Herz- und Leberproblemen), bevor Sie diese Medikamente einnehmen. Mischen Sie Nootropika nicht mit anderen Medikamenten, da dies zu ernsthaften Wechselwirkungen f\u00fchren kann. Informieren Sie Ihren Arzt \u00fcber alle Arzneimittel, die Sie einnehmen, einschlie\u00dflich pflanzlicher Heilmittel. Wenn Sie Nootropika mit Alkohol mischen, kann dies zu noch nie dagewesenen Nebenwirkungen f\u00fchren. Was Lebensmittel betrifft, so vertragen sich Modvigil und Artvigil gut mit den meisten Produkten au\u00dfer Grapefruit und Grapefruitsaft.    <\/p>\n<p>Es kann zu Wechselwirkungen kommen, wenn &#8220;Smart Pills&#8221; zusammen mit den folgenden Arzneimitteln eingenommen werden:<\/p>\n<ul>\n<li>CYP2C19- und CYP3A4\/5-Substrate;<\/li>\n<li>Monoaminoxidase-Hemmer;<\/li>\n<li>Warfarin;<\/li>\n<li>Medikamente zur Geburtenkontrolle und andere.<\/li>\n<\/ul>\n<p>Dies ist keine vollst\u00e4ndige Liste der m\u00f6glichen Wechselwirkungen mit Medikamenten. Halten Sie sich an die Anweisungen in der Packungsbeilage. <\/p>\n<div class=\"su-divider su-divider-style-default\" style=\"margin:10px 0;border-width:3px;border-color:#ffffff00\"><a href=\"#\" style=\"color:#ffffff009\">.<\/a><\/div>\n<h2>Verbrauchererfahrung<\/h2>\n<p>Eine Kombipackung hilft Ihnen, informierte Erfahrungen zu machen. Diese Medikamente sind sicher und gut vertr\u00e4glich. Bewertungen aus vertrauensw\u00fcrdigen Online-Quellen zeigen, dass Modvigil und Artvigil ergebnisorientierte Medikamente sind, die nicht stimulierend wirken, nicht s\u00fcchtig machen und nur minimale negative Auswirkungen haben. Verschiedene Personen, darunter Top-Profis, Arbeiter, Sportler und Studenten, haben diese Medikamente aufgrund ihrer beeindruckenden Wirkung positiv bewertet.   <\/p>\n<p>Trotz dieser positiven Bewertungen sollten Sie vor der Einnahme dieser Medikamente immer einen Arzt konsultieren, da jeder Mensch anders auf die Medikamente reagieren kann. Beide Medikamente k\u00f6nnen geringf\u00fcgige Nebenwirkungen verursachen, die bei regelm\u00e4\u00dfiger Einnahme abklingen. Nehmen auch Sie sie ein und geben Sie eine Bewertung ab, die auf Ihren Erfahrungen beruht.  <\/p>\n<div class=\"su-divider su-divider-style-default\" style=\"margin:10px 0;border-width:3px;border-color:#ffffff00\"><a href=\"#\" style=\"color:#ffffff009\">.<\/a><\/div>\n<h2>Wie Sie Modvigil \/ Artvigil Saver Combo Pack online erhalten<\/h2>\n<p>Sicherheit mit qualitativ hochwertigen Medikamenten ist eine Priorit\u00e4t, die Sie von einer vertrauensw\u00fcrdigen e-Apotheke erwarten. <a href=\"https:\/\/buymodafinilonline.com\/de\/\">BuyModafinilOnline<\/a> ist neben anderen seri\u00f6sen und zuverl\u00e4ssigen Anbietern von &#8220;Smart Drugs&#8221; die sicherste Online-Apotheke, die echte Augentropfen von zugelassenen Herstellern ohne Rezept anbietet. <\/p>\n<p>Wenn Sie dieses Combo-Pack bestellen, sparen Sie mehr und profitieren davon, dass Sie erfahren, welches Medikament f\u00fcr Sie am besten wirkt. Es gibt auch andere &#8220;<a href=\"https:\/\/buymodafinilonline.com\/smart-drugs-brands\/\">intelligente Medikamente<\/a>&#8221; zu kaufen, die wir zum Herstellungspreis anbieten. Je mehr Tabletten Sie kaufen, desto niedriger sind die Kosten.  <\/p>\n<p>Wir bieten auch <a href=\"https:\/\/buymodafinilonline.com\/free-trial\/\">kostenlose Probepackungen<\/a> von Armodafinil (Artvigil) &amp; Modafinil (Modalert) an &#8211; die beste M\u00f6glichkeit, die Wirksamkeit und Vertr\u00e4glichkeit der &#8220;Smart Drugs&#8221; kostenlos zu testen.<\/p>\n<p>Zahlen Sie mit PayPal, einer Kreditkarte oder <a href=\"https:\/\/buymodafinilonline.com\/de\/mit-bitcoin-zahlen-33-rabatt-erhalten\/\">Bitcoin<\/a>. Wenn Sie Kryptow\u00e4hrungen als Zahlungsoption w\u00e4hlen, erhalten Sie einen Rabatt von 23%. <a href=\"https:\/\/buymodafinilonline.com\/de\/besten-modafinil-lieferanten-deutschland\/\">Der Versand von K\u00e4uferpaketen ist ultraschnell<\/a> &#8211; in die meisten Teile der Welt, einschlie\u00dflich der USA, Singapur, Australien, Gro\u00dfbritannien, Hongkong, mit Ausnahme einiger aufgelisteter L\u00e4nder. BMO bietet eine erneute Zustellung oder eine vollst\u00e4ndige R\u00fcckerstattung f\u00fcr jede fehlgeschlagene Paketzustellung.   <\/p>\n<div class=\"su-divider su-divider-style-default\" style=\"margin:10px 0;border-width:3px;border-color:#ffffff00\"><a href=\"#\" style=\"color:#ffffff009\">.<\/a><\/div>\n[\/vc_column]\n","protected":false},"excerpt":{"rendered":"<p>P.S. Stellen Sie sicher, dass<strong> Sie Ihre Pr\u00e4ferenzen f\u00fcr das Modvigil &amp; Artvigil Saver Combo Pack<\/strong> im Feld Besondere Anmerkungen auf der Seite Kasse (unter der Lieferadresse)<strong> angeben<\/strong>.<\/p>\n<p>F\u00fcr den Fall, dass Sie vergessen haben, Ihre Kombinationspr\u00e4ferenzen anzugeben, werden wir 50 % der Modvigil- und 50 % der Artvigil-Tabletten (beide von HAB Pharma) als Standardset bereitstellen.<\/p>\n<p>Dieses Sparpaket enth\u00e4lt NICHT Modalert, Waklert oder sublinguales Modafil MD. Probieren Sie stattdessen unser spezielles <a href=\"https:\/\/buymodafinilonline.com\/smart-drugs\/superb-combo-pack\/\">Superb Combo Pack<\/a>. <\/p>\n[sc name=\"s1\"]\n","protected":false},"featured_media":410524,"comment_status":"closed","ping_status":"closed","template":"","meta":{"_acf_changed":false},"product_brand":[],"product_cat":[4236,3786],"product_tag":[4950,4014],"class_list":{"0":"post-410516","1":"product","2":"type-product","3":"status-publish","4":"has-post-thumbnail","6":"product_cat-kombipacks","7":"product_cat-smart-drugs-brands","8":"product_tag-armodafinil-de-2","9":"product_tag-modafinil-de","11":"first","12":"instock","13":"sale","14":"shipping-taxable","15":"purchasable","16":"product-type-variable","17":"has-default-attributes"},"acf":[],"yoast_head":"<!-- This site is optimized with the Yoast SEO Premium plugin v23.6 (Yoast SEO v27.3) - https:\/\/yoast.com\/product\/yoast-seo-premium-wordpress\/ -->\n<title>Modvigil &amp; Artvigil Saver Kombi-Paket | BuyModafinilOnline.com<\/title>\n<meta name=\"description\" content=\"Das Modvigil\/Artvigil Saver Combo Pack ist eine gro\u00dfartige L\u00f6sung f\u00fcr alle, die regelm\u00e4\u00dfig Smart Drugs einnehmen und noch mehr sparen m\u00f6chten. Der Preis f\u00fcr eine Pille h\u00e4ngt von der Menge der Packung ab - je mehr Pillen Sie kaufen, desto billiger ist sie.\" \/>\n<meta name=\"robots\" content=\"index, follow, max-snippet:-1, max-image-preview:large, max-video-preview:-1\" \/>\n<link rel=\"canonical\" href=\"https:\/\/buymodafinilonline.com\/de\/smarte-medikamente\/modvigil-artvigil-kombi-sparpaket\/\" \/>\n<meta property=\"og:locale\" content=\"de_DE\" \/>\n<meta property=\"og:type\" content=\"article\" \/>\n<meta property=\"og:title\" content=\"Modvigil &amp; Artvigil Saver Kombi-Paket\" \/>\n<meta property=\"og:description\" content=\"Das Modvigil\/Artvigil Saver Combo Pack ist eine gro\u00dfartige L\u00f6sung f\u00fcr alle, die regelm\u00e4\u00dfig Smart Drugs einnehmen und noch mehr sparen m\u00f6chten. Der Preis f\u00fcr eine Pille h\u00e4ngt von der Menge der Packung ab - je mehr Pillen Sie kaufen, desto billiger ist sie.\" \/>\n<meta property=\"og:url\" content=\"https:\/\/buymodafinilonline.com\/de\/smarte-medikamente\/modvigil-artvigil-kombi-sparpaket\/\" \/>\n<meta property=\"og:site_name\" content=\"BuyModafinilOnline.com\" \/>\n<meta property=\"article:modified_time\" content=\"2026-01-15T17:26:45+00:00\" \/>\n<meta property=\"og:image\" content=\"https:\/\/buymodafinilonline.com\/wp-content\/uploads\/2020\/04\/product-bmo-Artvigill-Modvigil-2.png\" \/>\n\t<meta property=\"og:image:width\" content=\"1280\" \/>\n\t<meta property=\"og:image:height\" content=\"1500\" \/>\n\t<meta property=\"og:image:type\" content=\"image\/png\" \/>\n<meta name=\"twitter:label1\" content=\"Gesch\u00e4tzte Lesezeit\" \/>\n\t<meta name=\"twitter:data1\" content=\"6\u00a0Minuten\" \/>\n<script type=\"application\/ld+json\" class=\"yoast-schema-graph\">{\"@context\":\"https:\\\/\\\/schema.org\",\"@graph\":[{\"@type\":\"WebPage\",\"@id\":\"https:\\\/\\\/buymodafinilonline.com\\\/de\\\/smarte-medikamente\\\/modvigil-artvigil-kombi-sparpaket\\\/\",\"url\":\"https:\\\/\\\/buymodafinilonline.com\\\/de\\\/smarte-medikamente\\\/modvigil-artvigil-kombi-sparpaket\\\/\",\"name\":\"Modvigil &amp; Artvigil Saver Kombi-Paket | BuyModafinilOnline.com\",\"isPartOf\":{\"@id\":\"https:\\\/\\\/buymodafinilonline.com\\\/de\\\/#website\"},\"primaryImageOfPage\":{\"@id\":\"https:\\\/\\\/buymodafinilonline.com\\\/de\\\/smarte-medikamente\\\/modvigil-artvigil-kombi-sparpaket\\\/#primaryimage\"},\"image\":{\"@id\":\"https:\\\/\\\/buymodafinilonline.com\\\/de\\\/smarte-medikamente\\\/modvigil-artvigil-kombi-sparpaket\\\/#primaryimage\"},\"thumbnailUrl\":\"https:\\\/\\\/buymodafinilonline.com\\\/wp-content\\\/uploads\\\/2020\\\/04\\\/product-bmo-Artvigill-Modvigil-2.png\",\"datePublished\":\"2020-04-06T19:59:52+00:00\",\"dateModified\":\"2026-01-15T17:26:45+00:00\",\"description\":\"Das Modvigil\\\/Artvigil Saver Combo Pack ist eine gro\u00dfartige L\u00f6sung f\u00fcr alle, die regelm\u00e4\u00dfig Smart Drugs einnehmen und noch mehr sparen m\u00f6chten. Der Preis f\u00fcr eine Pille h\u00e4ngt von der Menge der Packung ab - je mehr Pillen Sie kaufen, desto billiger ist sie.\",\"breadcrumb\":{\"@id\":\"https:\\\/\\\/buymodafinilonline.com\\\/de\\\/smarte-medikamente\\\/modvigil-artvigil-kombi-sparpaket\\\/#breadcrumb\"},\"inLanguage\":\"de\",\"potentialAction\":[{\"@type\":\"ReadAction\",\"target\":[\"https:\\\/\\\/buymodafinilonline.com\\\/de\\\/smarte-medikamente\\\/modvigil-artvigil-kombi-sparpaket\\\/\"]}]},{\"@type\":\"ImageObject\",\"inLanguage\":\"de\",\"@id\":\"https:\\\/\\\/buymodafinilonline.com\\\/de\\\/smarte-medikamente\\\/modvigil-artvigil-kombi-sparpaket\\\/#primaryimage\",\"url\":\"https:\\\/\\\/buymodafinilonline.com\\\/wp-content\\\/uploads\\\/2020\\\/04\\\/product-bmo-Artvigill-Modvigil-2.png\",\"contentUrl\":\"https:\\\/\\\/buymodafinilonline.com\\\/wp-content\\\/uploads\\\/2020\\\/04\\\/product-bmo-Artvigill-Modvigil-2.png\",\"width\":1280,\"height\":1500,\"caption\":\"Modvigil\\\/Artvigil Kombi-Sparpaket\"},{\"@type\":\"BreadcrumbList\",\"@id\":\"https:\\\/\\\/buymodafinilonline.com\\\/de\\\/smarte-medikamente\\\/modvigil-artvigil-kombi-sparpaket\\\/#breadcrumb\",\"itemListElement\":[{\"@type\":\"ListItem\",\"position\":1,\"name\":\"Buy Modafinil Online\",\"item\":\"https:\\\/\\\/buymodafinilonline.com\\\/de\\\/\"},{\"@type\":\"ListItem\",\"position\":2,\"name\":\"Shop\",\"item\":\"https:\\\/\\\/buymodafinilonline.com\\\/de\\\/shop-2\\\/\"},{\"@type\":\"ListItem\",\"position\":3,\"name\":\"Kombipacks\",\"item\":\"https:\\\/\\\/buymodafinilonline.com\\\/de\\\/produkt-kategorie\\\/kombipacks\\\/\"},{\"@type\":\"ListItem\",\"position\":4,\"name\":\"Modvigil &amp; Artvigil Saver Kombi-Paket\"}]},{\"@type\":\"WebSite\",\"@id\":\"https:\\\/\\\/buymodafinilonline.com\\\/de\\\/#website\",\"url\":\"https:\\\/\\\/buymodafinilonline.com\\\/de\\\/\",\"name\":\"BuyModafinilOnline.com\",\"description\":\"Modafinil Online Pharmacy\",\"publisher\":{\"@id\":\"https:\\\/\\\/buymodafinilonline.com\\\/de\\\/#organization\"},\"potentialAction\":[{\"@type\":\"SearchAction\",\"target\":{\"@type\":\"EntryPoint\",\"urlTemplate\":\"https:\\\/\\\/buymodafinilonline.com\\\/de\\\/?s={search_term_string}\"},\"query-input\":{\"@type\":\"PropertyValueSpecification\",\"valueRequired\":true,\"valueName\":\"search_term_string\"}}],\"inLanguage\":\"de\"},{\"@type\":\"Organization\",\"@id\":\"https:\\\/\\\/buymodafinilonline.com\\\/de\\\/#organization\",\"name\":\"BuyModafinilOnline\",\"url\":\"https:\\\/\\\/buymodafinilonline.com\\\/de\\\/\",\"logo\":{\"@type\":\"ImageObject\",\"inLanguage\":\"de\",\"@id\":\"https:\\\/\\\/buymodafinilonline.com\\\/de\\\/#\\\/schema\\\/logo\\\/image\\\/\",\"url\":\"https:\\\/\\\/buymodafinilonline.com\\\/wp-content\\\/uploads\\\/2020\\\/04\\\/logo-buy-modafinil-online-yellow.png\",\"contentUrl\":\"https:\\\/\\\/buymodafinilonline.com\\\/wp-content\\\/uploads\\\/2020\\\/04\\\/logo-buy-modafinil-online-yellow.png\",\"width\":200,\"height\":200,\"caption\":\"BuyModafinilOnline\"},\"image\":{\"@id\":\"https:\\\/\\\/buymodafinilonline.com\\\/de\\\/#\\\/schema\\\/logo\\\/image\\\/\"}}]}<\/script>\n<!-- \/ Yoast SEO Premium plugin. -->","yoast_head_json":{"title":"Modvigil &amp; Artvigil Saver Kombi-Paket | BuyModafinilOnline.com","description":"Das Modvigil\/Artvigil Saver Combo Pack ist eine gro\u00dfartige L\u00f6sung f\u00fcr alle, die regelm\u00e4\u00dfig Smart Drugs einnehmen und noch mehr sparen m\u00f6chten. Der Preis f\u00fcr eine Pille h\u00e4ngt von der Menge der Packung ab - je mehr Pillen Sie kaufen, desto billiger ist sie.","robots":{"index":"index","follow":"follow","max-snippet":"max-snippet:-1","max-image-preview":"max-image-preview:large","max-video-preview":"max-video-preview:-1"},"canonical":"https:\/\/buymodafinilonline.com\/de\/smarte-medikamente\/modvigil-artvigil-kombi-sparpaket\/","og_locale":"de_DE","og_type":"article","og_title":"Modvigil &amp; Artvigil Saver Kombi-Paket","og_description":"Das Modvigil\/Artvigil Saver Combo Pack ist eine gro\u00dfartige L\u00f6sung f\u00fcr alle, die regelm\u00e4\u00dfig Smart Drugs einnehmen und noch mehr sparen m\u00f6chten. Der Preis f\u00fcr eine Pille h\u00e4ngt von der Menge der Packung ab - je mehr Pillen Sie kaufen, desto billiger ist sie.","og_url":"https:\/\/buymodafinilonline.com\/de\/smarte-medikamente\/modvigil-artvigil-kombi-sparpaket\/","og_site_name":"BuyModafinilOnline.com","article_modified_time":"2026-01-15T17:26:45+00:00","og_image":[{"width":1280,"height":1500,"url":"https:\/\/buymodafinilonline.com\/wp-content\/uploads\/2020\/04\/product-bmo-Artvigill-Modvigil-2.png","type":"image\/png"}],"twitter_misc":{"Gesch\u00e4tzte Lesezeit":"6\u00a0Minuten"},"schema":{"@context":"https:\/\/schema.org","@graph":[{"@type":"WebPage","@id":"https:\/\/buymodafinilonline.com\/de\/smarte-medikamente\/modvigil-artvigil-kombi-sparpaket\/","url":"https:\/\/buymodafinilonline.com\/de\/smarte-medikamente\/modvigil-artvigil-kombi-sparpaket\/","name":"Modvigil &amp; Artvigil Saver Kombi-Paket | BuyModafinilOnline.com","isPartOf":{"@id":"https:\/\/buymodafinilonline.com\/de\/#website"},"primaryImageOfPage":{"@id":"https:\/\/buymodafinilonline.com\/de\/smarte-medikamente\/modvigil-artvigil-kombi-sparpaket\/#primaryimage"},"image":{"@id":"https:\/\/buymodafinilonline.com\/de\/smarte-medikamente\/modvigil-artvigil-kombi-sparpaket\/#primaryimage"},"thumbnailUrl":"https:\/\/buymodafinilonline.com\/wp-content\/uploads\/2020\/04\/product-bmo-Artvigill-Modvigil-2.png","datePublished":"2020-04-06T19:59:52+00:00","dateModified":"2026-01-15T17:26:45+00:00","description":"Das Modvigil\/Artvigil Saver Combo Pack ist eine gro\u00dfartige L\u00f6sung f\u00fcr alle, die regelm\u00e4\u00dfig Smart Drugs einnehmen und noch mehr sparen m\u00f6chten. Der Preis f\u00fcr eine Pille h\u00e4ngt von der Menge der Packung ab - je mehr Pillen Sie kaufen, desto billiger ist sie.","breadcrumb":{"@id":"https:\/\/buymodafinilonline.com\/de\/smarte-medikamente\/modvigil-artvigil-kombi-sparpaket\/#breadcrumb"},"inLanguage":"de","potentialAction":[{"@type":"ReadAction","target":["https:\/\/buymodafinilonline.com\/de\/smarte-medikamente\/modvigil-artvigil-kombi-sparpaket\/"]}]},{"@type":"ImageObject","inLanguage":"de","@id":"https:\/\/buymodafinilonline.com\/de\/smarte-medikamente\/modvigil-artvigil-kombi-sparpaket\/#primaryimage","url":"https:\/\/buymodafinilonline.com\/wp-content\/uploads\/2020\/04\/product-bmo-Artvigill-Modvigil-2.png","contentUrl":"https:\/\/buymodafinilonline.com\/wp-content\/uploads\/2020\/04\/product-bmo-Artvigill-Modvigil-2.png","width":1280,"height":1500,"caption":"Modvigil\/Artvigil Kombi-Sparpaket"},{"@type":"BreadcrumbList","@id":"https:\/\/buymodafinilonline.com\/de\/smarte-medikamente\/modvigil-artvigil-kombi-sparpaket\/#breadcrumb","itemListElement":[{"@type":"ListItem","position":1,"name":"Buy Modafinil Online","item":"https:\/\/buymodafinilonline.com\/de\/"},{"@type":"ListItem","position":2,"name":"Shop","item":"https:\/\/buymodafinilonline.com\/de\/shop-2\/"},{"@type":"ListItem","position":3,"name":"Kombipacks","item":"https:\/\/buymodafinilonline.com\/de\/produkt-kategorie\/kombipacks\/"},{"@type":"ListItem","position":4,"name":"Modvigil &amp; Artvigil Saver Kombi-Paket"}]},{"@type":"WebSite","@id":"https:\/\/buymodafinilonline.com\/de\/#website","url":"https:\/\/buymodafinilonline.com\/de\/","name":"BuyModafinilOnline.com","description":"Modafinil Online Pharmacy","publisher":{"@id":"https:\/\/buymodafinilonline.com\/de\/#organization"},"potentialAction":[{"@type":"SearchAction","target":{"@type":"EntryPoint","urlTemplate":"https:\/\/buymodafinilonline.com\/de\/?s={search_term_string}"},"query-input":{"@type":"PropertyValueSpecification","valueRequired":true,"valueName":"search_term_string"}}],"inLanguage":"de"},{"@type":"Organization","@id":"https:\/\/buymodafinilonline.com\/de\/#organization","name":"BuyModafinilOnline","url":"https:\/\/buymodafinilonline.com\/de\/","logo":{"@type":"ImageObject","inLanguage":"de","@id":"https:\/\/buymodafinilonline.com\/de\/#\/schema\/logo\/image\/","url":"https:\/\/buymodafinilonline.com\/wp-content\/uploads\/2020\/04\/logo-buy-modafinil-online-yellow.png","contentUrl":"https:\/\/buymodafinilonline.com\/wp-content\/uploads\/2020\/04\/logo-buy-modafinil-online-yellow.png","width":200,"height":200,"caption":"BuyModafinilOnline"},"image":{"@id":"https:\/\/buymodafinilonline.com\/de\/#\/schema\/logo\/image\/"}}]}},"_links":{"self":[{"href":"https:\/\/buymodafinilonline.com\/de\/wp-json\/wp\/v2\/product\/410516","targetHints":{"allow":["GET"]}}],"collection":[{"href":"https:\/\/buymodafinilonline.com\/de\/wp-json\/wp\/v2\/product"}],"about":[{"href":"https:\/\/buymodafinilonline.com\/de\/wp-json\/wp\/v2\/types\/product"}],"replies":[{"embeddable":true,"href":"https:\/\/buymodafinilonline.com\/de\/wp-json\/wp\/v2\/comments?post=410516"}],"wp:featuredmedia":[{"embeddable":true,"href":"https:\/\/buymodafinilonline.com\/de\/wp-json\/wp\/v2\/media\/410524"}],"wp:attachment":[{"href":"https:\/\/buymodafinilonline.com\/de\/wp-json\/wp\/v2\/media?parent=410516"}],"wp:term":[{"taxonomy":"product_brand","embeddable":true,"href":"https:\/\/buymodafinilonline.com\/de\/wp-json\/wp\/v2\/product_brand?post=410516"},{"taxonomy":"product_cat","embeddable":true,"href":"https:\/\/buymodafinilonline.com\/de\/wp-json\/wp\/v2\/product_cat?post=410516"},{"taxonomy":"product_tag","embeddable":true,"href":"https:\/\/buymodafinilonline.com\/de\/wp-json\/wp\/v2\/product_tag?post=410516"}],"curies":[{"name":"wp","href":"https:\/\/api.w.org\/{rel}","templated":true}]}}