{"id":446781,"date":"2022-08-26T08:37:26","date_gmt":"2022-08-26T07:37:26","guid":{"rendered":"https:\/\/buymodafinilonline.com\/smart-drugs\/armodaxl-150-mg\/"},"modified":"2026-03-25T21:21:22","modified_gmt":"2026-03-25T20:21:22","slug":"armodaxl-150-mg","status":"publish","type":"product","link":"https:\/\/buymodafinilonline.com\/de\/smarte-medikamente\/armodaxl-150-mg\/","title":{"rendered":"ArmodaXL 150 MG"},"content":{"rendered":"[vc_column width=&#8221;1\/2&#8243;]\n<h2>Was ist ArmodaXL 150 mg?<\/h2>\n<p>ArmodaXL 150 mg ist ein Generikum von Nuvigil, dem Markenmedikament zur Behandlung von \u00fcberm\u00e4\u00dfiger Tagesschl\u00e4frigkeit, die durch bestimmte Schlafst\u00f6rungen verursacht wird. Es enth\u00e4lt 150 mg Armodafinil als Wirkstoff und hat eine etwas st\u00e4rkere Wirkung als einige andere generische Marken.<\/p>\n<p>Wie sein Markenprodukt ist auch ArmodaXL von der Food and Drug Administration zugelassen und wird h\u00e4ufig zur Behandlung von OSA, SWSD und Narkolepsie verschrieben. Viele gesunde Menschen verwenden es jedoch zur Verbesserung ihrer kognitiven Funktionen.<\/p>\n<p>ArmodaXL hat eine etwas st\u00e4rkere Wirkung als Provigil und seine generischen Marken wie <a href=\"https:\/\/buymodafinilonline.com\/de\/smarte-medikamente\/modaxl-200-mg\/\">ModaXL<\/a>, <a href=\"https:\/\/buymodafinilonline.com\/smart-drugs\/modalert-200-mg-tablets\/\">Modalert<\/a> und <a href=\"https:\/\/buymodafinilonline.com\/smart-drugs\/modaheal-200-mg-tablets\/\">Modaheal<\/a>. Daher kann es f\u00fcr Personen hilfreich sein, denen Nootropika auf Modafinil-Basis nicht stark genug sind.<\/p>\n<p>Es ist sicher und gut vertr\u00e4glich. Es ist jedoch nur f\u00fcr die Anwendung bei Personen ab 18 Jahren geeignet. Es ist nicht sicher f\u00fcr schwangere Frauen, stillende M\u00fctter und Menschen mit bestimmten Grunderkrankungen. Konsultieren Sie Ihren Arzt, bevor Sie eine Behandlung mit dem Pr\u00e4parat beginnen.<\/p>\n<h2>Wie wirken diese Pillen?<\/h2>\n<p>ArmodaXL hat den gleichen Wirkmechanismus wie sein Markenprodukt, da es Armodafinil als Wirkstoff enth\u00e4lt. Obwohl die Forscher noch nicht genau wissen, wie es funktioniert, wissen sie, dass es mit dem Gehalt bestimmter Neurotransmitter im Gehirn zusammenh\u00e4ngt.<\/p>\n<p>Es ist bekannt, dass der Gehalt an Dopamin, Serotonin und Gamma-Aminobutters\u00e4ure neben einigen anderen Neurotransmittern im Gehirn die Stimmung und den Wach-Schlaf-Zyklus beeinflusst. Forscher gehen davon aus, dass ArmodaXL die Menge dieser Chemikalien reguliert und sie auf die f\u00fcr Spitzenleistungen erforderlichen Werte einstellt.<\/p>\n<h2>Sichere Dosierung und richtige Anwendung<\/h2>\n<p>ArmodaXL muss richtig angewendet werden, um die besten Ergebnisse bei minimalem Risiko f\u00fcr unerw\u00fcnschte Wirkungen zu erzielen. Die \u00fcbliche Anfangsdosis betr\u00e4gt 150 mg, kann aber je nach Vertr\u00e4glichkeit oder Empfindlichkeit des Anwenders angepasst werden.<\/p>\n<p>Der Zeitpunkt der Verabreichung kann je nach der zu behandelnden Erkrankung variieren. Zun\u00e4chst einmal muss die Pille zur Behandlung von obstruktiver Schlafapnoe und Narkolepsie fr\u00fch am Morgen eingenommen werden. Bei der Behandlung von Schlafst\u00f6rungen durch Schichtarbeit muss die Pille jedoch etwa 1 Stunde vor Beginn der Schicht eingenommen werden.<\/p>\n<p>Au\u00dferdem darf nur eine einzige Dosis pro Tag eingenommen werden; die Einnahme mehrerer Dosen kann das Risiko schwerer Nebenwirkungen erh\u00f6hen. Die Tabletten sind im Ganzen mit reichlich Wasser zu schlucken. Es ist nicht ratsam, die Tabletten zu schnupfen oder in Wasser aufzul\u00f6sen, um sie zu trinken, da sich dadurch die f\u00fcr die Wirksamkeit des Medikaments erforderliche Dosis ver\u00e4ndern kann.<\/p>\n<p>ArmodaXL ist ein verschreibungspflichtiges Medikament; daher ist es wichtig, es mit Vorsicht zu verwenden. Konsultieren Sie einen Arzt oder Gesundheitsdienstleister, bevor Sie eine Behandlung mit dem Medikament beginnen.<\/p>\n<h2>M\u00f6gliche Nebenwirkungen<\/h2>\n<p>Wir haben bereits erw\u00e4hnt, dass ArmodaXL sicher und gut vertr\u00e4glich ist; das ist richtig, aber es ist erw\u00e4hnenswert, dass es nicht ohne Nebenwirkungen ist. Bei manchen Erstanwendern treten h\u00e4ufig unerw\u00fcnschte Wirkungen wie \u00dcbelkeit, Magenverstimmung, Schwindel, laufende Nase oder Kopfschmerzen auf. Sie entstehen oft als Folge der Bem\u00fchungen des K\u00f6rpers, sich an das in den Blutkreislauf eingef\u00fchrte Medikament zu gew\u00f6hnen. Diese Art von Nebenwirkungen sind in der Regel nur von kurzer Dauer und verschwinden in der Regel ohne Behandlung.<\/p>\n<p>Es gibt schwerwiegendere unerw\u00fcnschte Wirkungen im Zusammenhang mit dem Medikament. Sie werden in der Regel durch \u00dcberdosierung oder andere Formen des Missbrauchs verursacht. Einige von ihnen sind:<\/p>\n<ul>\n<li>Brustschmerzen;<\/li>\n<li>Fieber;<\/li>\n<li>Stimmungsschwankungen;<\/li>\n<li>schneller oder unregelm\u00e4\u00dfiger Herzschlag;<\/li>\n<li>Halluzinationen;<\/li>\n<li>Depression;<\/li>\n<li>\u00c4ngste.<\/li>\n<\/ul>\n[\/vc_column][vc_column width=&#8221;1\/2&#8243;]\nEs sei darauf hingewiesen, dass diese unerw\u00fcnschten Wirkungen lebensbedrohlich werden k\u00f6nnen, wenn sie nicht beachtet werden. Daher ist es ratsam, bei Auftreten eines dieser Symptome dringend einen Arzt aufzusuchen. Konsultieren Sie Ihren Arzt, bevor Sie mit der Behandlung mit diesem Arzneimittel beginnen.<\/p>\n<h2>Gegenanzeigen und Vorsichtsma\u00dfnahmen<\/h2>\n<p>Bei der Verwendung von ArmodaXL ist es wichtig, einige Medikamente, Getr\u00e4nke oder Getr\u00e4nke, die Wechselwirkungen verursachen k\u00f6nnen, zu vermeiden oder abzusetzen. Wechselwirkungen k\u00f6nnen die Wirksamkeit eines oder mehrerer kombinierter Arzneimittel verringern oder sogar das Risiko von Nebenwirkungen erh\u00f6hen.<\/p>\n<p>Die folgenden Medikamente sind zu vermeiden:<\/p>\n<ul>\n<li>Bosutinib;<\/li>\n<li>Rifampin\/Rifadin;<\/li>\n<li>Clopidogrel;<\/li>\n<li>Deflazacort;<\/li>\n<li>Beruhigungsmittel wie Midazolam\/Versed, Triazolam\/Halcion, oder Diazepam\/Valium;<\/li>\n<li>Antimykotika wie Itraconazol\/Sporanox oder Ketoconazol\/Nizoral.<\/li>\n<\/ul>\n<p>Beachten Sie, dass es mehrere andere Medikamente gibt, die mit ArmodaXL interagieren, die oben nicht aufgef\u00fchrt sind. Eine umfassendere Liste finden Sie in der Packungsbeilage des Arzneimittels und bei Ihrem Arzt.<\/p>\n<p>Au\u00dferdem sollten Sie w\u00e4hrend, vor oder nach der Einnahme dieses Arzneimittels keinen Alkohol zu sich nehmen, da dies zu einem Blackout f\u00fchren oder das Risiko von Nebenwirkungen erh\u00f6hen kann. Es ist bekannt, dass fettreiche Lebensmittel das Einsetzen der Wirkung verz\u00f6gern. Sprechen Sie mit Ihrem Arzt, bevor Sie eine Behandlung mit ArmodaXL beginnen.<\/p>\n<p><img fetchpriority=\"high\" decoding=\"async\" class=\"alignnone size-full wp-image-473835\" src=\"https:\/\/buymodafinilonline.com\/wp-content\/uploads\/2024\/05\/ArmodaXL-Certificate-of-Analysis.png\" alt=\"\" width=\"1600\" height=\"2071\" srcset=\"https:\/\/buymodafinilonline.com\/wp-content\/uploads\/2024\/05\/ArmodaXL-Certificate-of-Analysis.png 1600w, https:\/\/buymodafinilonline.com\/wp-content\/uploads\/2024\/05\/ArmodaXL-Certificate-of-Analysis-232x300.png 232w, https:\/\/buymodafinilonline.com\/wp-content\/uploads\/2024\/05\/ArmodaXL-Certificate-of-Analysis-791x1024.png 791w, https:\/\/buymodafinilonline.com\/wp-content\/uploads\/2024\/05\/ArmodaXL-Certificate-of-Analysis-768x994.png 768w, https:\/\/buymodafinilonline.com\/wp-content\/uploads\/2024\/05\/ArmodaXL-Certificate-of-Analysis-1187x1536.png 1187w, https:\/\/buymodafinilonline.com\/wp-content\/uploads\/2024\/05\/ArmodaXL-Certificate-of-Analysis-1582x2048.png 1582w, https:\/\/buymodafinilonline.com\/wp-content\/uploads\/2024\/05\/ArmodaXL-Certificate-of-Analysis-990x1281.png 990w, https:\/\/buymodafinilonline.com\/wp-content\/uploads\/2024\/05\/ArmodaXL-Certificate-of-Analysis-441x571.png 441w, https:\/\/buymodafinilonline.com\/wp-content\/uploads\/2024\/05\/ArmodaXL-Certificate-of-Analysis-300x388.png 300w, https:\/\/buymodafinilonline.com\/wp-content\/uploads\/2024\/05\/ArmodaXL-Certificate-of-Analysis-800x1036.png 800w, https:\/\/buymodafinilonline.com\/wp-content\/uploads\/2024\/05\/ArmodaXL-Certificate-of-Analysis-150x194.png 150w\" sizes=\"(max-width: 1600px) 100vw, 1600px\" \/><\/p>\n<h2>Verbrauchererfahrung<\/h2>\n<p>Die \u00fcberwiegende Mehrheit der Menschen, die dieses Medikament ausprobiert haben, haben ihm aufgrund seiner Wirksamkeit, Vertr\u00e4glichkeit, einfachen Anwendung und vor allem seines viel schnelleren Wirkungseintritts ein gutes Zeugnis ausgestellt. ArmodaXL enth\u00e4lt zwar Armodafinil wie andere Nuvigil-Generika, aber seine einzigartige Mischung aus inaktiven Inhaltsstoffen sorgt daf\u00fcr, dass die Wirkung schneller einsetzt.<\/p>\n<p>Menschen mit Schlafst\u00f6rungen, aber auch gesunde Menschen, die es zu Arbeits- oder Studienzwecken einnehmen, sagen, dass es &#8220;wie Magie wirkt&#8221;. Angesichts der gro\u00dfen Akzeptanz und des positiven Feedbacks, das das neue Medikament erh\u00e4lt, scheint es f\u00fcr ein relativ breites Spektrum von Personen wirksam zu sein. Daher ist die Wahrscheinlichkeit gro\u00df, dass es auch bei Ihnen wirkt, egal ob Sie eine Schlafst\u00f6rung behandeln oder Ihre kognitiven F\u00e4higkeiten verbessern wollen. Konsultieren Sie unbedingt Ihren Arzt, bevor Sie eine Behandlung mit dem Pr\u00e4parat beginnen.<\/p>\n<h2>Generisches ArmodaXL 150mg (Armodafinil) online kaufen<\/h2>\n<p>ArmodaXL 150 mg ist ein hochwirksames Medikament, und Sie k\u00f6nnen es g\u00fcnstig in unserer Online-Apotheke bekommen. Sie k\u00f6nnen jede Pille f\u00fcr $ 1,69 + kostenloser Versand erhalten, wenn Sie 100 Pillen auf einmal kaufen und so niedrig wie $ 0,99, wenn Sie 500 Pillen kaufen. Sie sparen eine Menge Geld, wenn Sie 500 Pillen kaufen (1 Jahr und 4 Monate), und es gibt keinen Grund, sich \u00fcber das Verfallsdatum Gedanken zu machen, da jede Pillenpackung mindestens 3 Jahre lang haltbar ist.<\/p>\n<p><a href=\"https:\/\/buymodafinilonline.com\/de\/\">BuyModafinilOnline<\/a> ist der beste Ort, um dieses Medikament zu kaufen, weil wir Anreize bieten, damit Sie den besten Wert f\u00fcr Ihr Geld bekommen. Einige der Vorteile, die Sie haben, sind:<\/p>\n<ul>\n<li>eine 100%ige Geld-zur\u00fcck-Garantie;<\/li>\n<li><a href=\"https:\/\/buymodafinilonline.com\/de\/besten-modafinil-lieferanten-deutschland\/\">Kostenloser Standardversand<\/a> bei Bestellungen \u00fcber $130;<\/li>\n<li>hochwertige Produkte mit 100%iger Reinheit;<\/li>\n<li><a href=\"https:\/\/buymodafinilonline.com\/coupons-deals-promo-codes\/\">erstaunliche Rabatte<\/a>, einschlie\u00dflich eines <a href=\"https:\/\/buymodafinilonline.com\/bitcoin-payment\/\">23%igen Sonderrabatts<\/a> f\u00fcr Krypto-Zahlungen.<\/li>\n<\/ul>\n<p>Wir erf\u00fcllen Bestellungen in alle Teile der Welt \u00fcber unsere relativ umfangreichen Versanddienste. Inlandslieferungen von den USA in die USA \u00fcber USPS und von Gro\u00dfbritannien in das Vereinigte K\u00f6nigreich \u00fcber Royal Mail sind ebenfalls m\u00f6glich. Bei diesen Optionen haben Lieferungen innerhalb der USA und des Vereinigten K\u00f6nigreichs in der Regel eine Wartezeit von 3-4 Tagen bzw. 5 Tagen.<\/p>\n<p>Wir akzeptieren PayPal, AmEx, Bitcoin und alle g\u00e4ngigen Debitkarten. Die Transaktionen sind auf unserer Plattform immer sicher und reibungslos, da sie durch eine Firewall und ein SSL-Zertifikat gesch\u00fctzt ist.<\/p>\n<p>Kein Rezept? Kein Problem! Bestellen Sie jetzt und lassen Sie sich hochwertige ArmodaXL 150 Pillen direkt nach Hause liefern.<\/p>\n[\/vc_column]\n","protected":false},"excerpt":{"rendered":"<p>Lernen Sie unsere meistverkaufte &#8220;intelligente Droge&#8221; ArmodaXL kennen. Es ist eine verbesserte generische Version von <a href=\"https:\/\/buymodafinilonline.com\/smart-drugs\/generic-nuvigil\/\">Nuvigil<\/a>, die <em><strong>reines Armodafinil<\/strong><\/em> als aktiven Wirkstoff enth\u00e4lt. Seine Absorptionsrate ist <strong><em>5% h\u00f6her<\/em><\/strong> als die von <a href=\"https:\/\/buymodafinilonline.com\/smart-drugs\/waklert-150-mg-tablets\/\">Waklert<\/a>, und seine Spitzenwirkung ist <strong><em>30% st\u00e4rker<\/em><\/strong>und ist daher besser als dieses. Marken wie <a href=\"https:\/\/buymodafinilonline.com\/smart-drugs\/artvigil-150-mg-tablets\/\">Artvigil<\/a> und <a href=\"https:\/\/buymodafinilonline.com\/smart-drugs\/armodavinil-150-mg\/\">Armodavinil<\/a> sind jedoch ausgezeichnete, kosteng\u00fcnstige Alternativen, die bei gelegentlicher Einnahme \u00e4hnliche Vorteile bieten. HOF Pharmaceuticals ist der Hersteller von ArmodaXL. Das Unternehmen ist daf\u00fcr bekannt, dass es in seinen GMP-WHO-zugelassenen Produktionsst\u00e4tten qualitativ hochwertige Generika herstellt.<\/p>\n<p>ArmodaXL-Tabs werden in einer speziell angefertigten Aluminiumverpackung geliefert, in der sie bis zu 3 Jahre lang frisch bleiben. Alle unsere Produkte sind echt; das erkennen Sie an dem <em><strong>U.S.P.-Label<\/strong><\/em> sie tragen.<\/p>\n<p>Wir haben ArmodaXL jetzt zu einem erschwinglichen Preis zum Verkauf angeboten. Wir beziehen die Pillen direkt aus Indien, so dass Sie sicher sein k\u00f6nnen, dass Sie den besten Preis erhalten. Sie k\u00f6nnen jetzt bis zu 1000 Pillen ohne Rezept kaufen. Zahlen Sie mit PayPal, <a href=\"https:\/\/buymodafinilonline.com\/bitcoin-payment\/\">Bitcoin<\/a> oder Kredit-\/Debitkarten.<\/p>\n<p>Kaufen Sie jetzt und lassen Sie sich die Pillen nach Hause liefern.<\/p>\n","protected":false},"featured_media":444290,"comment_status":"closed","ping_status":"closed","template":"","meta":{"_acf_changed":false},"product_brand":[],"product_cat":[4231,3786],"product_tag":[4950],"class_list":{"0":"post-446781","1":"product","2":"type-product","3":"status-publish","4":"has-post-thumbnail","6":"product_cat-bestseller","7":"product_cat-smart-drugs-brands","8":"product_tag-armodafinil-de-2","10":"first","11":"instock","12":"sale","13":"shipping-taxable","14":"purchasable","15":"product-type-variable","16":"has-default-attributes"},"acf":[],"yoast_head":"<!-- This site is optimized with the Yoast SEO Premium plugin v23.6 (Yoast SEO v27.4) - https:\/\/yoast.com\/product\/yoast-seo-premium-wordpress\/ -->\n<title>Kaufen ArmodaXL 150 MG (Armodafinil) Drogen zu einem niedrigen Preis - BuyModafinilOnline<\/title>\n<meta name=\"description\" content=\"Bestellen Sie billig ArmodaXL 150 mg Tabletten online von HOF Pharmaceuticals Hersteller. Kaufen Sie generisches ArmodaXL (Armodafinil) mit gro\u00dfem Rabatt f\u00fcr Bitcoin Zahlung bei BuyModafinilOnline Apotheke!\" \/>\n<meta name=\"robots\" content=\"index, follow, max-snippet:-1, max-image-preview:large, max-video-preview:-1\" \/>\n<link rel=\"canonical\" href=\"https:\/\/buymodafinilonline.com\/de\/smarte-medikamente\/armodaxl-150-mg\/\" \/>\n<meta property=\"og:locale\" content=\"de_DE\" \/>\n<meta property=\"og:type\" content=\"article\" \/>\n<meta property=\"og:title\" content=\"ArmodaXL 150 MG\" \/>\n<meta property=\"og:description\" content=\"Bestellen Sie billig ArmodaXL 150 mg Tabletten online von HOF Pharmaceuticals Hersteller. Kaufen Sie generisches ArmodaXL (Armodafinil) mit gro\u00dfem Rabatt f\u00fcr Bitcoin Zahlung bei BuyModafinilOnline Apotheke!\" \/>\n<meta property=\"og:url\" content=\"https:\/\/buymodafinilonline.com\/de\/smarte-medikamente\/armodaxl-150-mg\/\" \/>\n<meta property=\"og:site_name\" content=\"BuyModafinilOnline.com\" \/>\n<meta property=\"article:modified_time\" content=\"2026-03-25T20:21:22+00:00\" \/>\n<meta property=\"og:image\" content=\"https:\/\/buymodafinilonline.com\/wp-content\/uploads\/2022\/08\/bmo-product-armodaxl-pack.png\" \/>\n\t<meta property=\"og:image:width\" content=\"1280\" \/>\n\t<meta property=\"og:image:height\" content=\"1500\" \/>\n\t<meta property=\"og:image:type\" content=\"image\/png\" \/>\n<meta name=\"twitter:label1\" content=\"Gesch\u00e4tzte Lesezeit\" \/>\n\t<meta name=\"twitter:data1\" content=\"6\u00a0Minuten\" \/>\n<script type=\"application\/ld+json\" class=\"yoast-schema-graph\">{\"@context\":\"https:\\\/\\\/schema.org\",\"@graph\":[{\"@type\":\"WebPage\",\"@id\":\"https:\\\/\\\/buymodafinilonline.com\\\/de\\\/smarte-medikamente\\\/armodaxl-150-mg\\\/\",\"url\":\"https:\\\/\\\/buymodafinilonline.com\\\/de\\\/smarte-medikamente\\\/armodaxl-150-mg\\\/\",\"name\":\"Kaufen ArmodaXL 150 MG (Armodafinil) Drogen zu einem niedrigen Preis - BuyModafinilOnline\",\"isPartOf\":{\"@id\":\"https:\\\/\\\/buymodafinilonline.com\\\/de\\\/#website\"},\"primaryImageOfPage\":{\"@id\":\"https:\\\/\\\/buymodafinilonline.com\\\/de\\\/smarte-medikamente\\\/armodaxl-150-mg\\\/#primaryimage\"},\"image\":{\"@id\":\"https:\\\/\\\/buymodafinilonline.com\\\/de\\\/smarte-medikamente\\\/armodaxl-150-mg\\\/#primaryimage\"},\"thumbnailUrl\":\"https:\\\/\\\/buymodafinilonline.com\\\/wp-content\\\/uploads\\\/2022\\\/08\\\/bmo-product-armodaxl-pack.png\",\"datePublished\":\"2022-08-26T07:37:26+00:00\",\"dateModified\":\"2026-03-25T20:21:22+00:00\",\"description\":\"Bestellen Sie billig ArmodaXL 150 mg Tabletten online von HOF Pharmaceuticals Hersteller. Kaufen Sie generisches ArmodaXL (Armodafinil) mit gro\u00dfem Rabatt f\u00fcr Bitcoin Zahlung bei BuyModafinilOnline Apotheke!\",\"breadcrumb\":{\"@id\":\"https:\\\/\\\/buymodafinilonline.com\\\/de\\\/smarte-medikamente\\\/armodaxl-150-mg\\\/#breadcrumb\"},\"inLanguage\":\"de\",\"potentialAction\":[{\"@type\":\"ReadAction\",\"target\":[\"https:\\\/\\\/buymodafinilonline.com\\\/de\\\/smarte-medikamente\\\/armodaxl-150-mg\\\/\"]}]},{\"@type\":\"ImageObject\",\"inLanguage\":\"de\",\"@id\":\"https:\\\/\\\/buymodafinilonline.com\\\/de\\\/smarte-medikamente\\\/armodaxl-150-mg\\\/#primaryimage\",\"url\":\"https:\\\/\\\/buymodafinilonline.com\\\/wp-content\\\/uploads\\\/2022\\\/08\\\/bmo-product-armodaxl-pack.png\",\"contentUrl\":\"https:\\\/\\\/buymodafinilonline.com\\\/wp-content\\\/uploads\\\/2022\\\/08\\\/bmo-product-armodaxl-pack.png\",\"width\":1280,\"height\":1500,\"caption\":\"Highest Quality MoodaXL Modafinil Pills 200 mg\"},{\"@type\":\"BreadcrumbList\",\"@id\":\"https:\\\/\\\/buymodafinilonline.com\\\/de\\\/smarte-medikamente\\\/armodaxl-150-mg\\\/#breadcrumb\",\"itemListElement\":[{\"@type\":\"ListItem\",\"position\":1,\"name\":\"Buy Modafinil Online\",\"item\":\"https:\\\/\\\/buymodafinilonline.com\\\/de\\\/\"},{\"@type\":\"ListItem\",\"position\":2,\"name\":\"Shop\",\"item\":\"https:\\\/\\\/buymodafinilonline.com\\\/de\\\/shop-2\\\/\"},{\"@type\":\"ListItem\",\"position\":3,\"name\":\"Bestseller\",\"item\":\"https:\\\/\\\/buymodafinilonline.com\\\/de\\\/produkt-kategorie\\\/bestseller\\\/\"},{\"@type\":\"ListItem\",\"position\":4,\"name\":\"ArmodaXL 150 MG\"}]},{\"@type\":\"WebSite\",\"@id\":\"https:\\\/\\\/buymodafinilonline.com\\\/de\\\/#website\",\"url\":\"https:\\\/\\\/buymodafinilonline.com\\\/de\\\/\",\"name\":\"BuyModafinilOnline.com\",\"description\":\"Modafinil Online Pharmacy\",\"publisher\":{\"@id\":\"https:\\\/\\\/buymodafinilonline.com\\\/de\\\/#organization\"},\"potentialAction\":[{\"@type\":\"SearchAction\",\"target\":{\"@type\":\"EntryPoint\",\"urlTemplate\":\"https:\\\/\\\/buymodafinilonline.com\\\/de\\\/?s={search_term_string}\"},\"query-input\":{\"@type\":\"PropertyValueSpecification\",\"valueRequired\":true,\"valueName\":\"search_term_string\"}}],\"inLanguage\":\"de\"},{\"@type\":\"Organization\",\"@id\":\"https:\\\/\\\/buymodafinilonline.com\\\/de\\\/#organization\",\"name\":\"BuyModafinilOnline\",\"url\":\"https:\\\/\\\/buymodafinilonline.com\\\/de\\\/\",\"logo\":{\"@type\":\"ImageObject\",\"inLanguage\":\"de\",\"@id\":\"https:\\\/\\\/buymodafinilonline.com\\\/de\\\/#\\\/schema\\\/logo\\\/image\\\/\",\"url\":\"https:\\\/\\\/buymodafinilonline.com\\\/wp-content\\\/uploads\\\/2020\\\/04\\\/logo-buy-modafinil-online-yellow.png\",\"contentUrl\":\"https:\\\/\\\/buymodafinilonline.com\\\/wp-content\\\/uploads\\\/2020\\\/04\\\/logo-buy-modafinil-online-yellow.png\",\"width\":200,\"height\":200,\"caption\":\"BuyModafinilOnline\"},\"image\":{\"@id\":\"https:\\\/\\\/buymodafinilonline.com\\\/de\\\/#\\\/schema\\\/logo\\\/image\\\/\"}}]}<\/script>\n<!-- \/ Yoast SEO Premium plugin. -->","yoast_head_json":{"title":"Kaufen ArmodaXL 150 MG (Armodafinil) Drogen zu einem niedrigen Preis - BuyModafinilOnline","description":"Bestellen Sie billig ArmodaXL 150 mg Tabletten online von HOF Pharmaceuticals Hersteller. Kaufen Sie generisches ArmodaXL (Armodafinil) mit gro\u00dfem Rabatt f\u00fcr Bitcoin Zahlung bei BuyModafinilOnline Apotheke!","robots":{"index":"index","follow":"follow","max-snippet":"max-snippet:-1","max-image-preview":"max-image-preview:large","max-video-preview":"max-video-preview:-1"},"canonical":"https:\/\/buymodafinilonline.com\/de\/smarte-medikamente\/armodaxl-150-mg\/","og_locale":"de_DE","og_type":"article","og_title":"ArmodaXL 150 MG","og_description":"Bestellen Sie billig ArmodaXL 150 mg Tabletten online von HOF Pharmaceuticals Hersteller. Kaufen Sie generisches ArmodaXL (Armodafinil) mit gro\u00dfem Rabatt f\u00fcr Bitcoin Zahlung bei BuyModafinilOnline Apotheke!","og_url":"https:\/\/buymodafinilonline.com\/de\/smarte-medikamente\/armodaxl-150-mg\/","og_site_name":"BuyModafinilOnline.com","article_modified_time":"2026-03-25T20:21:22+00:00","og_image":[{"width":1280,"height":1500,"url":"https:\/\/buymodafinilonline.com\/wp-content\/uploads\/2022\/08\/bmo-product-armodaxl-pack.png","type":"image\/png"}],"twitter_misc":{"Gesch\u00e4tzte Lesezeit":"6\u00a0Minuten"},"schema":{"@context":"https:\/\/schema.org","@graph":[{"@type":"WebPage","@id":"https:\/\/buymodafinilonline.com\/de\/smarte-medikamente\/armodaxl-150-mg\/","url":"https:\/\/buymodafinilonline.com\/de\/smarte-medikamente\/armodaxl-150-mg\/","name":"Kaufen ArmodaXL 150 MG (Armodafinil) Drogen zu einem niedrigen Preis - BuyModafinilOnline","isPartOf":{"@id":"https:\/\/buymodafinilonline.com\/de\/#website"},"primaryImageOfPage":{"@id":"https:\/\/buymodafinilonline.com\/de\/smarte-medikamente\/armodaxl-150-mg\/#primaryimage"},"image":{"@id":"https:\/\/buymodafinilonline.com\/de\/smarte-medikamente\/armodaxl-150-mg\/#primaryimage"},"thumbnailUrl":"https:\/\/buymodafinilonline.com\/wp-content\/uploads\/2022\/08\/bmo-product-armodaxl-pack.png","datePublished":"2022-08-26T07:37:26+00:00","dateModified":"2026-03-25T20:21:22+00:00","description":"Bestellen Sie billig ArmodaXL 150 mg Tabletten online von HOF Pharmaceuticals Hersteller. Kaufen Sie generisches ArmodaXL (Armodafinil) mit gro\u00dfem Rabatt f\u00fcr Bitcoin Zahlung bei BuyModafinilOnline Apotheke!","breadcrumb":{"@id":"https:\/\/buymodafinilonline.com\/de\/smarte-medikamente\/armodaxl-150-mg\/#breadcrumb"},"inLanguage":"de","potentialAction":[{"@type":"ReadAction","target":["https:\/\/buymodafinilonline.com\/de\/smarte-medikamente\/armodaxl-150-mg\/"]}]},{"@type":"ImageObject","inLanguage":"de","@id":"https:\/\/buymodafinilonline.com\/de\/smarte-medikamente\/armodaxl-150-mg\/#primaryimage","url":"https:\/\/buymodafinilonline.com\/wp-content\/uploads\/2022\/08\/bmo-product-armodaxl-pack.png","contentUrl":"https:\/\/buymodafinilonline.com\/wp-content\/uploads\/2022\/08\/bmo-product-armodaxl-pack.png","width":1280,"height":1500,"caption":"Highest Quality MoodaXL Modafinil Pills 200 mg"},{"@type":"BreadcrumbList","@id":"https:\/\/buymodafinilonline.com\/de\/smarte-medikamente\/armodaxl-150-mg\/#breadcrumb","itemListElement":[{"@type":"ListItem","position":1,"name":"Buy Modafinil Online","item":"https:\/\/buymodafinilonline.com\/de\/"},{"@type":"ListItem","position":2,"name":"Shop","item":"https:\/\/buymodafinilonline.com\/de\/shop-2\/"},{"@type":"ListItem","position":3,"name":"Bestseller","item":"https:\/\/buymodafinilonline.com\/de\/produkt-kategorie\/bestseller\/"},{"@type":"ListItem","position":4,"name":"ArmodaXL 150 MG"}]},{"@type":"WebSite","@id":"https:\/\/buymodafinilonline.com\/de\/#website","url":"https:\/\/buymodafinilonline.com\/de\/","name":"BuyModafinilOnline.com","description":"Modafinil Online Pharmacy","publisher":{"@id":"https:\/\/buymodafinilonline.com\/de\/#organization"},"potentialAction":[{"@type":"SearchAction","target":{"@type":"EntryPoint","urlTemplate":"https:\/\/buymodafinilonline.com\/de\/?s={search_term_string}"},"query-input":{"@type":"PropertyValueSpecification","valueRequired":true,"valueName":"search_term_string"}}],"inLanguage":"de"},{"@type":"Organization","@id":"https:\/\/buymodafinilonline.com\/de\/#organization","name":"BuyModafinilOnline","url":"https:\/\/buymodafinilonline.com\/de\/","logo":{"@type":"ImageObject","inLanguage":"de","@id":"https:\/\/buymodafinilonline.com\/de\/#\/schema\/logo\/image\/","url":"https:\/\/buymodafinilonline.com\/wp-content\/uploads\/2020\/04\/logo-buy-modafinil-online-yellow.png","contentUrl":"https:\/\/buymodafinilonline.com\/wp-content\/uploads\/2020\/04\/logo-buy-modafinil-online-yellow.png","width":200,"height":200,"caption":"BuyModafinilOnline"},"image":{"@id":"https:\/\/buymodafinilonline.com\/de\/#\/schema\/logo\/image\/"}}]}},"_links":{"self":[{"href":"https:\/\/buymodafinilonline.com\/de\/wp-json\/wp\/v2\/product\/446781","targetHints":{"allow":["GET"]}}],"collection":[{"href":"https:\/\/buymodafinilonline.com\/de\/wp-json\/wp\/v2\/product"}],"about":[{"href":"https:\/\/buymodafinilonline.com\/de\/wp-json\/wp\/v2\/types\/product"}],"replies":[{"embeddable":true,"href":"https:\/\/buymodafinilonline.com\/de\/wp-json\/wp\/v2\/comments?post=446781"}],"wp:featuredmedia":[{"embeddable":true,"href":"https:\/\/buymodafinilonline.com\/de\/wp-json\/wp\/v2\/media\/444290"}],"wp:attachment":[{"href":"https:\/\/buymodafinilonline.com\/de\/wp-json\/wp\/v2\/media?parent=446781"}],"wp:term":[{"taxonomy":"product_brand","embeddable":true,"href":"https:\/\/buymodafinilonline.com\/de\/wp-json\/wp\/v2\/product_brand?post=446781"},{"taxonomy":"product_cat","embeddable":true,"href":"https:\/\/buymodafinilonline.com\/de\/wp-json\/wp\/v2\/product_cat?post=446781"},{"taxonomy":"product_tag","embeddable":true,"href":"https:\/\/buymodafinilonline.com\/de\/wp-json\/wp\/v2\/product_tag?post=446781"}],"curies":[{"name":"wp","href":"https:\/\/api.w.org\/{rel}","templated":true}]}}