{"id":446824,"date":"2022-08-26T07:25:37","date_gmt":"2022-08-26T06:25:37","guid":{"rendered":"https:\/\/buymodafinilonline.com\/smart-drugs\/modaxl-200-mg\/"},"modified":"2026-04-04T16:59:05","modified_gmt":"2026-04-04T15:59:05","slug":"modaxl-200-mg","status":"publish","type":"product","link":"https:\/\/buymodafinilonline.com\/de\/smarte-medikamente\/modaxl-200-mg\/","title":{"rendered":"ModaXL 200 MG"},"content":{"rendered":"[vc_column width=&#8221;1\/2&#8243;]\n<h2>Was ist ModaXL 200 mg?<\/h2>\n<p>ModaXL ist eine der neuesten generischen Versionen von Provigil, die auf dem Markt f\u00fcr Nootropika erh\u00e4ltlich sind. Es enth\u00e4lt 200 mg reines Modafinil als Wirkstoff und wirkt sehr effektiv. Wie sein Markenmedikament ist das Medikament von der Food and Drug Administration (FDA) zur Behandlung von 3 wichtigen Schlafst\u00f6rungen zugelassen: Narkolepsie, obstruktive Schlafapnoe (OSA) und Schlafst\u00f6rungen bei Schichtarbeit.<\/p>\n<p>ModaXL wird auch h\u00e4ufig zur Verbesserung der kognitiven Funktion eingesetzt. Seine kognitionsf\u00f6rdernden Wirkungen sind \u00e4hnlich wie die von Provigil. Sie umfassen:<\/p>\n<ul>\n<li>12+ Stunden Konzentration;<\/li>\n<li>schnellere geistige Verarbeitungsgeschwindigkeit;<\/li>\n<li>erh\u00f6hte Wachsamkeit;<\/li>\n<li>verbessertes Kurzzeitged\u00e4chtnis;<\/li>\n<li>verst\u00e4rkte Konzentration.<\/li>\n<\/ul>\n<p>Interessanterweise hat ModaXL 2 Hauptvorteile, die es von seinen generischen Gegenst\u00fccken wie <a href=\"https:\/\/buymodafinilonline.com\/smart-drugs\/modvigil-200mg-tablets\/\">Modvigil<\/a>, <a href=\"https:\/\/buymodafinilonline.com\/smart-drugs\/modalert-200-mg-tablets\/\">Modalert<\/a> und <a href=\"https:\/\/buymodafinilonline.com\/smart-drugs\/modaheal-200-mg-tablets\/\">Modaheal<\/a>, unter anderem, unterscheiden. Zun\u00e4chst einmal hat es eine um 5 % h\u00f6here Absorptionsrate, was sich in einem viel schnelleren Einsetzen der Wirkung niederschl\u00e4gt. Zweitens ist die Spitzenwirkung um bis zu 30 % st\u00e4rker als bei den \u00e4lteren Versionen. Diese Vorteile machen es zur idealen Option f\u00fcr alle, die so schnell wie m\u00f6glich Spitzenleistungen erbringen wollen, damit sie mehr Arbeit in Rekordzeit erledigen k\u00f6nnen.<\/p>\n<p>ModaXL 200 mg beh\u00e4lt die charakteristischen Eigenschaften von Provigil bei. Es ist sicherer, gut vertr\u00e4glich und hat ein geringes Risiko, abh\u00e4ngig zu machen. Das Medikament ist nur f\u00fcr die Anwendung bei Personen ab 18 Jahren zugelassen.<\/p>\n<p>Es ist ratsam, es unter der Aufsicht eines Arztes oder Gesundheitsdienstleisters zu konsultieren und zu verwenden.<\/p>\n<h2>Wie wirken diese Pillen?<\/h2>\n<p>ModaXL wirkt genau wie Provigil und seine anderen Generika, da es den gleichen Wirkstoff &#8211; Modafinil &#8211; enth\u00e4lt. Es wirkt, indem es den Spiegel von Dopamin, Serotonin, Gamma-Aminobutters\u00e4ure (GABA) und anderen Chemikalien im Gehirn, den so genannten Neurotransmittern, reguliert und einstellt.<\/p>\n<p>Die Konzentration der Chemikalien zu einem bestimmten Zeitpunkt beeinflusst Stimmung, Konzentration, Schl\u00e4frigkeit und Wachsein.<\/p>\n<p>Kurz gesagt, wenn eine ModaXL-Pille eingenommen wird, setzt sie den chemischen Spiegel auf eine Menge, die die Wachheit f\u00f6rdert und die Wahrnehmung verbessert.<\/p>\n<h2>Sichere Dosierung und richtige Anwendung<\/h2>\n<p>Manche Menschen finden Provigil und alle seine generischen Marken unwirksam. Das kann daran liegen, dass das Medikament nicht f\u00fcr sie geeignet ist, aber auch daran, dass bei unsachgem\u00e4\u00dfer Anwendung h\u00e4ufig Nebenwirkungen auftreten oder die erwarteten Ergebnisse ausbleiben.<\/p>\n<p>ModaXL sowie andere Medikamente auf Modafinil-Basis werden zur Behandlung zahlreicher Gesundheitszust\u00e4nde eingesetzt. Folglich k\u00f6nnen die Dosierung und der Zeitpunkt der Verabreichung je nach dem zu behandelnden Zustand variieren und somit das Ergebnis der Anwendung beeinflussen.<\/p>\n<p>Die 200 mg sind die \u00fcbliche Dosis. Je nach Empfindlichkeit und Vertr\u00e4glichkeit kann der Arzt jedoch eine niedrigere oder h\u00f6here Dosierung empfehlen.<\/p>\n<p>F\u00fcr die Behandlung von Narkolepsie und OSA wird 1 Tablette morgens, so fr\u00fch wie m\u00f6glich, eingenommen. Es muss im Ganzen mit einer gro\u00dfen Menge Wasser geschluckt und nicht geschnupft oder in Wasser aufgel\u00f6st getrunken werden. Beachten Sie, dass die Einnahme des Medikaments zu einem sp\u00e4teren Zeitpunkt den n\u00e4chtlichen Schlaf erschweren kann, da die Wirkung in der Regel mehr als 12 Stunden anh\u00e4lt.<\/p>\n<p>Bei der SWSD-Behandlung wird 1 Tablette etwa 1 Stunde vor Beginn der Schicht eingenommen. Es ist zu beachten, dass die Einnahme von mehr als einer Einzeldosis pro Tag das Risiko von unerw\u00fcnschten Wirkungen erh\u00f6hen kann.<\/p>\n<p>Konsultieren Sie einen Arzt, bevor Sie eine Behandlung mit ModaXL oder einem anderen Medikament auf Modafinil-Basis beginnen.<\/p>\n<h2>M\u00f6gliche Nebenwirkungen<\/h2>\n<p>ModaXL ist sicher, gut vertr\u00e4glich und wirksam. Bei einigen Anwendern kann es jedoch zu leichten unerw\u00fcnschten Wirkungen wie Kopfschmerzen, \u00dcbelkeit, Magenverstimmung, laufende Nase und Schwindel kommen.<\/p>\n<p>In den F\u00e4llen, in denen sie auftreten, sind sie in der Regel leicht, kurzlebig und verschwinden ohne Behandlung.<br \/>\n[\/vc_column][vc_column width=&#8221;1\/2&#8243;]\nEs sei darauf hingewiesen, dass je nach Ausma\u00df des Missbrauchs auch schwerere Nebenwirkungen auftreten k\u00f6nnen. Zu den m\u00f6glichen Symptomen geh\u00f6ren:<\/p>\n<ul>\n<li>Schlaflosigkeit;<\/li>\n<li>Angst;<\/li>\n<li>Depression;<\/li>\n<li>Fieber;<\/li>\n<li>R\u00fcckenschmerzen;<\/li>\n<li>Atembeschwerden;<\/li>\n<li>Halluzinationen.<\/li>\n<\/ul>\n<p>Obwohl sie nur selten auftreten, k\u00f6nnen diese Nebenwirkungen schwerwiegend und sogar lebensbedrohlich werden, wenn sie nicht behandelt werden. Es ist ratsam, so schnell wie m\u00f6glich einen Arzt aufzusuchen, wenn eine dieser Beschwerden auftritt.<\/p>\n<h2>Gegenanzeigen und Vorsichtsma\u00dfnahmen<\/h2>\n<p>Es ist ratsam, auf die Medikamente, Nahrungserg\u00e4nzungsmittel oder Kr\u00e4uter zu achten, die Sie w\u00e4hrend der Einnahme von ModaXL verwenden. Dies soll helfen, Wechselwirkungen zu vermeiden. Eine Arzneimittelwechselwirkung kann das Risiko erh\u00f6hen, dass eines oder mehrere der zusammen eingenommenen Arzneimittel unwirksam werden oder sogar das Risiko von Nebenwirkungen erh\u00f6hen.<\/p>\n<p>Die folgenden Medikamente interagieren mit ModaXL und anderen Modafinil-basierten Medikamenten und sollten vermieden werden:<\/p>\n<ul>\n<li>Rifampin\/Rifadin;<\/li>\n<li>Clopidogrel;<\/li>\n<li>Deflazacort;<\/li>\n<li>Bosutinib;<\/li>\n<li>Aufputschmittel (Stra\u00dfendrogen) wie Methamphetamin;<\/li>\n<li>Antimykotika wie Itraconazol\/Sporanox oder Ketoconazol\/Nizoral;<\/li>\n<li>Beruhigungsmittel wie Triazolam\/Halcion, Midazolam\/Versed, oder Diazepam\/Valium.<\/li>\n<\/ul>\n<p>Es ist erw\u00e4hnenswert, dass nicht nur Medikamente, sondern auch bestimmte Lebensmittel, Getr\u00e4nke und Getr\u00e4nke Wechselwirkungen verursachen k\u00f6nnen. Zun\u00e4chst einmal vertr\u00e4gt sich Alkohol nicht gut mit ModaXl, und wenn man ihn w\u00e4hrend, vor oder kurz nach der Einnahme der Pille trinkt, kann dies das Risiko unerw\u00fcnschter Wirkungen erh\u00f6hen und sogar einen Blackout verursachen. Vermeiden Sie au\u00dferdem fettreiche Lebensmittel, die sich nicht gut mit dem Medikament vertragen, da sie den Wirkungseintritt des Medikaments verz\u00f6gern k\u00f6nnen.<\/p>\n<p>Lesen Sie die Packungsbeilage und sprechen Sie mit Ihrem Arzt, um eine umfassendere Liste der Dinge zu erhalten, die Sie bei der Einnahme von ModaXL vermeiden sollten.<\/p>\n<h2>Verbrauchererfahrung<\/h2>\n<p>Obwohl ModaXL relativ neu in der nootropischen Szene ist, gewinnt es zunehmend an Bedeutung. Dies ist wahrscheinlich auf das hohe Ma\u00df an Sicherheit, die einfache Anwendung und die Wirksamkeit zur\u00fcckzuf\u00fchren. Viele Personen, die es als Alternative zu Modalert f\u00fcr die Behandlung von \u00fcberm\u00e4\u00dfiger Tagesaktivit\u00e4t ausprobiert haben, sind der Meinung, dass es &#8220;jeden Cent wert&#8221; ist.<\/p>\n<p><img fetchpriority=\"high\" decoding=\"async\" class=\"alignnone size-full wp-image-452303\" src=\"https:\/\/buymodafinilonline.com\/wp-content\/uploads\/2023\/01\/ModaXL-Certificate-of-Analysis.png\" alt=\"ModaXL 200mg Qualit\u00e4tskontrolle &amp; Analysenzertifikat\" width=\"1600\" height=\"2262\" srcset=\"https:\/\/buymodafinilonline.com\/wp-content\/uploads\/2023\/01\/ModaXL-Certificate-of-Analysis.png 1600w, https:\/\/buymodafinilonline.com\/wp-content\/uploads\/2023\/01\/ModaXL-Certificate-of-Analysis-212x300.png 212w, https:\/\/buymodafinilonline.com\/wp-content\/uploads\/2023\/01\/ModaXL-Certificate-of-Analysis-724x1024.png 724w, https:\/\/buymodafinilonline.com\/wp-content\/uploads\/2023\/01\/ModaXL-Certificate-of-Analysis-768x1086.png 768w, https:\/\/buymodafinilonline.com\/wp-content\/uploads\/2023\/01\/ModaXL-Certificate-of-Analysis-1086x1536.png 1086w, https:\/\/buymodafinilonline.com\/wp-content\/uploads\/2023\/01\/ModaXL-Certificate-of-Analysis-1449x2048.png 1449w, https:\/\/buymodafinilonline.com\/wp-content\/uploads\/2023\/01\/ModaXL-Certificate-of-Analysis-990x1400.png 990w, https:\/\/buymodafinilonline.com\/wp-content\/uploads\/2023\/01\/ModaXL-Certificate-of-Analysis-441x623.png 441w, https:\/\/buymodafinilonline.com\/wp-content\/uploads\/2023\/01\/ModaXL-Certificate-of-Analysis-300x424.png 300w, https:\/\/buymodafinilonline.com\/wp-content\/uploads\/2023\/01\/ModaXL-Certificate-of-Analysis-800x1131.png 800w, https:\/\/buymodafinilonline.com\/wp-content\/uploads\/2023\/01\/ModaXL-Certificate-of-Analysis-150x212.png 150w\" sizes=\"(max-width: 1600px) 100vw, 1600px\" \/><\/p>\n<p>Viele Liebhaber der &#8220;intelligenten Droge&#8221;, die sie wegen ihrer kognitiv f\u00f6rdernden Wirkung ausprobiert haben, berichten, dass sie wirksam und gut vertr\u00e4glich ist. Nach den bisherigen R\u00fcckmeldungen zu urteilen, scheint es, dass ModaXL viele der anderen generischen Modafinil-Marken ersetzen wird. Es ist sicher und d\u00fcrfte bei den meisten Menschen, die es verwenden, die gew\u00fcnschten Ergebnisse erzielen. Es ist jedoch zu beachten, dass die Wirkung von Medikamenten von Mensch zu Mensch unterschiedlich sein kann. Daher ist es ratsam, vor Beginn der Behandlung mit dem Arzneimittel \u00e4rztlichen Rat einzuholen.<\/p>\n<h2>Generisches ModaXL 200mg (Modafinil) online kaufen<\/h2>\n<p>ModaXL ist jetzt zum Verkauf in unserer Online-Apotheke, und Sie k\u00f6nnen es ohne Rezept zu bekommen. Wir bieten einen der besten Preise, die Sie online f\u00fcr hochwertige Pillen finden k\u00f6nnen. Und raten Sie mal, welche Vorteile Sie genie\u00dfen k\u00f6nnen, wenn Sie bei uns kaufen.<\/p>\n<p>F\u00fcr den Anfang bieten wir <a href=\"https:\/\/buymodafinilonline.com\/de\/besten-modafinil-lieferanten-deutschland\/\">kostenlosen Versand<\/a> in die meisten Teile der Welt f\u00fcr Bestellungen von mehr als 100 Pillen aus Indien und Singapur (etwa ein 3-Monats-Vorrat). Wir bieten eine 100%ige Geld-zur\u00fcck-Garantie. Dies bedeutet, dass Sie eine <a href=\"https:\/\/buymodafinilonline.com\/refund-reshipment\/\">volle R\u00fcckerstattung<\/a> erhalten (ohne Fragen zu stellen) oder dass Ihre Bestellung erneut versandt wird, wenn sie verloren geht oder bei der Lieferung besch\u00e4digt wird.<\/p>\n<p>Der Versand erfolgt bei uns immer reibungslos und superschnell. Unsere USA-zu-USA-Lieferungen \u00fcber USPS dauern nur etwa 3-4 Tage und von Gro\u00dfbritannien nach Gro\u00dfbritannien \u00fcber Royal Mail &#8211; 5 Tage. Der Abschluss von Transaktionen auf unserer Plattform ist immer ein Kinderspiel, da wir mehrere <a href=\"https:\/\/buymodafinilonline.com\/billing-credit-card-faq\/\">Zahlungsarten<\/a> akzeptieren &#8211; PayPal, Kryptow\u00e4hrungen und alle wichtigen Debitkarten.<\/p>\n<p>N.B. Bei <a href=\"https:\/\/buymodafinilonline.com\/de\/\">BuyModafinilOnline<\/a> werden alle Zahlungen, die mit <a href=\"https:\/\/buymodafinilonline.com\/bitcoin-payment\/\">Bitcoin<\/a> get\u00e4tigt werden, mit einem speziellen Rabatt von 23% belohnt.<\/p>\n[\/vc_column]\n","protected":false},"excerpt":{"rendered":"<p>Wir stellen eine neue und verbesserte generische Version von <a href=\"https:\/\/buymodafinilonline.com\/smart-drugs\/generic-provigil\/\">Provigil<\/a> vor, die <strong><em>100% reines Modafinil<\/em><\/strong> als aktiven Wirkstoff enth\u00e4lt. Es wird von HOF Pharmaceuticals, einem angesehenen Pharmaunternehmen mit Sitz in Indien, hergestellt und von BuyModafinilOnline, einer f\u00fchrenden Online-Apotheke f\u00fcr Modafinil, vermarktet und gef\u00f6rdert. Das Medikament hat eine Absorptionsrate, die h\u00f6her ist <strong><em>5% h\u00f6her<\/em><\/strong> als die der meisten anderen Generika, und es bietet eine <strong><em>30% st\u00e4rkere Spitzenwirkung<\/em><\/strong>.<\/p>\n<p>Wir bieten auch andere kosteng\u00fcnstige Alternativen mit den gleichen Vorteilen. Dazu geh\u00f6ren unter anderem <a href=\"https:\/\/buymodafinilonline.com\/smart-drugs\/modaheal-200-mg-tablets\/\">Modaheal<\/a>, <a href=\"https:\/\/buymodafinilonline.com\/smart-drugs\/modvigil-200mg-tablets\/\">Modvigil<\/a> und <a href=\"https:\/\/buymodafinilonline.com\/smart-drugs\/modawake-200-mg-tablets\/\">Modawake<\/a>. Unsere Produkte sind echt; das erkennen Sie an dem <em><strong>U.S.P.-Label<\/strong><\/em> sie tragen.<\/p>\n<p>Bei einer Bestellung von mehr als 100 Pillen erhalten Sie automatisch eine <a href=\"https:\/\/buymodafinilonline.com\/shipping\/\">kostenlose, ultraschnelle Lieferung<\/a> bis zu Ihrer Haust\u00fcr. In Anbetracht der interessanten Vorteile ist ModaXL sicherlich das beste Angebot f\u00fcr Ihr Geld.<\/p>\n<p>Bestellen Sie jetzt und holen Sie sich unseren Bestseller zum g\u00fcnstigen Preis. Eine Verschreibung ist nicht erforderlich.<\/p>\n","protected":false},"featured_media":444283,"comment_status":"open","ping_status":"closed","template":"","meta":{"_acf_changed":false},"product_brand":[],"product_cat":[4231,3786],"product_tag":[4014],"class_list":{"0":"post-446824","1":"product","2":"type-product","3":"status-publish","4":"has-post-thumbnail","6":"product_cat-bestseller","7":"product_cat-smart-drugs-brands","8":"product_tag-modafinil-de","10":"first","11":"instock","12":"sale","13":"featured","14":"shipping-taxable","15":"purchasable","16":"product-type-variable","17":"has-default-attributes"},"acf":[],"yoast_head":"<!-- This site is optimized with the Yoast SEO Premium plugin v23.6 (Yoast SEO v27.3) - https:\/\/yoast.com\/product\/yoast-seo-premium-wordpress\/ -->\n<title>Kaufen ModaXL 200 MG (Modafinil) Tabletten Over-The-Counter - BuyModafinilOnline<\/title>\n<meta name=\"description\" content=\"Kaufen Sie ModaXL 200mg Tabletten online von HOF Pharmaceuticals Ltd Hersteller. Kaufen ModaXL 200mg (modafinil) OTC bei BuyModafinilOnline Apotheke. Bezahlen Sie mit einer Kreditkarte, PayPal oder Bitcoin und erhalten Sie tolle Rabatte!\" \/>\n<meta name=\"robots\" content=\"index, follow, max-snippet:-1, max-image-preview:large, max-video-preview:-1\" \/>\n<link rel=\"canonical\" href=\"https:\/\/buymodafinilonline.com\/de\/smarte-medikamente\/modaxl-200-mg\/\" \/>\n<meta property=\"og:locale\" content=\"de_DE\" \/>\n<meta property=\"og:type\" content=\"article\" \/>\n<meta property=\"og:title\" content=\"ModaXL 200 MG\" \/>\n<meta property=\"og:description\" content=\"Kaufen Sie ModaXL 200mg Tabletten online von HOF Pharmaceuticals Ltd Hersteller. Kaufen ModaXL 200mg (modafinil) OTC bei BuyModafinilOnline Apotheke. Bezahlen Sie mit einer Kreditkarte, PayPal oder Bitcoin und erhalten Sie tolle Rabatte!\" \/>\n<meta property=\"og:url\" content=\"https:\/\/buymodafinilonline.com\/de\/smarte-medikamente\/modaxl-200-mg\/\" \/>\n<meta property=\"og:site_name\" content=\"BuyModafinilOnline.com\" \/>\n<meta property=\"article:modified_time\" content=\"2026-04-04T15:59:05+00:00\" \/>\n<meta property=\"og:image\" content=\"https:\/\/buymodafinilonline.com\/wp-content\/uploads\/2022\/08\/bmo-product-modaxl-pack.png\" \/>\n\t<meta property=\"og:image:width\" content=\"1280\" \/>\n\t<meta property=\"og:image:height\" content=\"1500\" \/>\n\t<meta property=\"og:image:type\" content=\"image\/png\" \/>\n<meta name=\"twitter:label1\" content=\"Gesch\u00e4tzte Lesezeit\" \/>\n\t<meta name=\"twitter:data1\" content=\"6\u00a0Minuten\" \/>\n<script type=\"application\/ld+json\" class=\"yoast-schema-graph\">{\"@context\":\"https:\\\/\\\/schema.org\",\"@graph\":[{\"@type\":\"WebPage\",\"@id\":\"https:\\\/\\\/buymodafinilonline.com\\\/de\\\/smarte-medikamente\\\/modaxl-200-mg\\\/\",\"url\":\"https:\\\/\\\/buymodafinilonline.com\\\/de\\\/smarte-medikamente\\\/modaxl-200-mg\\\/\",\"name\":\"Kaufen ModaXL 200 MG (Modafinil) Tabletten Over-The-Counter - BuyModafinilOnline\",\"isPartOf\":{\"@id\":\"https:\\\/\\\/buymodafinilonline.com\\\/de\\\/#website\"},\"primaryImageOfPage\":{\"@id\":\"https:\\\/\\\/buymodafinilonline.com\\\/de\\\/smarte-medikamente\\\/modaxl-200-mg\\\/#primaryimage\"},\"image\":{\"@id\":\"https:\\\/\\\/buymodafinilonline.com\\\/de\\\/smarte-medikamente\\\/modaxl-200-mg\\\/#primaryimage\"},\"thumbnailUrl\":\"https:\\\/\\\/buymodafinilonline.com\\\/wp-content\\\/uploads\\\/2022\\\/08\\\/bmo-product-modaxl-pack.png\",\"datePublished\":\"2022-08-26T06:25:37+00:00\",\"dateModified\":\"2026-04-04T15:59:05+00:00\",\"description\":\"Kaufen Sie ModaXL 200mg Tabletten online von HOF Pharmaceuticals Ltd Hersteller. Kaufen ModaXL 200mg (modafinil) OTC bei BuyModafinilOnline Apotheke. Bezahlen Sie mit einer Kreditkarte, PayPal oder Bitcoin und erhalten Sie tolle Rabatte!\",\"breadcrumb\":{\"@id\":\"https:\\\/\\\/buymodafinilonline.com\\\/de\\\/smarte-medikamente\\\/modaxl-200-mg\\\/#breadcrumb\"},\"inLanguage\":\"de\",\"potentialAction\":[{\"@type\":\"ReadAction\",\"target\":[\"https:\\\/\\\/buymodafinilonline.com\\\/de\\\/smarte-medikamente\\\/modaxl-200-mg\\\/\"]}]},{\"@type\":\"ImageObject\",\"inLanguage\":\"de\",\"@id\":\"https:\\\/\\\/buymodafinilonline.com\\\/de\\\/smarte-medikamente\\\/modaxl-200-mg\\\/#primaryimage\",\"url\":\"https:\\\/\\\/buymodafinilonline.com\\\/wp-content\\\/uploads\\\/2022\\\/08\\\/bmo-product-modaxl-pack.png\",\"contentUrl\":\"https:\\\/\\\/buymodafinilonline.com\\\/wp-content\\\/uploads\\\/2022\\\/08\\\/bmo-product-modaxl-pack.png\",\"width\":1280,\"height\":1500,\"caption\":\"Highest Quality MoodaXL Modafinil Pills 200 mg\"},{\"@type\":\"BreadcrumbList\",\"@id\":\"https:\\\/\\\/buymodafinilonline.com\\\/de\\\/smarte-medikamente\\\/modaxl-200-mg\\\/#breadcrumb\",\"itemListElement\":[{\"@type\":\"ListItem\",\"position\":1,\"name\":\"Buy Modafinil Online\",\"item\":\"https:\\\/\\\/buymodafinilonline.com\\\/de\\\/\"},{\"@type\":\"ListItem\",\"position\":2,\"name\":\"Shop\",\"item\":\"https:\\\/\\\/buymodafinilonline.com\\\/de\\\/shop-2\\\/\"},{\"@type\":\"ListItem\",\"position\":3,\"name\":\"Bestseller\",\"item\":\"https:\\\/\\\/buymodafinilonline.com\\\/de\\\/produkt-kategorie\\\/bestseller\\\/\"},{\"@type\":\"ListItem\",\"position\":4,\"name\":\"ModaXL 200 MG\"}]},{\"@type\":\"WebSite\",\"@id\":\"https:\\\/\\\/buymodafinilonline.com\\\/de\\\/#website\",\"url\":\"https:\\\/\\\/buymodafinilonline.com\\\/de\\\/\",\"name\":\"BuyModafinilOnline.com\",\"description\":\"Modafinil Online Pharmacy\",\"publisher\":{\"@id\":\"https:\\\/\\\/buymodafinilonline.com\\\/de\\\/#organization\"},\"potentialAction\":[{\"@type\":\"SearchAction\",\"target\":{\"@type\":\"EntryPoint\",\"urlTemplate\":\"https:\\\/\\\/buymodafinilonline.com\\\/de\\\/?s={search_term_string}\"},\"query-input\":{\"@type\":\"PropertyValueSpecification\",\"valueRequired\":true,\"valueName\":\"search_term_string\"}}],\"inLanguage\":\"de\"},{\"@type\":\"Organization\",\"@id\":\"https:\\\/\\\/buymodafinilonline.com\\\/de\\\/#organization\",\"name\":\"BuyModafinilOnline\",\"url\":\"https:\\\/\\\/buymodafinilonline.com\\\/de\\\/\",\"logo\":{\"@type\":\"ImageObject\",\"inLanguage\":\"de\",\"@id\":\"https:\\\/\\\/buymodafinilonline.com\\\/de\\\/#\\\/schema\\\/logo\\\/image\\\/\",\"url\":\"https:\\\/\\\/buymodafinilonline.com\\\/wp-content\\\/uploads\\\/2020\\\/04\\\/logo-buy-modafinil-online-yellow.png\",\"contentUrl\":\"https:\\\/\\\/buymodafinilonline.com\\\/wp-content\\\/uploads\\\/2020\\\/04\\\/logo-buy-modafinil-online-yellow.png\",\"width\":200,\"height\":200,\"caption\":\"BuyModafinilOnline\"},\"image\":{\"@id\":\"https:\\\/\\\/buymodafinilonline.com\\\/de\\\/#\\\/schema\\\/logo\\\/image\\\/\"}}]}<\/script>\n<!-- \/ Yoast SEO Premium plugin. -->","yoast_head_json":{"title":"Kaufen ModaXL 200 MG (Modafinil) Tabletten Over-The-Counter - BuyModafinilOnline","description":"Kaufen Sie ModaXL 200mg Tabletten online von HOF Pharmaceuticals Ltd Hersteller. Kaufen ModaXL 200mg (modafinil) OTC bei BuyModafinilOnline Apotheke. Bezahlen Sie mit einer Kreditkarte, PayPal oder Bitcoin und erhalten Sie tolle Rabatte!","robots":{"index":"index","follow":"follow","max-snippet":"max-snippet:-1","max-image-preview":"max-image-preview:large","max-video-preview":"max-video-preview:-1"},"canonical":"https:\/\/buymodafinilonline.com\/de\/smarte-medikamente\/modaxl-200-mg\/","og_locale":"de_DE","og_type":"article","og_title":"ModaXL 200 MG","og_description":"Kaufen Sie ModaXL 200mg Tabletten online von HOF Pharmaceuticals Ltd Hersteller. Kaufen ModaXL 200mg (modafinil) OTC bei BuyModafinilOnline Apotheke. Bezahlen Sie mit einer Kreditkarte, PayPal oder Bitcoin und erhalten Sie tolle Rabatte!","og_url":"https:\/\/buymodafinilonline.com\/de\/smarte-medikamente\/modaxl-200-mg\/","og_site_name":"BuyModafinilOnline.com","article_modified_time":"2026-04-04T15:59:05+00:00","og_image":[{"width":1280,"height":1500,"url":"https:\/\/buymodafinilonline.com\/wp-content\/uploads\/2022\/08\/bmo-product-modaxl-pack.png","type":"image\/png"}],"twitter_misc":{"Gesch\u00e4tzte Lesezeit":"6\u00a0Minuten"},"schema":{"@context":"https:\/\/schema.org","@graph":[{"@type":"WebPage","@id":"https:\/\/buymodafinilonline.com\/de\/smarte-medikamente\/modaxl-200-mg\/","url":"https:\/\/buymodafinilonline.com\/de\/smarte-medikamente\/modaxl-200-mg\/","name":"Kaufen ModaXL 200 MG (Modafinil) Tabletten Over-The-Counter - BuyModafinilOnline","isPartOf":{"@id":"https:\/\/buymodafinilonline.com\/de\/#website"},"primaryImageOfPage":{"@id":"https:\/\/buymodafinilonline.com\/de\/smarte-medikamente\/modaxl-200-mg\/#primaryimage"},"image":{"@id":"https:\/\/buymodafinilonline.com\/de\/smarte-medikamente\/modaxl-200-mg\/#primaryimage"},"thumbnailUrl":"https:\/\/buymodafinilonline.com\/wp-content\/uploads\/2022\/08\/bmo-product-modaxl-pack.png","datePublished":"2022-08-26T06:25:37+00:00","dateModified":"2026-04-04T15:59:05+00:00","description":"Kaufen Sie ModaXL 200mg Tabletten online von HOF Pharmaceuticals Ltd Hersteller. Kaufen ModaXL 200mg (modafinil) OTC bei BuyModafinilOnline Apotheke. Bezahlen Sie mit einer Kreditkarte, PayPal oder Bitcoin und erhalten Sie tolle Rabatte!","breadcrumb":{"@id":"https:\/\/buymodafinilonline.com\/de\/smarte-medikamente\/modaxl-200-mg\/#breadcrumb"},"inLanguage":"de","potentialAction":[{"@type":"ReadAction","target":["https:\/\/buymodafinilonline.com\/de\/smarte-medikamente\/modaxl-200-mg\/"]}]},{"@type":"ImageObject","inLanguage":"de","@id":"https:\/\/buymodafinilonline.com\/de\/smarte-medikamente\/modaxl-200-mg\/#primaryimage","url":"https:\/\/buymodafinilonline.com\/wp-content\/uploads\/2022\/08\/bmo-product-modaxl-pack.png","contentUrl":"https:\/\/buymodafinilonline.com\/wp-content\/uploads\/2022\/08\/bmo-product-modaxl-pack.png","width":1280,"height":1500,"caption":"Highest Quality MoodaXL Modafinil Pills 200 mg"},{"@type":"BreadcrumbList","@id":"https:\/\/buymodafinilonline.com\/de\/smarte-medikamente\/modaxl-200-mg\/#breadcrumb","itemListElement":[{"@type":"ListItem","position":1,"name":"Buy Modafinil Online","item":"https:\/\/buymodafinilonline.com\/de\/"},{"@type":"ListItem","position":2,"name":"Shop","item":"https:\/\/buymodafinilonline.com\/de\/shop-2\/"},{"@type":"ListItem","position":3,"name":"Bestseller","item":"https:\/\/buymodafinilonline.com\/de\/produkt-kategorie\/bestseller\/"},{"@type":"ListItem","position":4,"name":"ModaXL 200 MG"}]},{"@type":"WebSite","@id":"https:\/\/buymodafinilonline.com\/de\/#website","url":"https:\/\/buymodafinilonline.com\/de\/","name":"BuyModafinilOnline.com","description":"Modafinil Online Pharmacy","publisher":{"@id":"https:\/\/buymodafinilonline.com\/de\/#organization"},"potentialAction":[{"@type":"SearchAction","target":{"@type":"EntryPoint","urlTemplate":"https:\/\/buymodafinilonline.com\/de\/?s={search_term_string}"},"query-input":{"@type":"PropertyValueSpecification","valueRequired":true,"valueName":"search_term_string"}}],"inLanguage":"de"},{"@type":"Organization","@id":"https:\/\/buymodafinilonline.com\/de\/#organization","name":"BuyModafinilOnline","url":"https:\/\/buymodafinilonline.com\/de\/","logo":{"@type":"ImageObject","inLanguage":"de","@id":"https:\/\/buymodafinilonline.com\/de\/#\/schema\/logo\/image\/","url":"https:\/\/buymodafinilonline.com\/wp-content\/uploads\/2020\/04\/logo-buy-modafinil-online-yellow.png","contentUrl":"https:\/\/buymodafinilonline.com\/wp-content\/uploads\/2020\/04\/logo-buy-modafinil-online-yellow.png","width":200,"height":200,"caption":"BuyModafinilOnline"},"image":{"@id":"https:\/\/buymodafinilonline.com\/de\/#\/schema\/logo\/image\/"}}]}},"_links":{"self":[{"href":"https:\/\/buymodafinilonline.com\/de\/wp-json\/wp\/v2\/product\/446824","targetHints":{"allow":["GET"]}}],"collection":[{"href":"https:\/\/buymodafinilonline.com\/de\/wp-json\/wp\/v2\/product"}],"about":[{"href":"https:\/\/buymodafinilonline.com\/de\/wp-json\/wp\/v2\/types\/product"}],"replies":[{"embeddable":true,"href":"https:\/\/buymodafinilonline.com\/de\/wp-json\/wp\/v2\/comments?post=446824"}],"wp:featuredmedia":[{"embeddable":true,"href":"https:\/\/buymodafinilonline.com\/de\/wp-json\/wp\/v2\/media\/444283"}],"wp:attachment":[{"href":"https:\/\/buymodafinilonline.com\/de\/wp-json\/wp\/v2\/media?parent=446824"}],"wp:term":[{"taxonomy":"product_brand","embeddable":true,"href":"https:\/\/buymodafinilonline.com\/de\/wp-json\/wp\/v2\/product_brand?post=446824"},{"taxonomy":"product_cat","embeddable":true,"href":"https:\/\/buymodafinilonline.com\/de\/wp-json\/wp\/v2\/product_cat?post=446824"},{"taxonomy":"product_tag","embeddable":true,"href":"https:\/\/buymodafinilonline.com\/de\/wp-json\/wp\/v2\/product_tag?post=446824"}],"curies":[{"name":"wp","href":"https:\/\/api.w.org\/{rel}","templated":true}]}}