{"id":447185,"date":"2021-07-12T23:14:10","date_gmt":"2021-07-12T22:14:10","guid":{"rendered":"https:\/\/buymodafinilonline.com\/smart-drugs\/armodavinil-150-mg\/"},"modified":"2025-04-28T11:46:27","modified_gmt":"2025-04-28T10:46:27","slug":"armodavinil-150-mg","status":"publish","type":"product","link":"https:\/\/buymodafinilonline.com\/de\/smarte-medikamente\/armodavinil-150-mg\/","title":{"rendered":"Armodavinil 150 MG"},"content":{"rendered":"[vc_column width=&#8221;1\/2&#8243;]\n<h2>Was ist Armodavinil 150 mg?<\/h2>\n<p>Armodavinil ist ein wirksames &#8220;intelligentes Medikament&#8221; mit dem Wirkstoff Armodafinil, das die Wachsamkeit bei Patienten mit \u00fcberm\u00e4\u00dfiger Schl\u00e4frigkeit aufgrund von obstruktiver Schlafapnoe (OSA), Narkolepsie oder Schlafst\u00f6rungen bei Schichtarbeit (SWSD) verbessert. \u00c4rzte k\u00f6nnen es auch zur Behandlung anderer Gesundheitszust\u00e4nde wie Aufmerksamkeitsdefizit-Hyperaktivit\u00e4tsst\u00f6rung (ADHS), Depression, Jetlag usw. verschreiben. Seine Vorteile sind denen von Modafinil sehr \u00e4hnlich, aber seine Wirkung ist intensiver. Modafinil enth\u00e4lt zwei Versionen des Wirkstoffs: R-Modafinil und S-Modafinil. Armodavinil hingegen ist reines R-Modafinil und funktioniert genauso wie die Markenversion Nuvigil\u00ae.<\/p>\n<p>Armodavinil wird in der Regel wegen seiner F\u00e4higkeit, den Schlaf-Wach-Zyklus zu korrigieren, verschrieben, ist aber auch wegen seiner vielf\u00e4ltigen Off-Label-Verwendung beliebt, die die Verbesserung der kognitiven Funktion und die F\u00f6rderung der Produktivit\u00e4t umfasst. Als sicheres Medikament verbessert es effektiv das logische Denken und die Probleml\u00f6sung, erh\u00f6ht die Wachsamkeit, steigert die geistige Sch\u00e4rfe und Motivation und verbessert den Fokus und die Konzentration. Aus diesem Grund wird Armodavinil 150 mg immer beliebter bei den &#8220;Smart Drug&#8221;-Enthusiasten, deren Berufe oder Aufgaben zus\u00e4tzliche Konzentration und Superhirnleistung erfordern.<\/p>\n<p>Die meisten Nootropie-Enthusiasten finden das Produkt sicher und gut vertr\u00e4glich und sch\u00e4tzen die Tatsache, dass die Tabletten zu einem extrem niedrigen Preis erh\u00e4ltlich sind, was sie zug\u00e4nglicher macht als einige andere Alternativen.<\/p>\n<h2>Wie wirken diese Pillen?<\/h2>\n<p>Die tats\u00e4chliche Wirkungsweise von Armodafinil ist nicht vollst\u00e4ndig bekannt. Es wird jedoch angenommen, dass es durch die Erh\u00f6hung des Norepinephrin-, Dopamin- und Orexinspiegels sowie anderer Neurotransmitter im Gehirn wirkt. Diese chemischen Substanzen beeinflussen Motivation, Konzentration, Stimmung und den Schlaf-Wach-Rhythmus.<\/p>\n<h2>Sichere Dosierung und richtige Anwendung<\/h2>\n<p>Armodavinil ist in der Dosisst\u00e4rke von 150 mg erh\u00e4ltlich, und dies ist die Standarddosis f\u00fcr die meisten Anwender. Die Pille sollte einmal t\u00e4glich eingenommen werden; der Zeitpunkt der Einnahme h\u00e4ngt jedoch von der zu behandelnden Erkrankung ab:<\/p>\n<ul>\n<li>Bei Narkolepsie und OSA wird Armodavinil 150 mg fr\u00fchmorgens eingenommen;<\/li>\n<li>f\u00fcr SWSD sollte eine Pille ca. 1 Stunde vor Beginn der Arbeitsschicht;<\/li>\n<li>Bei anderen Schlafst\u00f6rungen, ADHS, Depressionen, kognitiven St\u00f6rungen usw. sollte das Medikament nach \u00e4rztlicher Verordnung eingenommen werden.<\/li>\n<\/ul>\n<p>Vor allem sollten Sie keine Selbstmedikation betreiben. Die Beratung mit einem Arzt \u00fcber die sichere Dosierung einschlie\u00dflich der Dosisanpassung je nach Ihrem Gesundheitszustand ist vorrangig. Zur Behandlung von Patienten mit geriatrischen und hepatischen Beeintr\u00e4chtigungen k\u00f6nnen niedrigere Dosen erforderlich sein. Dieses Medikament sollte mit einem Glas Wasser eingenommen werden und kann mit oder ohne Nahrung eingenommen werden &#8211; dies h\u00e4ngt von Ihren Vorlieben ab.<\/p>\n<h2>M\u00f6gliche Nebenwirkungen<\/h2>\n<p>Wie jedes Medikament, Armodavinil kommt mit einigen negativen Auswirkungen, die leicht oder schwerwiegend sein k\u00f6nnen. Beachten Sie, dass die Nebenwirkungen nicht jeden &#8220;Smart Drug&#8221;-Konsumenten betreffen. Bei einigen treten sie nicht auf, aber wenn doch, sind die Symptome leicht und klingen in der Regel nach einiger Zeit wieder ab. Die Wahrscheinlichkeit, dass es zu unerw\u00fcnschten Reaktionen kommt, h\u00e4ngt stark vom allgemeinen Gesundheitszustand, Alter, Gewicht und Geschlecht ab.<\/p>\n<p>Einige der h\u00e4ufigen negativen Auswirkungen von Armodavinil sind wie folgt:<\/p>\n<ul>\n<li>eine verstopfte oder laufende Nase;<\/li>\n<li>Verdauungsst\u00f6rungen;<\/li>\n<li>Schwindel;<\/li>\n<li>Schlafschwierigkeiten;<\/li>\n<li>Kopfschmerzen;<\/li>\n<li>R\u00fcckenschmerzen;<\/li>\n<li>Nervosit\u00e4t;<\/li>\n<li>Diarrh\u00f6e;<\/li>\n<li>\u00dcbelkeit.<\/li>\n<\/ul>\n<p>Seltene negative Auswirkungen, die schwerwiegend sein k\u00f6nnen, sind die folgenden:<\/p>\n<ul>\n<li>Hautausschlag;<\/li>\n<li>Bienenst\u00f6cke;<\/li>\n<li>hyperaktives Verhalten;<\/li>\n<li>abnormaler Herzschlag;<\/li>\n<li>blutiger Urin;<\/li>\n<li>Selbstmordgedanken;<\/li>\n<li>psychische Probleme;<\/li>\n<li>Atembeschwerden.<\/li>\n<\/ul>\n[\/vc_column][vc_column width=&#8221;1\/2&#8243;]\n<p>Dies ist keine vollst\u00e4ndige Liste der Nebenwirkungen. Je nach Gesundheitszustand k\u00f6nnen einige davon schwerwiegend sein. Ein Arzt sollte Ihren Gesundheitszustand (insbesondere Leber-\/Herzprobleme) beurteilen, bevor er Ihnen Armodavinil verschreibt.<\/p>\n<p>\u00dcberwachen Sie Ihren allgemeinen Gesundheitszustand, wenn Sie dieses Medikament einnehmen. Bei Auftreten merkw\u00fcrdiger Symptome sollten Sie sofort einen Arzt aufsuchen.<\/p>\n<h2>Gegenanzeigen und Vorsichtsma\u00dfnahmen<\/h2>\n<p>Es ist notwendig, Vorsichtsma\u00dfnahmen zu ergreifen, wie von einem Arzt und folgen Sie den Anweisungen auf der Packungsbeilage, wenn Sie Armodavinil. Au\u00dferdem ist es wichtig zu pr\u00fcfen, ob es Wechselwirkungen mit anderen Gesundheitsprodukten gibt, die Sie m\u00f6glicherweise gerade verwenden. Dies hilft Ihnen, Wechselwirkungen zwischen Medikamenten zu vermeiden, die zu schwerwiegenden unerw\u00fcnschten Wirkungen f\u00fchren k\u00f6nnen.<\/p>\n<p>Armodavinil interagiert mit den folgenden Arten von Medikamenten:<\/p>\n<ul>\n<li>CYP2C19- und CYP3A4\/5-Substrate;<\/li>\n<li>Monoaminoxidase-Hemmer;<\/li>\n<li>Blutverd\u00fcnner;<\/li>\n<li>bestimmte Antibiotika;<\/li>\n<li>Medikamente gegen Krampfanf\u00e4lle;<\/li>\n<li>Antibabypillen.<\/li>\n<\/ul>\n<p>Diese Liste ist nicht vollst\u00e4ndig. Ihr Arzt sollte ALLE Medikamente beurteilen, die Sie einnehmen. Mischen Sie Armodavinil nicht mit anderen Arzneimitteln, ohne vorher Ihren Arzt zu informieren.<\/p>\n<p>Au\u00dferdem hat dieses Medikament negative Wechselwirkungen mit Alkohol, so dass diese Substanzen nicht zusammen eingenommen werden sollten. Alkohol + Armodavinil kann einige negative Auswirkungen haben. Die meisten Lebensmittel vertragen sich gut mit dem Medikament, aber fetthaltige Lebensmittel sollten w\u00e4hrend der Einnahme von Armodafinil vermieden werden, da sie die Absorptionsrate des Medikaments und damit den Wirkungseintritt verringern k\u00f6nnen.<\/p>\n<h2>Verbrauchererfahrung<\/h2>\n<p>W\u00e4hrend Armodavinil gerade erst anf\u00e4ngt, an Popularit\u00e4t zu gewinnen, haben mehrere &#8220;Smart Drug&#8221;-Enthusiasten bereits ihre Erfahrungen mit seiner Verwendung mitgeteilt. Die Rezensionen und Erfahrungsberichte sind \u00fcberwiegend positiv, denn die meisten Nutzer bescheinigen ihm, dass es die Produktivit\u00e4t vor allem bei der Arbeit f\u00f6rdert.<\/p>\n<p>Es ist jedoch zu beachten, dass verschiedene Benutzer unterschiedlich auf das Medikament reagieren k\u00f6nnen.<\/p>\n<p>Kein Wunder, dass es vor allem von Studenten und Menschen aus allen Gesellschaftsschichten genutzt wird, die hektische Berufe aus\u00fcben, die hohe Konzentrationsf\u00e4higkeit und Superhirnleistung erfordern. Auch nach einigen vertrauensw\u00fcrdigen Nachrichtenquellen, die meisten Top-F\u00fchrungskr\u00e4fte und Fachleute bewerten Armodafinil Medikamente positiv. Das Urteil der Studenten ist das gleiche.<\/p>\n<p>Wenn Sie schon eine Weile Modafinil nehmen, ist es vielleicht der ideale Zeitpunkt, den Schalter umzulegen. Schlie\u00dflich ist Armodavinil hochwirksam, wie von den meisten seiner Benutzer angegeben. Konsultieren Sie immer einen Arzt, bevor Sie dieses oder ein anderes Medikament einnehmen.<\/p>\n<h2>Generisches Armodavinil 150mg (Armodafinil) online kaufen<\/h2>\n<p><a href=\"https:\/\/buymodafinilonline.com\/de\/\">BuyModafinilOnline<\/a> (BMO) ist eine sichere Online-Apotheke, die echte &#8220;intelligente Drogen&#8221; von zertifizierten Herstellern ohne Rezept anbietet.<\/p>\n<p>Wir sind der beste Ort, um extrem billig, aber Qualit\u00e4t <a href=\"https:\/\/buymodafinilonline.com\/smart-drugs-brands\/\">generische Armodafinil &amp; Modafinil Medikamente<\/a> kaufen &#8211; einschlie\u00dflich <a href=\"https:\/\/buymodafinilonline.com\/smart-drugs\/vilafinil-200mg-tablets\/\">Vilafinil<\/a>, <a href=\"https:\/\/buymodafinilonline.com\/smart-drugs\/modafil-md-200-mg-sublingual-tablets\/\">Modafil MD<\/a>, <a href=\"https:\/\/buymodafinilonline.com\/de\/smarte-medikamente\/modavinil-200-mg\/\">Modavinil<\/a>, <a href=\"https:\/\/buymodafinilonline.com\/smart-drugs\/artvigil-150-mg-tablets\/\">Artvigil<\/a>, <a href=\"https:\/\/buymodafinilonline.com\/de\/smarte-medikamente\/modapro-200-mg\/\">Modapro<\/a>, &amp; andere Medikamente. Wir verkaufen alle eugeroics zu den Herstellungskosten.<\/p>\n<p>Wir bieten <a href=\"https:\/\/buymodafinilonline.com\/free-trial\/\">kostenlose Probepackungen<\/a> von Armodafinil- und Modafinil-Tabletten an, damit die Kunden ihre Wirksamkeit und Sicherheit vor dem Kauf testen k\u00f6nnen. Probepackungen sind sicherlich notwendig, wenn Sie neu im Bereich der &#8220;intelligenten Drogen&#8221; sind.<\/p>\n<p>Erleben Sie verschiedene Bezahloptionen wie <a href=\"https:\/\/buymodafinilonline.com\/bitcoin-payment\/\">Bitcoin<\/a> (23 % Rabatt), PayPal Zelle, Poli, SEPA-\u00dcberweisung oder Kreditkarte. Wir bieten ein <a href=\"https:\/\/buymodafinilonline.com\/order-tracking\/\">Tool zur Paketverfolgung<\/a> an, und der Versand von Paketen ist ultraschnell &#8211; weltweit &#8211; mit Ausnahme einiger L\u00e4nder, die auf der Website aufgef\u00fchrt sind. Wenn eine Bestellung nicht zugestellt werden kann, senden wir sie erneut zu oder <a href=\"https:\/\/buymodafinilonline.com\/refund-reshipment\/\">erstatten Ihnen den vollen Betrag<\/a>.<\/p>\n<p>Au\u00dferdem k\u00f6nnen Sie als wiederkehrender Kunde mit 10 kostenlosen sublingualen Modafil MD-Tabletten belohnt werden. Wir bieten auch andere <a href=\"https:\/\/buymodafinilonline.com\/coupons-deals-promo-codes\/\">tolle Angebote<\/a>, Gutscheincodes und Rabatte.<\/p>\n<p>Wenn Sie auf der Suche nach dem besten Ort sind, um echte Armodavinil-Pillen zu bestellen, ist BMO die richtige Apotheke f\u00fcr Sie. Unsere Dienstleistungen sind bequem und zuverl\u00e4ssig.<\/p>\n[\/vc_column]\n<div id=\"gtx-trans\" style=\"position: absolute;left: 486px;top: 2986.57px\">\n<div class=\"gtx-trans-icon\"><\/div>\n<\/div>\n","protected":false},"excerpt":{"rendered":"<p>Armodavinil ist eine generische Version des Markenmedikaments Nuvigil\u00ae. Es handelt sich um ein Medikament, das zur F\u00f6rderung der Wachheit bei Menschen eingesetzt wird, die unter bestimmten Schlafst\u00f6rungen leiden. Diese Tablette wird von Centurion Laboratories hergestellt und enth\u00e4lt Armodafinil als Wirkstoff. Es kann auch als kognitiver Verst\u00e4rker und Produktivit\u00e4tsverst\u00e4rker von gesunden Menschen verwendet werden. Holen Sie sich dieses hochwirksame Medikament aus unserer e-Apotheke noch heute zu einem g\u00fcnstigen Preis und mit schneller Lieferung. Wir bieten Ihnen auch jeweils 10 kostenlose Testmuster von Armodafinil und Modafinil an, die Sie in Ihren Warenkorb legen k\u00f6nnen, damit Sie deren Wirksamkeit und Vorteile testen k\u00f6nnen.<\/p>\n<p>Wir laden Sie auch gerne dazu ein, unsere g\u00fcnstigen <a href=\"https:\/\/buymodafinilonline.com\/smart-drugs\/saver-combo-pack\/\">Modvigil- und Artvigil-Pillen<\/a> auszuprobieren, die Ihre Widerstandskraft gegen M\u00fcdigkeit erh\u00f6hen, sowie andere beliebte Modafinil-Marken<a href=\"https:\/\/buymodafinilonline.com\/smart-drugs\/modafresh-200-mg-tablets\/\">: Modafresh<\/a>, <a href=\"https:\/\/buymodafinilonline.com\/smart-drugs\/modaheal-200-mg-tablets\/\">Modaheal<\/a>, <a href=\"https:\/\/buymodafinilonline.com\/smart-drugs\/modawake-200-mg-tablets\/\">Modawake<\/a>, <a href=\"https:\/\/buymodafinilonline.com\/smart-drugs\/vilafinil-200mg-tablets\/\">Vilafinil<\/a> und ein exklusives <a href=\"https:\/\/buymodafinilonline.com\/smart-drugs\/modafil-md-200-mg-sublingual-tablets\/\">sublinguales Modafil MD<\/a>, das nur in unserer Online-Apotheke erh\u00e4ltlich ist und zu unseren Bestsellern geh\u00f6rt, mit einem Minzgeschmack f\u00fcr eine schnellere Absorption und somit einen schnelleren Wirkungseintritt. Dar\u00fcber hinaus enthalten unsere neuen Bestseller dieselben Wirkstoffe und sind genauso rein wie unsere fr\u00fcheren Bestseller-Marken.<\/p>\n<p>Sehen Sie sich unser neues <a href=\"https:\/\/buymodafinilonline.com\/smart-drugs\/modavinil-armodavinil-superior-combo-pack\/\">Superior Combo Pack<\/a> an, das alle oben genannten Marken enthalten kann.<\/p>\n","protected":false},"featured_media":424087,"comment_status":"closed","ping_status":"closed","template":"","meta":{"_acf_changed":false},"product_brand":[],"product_cat":[3786],"product_tag":[4950],"class_list":{"0":"post-447185","1":"product","2":"type-product","3":"status-publish","4":"has-post-thumbnail","6":"product_cat-smart-drugs-brands","7":"product_tag-armodafinil-de-2","9":"first","10":"instock","11":"sale","12":"shipping-taxable","13":"purchasable","14":"product-type-variable","15":"has-default-attributes"},"acf":[],"yoast_head":"<!-- This site is optimized with the Yoast SEO Premium plugin v23.6 (Yoast SEO v27.4) - https:\/\/yoast.com\/product\/yoast-seo-premium-wordpress\/ -->\n<title>Generisches Armodavinil 150 MG (Armodafinil) Tabletten ohne Rx - BuyModafinilOnline<\/title>\n<meta name=\"description\" content=\"Kaufen Sie billig Armodavinil 150 mg Tabletten online von Centurion Laboratories Hersteller. Holen Sie sich generische Armodavinil (armodafinil) mit 23% Rabatt f\u00fcr Bitcoin Zahlung bei BuyModafinilOnline Apotheke!\" \/>\n<meta name=\"robots\" content=\"index, follow, max-snippet:-1, max-image-preview:large, max-video-preview:-1\" \/>\n<link rel=\"canonical\" href=\"https:\/\/buymodafinilonline.com\/de\/smarte-medikamente\/armodavinil-150-mg\/\" \/>\n<meta property=\"og:locale\" content=\"de_DE\" \/>\n<meta property=\"og:type\" content=\"article\" \/>\n<meta property=\"og:title\" content=\"Armodavinil 150 MG\" \/>\n<meta property=\"og:description\" content=\"Kaufen Sie billig Armodavinil 150 mg Tabletten online von Centurion Laboratories Hersteller. Holen Sie sich generische Armodavinil (armodafinil) mit 23% Rabatt f\u00fcr Bitcoin Zahlung bei BuyModafinilOnline Apotheke!\" \/>\n<meta property=\"og:url\" content=\"https:\/\/buymodafinilonline.com\/de\/smarte-medikamente\/armodavinil-150-mg\/\" \/>\n<meta property=\"og:site_name\" content=\"BuyModafinilOnline.com\" \/>\n<meta property=\"article:modified_time\" content=\"2025-04-28T10:46:27+00:00\" \/>\n<meta property=\"og:image\" content=\"https:\/\/buymodafinilonline.com\/wp-content\/uploads\/2021\/07\/bmo-product-armodavinill-new.png\" \/>\n\t<meta property=\"og:image:width\" content=\"1280\" \/>\n\t<meta property=\"og:image:height\" content=\"1500\" \/>\n\t<meta property=\"og:image:type\" content=\"image\/png\" \/>\n<meta name=\"twitter:label1\" content=\"Gesch\u00e4tzte Lesezeit\" \/>\n\t<meta name=\"twitter:data1\" content=\"6\u00a0Minuten\" \/>\n<script type=\"application\/ld+json\" class=\"yoast-schema-graph\">{\"@context\":\"https:\\\/\\\/schema.org\",\"@graph\":[{\"@type\":\"WebPage\",\"@id\":\"https:\\\/\\\/buymodafinilonline.com\\\/de\\\/smarte-medikamente\\\/armodavinil-150-mg\\\/\",\"url\":\"https:\\\/\\\/buymodafinilonline.com\\\/de\\\/smarte-medikamente\\\/armodavinil-150-mg\\\/\",\"name\":\"Generisches Armodavinil 150 MG (Armodafinil) Tabletten ohne Rx - BuyModafinilOnline\",\"isPartOf\":{\"@id\":\"https:\\\/\\\/buymodafinilonline.com\\\/de\\\/#website\"},\"primaryImageOfPage\":{\"@id\":\"https:\\\/\\\/buymodafinilonline.com\\\/de\\\/smarte-medikamente\\\/armodavinil-150-mg\\\/#primaryimage\"},\"image\":{\"@id\":\"https:\\\/\\\/buymodafinilonline.com\\\/de\\\/smarte-medikamente\\\/armodavinil-150-mg\\\/#primaryimage\"},\"thumbnailUrl\":\"https:\\\/\\\/buymodafinilonline.com\\\/wp-content\\\/uploads\\\/2021\\\/07\\\/bmo-product-armodavinill-new.png\",\"datePublished\":\"2021-07-12T22:14:10+00:00\",\"dateModified\":\"2025-04-28T10:46:27+00:00\",\"description\":\"Kaufen Sie billig Armodavinil 150 mg Tabletten online von Centurion Laboratories Hersteller. Holen Sie sich generische Armodavinil (armodafinil) mit 23% Rabatt f\u00fcr Bitcoin Zahlung bei BuyModafinilOnline Apotheke!\",\"breadcrumb\":{\"@id\":\"https:\\\/\\\/buymodafinilonline.com\\\/de\\\/smarte-medikamente\\\/armodavinil-150-mg\\\/#breadcrumb\"},\"inLanguage\":\"de\",\"potentialAction\":[{\"@type\":\"ReadAction\",\"target\":[\"https:\\\/\\\/buymodafinilonline.com\\\/de\\\/smarte-medikamente\\\/armodavinil-150-mg\\\/\"]}]},{\"@type\":\"ImageObject\",\"inLanguage\":\"de\",\"@id\":\"https:\\\/\\\/buymodafinilonline.com\\\/de\\\/smarte-medikamente\\\/armodavinil-150-mg\\\/#primaryimage\",\"url\":\"https:\\\/\\\/buymodafinilonline.com\\\/wp-content\\\/uploads\\\/2021\\\/07\\\/bmo-product-armodavinill-new.png\",\"contentUrl\":\"https:\\\/\\\/buymodafinilonline.com\\\/wp-content\\\/uploads\\\/2021\\\/07\\\/bmo-product-armodavinill-new.png\",\"width\":1280,\"height\":1500,\"caption\":\"Armodavinil Pills 150 mg\"},{\"@type\":\"BreadcrumbList\",\"@id\":\"https:\\\/\\\/buymodafinilonline.com\\\/de\\\/smarte-medikamente\\\/armodavinil-150-mg\\\/#breadcrumb\",\"itemListElement\":[{\"@type\":\"ListItem\",\"position\":1,\"name\":\"Buy Modafinil Online\",\"item\":\"https:\\\/\\\/buymodafinilonline.com\\\/de\\\/\"},{\"@type\":\"ListItem\",\"position\":2,\"name\":\"Shop\",\"item\":\"https:\\\/\\\/buymodafinilonline.com\\\/de\\\/shop-2\\\/\"},{\"@type\":\"ListItem\",\"position\":3,\"name\":\"Smart Drugs Brands\",\"item\":\"https:\\\/\\\/buymodafinilonline.com\\\/de\\\/produkt-kategorie\\\/smart-drugs-brands\\\/\"},{\"@type\":\"ListItem\",\"position\":4,\"name\":\"Armodavinil 150 MG\"}]},{\"@type\":\"WebSite\",\"@id\":\"https:\\\/\\\/buymodafinilonline.com\\\/de\\\/#website\",\"url\":\"https:\\\/\\\/buymodafinilonline.com\\\/de\\\/\",\"name\":\"BuyModafinilOnline.com\",\"description\":\"Modafinil Online Pharmacy\",\"publisher\":{\"@id\":\"https:\\\/\\\/buymodafinilonline.com\\\/de\\\/#organization\"},\"potentialAction\":[{\"@type\":\"SearchAction\",\"target\":{\"@type\":\"EntryPoint\",\"urlTemplate\":\"https:\\\/\\\/buymodafinilonline.com\\\/de\\\/?s={search_term_string}\"},\"query-input\":{\"@type\":\"PropertyValueSpecification\",\"valueRequired\":true,\"valueName\":\"search_term_string\"}}],\"inLanguage\":\"de\"},{\"@type\":\"Organization\",\"@id\":\"https:\\\/\\\/buymodafinilonline.com\\\/de\\\/#organization\",\"name\":\"BuyModafinilOnline\",\"url\":\"https:\\\/\\\/buymodafinilonline.com\\\/de\\\/\",\"logo\":{\"@type\":\"ImageObject\",\"inLanguage\":\"de\",\"@id\":\"https:\\\/\\\/buymodafinilonline.com\\\/de\\\/#\\\/schema\\\/logo\\\/image\\\/\",\"url\":\"https:\\\/\\\/buymodafinilonline.com\\\/wp-content\\\/uploads\\\/2020\\\/04\\\/logo-buy-modafinil-online-yellow.png\",\"contentUrl\":\"https:\\\/\\\/buymodafinilonline.com\\\/wp-content\\\/uploads\\\/2020\\\/04\\\/logo-buy-modafinil-online-yellow.png\",\"width\":200,\"height\":200,\"caption\":\"BuyModafinilOnline\"},\"image\":{\"@id\":\"https:\\\/\\\/buymodafinilonline.com\\\/de\\\/#\\\/schema\\\/logo\\\/image\\\/\"}}]}<\/script>\n<!-- \/ Yoast SEO Premium plugin. -->","yoast_head_json":{"title":"Generisches Armodavinil 150 MG (Armodafinil) Tabletten ohne Rx - BuyModafinilOnline","description":"Kaufen Sie billig Armodavinil 150 mg Tabletten online von Centurion Laboratories Hersteller. Holen Sie sich generische Armodavinil (armodafinil) mit 23% Rabatt f\u00fcr Bitcoin Zahlung bei BuyModafinilOnline Apotheke!","robots":{"index":"index","follow":"follow","max-snippet":"max-snippet:-1","max-image-preview":"max-image-preview:large","max-video-preview":"max-video-preview:-1"},"canonical":"https:\/\/buymodafinilonline.com\/de\/smarte-medikamente\/armodavinil-150-mg\/","og_locale":"de_DE","og_type":"article","og_title":"Armodavinil 150 MG","og_description":"Kaufen Sie billig Armodavinil 150 mg Tabletten online von Centurion Laboratories Hersteller. Holen Sie sich generische Armodavinil (armodafinil) mit 23% Rabatt f\u00fcr Bitcoin Zahlung bei BuyModafinilOnline Apotheke!","og_url":"https:\/\/buymodafinilonline.com\/de\/smarte-medikamente\/armodavinil-150-mg\/","og_site_name":"BuyModafinilOnline.com","article_modified_time":"2025-04-28T10:46:27+00:00","og_image":[{"width":1280,"height":1500,"url":"https:\/\/buymodafinilonline.com\/wp-content\/uploads\/2021\/07\/bmo-product-armodavinill-new.png","type":"image\/png"}],"twitter_misc":{"Gesch\u00e4tzte Lesezeit":"6\u00a0Minuten"},"schema":{"@context":"https:\/\/schema.org","@graph":[{"@type":"WebPage","@id":"https:\/\/buymodafinilonline.com\/de\/smarte-medikamente\/armodavinil-150-mg\/","url":"https:\/\/buymodafinilonline.com\/de\/smarte-medikamente\/armodavinil-150-mg\/","name":"Generisches Armodavinil 150 MG (Armodafinil) Tabletten ohne Rx - BuyModafinilOnline","isPartOf":{"@id":"https:\/\/buymodafinilonline.com\/de\/#website"},"primaryImageOfPage":{"@id":"https:\/\/buymodafinilonline.com\/de\/smarte-medikamente\/armodavinil-150-mg\/#primaryimage"},"image":{"@id":"https:\/\/buymodafinilonline.com\/de\/smarte-medikamente\/armodavinil-150-mg\/#primaryimage"},"thumbnailUrl":"https:\/\/buymodafinilonline.com\/wp-content\/uploads\/2021\/07\/bmo-product-armodavinill-new.png","datePublished":"2021-07-12T22:14:10+00:00","dateModified":"2025-04-28T10:46:27+00:00","description":"Kaufen Sie billig Armodavinil 150 mg Tabletten online von Centurion Laboratories Hersteller. Holen Sie sich generische Armodavinil (armodafinil) mit 23% Rabatt f\u00fcr Bitcoin Zahlung bei BuyModafinilOnline Apotheke!","breadcrumb":{"@id":"https:\/\/buymodafinilonline.com\/de\/smarte-medikamente\/armodavinil-150-mg\/#breadcrumb"},"inLanguage":"de","potentialAction":[{"@type":"ReadAction","target":["https:\/\/buymodafinilonline.com\/de\/smarte-medikamente\/armodavinil-150-mg\/"]}]},{"@type":"ImageObject","inLanguage":"de","@id":"https:\/\/buymodafinilonline.com\/de\/smarte-medikamente\/armodavinil-150-mg\/#primaryimage","url":"https:\/\/buymodafinilonline.com\/wp-content\/uploads\/2021\/07\/bmo-product-armodavinill-new.png","contentUrl":"https:\/\/buymodafinilonline.com\/wp-content\/uploads\/2021\/07\/bmo-product-armodavinill-new.png","width":1280,"height":1500,"caption":"Armodavinil Pills 150 mg"},{"@type":"BreadcrumbList","@id":"https:\/\/buymodafinilonline.com\/de\/smarte-medikamente\/armodavinil-150-mg\/#breadcrumb","itemListElement":[{"@type":"ListItem","position":1,"name":"Buy Modafinil Online","item":"https:\/\/buymodafinilonline.com\/de\/"},{"@type":"ListItem","position":2,"name":"Shop","item":"https:\/\/buymodafinilonline.com\/de\/shop-2\/"},{"@type":"ListItem","position":3,"name":"Smart Drugs Brands","item":"https:\/\/buymodafinilonline.com\/de\/produkt-kategorie\/smart-drugs-brands\/"},{"@type":"ListItem","position":4,"name":"Armodavinil 150 MG"}]},{"@type":"WebSite","@id":"https:\/\/buymodafinilonline.com\/de\/#website","url":"https:\/\/buymodafinilonline.com\/de\/","name":"BuyModafinilOnline.com","description":"Modafinil Online Pharmacy","publisher":{"@id":"https:\/\/buymodafinilonline.com\/de\/#organization"},"potentialAction":[{"@type":"SearchAction","target":{"@type":"EntryPoint","urlTemplate":"https:\/\/buymodafinilonline.com\/de\/?s={search_term_string}"},"query-input":{"@type":"PropertyValueSpecification","valueRequired":true,"valueName":"search_term_string"}}],"inLanguage":"de"},{"@type":"Organization","@id":"https:\/\/buymodafinilonline.com\/de\/#organization","name":"BuyModafinilOnline","url":"https:\/\/buymodafinilonline.com\/de\/","logo":{"@type":"ImageObject","inLanguage":"de","@id":"https:\/\/buymodafinilonline.com\/de\/#\/schema\/logo\/image\/","url":"https:\/\/buymodafinilonline.com\/wp-content\/uploads\/2020\/04\/logo-buy-modafinil-online-yellow.png","contentUrl":"https:\/\/buymodafinilonline.com\/wp-content\/uploads\/2020\/04\/logo-buy-modafinil-online-yellow.png","width":200,"height":200,"caption":"BuyModafinilOnline"},"image":{"@id":"https:\/\/buymodafinilonline.com\/de\/#\/schema\/logo\/image\/"}}]}},"_links":{"self":[{"href":"https:\/\/buymodafinilonline.com\/de\/wp-json\/wp\/v2\/product\/447185","targetHints":{"allow":["GET"]}}],"collection":[{"href":"https:\/\/buymodafinilonline.com\/de\/wp-json\/wp\/v2\/product"}],"about":[{"href":"https:\/\/buymodafinilonline.com\/de\/wp-json\/wp\/v2\/types\/product"}],"replies":[{"embeddable":true,"href":"https:\/\/buymodafinilonline.com\/de\/wp-json\/wp\/v2\/comments?post=447185"}],"wp:featuredmedia":[{"embeddable":true,"href":"https:\/\/buymodafinilonline.com\/de\/wp-json\/wp\/v2\/media\/424087"}],"wp:attachment":[{"href":"https:\/\/buymodafinilonline.com\/de\/wp-json\/wp\/v2\/media?parent=447185"}],"wp:term":[{"taxonomy":"product_brand","embeddable":true,"href":"https:\/\/buymodafinilonline.com\/de\/wp-json\/wp\/v2\/product_brand?post=447185"},{"taxonomy":"product_cat","embeddable":true,"href":"https:\/\/buymodafinilonline.com\/de\/wp-json\/wp\/v2\/product_cat?post=447185"},{"taxonomy":"product_tag","embeddable":true,"href":"https:\/\/buymodafinilonline.com\/de\/wp-json\/wp\/v2\/product_tag?post=447185"}],"curies":[{"name":"wp","href":"https:\/\/api.w.org\/{rel}","templated":true}]}}