{"id":447228,"date":"2021-07-12T22:38:41","date_gmt":"2021-07-12T21:38:41","guid":{"rendered":"https:\/\/buymodafinilonline.com\/smart-drugs\/modavinil-200-mg\/"},"modified":"2026-01-12T20:50:31","modified_gmt":"2026-01-12T19:50:31","slug":"modavinil-200-mg","status":"publish","type":"product","link":"https:\/\/buymodafinilonline.com\/de\/smarte-medikamente\/modavinil-200-mg\/","title":{"rendered":"Modavinil 200 MG"},"content":{"rendered":"[vc_column width=&#8221;1\/2&#8243;]\n<h2>Was ist Modavinil 200 mg?<\/h2>\n<p>Modavinil ist eine neue Marke von generischem Modafinil, die von Centurion Laboratories, einem angesehenen und vertrauensw\u00fcrdigen Pharmariesen aus Indien, entwickelt wurde. Der Wirkstoff Modafinil ist ein beliebtes Eugerotikum, das speziell zur Behandlung verschiedener Schlafst\u00f6rungen wie obstruktiver Schlafapnoe (OSA), Schlafst\u00f6rungen bei Schichtarbeit (SWSD) und Narkolepsie entwickelt wurde. Im Allgemeinen hilft es Menschen mit Schlafmangel, wach und aufmerksam zu bleiben.<\/p>\n<p>Au\u00dferhalb der Verschreibungspflicht k\u00f6nnen \u00c4rzte diese Pille auch Patienten verschreiben, die an anderen Krankheiten leiden, wie z. B. Aufmerksamkeitsdefizit-Hyperaktivit\u00e4tsst\u00f6rung (ADHS), Jetlag, Depression, Parkinson-Krankheit, Alzheimer-Krankheit usw. Au\u00dferdem verwenden gesunde Menschen aus allen Gesellschaftsschichten Modavinil, um ihre Gehirnleistung zu verbessern und ihre Produktivit\u00e4t zu steigern. Obwohl fast jeder dieses Medikament einnehmen kann, ist es immer ratsam, einen Arzt zu konsultieren, bevor man eine Behandlung damit beginnt.<\/p>\n<h2>Wie wirken diese Pillen?<\/h2>\n<p>\u00dcber die Wirkungsweise von Modafinil herrscht gro\u00dfe Unsicherheit. Experten sind sich nicht ganz sicher, wie das funktioniert. However, it\u2019s known to bind to the dopamine transporter &amp; inhibit dopamine reuptake, thus increasing its concentrations. Dieser Neurotransmitter wiederum bewirkt ein &#8220;Wohlf\u00fchl&#8221;-Gef\u00fchl und l\u00e4sst die Konsumenten wach und aufmerksam bleiben. Es wird angenommen, dass Dopamin mit dem Schlaf-Wach-Rhythmus, der Motivation und der menschlichen F\u00e4higkeit, sich zu konzentrieren, in Verbindung steht. Au\u00dferdem beeinflusst das Medikament den Histaminspiegel im Gehirn und f\u00f6rdert so die Wachheit w\u00e4hrend des Tages. Es reguliert auch den Spiegel anderer Chemikalien wie Serotonin, Noradrenalin und Orexin.<\/p>\n<h2>Sichere Dosierung und richtige Anwendung<\/h2>\n<p>Modavinil hat eine Vielzahl von Anwendungen und Wirkungen, die zu einer besseren Konzentration, einem verbesserten Schlafverhalten, einem h\u00f6heren Energieniveau und einer gesteigerten Produktivit\u00e4t f\u00fchren. Die Dosierung richtet sich nach dem Gesundheitszustand des Anwenders und seiner Reaktion auf die Behandlung. Die allgemein empfohlene Dosis liegt jedoch bei 200 mg, die einmal t\u00e4glich eingenommen werden. Neue Anwender k\u00f6nnen mit 100 mg beginnen, indem sie die Tablette in zwei H\u00e4lften teilen. Die Obergrenze f\u00fcr Modavinil liegt bei 400 mg pro Tag.<\/p>\n<p>Wenn der Patient narkoleptisch ist oder an OSA leidet, sollte die Pille morgens eingenommen werden. Bei der Behandlung von SWSD sollte es eine Stunde vor Beginn der Arbeitsschicht eingenommen werden. Es sollte oral mit einem Glas Wasser eingenommen werden und kann mit oder ohne Nahrung eingenommen werden. Das h\u00e4ngt von Ihren Vorlieben ab.<\/p>\n<p>Es ist sehr ratsam, einen Arzt zu konsultieren, bevor Sie Modavinil einnehmen, um Ihre Gesundheit zu \u00fcberpr\u00fcfen und sicherzustellen, dass es f\u00fcr Sie sicher ist. Der Wirkungseintritt erfolgt im Allgemeinen etwa eine Stunde nach der Verabreichung. Seine Halbwertszeit betr\u00e4gt mehr als 13 Stunden, so dass es am besten ist, das Medikament fr\u00fch am Tag einzunehmen.<\/p>\n<p>Da Modavinil zu Dehydrierung f\u00fchren kann, ist es wichtig, w\u00e4hrend der Einnahme viel Wasser zu trinken, um Kopfschmerzen zu vermeiden. Es kann harntreibend wirken und bewirkt, dass das Wasser schneller durch den K\u00f6rper flie\u00dft. Deshalb ist es unbedingt notwendig, Wasser zu trinken, um den Wasserverlust auszugleichen.<\/p>\n<h2>M\u00f6gliche Nebenwirkungen<\/h2>\n<p>Bei der Einnahme von Modavinil 200 mg k\u00f6nnen negative Auswirkungen auftreten, die von leicht bis schwer reichen k\u00f6nnen. Sie treten jedoch nicht bei jedem Nutzer auf. Wenn leichte Symptome auftreten, klingen sie schnell ab, wenn sich der K\u00f6rper an das Medikament gew\u00f6hnt hat. Die h\u00e4ufigsten negativen Auswirkungen sind folgende:<\/p>\n<ul>\n<li>trockener Mund;<\/li>\n<li>\u00dcbelkeit;<\/li>\n<li>Kopfschmerzen;<\/li>\n<li>Diarrh\u00f6e;<\/li>\n<li>Schlafschwierigkeiten;<\/li>\n<li>Schwindelgef\u00fchl.<\/li>\n<\/ul>\n<p>In sehr seltenen F\u00e4llen kann es bei einigen Konsumenten von &#8220;Smart Drugs&#8221; zu schwerwiegenden unerw\u00fcnschten Wirkungen wie den folgenden kommen:<\/p>\n<ul>\n<li>Halluzinationen;<\/li>\n<li>Hyperaktivit\u00e4t;<\/li>\n<li>Depression;<\/li>\n<li>Ersch\u00fctterungen;<\/li>\n<li>Selbstmordgedanken.<\/li>\n<\/ul>\n[\/vc_column][vc_column width=&#8221;1\/2&#8243;]\nDiese Liste ist nicht vollst\u00e4ndig. Wenn solche Symptome, einschlie\u00dflich allergischer Reaktionen wie starker Hautausschlag und Blasenbildung, auftreten, sollten Sie sofort einen Arzt aufsuchen. Es ist besser, einen Arzt zu konsultieren, bevor Sie mit der Einnahme dieses Medikaments beginnen, um eine Gesundheitsanalyse durchzuf\u00fchren und festzustellen, ob Modavinil gut f\u00fcr Sie ist. Dieses Medikament wird im Allgemeinen als sicher und gut vertr\u00e4glich angesehen, aber jeder Benutzer kann unterschiedlich darauf reagieren. Einige negative Wirkungen k\u00f6nnen sich bei h\u00f6heren Dosen verst\u00e4rken.<\/p>\n<h2>Gegenanzeigen und Vorsichtsma\u00dfnahmen<\/h2>\n<p>Es ist erw\u00e4hnenswert, dass Modavinil negative Wechselwirkungen mit bestimmten Medikamenten haben kann. In der Tat interagiert diese &#8220;intelligente Droge&#8221; bei gleichzeitiger Verabreichung mit bis zu 425 Medikamenten. Solche Wechselwirkungen k\u00f6nnen die Wirkung eines oder mehrerer kombinierter Arzneimittel abschw\u00e4chen oder sogar das Risiko negativer Reaktionen erh\u00f6hen.<\/p>\n<p>Als ein auf Modafinil basierendes Medikament kann Modavinil mit den folgenden Medikamentenklassen interagieren:<\/p>\n<ul>\n<li>Antibiotika wie Erythromycin;<\/li>\n<li>Antimykotika wie Ketoconazol;<\/li>\n<li>Antikonvulsiva wie Carbamazepin;<\/li>\n<li>bestimmte Arten von Antidepressiva wie Clomipramin und Desipramin;<\/li>\n<li>Antibabypillen;<\/li>\n<li>antivirale Mittel wie Ritonavir.<\/li>\n<\/ul>\n<p>Obwohl das Medikament mit den bekannten 425 Medikamenten interagiert, ist nur ein kleiner Prozentsatz der Interaktionen schwerwiegend. Informieren Sie einen Arzt \u00fcber alle Medikamente, die Sie m\u00f6glicherweise einnehmen, bevor Sie das Medikament einnehmen.<\/p>\n<p>Au\u00dferdem interagiert Modavinil mit Alkohol in einer Weise, die das Risiko negativer Auswirkungen erh\u00f6hen kann. Obwohl es nicht mit den meisten Nahrungsmitteln interagiert, kann die Einnahme unmittelbar vor oder nach dem Verzehr von fettigen Mahlzeiten den Wirkungseintritt verz\u00f6gern.<\/p>\n<p>Schwangere Frauen und Personen mit einer Vorgeschichte von Herzinfarkt, Brustschmerzen, Bluthochdruck, unregelm\u00e4\u00dfigem Herzschlag, Nieren- oder Lebererkrankungen, Missbrauch von Stimulanzien oder illegalen Medikamenten und psychischen Erkrankungen sollten Modavinil nicht einnehmen.<\/p>\n<h2>Verbrauchererfahrung<\/h2>\n<p>Obwohl Modavinil relativ neu in der &#8220;Smart Drug&#8221;-Szene ist, hat es die Herzen vieler Anwender dank seiner Sicherheit, Effektivit\u00e4t und der gro\u00dfen Anzahl an Vorteilen, die es bietet, gewonnen. Hier sind einige der Vorteile, die sowohl von den Verbrauchern als auch von Studien best\u00e4tigt wurden:<\/p>\n<ul>\n<li>verbesserte Wachsamkeit;<\/li>\n<li>erweiterte Kognition;<\/li>\n<li>gesteigerte Produktivit\u00e4t;<\/li>\n<li>12+ Stunden laser\u00e4hnliche Konzentration.<\/li>\n<\/ul>\n<p>Es ist keine Neuigkeit mehr, dass Modavinil 200 mg bei richtiger Anwendung eine ganz neue Ebene der geistigen Sch\u00e4rfe, Wachsamkeit, Energie und Produktivit\u00e4t bietet. Da es in unserer E-Apotheke zum Verkauf steht, bestellen Sie es, um mehr \u00fcber seine Zuverl\u00e4ssigkeit und seine Vorteile herauszufinden. Stellen Sie immer sicher, dass Sie einen Arzt konsultieren, um festzustellen, ob dieses Medikament f\u00fcr Sie geeignet ist.<\/p>\n<h2>Generisches Modavinil 200mg (Modafinil) online kaufen<\/h2>\n<p>Bei <a href=\"https:\/\/buymodafinilonline.com\/de\/\">BuyModafinilOnline<\/a> machen wir es Ihnen leicht, <a href=\"https:\/\/buymodafinilonline.com\/de\/shop\/\">generische &#8220;intelligente Drogen&#8221; online<\/a> zu l\u00e4cherlich niedrigen Preisen und ohne Rezept zu kaufen. Wir haben einen ausgezeichneten Ruf f\u00fcr die schnelle und reibungslose Lieferung von echten Nootropika<a href=\"https:\/\/buymodafinilonline.com\/de\/smarte-medikamente\/artvigil-150-mg\/\">(Artvigil<\/a>, <a href=\"https:\/\/buymodafinilonline.com\/de\/smarte-medikamente\/armod-150-mg\/\">Armod<\/a>, <a href=\"https:\/\/buymodafinilonline.com\/de\/smarte-medikamente\/armodavinil-150-mg\/\">Armodavinil<\/a>, Modawake, <a href=\"https:\/\/buymodafinilonline.com\/de\/smarte-medikamente\/modafil-md-200-mg-sublingual-tabletten\/\">Modafil MD<\/a>, etc.). Dies zeigt, warum wir eine gro\u00dfe Anzahl von wiederkehrenden K\u00e4ufern haben und warum K\u00e4ufer uns als den besten Ort bewerten, um <a href=\"https:\/\/buymodafinilonline.com\/smart-drugs-brands\/\">billige Modafinil und Armodafinil Marken zu kaufen<\/a>. Um unseren guten Ruf und die Qualit\u00e4t der von uns angebotenen Medikamente zu best\u00e4tigen, \u00fcberzeugen wir unsere Kunden immer wieder, indem wir ihnen <a href=\"https:\/\/buymodafinilonline.com\/free-trial\/\">kostenlose Proben<\/a> beliebter Nootropika schicken, damit sie die Wirksamkeit unserer Produkte vor dem Kauf testen k\u00f6nnen. Wir bieten auch <a href=\"https:\/\/buymodafinilonline.com\/coupons-deals-promo-codes\/\">erstaunliche Rabatte<\/a>, Gutscheincodes und eine schnelle Lieferung in die meisten Teile der Welt, einschlie\u00dflich der USA, Gro\u00dfbritannien und Australien. Au\u00dferdem haben wir eine Vielzahl von <a href=\"https:\/\/buymodafinilonline.com\/billing-credit-card-faq\/\">Zahlungsm\u00f6glichkeiten<\/a>. Sie k\u00f6nnen mit PayPal, einer Kreditkarte oder <a href=\"https:\/\/buymodafinilonline.com\/de\/mit-bitcoin-zahlen-33-rabatt-erhalten\/\">Bitcoin<\/a> (23 % Rabatt) bezahlen. Wir versenden weltweit mit Ausnahme einiger weniger aufgelisteter L\u00e4nder.<\/p>\n<p>Genie\u00dfen Sie Ihr Einkaufserlebnis ohne Rezept!<\/p>\n[\/vc_column]\n","protected":false},"excerpt":{"rendered":"<p>Modavinil 200 mg von Centurion Laboratories ist ein neues Premium-Generikum von Modafinil. Sein Wirkstoff ist Modafinil, das dazu beitr\u00e4gt, \u00fcberm\u00e4\u00dfige Tagesm\u00fcdigkeit bei Patienten mit Schlafmangel zu behandeln und die kognitiven Funktionen bei gesunden Menschen zu verbessern. Heute kann diese wirksame &#8220;intelligente Droge&#8221; bei fast jedem Anbieter erworben werden. Wenn Sie jedoch echte Tabs in Verbindung mit den <a href=\"https:\/\/buymodafinilonline.com\/coupons-deals-promo-codes\/\">besten Angeboten, Rabatten<\/a> und garantiertem <a href=\"https:\/\/buymodafinilonline.com\/shipping\/\">weltweitem Versand<\/a> erhalten m\u00f6chten, k\u00f6nnen Sie sich auf unsere Online-Apotheke verlassen!<\/p>\n<p>Wir laden Sie auch gerne dazu ein, unsere g\u00fcnstigen <a href=\"https:\/\/buymodafinilonline.com\/smart-drugs\/saver-combo-pack\/\">Modvigil- und Artvigil-Pillen<\/a> auszuprobieren, die Ihre Widerstandskraft gegen M\u00fcdigkeit erh\u00f6hen, sowie andere beliebte Modafinil-Marken<a href=\"https:\/\/buymodafinilonline.com\/smart-drugs\/modafresh-200-mg-tablets\/\">: Modafresh<\/a>, <a href=\"https:\/\/buymodafinilonline.com\/smart-drugs\/modaheal-200-mg-tablets\/\">Modaheal<\/a>, <a href=\"https:\/\/buymodafinilonline.com\/smart-drugs\/modawake-200-mg-tablets\/\">Modawake<\/a>, <a href=\"https:\/\/buymodafinilonline.com\/smart-drugs\/vilafinil-200mg-tablets\/\">Vilafinil<\/a> und ein exklusives <a href=\"https:\/\/buymodafinilonline.com\/smart-drugs\/modafil-md-200-mg-sublingual-tablets\/\">sublinguales Modafil MD<\/a>, das nur in unserer Online-Apotheke erh\u00e4ltlich ist und zu unseren Bestsellern geh\u00f6rt, mit einem Minzgeschmack f\u00fcr eine schnellere Absorption und somit einen schnelleren Wirkungseintritt. Dar\u00fcber hinaus enthalten unsere neuen Bestseller dieselben Wirkstoffe und sind genauso rein wie unsere fr\u00fcheren Bestseller-Marken.<\/p>\n<p>Sehen Sie sich unser neues <a href=\"https:\/\/buymodafinilonline.com\/smart-drugs\/modavinil-armodavinil-superior-combo-pack\/\">Superior Combo Pack<\/a> an, das alle oben genannten Marken enthalten kann.<\/p>\n","protected":false},"featured_media":424101,"comment_status":"closed","ping_status":"closed","template":"","meta":{"_acf_changed":false},"product_brand":[],"product_cat":[3786],"product_tag":[4014],"class_list":{"0":"post-447228","1":"product","2":"type-product","3":"status-publish","4":"has-post-thumbnail","6":"product_cat-smart-drugs-brands","7":"product_tag-modafinil-de","9":"first","10":"instock","11":"sale","12":"shipping-taxable","13":"purchasable","14":"product-type-variable","15":"has-default-attributes"},"acf":[],"yoast_head":"<!-- This site is optimized with the Yoast SEO Premium plugin v23.6 (Yoast SEO v27.3) - https:\/\/yoast.com\/product\/yoast-seo-premium-wordpress\/ -->\n<title>Bestellen Sie billig Modavinil 200 MG (Modafinil) aus Indien - BuyModafinilOnline<\/title>\n<meta name=\"description\" content=\"Generische Modavinil 200 mg Pillen online ohne Rezept bei BuyModafinilOnline Apotheke. Erhalten Sie eine 100%ige Liefergarantie aus Indien! Kaufen Sie Modavinil (Modafinil) mit Bitcoin und genie\u00dfen Sie 23% Rabatt.\" \/>\n<meta name=\"robots\" content=\"index, follow, max-snippet:-1, max-image-preview:large, max-video-preview:-1\" \/>\n<link rel=\"canonical\" href=\"https:\/\/buymodafinilonline.com\/de\/smarte-medikamente\/modavinil-200-mg\/\" \/>\n<meta property=\"og:locale\" content=\"de_DE\" \/>\n<meta property=\"og:type\" content=\"article\" \/>\n<meta property=\"og:title\" content=\"Modavinil 200 MG\" \/>\n<meta property=\"og:description\" content=\"Generische Modavinil 200 mg Pillen online ohne Rezept bei BuyModafinilOnline Apotheke. Erhalten Sie eine 100%ige Liefergarantie aus Indien! Kaufen Sie Modavinil (Modafinil) mit Bitcoin und genie\u00dfen Sie 23% Rabatt.\" \/>\n<meta property=\"og:url\" content=\"https:\/\/buymodafinilonline.com\/de\/smarte-medikamente\/modavinil-200-mg\/\" \/>\n<meta property=\"og:site_name\" content=\"BuyModafinilOnline.com\" \/>\n<meta property=\"article:modified_time\" content=\"2026-01-12T19:50:31+00:00\" \/>\n<meta property=\"og:image\" content=\"https:\/\/buymodafinilonline.com\/wp-content\/uploads\/2021\/07\/bmo-product-modavinill-new.png\" \/>\n\t<meta property=\"og:image:width\" content=\"1280\" \/>\n\t<meta property=\"og:image:height\" content=\"1500\" \/>\n\t<meta property=\"og:image:type\" content=\"image\/png\" \/>\n<meta name=\"twitter:label1\" content=\"Gesch\u00e4tzte Lesezeit\" \/>\n\t<meta name=\"twitter:data1\" content=\"6\u00a0Minuten\" \/>\n<script type=\"application\/ld+json\" class=\"yoast-schema-graph\">{\"@context\":\"https:\\\/\\\/schema.org\",\"@graph\":[{\"@type\":\"WebPage\",\"@id\":\"https:\\\/\\\/buymodafinilonline.com\\\/de\\\/smarte-medikamente\\\/modavinil-200-mg\\\/\",\"url\":\"https:\\\/\\\/buymodafinilonline.com\\\/de\\\/smarte-medikamente\\\/modavinil-200-mg\\\/\",\"name\":\"Bestellen Sie billig Modavinil 200 MG (Modafinil) aus Indien - BuyModafinilOnline\",\"isPartOf\":{\"@id\":\"https:\\\/\\\/buymodafinilonline.com\\\/de\\\/#website\"},\"primaryImageOfPage\":{\"@id\":\"https:\\\/\\\/buymodafinilonline.com\\\/de\\\/smarte-medikamente\\\/modavinil-200-mg\\\/#primaryimage\"},\"image\":{\"@id\":\"https:\\\/\\\/buymodafinilonline.com\\\/de\\\/smarte-medikamente\\\/modavinil-200-mg\\\/#primaryimage\"},\"thumbnailUrl\":\"https:\\\/\\\/buymodafinilonline.com\\\/wp-content\\\/uploads\\\/2021\\\/07\\\/bmo-product-modavinill-new.png\",\"datePublished\":\"2021-07-12T21:38:41+00:00\",\"dateModified\":\"2026-01-12T19:50:31+00:00\",\"description\":\"Generische Modavinil 200 mg Pillen online ohne Rezept bei BuyModafinilOnline Apotheke. Erhalten Sie eine 100%ige Liefergarantie aus Indien! Kaufen Sie Modavinil (Modafinil) mit Bitcoin und genie\u00dfen Sie 23% Rabatt.\",\"breadcrumb\":{\"@id\":\"https:\\\/\\\/buymodafinilonline.com\\\/de\\\/smarte-medikamente\\\/modavinil-200-mg\\\/#breadcrumb\"},\"inLanguage\":\"de\",\"potentialAction\":[{\"@type\":\"ReadAction\",\"target\":[\"https:\\\/\\\/buymodafinilonline.com\\\/de\\\/smarte-medikamente\\\/modavinil-200-mg\\\/\"]}]},{\"@type\":\"ImageObject\",\"inLanguage\":\"de\",\"@id\":\"https:\\\/\\\/buymodafinilonline.com\\\/de\\\/smarte-medikamente\\\/modavinil-200-mg\\\/#primaryimage\",\"url\":\"https:\\\/\\\/buymodafinilonline.com\\\/wp-content\\\/uploads\\\/2021\\\/07\\\/bmo-product-modavinill-new.png\",\"contentUrl\":\"https:\\\/\\\/buymodafinilonline.com\\\/wp-content\\\/uploads\\\/2021\\\/07\\\/bmo-product-modavinill-new.png\",\"width\":1280,\"height\":1500,\"caption\":\"Modavinil Pills 200 mg\"},{\"@type\":\"BreadcrumbList\",\"@id\":\"https:\\\/\\\/buymodafinilonline.com\\\/de\\\/smarte-medikamente\\\/modavinil-200-mg\\\/#breadcrumb\",\"itemListElement\":[{\"@type\":\"ListItem\",\"position\":1,\"name\":\"Buy Modafinil Online\",\"item\":\"https:\\\/\\\/buymodafinilonline.com\\\/de\\\/\"},{\"@type\":\"ListItem\",\"position\":2,\"name\":\"Shop\",\"item\":\"https:\\\/\\\/buymodafinilonline.com\\\/de\\\/shop-2\\\/\"},{\"@type\":\"ListItem\",\"position\":3,\"name\":\"Smart Drugs Brands\",\"item\":\"https:\\\/\\\/buymodafinilonline.com\\\/de\\\/produkt-kategorie\\\/smart-drugs-brands\\\/\"},{\"@type\":\"ListItem\",\"position\":4,\"name\":\"Modavinil 200 MG\"}]},{\"@type\":\"WebSite\",\"@id\":\"https:\\\/\\\/buymodafinilonline.com\\\/de\\\/#website\",\"url\":\"https:\\\/\\\/buymodafinilonline.com\\\/de\\\/\",\"name\":\"BuyModafinilOnline.com\",\"description\":\"Modafinil Online Pharmacy\",\"publisher\":{\"@id\":\"https:\\\/\\\/buymodafinilonline.com\\\/de\\\/#organization\"},\"potentialAction\":[{\"@type\":\"SearchAction\",\"target\":{\"@type\":\"EntryPoint\",\"urlTemplate\":\"https:\\\/\\\/buymodafinilonline.com\\\/de\\\/?s={search_term_string}\"},\"query-input\":{\"@type\":\"PropertyValueSpecification\",\"valueRequired\":true,\"valueName\":\"search_term_string\"}}],\"inLanguage\":\"de\"},{\"@type\":\"Organization\",\"@id\":\"https:\\\/\\\/buymodafinilonline.com\\\/de\\\/#organization\",\"name\":\"BuyModafinilOnline\",\"url\":\"https:\\\/\\\/buymodafinilonline.com\\\/de\\\/\",\"logo\":{\"@type\":\"ImageObject\",\"inLanguage\":\"de\",\"@id\":\"https:\\\/\\\/buymodafinilonline.com\\\/de\\\/#\\\/schema\\\/logo\\\/image\\\/\",\"url\":\"https:\\\/\\\/buymodafinilonline.com\\\/wp-content\\\/uploads\\\/2020\\\/04\\\/logo-buy-modafinil-online-yellow.png\",\"contentUrl\":\"https:\\\/\\\/buymodafinilonline.com\\\/wp-content\\\/uploads\\\/2020\\\/04\\\/logo-buy-modafinil-online-yellow.png\",\"width\":200,\"height\":200,\"caption\":\"BuyModafinilOnline\"},\"image\":{\"@id\":\"https:\\\/\\\/buymodafinilonline.com\\\/de\\\/#\\\/schema\\\/logo\\\/image\\\/\"}}]}<\/script>\n<!-- \/ Yoast SEO Premium plugin. -->","yoast_head_json":{"title":"Bestellen Sie billig Modavinil 200 MG (Modafinil) aus Indien - BuyModafinilOnline","description":"Generische Modavinil 200 mg Pillen online ohne Rezept bei BuyModafinilOnline Apotheke. Erhalten Sie eine 100%ige Liefergarantie aus Indien! Kaufen Sie Modavinil (Modafinil) mit Bitcoin und genie\u00dfen Sie 23% Rabatt.","robots":{"index":"index","follow":"follow","max-snippet":"max-snippet:-1","max-image-preview":"max-image-preview:large","max-video-preview":"max-video-preview:-1"},"canonical":"https:\/\/buymodafinilonline.com\/de\/smarte-medikamente\/modavinil-200-mg\/","og_locale":"de_DE","og_type":"article","og_title":"Modavinil 200 MG","og_description":"Generische Modavinil 200 mg Pillen online ohne Rezept bei BuyModafinilOnline Apotheke. Erhalten Sie eine 100%ige Liefergarantie aus Indien! Kaufen Sie Modavinil (Modafinil) mit Bitcoin und genie\u00dfen Sie 23% Rabatt.","og_url":"https:\/\/buymodafinilonline.com\/de\/smarte-medikamente\/modavinil-200-mg\/","og_site_name":"BuyModafinilOnline.com","article_modified_time":"2026-01-12T19:50:31+00:00","og_image":[{"width":1280,"height":1500,"url":"https:\/\/buymodafinilonline.com\/wp-content\/uploads\/2021\/07\/bmo-product-modavinill-new.png","type":"image\/png"}],"twitter_misc":{"Gesch\u00e4tzte Lesezeit":"6\u00a0Minuten"},"schema":{"@context":"https:\/\/schema.org","@graph":[{"@type":"WebPage","@id":"https:\/\/buymodafinilonline.com\/de\/smarte-medikamente\/modavinil-200-mg\/","url":"https:\/\/buymodafinilonline.com\/de\/smarte-medikamente\/modavinil-200-mg\/","name":"Bestellen Sie billig Modavinil 200 MG (Modafinil) aus Indien - BuyModafinilOnline","isPartOf":{"@id":"https:\/\/buymodafinilonline.com\/de\/#website"},"primaryImageOfPage":{"@id":"https:\/\/buymodafinilonline.com\/de\/smarte-medikamente\/modavinil-200-mg\/#primaryimage"},"image":{"@id":"https:\/\/buymodafinilonline.com\/de\/smarte-medikamente\/modavinil-200-mg\/#primaryimage"},"thumbnailUrl":"https:\/\/buymodafinilonline.com\/wp-content\/uploads\/2021\/07\/bmo-product-modavinill-new.png","datePublished":"2021-07-12T21:38:41+00:00","dateModified":"2026-01-12T19:50:31+00:00","description":"Generische Modavinil 200 mg Pillen online ohne Rezept bei BuyModafinilOnline Apotheke. Erhalten Sie eine 100%ige Liefergarantie aus Indien! Kaufen Sie Modavinil (Modafinil) mit Bitcoin und genie\u00dfen Sie 23% Rabatt.","breadcrumb":{"@id":"https:\/\/buymodafinilonline.com\/de\/smarte-medikamente\/modavinil-200-mg\/#breadcrumb"},"inLanguage":"de","potentialAction":[{"@type":"ReadAction","target":["https:\/\/buymodafinilonline.com\/de\/smarte-medikamente\/modavinil-200-mg\/"]}]},{"@type":"ImageObject","inLanguage":"de","@id":"https:\/\/buymodafinilonline.com\/de\/smarte-medikamente\/modavinil-200-mg\/#primaryimage","url":"https:\/\/buymodafinilonline.com\/wp-content\/uploads\/2021\/07\/bmo-product-modavinill-new.png","contentUrl":"https:\/\/buymodafinilonline.com\/wp-content\/uploads\/2021\/07\/bmo-product-modavinill-new.png","width":1280,"height":1500,"caption":"Modavinil Pills 200 mg"},{"@type":"BreadcrumbList","@id":"https:\/\/buymodafinilonline.com\/de\/smarte-medikamente\/modavinil-200-mg\/#breadcrumb","itemListElement":[{"@type":"ListItem","position":1,"name":"Buy Modafinil Online","item":"https:\/\/buymodafinilonline.com\/de\/"},{"@type":"ListItem","position":2,"name":"Shop","item":"https:\/\/buymodafinilonline.com\/de\/shop-2\/"},{"@type":"ListItem","position":3,"name":"Smart Drugs Brands","item":"https:\/\/buymodafinilonline.com\/de\/produkt-kategorie\/smart-drugs-brands\/"},{"@type":"ListItem","position":4,"name":"Modavinil 200 MG"}]},{"@type":"WebSite","@id":"https:\/\/buymodafinilonline.com\/de\/#website","url":"https:\/\/buymodafinilonline.com\/de\/","name":"BuyModafinilOnline.com","description":"Modafinil Online Pharmacy","publisher":{"@id":"https:\/\/buymodafinilonline.com\/de\/#organization"},"potentialAction":[{"@type":"SearchAction","target":{"@type":"EntryPoint","urlTemplate":"https:\/\/buymodafinilonline.com\/de\/?s={search_term_string}"},"query-input":{"@type":"PropertyValueSpecification","valueRequired":true,"valueName":"search_term_string"}}],"inLanguage":"de"},{"@type":"Organization","@id":"https:\/\/buymodafinilonline.com\/de\/#organization","name":"BuyModafinilOnline","url":"https:\/\/buymodafinilonline.com\/de\/","logo":{"@type":"ImageObject","inLanguage":"de","@id":"https:\/\/buymodafinilonline.com\/de\/#\/schema\/logo\/image\/","url":"https:\/\/buymodafinilonline.com\/wp-content\/uploads\/2020\/04\/logo-buy-modafinil-online-yellow.png","contentUrl":"https:\/\/buymodafinilonline.com\/wp-content\/uploads\/2020\/04\/logo-buy-modafinil-online-yellow.png","width":200,"height":200,"caption":"BuyModafinilOnline"},"image":{"@id":"https:\/\/buymodafinilonline.com\/de\/#\/schema\/logo\/image\/"}}]}},"_links":{"self":[{"href":"https:\/\/buymodafinilonline.com\/de\/wp-json\/wp\/v2\/product\/447228","targetHints":{"allow":["GET"]}}],"collection":[{"href":"https:\/\/buymodafinilonline.com\/de\/wp-json\/wp\/v2\/product"}],"about":[{"href":"https:\/\/buymodafinilonline.com\/de\/wp-json\/wp\/v2\/types\/product"}],"replies":[{"embeddable":true,"href":"https:\/\/buymodafinilonline.com\/de\/wp-json\/wp\/v2\/comments?post=447228"}],"wp:featuredmedia":[{"embeddable":true,"href":"https:\/\/buymodafinilonline.com\/de\/wp-json\/wp\/v2\/media\/424101"}],"wp:attachment":[{"href":"https:\/\/buymodafinilonline.com\/de\/wp-json\/wp\/v2\/media?parent=447228"}],"wp:term":[{"taxonomy":"product_brand","embeddable":true,"href":"https:\/\/buymodafinilonline.com\/de\/wp-json\/wp\/v2\/product_brand?post=447228"},{"taxonomy":"product_cat","embeddable":true,"href":"https:\/\/buymodafinilonline.com\/de\/wp-json\/wp\/v2\/product_cat?post=447228"},{"taxonomy":"product_tag","embeddable":true,"href":"https:\/\/buymodafinilonline.com\/de\/wp-json\/wp\/v2\/product_tag?post=447228"}],"curies":[{"name":"wp","href":"https:\/\/api.w.org\/{rel}","templated":true}]}}