{"id":454281,"date":"2020-03-23T13:58:02","date_gmt":"2020-03-23T12:58:02","guid":{"rendered":"https:\/\/buymodafinilonline.com\/smart-drugs\/waklert-150-mg\/"},"modified":"2026-02-27T12:57:24","modified_gmt":"2026-02-27T11:57:24","slug":"waklert-150-mg-tablets","status":"publish","type":"product","link":"https:\/\/buymodafinilonline.com\/de\/smarte-medikamente\/waklert-150-mg-tablets\/","title":{"rendered":"Waklert 150 mg"},"content":{"rendered":"[vc_column width=&#8221;1\/2&#8243;]\n<div class=\"su-divider su-divider-style-default\" style=\"margin:10px 0;border-width:3px;border-color:#ffffff00\"><a href=\"#\" style=\"color:#ffffff009\">.<\/a><\/div>\n<h2>Was ist Waklert 150 mg?<\/h2>\n<div class=\"su-divider su-divider-style-default\" style=\"margin:10px 0;border-width:3px;border-color:#ffffff00\"><a href=\"#\" style=\"color:#ffffff009\">.<\/a><\/div>\nIn der Nootropika-Gemeinschaft sind Medikamente, die Modafinil enthalten, sehr beliebt. Allerdings wei\u00df nur ein kleiner Prozentsatz der Nutzer von Smart Drugs, wie wirksam Armodafinil ist. Es ist eine hochwirksame Substanz, die bei der Einnahme zur Verbesserung der kognitiven Funktionen beitr\u00e4gt. Armodafinil ist der aktive Bestandteil von Waklert.<\/p>\n<p>Dank seines Hauptinhaltsstoffs hat sich Waklert als sehr wirksam erwiesen, wenn es darum geht, die Wachheit und Aufmerksamkeit der Benutzer zu verbessern. Dieses Medikament ist vor allem bei Personen beliebt, deren Beruf oder Tagesablauf ein hohes Ma\u00df an Konzentration und Aufmerksamkeit erfordert. Viele Menschen, die in diese Kategorie fallen, nehmen einfach Medikamente wie Waklert, um sich bei der Arbeit konzentrieren oder orientieren zu k\u00f6nnen.<\/p>\n<p>Abgesehen von der Tatsache, dass es die Wachsamkeit, Produktivit\u00e4t und Aufmerksamkeit steigert, ist Waklert aus einer Reihe anderer Gr\u00fcnde beliebt. Zun\u00e4chst einmal genie\u00dft es unter den Mitgliedern der Nootropika-Gemeinschaft einen beeindruckenden Ruf. Au\u00dferdem ist es billiger und leichter zug\u00e4nglich als einige andere Alternativen.<\/p>\n<p>Waklert wird oft mit Nuvigil verglichen, aber diese Medikamente haben ihre Unterschiede.<\/p>\n<div class=\"su-divider su-divider-style-default\" style=\"margin:10px 0;border-width:3px;border-color:#ffffff00\"><a href=\"#\" style=\"color:#ffffff009\">.<\/a><\/div>\n<h2>Wie wirken diese Pillen?<\/h2>\n<div class=\"su-divider su-divider-style-default\" style=\"margin:10px 0;border-width:3px;border-color:#ffffff00\"><a href=\"#\" style=\"color:#ffffff009\">.<\/a><\/div>\nDie Wirkungsweise von Waklert 150 mg Tabletten unter dem Gesichtspunkt der kognitiven Verbesserung ist noch nicht vollst\u00e4ndig gekl\u00e4rt. Man geht jedoch davon aus, dass sie chemische Reaktionen im Gehirn anregen und dadurch zu einem Anstieg des Dopaminspiegels f\u00fchren.<\/p>\n<p>Es scheint sich auch auf andere Bereiche des Gehirns auszuwirken, was letztlich zu mehr Energie, geistiger Ausdauer und nat\u00fcrlich zu einer &#8220;Wohlf\u00fchl&#8221;-Aura f\u00fchrt. Sein Wirkmechanismus tr\u00e4gt auch dazu bei, die Schl\u00e4frigkeit des Benutzers zu verhindern.<\/p>\n<div class=\"su-divider su-divider-style-default\" style=\"margin:10px 0;border-width:3px;border-color:#ffffff00\"><a href=\"#\" style=\"color:#ffffff009\">.<\/a><\/div>\n<h2>Sichere Dosierung und richtige Anwendung<\/h2>\n<div class=\"su-divider su-divider-style-default\" style=\"margin:10px 0;border-width:3px;border-color:#ffffff00\"><a href=\"#\" style=\"color:#ffffff009\">.<\/a><\/div>\nWenn es um die Dosierung geht, kann Waklert 150 mg ein wenig knifflig sein. Die H\u00f6chstdosis betr\u00e4gt 150 mg. Das bedeutet jedoch nicht, dass jeder Nutzer das Maximum erreichen muss. Bei der Anwendung von Medikamenten ist es wichtig, die biologischen Unterschiede zu beachten.<\/p>\n<p>W\u00e4hrend einige Anwender beispielsweise die 150 mg-Tabletten t\u00e4glich als hochwirksam und gut vertr\u00e4glich empfinden, k\u00f6nnen bei anderen aufgrund ihres empfindlichen K\u00f6rpersystems gewisse Beschwerden und unerw\u00fcnschte Reaktionen auftreten.<\/p>\n<p>Wenn Sie in die letztgenannte Kategorie fallen, m\u00fcssen Sie nicht in Panik geraten. Waklert 150 mg-Tabletten haben in der Regel einen Knick in der Mitte, so dass sie leichter halbiert werden k\u00f6nnen.<\/p>\n<p>Dieses Medikament sollte nur einmal t\u00e4glich mit einem Glas Wasser eingenommen werden.<\/p>\n<div class=\"su-divider su-divider-style-default\" style=\"margin:10px 0;border-width:3px;border-color:#ffffff00\"><a href=\"#\" style=\"color:#ffffff009\">.<\/a><\/div>\n<h2>M\u00f6gliche Nebenwirkungen<\/h2>\n<div class=\"su-divider su-divider-style-default\" style=\"margin:10px 0;border-width:3px;border-color:#ffffff00\"><a href=\"#\" style=\"color:#ffffff009\">.<\/a><\/div>\nF\u00fcr die Nutzer von Nootropika oder so gut wie jeder Medikamentenklasse sind Nebenwirkungen ein wichtiger Faktor, der ber\u00fccksichtigt werden muss. \u00dcberwiegen die unerw\u00fcnschten Wirkungen den Nutzen? Sind sie \u00fcberschaubar?<\/p>\n<p>Waklert bringt eine Reihe von Nebenwirkungen mit sich, die in folgende Gruppen eingeteilt werden k\u00f6nnen: h\u00e4ufig, selten, Reaktionen auf \u00dcberdosierung oder Allergie.<\/p>\n[\/vc_column][vc_column width=&#8221;1\/2&#8243;]\n<div class=\"su-divider su-divider-style-default\" style=\"margin:10px 0;border-width:3px;border-color:#ffffff00\"><a href=\"#\" style=\"color:#ffffff009\">.<\/a><\/div>\nEinige der h\u00e4ufigsten Nebenwirkungen dieses Medikaments sind \u00dcbelkeit, Schwindel, Kopfschmerzen und Schlaflosigkeit. In seltenen F\u00e4llen k\u00f6nnen Depressionen, Angstzust\u00e4nde oder Halluzinationen auftreten. Diese Nebenwirkungen treten nur bei einem kleinen Prozentsatz der Anwender von Waklert auf.<\/p>\n<p>Schlie\u00dflich kann es bei der Einnahme dieser intelligenten Droge zu allergischen Reaktionen wie schweren Hautausschl\u00e4gen kommen. Daher ist es ratsam, vor der Einnahme dieses Medikaments einen Arzt zu konsultieren, um sicherzustellen, dass es f\u00fcr Sie sicher ist.<\/p>\n<div class=\"su-divider su-divider-style-default\" style=\"margin:10px 0;border-width:3px;border-color:#ffffff00\"><a href=\"#\" style=\"color:#ffffff009\">.<\/a><\/div>\n<h2>Gegenanzeigen und Vorsichtsma\u00dfnahmen<\/h2>\n<div class=\"su-divider su-divider-style-default\" style=\"margin:10px 0;border-width:3px;border-color:#ffffff00\"><a href=\"#\" style=\"color:#ffffff009\">.<\/a><\/div>\nWechselwirkungen zwischen Arzneimitteln haben in der Regel zwei Auswirkungen. Der erste ist, dass das Risiko von Nebenwirkungen steigen kann. Die zweite Auswirkung ist, dass eines oder mehrere der Medikamente ihre Wirksamkeit verlieren k\u00f6nnen.<\/p>\n<p>Vor der Verwendung von Waklert ist es wichtig, die Wechselwirkungen mit anderen Tabs zu pr\u00fcfen, die Sie m\u00f6glicherweise gerade verwenden. So k\u00f6nnen Sie vermeiden, dass es zu Arzneimittelinterferenzen oder schweren Nebenwirkungen kommt. Waklert hat negative Wechselwirkungen mit Alkohol und sollte daher nicht in Kombination mit dieser Substanz eingenommen werden. Es kann mit oder ohne Nahrung eingenommen werden, je nachdem, was Sie bevorzugen.<\/p>\n<p>Es ist wichtig, eine \u00dcberdosis dieser intelligenten Droge zu vermeiden, um das Auftreten von \u00dcberdosierungssymptomen wie Unruhe, Verwirrung oder erh\u00f6htem Blutdruck zu verhindern.<\/p>\n<div class=\"su-divider su-divider-style-default\" style=\"margin:10px 0;border-width:3px;border-color:#ffffff00\"><a href=\"#\" style=\"color:#ffffff009\">.<\/a><\/div>\n<h2>Verbrauchererfahrung<\/h2>\n<div class=\"su-divider su-divider-style-default\" style=\"margin:10px 0;border-width:3px;border-color:#ffffff00\"><a href=\"#\" style=\"color:#ffffff009\">.<\/a><\/div>\nBislang sind die Bewertungen der Benutzer von Waklert 150 mg positiv, da die meisten von ihnen die Wirksamkeit des Pr\u00e4parats bei der Steigerung der Produktivit\u00e4t, insbesondere bei der Arbeit, best\u00e4tigen. Dieses Medikament hilft auch bei der Bek\u00e4mpfung von Tagesm\u00fcdigkeit und f\u00f6rdert die kognitive Funktion.<\/p>\n<p>Kein Wunder, dass es vor allem von Studenten und Menschen genutzt wird, die hektische Berufe aus\u00fcben, die hohe Konzentration erfordern.<\/p>\n<div class=\"su-divider su-divider-style-default\" style=\"margin:10px 0;border-width:3px;border-color:#ffffff00\"><a href=\"#\" style=\"color:#ffffff009\">.<\/a><\/div>\n<h2>Generisches Waklert 150mg (Armodafinil) online kaufen<\/h2>\n<div class=\"su-divider su-divider-style-default\" style=\"margin:10px 0;border-width:3px;border-color:#ffffff00\"><a href=\"#\" style=\"color:#ffffff009\">.<\/a><\/div>\nWenn Sie auf der Suche nach dem besten Ort sind, um dieses Medikament zu kaufen, ist BuyModafinilOnline die richtige Apotheke f\u00fcr Sie. Wir wissen, dass unsere Meinung voreingenommen erscheinen mag, aber in der heutigen Welt sind Online-Apotheken die beste Wahl, wenn Sie versuchen, intelligente Medikamente ohne Rezept zu kaufen.<\/p>\n<p>Wir verstehen, dass es schwierig sein kann, den richtigen zu finden, aber wir sind f\u00fcr Sie da! Bei BuyModafinilOnline, machen wir es einfach f\u00fcr Sie, diese Pillen zu erschwinglichen Preisen und ohne Probleme zu kaufen. Unsere Dienstleistungen sind g\u00fcnstig, bequem und nat\u00fcrlich zuverl\u00e4ssig. Das k\u00f6nnen wir Ihnen bieten:<\/p>\n<div class=\"su-divider su-divider-style-default\" style=\"margin:10px 0;border-width:3px;border-color:#ffffff00\"><a href=\"#\" style=\"color:#ffffff009\">.<\/a><\/div>\n<ul>\n<li>sichere intelligente Medikamente wie <a href=\"https:\/\/buymodafinilonline.com\/de\/smarte-medikamente\/modvigil-200-mg\/\">Modvigil 200 mg<\/a>, <a href=\"https:\/\/buymodafinilonline.com\/de\/smarte-medikamente\/artvigil-150-mg\/\">Artvigil 150 mg<\/a>, <a href=\"https:\/\/buymodafinilonline.com\/de\/smarte-medikamente\/modafresh-200-mg-tabletten\/\">Modafresh 200 mg<\/a>, <a href=\"https:\/\/buymodafinilonline.com\/de\/smarte-medikamente\/modaheal-200-mg\/\">Modaheal 200 mg<\/a>, etc;<\/li>\n<li>einfaches <a href=\"https:\/\/buymodafinilonline.com\/order-tracking\/\">Tool zur Paketverfolgung<\/a>;<\/li>\n<li><a href=\"https:\/\/buymodafinilonline.com\/de\/mit-bitcoin-zahlen-33-rabatt-erhalten\/\">23% discount<\/a> with Bitcoin payment;<\/li>\n<li>20 kostenlose Proben von Modafinil- und Armodafinil-Pillen;<\/li>\n<li>und vieles mehr.<\/li>\n<\/ul>\n<div class=\"su-divider su-divider-style-default\" style=\"margin:10px 0;border-width:3px;border-color:#ffffff00\"><a href=\"#\" style=\"color:#ffffff009\">.<\/a><\/div>\nMachen Sie einen Rundgang durch unser umfangreiches Angebot an Nootropika und erhalten Sie generische Produkte zu einem g\u00fcnstigen Preis.<\/p>\n[\/vc_column]\n<div class=\"su-divider su-divider-style-default\" style=\"margin:10px 0;border-width:3px;border-color:#ffffff00\"><a href=\"#\" style=\"color:#ffffff009\">.<\/a><\/div>\n","protected":false},"excerpt":{"rendered":"[sc name=\"sun-suspended-de\"]\n<p>Waklert ist ein intelligentes Medikament zur F\u00f6rderung der Wachheit bei Menschen, die an Narkolepsie oder an einer Schlafst\u00f6rung durch Schichtarbeit leiden. Diese von Sun Pharma hergestellte Pille enth\u00e4lt Armodafinil und ist ein Favorit unter mehreren Mitgliedern der Nootropika-Gemeinschaft. Holen Sie sich dieses hochwirksame Medikament noch heute in unserer Online-Apotheke und genie\u00dfen Sie eine Kombination aus niedrigen Preisen und schneller Lieferung.<\/p>\n[sc name=\"s1\"]\n","protected":false},"featured_media":397994,"comment_status":"closed","ping_status":"closed","template":"","meta":{"_acf_changed":false},"product_brand":[],"product_cat":[4231,3786],"product_tag":[4950],"class_list":{"0":"post-454281","1":"product","2":"type-product","3":"status-publish","4":"has-post-thumbnail","6":"product_cat-bestseller","7":"product_cat-smart-drugs-brands","8":"product_tag-armodafinil-de-2","10":"first","11":"instock","12":"sale","13":"shipping-taxable","14":"purchasable","15":"product-type-variable","16":"has-default-attributes"},"acf":[],"yoast_head":"<!-- This site is optimized with the Yoast SEO Premium plugin v23.6 (Yoast SEO v27.3) - https:\/\/yoast.com\/product\/yoast-seo-premium-wordpress\/ -->\n<title>Waklert 150 mg (Armodafinil) Tabletten rezeptfrei kaufen - BuyModafinilOnline<\/title>\n<meta name=\"description\" content=\"Bestellen Sie g\u00fcnstig Waklert 150 mg Tabletten online vom Hersteller Sun Pharma. Kaufen Sie generisches Waklert (Armodafinil) mit 23% Rabatt f\u00fcr Bitcoin-Zahlung bei BuyModafinilOnline Apotheke!\" \/>\n<meta name=\"robots\" content=\"index, follow, max-snippet:-1, max-image-preview:large, max-video-preview:-1\" \/>\n<link rel=\"canonical\" href=\"https:\/\/buymodafinilonline.com\/de\/smarte-medikamente\/waklert-150-mg-tablets\/\" \/>\n<meta property=\"og:locale\" content=\"de_DE\" \/>\n<meta property=\"og:type\" content=\"article\" \/>\n<meta property=\"og:title\" content=\"Waklert 150 mg\" \/>\n<meta property=\"og:description\" content=\"Bestellen Sie g\u00fcnstig Waklert 150 mg Tabletten online vom Hersteller Sun Pharma. Kaufen Sie generisches Waklert (Armodafinil) mit 23% Rabatt f\u00fcr Bitcoin-Zahlung bei BuyModafinilOnline Apotheke!\" \/>\n<meta property=\"og:url\" content=\"https:\/\/buymodafinilonline.com\/de\/smarte-medikamente\/waklert-150-mg-tablets\/\" \/>\n<meta property=\"og:site_name\" content=\"BuyModafinilOnline.com\" \/>\n<meta property=\"article:modified_time\" content=\"2026-02-27T11:57:24+00:00\" \/>\n<meta property=\"og:image\" content=\"https:\/\/buymodafinilonline.com\/wp-content\/uploads\/2020\/04\/product-bmo-waklert-2.png\" \/>\n\t<meta property=\"og:image:width\" content=\"1280\" \/>\n\t<meta property=\"og:image:height\" content=\"1500\" \/>\n\t<meta property=\"og:image:type\" content=\"image\/png\" \/>\n<meta name=\"twitter:label1\" content=\"Gesch\u00e4tzte Lesezeit\" \/>\n\t<meta name=\"twitter:data1\" content=\"5\u00a0Minuten\" \/>\n<script type=\"application\/ld+json\" class=\"yoast-schema-graph\">{\"@context\":\"https:\\\/\\\/schema.org\",\"@graph\":[{\"@type\":\"WebPage\",\"@id\":\"https:\\\/\\\/buymodafinilonline.com\\\/de\\\/smarte-medikamente\\\/waklert-150-mg-tablets\\\/\",\"url\":\"https:\\\/\\\/buymodafinilonline.com\\\/de\\\/smarte-medikamente\\\/waklert-150-mg-tablets\\\/\",\"name\":\"Waklert 150 mg (Armodafinil) Tabletten rezeptfrei kaufen - BuyModafinilOnline\",\"isPartOf\":{\"@id\":\"https:\\\/\\\/buymodafinilonline.com\\\/de\\\/#website\"},\"primaryImageOfPage\":{\"@id\":\"https:\\\/\\\/buymodafinilonline.com\\\/de\\\/smarte-medikamente\\\/waklert-150-mg-tablets\\\/#primaryimage\"},\"image\":{\"@id\":\"https:\\\/\\\/buymodafinilonline.com\\\/de\\\/smarte-medikamente\\\/waklert-150-mg-tablets\\\/#primaryimage\"},\"thumbnailUrl\":\"https:\\\/\\\/buymodafinilonline.com\\\/wp-content\\\/uploads\\\/2020\\\/04\\\/product-bmo-waklert-2.png\",\"datePublished\":\"2020-03-23T12:58:02+00:00\",\"dateModified\":\"2026-02-27T11:57:24+00:00\",\"description\":\"Bestellen Sie g\u00fcnstig Waklert 150 mg Tabletten online vom Hersteller Sun Pharma. Kaufen Sie generisches Waklert (Armodafinil) mit 23% Rabatt f\u00fcr Bitcoin-Zahlung bei BuyModafinilOnline Apotheke!\",\"breadcrumb\":{\"@id\":\"https:\\\/\\\/buymodafinilonline.com\\\/de\\\/smarte-medikamente\\\/waklert-150-mg-tablets\\\/#breadcrumb\"},\"inLanguage\":\"de\",\"potentialAction\":[{\"@type\":\"ReadAction\",\"target\":[\"https:\\\/\\\/buymodafinilonline.com\\\/de\\\/smarte-medikamente\\\/waklert-150-mg-tablets\\\/\"]}]},{\"@type\":\"ImageObject\",\"inLanguage\":\"de\",\"@id\":\"https:\\\/\\\/buymodafinilonline.com\\\/de\\\/smarte-medikamente\\\/waklert-150-mg-tablets\\\/#primaryimage\",\"url\":\"https:\\\/\\\/buymodafinilonline.com\\\/wp-content\\\/uploads\\\/2020\\\/04\\\/product-bmo-waklert-2.png\",\"contentUrl\":\"https:\\\/\\\/buymodafinilonline.com\\\/wp-content\\\/uploads\\\/2020\\\/04\\\/product-bmo-waklert-2.png\",\"width\":1280,\"height\":1500,\"caption\":\"Waklert 150 mg\"},{\"@type\":\"BreadcrumbList\",\"@id\":\"https:\\\/\\\/buymodafinilonline.com\\\/de\\\/smarte-medikamente\\\/waklert-150-mg-tablets\\\/#breadcrumb\",\"itemListElement\":[{\"@type\":\"ListItem\",\"position\":1,\"name\":\"Buy Modafinil Online\",\"item\":\"https:\\\/\\\/buymodafinilonline.com\\\/de\\\/\"},{\"@type\":\"ListItem\",\"position\":2,\"name\":\"Shop\",\"item\":\"https:\\\/\\\/buymodafinilonline.com\\\/de\\\/shop-2\\\/\"},{\"@type\":\"ListItem\",\"position\":3,\"name\":\"Bestseller\",\"item\":\"https:\\\/\\\/buymodafinilonline.com\\\/de\\\/produkt-kategorie\\\/bestseller\\\/\"},{\"@type\":\"ListItem\",\"position\":4,\"name\":\"Waklert 150 mg\"}]},{\"@type\":\"WebSite\",\"@id\":\"https:\\\/\\\/buymodafinilonline.com\\\/de\\\/#website\",\"url\":\"https:\\\/\\\/buymodafinilonline.com\\\/de\\\/\",\"name\":\"BuyModafinilOnline.com\",\"description\":\"Modafinil Online Pharmacy\",\"publisher\":{\"@id\":\"https:\\\/\\\/buymodafinilonline.com\\\/de\\\/#organization\"},\"potentialAction\":[{\"@type\":\"SearchAction\",\"target\":{\"@type\":\"EntryPoint\",\"urlTemplate\":\"https:\\\/\\\/buymodafinilonline.com\\\/de\\\/?s={search_term_string}\"},\"query-input\":{\"@type\":\"PropertyValueSpecification\",\"valueRequired\":true,\"valueName\":\"search_term_string\"}}],\"inLanguage\":\"de\"},{\"@type\":\"Organization\",\"@id\":\"https:\\\/\\\/buymodafinilonline.com\\\/de\\\/#organization\",\"name\":\"BuyModafinilOnline\",\"url\":\"https:\\\/\\\/buymodafinilonline.com\\\/de\\\/\",\"logo\":{\"@type\":\"ImageObject\",\"inLanguage\":\"de\",\"@id\":\"https:\\\/\\\/buymodafinilonline.com\\\/de\\\/#\\\/schema\\\/logo\\\/image\\\/\",\"url\":\"https:\\\/\\\/buymodafinilonline.com\\\/wp-content\\\/uploads\\\/2020\\\/04\\\/logo-buy-modafinil-online-yellow.png\",\"contentUrl\":\"https:\\\/\\\/buymodafinilonline.com\\\/wp-content\\\/uploads\\\/2020\\\/04\\\/logo-buy-modafinil-online-yellow.png\",\"width\":200,\"height\":200,\"caption\":\"BuyModafinilOnline\"},\"image\":{\"@id\":\"https:\\\/\\\/buymodafinilonline.com\\\/de\\\/#\\\/schema\\\/logo\\\/image\\\/\"}}]}<\/script>\n<!-- \/ Yoast SEO Premium plugin. -->","yoast_head_json":{"title":"Waklert 150 mg (Armodafinil) Tabletten rezeptfrei kaufen - BuyModafinilOnline","description":"Bestellen Sie g\u00fcnstig Waklert 150 mg Tabletten online vom Hersteller Sun Pharma. Kaufen Sie generisches Waklert (Armodafinil) mit 23% Rabatt f\u00fcr Bitcoin-Zahlung bei BuyModafinilOnline Apotheke!","robots":{"index":"index","follow":"follow","max-snippet":"max-snippet:-1","max-image-preview":"max-image-preview:large","max-video-preview":"max-video-preview:-1"},"canonical":"https:\/\/buymodafinilonline.com\/de\/smarte-medikamente\/waklert-150-mg-tablets\/","og_locale":"de_DE","og_type":"article","og_title":"Waklert 150 mg","og_description":"Bestellen Sie g\u00fcnstig Waklert 150 mg Tabletten online vom Hersteller Sun Pharma. Kaufen Sie generisches Waklert (Armodafinil) mit 23% Rabatt f\u00fcr Bitcoin-Zahlung bei BuyModafinilOnline Apotheke!","og_url":"https:\/\/buymodafinilonline.com\/de\/smarte-medikamente\/waklert-150-mg-tablets\/","og_site_name":"BuyModafinilOnline.com","article_modified_time":"2026-02-27T11:57:24+00:00","og_image":[{"width":1280,"height":1500,"url":"https:\/\/buymodafinilonline.com\/wp-content\/uploads\/2020\/04\/product-bmo-waklert-2.png","type":"image\/png"}],"twitter_misc":{"Gesch\u00e4tzte Lesezeit":"5\u00a0Minuten"},"schema":{"@context":"https:\/\/schema.org","@graph":[{"@type":"WebPage","@id":"https:\/\/buymodafinilonline.com\/de\/smarte-medikamente\/waklert-150-mg-tablets\/","url":"https:\/\/buymodafinilonline.com\/de\/smarte-medikamente\/waklert-150-mg-tablets\/","name":"Waklert 150 mg (Armodafinil) Tabletten rezeptfrei kaufen - BuyModafinilOnline","isPartOf":{"@id":"https:\/\/buymodafinilonline.com\/de\/#website"},"primaryImageOfPage":{"@id":"https:\/\/buymodafinilonline.com\/de\/smarte-medikamente\/waklert-150-mg-tablets\/#primaryimage"},"image":{"@id":"https:\/\/buymodafinilonline.com\/de\/smarte-medikamente\/waklert-150-mg-tablets\/#primaryimage"},"thumbnailUrl":"https:\/\/buymodafinilonline.com\/wp-content\/uploads\/2020\/04\/product-bmo-waklert-2.png","datePublished":"2020-03-23T12:58:02+00:00","dateModified":"2026-02-27T11:57:24+00:00","description":"Bestellen Sie g\u00fcnstig Waklert 150 mg Tabletten online vom Hersteller Sun Pharma. Kaufen Sie generisches Waklert (Armodafinil) mit 23% Rabatt f\u00fcr Bitcoin-Zahlung bei BuyModafinilOnline Apotheke!","breadcrumb":{"@id":"https:\/\/buymodafinilonline.com\/de\/smarte-medikamente\/waklert-150-mg-tablets\/#breadcrumb"},"inLanguage":"de","potentialAction":[{"@type":"ReadAction","target":["https:\/\/buymodafinilonline.com\/de\/smarte-medikamente\/waklert-150-mg-tablets\/"]}]},{"@type":"ImageObject","inLanguage":"de","@id":"https:\/\/buymodafinilonline.com\/de\/smarte-medikamente\/waklert-150-mg-tablets\/#primaryimage","url":"https:\/\/buymodafinilonline.com\/wp-content\/uploads\/2020\/04\/product-bmo-waklert-2.png","contentUrl":"https:\/\/buymodafinilonline.com\/wp-content\/uploads\/2020\/04\/product-bmo-waklert-2.png","width":1280,"height":1500,"caption":"Waklert 150 mg"},{"@type":"BreadcrumbList","@id":"https:\/\/buymodafinilonline.com\/de\/smarte-medikamente\/waklert-150-mg-tablets\/#breadcrumb","itemListElement":[{"@type":"ListItem","position":1,"name":"Buy Modafinil Online","item":"https:\/\/buymodafinilonline.com\/de\/"},{"@type":"ListItem","position":2,"name":"Shop","item":"https:\/\/buymodafinilonline.com\/de\/shop-2\/"},{"@type":"ListItem","position":3,"name":"Bestseller","item":"https:\/\/buymodafinilonline.com\/de\/produkt-kategorie\/bestseller\/"},{"@type":"ListItem","position":4,"name":"Waklert 150 mg"}]},{"@type":"WebSite","@id":"https:\/\/buymodafinilonline.com\/de\/#website","url":"https:\/\/buymodafinilonline.com\/de\/","name":"BuyModafinilOnline.com","description":"Modafinil Online Pharmacy","publisher":{"@id":"https:\/\/buymodafinilonline.com\/de\/#organization"},"potentialAction":[{"@type":"SearchAction","target":{"@type":"EntryPoint","urlTemplate":"https:\/\/buymodafinilonline.com\/de\/?s={search_term_string}"},"query-input":{"@type":"PropertyValueSpecification","valueRequired":true,"valueName":"search_term_string"}}],"inLanguage":"de"},{"@type":"Organization","@id":"https:\/\/buymodafinilonline.com\/de\/#organization","name":"BuyModafinilOnline","url":"https:\/\/buymodafinilonline.com\/de\/","logo":{"@type":"ImageObject","inLanguage":"de","@id":"https:\/\/buymodafinilonline.com\/de\/#\/schema\/logo\/image\/","url":"https:\/\/buymodafinilonline.com\/wp-content\/uploads\/2020\/04\/logo-buy-modafinil-online-yellow.png","contentUrl":"https:\/\/buymodafinilonline.com\/wp-content\/uploads\/2020\/04\/logo-buy-modafinil-online-yellow.png","width":200,"height":200,"caption":"BuyModafinilOnline"},"image":{"@id":"https:\/\/buymodafinilonline.com\/de\/#\/schema\/logo\/image\/"}}]}},"_links":{"self":[{"href":"https:\/\/buymodafinilonline.com\/de\/wp-json\/wp\/v2\/product\/454281","targetHints":{"allow":["GET"]}}],"collection":[{"href":"https:\/\/buymodafinilonline.com\/de\/wp-json\/wp\/v2\/product"}],"about":[{"href":"https:\/\/buymodafinilonline.com\/de\/wp-json\/wp\/v2\/types\/product"}],"replies":[{"embeddable":true,"href":"https:\/\/buymodafinilonline.com\/de\/wp-json\/wp\/v2\/comments?post=454281"}],"wp:featuredmedia":[{"embeddable":true,"href":"https:\/\/buymodafinilonline.com\/de\/wp-json\/wp\/v2\/media\/397994"}],"wp:attachment":[{"href":"https:\/\/buymodafinilonline.com\/de\/wp-json\/wp\/v2\/media?parent=454281"}],"wp:term":[{"taxonomy":"product_brand","embeddable":true,"href":"https:\/\/buymodafinilonline.com\/de\/wp-json\/wp\/v2\/product_brand?post=454281"},{"taxonomy":"product_cat","embeddable":true,"href":"https:\/\/buymodafinilonline.com\/de\/wp-json\/wp\/v2\/product_cat?post=454281"},{"taxonomy":"product_tag","embeddable":true,"href":"https:\/\/buymodafinilonline.com\/de\/wp-json\/wp\/v2\/product_tag?post=454281"}],"curies":[{"name":"wp","href":"https:\/\/api.w.org\/{rel}","templated":true}]}}