{"id":480494,"date":"2022-01-27T06:55:09","date_gmt":"2022-01-27T05:55:09","guid":{"rendered":"https:\/\/buymodafinilonline.com\/smart-drugs\/mundaufloesbares-modafinil-modafil-md-200-mg-inland-usa-nach-usa\/"},"modified":"2026-01-22T11:00:52","modified_gmt":"2026-01-22T10:00:52","slug":"mundaufloesbares-modafinil-modafil-md-200-mg-inland-usa-nach-usa","status":"publish","type":"product","link":"https:\/\/buymodafinilonline.com\/de\/smarte-medikamente\/mundaufloesbares-modafinil-modafil-md-200-mg-inland-usa-nach-usa\/","title":{"rendered":"Mundaufl\u00f6sbares Modafinil Modafil MD 200 MG &#8211; Inland (USA nach USA)"},"content":{"rendered":"[vc_column width=&#8221;1\/2&#8243;]\n<h2>Was ist das mundaufl\u00f6sbare Modafil MD 200 mg?<\/h2>\n<p>Das von Intas Biopharmaceuticals hergestellte, im Mund aufl\u00f6sbare Modafinil Modafil MD wird in einer Dosis von 200 mg angeboten, der typischsten Form, die von Online-Anbietern angeboten wird. Beeindruckend ist, dass sich diese Marke aufgrund ihrer einzigartigen Verabreichungsmethode schnell zu einem der meistverkauften Modafinil-Medikamente entwickelt. <\/p>\n<p>Das mundaufl\u00f6sbare Modafil MD \u00e4hnelt in seinem Wirkungsprofil anderen generischen Versionen von Modafinil, hat jedoch den Vorteil, dass es schneller absorbiert wird und daher sofortiger wirkt. Das Medikament ist au\u00dferdem bequem zu verabreichen, insbesondere f\u00fcr Personen, die Schwierigkeiten beim Schlucken haben. <\/p>\n<p>Au\u00dferdem besteht bei der Einnahme keine Erstickungsgefahr in den Atemwegen aufgrund einer physischen Obstruktion, was f\u00fcr mehr Sicherheit sorgt.<\/p>\n<p>Die Food And Drug Administration (FDA) hat das Medikament zur Behandlung von Schlafst\u00f6rungen wie Narkolepsie, Schlafst\u00f6rungen bei Schichtarbeit (SWSD) und obstruktiver Schlafapnoe (OSA) verschrieben.<\/p>\n<p>Es wird jedoch auch au\u00dferhalb seiner vorgeschriebenen Verwendung zur Behandlung anderer Gesundheitszust\u00e4nde eingesetzt. Dazu geh\u00f6ren das chronische M\u00fcdigkeitssyndrom, Jetlag, Parkinson-Krankheit, durch Multiple Sklerose verursachte M\u00fcdigkeit, altersbedingter Ged\u00e4chtnisverlust, Depressionen, Alzheimer-Krankheit, Aufmerksamkeitsdefizit-Hyperaktivit\u00e4tsst\u00f6rung (ADHS), kognitive Beeintr\u00e4chtigung bei Schizophrenie, idiopathische Hypersomnie und andere. <\/p>\n<p>Au\u00dferdem verwenden gesunde Menschen Modafil MD oft als &#8220;Smart Tab&#8221; oder Nootropikum, um ihre kognitiven F\u00e4higkeiten zu verbessern und ihre Produktivit\u00e4t zu steigern. Das Medikament ist ideal f\u00fcr alle, die ihren Geist sch\u00e4rfen, ihre Konzentration, Motivation und Fokussierung steigern, ihr Ged\u00e4chtnis und ihr Denken verbessern, ihre Kreativit\u00e4t f\u00f6rdern, ihr Energieniveau erh\u00f6hen und ihre Entscheidungsfindung und Aufmerksamkeitsspanne verbessern m\u00f6chten. <\/p>\n<p>Das Medikament beeinflusst die Neurotransmitter im menschlichen Gehirn wie Serotonin, Noradrenalin, Dopamin, Gamma-Aminobutters\u00e4ure, Histamin, Glutamat und Orexin. Diese grundlegenden Chemikalien beeinflussen den Schlaf-Wach-Rhythmus des Menschen sowie andere Gehirnfunktionen und verbessern so die kognitiven F\u00e4higkeiten. <\/p>\n<h2>Sichere Dosierung und richtige Anwendung<\/h2>\n<p>Obwohl das mundl\u00f6sliche Modafil MD bei richtiger Anwendung sicher und gut vertr\u00e4glich ist, sollten Sie es nicht selbst einnehmen. Konsultieren Sie zuerst einen Arzt f\u00fcr eine Gesundheitsanalyse und die Empfehlung einer sicheren Dosierung. <\/p>\n<p>Die Dosierung h\u00e4ngt in erster Linie vom medizinischen Zustand des Anwenders und seiner Reaktion auf die Therapie ab. Dennoch ist 200 mg die empfohlene Anfangsdosis f\u00fcr die meisten Anwender, die einmal t\u00e4glich eingenommen wird. Sie k\u00f6nnen mit einer 100-mg-Tablette beginnen, indem Sie die 200-mg-Pille in zwei H\u00e4lften teilen, um zu sehen, wie Ihr K\u00f6rper darauf anspricht. Beachten Sie, dass die von \u00c4rzten empfohlene Obergrenze f\u00fcr mundl\u00f6sliches Modafil MD bei 400 mg\/Tag liegt.   <\/p>\n<p>Wenn Sie Narkoleptiker sind oder unter OSA leiden, sollten Sie die mundaufl\u00f6sende Modafil MD Pille fr\u00fch am Morgen einnehmen. Wenn Ihnen SWSD verschrieben wurde, sollten Sie au\u00dferdem eine einzelne Tablette etwa eine Stunde vor Beginn der Arbeitsschicht einnehmen. <\/p>\n<p>Im Gegensatz zu den Tabletten, die oral mit einem Glas Wasser eingenommen werden sollten, l\u00f6st sich Modafinil Modafil MD im Mund innerhalb von Sekunden auf. Es funktioniert gut mit oder ohne Nahrung. <\/p>\n<p>Wenn Sie dieses Medikament zu kognitiven oder produktiven Zwecken verwenden, sollte die Dosis eine Stunde vor der Aktivit\u00e4t eingenommen werden und NUR nach R\u00fccksprache mit einem Arzt.<\/p>\n<h2>M\u00f6gliche Nebenwirkungen<\/h2>\n<p>Das mundaufl\u00f6sende Modafinil Modafil MD hat einige negative Auswirkungen. Sie treten jedoch nicht bei jedem Anwender auf. <\/p>\n<p>Konsultieren Sie einen Arzt, um Ihren Gesundheitszustand zu beurteilen, bevor Sie dieses Medikament einnehmen. Wenn leichte Nebenwirkungen auftreten, verschwinden sie schnell wieder, sobald sich der K\u00f6rper an den Wirkstoff gew\u00f6hnt hat. Halten Sie sich an die Anweisungen in der Packungsbeilage oder an die Dosierungshinweise Ihres Arztes oder Gesundheitsdienstleisters.<\/p>\n[\/vc_column][vc_column width=&#8221;1\/2&#8243;]\n<p>Die \u00fcblichen negativen Auswirkungen, die mit der Einnahme von Modafinil Modafil MD verbunden sind, sind wie folgt:<\/p>\n<ul>\n<li>Diarrh\u00f6e;<\/li>\n<li>Schlafschwierigkeiten;<\/li>\n<li>Kopfschmerzen;<\/li>\n<li>\u00dcbelkeit;<\/li>\n<li>trockener Mund;<\/li>\n<li>Schwindelgef\u00fchl.<\/li>\n<\/ul>\n<p>Zu den au\u00dferordentlich seltenen, aber extremen Nebenwirkungen von Modafinil geh\u00f6ren: Selbstmordgedanken, Depressionen, Zittern, schneller Herzschlag, Halluzinationen, Angstzust\u00e4nde und Hyperaktivit\u00e4t.<\/p>\n<p>Beachten Sie, dass Modafinil andere negative Auswirkungen haben kann. Die angegebene Liste ist nicht ersch\u00f6pfend. Wenn Sie nach der Einnahme des Medikaments merkw\u00fcrdige Anzeichen zeigen, rufen Sie sofort Ihren Arzt an, um medizinische Hilfe zu erhalten.  <\/p>\n<h2>Gegenanzeigen und Vorsichtsma\u00dfnahmen<\/h2>\n<p>Mundl\u00f6sliches Modafinil Modafil MD 200 MG, als ein auf Modafinil basierendes Medikament, interagiert mit bis zu 448 anderen Medikamenten. Sie sollten es nicht mit den folgenden Arten von Produkten mischen: <\/p>\n<ul>\n<li>einige Antidepressiva;<\/li>\n<li>Medikamente gegen Krampfanf\u00e4lle;<\/li>\n<li>Blutverd\u00fcnner;<\/li>\n<li>Antibabypillen;<\/li>\n<li>bestimmte Antibiotika;<\/li>\n<li>Antimykotika;<\/li>\n<li>CYP2C19- und CYP3A4\/5-Substrate;<\/li>\n<li>Monoaminoxidase-Hemmer;<\/li>\n<li>Freizeitdrogen.<\/li>\n<\/ul>\n<p>Obwohl die Pille von den meisten Nahrungsmitteln nicht beeintr\u00e4chtigt wird, kann die Einnahme direkt vor oder nach dem Verzehr von fetthaltigen Mahlzeiten den Wirkungseintritt sicherlich verz\u00f6gern. Es wird nicht empfohlen, Modafinil Modafil MD zu nehmen, wenn Sie allergisch gegen Modafinil sind. Vergewissern Sie sich, dass Ihr Arzt \u00fcber alle Ihre Krankheiten Bescheid wei\u00df, bevor Sie die &#8220;intelligente Droge&#8221; einnehmen, einschlie\u00dflich psychischer St\u00f6rungen, Herzproblemen, Bluthochdruck oder Leber-\/Nierenproblemen. Mundl\u00f6sliches Modafinil Modafil MD interagiert mit Alkohol auf eine Weise, die das Risiko negativer Auswirkungen erh\u00f6ht. Es wird daher nicht empfohlen, diese beiden Substanzen zu kombinieren.    <\/p>\n<h2>Kaufen Sie Modafil MD 200mg (Sublinguales Modafinil) mit schnellem Versand in den USA<\/h2>\n<p>Als <a href=\"https:\/\/buymodafinilonline.com\/de\/\">BuyModafinilOnline<\/a> (BMO) bieten wir mehrere generische &#8220;Smart Drug&#8221;-Marken &amp; -Kombinationen zu den g\u00fcnstigsten Kosten an. Bei uns k\u00f6nnen Sie mundaufl\u00f6sbare Modafil MD Tabletten ganz einfach online &amp; ohne Rezept kaufen. Alle unsere Produkte sind g\u00fcnstig &#8211; sie werden zum Herstellungspreis verkauft. Um die Kosten weiter zu senken, sollten Sie mehr Mouth Dissolvable Modafinil Modafil MD tabs kaufen. Das ist unsere wahnsinnig tolle Regel: Je mehr Tabletten Sie bestellen, desto niedriger ist der Preis. Au\u00dferdem bieten wir au\u00dfergew\u00f6hnliche Rabatte, verschiedene <a href=\"https:\/\/buymodafinilonline.com\/coupons-deals-promo-codes\/\">Gutscheincodes<\/a> und Angebote. Zum Beispiel erhalten wiederkehrende Kunden 10 zus\u00e4tzliche Tabletten gratis; teilen Sie eine ehrliche Bewertung oder einen Erfahrungsbericht mit &amp; erhalten Sie 20 zus\u00e4tzliche Tabletten bei der n\u00e4chsten Bestellung.      <\/p>\n<p>Als BMO bieten wir Ihnen kostenlose Testmuster unserer meistverkauften nootropischen Marken an. Sie erhalten 10 Tabletten der Marken Artvigil (Armodafinil) &amp; 10 Tabletten von Modalert (Modafinil) kostenlos. Sie zahlen nur die Versandgeb\u00fchr.  <\/p>\n<p>In unserer eleganten E-Apotheke k\u00f6nnen Sie mit PayPal, Bitcoin (mit 23% Rabatt), Zelle, einer Kreditkarte (MasterCard, AmEx) und einem E-Scheck bezahlen. Beachten Sie, dass alle Transaktionen tats\u00e4chlich sicher sind. <\/p>\n<p>Genie\u00dfen Sie unseren einzigartigen <a href=\"https:\/\/buymodafinilonline.com\/us-domestic-delivery\/\">schnellen USA-zu-USA-Paketversand<\/a> per USPS, der NUR 3-4 Werktage dauert. Diese Versandoption gilt nur f\u00fcr einige ausgew\u00e4hlte &#8220;intelligente Medikamente&#8221;, darunter das mundaufl\u00f6sbare Modafil MD. Unser inneramerikanischer Versand verursacht keine Zollprobleme.  <\/p>\n<p>Sie k\u00f6nnen Ihre Modafil MD Pillen sogar schon am n\u00e4chsten Tag erhalten, wenn Sie unsere schnelle Lieferung am n\u00e4chsten Tag in den USA w\u00e4hlen.<\/p>\n[\/vc_column]\n","protected":false},"excerpt":{"rendered":"<p>&#8211; Inlandsversand von den USA in die USA jetzt verf\u00fcgbar<br \/>\n&#8211; 3-4 Werktage Lieferzeit per USPS Priority Mail*<br \/>\n&#8211; Kann nicht mit anderen nicht-einheimischen Produkten gemischt werden<br \/>\n&#8211; Alle Inlandsbestellungen werden mit einem Satz von 20 kostenlosen Mustern geliefert<br \/>\n&#8211; Sie zahlen f\u00fcr eine superschnelle, reibungslose Lieferung und keine Zollprobleme<\/p>\n<p>Mundl\u00f6sliches Modafinil Modafil MD 200 mg Tab, hergestellt von Intas Biopharmaceuticals, hat Modafinil als Wirkstoff. Es l\u00f6st sich im Mund auf und bietet Ihnen eine schnellere, einfachere &amp; h\u00e4rtere Wirkung auf den K\u00f6rper. Es wird zur Therapie von Schlafst\u00f6rungen eingesetzt, indem es den normalen Schlafzyklus wiederherstellt. Gesunde Menschen verwenden es als wirksames Mittel zur Steigerung der kognitiven Leistungsf\u00e4higkeit. Als generische Version des Markenmedikaments Provigil\u00ae bieten wir es im Vergleich zum Kauf in einer \u00f6rtlichen Apotheke g\u00fcnstig an. <strong><em>Kaufen Sie rezeptfrei online.<\/em><\/strong> Bezahlen Sie einfach mit einer Kredit-\/Debitkarte, Kryptow\u00e4hrung<a href=\"https:\/\/buymodafinilonline.com\/bitcoin-payment\/\">(23% Rabatt<\/a>) oder PayPal.    <\/p>\n<p>Ihr Paket wird in einer diskreten Verpackung \u00fcber unseren <a href=\"https:\/\/buymodafinilonline.com\/us-domestic-delivery\/\">US-Inlandsversand<\/a> an Ihre Haust\u00fcr in den USA geliefert. Vielleicht haben Sie sogar das Gl\u00fcck, die schnellste Lieferung \u00fcber Nacht oder am n\u00e4chsten Tag in die USA zu erhalten. Kein \u00c4rger mit dem Zoll! Sparen Sie mehr Geld, indem Sie unsere au\u00dfergew\u00f6hnlichen <a href=\"https:\/\/buymodafinilonline.com\/coupons-deals-promo-codes\/\">Angebote und Gutscheincodes<\/a> nutzen. Vers\u00e4umen Sie es nicht, unsere <a href=\"https:\/\/buymodafinilonline.com\/free-trial\/\">kostenlosen Testmuster<\/a> zu bestellen.    <\/p>\n<p><em>*after receiving your tracking number. Please allow up to 24 hours for your order to process, and an additional 2-3 days to be shipped out.<\/em><\/p>\n","protected":false},"featured_media":434056,"comment_status":"closed","ping_status":"closed","template":"","meta":{"_acf_changed":false},"product_brand":[],"product_cat":[8918],"product_tag":[4014],"class_list":{"0":"post-480494","1":"product","2":"type-product","3":"status-publish","4":"has-post-thumbnail","6":"product_cat-us-domestic-shipping-de","7":"product_tag-modafinil-de","9":"first","10":"instock","11":"sale","12":"shipping-taxable","13":"purchasable","14":"product-type-variable","15":"has-default-attributes"},"acf":[],"yoast_head":"<!-- This site is optimized with the Yoast SEO Premium plugin v23.6 (Yoast SEO v27.3) - https:\/\/yoast.com\/product\/yoast-seo-premium-wordpress\/ -->\n<title>Bestellen Sie Sublingual Modafil MD 200mg Tabs \u00fcber US Inlandsversand - BuyModafinilOnline<\/title>\n<meta name=\"description\" content=\"Kaufen Sie Modafil MD 200 MG (Sublingual Modafinil) Pillen online mit dem schnellsten Overnight-Versand \u00fcber die inl\u00e4ndische USPS Mail und erhalten Sie einen schnellen US-Versand, der 3-4 Tage \u00fcber die direkte lokale Versandoption dauert. Genie\u00dfen Sie den gr\u00f6\u00dften Rabatt von 23% f\u00fcr Bitcoin-Zahlungen bei BuyModafinilOnline pharmacy.\" \/>\n<meta name=\"robots\" content=\"index, follow, max-snippet:-1, max-image-preview:large, max-video-preview:-1\" \/>\n<link rel=\"canonical\" href=\"https:\/\/buymodafinilonline.com\/de\/smarte-medikamente\/mundaufloesbares-modafinil-modafil-md-200-mg-inland-usa-nach-usa\/\" \/>\n<meta property=\"og:locale\" content=\"de_DE\" \/>\n<meta property=\"og:type\" content=\"article\" \/>\n<meta property=\"og:title\" content=\"Mundaufl\u00f6sbares Modafinil Modafil MD 200 MG - Inland (USA nach USA)\" \/>\n<meta property=\"og:description\" content=\"Kaufen Sie Modafil MD 200 MG (Sublingual Modafinil) Pillen online mit dem schnellsten Overnight-Versand \u00fcber die inl\u00e4ndische USPS Mail und erhalten Sie einen schnellen US-Versand, der 3-4 Tage \u00fcber die direkte lokale Versandoption dauert. Genie\u00dfen Sie den gr\u00f6\u00dften Rabatt von 23% f\u00fcr Bitcoin-Zahlungen bei BuyModafinilOnline pharmacy.\" \/>\n<meta property=\"og:url\" content=\"https:\/\/buymodafinilonline.com\/de\/smarte-medikamente\/mundaufloesbares-modafinil-modafil-md-200-mg-inland-usa-nach-usa\/\" \/>\n<meta property=\"og:site_name\" content=\"BuyModafinilOnline.com\" \/>\n<meta property=\"article:modified_time\" content=\"2026-01-22T10:00:52+00:00\" \/>\n<meta property=\"og:image\" content=\"https:\/\/buymodafinilonline.com\/wp-content\/uploads\/2022\/01\/bmo-modafil-md-domestic-us.png\" \/>\n\t<meta property=\"og:image:width\" content=\"1280\" \/>\n\t<meta property=\"og:image:height\" content=\"1500\" \/>\n\t<meta property=\"og:image:type\" content=\"image\/png\" \/>\n<meta name=\"twitter:label1\" content=\"Gesch\u00e4tzte Lesezeit\" \/>\n\t<meta name=\"twitter:data1\" content=\"5\u00a0Minuten\" \/>\n<script type=\"application\/ld+json\" class=\"yoast-schema-graph\">{\"@context\":\"https:\\\/\\\/schema.org\",\"@graph\":[{\"@type\":\"WebPage\",\"@id\":\"https:\\\/\\\/buymodafinilonline.com\\\/de\\\/smarte-medikamente\\\/mundaufloesbares-modafinil-modafil-md-200-mg-inland-usa-nach-usa\\\/\",\"url\":\"https:\\\/\\\/buymodafinilonline.com\\\/de\\\/smarte-medikamente\\\/mundaufloesbares-modafinil-modafil-md-200-mg-inland-usa-nach-usa\\\/\",\"name\":\"Bestellen Sie Sublingual Modafil MD 200mg Tabs \u00fcber US Inlandsversand - BuyModafinilOnline\",\"isPartOf\":{\"@id\":\"https:\\\/\\\/buymodafinilonline.com\\\/de\\\/#website\"},\"primaryImageOfPage\":{\"@id\":\"https:\\\/\\\/buymodafinilonline.com\\\/de\\\/smarte-medikamente\\\/mundaufloesbares-modafinil-modafil-md-200-mg-inland-usa-nach-usa\\\/#primaryimage\"},\"image\":{\"@id\":\"https:\\\/\\\/buymodafinilonline.com\\\/de\\\/smarte-medikamente\\\/mundaufloesbares-modafinil-modafil-md-200-mg-inland-usa-nach-usa\\\/#primaryimage\"},\"thumbnailUrl\":\"https:\\\/\\\/buymodafinilonline.com\\\/wp-content\\\/uploads\\\/2022\\\/01\\\/bmo-modafil-md-domestic-us.png\",\"datePublished\":\"2022-01-27T05:55:09+00:00\",\"dateModified\":\"2026-01-22T10:00:52+00:00\",\"description\":\"Kaufen Sie Modafil MD 200 MG (Sublingual Modafinil) Pillen online mit dem schnellsten Overnight-Versand \u00fcber die inl\u00e4ndische USPS Mail und erhalten Sie einen schnellen US-Versand, der 3-4 Tage \u00fcber die direkte lokale Versandoption dauert. Genie\u00dfen Sie den gr\u00f6\u00dften Rabatt von 23% f\u00fcr Bitcoin-Zahlungen bei BuyModafinilOnline pharmacy.\",\"breadcrumb\":{\"@id\":\"https:\\\/\\\/buymodafinilonline.com\\\/de\\\/smarte-medikamente\\\/mundaufloesbares-modafinil-modafil-md-200-mg-inland-usa-nach-usa\\\/#breadcrumb\"},\"inLanguage\":\"de\",\"potentialAction\":[{\"@type\":\"ReadAction\",\"target\":[\"https:\\\/\\\/buymodafinilonline.com\\\/de\\\/smarte-medikamente\\\/mundaufloesbares-modafinil-modafil-md-200-mg-inland-usa-nach-usa\\\/\"]}]},{\"@type\":\"ImageObject\",\"inLanguage\":\"de\",\"@id\":\"https:\\\/\\\/buymodafinilonline.com\\\/de\\\/smarte-medikamente\\\/mundaufloesbares-modafinil-modafil-md-200-mg-inland-usa-nach-usa\\\/#primaryimage\",\"url\":\"https:\\\/\\\/buymodafinilonline.com\\\/wp-content\\\/uploads\\\/2022\\\/01\\\/bmo-modafil-md-domestic-us.png\",\"contentUrl\":\"https:\\\/\\\/buymodafinilonline.com\\\/wp-content\\\/uploads\\\/2022\\\/01\\\/bmo-modafil-md-domestic-us.png\",\"width\":1280,\"height\":1500,\"caption\":\"Modafil MD 200 MG with Domestic USPS Shipping & Local USA to USA Dispatch\"},{\"@type\":\"BreadcrumbList\",\"@id\":\"https:\\\/\\\/buymodafinilonline.com\\\/de\\\/smarte-medikamente\\\/mundaufloesbares-modafinil-modafil-md-200-mg-inland-usa-nach-usa\\\/#breadcrumb\",\"itemListElement\":[{\"@type\":\"ListItem\",\"position\":1,\"name\":\"Buy Modafinil Online\",\"item\":\"https:\\\/\\\/buymodafinilonline.com\\\/de\\\/\"},{\"@type\":\"ListItem\",\"position\":2,\"name\":\"Shop\",\"item\":\"https:\\\/\\\/buymodafinilonline.com\\\/de\\\/shop-2\\\/\"},{\"@type\":\"ListItem\",\"position\":3,\"name\":\"US Domestic Shipping\",\"item\":\"https:\\\/\\\/buymodafinilonline.com\\\/de\\\/produkt-kategorie\\\/us-domestic-shipping-de\\\/\"},{\"@type\":\"ListItem\",\"position\":4,\"name\":\"Mundaufl\u00f6sbares Modafinil Modafil MD 200 MG &#8211; Inland (USA nach USA)\"}]},{\"@type\":\"WebSite\",\"@id\":\"https:\\\/\\\/buymodafinilonline.com\\\/de\\\/#website\",\"url\":\"https:\\\/\\\/buymodafinilonline.com\\\/de\\\/\",\"name\":\"BuyModafinilOnline.com\",\"description\":\"Modafinil Online Pharmacy\",\"publisher\":{\"@id\":\"https:\\\/\\\/buymodafinilonline.com\\\/de\\\/#organization\"},\"potentialAction\":[{\"@type\":\"SearchAction\",\"target\":{\"@type\":\"EntryPoint\",\"urlTemplate\":\"https:\\\/\\\/buymodafinilonline.com\\\/de\\\/?s={search_term_string}\"},\"query-input\":{\"@type\":\"PropertyValueSpecification\",\"valueRequired\":true,\"valueName\":\"search_term_string\"}}],\"inLanguage\":\"de\"},{\"@type\":\"Organization\",\"@id\":\"https:\\\/\\\/buymodafinilonline.com\\\/de\\\/#organization\",\"name\":\"BuyModafinilOnline\",\"url\":\"https:\\\/\\\/buymodafinilonline.com\\\/de\\\/\",\"logo\":{\"@type\":\"ImageObject\",\"inLanguage\":\"de\",\"@id\":\"https:\\\/\\\/buymodafinilonline.com\\\/de\\\/#\\\/schema\\\/logo\\\/image\\\/\",\"url\":\"https:\\\/\\\/buymodafinilonline.com\\\/wp-content\\\/uploads\\\/2020\\\/04\\\/logo-buy-modafinil-online-yellow.png\",\"contentUrl\":\"https:\\\/\\\/buymodafinilonline.com\\\/wp-content\\\/uploads\\\/2020\\\/04\\\/logo-buy-modafinil-online-yellow.png\",\"width\":200,\"height\":200,\"caption\":\"BuyModafinilOnline\"},\"image\":{\"@id\":\"https:\\\/\\\/buymodafinilonline.com\\\/de\\\/#\\\/schema\\\/logo\\\/image\\\/\"}}]}<\/script>\n<!-- \/ Yoast SEO Premium plugin. -->","yoast_head_json":{"title":"Bestellen Sie Sublingual Modafil MD 200mg Tabs \u00fcber US Inlandsversand - BuyModafinilOnline","description":"Kaufen Sie Modafil MD 200 MG (Sublingual Modafinil) Pillen online mit dem schnellsten Overnight-Versand \u00fcber die inl\u00e4ndische USPS Mail und erhalten Sie einen schnellen US-Versand, der 3-4 Tage \u00fcber die direkte lokale Versandoption dauert. Genie\u00dfen Sie den gr\u00f6\u00dften Rabatt von 23% f\u00fcr Bitcoin-Zahlungen bei BuyModafinilOnline pharmacy.","robots":{"index":"index","follow":"follow","max-snippet":"max-snippet:-1","max-image-preview":"max-image-preview:large","max-video-preview":"max-video-preview:-1"},"canonical":"https:\/\/buymodafinilonline.com\/de\/smarte-medikamente\/mundaufloesbares-modafinil-modafil-md-200-mg-inland-usa-nach-usa\/","og_locale":"de_DE","og_type":"article","og_title":"Mundaufl\u00f6sbares Modafinil Modafil MD 200 MG - Inland (USA nach USA)","og_description":"Kaufen Sie Modafil MD 200 MG (Sublingual Modafinil) Pillen online mit dem schnellsten Overnight-Versand \u00fcber die inl\u00e4ndische USPS Mail und erhalten Sie einen schnellen US-Versand, der 3-4 Tage \u00fcber die direkte lokale Versandoption dauert. Genie\u00dfen Sie den gr\u00f6\u00dften Rabatt von 23% f\u00fcr Bitcoin-Zahlungen bei BuyModafinilOnline pharmacy.","og_url":"https:\/\/buymodafinilonline.com\/de\/smarte-medikamente\/mundaufloesbares-modafinil-modafil-md-200-mg-inland-usa-nach-usa\/","og_site_name":"BuyModafinilOnline.com","article_modified_time":"2026-01-22T10:00:52+00:00","og_image":[{"width":1280,"height":1500,"url":"https:\/\/buymodafinilonline.com\/wp-content\/uploads\/2022\/01\/bmo-modafil-md-domestic-us.png","type":"image\/png"}],"twitter_misc":{"Gesch\u00e4tzte Lesezeit":"5\u00a0Minuten"},"schema":{"@context":"https:\/\/schema.org","@graph":[{"@type":"WebPage","@id":"https:\/\/buymodafinilonline.com\/de\/smarte-medikamente\/mundaufloesbares-modafinil-modafil-md-200-mg-inland-usa-nach-usa\/","url":"https:\/\/buymodafinilonline.com\/de\/smarte-medikamente\/mundaufloesbares-modafinil-modafil-md-200-mg-inland-usa-nach-usa\/","name":"Bestellen Sie Sublingual Modafil MD 200mg Tabs \u00fcber US Inlandsversand - BuyModafinilOnline","isPartOf":{"@id":"https:\/\/buymodafinilonline.com\/de\/#website"},"primaryImageOfPage":{"@id":"https:\/\/buymodafinilonline.com\/de\/smarte-medikamente\/mundaufloesbares-modafinil-modafil-md-200-mg-inland-usa-nach-usa\/#primaryimage"},"image":{"@id":"https:\/\/buymodafinilonline.com\/de\/smarte-medikamente\/mundaufloesbares-modafinil-modafil-md-200-mg-inland-usa-nach-usa\/#primaryimage"},"thumbnailUrl":"https:\/\/buymodafinilonline.com\/wp-content\/uploads\/2022\/01\/bmo-modafil-md-domestic-us.png","datePublished":"2022-01-27T05:55:09+00:00","dateModified":"2026-01-22T10:00:52+00:00","description":"Kaufen Sie Modafil MD 200 MG (Sublingual Modafinil) Pillen online mit dem schnellsten Overnight-Versand \u00fcber die inl\u00e4ndische USPS Mail und erhalten Sie einen schnellen US-Versand, der 3-4 Tage \u00fcber die direkte lokale Versandoption dauert. Genie\u00dfen Sie den gr\u00f6\u00dften Rabatt von 23% f\u00fcr Bitcoin-Zahlungen bei BuyModafinilOnline pharmacy.","breadcrumb":{"@id":"https:\/\/buymodafinilonline.com\/de\/smarte-medikamente\/mundaufloesbares-modafinil-modafil-md-200-mg-inland-usa-nach-usa\/#breadcrumb"},"inLanguage":"de","potentialAction":[{"@type":"ReadAction","target":["https:\/\/buymodafinilonline.com\/de\/smarte-medikamente\/mundaufloesbares-modafinil-modafil-md-200-mg-inland-usa-nach-usa\/"]}]},{"@type":"ImageObject","inLanguage":"de","@id":"https:\/\/buymodafinilonline.com\/de\/smarte-medikamente\/mundaufloesbares-modafinil-modafil-md-200-mg-inland-usa-nach-usa\/#primaryimage","url":"https:\/\/buymodafinilonline.com\/wp-content\/uploads\/2022\/01\/bmo-modafil-md-domestic-us.png","contentUrl":"https:\/\/buymodafinilonline.com\/wp-content\/uploads\/2022\/01\/bmo-modafil-md-domestic-us.png","width":1280,"height":1500,"caption":"Modafil MD 200 MG with Domestic USPS Shipping & Local USA to USA Dispatch"},{"@type":"BreadcrumbList","@id":"https:\/\/buymodafinilonline.com\/de\/smarte-medikamente\/mundaufloesbares-modafinil-modafil-md-200-mg-inland-usa-nach-usa\/#breadcrumb","itemListElement":[{"@type":"ListItem","position":1,"name":"Buy Modafinil Online","item":"https:\/\/buymodafinilonline.com\/de\/"},{"@type":"ListItem","position":2,"name":"Shop","item":"https:\/\/buymodafinilonline.com\/de\/shop-2\/"},{"@type":"ListItem","position":3,"name":"US Domestic Shipping","item":"https:\/\/buymodafinilonline.com\/de\/produkt-kategorie\/us-domestic-shipping-de\/"},{"@type":"ListItem","position":4,"name":"Mundaufl\u00f6sbares Modafinil Modafil MD 200 MG &#8211; Inland (USA nach USA)"}]},{"@type":"WebSite","@id":"https:\/\/buymodafinilonline.com\/de\/#website","url":"https:\/\/buymodafinilonline.com\/de\/","name":"BuyModafinilOnline.com","description":"Modafinil Online Pharmacy","publisher":{"@id":"https:\/\/buymodafinilonline.com\/de\/#organization"},"potentialAction":[{"@type":"SearchAction","target":{"@type":"EntryPoint","urlTemplate":"https:\/\/buymodafinilonline.com\/de\/?s={search_term_string}"},"query-input":{"@type":"PropertyValueSpecification","valueRequired":true,"valueName":"search_term_string"}}],"inLanguage":"de"},{"@type":"Organization","@id":"https:\/\/buymodafinilonline.com\/de\/#organization","name":"BuyModafinilOnline","url":"https:\/\/buymodafinilonline.com\/de\/","logo":{"@type":"ImageObject","inLanguage":"de","@id":"https:\/\/buymodafinilonline.com\/de\/#\/schema\/logo\/image\/","url":"https:\/\/buymodafinilonline.com\/wp-content\/uploads\/2020\/04\/logo-buy-modafinil-online-yellow.png","contentUrl":"https:\/\/buymodafinilonline.com\/wp-content\/uploads\/2020\/04\/logo-buy-modafinil-online-yellow.png","width":200,"height":200,"caption":"BuyModafinilOnline"},"image":{"@id":"https:\/\/buymodafinilonline.com\/de\/#\/schema\/logo\/image\/"}}]}},"_links":{"self":[{"href":"https:\/\/buymodafinilonline.com\/de\/wp-json\/wp\/v2\/product\/480494","targetHints":{"allow":["GET"]}}],"collection":[{"href":"https:\/\/buymodafinilonline.com\/de\/wp-json\/wp\/v2\/product"}],"about":[{"href":"https:\/\/buymodafinilonline.com\/de\/wp-json\/wp\/v2\/types\/product"}],"replies":[{"embeddable":true,"href":"https:\/\/buymodafinilonline.com\/de\/wp-json\/wp\/v2\/comments?post=480494"}],"wp:featuredmedia":[{"embeddable":true,"href":"https:\/\/buymodafinilonline.com\/de\/wp-json\/wp\/v2\/media\/434056"}],"wp:attachment":[{"href":"https:\/\/buymodafinilonline.com\/de\/wp-json\/wp\/v2\/media?parent=480494"}],"wp:term":[{"taxonomy":"product_brand","embeddable":true,"href":"https:\/\/buymodafinilonline.com\/de\/wp-json\/wp\/v2\/product_brand?post=480494"},{"taxonomy":"product_cat","embeddable":true,"href":"https:\/\/buymodafinilonline.com\/de\/wp-json\/wp\/v2\/product_cat?post=480494"},{"taxonomy":"product_tag","embeddable":true,"href":"https:\/\/buymodafinilonline.com\/de\/wp-json\/wp\/v2\/product_tag?post=480494"}],"curies":[{"name":"wp","href":"https:\/\/api.w.org\/{rel}","templated":true}]}}