{"id":480514,"date":"2022-01-03T18:38:37","date_gmt":"2022-01-03T17:38:37","guid":{"rendered":"https:\/\/buymodafinilonline.com\/smart-drugs\/generisches-cialis-vidalista-20-mg-inland-usa-nach-usa\/"},"modified":"2026-01-30T19:38:33","modified_gmt":"2026-01-30T18:38:33","slug":"generisches-cialis-vidalista-20-mg-inland-usa-nach-usa","status":"publish","type":"product","link":"https:\/\/buymodafinilonline.com\/de\/smarte-medikamente\/generisches-cialis-vidalista-20-mg-inland-usa-nach-usa\/","title":{"rendered":"Generisches Cialis Vidalista 20 MG &#8211; Inland (USA nach USA)"},"content":{"rendered":"[vc_column width=&#8221;1\/2&#8243;]\n<h2>Was ist Cialis Vidalista 20 mg?<\/h2>\n<p>Generic Vidalista ist ein hochwertiges und wirksames ED-Medikament von Centurion Laboratories, einem angesehenen und vertrauensw\u00fcrdigen Hersteller und Lieferanten einer breiten Palette von pharmazeutischen Medikamenten. Es handelt sich um einen Pharmariesen aus Indien. Es ist als 20 mg Tablette erh\u00e4ltlich und \u00e4hnelt dem beliebtesten und bekanntesten ED-Medikament &#8211; Cialis, das von der Food and Drug Administration (FDA) zur Behandlung von ED zugelassen ist. Der Wirkstoff ist Tadalafil und ist in Tablettenform erh\u00e4ltlich. Das Medikament ist sehr wirksam, gut vertr\u00e4glich und wirkt bis zu 36 Stunden nach der Einnahme.    <\/p>\n<p>Aufgrund des Auslaufens des Tadalafil-Patents gibt es einen Aufschwung bei verschiedenen Pharmaunternehmen, die kosteng\u00fcnstige generische Versionen von Cialis herstellen. Diese Generika sind aufgrund ihrer niedrigen Kosten &#8211; bis zu 90-98% niedriger als die Kosten f\u00fcr Marken-Cialis &#8211; inzwischen sehr beliebt. Wie andere Generika ist auch Vidalista 20 mg sehr beliebt und gefragt.  <\/p>\n<h2>Wie wirken diese Pillen?<\/h2>\n<p>Der aktive Wirkstoff Tadalafil ist ein PDE5-Hemmer. Das PDE5-Enzym zerst\u00f6rt in erster Linie die Produktion von Stickstoffmonoxid (NO), das f\u00fcr seine Aufgabe ben\u00f6tigt wird: die Freisetzung von cGMP, das f\u00fcr die Erweichung und Gl\u00e4ttung der m\u00e4nnlichen Penisarterien verantwortlich ist. Das cGMP hilft den Penisarterien, die Blutgef\u00e4\u00dfe weit zu \u00f6ffnen, was zu einem ausreichenden Blutzufluss in den Penis f\u00fchrt. Durch die Hemmung des PDE5-Enzyms und die Erh\u00f6hung der NO-Freisetzung tr\u00e4gt der Wirkstoff von Vidalista dazu bei, den Blutfluss zu verbessern und eine feste Erektion NUR bei sexueller Erregung zu erreichen.   <\/p>\n<h2>Sichere Dosierung und richtige Anwendung<\/h2>\n<p>Die Einnahme von Vidalista ohne sexuelle Stimulierung f\u00fchrt zu keiner Reaktion. Es wird nach Bedarf eingenommen, wenn Sie den Geschlechtsverkehr im Laufe des Tages bereits 30-60 Minuten vorher erwarten. Eine Tablette kann nur einmal pro Tag eingenommen werden. Nach der Einnahme bleibt es bis zu 36 Stunden lang wirksam. Apropos lange Wirkungsdauer: W\u00e4hrend die meisten anderen ED-Medikamente in der Regel nur 4-5 Stunden wirken, dauert Vidalista am l\u00e4ngsten. Daher kann ein Mann ein gewisses Ma\u00df an sexueller Spontaneit\u00e4t genie\u00dfen, das mit anderen ED-Medikamenten nicht m\u00f6glich ist. Mit einer Dosis Vidalista, die am Freitag eingenommen wird, kann ein Mann das ganze Wochenende \u00fcber auskommen, und das ist der Grund, warum diese Art von Medikamenten h\u00e4ufig als &#8220;Wochenendpille&#8221; bezeichnet wird.      <\/p>\n<p>Konsultieren Sie vor der Einnahme einen Facharzt. F\u00fcr Tadalafil gibt es Kontraindikationen und einige negative Auswirkungen. Es ist wichtig, dass Sie den Rat Ihres Arztes und die Packungsbeilage befolgen, um sicher und optimal behandelt zu werden.  <\/p>\n<h2>M\u00f6gliche Nebenwirkungen<\/h2>\n<p>Vidalista ist sicher in der Anwendung, wenn es richtig angewendet wird, um unn\u00f6tige negative Auswirkungen zu vermeiden. Die \u00fcblichen negativen Auswirkungen von Vidalista (Verdauungsst\u00f6rungen, Schwindel, Muskelschmerzen, R\u00fcckenschmerzen, Nasenbluten, Kopfschmerzen, Schlaflosigkeit, Hitzewallungen und Magenverstimmung) verschwinden normalerweise innerhalb weniger Stunden. Wenn sie nicht innerhalb weniger Stunden verschwinden, ist es ratsam, dringend einen Arzt aufzusuchen.  <\/p>\n<p>Die Nebenwirkungen k\u00f6nnen je nach Reaktion auf das Medikament, der Einhaltung der Medikation und dem allgemeinen Gesundheitszustand des Patienten variieren. Zu den seltenen, aber schwerwiegenden negativen Auswirkungen geh\u00f6ren Sehst\u00f6rungen, Priapismus, H\u00f6rverlust und niedriger Blutdruck. <\/p>\n<p>Es ist immer notwendig, vor der Einnahme von Vidalista einen Arzt zu konsultieren und beim Auftreten von merkw\u00fcrdigen Symptomen sofort medizinische Hilfe in Anspruch zu nehmen. Beachten Sie, dass die Wirkung von Vidalista zwar bis zu 36 Stunden anh\u00e4lt, die erzielte Erektion jedoch nicht f\u00fcr diesen Zeitraum gedacht ist. Sie wirkt nur, wenn Sie sexuell erregt sind. Eine Erektion, die l\u00e4nger als 4 Stunden anh\u00e4lt (Priapismus), kann gef\u00e4hrlich sein und erfordert dringend \u00e4rztliche Hilfe. Befolgen Sie immer den Rat Ihres Arztes und suchen Sie im Zweifelsfall Hilfe.    <\/p>\n<h2>Gegenanzeigen und Vorsichtsma\u00dfnahmen<\/h2>\n<p>Es ist sicher, Vidalista med mit Nahrung einzunehmen. Aber es ist besser, die Tablette auf n\u00fcchternen Magen einzunehmen. Fettiges Essen beeinflusst die Zeit, in der das Medikament zu wirken beginnt. Sein Wirkungseintritt kann l\u00e4nger dauern. Dennoch kann die Kombination von Tadalafil mit Alkohol den Blutdruck erheblich senken und einige ungew\u00f6hnliche negative Effekte hervorrufen, aber eine Mischung kann sicher sein, wenn sie in sehr kleinen Mengen eingenommen wird.    <\/p>\n<p>Als Kontraindikation k\u00f6nnen bei der Einnahme von PDE5-Hemmern wie Vidalista Wechselwirkungen mit anderen Medikamenten oder Krankheiten auftreten.<\/p>\n[\/vc_column][vc_column width=&#8221;1\/2&#8243;]\n<p>Zu den Wechselwirkungen mit Krankheiten geh\u00f6ren:<\/p>\n<ul>\n<li>Herz-Kreislauf-Erkrankungen;<\/li>\n<li>H\u00f6rverlust;<\/li>\n<li>Alkoholismus;<\/li>\n<li>Anfallskrankheiten;<\/li>\n<li>Retinitis pigmentosa;<\/li>\n<li>Lebererkrankung;<\/li>\n<li>Nierenfunktionsst\u00f6rung;<\/li>\n<li>Lungenerkrankung;<\/li>\n<li>Priapismus.<\/li>\n<\/ul>\n<p>Wechselwirkungen mit anderen Medikamenten sind m\u00f6glich:<\/p>\n<ul>\n<li>HIV-Medikamente;<\/li>\n<li>Antibiotika;<\/li>\n<li>Medikamente gegen Magens\u00e4ure;<\/li>\n<li>Medikamente gegen Angina pectoris (Nitrate);<\/li>\n<li>Alpha-Blocker;<\/li>\n<li>Antiepileptika;<\/li>\n<li>orale Antimykotika;<\/li>\n<li>andere ED &amp; PAH Tabletten.<\/li>\n<\/ul>\n<p>Verstehen Sie, dass Medikamente oder Krankheiten bei jedem Menschen anders wirken. Die obige Liste ist nicht vollst\u00e4ndig. Sie sollten unbedingt einen Arzt konsultieren, um Ihren Gesundheitszustand und die Medikamente, die Sie einnehmen, zu beurteilen. Es ist ratsam, Medikamente nicht zu mischen, um unerw\u00fcnschte Wirkungen zu vermeiden.   <\/p>\n<h2>Verbrauchererfahrung<\/h2>\n<p>Generische ED-Medikamente wie Vidalista online zu kaufen ist kosteng\u00fcnstig und hilft, viel Geld zu sparen. F\u00fcr die meisten M\u00e4nner mit ED ist Vidalista das erfolgreichste Mittel. Dennoch funktioniert Vidalista schneller und h\u00e4lt l\u00e4nger an, was viele Anwender als gro\u00dfen Vorteil betrachten. Bei richtiger Anwendung sorgt es f\u00fcr eine anhaltende und feste Peniserektion. Die meisten M\u00e4nner loben dieses Generikum wegen seiner Kosteneffizienz und kaufen es einfach in einer Online-Apotheke wie BMO e-pharmacy.    <\/p>\n<p>Bei einigen Anwendern k\u00f6nnen allgemeine negative Auswirkungen auftreten, die jedoch mit der Zeit abklingen. Um positive Ergebnisse zu erzielen, sollten Sie vor der Einnahme unbedingt einen Arzt konsultieren. <\/p>\n<h2>Kaufen Sie generisches Cialis 20mg (Tadalafil) mit schnellem Versand in den USA<\/h2>\n<p>Sie wohnen in den USA und ben\u00f6tigen eine wirksame ED-Behandlung, die kosteng\u00fcnstig ist und von einer Online-Apotheke bezogen werden kann, die eine schnellere Lieferung per rezeptfreiem Versand von den USA in die USA bietet? Bei <a href=\"https:\/\/buymodafinilonline.com\/de\/\">BuyModafinilOnline<\/a> (BMO) k\u00f6nnen Sie <a href=\"https:\/\/buymodafinilonline.com\/smart-drugs-bestsellers\/\">beliebte generische ED-Tabletten<\/a> wie Vidalista und &#8220;Smart Drugs&#8221; einfach und bequem online zu extrem niedrigen Preisen und ohne Rezept kaufen. <\/p>\n<p>Wir raten Ihnen jedoch dringend, einen Arzt zu konsultieren, bevor Sie sich entscheiden, die von uns angebotenen Medikamente zu bestellen. Zu unserem ausgezeichneten Ruf geh\u00f6rt es, dass wir echte Medikamente<a href=\"https:\/\/buymodafinilonline.com\/smart-drugs\/artvigil-150mg-fast-delivery-usps\/\">(Artvigil<\/a>, <a href=\"https:\/\/buymodafinilonline.com\/de\/smarte-medikamente\/armod-150-mg\/\">Armod<\/a>, <a href=\"https:\/\/buymodafinilonline.com\/smart-drugs\/vilafinil-200mg-tablets\/\">Vilafinil<\/a>, <a href=\"https:\/\/buymodafinilonline.com\/de\/smarte-medikamente\/armodavinil-150-mg\/\">Armodavinil<\/a>, <a href=\"https:\/\/buymodafinilonline.com\/smart-drugs\/modawake-200-mg-tablets\/\">Modawake<\/a>, <a href=\"https:\/\/buymodafinilonline.com\/smart-drugs\/modaheal-200-mg-tablets\/\">Modaheal<\/a>, <a href=\"https:\/\/buymodafinilonline.com\/de\/smarte-medikamente\/mundaufloesbares-modafinil-modafil-md-200-mg-inland-usa-nach-usa\/\">Modafil MD<\/a>, etc.) schnell und reibungslos liefern. <\/p>\n<p>Unser generischer Cialis Vidalista 20 mg Versand mit der schnellsten USPS Priority Mail ist jetzt verf\u00fcgbar, &amp; es dauert nur die k\u00fcrzest m\u00f6gliche Zeit &#8211; entweder generischer Cialis Overnight Versand oder <a href=\"https:\/\/buymodafinilonline.com\/us-domestic-delivery\/\">Lieferung am n\u00e4chsten Tag USA<\/a>. Die Geschwindigkeit der Paketzustellung betr\u00e4gt 3-4 Arbeitstage oder 5-7 Kalendertage. <\/p>\n<p>Bei der Lieferung von Paketen von den USA in die USA gibt es keine Zollkontrollen, anders als bei einer Bestellung aus \u00dcbersee &#8211; z.B. Indien &#8211; und einem Versand \u00fcber die Grenze, wo das Paket vom Zoll festgehalten oder beschlagnahmt werden k\u00f6nnte. Ihre Bestellung von USA nach USA hat eine 100%ige Liefergarantie und Sie k\u00f6nnen ein gl\u00fccklicher K\u00e4ufer sein, da einige Bestellungen \u00fcber Nacht geliefert werden k\u00f6nnen. <\/p>\n<p><a href=\"https:\/\/buymodafinilonline.com\/de\/wir-haben-keine-gefaelschten-modafinil-medikamente\/\">Wir spielen nicht auf Betrug an<\/a>. Deshalb haben wir eine gro\u00dfe Anzahl zufriedener Kunden und wiederkehrender K\u00e4ufer. Und deshalb bewerten uns unsere Kunden als die beste Online-Apotheke, um g\u00fcnstige Medikamente zu kaufen, einschlie\u00dflich Vadalista, Modafinil &amp; Armodafinil Marken. Wir \u00fcberzeugen unsere Kunden immer wieder, indem wir ihnen <a href=\"https:\/\/buymodafinilonline.com\/free-trial\/\">kostenlose Proben<\/a> beliebter Medikamente schicken. Au\u00dferdem bieten wir wahnsinnig <a href=\"https:\/\/buymodafinilonline.com\/coupons-deals-promo-codes\/\">gute Rabatte<\/a>, Gutscheincodes und eine <a href=\"https:\/\/buymodafinilonline.com\/de\/besten-modafinil-lieferanten-deutschland\/\">schnelle Lieferung<\/a> in die USA und andere Teile der Welt.   <\/p>\n<p>Sie k\u00f6nnen mit PayPal, einer <a href=\"https:\/\/buymodafinilonline.com\/billing-credit-card-faq\/\">Kreditkarte<\/a> oder unserem Favoriten &#8211; <a href=\"https:\/\/buymodafinilonline.com\/bitcoin-payment\/\">Bitcoin<\/a> &#8211; bezahlen und erhalten 23% Rabatt. Genie\u00dfen Sie Ihr Einkaufserlebnis ohne Rezept und erhalten Sie eine schnelle Lieferung an Ihre Adresse in den USA mit der Schnellversandmethode USA nach USA.<\/p>\n[\/vc_column]\n","protected":false},"excerpt":{"rendered":"<p>&#8211; Inlandsversand von den USA in die USA jetzt verf\u00fcgbar<br \/>\n&#8211; 3-4 Werktage Lieferzeit per USPS Priority Mail*<br \/>\n&#8211; Kann nicht mit anderen nicht-einheimischen Produkten gemischt werden<br \/>\n&#8211; Alle Inlandsbestellungen werden mit einem Satz von 20 kostenlosen Mustern geliefert<br \/>\n&#8211; Sie zahlen f\u00fcr eine superschnelle, reibungslose Lieferung und keine Zollprobleme<\/p>\n<p><em>*after receiving your tracking number. Please allow up to 24 hours for your order to process, and an additional 2-3 days to be shipped out.<\/em><\/p>\n<p>Die Nachfrage nach wirksamen Medikamenten gegen erektile Dysfunktion (ED) wie Vidalista Generika steigt, um diese schmerzhafte Erkrankung zu bek\u00e4mpfen. Vidalista von Centurion Laboratories enth\u00e4lt Tadalafil als aktiven Wirkstoff. Es ist als Tablette zum Einnehmen erh\u00e4ltlich. Vidalista ist mit dem beliebten Cialis vergleichbar, da es denselben Wirkstoff enth\u00e4lt, der \u00e4hnliche Wirkungen hat.   <\/p>\n","protected":false},"featured_media":433335,"comment_status":"closed","ping_status":"closed","template":"","meta":{"_acf_changed":false},"product_brand":[],"product_cat":[8918],"product_tag":[8913],"class_list":{"0":"post-480514","1":"product","2":"type-product","3":"status-publish","4":"has-post-thumbnail","6":"product_cat-us-domestic-shipping-de","7":"product_tag-tadalafil-de","9":"first","10":"instock","11":"sale","12":"shipping-taxable","13":"purchasable","14":"product-type-variable","15":"has-default-attributes"},"acf":[],"yoast_head":"<!-- This site is optimized with the Yoast SEO Premium plugin v23.6 (Yoast SEO v27.3) - https:\/\/yoast.com\/product\/yoast-seo-premium-wordpress\/ -->\n<title>Bestellen Sie Generic Cialis Vidalista Pills via USPS Overnight Domestic Shipping<\/title>\n<meta name=\"description\" content=\"Kaufen Sie Generic Cialis Vidalista 20mg Pills Online mit dem schnellsten Overnight-Versand \u00fcber die inl\u00e4ndische USPS-Post und erhalten Sie einen schnellen US-Versand, der 3-4 Tage \u00fcber die direkte lokale Versandoption dauert. Enjoy the Biggest 23% Discount for Bitcoin and Crypto Payment at BuyModafinilOnline Pharmacy.\" \/>\n<meta name=\"robots\" content=\"index, follow, max-snippet:-1, max-image-preview:large, max-video-preview:-1\" \/>\n<link rel=\"canonical\" href=\"https:\/\/buymodafinilonline.com\/de\/smarte-medikamente\/generisches-cialis-vidalista-20-mg-inland-usa-nach-usa\/\" \/>\n<meta property=\"og:locale\" content=\"de_DE\" \/>\n<meta property=\"og:type\" content=\"article\" \/>\n<meta property=\"og:title\" content=\"Generisches Cialis Vidalista 20 MG - Inland (USA nach USA)\" \/>\n<meta property=\"og:description\" content=\"Kaufen Sie Generic Cialis Vidalista 20mg Pills Online mit dem schnellsten Overnight-Versand \u00fcber die inl\u00e4ndische USPS-Post und erhalten Sie einen schnellen US-Versand, der 3-4 Tage \u00fcber die direkte lokale Versandoption dauert. Enjoy the Biggest 23% Discount for Bitcoin and Crypto Payment at BuyModafinilOnline Pharmacy.\" \/>\n<meta property=\"og:url\" content=\"https:\/\/buymodafinilonline.com\/de\/smarte-medikamente\/generisches-cialis-vidalista-20-mg-inland-usa-nach-usa\/\" \/>\n<meta property=\"og:site_name\" content=\"BuyModafinilOnline.com\" \/>\n<meta property=\"article:modified_time\" content=\"2026-01-30T18:38:33+00:00\" \/>\n<meta property=\"og:image\" content=\"https:\/\/buymodafinilonline.com\/wp-content\/uploads\/2022\/01\/bmo-product-cialis-domestic.png\" \/>\n\t<meta property=\"og:image:width\" content=\"1280\" \/>\n\t<meta property=\"og:image:height\" content=\"1500\" \/>\n\t<meta property=\"og:image:type\" content=\"image\/png\" \/>\n<meta name=\"twitter:label1\" content=\"Gesch\u00e4tzte Lesezeit\" \/>\n\t<meta name=\"twitter:data1\" content=\"6\u00a0Minuten\" \/>\n<script type=\"application\/ld+json\" class=\"yoast-schema-graph\">{\"@context\":\"https:\\\/\\\/schema.org\",\"@graph\":[{\"@type\":\"WebPage\",\"@id\":\"https:\\\/\\\/buymodafinilonline.com\\\/de\\\/smarte-medikamente\\\/generisches-cialis-vidalista-20-mg-inland-usa-nach-usa\\\/\",\"url\":\"https:\\\/\\\/buymodafinilonline.com\\\/de\\\/smarte-medikamente\\\/generisches-cialis-vidalista-20-mg-inland-usa-nach-usa\\\/\",\"name\":\"Bestellen Sie Generic Cialis Vidalista Pills via USPS Overnight Domestic Shipping\",\"isPartOf\":{\"@id\":\"https:\\\/\\\/buymodafinilonline.com\\\/de\\\/#website\"},\"primaryImageOfPage\":{\"@id\":\"https:\\\/\\\/buymodafinilonline.com\\\/de\\\/smarte-medikamente\\\/generisches-cialis-vidalista-20-mg-inland-usa-nach-usa\\\/#primaryimage\"},\"image\":{\"@id\":\"https:\\\/\\\/buymodafinilonline.com\\\/de\\\/smarte-medikamente\\\/generisches-cialis-vidalista-20-mg-inland-usa-nach-usa\\\/#primaryimage\"},\"thumbnailUrl\":\"https:\\\/\\\/buymodafinilonline.com\\\/wp-content\\\/uploads\\\/2022\\\/01\\\/bmo-product-cialis-domestic.png\",\"datePublished\":\"2022-01-03T17:38:37+00:00\",\"dateModified\":\"2026-01-30T18:38:33+00:00\",\"description\":\"Kaufen Sie Generic Cialis Vidalista 20mg Pills Online mit dem schnellsten Overnight-Versand \u00fcber die inl\u00e4ndische USPS-Post und erhalten Sie einen schnellen US-Versand, der 3-4 Tage \u00fcber die direkte lokale Versandoption dauert. Enjoy the Biggest 23% Discount for Bitcoin and Crypto Payment at BuyModafinilOnline Pharmacy.\",\"breadcrumb\":{\"@id\":\"https:\\\/\\\/buymodafinilonline.com\\\/de\\\/smarte-medikamente\\\/generisches-cialis-vidalista-20-mg-inland-usa-nach-usa\\\/#breadcrumb\"},\"inLanguage\":\"de\",\"potentialAction\":[{\"@type\":\"ReadAction\",\"target\":[\"https:\\\/\\\/buymodafinilonline.com\\\/de\\\/smarte-medikamente\\\/generisches-cialis-vidalista-20-mg-inland-usa-nach-usa\\\/\"]}]},{\"@type\":\"ImageObject\",\"inLanguage\":\"de\",\"@id\":\"https:\\\/\\\/buymodafinilonline.com\\\/de\\\/smarte-medikamente\\\/generisches-cialis-vidalista-20-mg-inland-usa-nach-usa\\\/#primaryimage\",\"url\":\"https:\\\/\\\/buymodafinilonline.com\\\/wp-content\\\/uploads\\\/2022\\\/01\\\/bmo-product-cialis-domestic.png\",\"contentUrl\":\"https:\\\/\\\/buymodafinilonline.com\\\/wp-content\\\/uploads\\\/2022\\\/01\\\/bmo-product-cialis-domestic.png\",\"width\":1280,\"height\":1500,\"caption\":\"Generic Cialis Vidalista 20 MG with Domestic USPS Shipping & Local USA to USA Dispatch\"},{\"@type\":\"BreadcrumbList\",\"@id\":\"https:\\\/\\\/buymodafinilonline.com\\\/de\\\/smarte-medikamente\\\/generisches-cialis-vidalista-20-mg-inland-usa-nach-usa\\\/#breadcrumb\",\"itemListElement\":[{\"@type\":\"ListItem\",\"position\":1,\"name\":\"Buy Modafinil Online\",\"item\":\"https:\\\/\\\/buymodafinilonline.com\\\/de\\\/\"},{\"@type\":\"ListItem\",\"position\":2,\"name\":\"Shop\",\"item\":\"https:\\\/\\\/buymodafinilonline.com\\\/de\\\/shop-2\\\/\"},{\"@type\":\"ListItem\",\"position\":3,\"name\":\"US Domestic Shipping\",\"item\":\"https:\\\/\\\/buymodafinilonline.com\\\/de\\\/produkt-kategorie\\\/us-domestic-shipping-de\\\/\"},{\"@type\":\"ListItem\",\"position\":4,\"name\":\"Generisches Cialis Vidalista 20 MG &#8211; Inland (USA nach USA)\"}]},{\"@type\":\"WebSite\",\"@id\":\"https:\\\/\\\/buymodafinilonline.com\\\/de\\\/#website\",\"url\":\"https:\\\/\\\/buymodafinilonline.com\\\/de\\\/\",\"name\":\"BuyModafinilOnline.com\",\"description\":\"Modafinil Online Pharmacy\",\"publisher\":{\"@id\":\"https:\\\/\\\/buymodafinilonline.com\\\/de\\\/#organization\"},\"potentialAction\":[{\"@type\":\"SearchAction\",\"target\":{\"@type\":\"EntryPoint\",\"urlTemplate\":\"https:\\\/\\\/buymodafinilonline.com\\\/de\\\/?s={search_term_string}\"},\"query-input\":{\"@type\":\"PropertyValueSpecification\",\"valueRequired\":true,\"valueName\":\"search_term_string\"}}],\"inLanguage\":\"de\"},{\"@type\":\"Organization\",\"@id\":\"https:\\\/\\\/buymodafinilonline.com\\\/de\\\/#organization\",\"name\":\"BuyModafinilOnline\",\"url\":\"https:\\\/\\\/buymodafinilonline.com\\\/de\\\/\",\"logo\":{\"@type\":\"ImageObject\",\"inLanguage\":\"de\",\"@id\":\"https:\\\/\\\/buymodafinilonline.com\\\/de\\\/#\\\/schema\\\/logo\\\/image\\\/\",\"url\":\"https:\\\/\\\/buymodafinilonline.com\\\/wp-content\\\/uploads\\\/2020\\\/04\\\/logo-buy-modafinil-online-yellow.png\",\"contentUrl\":\"https:\\\/\\\/buymodafinilonline.com\\\/wp-content\\\/uploads\\\/2020\\\/04\\\/logo-buy-modafinil-online-yellow.png\",\"width\":200,\"height\":200,\"caption\":\"BuyModafinilOnline\"},\"image\":{\"@id\":\"https:\\\/\\\/buymodafinilonline.com\\\/de\\\/#\\\/schema\\\/logo\\\/image\\\/\"}}]}<\/script>\n<!-- \/ Yoast SEO Premium plugin. -->","yoast_head_json":{"title":"Bestellen Sie Generic Cialis Vidalista Pills via USPS Overnight Domestic Shipping","description":"Kaufen Sie Generic Cialis Vidalista 20mg Pills Online mit dem schnellsten Overnight-Versand \u00fcber die inl\u00e4ndische USPS-Post und erhalten Sie einen schnellen US-Versand, der 3-4 Tage \u00fcber die direkte lokale Versandoption dauert. Enjoy the Biggest 23% Discount for Bitcoin and Crypto Payment at BuyModafinilOnline Pharmacy.","robots":{"index":"index","follow":"follow","max-snippet":"max-snippet:-1","max-image-preview":"max-image-preview:large","max-video-preview":"max-video-preview:-1"},"canonical":"https:\/\/buymodafinilonline.com\/de\/smarte-medikamente\/generisches-cialis-vidalista-20-mg-inland-usa-nach-usa\/","og_locale":"de_DE","og_type":"article","og_title":"Generisches Cialis Vidalista 20 MG - Inland (USA nach USA)","og_description":"Kaufen Sie Generic Cialis Vidalista 20mg Pills Online mit dem schnellsten Overnight-Versand \u00fcber die inl\u00e4ndische USPS-Post und erhalten Sie einen schnellen US-Versand, der 3-4 Tage \u00fcber die direkte lokale Versandoption dauert. Enjoy the Biggest 23% Discount for Bitcoin and Crypto Payment at BuyModafinilOnline Pharmacy.","og_url":"https:\/\/buymodafinilonline.com\/de\/smarte-medikamente\/generisches-cialis-vidalista-20-mg-inland-usa-nach-usa\/","og_site_name":"BuyModafinilOnline.com","article_modified_time":"2026-01-30T18:38:33+00:00","og_image":[{"width":1280,"height":1500,"url":"https:\/\/buymodafinilonline.com\/wp-content\/uploads\/2022\/01\/bmo-product-cialis-domestic.png","type":"image\/png"}],"twitter_misc":{"Gesch\u00e4tzte Lesezeit":"6\u00a0Minuten"},"schema":{"@context":"https:\/\/schema.org","@graph":[{"@type":"WebPage","@id":"https:\/\/buymodafinilonline.com\/de\/smarte-medikamente\/generisches-cialis-vidalista-20-mg-inland-usa-nach-usa\/","url":"https:\/\/buymodafinilonline.com\/de\/smarte-medikamente\/generisches-cialis-vidalista-20-mg-inland-usa-nach-usa\/","name":"Bestellen Sie Generic Cialis Vidalista Pills via USPS Overnight Domestic Shipping","isPartOf":{"@id":"https:\/\/buymodafinilonline.com\/de\/#website"},"primaryImageOfPage":{"@id":"https:\/\/buymodafinilonline.com\/de\/smarte-medikamente\/generisches-cialis-vidalista-20-mg-inland-usa-nach-usa\/#primaryimage"},"image":{"@id":"https:\/\/buymodafinilonline.com\/de\/smarte-medikamente\/generisches-cialis-vidalista-20-mg-inland-usa-nach-usa\/#primaryimage"},"thumbnailUrl":"https:\/\/buymodafinilonline.com\/wp-content\/uploads\/2022\/01\/bmo-product-cialis-domestic.png","datePublished":"2022-01-03T17:38:37+00:00","dateModified":"2026-01-30T18:38:33+00:00","description":"Kaufen Sie Generic Cialis Vidalista 20mg Pills Online mit dem schnellsten Overnight-Versand \u00fcber die inl\u00e4ndische USPS-Post und erhalten Sie einen schnellen US-Versand, der 3-4 Tage \u00fcber die direkte lokale Versandoption dauert. Enjoy the Biggest 23% Discount for Bitcoin and Crypto Payment at BuyModafinilOnline Pharmacy.","breadcrumb":{"@id":"https:\/\/buymodafinilonline.com\/de\/smarte-medikamente\/generisches-cialis-vidalista-20-mg-inland-usa-nach-usa\/#breadcrumb"},"inLanguage":"de","potentialAction":[{"@type":"ReadAction","target":["https:\/\/buymodafinilonline.com\/de\/smarte-medikamente\/generisches-cialis-vidalista-20-mg-inland-usa-nach-usa\/"]}]},{"@type":"ImageObject","inLanguage":"de","@id":"https:\/\/buymodafinilonline.com\/de\/smarte-medikamente\/generisches-cialis-vidalista-20-mg-inland-usa-nach-usa\/#primaryimage","url":"https:\/\/buymodafinilonline.com\/wp-content\/uploads\/2022\/01\/bmo-product-cialis-domestic.png","contentUrl":"https:\/\/buymodafinilonline.com\/wp-content\/uploads\/2022\/01\/bmo-product-cialis-domestic.png","width":1280,"height":1500,"caption":"Generic Cialis Vidalista 20 MG with Domestic USPS Shipping & Local USA to USA Dispatch"},{"@type":"BreadcrumbList","@id":"https:\/\/buymodafinilonline.com\/de\/smarte-medikamente\/generisches-cialis-vidalista-20-mg-inland-usa-nach-usa\/#breadcrumb","itemListElement":[{"@type":"ListItem","position":1,"name":"Buy Modafinil Online","item":"https:\/\/buymodafinilonline.com\/de\/"},{"@type":"ListItem","position":2,"name":"Shop","item":"https:\/\/buymodafinilonline.com\/de\/shop-2\/"},{"@type":"ListItem","position":3,"name":"US Domestic Shipping","item":"https:\/\/buymodafinilonline.com\/de\/produkt-kategorie\/us-domestic-shipping-de\/"},{"@type":"ListItem","position":4,"name":"Generisches Cialis Vidalista 20 MG &#8211; Inland (USA nach USA)"}]},{"@type":"WebSite","@id":"https:\/\/buymodafinilonline.com\/de\/#website","url":"https:\/\/buymodafinilonline.com\/de\/","name":"BuyModafinilOnline.com","description":"Modafinil Online Pharmacy","publisher":{"@id":"https:\/\/buymodafinilonline.com\/de\/#organization"},"potentialAction":[{"@type":"SearchAction","target":{"@type":"EntryPoint","urlTemplate":"https:\/\/buymodafinilonline.com\/de\/?s={search_term_string}"},"query-input":{"@type":"PropertyValueSpecification","valueRequired":true,"valueName":"search_term_string"}}],"inLanguage":"de"},{"@type":"Organization","@id":"https:\/\/buymodafinilonline.com\/de\/#organization","name":"BuyModafinilOnline","url":"https:\/\/buymodafinilonline.com\/de\/","logo":{"@type":"ImageObject","inLanguage":"de","@id":"https:\/\/buymodafinilonline.com\/de\/#\/schema\/logo\/image\/","url":"https:\/\/buymodafinilonline.com\/wp-content\/uploads\/2020\/04\/logo-buy-modafinil-online-yellow.png","contentUrl":"https:\/\/buymodafinilonline.com\/wp-content\/uploads\/2020\/04\/logo-buy-modafinil-online-yellow.png","width":200,"height":200,"caption":"BuyModafinilOnline"},"image":{"@id":"https:\/\/buymodafinilonline.com\/de\/#\/schema\/logo\/image\/"}}]}},"_links":{"self":[{"href":"https:\/\/buymodafinilonline.com\/de\/wp-json\/wp\/v2\/product\/480514","targetHints":{"allow":["GET"]}}],"collection":[{"href":"https:\/\/buymodafinilonline.com\/de\/wp-json\/wp\/v2\/product"}],"about":[{"href":"https:\/\/buymodafinilonline.com\/de\/wp-json\/wp\/v2\/types\/product"}],"replies":[{"embeddable":true,"href":"https:\/\/buymodafinilonline.com\/de\/wp-json\/wp\/v2\/comments?post=480514"}],"wp:featuredmedia":[{"embeddable":true,"href":"https:\/\/buymodafinilonline.com\/de\/wp-json\/wp\/v2\/media\/433335"}],"wp:attachment":[{"href":"https:\/\/buymodafinilonline.com\/de\/wp-json\/wp\/v2\/media?parent=480514"}],"wp:term":[{"taxonomy":"product_brand","embeddable":true,"href":"https:\/\/buymodafinilonline.com\/de\/wp-json\/wp\/v2\/product_brand?post=480514"},{"taxonomy":"product_cat","embeddable":true,"href":"https:\/\/buymodafinilonline.com\/de\/wp-json\/wp\/v2\/product_cat?post=480514"},{"taxonomy":"product_tag","embeddable":true,"href":"https:\/\/buymodafinilonline.com\/de\/wp-json\/wp\/v2\/product_tag?post=480514"}],"curies":[{"name":"wp","href":"https:\/\/api.w.org\/{rel}","templated":true}]}}