{"id":480536,"date":"2022-01-03T19:38:36","date_gmt":"2022-01-03T18:38:36","guid":{"rendered":"https:\/\/buymodafinilonline.com\/smart-drugs\/generisches-viagra-cenforce-100-mg-inland-usa-nach-usa\/"},"modified":"2026-01-30T19:38:30","modified_gmt":"2026-01-30T18:38:30","slug":"generisches-viagra-cenforce-100-mg-inland-usa-nach-usa","status":"publish","type":"product","link":"https:\/\/buymodafinilonline.com\/de\/smarte-medikamente\/generisches-viagra-cenforce-100-mg-inland-usa-nach-usa\/","title":{"rendered":"Generisches Viagra Cenforce 100 MG &#8211; Inland (USA nach USA)"},"content":{"rendered":"[vc_column width=&#8221;1\/2&#8243;]\n<h2>Was ist Viagra Cenforce 100 mg?<\/h2>\n<p>Generic Viagra Cenforce ist ein sehr wirksames ED-Medikament, das von Centurion Laboratories, einem angesehenen und vertrauensw\u00fcrdigen Pharmariesen aus Indien, hergestellt wird. Es ist als 100 mg Tablette erh\u00e4ltlich und \u00e4hnelt dem bekannten ED-Medikament Viagra, das als erstes ED-Medikament von der Food and Drug Administration (FDA) zugelassen wurde. Der Wirkstoff ist Sildenafilcitrat und ist in Form von Tabletten erh\u00e4ltlich.  <\/p>\n<p>Nach dem Auslaufen des Viagra-Patents sind verschiedene Pharmaunternehmen dazu \u00fcbergegangen, generische Versionen von Viagra herzustellen, die heute aufgrund ihrer extrem niedrigen Kosten sehr beliebt sind. Cenforce 100 mg ist eines der heute beliebten generischen Viagra-ED-Medikamente. <\/p>\n<h2>Wie wirken diese Pillen?<\/h2>\n<p>Wie alle ED-Medikamente hilft Cenforce bei der Behandlung von ED, indem es Ihnen hilft, einen vollst\u00e4ndig erigierten Penis zu haben und zu erhalten, der f\u00fcr den Geschlechtsverkehr ben\u00f6tigt wird. Nur wenn Sie sexuell erregt sind, bewirkt das Medikament dies, indem es den Blutfluss in Ihren Penis anregt. Cenforce ist ein Phosphodiesterase-Hemmer vom Typ 5 (PDE5). Seine Hauptfunktion ist die Hemmung (oder Blockierung) der Wirkung dieses PDE5-Enzyms. PDE5 steigert den Abbau von zyklischem Guanosinmonophosphat (cGMP), das den Blutfluss im Penis reguliert. Damit cGMP funktionieren kann, muss es auch sexuell erregt sein.    <\/p>\n<p>Der Wirkstoff Sildenafil sch\u00fctzt cGMP vor dem Abbau durch PDE5 in den Schwellk\u00f6rpern. Au\u00dferdem erh\u00f6ht Stickstoffmonoxid (NO) in den Schwellk\u00f6rpern des Penis den cGMP-Spiegel. Diese Aktivit\u00e4t f\u00fchrt zu einer Entspannung der glatten Muskulatur (oder Vasodilatation) in den Intimpolstern der Helicinus-Arterien. Diese Entspannung der glatten Muskulatur f\u00fchrt zu einer Vasodilatation und einem verst\u00e4rkten Einstrom von Blut in das Schwellk\u00f6rpergewebe des Penis, wodurch ein starker und vollst\u00e4ndig erigierter Penis entsteht, der f\u00fcr eine befriedigende sexuelle Aktivit\u00e4t ben\u00f6tigt wird.   <\/p>\n<h2>Sichere Dosierung und richtige Anwendung<\/h2>\n<p>Cenforce 100 mg ist die h\u00f6chste empfohlene Dosierung f\u00fcr Sildenafil bei der Behandlung von ED. Es muss mindestens 30 bis 59 Minuten vor dem erwarteten Geschlechtsverkehr eingenommen werden. Damit soll sichergestellt werden, dass die Wirkung vor Beginn der sexuellen Aktivit\u00e4t wie gew\u00fcnscht eintritt. Beachten Sie, dass die Wirkung nach der Einnahme etwa 4 bis 5 Stunden anh\u00e4lt. Sie k\u00f6nnen die Wirkung von Sildenafil also jederzeit w\u00e4hrend dieses Zeitfensters sp\u00fcren, wenn Sie Geschlechtsverkehr haben m\u00f6chten.    <\/p>\n<p>Obwohl fast jeder, der an ED leidet, dieses Medikament einnehmen kann, wird immer empfohlen, einen Arzt zu konsultieren, bevor Sie eine Behandlung mit Sildenafil beginnen. Dies liegt daran, dass Sildenafil Kontraindikationen (siehe unten) und Nebenwirkungen mit sich bringt, und es ist am besten, einen Arzt zu konsultieren, bevor Sie das Medikament einnehmen. <\/p>\n<h2>M\u00f6gliche Nebenwirkungen<\/h2>\n<p>Bei der Einnahme von Cenforce 100 mg ist es ganz normal, dass bestimmte negative Auswirkungen auftreten, die nur von kurzer Dauer sind. Zu den h\u00e4ufigsten geh\u00f6ren eine laufende oder verstopfte Nase, Kopfschmerzen, R\u00fcckenschmerzen, Hitzewallungen, Magenverstimmung, eine verstopfte oder laufende Nase, Muskelschmerzen sowie Sehst\u00f6rungen. In seltenen F\u00e4llen kann Sildenafil Ohnmacht, Angstzust\u00e4nde, Knochenschmerzen, kalte Schwei\u00dfausbr\u00fcche, Augenbluten und Verhaltens\u00e4nderungen hervorrufen. Dies ist keine vollst\u00e4ndige Liste der m\u00f6glichen negativen Auswirkungen. Es k\u00f6nnen auch andere auftreten. Schwerwiegende negative Auswirkungen sind selten und treten bei weniger als 1 von 1000 Menschen auf. Au\u00dferdem haben viele M\u00e4nner gar keine oder nur leichte Nebenwirkungen. Suchen Sie einen Arzt auf, wenn die negativen Wirkungen anhalten. Aber der wichtigste Tipp? Nehmen Sie keine ED-Medikamente ein, ohne einen Facharzt zu konsultieren. Das ist klug!          <\/p>\n<h2>Gegenanzeigen und Vorsichtsma\u00dfnahmen<\/h2>\n<p>Cenforce sollte nicht zusammen mit Alkohol und Grapefruit eingenommen werden, um Wechselwirkungen zu vermeiden, die seine Wirksamkeit verringern oder das Risiko von Komplikationen erh\u00f6hen k\u00f6nnen. Au\u00dferdem sollte es nicht zusammen mit anderen Medikamenten eingenommen werden, da einige Medikamente Wechselwirkungen verursachen k\u00f6nnen. Es ist bekannt, dass Cenforce mit bestimmten anderen Medikamenten interagieren kann, darunter die folgenden.  <\/p>\n<p>Zu den Wechselwirkungen geh\u00f6ren HIV-Medikamente, Antibiotika, Magens\u00e4ure-Medikamente, Angina-Medikamente (Nitrate), Alpha-Blocker, Antiepileptika, orale Antimykotika, andere ED- und PAH-Tabletten.<\/p>\n[\/vc_column][vc_column width=&#8221;1\/2&#8243;]\n<p>Krankheitsinteraktionen umfassen die folgenden Bedingungen:<\/p>\n<ul>\n<li>Herz-Kreislauf-Erkrankungen;<\/li>\n<li>H\u00f6rverlust;<\/li>\n<li>Alkoholismus;<\/li>\n<li>Anfallskrankheiten;<\/li>\n<li>Retinitis pigmentosa;<\/li>\n<li>Lebererkrankung;<\/li>\n<li>Nierenfunktionsst\u00f6rung;<\/li>\n<li>Lungenerkrankung;<\/li>\n<li>Priapismus.<\/li>\n<\/ul>\n<p>Es ist ratsam, Ihren Arzt dar\u00fcber zu informieren, wenn Sie andere Medikamente einnehmen. Es ist nicht notwendig, Cenforce mit dem Essen einzunehmen. Die Einnahme von Cenforce kurz nach einer schweren Mahlzeit kann die Aufnahme des Medikaments verz\u00f6gern, wodurch es weniger wirksam werden kann. Au\u00dferdem kann die Kombination von Sildenafil mit Alkohol den Blutdruck erheblich senken und einige ungew\u00f6hnliche negative Auswirkungen haben.   <\/p>\n<h2>Verbrauchererfahrung<\/h2>\n<p>Obwohl Viagra als erstes entdeckt wurde und als erstes auf den Markt kam, genie\u00dft es ein hohes Ansehen und ist eines der bekanntesten oral verabreichten Medikamente zur Behandlung von ED. Cenforce ist auch ein beliebtes Medikament, wenn es um generische Alternativen geht. Viele M\u00e4nner entscheiden sich f\u00fcr Cenforce wegen seiner Wirksamkeit, seines extrem niedrigen Preises und seiner Erschwinglichkeit. Es hat eine Menge positiver Bewertungen.   <\/p>\n<p>Der Kauf dieses Medikaments in unserer Apotheke bietet Ihnen eine Menge Vorteile. Die Mehrheit der M\u00e4nner hat Cenforce aufgrund seiner Wirksamkeit, der einfachen Anwendung und Verf\u00fcgbarkeit sowie der Erschwinglichkeit gelobt. <\/p>\n<p>Wie Viagra ist auch Cenforce wirksam und die Erfahrungen der Verbraucher k\u00f6nnen von pers\u00f6nlichen Vorlieben abh\u00e4ngen. Bestellen Sie Cenforce in unserer Online-Apotheke, um mehr \u00fcber seine Zuverl\u00e4ssigkeit und die Vorteile zu erfahren, die es bietet. Stellen Sie sicher, dass Sie immer einen Arzt konsultieren, um festzustellen, ob Cenforce f\u00fcr Sie geeignet ist.  <\/p>\n<h2>Kaufen Sie generisches Viagra 100mg (Sildenafil) mit schnellem Versand in den USA<\/h2>\n<p>Bei <a href=\"https:\/\/buymodafinilonline.com\/de\/\">BuyModafinilOnline<\/a> (BMO) k\u00f6nnen Sie einfach und bequem generische &#8220;Smart Tabs&#8221; sowie ein neues spezielles Medikament gegen erektile Dysfunktion &#8211; generisches Viagra 100 mg (Cenforce) &#8211; zu l\u00e4cherlich niedrigen Preisen und ohne Rezept online kaufen. Es gibt verschiedene Gr\u00fcnde, unserem Gesch\u00e4ft zu vertrauen. Wir haben einen bemerkenswerten Ruf f\u00fcr die schnelle und reibungslose Lieferung von <a href=\"https:\/\/buymodafinilonline.com\/smart-drugs-bestsellers\/\">echten Nootropika<\/a> und ED-Medikamenten, einschlie\u00dflich Cenforce 100 mg.  <\/p>\n<p>Dies zeigt, warum wir eine gro\u00dfe Anzahl von Kunden haben, die immer wieder zu uns zur\u00fcckkehren, und warum unsere zufriedenen Kunden uns als den besten und vertrauensw\u00fcrdigsten Ort f\u00fcr den Kauf von billigen &#8220;Smart Tabs&#8221; und anderen beliebten ED-Medikamenten bewerten. Wir bieten jetzt die am meisten nachgefragte Art des Paketversands an &#8211; die \u00dcbernachtzustellung oder den <a href=\"https:\/\/buymodafinilonline.com\/us-domestic-delivery\/\">Versand von USA nach USA<\/a> am n\u00e4chsten Tag ohne Rezept. Die Lieferung erfolgt in k\u00fcrzester Zeit &#8211; 3-4 Werktage oder 5-7 Kalendertage. Au\u00dferdem gibt es im Gegensatz zu einer Bestellung aus Indien und einem Versand in die USA keine Zollkontrollen, was in seltenen F\u00e4llen dazu f\u00fchrt, dass das Paket vom Zoll beschlagnahmt wird. Wenn Sie sich f\u00fcr den USPS Priority Mail Versand entscheiden, haben Sie au\u00dferdem das Gl\u00fcck, dass die Lieferung sofort erfolgt &#8211; einige Bestellungen k\u00f6nnen \u00fcber Nacht zugestellt werden.    <\/p>\n<p>Um unseren Ruf und die Qualit\u00e4t der von uns angebotenen Medikamente zu \u00fcberpr\u00fcfen, \u00fcberzeugen wir unsere Kunden immer mit <a href=\"https:\/\/buymodafinilonline.com\/free-trial\/\">20 kostenlosen Proben<\/a> der beliebten &#8220;Smart Tabs&#8221;, damit sie die Wirksamkeit unserer Qualit\u00e4tsprodukte testen k\u00f6nnen, bevor sie in gro\u00dfen Mengen einkaufen. Wir bieten auch bemerkenswerte Rabatte, <a href=\"https:\/\/buymodafinilonline.com\/coupons-deals-promo-codes\/\">Gutscheincodes<\/a> und eine schnelle Lieferung in die USA mit der neuen Versandoption von den USA in die USA mit einer Viagra Overnight Delivery USA Adresse. <\/p>\n<p>Wir haben auch eine Vielzahl von <a href=\"https:\/\/buymodafinilonline.com\/billing-credit-card-faq\/\">Zahlungsm\u00f6glichkeiten<\/a>. Sie k\u00f6nnen mit einer Kreditkarte, PayPal oder <a href=\"https:\/\/buymodafinilonline.com\/bitcoin-payment\/\">Bitcoin<\/a> (23% Rabatt) bezahlen. <\/p>\n<p>Genie\u00dfen Sie Ihr Einkaufserlebnis ohne Rezept und ohne Zollprobleme, indem Sie die Versandoptionen von den USA in die USA mit <a href=\"https:\/\/buymodafinilonline.com\/de\/besten-modafinil-lieferanten-deutschland\/\">schneller Lieferung<\/a> nutzen.<\/p>\n[\/vc_column]\n","protected":false},"excerpt":{"rendered":"<p>&#8211; Inlandsversand von den USA in die USA jetzt verf\u00fcgbar<br \/>\n&#8211; 3-4 Werktage Lieferzeit per USPS Priority Mail*<br \/>\n&#8211; Kann nicht mit anderen nicht-einheimischen Produkten gemischt werden<br \/>\n&#8211; Alle Inlandsbestellungen werden mit einem Satz von 20 kostenlosen Mustern geliefert<br \/>\n&#8211; Sie zahlen f\u00fcr eine superschnelle, reibungslose Lieferung und keine Zollprobleme<\/p>\n<p><em>*after receiving your tracking number. Please allow up to 24 hours for your order to process, and an additional 2-3 days to be shipped out.<\/em><\/p>\n<p>Generisches Viagra Cenforce von Centurion Laboratories ist mit dem ber\u00fchmten Viagra verwandt und wird zur Behandlung der erektilen Dysfunktion (ED) eingesetzt. Wie Viagra hat auch Cenforce den gleichen Wirkstoff, n\u00e4mlich Sildenafil Citrat, und kann hier gekauft werden. Es ist in Form von Tabletten erh\u00e4ltlich. Mit unserer bemerkenswerten Online-Apotheke k\u00f6nnen Sie sicher sein, dass Sie echte Pillen zu einem der niedrigsten Preise erhalten, die m\u00f6glich sind. Tolle Angebote &amp; Rabatte \u00fcber Gutscheincodes &amp; Gutscheine sind immer verf\u00fcgbar.    <\/p>\n","protected":false},"featured_media":433356,"comment_status":"closed","ping_status":"closed","template":"","meta":{"_acf_changed":false},"product_brand":[],"product_cat":[8918],"product_tag":[8907],"class_list":{"0":"post-480536","1":"product","2":"type-product","3":"status-publish","4":"has-post-thumbnail","6":"product_cat-us-domestic-shipping-de","7":"product_tag-sildenafil-de","9":"first","10":"instock","11":"sale","12":"shipping-taxable","13":"purchasable","14":"product-type-variable","15":"has-default-attributes"},"acf":[],"yoast_head":"<!-- This site is optimized with the Yoast SEO Premium plugin v23.6 (Yoast SEO v27.3) - https:\/\/yoast.com\/product\/yoast-seo-premium-wordpress\/ -->\n<title>Bestellen Sie Generisches Viagra Cenforce 100 MG Pillen per USPS Inlandsversand<\/title>\n<meta name=\"description\" content=\"Kaufen Sie generische Viagra Cenforce 100 MG Pillen online mit schnellstem Overnight-Versand \u00fcber die inl\u00e4ndische USPS Mail und erhalten Sie einen schnellen US-Versand, der 3-4 Tage \u00fcber die direkte lokale Versandoption dauert. Enjoy the Biggest 23% Discount for Bitcoin and Crypto Payment at BuyModafinilOnline Pharmacy.\" \/>\n<meta name=\"robots\" content=\"index, follow, max-snippet:-1, max-image-preview:large, max-video-preview:-1\" \/>\n<link rel=\"canonical\" href=\"https:\/\/buymodafinilonline.com\/de\/smarte-medikamente\/generisches-viagra-cenforce-100-mg-inland-usa-nach-usa\/\" \/>\n<meta property=\"og:locale\" content=\"de_DE\" \/>\n<meta property=\"og:type\" content=\"article\" \/>\n<meta property=\"og:title\" content=\"Generisches Viagra Cenforce 100 MG - Inland (USA nach USA)\" \/>\n<meta property=\"og:description\" content=\"Kaufen Sie generische Viagra Cenforce 100 MG Pillen online mit schnellstem Overnight-Versand \u00fcber die inl\u00e4ndische USPS Mail und erhalten Sie einen schnellen US-Versand, der 3-4 Tage \u00fcber die direkte lokale Versandoption dauert. Enjoy the Biggest 23% Discount for Bitcoin and Crypto Payment at BuyModafinilOnline Pharmacy.\" \/>\n<meta property=\"og:url\" content=\"https:\/\/buymodafinilonline.com\/de\/smarte-medikamente\/generisches-viagra-cenforce-100-mg-inland-usa-nach-usa\/\" \/>\n<meta property=\"og:site_name\" content=\"BuyModafinilOnline.com\" \/>\n<meta property=\"article:modified_time\" content=\"2026-01-30T18:38:30+00:00\" \/>\n<meta property=\"og:image\" content=\"https:\/\/buymodafinilonline.com\/wp-content\/uploads\/2022\/01\/bmo-product-viagra-domestic.png\" \/>\n\t<meta property=\"og:image:width\" content=\"1280\" \/>\n\t<meta property=\"og:image:height\" content=\"1500\" \/>\n\t<meta property=\"og:image:type\" content=\"image\/png\" \/>\n<meta name=\"twitter:label1\" content=\"Gesch\u00e4tzte Lesezeit\" \/>\n\t<meta name=\"twitter:data1\" content=\"6\u00a0Minuten\" \/>\n<script type=\"application\/ld+json\" class=\"yoast-schema-graph\">{\"@context\":\"https:\\\/\\\/schema.org\",\"@graph\":[{\"@type\":\"WebPage\",\"@id\":\"https:\\\/\\\/buymodafinilonline.com\\\/de\\\/smarte-medikamente\\\/generisches-viagra-cenforce-100-mg-inland-usa-nach-usa\\\/\",\"url\":\"https:\\\/\\\/buymodafinilonline.com\\\/de\\\/smarte-medikamente\\\/generisches-viagra-cenforce-100-mg-inland-usa-nach-usa\\\/\",\"name\":\"Bestellen Sie Generisches Viagra Cenforce 100 MG Pillen per USPS Inlandsversand\",\"isPartOf\":{\"@id\":\"https:\\\/\\\/buymodafinilonline.com\\\/de\\\/#website\"},\"primaryImageOfPage\":{\"@id\":\"https:\\\/\\\/buymodafinilonline.com\\\/de\\\/smarte-medikamente\\\/generisches-viagra-cenforce-100-mg-inland-usa-nach-usa\\\/#primaryimage\"},\"image\":{\"@id\":\"https:\\\/\\\/buymodafinilonline.com\\\/de\\\/smarte-medikamente\\\/generisches-viagra-cenforce-100-mg-inland-usa-nach-usa\\\/#primaryimage\"},\"thumbnailUrl\":\"https:\\\/\\\/buymodafinilonline.com\\\/wp-content\\\/uploads\\\/2022\\\/01\\\/bmo-product-viagra-domestic.png\",\"datePublished\":\"2022-01-03T18:38:36+00:00\",\"dateModified\":\"2026-01-30T18:38:30+00:00\",\"description\":\"Kaufen Sie generische Viagra Cenforce 100 MG Pillen online mit schnellstem Overnight-Versand \u00fcber die inl\u00e4ndische USPS Mail und erhalten Sie einen schnellen US-Versand, der 3-4 Tage \u00fcber die direkte lokale Versandoption dauert. Enjoy the Biggest 23% Discount for Bitcoin and Crypto Payment at BuyModafinilOnline Pharmacy.\",\"breadcrumb\":{\"@id\":\"https:\\\/\\\/buymodafinilonline.com\\\/de\\\/smarte-medikamente\\\/generisches-viagra-cenforce-100-mg-inland-usa-nach-usa\\\/#breadcrumb\"},\"inLanguage\":\"de\",\"potentialAction\":[{\"@type\":\"ReadAction\",\"target\":[\"https:\\\/\\\/buymodafinilonline.com\\\/de\\\/smarte-medikamente\\\/generisches-viagra-cenforce-100-mg-inland-usa-nach-usa\\\/\"]}]},{\"@type\":\"ImageObject\",\"inLanguage\":\"de\",\"@id\":\"https:\\\/\\\/buymodafinilonline.com\\\/de\\\/smarte-medikamente\\\/generisches-viagra-cenforce-100-mg-inland-usa-nach-usa\\\/#primaryimage\",\"url\":\"https:\\\/\\\/buymodafinilonline.com\\\/wp-content\\\/uploads\\\/2022\\\/01\\\/bmo-product-viagra-domestic.png\",\"contentUrl\":\"https:\\\/\\\/buymodafinilonline.com\\\/wp-content\\\/uploads\\\/2022\\\/01\\\/bmo-product-viagra-domestic.png\",\"width\":1280,\"height\":1500,\"caption\":\"Generic Viagra Cenforce 100 MG with Domestic USPS Shipping & Local USA to USA Dispatch\"},{\"@type\":\"BreadcrumbList\",\"@id\":\"https:\\\/\\\/buymodafinilonline.com\\\/de\\\/smarte-medikamente\\\/generisches-viagra-cenforce-100-mg-inland-usa-nach-usa\\\/#breadcrumb\",\"itemListElement\":[{\"@type\":\"ListItem\",\"position\":1,\"name\":\"Buy Modafinil Online\",\"item\":\"https:\\\/\\\/buymodafinilonline.com\\\/de\\\/\"},{\"@type\":\"ListItem\",\"position\":2,\"name\":\"Shop\",\"item\":\"https:\\\/\\\/buymodafinilonline.com\\\/de\\\/shop-2\\\/\"},{\"@type\":\"ListItem\",\"position\":3,\"name\":\"US Domestic Shipping\",\"item\":\"https:\\\/\\\/buymodafinilonline.com\\\/de\\\/produkt-kategorie\\\/us-domestic-shipping-de\\\/\"},{\"@type\":\"ListItem\",\"position\":4,\"name\":\"Generisches Viagra Cenforce 100 MG &#8211; Inland (USA nach USA)\"}]},{\"@type\":\"WebSite\",\"@id\":\"https:\\\/\\\/buymodafinilonline.com\\\/de\\\/#website\",\"url\":\"https:\\\/\\\/buymodafinilonline.com\\\/de\\\/\",\"name\":\"BuyModafinilOnline.com\",\"description\":\"Modafinil Online Pharmacy\",\"publisher\":{\"@id\":\"https:\\\/\\\/buymodafinilonline.com\\\/de\\\/#organization\"},\"potentialAction\":[{\"@type\":\"SearchAction\",\"target\":{\"@type\":\"EntryPoint\",\"urlTemplate\":\"https:\\\/\\\/buymodafinilonline.com\\\/de\\\/?s={search_term_string}\"},\"query-input\":{\"@type\":\"PropertyValueSpecification\",\"valueRequired\":true,\"valueName\":\"search_term_string\"}}],\"inLanguage\":\"de\"},{\"@type\":\"Organization\",\"@id\":\"https:\\\/\\\/buymodafinilonline.com\\\/de\\\/#organization\",\"name\":\"BuyModafinilOnline\",\"url\":\"https:\\\/\\\/buymodafinilonline.com\\\/de\\\/\",\"logo\":{\"@type\":\"ImageObject\",\"inLanguage\":\"de\",\"@id\":\"https:\\\/\\\/buymodafinilonline.com\\\/de\\\/#\\\/schema\\\/logo\\\/image\\\/\",\"url\":\"https:\\\/\\\/buymodafinilonline.com\\\/wp-content\\\/uploads\\\/2020\\\/04\\\/logo-buy-modafinil-online-yellow.png\",\"contentUrl\":\"https:\\\/\\\/buymodafinilonline.com\\\/wp-content\\\/uploads\\\/2020\\\/04\\\/logo-buy-modafinil-online-yellow.png\",\"width\":200,\"height\":200,\"caption\":\"BuyModafinilOnline\"},\"image\":{\"@id\":\"https:\\\/\\\/buymodafinilonline.com\\\/de\\\/#\\\/schema\\\/logo\\\/image\\\/\"}}]}<\/script>\n<!-- \/ Yoast SEO Premium plugin. -->","yoast_head_json":{"title":"Bestellen Sie Generisches Viagra Cenforce 100 MG Pillen per USPS Inlandsversand","description":"Kaufen Sie generische Viagra Cenforce 100 MG Pillen online mit schnellstem Overnight-Versand \u00fcber die inl\u00e4ndische USPS Mail und erhalten Sie einen schnellen US-Versand, der 3-4 Tage \u00fcber die direkte lokale Versandoption dauert. Enjoy the Biggest 23% Discount for Bitcoin and Crypto Payment at BuyModafinilOnline Pharmacy.","robots":{"index":"index","follow":"follow","max-snippet":"max-snippet:-1","max-image-preview":"max-image-preview:large","max-video-preview":"max-video-preview:-1"},"canonical":"https:\/\/buymodafinilonline.com\/de\/smarte-medikamente\/generisches-viagra-cenforce-100-mg-inland-usa-nach-usa\/","og_locale":"de_DE","og_type":"article","og_title":"Generisches Viagra Cenforce 100 MG - Inland (USA nach USA)","og_description":"Kaufen Sie generische Viagra Cenforce 100 MG Pillen online mit schnellstem Overnight-Versand \u00fcber die inl\u00e4ndische USPS Mail und erhalten Sie einen schnellen US-Versand, der 3-4 Tage \u00fcber die direkte lokale Versandoption dauert. Enjoy the Biggest 23% Discount for Bitcoin and Crypto Payment at BuyModafinilOnline Pharmacy.","og_url":"https:\/\/buymodafinilonline.com\/de\/smarte-medikamente\/generisches-viagra-cenforce-100-mg-inland-usa-nach-usa\/","og_site_name":"BuyModafinilOnline.com","article_modified_time":"2026-01-30T18:38:30+00:00","og_image":[{"width":1280,"height":1500,"url":"https:\/\/buymodafinilonline.com\/wp-content\/uploads\/2022\/01\/bmo-product-viagra-domestic.png","type":"image\/png"}],"twitter_misc":{"Gesch\u00e4tzte Lesezeit":"6\u00a0Minuten"},"schema":{"@context":"https:\/\/schema.org","@graph":[{"@type":"WebPage","@id":"https:\/\/buymodafinilonline.com\/de\/smarte-medikamente\/generisches-viagra-cenforce-100-mg-inland-usa-nach-usa\/","url":"https:\/\/buymodafinilonline.com\/de\/smarte-medikamente\/generisches-viagra-cenforce-100-mg-inland-usa-nach-usa\/","name":"Bestellen Sie Generisches Viagra Cenforce 100 MG Pillen per USPS Inlandsversand","isPartOf":{"@id":"https:\/\/buymodafinilonline.com\/de\/#website"},"primaryImageOfPage":{"@id":"https:\/\/buymodafinilonline.com\/de\/smarte-medikamente\/generisches-viagra-cenforce-100-mg-inland-usa-nach-usa\/#primaryimage"},"image":{"@id":"https:\/\/buymodafinilonline.com\/de\/smarte-medikamente\/generisches-viagra-cenforce-100-mg-inland-usa-nach-usa\/#primaryimage"},"thumbnailUrl":"https:\/\/buymodafinilonline.com\/wp-content\/uploads\/2022\/01\/bmo-product-viagra-domestic.png","datePublished":"2022-01-03T18:38:36+00:00","dateModified":"2026-01-30T18:38:30+00:00","description":"Kaufen Sie generische Viagra Cenforce 100 MG Pillen online mit schnellstem Overnight-Versand \u00fcber die inl\u00e4ndische USPS Mail und erhalten Sie einen schnellen US-Versand, der 3-4 Tage \u00fcber die direkte lokale Versandoption dauert. Enjoy the Biggest 23% Discount for Bitcoin and Crypto Payment at BuyModafinilOnline Pharmacy.","breadcrumb":{"@id":"https:\/\/buymodafinilonline.com\/de\/smarte-medikamente\/generisches-viagra-cenforce-100-mg-inland-usa-nach-usa\/#breadcrumb"},"inLanguage":"de","potentialAction":[{"@type":"ReadAction","target":["https:\/\/buymodafinilonline.com\/de\/smarte-medikamente\/generisches-viagra-cenforce-100-mg-inland-usa-nach-usa\/"]}]},{"@type":"ImageObject","inLanguage":"de","@id":"https:\/\/buymodafinilonline.com\/de\/smarte-medikamente\/generisches-viagra-cenforce-100-mg-inland-usa-nach-usa\/#primaryimage","url":"https:\/\/buymodafinilonline.com\/wp-content\/uploads\/2022\/01\/bmo-product-viagra-domestic.png","contentUrl":"https:\/\/buymodafinilonline.com\/wp-content\/uploads\/2022\/01\/bmo-product-viagra-domestic.png","width":1280,"height":1500,"caption":"Generic Viagra Cenforce 100 MG with Domestic USPS Shipping & Local USA to USA Dispatch"},{"@type":"BreadcrumbList","@id":"https:\/\/buymodafinilonline.com\/de\/smarte-medikamente\/generisches-viagra-cenforce-100-mg-inland-usa-nach-usa\/#breadcrumb","itemListElement":[{"@type":"ListItem","position":1,"name":"Buy Modafinil Online","item":"https:\/\/buymodafinilonline.com\/de\/"},{"@type":"ListItem","position":2,"name":"Shop","item":"https:\/\/buymodafinilonline.com\/de\/shop-2\/"},{"@type":"ListItem","position":3,"name":"US Domestic Shipping","item":"https:\/\/buymodafinilonline.com\/de\/produkt-kategorie\/us-domestic-shipping-de\/"},{"@type":"ListItem","position":4,"name":"Generisches Viagra Cenforce 100 MG &#8211; Inland (USA nach USA)"}]},{"@type":"WebSite","@id":"https:\/\/buymodafinilonline.com\/de\/#website","url":"https:\/\/buymodafinilonline.com\/de\/","name":"BuyModafinilOnline.com","description":"Modafinil Online Pharmacy","publisher":{"@id":"https:\/\/buymodafinilonline.com\/de\/#organization"},"potentialAction":[{"@type":"SearchAction","target":{"@type":"EntryPoint","urlTemplate":"https:\/\/buymodafinilonline.com\/de\/?s={search_term_string}"},"query-input":{"@type":"PropertyValueSpecification","valueRequired":true,"valueName":"search_term_string"}}],"inLanguage":"de"},{"@type":"Organization","@id":"https:\/\/buymodafinilonline.com\/de\/#organization","name":"BuyModafinilOnline","url":"https:\/\/buymodafinilonline.com\/de\/","logo":{"@type":"ImageObject","inLanguage":"de","@id":"https:\/\/buymodafinilonline.com\/de\/#\/schema\/logo\/image\/","url":"https:\/\/buymodafinilonline.com\/wp-content\/uploads\/2020\/04\/logo-buy-modafinil-online-yellow.png","contentUrl":"https:\/\/buymodafinilonline.com\/wp-content\/uploads\/2020\/04\/logo-buy-modafinil-online-yellow.png","width":200,"height":200,"caption":"BuyModafinilOnline"},"image":{"@id":"https:\/\/buymodafinilonline.com\/de\/#\/schema\/logo\/image\/"}}]}},"_links":{"self":[{"href":"https:\/\/buymodafinilonline.com\/de\/wp-json\/wp\/v2\/product\/480536","targetHints":{"allow":["GET"]}}],"collection":[{"href":"https:\/\/buymodafinilonline.com\/de\/wp-json\/wp\/v2\/product"}],"about":[{"href":"https:\/\/buymodafinilonline.com\/de\/wp-json\/wp\/v2\/types\/product"}],"replies":[{"embeddable":true,"href":"https:\/\/buymodafinilonline.com\/de\/wp-json\/wp\/v2\/comments?post=480536"}],"wp:featuredmedia":[{"embeddable":true,"href":"https:\/\/buymodafinilonline.com\/de\/wp-json\/wp\/v2\/media\/433356"}],"wp:attachment":[{"href":"https:\/\/buymodafinilonline.com\/de\/wp-json\/wp\/v2\/media?parent=480536"}],"wp:term":[{"taxonomy":"product_brand","embeddable":true,"href":"https:\/\/buymodafinilonline.com\/de\/wp-json\/wp\/v2\/product_brand?post=480536"},{"taxonomy":"product_cat","embeddable":true,"href":"https:\/\/buymodafinilonline.com\/de\/wp-json\/wp\/v2\/product_cat?post=480536"},{"taxonomy":"product_tag","embeddable":true,"href":"https:\/\/buymodafinilonline.com\/de\/wp-json\/wp\/v2\/product_tag?post=480536"}],"curies":[{"name":"wp","href":"https:\/\/api.w.org\/{rel}","templated":true}]}}