{"id":480552,"date":"2022-01-03T21:38:34","date_gmt":"2022-01-03T20:38:34","guid":{"rendered":"https:\/\/buymodafinilonline.com\/smart-drugs\/modvigil-200-mg-inlaendisch-usa-nach-usa\/"},"modified":"2026-01-20T09:40:31","modified_gmt":"2026-01-20T08:40:31","slug":"modvigil-200-mg-inlaendisch-usa-nach-usa","status":"publish","type":"product","link":"https:\/\/buymodafinilonline.com\/de\/smarte-medikamente\/modvigil-200-mg-inlaendisch-usa-nach-usa\/","title":{"rendered":"Modvigil 200 MG &#8211; Inl\u00e4ndisch (USA nach USA)"},"content":{"rendered":"[vc_column width=\u201d1\/2\u2033]\n<h2>Was ist Modvigil 200 mg?<\/h2>\n<p>Modvigil ist eines der besten generischen Modafinil-Produkte und wird von einem indischen Pharmahersteller namens HAB Pharma hergestellt. Das Medikament enth\u00e4lt denselben Wirkstoff<a href=\"https:\/\/buymodafinilonline.com\/de\/cheap\/modafinil-de\/\">(Modafinil<\/a>) und dieselbe chemische Struktur wie das Markenprodukt <a href=\"https:\/\/buymodafinilonline.com\/smart-drugs\/generic-provigil\/\">Provigil<\/a> von Cephalon, wobei die R-(-)- und S-(+)-Enantiomere verwendet werden. Es bietet die gleichen Wachheitseffekte und kognitiven Vorteile wie Provigil, aber zu einem deutlich niedrigeren Preis.  <\/p>\n<p>Es ist f\u00fcr die Behandlung von Schlafst\u00f6rungen aufgrund von Schichtarbeit, Narkolepsie und obstruktiver Schlafapnoe (OSA) zugelassen. Au\u00dferdem wird Modvigil in der Regel zur Behandlung von Aufmerksamkeitsdefizit-\/Hyperaktivit\u00e4tsst\u00f6rungen (ADD\/ADHD), Gewichtsverlust, Depressionen, chronischer M\u00fcdigkeit, Alzheimer- und Parkinson-Krankheit usw. verschrieben (off-label). Aufgrund des umfangreichen Off-Label-Einsatzes hat die Verwendung von Modvigil im Laufe der Jahre an Popularit\u00e4t gewonnen, insbesondere f\u00fcr die Produktivit\u00e4t oder kognitive Anwendung.  <\/p>\n<p>Aufgrund der enormen Vorteile, die es bietet, findet es langsam seinen Weg in die Schultasche von Studenten und auch in die Schubladen von Berufst\u00e4tigen, deren Aufgaben h\u00f6chste Konzentration und Gehirnleistung erfordern. Obwohl es keinen Zweifel an der Wirksamkeit von Modvigil 200 mg gibt, sollten Sie unbedingt einen Arzt konsultieren, bevor Sie eine Behandlung mit dem Medikament beginnen. <\/p>\n<h2>Wie wirken diese Pillen?<\/h2>\n<p>Der Wirkungsmechanismus ist noch nicht ganz klar. Es ist bekannt, dass es die Konzentration bestimmter Neurotransmitter wie Dopamin, Histamin, Norephedrin und Orexin in den Bereichen des Gehirns erh\u00f6ht, die den Schlaf-Wach-Rhythmus steuern. Die konzentrations- und motivationssteigernde Wirkung von Modvigil wird mit seiner F\u00e4higkeit in Verbindung gebracht, den Dopamin- und Noradrenalinspiegel zu erh\u00f6hen.  <\/p>\n<h2>Sichere Dosierung und richtige Anwendung<\/h2>\n<p>Wenn Sie Modvigil zur Behandlung von OSA und \u00fcberm\u00e4\u00dfiger Tagesschl\u00e4frigkeit verwenden, nehmen Sie eine einzelne Tablette Modvigil nach dem Aufstehen am fr\u00fchen Morgen ein. Sie sollte mit einem Glas Wasser eingenommen werden, um sicherzustellen, dass die Tablette die Speiser\u00f6hre hinuntergeht. <\/p>\n<p>Personen, die Nachtschichten arbeiten, nehmen eine Stunde vor der Arbeit eine Tablette ein. Modvigil kann mit oder ohne Mahlzeiten eingenommen werden, aber es sollte nicht mit Alkohol gemischt werden. Die Einnahme von Modvigil wird nicht f\u00fcr Personen empfohlen, die allergisch gegen die \u201cSmart Tabs\u201d oder andere Nootropika sind. Bei Personen, bei denen eine schwere Leberfunktionsst\u00f6rung diagnostiziert wurde, sollte die Dosis von Modvigil 200 mg auf die H\u00e4lfte reduziert werden.   <\/p>\n<p>Es ist nicht ratsam, mehr als 200 mg dieses Medikaments an einem einzigen Tag einzunehmen, es sei denn, ein Arzt weist Sie an, dies zu tun. Die Einnahme von mehr erh\u00f6ht das Risiko negativer Auswirkungen. Konsultieren Sie einen Arzt, bevor Sie eine Behandlung mit Modvigil beginnen.  <\/p>\n<h2>M\u00f6gliche Nebenwirkungen<\/h2>\n<p>Modvigil ist hochwirksam, gut vertr\u00e4glich und hat ein geringes Risiko negativer Auswirkungen, wenn es nach \u00e4rztlicher Verschreibung eingenommen wird. Dennoch kann es aufgrund von \u00dcberempfindlichkeitsreaktionen bei einigen Personen zu allgemeinen negativen Reaktionen kommen.  Einige von ihnen sind:<\/p>\n<ul>\n<li>Verlust von Appetit;<\/li>\n<li>Stimmungsschwankungen;<\/li>\n<li>\u00dcbelkeit;<\/li>\n<li>Dehydrierung und Durst;<\/li>\n<li>Kopfschmerzen;<\/li>\n<li>Schwindel;<\/li>\n<li>Schlaflosigkeit;<\/li>\n<li>\u00c4ngste.<\/li>\n<\/ul>\n<p>In sehr seltenen F\u00e4llen kann es bei der Einnahme von Modvigil zu schwerwiegenderen negativen Auswirkungen kommen. Sie umfassen:<\/p>\n<ul>\n<li>unregelm\u00e4\u00dfiger Herzschlag;<\/li>\n<li>Probleme mit dem Sehverm\u00f6gen;<\/li>\n<li>fr\u00f6stelnd;<\/li>\n<li>Erbrechen;<\/li>\n<li>zitternd;<\/li>\n<li>Verlust des Ged\u00e4chtnisses.<\/li>\n<\/ul>\n[\/vc_column][vc_column width=\u201d1\/2\u2033]\n<p>Dies ist keine umfassende Liste m\u00f6glicher negativer Auswirkungen. Beenden Sie die Einnahme dieses Medikaments und suchen Sie einen Arzt auf, wenn schwere, lang anhaltende negative Auswirkungen auftreten. Bedienen Sie keine Maschinen und fahren Sie nicht Auto, wenn Sie nicht sicher sind, wie Sie auf das Medikament reagieren. Wenn diese negativen Auswirkungen auftreten und Sie auch nach dem Absetzen des Medikaments noch st\u00f6ren oder nicht nachlassen, suchen Sie Ihren Arzt auf.  <\/p>\n<h2>Gegenanzeigen und Vorsichtsma\u00dfnahmen<\/h2>\n<p>Modvigil 200 mg ist in der Tat sicher, wenn es unabh\u00e4ngig und ohne Kombination mit anderen Medikamenten eingenommen wird. Stellen Sie immer sicher, dass Sie einem Arzt eine vollst\u00e4ndige Liste aller Medikamente (verschreibungspflichtig\/nicht verschreibungspflichtig) oder pflanzlichen Heilmittel, die Sie einnehmen, zur Beurteilung vorlegen, bevor Sie die \u201cSmart Tabs\u201d einnehmen. Obwohl die m\u00f6glichen Risiken nicht bekannt sind, wird Schwangeren und stillenden M\u00fcttern von der Einnahme von \u201cSmart Tabs\u201d abgeraten. Wenn es notwendig ist, sollte ein Arzt sowohl die Risiken als auch die Vorteile besprechen, bevor Sie Modvigil 200 mg einnehmen.   <\/p>\n<p>M\u00f6gliche Wechselwirkungen mit anderen Medikamenten sind:<\/p>\n<ul>\n<li>Blutverd\u00fcnner wie Warfarin;<\/li>\n<li>Antibabypillen;<\/li>\n<li>MAO-Inhibitoren;<\/li>\n<li>CYP3A4 \/ 5 & CYP2C19-Substrate;<\/li>\n<li>ZNS-Stimulanzien und andere.<\/li>\n<\/ul>\n<p>Es kann auch zu Wechselwirkungen mit Krankheiten kommen. Informieren Sie Ihren Arzt vor der Einnahme von Modvigil \u00fcber Ihren Gesundheitszustand, einschlie\u00dflich Nieren-\/Leberversagen, Herzkrankheiten oder Krampfanf\u00e4lle usw.. Dieses Medikament vertr\u00e4gt sich gut mit den meisten Nahrungsmitteln, aber fetthaltige Mahlzeiten k\u00f6nnen seinen Wirkungseintritt verz\u00f6gern. Von der Einnahme von Modvigil in Kombination mit Alkohol wird abgeraten, da dies das Risiko f\u00fcr ein eingeschr\u00e4nktes Urteilsverm\u00f6gen, Schl\u00e4frigkeit und Schwindel sowie andere ungew\u00f6hnliche negative Auswirkungen erh\u00f6hen kann.   <\/p>\n<h2>Verbrauchererfahrung<\/h2>\n<p>Wie die meisten anderen \u201cSmart Tabs\u201d, die auf dem Markt erh\u00e4ltlich sind, bietet auch die Modvigil-Pille eine Reihe von Vorteilen. Was sie jedoch von anderen Medikamenten abhebt, ist die Tatsache, dass sie ein geringeres Risiko negativer Auswirkungen hat. <\/p>\n<p>Bislang sind die Erfahrungsberichte und Bewertungen von Anwendern von Modvigil positiv ausgefallen. Die Mehrheit der Liebhaber der \u201cSmart Tabs\u201d best\u00e4tigt, dass es die Konzentration, die geistige Sch\u00e4rfe und das Ged\u00e4chtnis verbessert und die Energie steigert, ohne dass es zu einem pl\u00f6tzlichen Absturz wie bei Koffein kommt. Bestellen Sie Modvigil 200 mg noch heute und teilen Sie uns Ihre Erfahrungen nach der Einnahme mit.  <\/p>\n<h2>Kaufen Sie Generisches Modvigil 200mg (Modafinil) mit schnellem Versand in den USA<\/h2>\n<p><a href=\"https:\/\/buymodafinilonline.com\/de\/\">BuyModafinilOnline<\/a> (BMO) ist eine Online-Apotheke, die mit Leichtigkeit, niedrigen Medikamentenpreisen, gro\u00dfen Rabatten und <a href=\"https:\/\/buymodafinilonline.com\/de\/besten-modafinil-lieferanten-deutschland\/\">garantiertem Versand<\/a> verbunden ist. Wenn Sie Modvigil zum bestm\u00f6glichen Preis ben\u00f6tigen, ist unsere Online-Apotheke Ihre erste Anlaufstelle. <\/p>\n<p>Neben Modvigil haben wir in der Tat eine gro\u00dfe Auswahl an anderen \u201cSmart Tabs\u201d im Angebot wie <a href=\"https:\/\/buymodafinilonline.com\/smart-drugs\/waklert-150mg-fast-delivery-usps\/\">Waklert<\/a>, <a href=\"https:\/\/buymodafinilonline.com\/de\/smarte-medikamente\/modavinil-200-mg\/\">Modavinil<\/a>, <a href=\"https:\/\/buymodafinilonline.com\/smart-drugs\/vilafinil-200mg-tablets\/\">Vilafinil<\/a>, <a href=\"https:\/\/buymodafinilonline.com\/smart-drugs\/modalert-200mg-fast-delivery-usps\/\">Modalert<\/a>, <a href=\"https:\/\/buymodafinilonline.com\/smart-drugs\/modawake-200-mg-tablets\/\">Modawake<\/a>, <a href=\"https:\/\/buymodafinilonline.com\/smart-drugs\/modaheal-200-mg-tablets\/\">Modaheal<\/a>, etc. Wir bieten wahnsinnig <a href=\"https:\/\/buymodafinilonline.com\/coupons-deals-promo-codes\/\">tolle Rabatte<\/a> \u00fcber Gutscheincodes & Gutscheine. Auf BuyModafinilOnline (BMO) k\u00f6nnen Sie mit <a href=\"https:\/\/buymodafinilonline.com\/billing-credit-card-faq\/\">Kreditkarte<\/a> und PayPal bezahlen. Wir akzeptieren auch Kryptow\u00e4hrung und belohnen diejenigen, die sie verwenden, sogar mit einem <a href=\"https:\/\/buymodafinilonline.com\/bitcoin-payment\/\">Rabatt von 23%<\/a>.   <\/p>\n<p>Kaufen Sie jetzt und lassen Sie sich dieses Medikament in den USA direkt nach Hause liefern. Die Lieferzeit betr\u00e4gt nur 3-4 Arbeitstage oder 5-7 Kalendertage mit USPS Priority Mail. Diese Versandoption ist die schnellste, Sie k\u00f6nnen sogar eine <a href=\"https:\/\/buymodafinilonline.com\/us-domestic-delivery\/\">schnelle Modafinil-\u00dcbernachtzustellung<\/a> oder eine Lieferung am n\u00e4chsten Tag erhalten. <\/p>\n<p>Die Lieferung von Modvigil 150 mg an die US-Adresse erfolgt reibungslos. Anders als bei einer Bestellung aus Indien und einer Lieferung an die US-Adresse gibt es keine Zollkontrollen, die in seltenen F\u00e4llen dazu f\u00fchren, dass das Paket an den Zollgrenzen beschlagnahmt wird. Der Vorteil eines Inlandsversands von den USA in die USA ist, dass der Kunde mit etwas Gl\u00fcck eine sofortige Lieferung erh\u00e4lt \u2013 je nach Standort kann er sogar eine Lieferung \u00fcber Nacht erhalten.<\/p>\n[\/vc_column]\n","protected":false},"excerpt":{"rendered":"<p>&#8211; Inlandsversand von den USA in die USA jetzt verf\u00fcgbar<br \/>\n&#8211; 3-4 Werktage Lieferzeit per USPS Priority Mail*<br \/>\n&#8211; Kann nicht mit anderen nicht-einheimischen Produkten gemischt werden<br \/>\n&#8211; Alle Inlandsbestellungen werden mit einem Satz von 20 kostenlosen Mustern geliefert<br \/>\n&#8211; Sie zahlen f\u00fcr eine superschnelle, reibungslose Lieferung und keine Zollprobleme<\/p>\n<p><em>*after receiving your tracking number. Please allow up to 24 hours for your order to process, and an additional 2-3 days to be shipped out.<\/em><\/p>\n<p>Modvigil 200 mg enth\u00e4lt Modafinil als aktiven Wirkstoff. Es wird von einem indischen Pharmahersteller namens HAB Pharma hergestellt und wird zur F\u00f6rderung der Wachheit bei Patienten mit \u00fcberm\u00e4\u00dfiger Schl\u00e4frigkeit w\u00e4hrend des Tages oder am Arbeitsplatz aufgrund von Schlafst\u00f6rungen eingesetzt. Es wird auch zur Behandlung anderer gesundheitlicher Probleme verwendet und wird von gesunden Menschen h\u00e4ufig als Mittel zur Steigerung der Produktivit\u00e4t und der kognitiven F\u00e4higkeiten eingesetzt.  <\/p>\n<p>Modvigil ist das g\u00fcnstigste &#8220;legale&#8221; generische Modafinil-Medikament auf dem Markt. Kaufen Sie dieses US-amerikanische Modafinil in unserer Online-Apotheke zu den niedrigsten Kosten in Verbindung mit Rabatten und Gutscheincodes oder erhalten Sie kostenlose Testmuster unserer &#8220;Smart Tabs&#8221;-Bestseller, um ihre Wirksamkeit zu testen. <\/p>\n","protected":false},"featured_media":433349,"comment_status":"closed","ping_status":"closed","template":"","meta":{"_acf_changed":false},"product_brand":[],"product_cat":[8918],"product_tag":[4014],"class_list":{"0":"post-480552","1":"product","2":"type-product","3":"status-publish","4":"has-post-thumbnail","6":"product_cat-us-domestic-shipping-de","7":"product_tag-modafinil-de","9":"first","10":"instock","11":"sale","12":"shipping-taxable","13":"purchasable","14":"product-type-variable","15":"has-default-attributes"},"acf":[],"yoast_head":"<!-- This site is optimized with the Yoast SEO Premium plugin v23.6 (Yoast SEO v27.5) - https:\/\/yoast.com\/product\/yoast-seo-premium-wordpress\/ -->\n<title>Bestellen Sie Modvigil 200 MG Tabletten \u00fcber USPS Overnight Domestic Shipping<\/title>\n<meta name=\"description\" content=\"Kaufen Sie Modvigil 200 MG Pillen online mit dem schnellsten Overnight-Versand \u00fcber die inl\u00e4ndische USPS-Post und erhalten Sie einen schnellen US-Versand, der 3-4 Tage \u00fcber die direkte lokale Versandoption dauert. Enjoy the Biggest 23% Discount for Bitcoin and Crypto Payment at BuyModafinilOnline Pharmacy.\" \/>\n<meta name=\"robots\" content=\"index, follow, max-snippet:-1, max-image-preview:large, max-video-preview:-1\" \/>\n<link rel=\"canonical\" href=\"https:\/\/buymodafinilonline.com\/de\/smarte-medikamente\/modvigil-200-mg-inlaendisch-usa-nach-usa\/\" \/>\n<meta property=\"og:locale\" content=\"de_DE\" \/>\n<meta property=\"og:type\" content=\"article\" \/>\n<meta property=\"og:title\" content=\"Modvigil 200 MG - Inl\u00e4ndisch (USA nach USA)\" \/>\n<meta property=\"og:description\" content=\"Kaufen Sie Modvigil 200 MG Pillen online mit dem schnellsten Overnight-Versand \u00fcber die inl\u00e4ndische USPS-Post und erhalten Sie einen schnellen US-Versand, der 3-4 Tage \u00fcber die direkte lokale Versandoption dauert. Enjoy the Biggest 23% Discount for Bitcoin and Crypto Payment at BuyModafinilOnline Pharmacy.\" \/>\n<meta property=\"og:url\" content=\"https:\/\/buymodafinilonline.com\/de\/smarte-medikamente\/modvigil-200-mg-inlaendisch-usa-nach-usa\/\" \/>\n<meta property=\"og:site_name\" content=\"BuyModafinilOnline.com\" \/>\n<meta property=\"article:modified_time\" content=\"2026-01-20T08:40:31+00:00\" \/>\n<meta property=\"og:image\" content=\"https:\/\/buymodafinilonline.com\/wp-content\/uploads\/2022\/01\/bmo-product-modvigil-domestic.png\" \/>\n\t<meta property=\"og:image:width\" content=\"1280\" \/>\n\t<meta property=\"og:image:height\" content=\"1500\" \/>\n\t<meta property=\"og:image:type\" content=\"image\/png\" \/>\n<meta name=\"twitter:label1\" content=\"Gesch\u00e4tzte Lesezeit\" \/>\n\t<meta name=\"twitter:data1\" content=\"6\u00a0Minuten\" \/>\n<script type=\"application\/ld+json\" class=\"yoast-schema-graph\">{\"@context\":\"https:\\\/\\\/schema.org\",\"@graph\":[{\"@type\":\"WebPage\",\"@id\":\"https:\\\/\\\/buymodafinilonline.com\\\/de\\\/smarte-medikamente\\\/modvigil-200-mg-inlaendisch-usa-nach-usa\\\/\",\"url\":\"https:\\\/\\\/buymodafinilonline.com\\\/de\\\/smarte-medikamente\\\/modvigil-200-mg-inlaendisch-usa-nach-usa\\\/\",\"name\":\"Bestellen Sie Modvigil 200 MG Tabletten \u00fcber USPS Overnight Domestic Shipping\",\"isPartOf\":{\"@id\":\"https:\\\/\\\/buymodafinilonline.com\\\/de\\\/#website\"},\"primaryImageOfPage\":{\"@id\":\"https:\\\/\\\/buymodafinilonline.com\\\/de\\\/smarte-medikamente\\\/modvigil-200-mg-inlaendisch-usa-nach-usa\\\/#primaryimage\"},\"image\":{\"@id\":\"https:\\\/\\\/buymodafinilonline.com\\\/de\\\/smarte-medikamente\\\/modvigil-200-mg-inlaendisch-usa-nach-usa\\\/#primaryimage\"},\"thumbnailUrl\":\"https:\\\/\\\/buymodafinilonline.com\\\/wp-content\\\/uploads\\\/2022\\\/01\\\/bmo-product-modvigil-domestic.png\",\"datePublished\":\"2022-01-03T20:38:34+00:00\",\"dateModified\":\"2026-01-20T08:40:31+00:00\",\"description\":\"Kaufen Sie Modvigil 200 MG Pillen online mit dem schnellsten Overnight-Versand \u00fcber die inl\u00e4ndische USPS-Post und erhalten Sie einen schnellen US-Versand, der 3-4 Tage \u00fcber die direkte lokale Versandoption dauert. Enjoy the Biggest 23% Discount for Bitcoin and Crypto Payment at BuyModafinilOnline Pharmacy.\",\"breadcrumb\":{\"@id\":\"https:\\\/\\\/buymodafinilonline.com\\\/de\\\/smarte-medikamente\\\/modvigil-200-mg-inlaendisch-usa-nach-usa\\\/#breadcrumb\"},\"inLanguage\":\"de\",\"potentialAction\":[{\"@type\":\"ReadAction\",\"target\":[\"https:\\\/\\\/buymodafinilonline.com\\\/de\\\/smarte-medikamente\\\/modvigil-200-mg-inlaendisch-usa-nach-usa\\\/\"]}]},{\"@type\":\"ImageObject\",\"inLanguage\":\"de\",\"@id\":\"https:\\\/\\\/buymodafinilonline.com\\\/de\\\/smarte-medikamente\\\/modvigil-200-mg-inlaendisch-usa-nach-usa\\\/#primaryimage\",\"url\":\"https:\\\/\\\/buymodafinilonline.com\\\/wp-content\\\/uploads\\\/2022\\\/01\\\/bmo-product-modvigil-domestic.png\",\"contentUrl\":\"https:\\\/\\\/buymodafinilonline.com\\\/wp-content\\\/uploads\\\/2022\\\/01\\\/bmo-product-modvigil-domestic.png\",\"width\":1280,\"height\":1500,\"caption\":\"Modvigil 200 MG with Domestic USPS Shipping & Local USA to USA Dispatch\"},{\"@type\":\"BreadcrumbList\",\"@id\":\"https:\\\/\\\/buymodafinilonline.com\\\/de\\\/smarte-medikamente\\\/modvigil-200-mg-inlaendisch-usa-nach-usa\\\/#breadcrumb\",\"itemListElement\":[{\"@type\":\"ListItem\",\"position\":1,\"name\":\"Buy Modafinil Online\",\"item\":\"https:\\\/\\\/buymodafinilonline.com\\\/de\\\/\"},{\"@type\":\"ListItem\",\"position\":2,\"name\":\"Shop\",\"item\":\"https:\\\/\\\/buymodafinilonline.com\\\/de\\\/shop-2\\\/\"},{\"@type\":\"ListItem\",\"position\":3,\"name\":\"US Domestic Shipping\",\"item\":\"https:\\\/\\\/buymodafinilonline.com\\\/de\\\/produkt-kategorie\\\/us-domestic-shipping-de\\\/\"},{\"@type\":\"ListItem\",\"position\":4,\"name\":\"Modvigil 200 MG &#8211; Inl\u00e4ndisch (USA nach USA)\"}]},{\"@type\":\"WebSite\",\"@id\":\"https:\\\/\\\/buymodafinilonline.com\\\/de\\\/#website\",\"url\":\"https:\\\/\\\/buymodafinilonline.com\\\/de\\\/\",\"name\":\"BuyModafinilOnline.com\",\"description\":\"Modafinil Online Pharmacy\",\"publisher\":{\"@id\":\"https:\\\/\\\/buymodafinilonline.com\\\/de\\\/#organization\"},\"potentialAction\":[{\"@type\":\"SearchAction\",\"target\":{\"@type\":\"EntryPoint\",\"urlTemplate\":\"https:\\\/\\\/buymodafinilonline.com\\\/de\\\/?s={search_term_string}\"},\"query-input\":{\"@type\":\"PropertyValueSpecification\",\"valueRequired\":true,\"valueName\":\"search_term_string\"}}],\"inLanguage\":\"de\"},{\"@type\":\"Organization\",\"@id\":\"https:\\\/\\\/buymodafinilonline.com\\\/de\\\/#organization\",\"name\":\"BuyModafinilOnline\",\"url\":\"https:\\\/\\\/buymodafinilonline.com\\\/de\\\/\",\"logo\":{\"@type\":\"ImageObject\",\"inLanguage\":\"de\",\"@id\":\"https:\\\/\\\/buymodafinilonline.com\\\/de\\\/#\\\/schema\\\/logo\\\/image\\\/\",\"url\":\"https:\\\/\\\/buymodafinilonline.com\\\/wp-content\\\/uploads\\\/2020\\\/04\\\/logo-buy-modafinil-online-yellow.png\",\"contentUrl\":\"https:\\\/\\\/buymodafinilonline.com\\\/wp-content\\\/uploads\\\/2020\\\/04\\\/logo-buy-modafinil-online-yellow.png\",\"width\":200,\"height\":200,\"caption\":\"BuyModafinilOnline\"},\"image\":{\"@id\":\"https:\\\/\\\/buymodafinilonline.com\\\/de\\\/#\\\/schema\\\/logo\\\/image\\\/\"}}]}<\/script>\n<!-- \/ Yoast SEO Premium plugin. -->","yoast_head_json":{"title":"Bestellen Sie Modvigil 200 MG Tabletten \u00fcber USPS Overnight Domestic Shipping","description":"Kaufen Sie Modvigil 200 MG Pillen online mit dem schnellsten Overnight-Versand \u00fcber die inl\u00e4ndische USPS-Post und erhalten Sie einen schnellen US-Versand, der 3-4 Tage \u00fcber die direkte lokale Versandoption dauert. Enjoy the Biggest 23% Discount for Bitcoin and Crypto Payment at BuyModafinilOnline Pharmacy.","robots":{"index":"index","follow":"follow","max-snippet":"max-snippet:-1","max-image-preview":"max-image-preview:large","max-video-preview":"max-video-preview:-1"},"canonical":"https:\/\/buymodafinilonline.com\/de\/smarte-medikamente\/modvigil-200-mg-inlaendisch-usa-nach-usa\/","og_locale":"de_DE","og_type":"article","og_title":"Modvigil 200 MG - Inl\u00e4ndisch (USA nach USA)","og_description":"Kaufen Sie Modvigil 200 MG Pillen online mit dem schnellsten Overnight-Versand \u00fcber die inl\u00e4ndische USPS-Post und erhalten Sie einen schnellen US-Versand, der 3-4 Tage \u00fcber die direkte lokale Versandoption dauert. Enjoy the Biggest 23% Discount for Bitcoin and Crypto Payment at BuyModafinilOnline Pharmacy.","og_url":"https:\/\/buymodafinilonline.com\/de\/smarte-medikamente\/modvigil-200-mg-inlaendisch-usa-nach-usa\/","og_site_name":"BuyModafinilOnline.com","article_modified_time":"2026-01-20T08:40:31+00:00","og_image":[{"width":1280,"height":1500,"url":"https:\/\/buymodafinilonline.com\/wp-content\/uploads\/2022\/01\/bmo-product-modvigil-domestic.png","type":"image\/png"}],"twitter_misc":{"Gesch\u00e4tzte Lesezeit":"6\u00a0Minuten"},"schema":{"@context":"https:\/\/schema.org","@graph":[{"@type":"WebPage","@id":"https:\/\/buymodafinilonline.com\/de\/smarte-medikamente\/modvigil-200-mg-inlaendisch-usa-nach-usa\/","url":"https:\/\/buymodafinilonline.com\/de\/smarte-medikamente\/modvigil-200-mg-inlaendisch-usa-nach-usa\/","name":"Bestellen Sie Modvigil 200 MG Tabletten \u00fcber USPS Overnight Domestic Shipping","isPartOf":{"@id":"https:\/\/buymodafinilonline.com\/de\/#website"},"primaryImageOfPage":{"@id":"https:\/\/buymodafinilonline.com\/de\/smarte-medikamente\/modvigil-200-mg-inlaendisch-usa-nach-usa\/#primaryimage"},"image":{"@id":"https:\/\/buymodafinilonline.com\/de\/smarte-medikamente\/modvigil-200-mg-inlaendisch-usa-nach-usa\/#primaryimage"},"thumbnailUrl":"https:\/\/buymodafinilonline.com\/wp-content\/uploads\/2022\/01\/bmo-product-modvigil-domestic.png","datePublished":"2022-01-03T20:38:34+00:00","dateModified":"2026-01-20T08:40:31+00:00","description":"Kaufen Sie Modvigil 200 MG Pillen online mit dem schnellsten Overnight-Versand \u00fcber die inl\u00e4ndische USPS-Post und erhalten Sie einen schnellen US-Versand, der 3-4 Tage \u00fcber die direkte lokale Versandoption dauert. Enjoy the Biggest 23% Discount for Bitcoin and Crypto Payment at BuyModafinilOnline Pharmacy.","breadcrumb":{"@id":"https:\/\/buymodafinilonline.com\/de\/smarte-medikamente\/modvigil-200-mg-inlaendisch-usa-nach-usa\/#breadcrumb"},"inLanguage":"de","potentialAction":[{"@type":"ReadAction","target":["https:\/\/buymodafinilonline.com\/de\/smarte-medikamente\/modvigil-200-mg-inlaendisch-usa-nach-usa\/"]}]},{"@type":"ImageObject","inLanguage":"de","@id":"https:\/\/buymodafinilonline.com\/de\/smarte-medikamente\/modvigil-200-mg-inlaendisch-usa-nach-usa\/#primaryimage","url":"https:\/\/buymodafinilonline.com\/wp-content\/uploads\/2022\/01\/bmo-product-modvigil-domestic.png","contentUrl":"https:\/\/buymodafinilonline.com\/wp-content\/uploads\/2022\/01\/bmo-product-modvigil-domestic.png","width":1280,"height":1500,"caption":"Modvigil 200 MG with Domestic USPS Shipping & Local USA to USA Dispatch"},{"@type":"BreadcrumbList","@id":"https:\/\/buymodafinilonline.com\/de\/smarte-medikamente\/modvigil-200-mg-inlaendisch-usa-nach-usa\/#breadcrumb","itemListElement":[{"@type":"ListItem","position":1,"name":"Buy Modafinil Online","item":"https:\/\/buymodafinilonline.com\/de\/"},{"@type":"ListItem","position":2,"name":"Shop","item":"https:\/\/buymodafinilonline.com\/de\/shop-2\/"},{"@type":"ListItem","position":3,"name":"US Domestic Shipping","item":"https:\/\/buymodafinilonline.com\/de\/produkt-kategorie\/us-domestic-shipping-de\/"},{"@type":"ListItem","position":4,"name":"Modvigil 200 MG &#8211; Inl\u00e4ndisch (USA nach USA)"}]},{"@type":"WebSite","@id":"https:\/\/buymodafinilonline.com\/de\/#website","url":"https:\/\/buymodafinilonline.com\/de\/","name":"BuyModafinilOnline.com","description":"Modafinil Online Pharmacy","publisher":{"@id":"https:\/\/buymodafinilonline.com\/de\/#organization"},"potentialAction":[{"@type":"SearchAction","target":{"@type":"EntryPoint","urlTemplate":"https:\/\/buymodafinilonline.com\/de\/?s={search_term_string}"},"query-input":{"@type":"PropertyValueSpecification","valueRequired":true,"valueName":"search_term_string"}}],"inLanguage":"de"},{"@type":"Organization","@id":"https:\/\/buymodafinilonline.com\/de\/#organization","name":"BuyModafinilOnline","url":"https:\/\/buymodafinilonline.com\/de\/","logo":{"@type":"ImageObject","inLanguage":"de","@id":"https:\/\/buymodafinilonline.com\/de\/#\/schema\/logo\/image\/","url":"https:\/\/buymodafinilonline.com\/wp-content\/uploads\/2020\/04\/logo-buy-modafinil-online-yellow.png","contentUrl":"https:\/\/buymodafinilonline.com\/wp-content\/uploads\/2020\/04\/logo-buy-modafinil-online-yellow.png","width":200,"height":200,"caption":"BuyModafinilOnline"},"image":{"@id":"https:\/\/buymodafinilonline.com\/de\/#\/schema\/logo\/image\/"}}]}},"_links":{"self":[{"href":"https:\/\/buymodafinilonline.com\/de\/wp-json\/wp\/v2\/product\/480552","targetHints":{"allow":["GET"]}}],"collection":[{"href":"https:\/\/buymodafinilonline.com\/de\/wp-json\/wp\/v2\/product"}],"about":[{"href":"https:\/\/buymodafinilonline.com\/de\/wp-json\/wp\/v2\/types\/product"}],"replies":[{"embeddable":true,"href":"https:\/\/buymodafinilonline.com\/de\/wp-json\/wp\/v2\/comments?post=480552"}],"wp:featuredmedia":[{"embeddable":true,"href":"https:\/\/buymodafinilonline.com\/de\/wp-json\/wp\/v2\/media\/433349"}],"wp:attachment":[{"href":"https:\/\/buymodafinilonline.com\/de\/wp-json\/wp\/v2\/media?parent=480552"}],"wp:term":[{"taxonomy":"product_brand","embeddable":true,"href":"https:\/\/buymodafinilonline.com\/de\/wp-json\/wp\/v2\/product_brand?post=480552"},{"taxonomy":"product_cat","embeddable":true,"href":"https:\/\/buymodafinilonline.com\/de\/wp-json\/wp\/v2\/product_cat?post=480552"},{"taxonomy":"product_tag","embeddable":true,"href":"https:\/\/buymodafinilonline.com\/de\/wp-json\/wp\/v2\/product_tag?post=480552"}],"curies":[{"name":"wp","href":"https:\/\/api.w.org\/{rel}","templated":true}]}}