{"id":396092,"date":"2020-04-14T12:31:15","date_gmt":"2020-04-14T11:31:15","guid":{"rendered":"https:\/\/buymodafinilonline.com\/mi-cuenta\/"},"modified":"2020-04-24T15:46:04","modified_gmt":"2020-04-24T14:46:04","slug":"mi-cuenta","status":"publish","type":"page","link":"https:\/\/buymodafinilonline.com\/es\/mi-cuenta\/","title":{"rendered":"Mi cuenta"},"content":{"rendered":"<div class=\"woocommerce\"><\/div>\n","protected":false},"excerpt":{"rendered":"","protected":false},"author":1,"featured_media":0,"parent":0,"menu_order":0,"comment_status":"closed","ping_status":"closed","template":"elementor_header_footer","meta":{"_acf_changed":false,"footnotes":""},"class_list":["post-396092","page","type-page","status-publish","hentry"],"acf":[],"yoast_head":"<!-- This site is optimized with the Yoast SEO Premium plugin v23.6 (Yoast SEO v27.3) - https:\/\/yoast.com\/product\/yoast-seo-premium-wordpress\/ -->\n<title>Mi cuenta \u00ad\u2013 BuyModafinilOnline \u2013 La mejor farmacia de modafinilo online<\/title>\n<meta name=\"description\" content=\"Mi cuenta - Recuperar contrase\u00f1a. BuyModafinilOnline \u00ad\u2013 Muestras gratis, estimulante cerebral, env\u00edo ultra r\u00e1pido, se aceptan bitcoins o cualquier tarjeta de cr\u00e9dito\" \/>\n<meta name=\"robots\" content=\"noindex, follow\" \/>\n<meta property=\"og:locale\" content=\"es_ES\" \/>\n<meta property=\"og:type\" content=\"article\" \/>\n<meta property=\"og:title\" content=\"Mi cuenta\" \/>\n<meta property=\"og:description\" content=\"Mi cuenta - Recuperar contrase\u00f1a. BuyModafinilOnline \u00ad\u2013 Muestras gratis, estimulante cerebral, env\u00edo ultra r\u00e1pido, se aceptan bitcoins o cualquier tarjeta de cr\u00e9dito\" \/>\n<meta property=\"og:url\" content=\"https:\/\/buymodafinilonline.com\/es\/mi-cuenta\/\" \/>\n<meta property=\"og:site_name\" content=\"BuyModafinilOnline.com\" \/>\n<meta property=\"article:modified_time\" content=\"2020-04-24T14:46:04+00:00\" \/>\n<script type=\"application\/ld+json\" class=\"yoast-schema-graph\">{\"@context\":\"https:\\\/\\\/schema.org\",\"@graph\":[{\"@type\":\"WebPage\",\"@id\":\"https:\\\/\\\/buymodafinilonline.com\\\/es\\\/mi-cuenta\\\/\",\"url\":\"https:\\\/\\\/buymodafinilonline.com\\\/es\\\/mi-cuenta\\\/\",\"name\":\"Mi cuenta \u00ad\u2013 BuyModafinilOnline \u2013 La mejor farmacia de modafinilo online\",\"isPartOf\":{\"@id\":\"https:\\\/\\\/buymodafinilonline.com\\\/es\\\/#website\"},\"datePublished\":\"2020-04-14T11:31:15+00:00\",\"dateModified\":\"2020-04-24T14:46:04+00:00\",\"description\":\"Mi cuenta - Recuperar contrase\u00f1a. BuyModafinilOnline \u00ad\u2013 Muestras gratis, estimulante cerebral, env\u00edo ultra r\u00e1pido, se aceptan bitcoins o cualquier tarjeta de cr\u00e9dito\",\"breadcrumb\":{\"@id\":\"https:\\\/\\\/buymodafinilonline.com\\\/es\\\/mi-cuenta\\\/#breadcrumb\"},\"inLanguage\":\"es\",\"potentialAction\":[{\"@type\":\"ReadAction\",\"target\":[\"https:\\\/\\\/buymodafinilonline.com\\\/es\\\/mi-cuenta\\\/\"]}]},{\"@type\":\"BreadcrumbList\",\"@id\":\"https:\\\/\\\/buymodafinilonline.com\\\/es\\\/mi-cuenta\\\/#breadcrumb\",\"itemListElement\":[{\"@type\":\"ListItem\",\"position\":1,\"name\":\"Buy Modafinil Online\",\"item\":\"https:\\\/\\\/buymodafinilonline.com\\\/es\\\/\"},{\"@type\":\"ListItem\",\"position\":2,\"name\":\"Mi cuenta\"}]},{\"@type\":\"WebSite\",\"@id\":\"https:\\\/\\\/buymodafinilonline.com\\\/es\\\/#website\",\"url\":\"https:\\\/\\\/buymodafinilonline.com\\\/es\\\/\",\"name\":\"BuyModafinilOnline.com\",\"description\":\"Modafinil Online Pharmacy\",\"publisher\":{\"@id\":\"https:\\\/\\\/buymodafinilonline.com\\\/es\\\/#organization\"},\"potentialAction\":[{\"@type\":\"SearchAction\",\"target\":{\"@type\":\"EntryPoint\",\"urlTemplate\":\"https:\\\/\\\/buymodafinilonline.com\\\/es\\\/?s={search_term_string}\"},\"query-input\":{\"@type\":\"PropertyValueSpecification\",\"valueRequired\":true,\"valueName\":\"search_term_string\"}}],\"inLanguage\":\"es\"},{\"@type\":\"Organization\",\"@id\":\"https:\\\/\\\/buymodafinilonline.com\\\/es\\\/#organization\",\"name\":\"BuyModafinilOnline\",\"url\":\"https:\\\/\\\/buymodafinilonline.com\\\/es\\\/\",\"logo\":{\"@type\":\"ImageObject\",\"inLanguage\":\"es\",\"@id\":\"https:\\\/\\\/buymodafinilonline.com\\\/es\\\/#\\\/schema\\\/logo\\\/image\\\/\",\"url\":\"https:\\\/\\\/buymodafinilonline.com\\\/wp-content\\\/uploads\\\/2020\\\/04\\\/logo-buy-modafinil-online-yellow.png\",\"contentUrl\":\"https:\\\/\\\/buymodafinilonline.com\\\/wp-content\\\/uploads\\\/2020\\\/04\\\/logo-buy-modafinil-online-yellow.png\",\"width\":200,\"height\":200,\"caption\":\"BuyModafinilOnline\"},\"image\":{\"@id\":\"https:\\\/\\\/buymodafinilonline.com\\\/es\\\/#\\\/schema\\\/logo\\\/image\\\/\"}}]}<\/script>\n<!-- \/ Yoast SEO Premium plugin. -->","yoast_head_json":{"title":"Mi cuenta \u00ad\u2013 BuyModafinilOnline \u2013 La mejor farmacia de modafinilo online","description":"Mi cuenta - Recuperar contrase\u00f1a. BuyModafinilOnline \u00ad\u2013 Muestras gratis, estimulante cerebral, env\u00edo ultra r\u00e1pido, se aceptan bitcoins o cualquier tarjeta de cr\u00e9dito","robots":{"index":"noindex","follow":"follow"},"og_locale":"es_ES","og_type":"article","og_title":"Mi cuenta","og_description":"Mi cuenta - Recuperar contrase\u00f1a. BuyModafinilOnline \u00ad\u2013 Muestras gratis, estimulante cerebral, env\u00edo ultra r\u00e1pido, se aceptan bitcoins o cualquier tarjeta de cr\u00e9dito","og_url":"https:\/\/buymodafinilonline.com\/es\/mi-cuenta\/","og_site_name":"BuyModafinilOnline.com","article_modified_time":"2020-04-24T14:46:04+00:00","schema":{"@context":"https:\/\/schema.org","@graph":[{"@type":"WebPage","@id":"https:\/\/buymodafinilonline.com\/es\/mi-cuenta\/","url":"https:\/\/buymodafinilonline.com\/es\/mi-cuenta\/","name":"Mi cuenta \u00ad\u2013 BuyModafinilOnline \u2013 La mejor farmacia de modafinilo online","isPartOf":{"@id":"https:\/\/buymodafinilonline.com\/es\/#website"},"datePublished":"2020-04-14T11:31:15+00:00","dateModified":"2020-04-24T14:46:04+00:00","description":"Mi cuenta - Recuperar contrase\u00f1a. BuyModafinilOnline \u00ad\u2013 Muestras gratis, estimulante cerebral, env\u00edo ultra r\u00e1pido, se aceptan bitcoins o cualquier tarjeta de cr\u00e9dito","breadcrumb":{"@id":"https:\/\/buymodafinilonline.com\/es\/mi-cuenta\/#breadcrumb"},"inLanguage":"es","potentialAction":[{"@type":"ReadAction","target":["https:\/\/buymodafinilonline.com\/es\/mi-cuenta\/"]}]},{"@type":"BreadcrumbList","@id":"https:\/\/buymodafinilonline.com\/es\/mi-cuenta\/#breadcrumb","itemListElement":[{"@type":"ListItem","position":1,"name":"Buy Modafinil Online","item":"https:\/\/buymodafinilonline.com\/es\/"},{"@type":"ListItem","position":2,"name":"Mi cuenta"}]},{"@type":"WebSite","@id":"https:\/\/buymodafinilonline.com\/es\/#website","url":"https:\/\/buymodafinilonline.com\/es\/","name":"BuyModafinilOnline.com","description":"Modafinil Online Pharmacy","publisher":{"@id":"https:\/\/buymodafinilonline.com\/es\/#organization"},"potentialAction":[{"@type":"SearchAction","target":{"@type":"EntryPoint","urlTemplate":"https:\/\/buymodafinilonline.com\/es\/?s={search_term_string}"},"query-input":{"@type":"PropertyValueSpecification","valueRequired":true,"valueName":"search_term_string"}}],"inLanguage":"es"},{"@type":"Organization","@id":"https:\/\/buymodafinilonline.com\/es\/#organization","name":"BuyModafinilOnline","url":"https:\/\/buymodafinilonline.com\/es\/","logo":{"@type":"ImageObject","inLanguage":"es","@id":"https:\/\/buymodafinilonline.com\/es\/#\/schema\/logo\/image\/","url":"https:\/\/buymodafinilonline.com\/wp-content\/uploads\/2020\/04\/logo-buy-modafinil-online-yellow.png","contentUrl":"https:\/\/buymodafinilonline.com\/wp-content\/uploads\/2020\/04\/logo-buy-modafinil-online-yellow.png","width":200,"height":200,"caption":"BuyModafinilOnline"},"image":{"@id":"https:\/\/buymodafinilonline.com\/es\/#\/schema\/logo\/image\/"}}]}},"_links":{"self":[{"href":"https:\/\/buymodafinilonline.com\/es\/wp-json\/wp\/v2\/pages\/396092","targetHints":{"allow":["GET"]}}],"collection":[{"href":"https:\/\/buymodafinilonline.com\/es\/wp-json\/wp\/v2\/pages"}],"about":[{"href":"https:\/\/buymodafinilonline.com\/es\/wp-json\/wp\/v2\/types\/page"}],"author":[{"embeddable":true,"href":"https:\/\/buymodafinilonline.com\/es\/wp-json\/wp\/v2\/users\/1"}],"replies":[{"embeddable":true,"href":"https:\/\/buymodafinilonline.com\/es\/wp-json\/wp\/v2\/comments?post=396092"}],"version-history":[{"count":0,"href":"https:\/\/buymodafinilonline.com\/es\/wp-json\/wp\/v2\/pages\/396092\/revisions"}],"wp:attachment":[{"href":"https:\/\/buymodafinilonline.com\/es\/wp-json\/wp\/v2\/media?parent=396092"}],"curies":[{"name":"wp","href":"https:\/\/api.w.org\/{rel}","templated":true}]}}