{"id":401036,"date":"2020-05-07T14:56:09","date_gmt":"2020-05-07T13:56:09","guid":{"rendered":"https:\/\/buymodafinilonline.com\/no-comercializamos-pastillas-de-modafinilo-falsas\/"},"modified":"2020-05-10T11:17:56","modified_gmt":"2020-05-10T10:17:56","slug":"no-comercializamos-pastillas-de-modafinilo-falsas","status":"publish","type":"page","link":"https:\/\/buymodafinilonline.com\/es\/no-comercializamos-pastillas-de-modafinilo-falsas\/","title":{"rendered":"No comercializamos pastillas de modafinilo falsas"},"content":{"rendered":"<p><img fetchpriority=\"high\" decoding=\"async\" class=\"aligncenter size-full wp-image-399078\" src=\"https:\/\/buymodafinilonline.com\/wp-content\/uploads\/2020\/04\/bmo-featured-no-fake-modafinil.png\" alt=\"Farmacia fiable de la India SIN modafinilo falso\" width=\"2048\" height=\"1152\" srcset=\"https:\/\/buymodafinilonline.com\/wp-content\/uploads\/2020\/04\/bmo-featured-no-fake-modafinil.png 2048w, https:\/\/buymodafinilonline.com\/wp-content\/uploads\/2020\/04\/bmo-featured-no-fake-modafinil-300x169.png 300w, https:\/\/buymodafinilonline.com\/wp-content\/uploads\/2020\/04\/bmo-featured-no-fake-modafinil-150x84.png 150w, https:\/\/buymodafinilonline.com\/wp-content\/uploads\/2020\/04\/bmo-featured-no-fake-modafinil-800x450.png 800w, https:\/\/buymodafinilonline.com\/wp-content\/uploads\/2020\/04\/bmo-featured-no-fake-modafinil-1024x576.png 1024w, https:\/\/buymodafinilonline.com\/wp-content\/uploads\/2020\/04\/bmo-featured-no-fake-modafinil-768x432.png 768w, https:\/\/buymodafinilonline.com\/wp-content\/uploads\/2020\/04\/bmo-featured-no-fake-modafinil-1536x864.png 1536w\" sizes=\"(max-width: 2048px) 100vw, 2048px\" \/><\/p>\n<p>La popularidad del modafinilo ha ido creciendo desde que se descubri\u00f3 que es el secreto del rendimiento espectacular de ejecutivos, pilotos, analistas, as\u00ed como de otros profesionales que necesitan la m\u00e1xima concentraci\u00f3n y lucidez. Esto ha provocado un aumento de la demanda, as\u00ed como el correspondiente aumento de la cantidad de variedades y fabricantes que lo producen.<\/p>\n<p>Esto puede parecer una buena noticia, pero tambi\u00e9n ha dado pie a la proliferaci\u00f3n de falsificaciones. \u00a1Sin embargo, existe una forma garantizar que compres el producto aut\u00e9ntico! Debes confiar exclusivamente en establecimientos fiables como nuestra farmacia. No ofrecemos pastillas falsas. Sigue leyendo y compru\u00e9balo personalmente.<\/p>\n<h2>\u00bfPor qu\u00e9 nuestros comprimidos de modafinilo son seguros y fiables?<\/h2>\n<p>Es probable que est\u00e9s leyendo esta p\u00e1gina porque quieres comprar el producto aut\u00e9ntico y no modafinilo falso. Pero \u00bfc\u00f3mo es posible saber que nuestros comprimidos son fiables y seguros y no se trata de falsificaciones? Te lo vamos a demostrar.<\/p>\n<p>En primer lugar, nos abastecemos en los laboratorios farmac\u00e9uticos m\u00e1s importantes de la India como Sun Pharma y HAB Pharma. Estos fabricantes son empresas farmac\u00e9uticas de primer nivel que se han caracterizado siempre por cumplir e incluso superar los est\u00e1ndares existentes.<\/p>\n<p>Sun Pharma, por ejemplo, es el laboratorio de gen\u00e9ricos m\u00e1s grande de la India, la empresa farmac\u00e9utica india m\u00e1s grande de Estados Unidos y la quinta m\u00e1s grande del mundo <a href=\"https:\/\/en.m.wikipedia.org\/wiki\/Sun_Pharmaceutical\">[1]<\/a>. Por su parte, HAB Pharma, tambi\u00e9n es una Gran Empresa farmac\u00e9utica <a href=\"https:\/\/habpharma.in\/\">[2]<\/a>. Las dos est\u00e1n autorizadas por la Administraci\u00f3n de Alimentos y Medicamentos de los Estados Unidos (FDA), y tienen los certificados de laboratorio de la Organizaci\u00f3n Internacional de Normalizaci\u00f3n (ISO) 9001, de Buenas Pr\u00e1cticas de Fabricaci\u00f3n (GMP) y de la Organizaci\u00f3n Mundial de la Salud. Esto significa que todos los productos que recibimos del laboratorio cumplen todas las normas obligatorias y son seguros.<\/p>\n<p>Adem\u00e1s, tenemos una larga lista de clientes totalmente satisfechos. No te fies solo de nuestra palabras. \u00a1Mira si las rese\u00f1as de nuestros clientes te resultan convincentes!<\/p>\n<p>En BuyModafinilOnline no tenemos modafinilo falso. Solo ofrecemos f\u00e1rmacos inteligentes fiables. Te aseguramos que recibir\u00e1s pastillas de modafinilo que hacen exactamente lo que tienen que hacer.<\/p>\n<h2>Varias formas sencillas para detectar modafinilo falso<\/h2>\n<p>Hoy en d\u00eda es bastante f\u00e1cil gastar un dineral en conseguir modafinilo aut\u00e9ntico y ser enga\u00f1ado en el intento. Por suerte, existen formas sencillas de detectar falsificaciones en el acto. He aqu\u00ed algunas.<\/p>\n<ul>\n<li>Inspecci\u00f3n visual. Esta es la forma m\u00e1s eficaz de diferenciar las falsificaciones del producto aut\u00e9ntico. Puedes mirar im\u00e1genes de modafinilo aut\u00e9ntico en Internet y compararlas con los comprimidos que tienes. La diferencia se suele percibir f\u00e1cilmente. Tambi\u00e9n debes comprobar si los comprimidos desprenden un olor desagradable.<\/li>\n<li>Prueba. No obstante, probar la pastilla para ver si funciona o no es otra forma de detectar comprimidos de modafinilo falsos. El producto aut\u00e9ntico suele estimular la vigilia. Si no te sientes m\u00e1s en\u00e9rgico, m\u00e1s l\u00facido y\/o concentrado, es bastante probable que los comprimidos no sean aut\u00e9nticos. Sin embargo, conviene destacar que la \u201cprueba\u201d no es una forma totalmente infalible de detectar modafinilo falso, porque las rese\u00f1as demuestran que es posible que este f\u00e1rmaco no le funcione a todo el mundo <a href=\"https:\/\/www.drugs.com\/comments\/modafinil\/provigil-for-narcolepsy.html\">[3]<\/a>.<\/li>\n<\/ul>\n<p>Como \u00faltimo apunte, comprar el modafinilo exclusivamente en establecimientos fiables es una de las mejores formas de evitar los comprimidos falsos. De esta forma, te ahorrar\u00e1s tener que pasar el estr\u00e9s de probarlos para ver si son falsos. \u00bfNecesitas conseguir comprimidos de modafinilo aut\u00e9nticos ahora mismo? Haz un pedido y recibe tus pastillas en 1 semana.<\/p>\n<h3>Referencias<\/h3>\n<ol>\n<li>Sun Pharmaceutical. versi\u00f3n de 11 de marzo de 2020. Wikipedia.org.<\/li>\n<li>Sitio web oficial de HAB Pharma. Habpharma.in.<\/li>\n<li>Rese\u00f1as de usuarios sobre Provigil para tratar la narcolepsia. versi\u00f3n de 7 de marzo de 2020. Drugs.com.<\/li>\n<\/ol>\n","protected":false},"excerpt":{"rendered":"<p>La popularidad del modafinilo ha ido creciendo desde que se descubri\u00f3 que es el secreto del rendimiento espectacular de ejecutivos, pilotos, analistas, as\u00ed como de otros profesionales que necesitan la m\u00e1xima concentraci\u00f3n y lucidez. Esto ha provocado un aumento de la demanda, as\u00ed como el correspondiente aumento de la cantidad de variedades y fabricantes que [&hellip;]<\/p>\n","protected":false},"author":1,"featured_media":0,"parent":0,"menu_order":0,"comment_status":"closed","ping_status":"closed","template":"","meta":{"_acf_changed":false,"footnotes":""},"class_list":["post-401036","page","type-page","status-publish","hentry"],"acf":[],"yoast_head":"<!-- This site is optimized with the Yoast SEO Premium plugin v23.6 (Yoast SEO v27.3) - https:\/\/yoast.com\/product\/yoast-seo-premium-wordpress\/ -->\n<title>Farmacia fiable de la India SIN modafinilo falso - BuyModafinilOnline<\/title>\n<meta name=\"description\" content=\"\u00bfQuieres evitar fraudes y comprar comprimidos de modafinilo de calidad? Aqu\u00ed encontrar\u00e1s los mejores consejos para detectar fraudes y hacer pedidos de modafinilo online con todas las garant\u00edas de seguridad al mejor precio. \u00a1NADA de medicamentos falsos!\" \/>\n<meta name=\"robots\" content=\"index, follow, max-snippet:-1, max-image-preview:large, max-video-preview:-1\" \/>\n<link rel=\"canonical\" href=\"https:\/\/buymodafinilonline.com\/es\/no-comercializamos-pastillas-de-modafinilo-falsas\/\" \/>\n<meta property=\"og:locale\" content=\"es_ES\" \/>\n<meta property=\"og:type\" content=\"article\" \/>\n<meta property=\"og:title\" content=\"No comercializamos pastillas de modafinilo falsas\" \/>\n<meta property=\"og:description\" content=\"\u00bfQuieres evitar fraudes y comprar comprimidos de modafinilo de calidad? Aqu\u00ed encontrar\u00e1s los mejores consejos para detectar fraudes y hacer pedidos de modafinilo online con todas las garant\u00edas de seguridad al mejor precio. \u00a1NADA de medicamentos falsos!\" \/>\n<meta property=\"og:url\" content=\"https:\/\/buymodafinilonline.com\/es\/no-comercializamos-pastillas-de-modafinilo-falsas\/\" \/>\n<meta property=\"og:site_name\" content=\"BuyModafinilOnline.com\" \/>\n<meta property=\"article:modified_time\" content=\"2020-05-10T10:17:56+00:00\" \/>\n<meta property=\"og:image\" content=\"https:\/\/buymodafinilonline.com\/wp-content\/uploads\/2020\/04\/bmo-featured-no-fake-modafinil.png\" \/>\n<meta name=\"twitter:label1\" content=\"Tiempo de lectura\" \/>\n\t<meta name=\"twitter:data1\" content=\"3 minutos\" \/>\n<script type=\"application\/ld+json\" class=\"yoast-schema-graph\">{\"@context\":\"https:\\\/\\\/schema.org\",\"@graph\":[{\"@type\":\"WebPage\",\"@id\":\"https:\\\/\\\/buymodafinilonline.com\\\/es\\\/no-comercializamos-pastillas-de-modafinilo-falsas\\\/\",\"url\":\"https:\\\/\\\/buymodafinilonline.com\\\/es\\\/no-comercializamos-pastillas-de-modafinilo-falsas\\\/\",\"name\":\"Farmacia fiable de la India SIN modafinilo falso - BuyModafinilOnline\",\"isPartOf\":{\"@id\":\"https:\\\/\\\/buymodafinilonline.com\\\/es\\\/#website\"},\"primaryImageOfPage\":{\"@id\":\"https:\\\/\\\/buymodafinilonline.com\\\/es\\\/no-comercializamos-pastillas-de-modafinilo-falsas\\\/#primaryimage\"},\"image\":{\"@id\":\"https:\\\/\\\/buymodafinilonline.com\\\/es\\\/no-comercializamos-pastillas-de-modafinilo-falsas\\\/#primaryimage\"},\"thumbnailUrl\":\"https:\\\/\\\/buymodafinilonline.com\\\/wp-content\\\/uploads\\\/2020\\\/04\\\/bmo-featured-no-fake-modafinil.png\",\"datePublished\":\"2020-05-07T13:56:09+00:00\",\"dateModified\":\"2020-05-10T10:17:56+00:00\",\"description\":\"\u00bfQuieres evitar fraudes y comprar comprimidos de modafinilo de calidad? Aqu\u00ed encontrar\u00e1s los mejores consejos para detectar fraudes y hacer pedidos de modafinilo online con todas las garant\u00edas de seguridad al mejor precio. \u00a1NADA de medicamentos falsos!\",\"breadcrumb\":{\"@id\":\"https:\\\/\\\/buymodafinilonline.com\\\/es\\\/no-comercializamos-pastillas-de-modafinilo-falsas\\\/#breadcrumb\"},\"inLanguage\":\"es\",\"potentialAction\":[{\"@type\":\"ReadAction\",\"target\":[\"https:\\\/\\\/buymodafinilonline.com\\\/es\\\/no-comercializamos-pastillas-de-modafinilo-falsas\\\/\"]}]},{\"@type\":\"ImageObject\",\"inLanguage\":\"es\",\"@id\":\"https:\\\/\\\/buymodafinilonline.com\\\/es\\\/no-comercializamos-pastillas-de-modafinilo-falsas\\\/#primaryimage\",\"url\":\"https:\\\/\\\/buymodafinilonline.com\\\/wp-content\\\/uploads\\\/2020\\\/04\\\/bmo-featured-no-fake-modafinil.png\",\"contentUrl\":\"https:\\\/\\\/buymodafinilonline.com\\\/wp-content\\\/uploads\\\/2020\\\/04\\\/bmo-featured-no-fake-modafinil.png\"},{\"@type\":\"BreadcrumbList\",\"@id\":\"https:\\\/\\\/buymodafinilonline.com\\\/es\\\/no-comercializamos-pastillas-de-modafinilo-falsas\\\/#breadcrumb\",\"itemListElement\":[{\"@type\":\"ListItem\",\"position\":1,\"name\":\"Buy Modafinil Online\",\"item\":\"https:\\\/\\\/buymodafinilonline.com\\\/es\\\/\"},{\"@type\":\"ListItem\",\"position\":2,\"name\":\"No comercializamos pastillas de modafinilo falsas\"}]},{\"@type\":\"WebSite\",\"@id\":\"https:\\\/\\\/buymodafinilonline.com\\\/es\\\/#website\",\"url\":\"https:\\\/\\\/buymodafinilonline.com\\\/es\\\/\",\"name\":\"BuyModafinilOnline.com\",\"description\":\"Modafinil Online Pharmacy\",\"publisher\":{\"@id\":\"https:\\\/\\\/buymodafinilonline.com\\\/es\\\/#organization\"},\"potentialAction\":[{\"@type\":\"SearchAction\",\"target\":{\"@type\":\"EntryPoint\",\"urlTemplate\":\"https:\\\/\\\/buymodafinilonline.com\\\/es\\\/?s={search_term_string}\"},\"query-input\":{\"@type\":\"PropertyValueSpecification\",\"valueRequired\":true,\"valueName\":\"search_term_string\"}}],\"inLanguage\":\"es\"},{\"@type\":\"Organization\",\"@id\":\"https:\\\/\\\/buymodafinilonline.com\\\/es\\\/#organization\",\"name\":\"BuyModafinilOnline\",\"url\":\"https:\\\/\\\/buymodafinilonline.com\\\/es\\\/\",\"logo\":{\"@type\":\"ImageObject\",\"inLanguage\":\"es\",\"@id\":\"https:\\\/\\\/buymodafinilonline.com\\\/es\\\/#\\\/schema\\\/logo\\\/image\\\/\",\"url\":\"https:\\\/\\\/buymodafinilonline.com\\\/wp-content\\\/uploads\\\/2020\\\/04\\\/logo-buy-modafinil-online-yellow.png\",\"contentUrl\":\"https:\\\/\\\/buymodafinilonline.com\\\/wp-content\\\/uploads\\\/2020\\\/04\\\/logo-buy-modafinil-online-yellow.png\",\"width\":200,\"height\":200,\"caption\":\"BuyModafinilOnline\"},\"image\":{\"@id\":\"https:\\\/\\\/buymodafinilonline.com\\\/es\\\/#\\\/schema\\\/logo\\\/image\\\/\"}}]}<\/script>\n<!-- \/ Yoast SEO Premium plugin. -->","yoast_head_json":{"title":"Farmacia fiable de la India SIN modafinilo falso - BuyModafinilOnline","description":"\u00bfQuieres evitar fraudes y comprar comprimidos de modafinilo de calidad? Aqu\u00ed encontrar\u00e1s los mejores consejos para detectar fraudes y hacer pedidos de modafinilo online con todas las garant\u00edas de seguridad al mejor precio. \u00a1NADA de medicamentos falsos!","robots":{"index":"index","follow":"follow","max-snippet":"max-snippet:-1","max-image-preview":"max-image-preview:large","max-video-preview":"max-video-preview:-1"},"canonical":"https:\/\/buymodafinilonline.com\/es\/no-comercializamos-pastillas-de-modafinilo-falsas\/","og_locale":"es_ES","og_type":"article","og_title":"No comercializamos pastillas de modafinilo falsas","og_description":"\u00bfQuieres evitar fraudes y comprar comprimidos de modafinilo de calidad? Aqu\u00ed encontrar\u00e1s los mejores consejos para detectar fraudes y hacer pedidos de modafinilo online con todas las garant\u00edas de seguridad al mejor precio. \u00a1NADA de medicamentos falsos!","og_url":"https:\/\/buymodafinilonline.com\/es\/no-comercializamos-pastillas-de-modafinilo-falsas\/","og_site_name":"BuyModafinilOnline.com","article_modified_time":"2020-05-10T10:17:56+00:00","og_image":[{"url":"https:\/\/buymodafinilonline.com\/wp-content\/uploads\/2020\/04\/bmo-featured-no-fake-modafinil.png","type":"","width":"","height":""}],"twitter_misc":{"Tiempo de lectura":"3 minutos"},"schema":{"@context":"https:\/\/schema.org","@graph":[{"@type":"WebPage","@id":"https:\/\/buymodafinilonline.com\/es\/no-comercializamos-pastillas-de-modafinilo-falsas\/","url":"https:\/\/buymodafinilonline.com\/es\/no-comercializamos-pastillas-de-modafinilo-falsas\/","name":"Farmacia fiable de la India SIN modafinilo falso - BuyModafinilOnline","isPartOf":{"@id":"https:\/\/buymodafinilonline.com\/es\/#website"},"primaryImageOfPage":{"@id":"https:\/\/buymodafinilonline.com\/es\/no-comercializamos-pastillas-de-modafinilo-falsas\/#primaryimage"},"image":{"@id":"https:\/\/buymodafinilonline.com\/es\/no-comercializamos-pastillas-de-modafinilo-falsas\/#primaryimage"},"thumbnailUrl":"https:\/\/buymodafinilonline.com\/wp-content\/uploads\/2020\/04\/bmo-featured-no-fake-modafinil.png","datePublished":"2020-05-07T13:56:09+00:00","dateModified":"2020-05-10T10:17:56+00:00","description":"\u00bfQuieres evitar fraudes y comprar comprimidos de modafinilo de calidad? Aqu\u00ed encontrar\u00e1s los mejores consejos para detectar fraudes y hacer pedidos de modafinilo online con todas las garant\u00edas de seguridad al mejor precio. \u00a1NADA de medicamentos falsos!","breadcrumb":{"@id":"https:\/\/buymodafinilonline.com\/es\/no-comercializamos-pastillas-de-modafinilo-falsas\/#breadcrumb"},"inLanguage":"es","potentialAction":[{"@type":"ReadAction","target":["https:\/\/buymodafinilonline.com\/es\/no-comercializamos-pastillas-de-modafinilo-falsas\/"]}]},{"@type":"ImageObject","inLanguage":"es","@id":"https:\/\/buymodafinilonline.com\/es\/no-comercializamos-pastillas-de-modafinilo-falsas\/#primaryimage","url":"https:\/\/buymodafinilonline.com\/wp-content\/uploads\/2020\/04\/bmo-featured-no-fake-modafinil.png","contentUrl":"https:\/\/buymodafinilonline.com\/wp-content\/uploads\/2020\/04\/bmo-featured-no-fake-modafinil.png"},{"@type":"BreadcrumbList","@id":"https:\/\/buymodafinilonline.com\/es\/no-comercializamos-pastillas-de-modafinilo-falsas\/#breadcrumb","itemListElement":[{"@type":"ListItem","position":1,"name":"Buy Modafinil Online","item":"https:\/\/buymodafinilonline.com\/es\/"},{"@type":"ListItem","position":2,"name":"No comercializamos pastillas de modafinilo falsas"}]},{"@type":"WebSite","@id":"https:\/\/buymodafinilonline.com\/es\/#website","url":"https:\/\/buymodafinilonline.com\/es\/","name":"BuyModafinilOnline.com","description":"Modafinil Online Pharmacy","publisher":{"@id":"https:\/\/buymodafinilonline.com\/es\/#organization"},"potentialAction":[{"@type":"SearchAction","target":{"@type":"EntryPoint","urlTemplate":"https:\/\/buymodafinilonline.com\/es\/?s={search_term_string}"},"query-input":{"@type":"PropertyValueSpecification","valueRequired":true,"valueName":"search_term_string"}}],"inLanguage":"es"},{"@type":"Organization","@id":"https:\/\/buymodafinilonline.com\/es\/#organization","name":"BuyModafinilOnline","url":"https:\/\/buymodafinilonline.com\/es\/","logo":{"@type":"ImageObject","inLanguage":"es","@id":"https:\/\/buymodafinilonline.com\/es\/#\/schema\/logo\/image\/","url":"https:\/\/buymodafinilonline.com\/wp-content\/uploads\/2020\/04\/logo-buy-modafinil-online-yellow.png","contentUrl":"https:\/\/buymodafinilonline.com\/wp-content\/uploads\/2020\/04\/logo-buy-modafinil-online-yellow.png","width":200,"height":200,"caption":"BuyModafinilOnline"},"image":{"@id":"https:\/\/buymodafinilonline.com\/es\/#\/schema\/logo\/image\/"}}]}},"_links":{"self":[{"href":"https:\/\/buymodafinilonline.com\/es\/wp-json\/wp\/v2\/pages\/401036","targetHints":{"allow":["GET"]}}],"collection":[{"href":"https:\/\/buymodafinilonline.com\/es\/wp-json\/wp\/v2\/pages"}],"about":[{"href":"https:\/\/buymodafinilonline.com\/es\/wp-json\/wp\/v2\/types\/page"}],"author":[{"embeddable":true,"href":"https:\/\/buymodafinilonline.com\/es\/wp-json\/wp\/v2\/users\/1"}],"replies":[{"embeddable":true,"href":"https:\/\/buymodafinilonline.com\/es\/wp-json\/wp\/v2\/comments?post=401036"}],"version-history":[{"count":0,"href":"https:\/\/buymodafinilonline.com\/es\/wp-json\/wp\/v2\/pages\/401036\/revisions"}],"wp:attachment":[{"href":"https:\/\/buymodafinilonline.com\/es\/wp-json\/wp\/v2\/media?parent=401036"}],"curies":[{"name":"wp","href":"https:\/\/api.w.org\/{rel}","templated":true}]}}