{"id":401673,"date":"2020-05-10T09:45:48","date_gmt":"2020-05-10T08:45:48","guid":{"rendered":"https:\/\/buymodafinilonline.com\/debemos-confiar-en-sun-pharma-y-hab-pharma\/"},"modified":"2020-05-10T09:45:48","modified_gmt":"2020-05-10T08:45:48","slug":"debemos-confiar-en-sun-pharma-y-hab-pharma","status":"publish","type":"page","link":"https:\/\/buymodafinilonline.com\/es\/debemos-confiar-en-sun-pharma-y-hab-pharma\/","title":{"rendered":"\u00bfDebemos confiar en Sun Pharma y HAB Pharma?"},"content":{"rendered":"<p><img fetchpriority=\"high\" decoding=\"async\" class=\"aligncenter size-full wp-image-399085\" src=\"https:\/\/buymodafinilonline.com\/wp-content\/uploads\/2020\/04\/bmo-featured-trust-sun-pharma-hab.png\" alt=\"\u00bfPor qu\u00e9 podemos confiar en Sun Pharma y HAB Pharma?\" width=\"2048\" height=\"1152\" srcset=\"https:\/\/buymodafinilonline.com\/wp-content\/uploads\/2020\/04\/bmo-featured-trust-sun-pharma-hab.png 2048w, https:\/\/buymodafinilonline.com\/wp-content\/uploads\/2020\/04\/bmo-featured-trust-sun-pharma-hab-300x169.png 300w, https:\/\/buymodafinilonline.com\/wp-content\/uploads\/2020\/04\/bmo-featured-trust-sun-pharma-hab-150x84.png 150w, https:\/\/buymodafinilonline.com\/wp-content\/uploads\/2020\/04\/bmo-featured-trust-sun-pharma-hab-800x450.png 800w, https:\/\/buymodafinilonline.com\/wp-content\/uploads\/2020\/04\/bmo-featured-trust-sun-pharma-hab-1024x576.png 1024w, https:\/\/buymodafinilonline.com\/wp-content\/uploads\/2020\/04\/bmo-featured-trust-sun-pharma-hab-768x432.png 768w, https:\/\/buymodafinilonline.com\/wp-content\/uploads\/2020\/04\/bmo-featured-trust-sun-pharma-hab-1536x864.png 1536w\" sizes=\"(max-width: 2048px) 100vw, 2048px\" \/><\/p>\n<p>Ya no resulta novedoso que la India sea uno de los mayores proveedores de f\u00e1rmacos y gen\u00e9ricos de venta libre a Estados Unidos. En segundo lugar, solo Canad\u00e1 recibe el 40 % de todo el suministro enviado a esta tierra de libertad. Principalmente, gracias a dos prominentes laboratorios farmac\u00e9uticos. Estos laboratorios son Sun Pharma y HAB Pharma. Si eres un apasionado de los nootr\u00f3picos, quiz\u00e1 hayas o\u00eddo hablar de ellos.<\/p>\n<p>A pesar de ser los dos fabricantes de medicamentos gen\u00e9ricos m\u00e1s grandes del mundo, \u00bfsus productos cumplen los est\u00e1ndares? \u00bfSe puede confiar en ellos? En este art\u00edculo resolvemos todas las dudas.<\/p>\n<h2>Hechos principales sobre el laboratorio Sun Pharma<\/h2>\n<p>Sun Pharma fue fundada en 1983. Esta empresa multinacional de la India radicada en Mumbai ofrece f\u00f3rmulas para un amplio abanico de \u00e1reas terap\u00e9uticas en especialidades como neurolog\u00eda, cardiolog\u00eda y psiquiatr\u00eda. En un principio, Sun Pharma empez\u00f3 produciendo cinco productos para el tratamiento de dolencias psiqui\u00e1tricas. Sin embargo, ha ido diversificando su producci\u00f3n a lo largo de los a\u00f1os y ahora es l\u00edder del mercado. Pero eso no es todo. En 2014, Sun Pharma adquiri\u00f3 los Laboratorios Ranbaxy y gracias a esta operaci\u00f3n se convirti\u00f3 en la empresa m\u00e1s grande de la India, la empresa farmac\u00e9utica india m\u00e1s grande en Estados Unidos y la quinta empresa m\u00e1s grande el mundo especializada en gen\u00e9ricos <a href=\"https:\/\/en.m.wikipedia.org\/wiki\/Sun_Pharmaceutical\">[1]<\/a>.<\/p>\n<p>Los f\u00e1rmacos m\u00e1s populares de Sun Pharma, que tambi\u00e9n est\u00e1n disponibles en BuyModafinilOnline, son Modalert y Waklert. Por lo tanto, est\u00e1 claro que Sun Pharma es algo m\u00e1s que un laboratorio farmac\u00e9utico conocido. Se trata, m\u00e1s bien, del laboratorio farmac\u00e9utico m\u00e1s grande y prestigioso del mundo <a href=\"https:\/\/www.sunpharma.com\/\">[2]<\/a>.<\/p>\n<h2>Informaci\u00f3n b\u00e1sica sobre la empresa HAB Pharma<\/h2>\n<p>HAB Pharma es uno de los proveedores de modafinilo l\u00edderes del mundo y uno de los competidores de Sun Pharma. Se ha ido posicionando en los \u00faltimos a\u00f1os y se trata de una empresa consolidada en el mercado farmac\u00e9utico.<\/p>\n<p>HAB Pharma fue fundada en 1980 y posteriormente abri\u00f3 su primera f\u00e1brica en 1989. Ha ido ampliando su presencia en el mercado internacional a lo largo de los a\u00f1os y actualmente exporta un porcentaje considerable de su producci\u00f3n <a href=\"http:\/\/habpharma.in\/company-overview\">[3]<\/a>.<\/p>\n<p>Como ver\u00e1s, HAB Pharma es bastante m\u00e1s conocida y es perfectamente capaz de mantener su posici\u00f3n en el mercado farmac\u00e9utico. Solo el tiempo puede decir lo lejos que llegar\u00e1, pero todo apunta a que lo est\u00e1 haciendo muy bien y va por la senda adecuada. Los f\u00e1rmacos m\u00e1s populares de este laboratorio, que tambi\u00e9n est\u00e1n disponibles en BuyModafinilOnline, son Modvigil y Artvigil.<\/p>\n<h2>Comparaci\u00f3n entre Sun Pharma y HAB Pharma: \u00bfcu\u00e1l es mejor?<\/h2>\n<p>Comparaci\u00f3n entre Sun Pharma y HAB Pharma: \u00bfcu\u00e1l es mejor? Si eres miembro de la comunidad de nootr\u00f3picos seguro que has o\u00eddo hablar un mont\u00f3n de veces sobre esta cuesti\u00f3n. Las dos empresas son gigantes del mercados que saben operar muy bien como lo que son, tiene que haber competencia.<\/p>\n<p>B\u00e1sicamente, las dos son empresas prestigiosas y fiables que saben desarrollar perfectamente su actividad. Por consiguiente, decir cu\u00e1l es mejor puede depender de las preferencias personales y la utilidad individual de los medicamentos.<\/p>\n<p>Sin embargo, seg\u00fan las rese\u00f1as parace que son m\u00e1s los que prefieren Sun Pharmaceuticals. Quiz\u00e1 esta preferencia se base en el hecho de que este laboratorio es m\u00e1s popular. Por otra parte, tambi\u00e9n hay usuarios que prefieren HAB Pharma y otros que creen que no existe pr\u00e1cticamente ninguna diferencia entre los dos gigantes farmac\u00e9uticos.<\/p>\n<h2>\u00bfPor qu\u00e9 confiamos en estos proveedores?<\/h2>\n<p>\u00bfTe preguntas por qu\u00e9 confiamos en HAB Pharma y Sun Pharma? Es muy simple. Adem\u00e1s tener una gran popularidad, son mucho m\u00e1s fiables. Las dos tienen laboratorios de producci\u00f3n con certificados internacionales. Todos sus medicamentos est\u00e1n autorizados por la Administraci\u00f3n de Alimentos y Medicamentos de los Estados Unidos y las agencias hom\u00f3logas de otros pa\u00edses.<\/p>\n<p>Pero eso no es todo. Estos laboratorios farmac\u00e9uticos tienen varios certificados internacionales que avalan su actividad. Estos certificados son los siguientes:<\/p>\n<ul>\n<li>Norma ISO 9001 (gesti\u00f3n y control de calidad);<\/li>\n<li>Certificado de Buenas Pr\u00e1cticas de Fabricaci\u00f3n de la Organizaci\u00f3n Mundial de la Salud;<\/li>\n<li>Administraci\u00f3n de Alimentos y Medicamentos de los Estados Unidos (calidad del producto).<\/li>\n<\/ul>\n<p>Otra de la razones por las que confiamos tanto en estos proveedores es que durante el tiempo que llevamos trabajando con ellos siempe han cumplido, e incluso superado, nuestro Acuerdo de Nivel de Servicio (SLA, por sus siglas en ingl\u00e9s) en cuanto a entregas y calidad de los f\u00e1rmacos.<\/p>\n<p><a href=\"https:\/\/buymodafinilonline.com\/es\/\">BuyModafinilOnline<\/a> es la farmacia online con diferentes tipos de cupones, descuentos (<a href=\"https:\/\/buymodafinilonline.com\/es\/paga-con-bitcoin\/\">un 23 %<\/a> para pagos con bitcoin) y ofertas. Aqu\u00ed solo podr\u00e1s comprar medicamentos de calidad al mejor precio.<\/p>\n<p>Entonces, en respuesta a las preguntas planteadas anteriormente: \u00bfrecomiendan productos est\u00e1ndar? \u00bfSe puede confiar en ellas? La respuesta es s\u00ed y s\u00ed. Nuestros clientes son un testimonio vivo, ya que siempre valoran positivamente la eficacia y tolerancia de nuestros productos.<\/p>\n<p>Nota: los proveedores de nuestros productos son estos dos grandes laboratorios farmac\u00e9uticos.<\/p>\n<h3>Referencias<\/h3>\n<ol>\n<li>Sun Pharmaceuticals. versi\u00f3n del 8 de marzo de 2020. Wikipedia.org.<\/li>\n<li>Sun Pharmaceutical Industries Ltd. Sunpharma.com.<\/li>\n<li>Resumen de la empresa HAB Pharma. Habpharma.in.<\/li>\n<\/ol>\n","protected":false},"excerpt":{"rendered":"<p>Ya no resulta novedoso que la India sea uno de los mayores proveedores de f\u00e1rmacos y gen\u00e9ricos de venta libre a Estados Unidos. En segundo lugar, solo Canad\u00e1 recibe el 40 % de todo el suministro enviado a esta tierra de libertad. Principalmente, gracias a dos prominentes laboratorios farmac\u00e9uticos. Estos laboratorios son Sun Pharma y [&hellip;]<\/p>\n","protected":false},"author":1,"featured_media":0,"parent":0,"menu_order":0,"comment_status":"closed","ping_status":"closed","template":"","meta":{"_acf_changed":false,"footnotes":""},"class_list":["post-401673","page","type-page","status-publish","hentry"],"acf":[],"yoast_head":"<!-- This site is optimized with the Yoast SEO Premium plugin v23.6 (Yoast SEO v27.3) - https:\/\/yoast.com\/product\/yoast-seo-premium-wordpress\/ -->\n<title>\u00bfPor qu\u00e9 podemos confiar en Sun Pharma y HAB Pharma? - BuyModafinilOnline<\/title>\n<meta name=\"description\" content=\"Informaci\u00f3n exhaustiva sobre los laboratorios farmac\u00e9uticos de modafinilo de la India Sun Pharma y HAB Pharma. \u00bfPor qu\u00e9 debemos confiar en ellos? En BuyModafinilOnline te contamos la verdad sobre los laboratorios farmac\u00e9uticos de nootr\u00f3picos gen\u00e9ricos m\u00e1s grandes del mundo.\" \/>\n<meta name=\"robots\" content=\"index, follow, max-snippet:-1, max-image-preview:large, max-video-preview:-1\" \/>\n<link rel=\"canonical\" href=\"https:\/\/buymodafinilonline.com\/es\/debemos-confiar-en-sun-pharma-y-hab-pharma\/\" \/>\n<meta property=\"og:locale\" content=\"es_ES\" \/>\n<meta property=\"og:type\" content=\"article\" \/>\n<meta property=\"og:title\" content=\"\u00bfDebemos confiar en Sun Pharma y HAB Pharma?\" \/>\n<meta property=\"og:description\" content=\"Informaci\u00f3n exhaustiva sobre los laboratorios farmac\u00e9uticos de modafinilo de la India Sun Pharma y HAB Pharma. \u00bfPor qu\u00e9 debemos confiar en ellos? En BuyModafinilOnline te contamos la verdad sobre los laboratorios farmac\u00e9uticos de nootr\u00f3picos gen\u00e9ricos m\u00e1s grandes del mundo.\" \/>\n<meta property=\"og:url\" content=\"https:\/\/buymodafinilonline.com\/es\/debemos-confiar-en-sun-pharma-y-hab-pharma\/\" \/>\n<meta property=\"og:site_name\" content=\"BuyModafinilOnline.com\" \/>\n<meta property=\"og:image\" content=\"https:\/\/buymodafinilonline.com\/wp-content\/uploads\/2020\/04\/bmo-featured-trust-sun-pharma-hab.png\" \/>\n<meta name=\"twitter:label1\" content=\"Tiempo de lectura\" \/>\n\t<meta name=\"twitter:data1\" content=\"5 minutos\" \/>\n<script type=\"application\/ld+json\" class=\"yoast-schema-graph\">{\"@context\":\"https:\\\/\\\/schema.org\",\"@graph\":[{\"@type\":\"WebPage\",\"@id\":\"https:\\\/\\\/buymodafinilonline.com\\\/es\\\/debemos-confiar-en-sun-pharma-y-hab-pharma\\\/\",\"url\":\"https:\\\/\\\/buymodafinilonline.com\\\/es\\\/debemos-confiar-en-sun-pharma-y-hab-pharma\\\/\",\"name\":\"\u00bfPor qu\u00e9 podemos confiar en Sun Pharma y HAB Pharma? - BuyModafinilOnline\",\"isPartOf\":{\"@id\":\"https:\\\/\\\/buymodafinilonline.com\\\/es\\\/#website\"},\"primaryImageOfPage\":{\"@id\":\"https:\\\/\\\/buymodafinilonline.com\\\/es\\\/debemos-confiar-en-sun-pharma-y-hab-pharma\\\/#primaryimage\"},\"image\":{\"@id\":\"https:\\\/\\\/buymodafinilonline.com\\\/es\\\/debemos-confiar-en-sun-pharma-y-hab-pharma\\\/#primaryimage\"},\"thumbnailUrl\":\"https:\\\/\\\/buymodafinilonline.com\\\/wp-content\\\/uploads\\\/2020\\\/04\\\/bmo-featured-trust-sun-pharma-hab.png\",\"datePublished\":\"2020-05-10T08:45:48+00:00\",\"description\":\"Informaci\u00f3n exhaustiva sobre los laboratorios farmac\u00e9uticos de modafinilo de la India Sun Pharma y HAB Pharma. \u00bfPor qu\u00e9 debemos confiar en ellos? En BuyModafinilOnline te contamos la verdad sobre los laboratorios farmac\u00e9uticos de nootr\u00f3picos gen\u00e9ricos m\u00e1s grandes del mundo.\",\"breadcrumb\":{\"@id\":\"https:\\\/\\\/buymodafinilonline.com\\\/es\\\/debemos-confiar-en-sun-pharma-y-hab-pharma\\\/#breadcrumb\"},\"inLanguage\":\"es\",\"potentialAction\":[{\"@type\":\"ReadAction\",\"target\":[\"https:\\\/\\\/buymodafinilonline.com\\\/es\\\/debemos-confiar-en-sun-pharma-y-hab-pharma\\\/\"]}]},{\"@type\":\"ImageObject\",\"inLanguage\":\"es\",\"@id\":\"https:\\\/\\\/buymodafinilonline.com\\\/es\\\/debemos-confiar-en-sun-pharma-y-hab-pharma\\\/#primaryimage\",\"url\":\"https:\\\/\\\/buymodafinilonline.com\\\/wp-content\\\/uploads\\\/2020\\\/04\\\/bmo-featured-trust-sun-pharma-hab.png\",\"contentUrl\":\"https:\\\/\\\/buymodafinilonline.com\\\/wp-content\\\/uploads\\\/2020\\\/04\\\/bmo-featured-trust-sun-pharma-hab.png\"},{\"@type\":\"BreadcrumbList\",\"@id\":\"https:\\\/\\\/buymodafinilonline.com\\\/es\\\/debemos-confiar-en-sun-pharma-y-hab-pharma\\\/#breadcrumb\",\"itemListElement\":[{\"@type\":\"ListItem\",\"position\":1,\"name\":\"Buy Modafinil Online\",\"item\":\"https:\\\/\\\/buymodafinilonline.com\\\/es\\\/\"},{\"@type\":\"ListItem\",\"position\":2,\"name\":\"\u00bfDebemos confiar en Sun Pharma y HAB Pharma?\"}]},{\"@type\":\"WebSite\",\"@id\":\"https:\\\/\\\/buymodafinilonline.com\\\/es\\\/#website\",\"url\":\"https:\\\/\\\/buymodafinilonline.com\\\/es\\\/\",\"name\":\"BuyModafinilOnline.com\",\"description\":\"Modafinil Online Pharmacy\",\"publisher\":{\"@id\":\"https:\\\/\\\/buymodafinilonline.com\\\/es\\\/#organization\"},\"potentialAction\":[{\"@type\":\"SearchAction\",\"target\":{\"@type\":\"EntryPoint\",\"urlTemplate\":\"https:\\\/\\\/buymodafinilonline.com\\\/es\\\/?s={search_term_string}\"},\"query-input\":{\"@type\":\"PropertyValueSpecification\",\"valueRequired\":true,\"valueName\":\"search_term_string\"}}],\"inLanguage\":\"es\"},{\"@type\":\"Organization\",\"@id\":\"https:\\\/\\\/buymodafinilonline.com\\\/es\\\/#organization\",\"name\":\"BuyModafinilOnline\",\"url\":\"https:\\\/\\\/buymodafinilonline.com\\\/es\\\/\",\"logo\":{\"@type\":\"ImageObject\",\"inLanguage\":\"es\",\"@id\":\"https:\\\/\\\/buymodafinilonline.com\\\/es\\\/#\\\/schema\\\/logo\\\/image\\\/\",\"url\":\"https:\\\/\\\/buymodafinilonline.com\\\/wp-content\\\/uploads\\\/2020\\\/04\\\/logo-buy-modafinil-online-yellow.png\",\"contentUrl\":\"https:\\\/\\\/buymodafinilonline.com\\\/wp-content\\\/uploads\\\/2020\\\/04\\\/logo-buy-modafinil-online-yellow.png\",\"width\":200,\"height\":200,\"caption\":\"BuyModafinilOnline\"},\"image\":{\"@id\":\"https:\\\/\\\/buymodafinilonline.com\\\/es\\\/#\\\/schema\\\/logo\\\/image\\\/\"}}]}<\/script>\n<!-- \/ Yoast SEO Premium plugin. -->","yoast_head_json":{"title":"\u00bfPor qu\u00e9 podemos confiar en Sun Pharma y HAB Pharma? - BuyModafinilOnline","description":"Informaci\u00f3n exhaustiva sobre los laboratorios farmac\u00e9uticos de modafinilo de la India Sun Pharma y HAB Pharma. \u00bfPor qu\u00e9 debemos confiar en ellos? En BuyModafinilOnline te contamos la verdad sobre los laboratorios farmac\u00e9uticos de nootr\u00f3picos gen\u00e9ricos m\u00e1s grandes del mundo.","robots":{"index":"index","follow":"follow","max-snippet":"max-snippet:-1","max-image-preview":"max-image-preview:large","max-video-preview":"max-video-preview:-1"},"canonical":"https:\/\/buymodafinilonline.com\/es\/debemos-confiar-en-sun-pharma-y-hab-pharma\/","og_locale":"es_ES","og_type":"article","og_title":"\u00bfDebemos confiar en Sun Pharma y HAB Pharma?","og_description":"Informaci\u00f3n exhaustiva sobre los laboratorios farmac\u00e9uticos de modafinilo de la India Sun Pharma y HAB Pharma. \u00bfPor qu\u00e9 debemos confiar en ellos? En BuyModafinilOnline te contamos la verdad sobre los laboratorios farmac\u00e9uticos de nootr\u00f3picos gen\u00e9ricos m\u00e1s grandes del mundo.","og_url":"https:\/\/buymodafinilonline.com\/es\/debemos-confiar-en-sun-pharma-y-hab-pharma\/","og_site_name":"BuyModafinilOnline.com","og_image":[{"url":"https:\/\/buymodafinilonline.com\/wp-content\/uploads\/2020\/04\/bmo-featured-trust-sun-pharma-hab.png","type":"","width":"","height":""}],"twitter_misc":{"Tiempo de lectura":"5 minutos"},"schema":{"@context":"https:\/\/schema.org","@graph":[{"@type":"WebPage","@id":"https:\/\/buymodafinilonline.com\/es\/debemos-confiar-en-sun-pharma-y-hab-pharma\/","url":"https:\/\/buymodafinilonline.com\/es\/debemos-confiar-en-sun-pharma-y-hab-pharma\/","name":"\u00bfPor qu\u00e9 podemos confiar en Sun Pharma y HAB Pharma? - BuyModafinilOnline","isPartOf":{"@id":"https:\/\/buymodafinilonline.com\/es\/#website"},"primaryImageOfPage":{"@id":"https:\/\/buymodafinilonline.com\/es\/debemos-confiar-en-sun-pharma-y-hab-pharma\/#primaryimage"},"image":{"@id":"https:\/\/buymodafinilonline.com\/es\/debemos-confiar-en-sun-pharma-y-hab-pharma\/#primaryimage"},"thumbnailUrl":"https:\/\/buymodafinilonline.com\/wp-content\/uploads\/2020\/04\/bmo-featured-trust-sun-pharma-hab.png","datePublished":"2020-05-10T08:45:48+00:00","description":"Informaci\u00f3n exhaustiva sobre los laboratorios farmac\u00e9uticos de modafinilo de la India Sun Pharma y HAB Pharma. \u00bfPor qu\u00e9 debemos confiar en ellos? En BuyModafinilOnline te contamos la verdad sobre los laboratorios farmac\u00e9uticos de nootr\u00f3picos gen\u00e9ricos m\u00e1s grandes del mundo.","breadcrumb":{"@id":"https:\/\/buymodafinilonline.com\/es\/debemos-confiar-en-sun-pharma-y-hab-pharma\/#breadcrumb"},"inLanguage":"es","potentialAction":[{"@type":"ReadAction","target":["https:\/\/buymodafinilonline.com\/es\/debemos-confiar-en-sun-pharma-y-hab-pharma\/"]}]},{"@type":"ImageObject","inLanguage":"es","@id":"https:\/\/buymodafinilonline.com\/es\/debemos-confiar-en-sun-pharma-y-hab-pharma\/#primaryimage","url":"https:\/\/buymodafinilonline.com\/wp-content\/uploads\/2020\/04\/bmo-featured-trust-sun-pharma-hab.png","contentUrl":"https:\/\/buymodafinilonline.com\/wp-content\/uploads\/2020\/04\/bmo-featured-trust-sun-pharma-hab.png"},{"@type":"BreadcrumbList","@id":"https:\/\/buymodafinilonline.com\/es\/debemos-confiar-en-sun-pharma-y-hab-pharma\/#breadcrumb","itemListElement":[{"@type":"ListItem","position":1,"name":"Buy Modafinil Online","item":"https:\/\/buymodafinilonline.com\/es\/"},{"@type":"ListItem","position":2,"name":"\u00bfDebemos confiar en Sun Pharma y HAB Pharma?"}]},{"@type":"WebSite","@id":"https:\/\/buymodafinilonline.com\/es\/#website","url":"https:\/\/buymodafinilonline.com\/es\/","name":"BuyModafinilOnline.com","description":"Modafinil Online Pharmacy","publisher":{"@id":"https:\/\/buymodafinilonline.com\/es\/#organization"},"potentialAction":[{"@type":"SearchAction","target":{"@type":"EntryPoint","urlTemplate":"https:\/\/buymodafinilonline.com\/es\/?s={search_term_string}"},"query-input":{"@type":"PropertyValueSpecification","valueRequired":true,"valueName":"search_term_string"}}],"inLanguage":"es"},{"@type":"Organization","@id":"https:\/\/buymodafinilonline.com\/es\/#organization","name":"BuyModafinilOnline","url":"https:\/\/buymodafinilonline.com\/es\/","logo":{"@type":"ImageObject","inLanguage":"es","@id":"https:\/\/buymodafinilonline.com\/es\/#\/schema\/logo\/image\/","url":"https:\/\/buymodafinilonline.com\/wp-content\/uploads\/2020\/04\/logo-buy-modafinil-online-yellow.png","contentUrl":"https:\/\/buymodafinilonline.com\/wp-content\/uploads\/2020\/04\/logo-buy-modafinil-online-yellow.png","width":200,"height":200,"caption":"BuyModafinilOnline"},"image":{"@id":"https:\/\/buymodafinilonline.com\/es\/#\/schema\/logo\/image\/"}}]}},"_links":{"self":[{"href":"https:\/\/buymodafinilonline.com\/es\/wp-json\/wp\/v2\/pages\/401673","targetHints":{"allow":["GET"]}}],"collection":[{"href":"https:\/\/buymodafinilonline.com\/es\/wp-json\/wp\/v2\/pages"}],"about":[{"href":"https:\/\/buymodafinilonline.com\/es\/wp-json\/wp\/v2\/types\/page"}],"author":[{"embeddable":true,"href":"https:\/\/buymodafinilonline.com\/es\/wp-json\/wp\/v2\/users\/1"}],"replies":[{"embeddable":true,"href":"https:\/\/buymodafinilonline.com\/es\/wp-json\/wp\/v2\/comments?post=401673"}],"version-history":[{"count":0,"href":"https:\/\/buymodafinilonline.com\/es\/wp-json\/wp\/v2\/pages\/401673\/revisions"}],"wp:attachment":[{"href":"https:\/\/buymodafinilonline.com\/es\/wp-json\/wp\/v2\/media?parent=401673"}],"curies":[{"name":"wp","href":"https:\/\/api.w.org\/{rel}","templated":true}]}}