{"id":402448,"date":"2020-05-11T21:57:27","date_gmt":"2020-05-11T20:57:27","guid":{"rendered":"https:\/\/buymodafinilonline.com\/preguntas-frecuentes-sobre-el-envio\/"},"modified":"2021-03-15T13:34:47","modified_gmt":"2021-03-15T12:34:47","slug":"mejor-proveedor-espana","status":"publish","type":"page","link":"https:\/\/buymodafinilonline.com\/es\/mejor-proveedor-espana\/","title":{"rendered":"Encuentra el mejor proveedor de modafinilo en Espa\u00f1a"},"content":{"rendered":"\t\t<div data-elementor-type=\"wp-page\" data-elementor-id=\"402448\" class=\"elementor elementor-402448 elementor-395582\" data-elementor-post-type=\"page\">\n\t\t\t\t\t\t<section class=\"elementor-section elementor-top-section elementor-element elementor-element-55b16352 elementor-section-boxed elementor-section-height-default elementor-section-height-default\" data-id=\"55b16352\" data-element_type=\"section\" data-e-type=\"section\">\n\t\t\t\t\t\t<div class=\"elementor-container elementor-column-gap-default\">\n\t\t\t\t\t<div class=\"elementor-column elementor-col-100 elementor-top-column elementor-element elementor-element-2e8f577c\" data-id=\"2e8f577c\" data-element_type=\"column\" data-e-type=\"column\">\n\t\t\t<div class=\"elementor-widget-wrap elementor-element-populated\">\n\t\t\t\t\t\t<div class=\"elementor-element elementor-element-1b15c47 elementor-widget elementor-widget-spacer\" data-id=\"1b15c47\" data-element_type=\"widget\" data-e-type=\"widget\" data-widget_type=\"spacer.default\">\n\t\t\t\t\t\t\t<div class=\"elementor-spacer\">\n\t\t\t<div class=\"elementor-spacer-inner\"><\/div>\n\t\t<\/div>\n\t\t\t\t\t\t<\/div>\n\t\t\t\t<div class=\"elementor-element elementor-element-6e83962a elementor-headline--style-highlight elementor-widget elementor-widget-animated-headline\" data-id=\"6e83962a\" data-element_type=\"widget\" data-e-type=\"widget\" data-settings=\"{&quot;highlighted_text&quot;:&quot;modafinilo r\\u00e1pido&quot;,&quot;headline_style&quot;:&quot;highlight&quot;,&quot;marker&quot;:&quot;circle&quot;,&quot;loop&quot;:&quot;yes&quot;,&quot;highlight_animation_duration&quot;:1200,&quot;highlight_iteration_delay&quot;:8000}\" data-widget_type=\"animated-headline.default\">\n\t\t\t\t\t\t\t<h1 class=\"elementor-headline\">\n\t\t\t\t\t<span class=\"elementor-headline-plain-text elementor-headline-text-wrapper\">Enviamos <\/span>\n\t\t\t\t<span class=\"elementor-headline-dynamic-wrapper elementor-headline-text-wrapper\">\n\t\t\t\t\t<span class=\"elementor-headline-dynamic-text elementor-headline-text-active\">modafinilo r\u00e1pido<\/span>\n\t\t\t\t<\/span>\n\t\t\t\t\t<span class=\"elementor-headline-plain-text elementor-headline-text-wrapper\">a \ud83c\uddea\ud83c\uddf8 Espa\u00f1a, a todos los pa\u00edses \ud83c\uddea\ud83c\uddfa de la UE y a todo el mundo<\/span>\n\t\t\t\t\t<\/h1>\n\t\t\t\t\t\t<\/div>\n\t\t\t\t<div class=\"elementor-element elementor-element-5e9de38a elementor-widget elementor-widget-text-editor\" data-id=\"5e9de38a\" data-element_type=\"widget\" data-e-type=\"widget\" data-widget_type=\"text-editor.default\">\n\t\t\t\t\t\t\t\t\t<p style=\"text-align: center;\"><p style=\"text-align: center;\">El env\u00edo de modafinilo a clientes de \ud83c\uddea\ud83c\uddf8 Espa\u00f1a y de los pa\u00edses de la\u00a0\ud83c\uddea\ud83c\uddfa UE requiere gastos adicionales de nuestra parte, como almacenes con sede en Polonia y Hungr\u00eda (miembros de la Uni\u00f3n Aduanera de la Uni\u00f3n Europea) para evitar cualquier control aduanero, el impuesto de aduanas al importar medicamentos con receta a la zona de la UE y m\u00e1s personal. Debido a estas razones, los precios del modafinilo para Europa son m\u00e1s altos. La tarifa de env\u00edo a la UE incluye todos estos costos y se calcula de la siguiente manera: 49 \u20ac\u00a0m\u00e1s un 50% adicional al costo del producto. Lamentablemente, no podemos ofrecer env\u00edo gratuito a la UE ni descuentos en la tarifa de env\u00edo de la UE.<\/p>\r\n<p style=\"text-align: center;\">Adem\u00e1s, puede intentar registrarse en el servicio de reenv\u00edo de Skypax, que es un servicio de reenv\u00edo de paquetes que le permite realizar un pedido a su direcci\u00f3n en el Reino Unido y luego reenviar el paquete a su pa\u00eds de la UE por su cuenta. En este caso, m\u00e1s del 80% de los paquetes llegan sin problemas a la aduana de la UE.<\/p>\r\n<p style=\"text-align: center;\">Nuestro proceso de env\u00edo se centra m\u00e1s en la facilidad de transporte de sus paquetes a trav\u00e9s de los sistemas postales que en la velocidad general. Un paquete bien enviado que no necesita ser reenviado casi siempre llegar\u00e1 antes que uno que ha pasado r\u00e1pidamente por el sistema postal. Si su pedido se detiene durante m\u00e1s de 15 d\u00edas h\u00e1biles, le enviaremos un reenv\u00edo gratuito. Esto no es autom\u00e1tico, cont\u00e1ctanos.<\/p>\r\n<p style=\"text-align: center;\">Si su pedido no llega a usted por alguna raz\u00f3n que no sea algo como que nos haya dado una direcci\u00f3n de env\u00edo incorrecta, o no estar en casa para recibir su entrega, lo reenviaremos sin dudarlo. Todos los paquetes est\u00e1n empaquetados en un empaque discreto e indescriptible y no pueden devolverse al remitente.<\/p><\/p>\n\t\t\t\t\t\t\t\t<\/div>\n\t\t\t\t\t<\/div>\n\t\t<\/div>\n\t\t\t\t\t<\/div>\n\t\t<\/section>\n\t\t\t\t<section class=\"elementor-section elementor-top-section elementor-element elementor-element-62c08cd elementor-section-boxed elementor-section-height-default elementor-section-height-default\" data-id=\"62c08cd\" data-element_type=\"section\" data-e-type=\"section\">\n\t\t\t\t\t\t<div class=\"elementor-container elementor-column-gap-default\">\n\t\t\t\t\t<div class=\"elementor-column elementor-col-100 elementor-top-column elementor-element elementor-element-8614b19\" data-id=\"8614b19\" data-element_type=\"column\" data-e-type=\"column\">\n\t\t\t<div class=\"elementor-widget-wrap elementor-element-populated\">\n\t\t\t\t\t\t<div class=\"elementor-element elementor-element-51128c6 elementor-widget elementor-widget-text-editor\" data-id=\"51128c6\" data-element_type=\"widget\" data-e-type=\"widget\" data-widget_type=\"text-editor.default\">\n\t\t\t\t\t\t\t\t\t<p>[vc_column width=&#8221;1\/2&#8243;]\r\n<p>Todas nuestras marcas gen\u00e9ricas de modafinilo se fabrican en la India y se env\u00edan primero a nuestro almac\u00e9n en la UE (Polonia y Alemania), donde empaquetamos todos los pedidos y luego los enviamos a los pa\u00edses europeos.<\/p>\r\n<p>Enviamos el 95 % de los paquetes de la UE desde Polonia y Alemania, ya que el env\u00edo desde all\u00ed es mucho m\u00e1s r\u00e1pido que en la India y no hay control fronterizo entre los pa\u00edses de la UE, por lo que su paquete le llegar\u00e1 sin ning\u00fan problema, ya que no pasa por la aduana. . Como utilizamos nuestros m\u00e9todos de enrutamiento y env\u00edo de paquetes dise\u00f1ados exclusivamente, el env\u00edo a la UE demora un promedio de 7 a 12 d\u00edas.<\/p>\r\n<h4>Enviamos modafinilo r\u00e1pida y directamente<\/h4>\r\n<p>Ahora enviamos modafinilo gen\u00e9rico a \ud83c\uddea\ud83c\uddf8 Espa\u00f1a y toda Europa desde nuestro almac\u00e9n en la UE para evitar problemas de aduanas con una entrega 100 % garantizada, y tambi\u00e9n entregamos con \u00e9xito paquetes a \ud83c\uddfa\ud83c\uddf8 Estados Unidos, Reino Unido y \ud83c\udde6\ud83c\uddfa Australia se env\u00eda directamente desde nuestros fabricantes en India y almacenes adicionales en Singapur y Dub\u00e1i.<\/p>\r\n<h4>Gastos de env\u00edo<\/h4>\r\n<p>Env\u00edo a la UE \u20ac 49 m\u00e1s 50% del pedido total (no hay env\u00edo gratuito disponible)<\/p>\r\n<h4>Encuentre el mejor minorista de modafinilo cerca de usted<\/h4>\r\n<p>Si vive en uno de los siguientes pa\u00edses, <a href=\"\/go\/modworldwide\/\" target=\"_blank\" rel=\"noopener noreferrer\"> use este v\u00ednculo&gt; para encontrar el mejor <\/a> minorista de modafinilo cerca de usted. para ti.<\/p>\r\n<ul>\r\n<li>\ud83c\uddf3\ud83c\uddff Nueva Zelanda;<\/li>\r\n<li>\ud83c\uddf9\ud83c\udded Tailandia.<\/li>\r\n<\/ul>\r\n<p>Por ejemplo, en Europa hay algunos minoristas de modafinilo de renombre que env\u00edan paquetes desde los estados miembros de la UE (Hungr\u00eda, Alemania y Polonia).<\/p>\r\n<p>Actualmente, los oficiales de control de fronteras de la UE tienen el 90% de los paquetes que vienen del extranjero. Por esta raz\u00f3n, comprar modafinilo en minoristas locales y confiables es la \u00fanica opci\u00f3n para quienes viven en Francia, Italia, Alemania, Pa\u00edses Bajos, Espa\u00f1a, Portugal, Suecia, etc.<\/p>\r\n[\/vc_column][vc_column width=&#8221;1\/2&#8243;]\r\n<p>\ud83c\udf0e Se recomienda a otros pa\u00edses con leyes aduaneras estrictas que utilicen un servicio de reenv\u00edo del Reino Unido, como Skypax. Acepta su paquete en su direcci\u00f3n, lo vuelve a empacar y lo etiqueta como &#8220;productos de salud&#8221; si es necesario. Unos d\u00edas despu\u00e9s, reenv\u00eda su nuevo paquete desde su almac\u00e9n del Reino Unido a su pa\u00eds. Normalmente, su paquete demora alrededor de un mes en ser enviado a su direcci\u00f3n de env\u00edo.<\/p>\r\n<p>\r\n\r\n<\/p>\r\n<h4 class=\"wp-block-heading\">Embalaje discreto y garant\u00eda de entrega del 100%<\/h4>\r\n<p>\r\n\r\n<\/p>\r\n<p>BuyModafinilOnline ofrece un embalaje s\u00faper discreto y un env\u00edo r\u00e1pido de modafinilo.<\/p>\r\n<p>\r\n\r\n<\/p>\r\n<p>La declaraci\u00f3n de aduanas se adjuntar\u00e1 a su paquete para proporcionar informaci\u00f3n a las autoridades aduaneras sobre el producto que est\u00e1 importando al pa\u00eds. Debemos adjuntarlo al paquete, lo requiere el C\u00f3digo Postal Internacional.<\/p>\r\n<p>\r\n\r\n<\/p>\r\n<p>Con respecto a su privacidad, etiquetamos todos nuestros productos como suplementos para la salud, y funciona en el 99.9% de los casos. Si usted es el &#8220;tipo con suerte&#8221; y la aduana retrasar\u00e1 su paquete, ser\u00e1 destruido. Pero no se preocupe: volver\u00e1 a enviar su paquete de forma gratuita.<\/p>\r\n<p>\r\n\r\n<\/p>\r\n<p>Es por eso que dividimos los pedidos a granel de m\u00e1s de 300 p\u00edldoras en varios paquetes y los enviamos por separado cada 5-7 d\u00edas.<\/p>\r\n<p>\r\n\r\n<\/p>\r\n<h4 class=\"wp-block-heading\">Reembolsos y reenv\u00edos gratuitos<\/h4>\r\n<p>\r\n\r\n<\/p>\r\n<p>Queremos que tenga una experiencia muy positiva con nosotros.<\/p>\r\n<p>\r\n\r\n<\/p>\r\n<p>La mayor\u00eda de nuestras entregas son sin problemas. En el caso poco probable, si hay un problema con un producto, nuestra pol\u00edtica de reembolso asegura que nuestros clientes est\u00e9n 100% satisfechos con el producto que ordenaron, o que siempre se les devolver\u00e1 el dinero.<\/p>\r\n<p>\r\n\r\n<\/p>\r\n<p>Si su paquete se atasc\u00f3 en la aduana o se pierde, le ofreceremos un reembolso completo o lo reenviaremos de forma gratuita si lo prefiere.<\/p>\r\n<p>\r\n\r\n<\/p>\r\n<h4 class=\"wp-block-heading\">Seguimiento del estado del pedido<\/h4>\r\n<p>\r\n\r\n<\/p>\r\n<p>Podr\u00e1 rastrear su paquete una vez que llegue al pa\u00eds de destino. Visite nuestra p\u00e1gina de preguntas frecuentes sobre seguimiento de pedidos especiales para obtener m\u00e1s informaci\u00f3n.<\/p>\r\n<p>\r\n\r\n<\/p>\r\n<p>Ingrese su n\u00famero de seguimiento a continuaci\u00f3n (por ejemplo, LT105608935SG), haga clic en el bot\u00f3n Rastrear y seleccione Singapore Post para la \u00faltima actualizaci\u00f3n de seguimiento.<\/p>\r\n[\/vc_column]\r\n<p><div class=\"su-divider su-divider-style-default\" style=\"margin:10px 0;border-width:3px;border-color:#ffffff00\"><a href=\"#\" style=\"color:#ffffff009\">.<\/a><\/div><\/p><\/p>\t\t\t\t\t\t\t\t<\/div>\n\t\t\t\t\t<\/div>\n\t\t<\/div>\n\t\t\t\t\t<\/div>\n\t\t<\/section>\n\t\t\t\t<\/div>\n\t\t","protected":false},"excerpt":{"rendered":"<p>Enviamos modafinilo r\u00e1pido a \ud83c\uddea\ud83c\uddf8 Espa\u00f1a, a todos los pa\u00edses \ud83c\uddea\ud83c\uddfa de la UE y a todo el mundo<\/p>\n","protected":false},"author":1,"featured_media":0,"parent":0,"menu_order":0,"comment_status":"closed","ping_status":"closed","template":"elementor_header_footer","meta":{"_acf_changed":false,"footnotes":""},"class_list":["post-402448","page","type-page","status-publish","hentry"],"acf":[],"yoast_head":"<!-- This site is optimized with the Yoast SEO Premium plugin v23.6 (Yoast SEO v27.3) - https:\/\/yoast.com\/product\/yoast-seo-premium-wordpress\/ -->\n<title>Encuentra el mejor proveedor de modafinilo en Espa\u00f1a - BMO<\/title>\n<meta name=\"description\" content=\"Los funcionarios de control fronterizo de la UE detienen el 90% de los paquetes del extranjero. Ccomprar modafinilo de vendedores locales confiables y confiables es la \u00fanica opci\u00f3n si vive en Espa\u00f1a, Francia, Italia, Alemania, los Pa\u00edses Bajos, Portugal, etc.\" \/>\n<meta name=\"robots\" content=\"index, follow, max-snippet:-1, max-image-preview:large, max-video-preview:-1\" \/>\n<link rel=\"canonical\" href=\"https:\/\/buymodafinilonline.com\/es\/mejor-proveedor-espana\/\" \/>\n<meta property=\"og:locale\" content=\"es_ES\" \/>\n<meta property=\"og:type\" content=\"article\" \/>\n<meta property=\"og:title\" content=\"Encuentra el mejor proveedor de modafinilo en Espa\u00f1a\" \/>\n<meta property=\"og:description\" content=\"Los funcionarios de control fronterizo de la UE detienen el 90% de los paquetes del extranjero. Ccomprar modafinilo de vendedores locales confiables y confiables es la \u00fanica opci\u00f3n si vive en Espa\u00f1a, Francia, Italia, Alemania, los Pa\u00edses Bajos, Portugal, etc.\" \/>\n<meta property=\"og:url\" content=\"https:\/\/buymodafinilonline.com\/es\/mejor-proveedor-espana\/\" \/>\n<meta property=\"og:site_name\" content=\"BuyModafinilOnline.com\" \/>\n<meta property=\"article:modified_time\" content=\"2021-03-15T12:34:47+00:00\" \/>\n<script type=\"application\/ld+json\" class=\"yoast-schema-graph\">{\"@context\":\"https:\\\/\\\/schema.org\",\"@graph\":[{\"@type\":\"WebPage\",\"@id\":\"https:\\\/\\\/buymodafinilonline.com\\\/es\\\/mejor-proveedor-espana\\\/\",\"url\":\"https:\\\/\\\/buymodafinilonline.com\\\/es\\\/mejor-proveedor-espana\\\/\",\"name\":\"Encuentra el mejor proveedor de modafinilo en Espa\u00f1a - BMO\",\"isPartOf\":{\"@id\":\"https:\\\/\\\/buymodafinilonline.com\\\/es\\\/#website\"},\"datePublished\":\"2020-05-11T20:57:27+00:00\",\"dateModified\":\"2021-03-15T12:34:47+00:00\",\"description\":\"Los funcionarios de control fronterizo de la UE detienen el 90% de los paquetes del extranjero. Ccomprar modafinilo de vendedores locales confiables y confiables es la \u00fanica opci\u00f3n si vive en Espa\u00f1a, Francia, Italia, Alemania, los Pa\u00edses Bajos, Portugal, etc.\",\"breadcrumb\":{\"@id\":\"https:\\\/\\\/buymodafinilonline.com\\\/es\\\/mejor-proveedor-espana\\\/#breadcrumb\"},\"inLanguage\":\"es\",\"potentialAction\":[{\"@type\":\"ReadAction\",\"target\":[\"https:\\\/\\\/buymodafinilonline.com\\\/es\\\/mejor-proveedor-espana\\\/\"]}]},{\"@type\":\"BreadcrumbList\",\"@id\":\"https:\\\/\\\/buymodafinilonline.com\\\/es\\\/mejor-proveedor-espana\\\/#breadcrumb\",\"itemListElement\":[{\"@type\":\"ListItem\",\"position\":1,\"name\":\"Buy Modafinil Online\",\"item\":\"https:\\\/\\\/buymodafinilonline.com\\\/es\\\/\"},{\"@type\":\"ListItem\",\"position\":2,\"name\":\"Encuentra el mejor proveedor de modafinilo en Espa\u00f1a\"}]},{\"@type\":\"WebSite\",\"@id\":\"https:\\\/\\\/buymodafinilonline.com\\\/es\\\/#website\",\"url\":\"https:\\\/\\\/buymodafinilonline.com\\\/es\\\/\",\"name\":\"BuyModafinilOnline.com\",\"description\":\"Modafinil Online Pharmacy\",\"publisher\":{\"@id\":\"https:\\\/\\\/buymodafinilonline.com\\\/es\\\/#organization\"},\"potentialAction\":[{\"@type\":\"SearchAction\",\"target\":{\"@type\":\"EntryPoint\",\"urlTemplate\":\"https:\\\/\\\/buymodafinilonline.com\\\/es\\\/?s={search_term_string}\"},\"query-input\":{\"@type\":\"PropertyValueSpecification\",\"valueRequired\":true,\"valueName\":\"search_term_string\"}}],\"inLanguage\":\"es\"},{\"@type\":\"Organization\",\"@id\":\"https:\\\/\\\/buymodafinilonline.com\\\/es\\\/#organization\",\"name\":\"BuyModafinilOnline\",\"url\":\"https:\\\/\\\/buymodafinilonline.com\\\/es\\\/\",\"logo\":{\"@type\":\"ImageObject\",\"inLanguage\":\"es\",\"@id\":\"https:\\\/\\\/buymodafinilonline.com\\\/es\\\/#\\\/schema\\\/logo\\\/image\\\/\",\"url\":\"https:\\\/\\\/buymodafinilonline.com\\\/wp-content\\\/uploads\\\/2020\\\/04\\\/logo-buy-modafinil-online-yellow.png\",\"contentUrl\":\"https:\\\/\\\/buymodafinilonline.com\\\/wp-content\\\/uploads\\\/2020\\\/04\\\/logo-buy-modafinil-online-yellow.png\",\"width\":200,\"height\":200,\"caption\":\"BuyModafinilOnline\"},\"image\":{\"@id\":\"https:\\\/\\\/buymodafinilonline.com\\\/es\\\/#\\\/schema\\\/logo\\\/image\\\/\"}}]}<\/script>\n<!-- \/ Yoast SEO Premium plugin. -->","yoast_head_json":{"title":"Encuentra el mejor proveedor de modafinilo en Espa\u00f1a - BMO","description":"Los funcionarios de control fronterizo de la UE detienen el 90% de los paquetes del extranjero. Ccomprar modafinilo de vendedores locales confiables y confiables es la \u00fanica opci\u00f3n si vive en Espa\u00f1a, Francia, Italia, Alemania, los Pa\u00edses Bajos, Portugal, etc.","robots":{"index":"index","follow":"follow","max-snippet":"max-snippet:-1","max-image-preview":"max-image-preview:large","max-video-preview":"max-video-preview:-1"},"canonical":"https:\/\/buymodafinilonline.com\/es\/mejor-proveedor-espana\/","og_locale":"es_ES","og_type":"article","og_title":"Encuentra el mejor proveedor de modafinilo en Espa\u00f1a","og_description":"Los funcionarios de control fronterizo de la UE detienen el 90% de los paquetes del extranjero. Ccomprar modafinilo de vendedores locales confiables y confiables es la \u00fanica opci\u00f3n si vive en Espa\u00f1a, Francia, Italia, Alemania, los Pa\u00edses Bajos, Portugal, etc.","og_url":"https:\/\/buymodafinilonline.com\/es\/mejor-proveedor-espana\/","og_site_name":"BuyModafinilOnline.com","article_modified_time":"2021-03-15T12:34:47+00:00","schema":{"@context":"https:\/\/schema.org","@graph":[{"@type":"WebPage","@id":"https:\/\/buymodafinilonline.com\/es\/mejor-proveedor-espana\/","url":"https:\/\/buymodafinilonline.com\/es\/mejor-proveedor-espana\/","name":"Encuentra el mejor proveedor de modafinilo en Espa\u00f1a - BMO","isPartOf":{"@id":"https:\/\/buymodafinilonline.com\/es\/#website"},"datePublished":"2020-05-11T20:57:27+00:00","dateModified":"2021-03-15T12:34:47+00:00","description":"Los funcionarios de control fronterizo de la UE detienen el 90% de los paquetes del extranjero. Ccomprar modafinilo de vendedores locales confiables y confiables es la \u00fanica opci\u00f3n si vive en Espa\u00f1a, Francia, Italia, Alemania, los Pa\u00edses Bajos, Portugal, etc.","breadcrumb":{"@id":"https:\/\/buymodafinilonline.com\/es\/mejor-proveedor-espana\/#breadcrumb"},"inLanguage":"es","potentialAction":[{"@type":"ReadAction","target":["https:\/\/buymodafinilonline.com\/es\/mejor-proveedor-espana\/"]}]},{"@type":"BreadcrumbList","@id":"https:\/\/buymodafinilonline.com\/es\/mejor-proveedor-espana\/#breadcrumb","itemListElement":[{"@type":"ListItem","position":1,"name":"Buy Modafinil Online","item":"https:\/\/buymodafinilonline.com\/es\/"},{"@type":"ListItem","position":2,"name":"Encuentra el mejor proveedor de modafinilo en Espa\u00f1a"}]},{"@type":"WebSite","@id":"https:\/\/buymodafinilonline.com\/es\/#website","url":"https:\/\/buymodafinilonline.com\/es\/","name":"BuyModafinilOnline.com","description":"Modafinil Online Pharmacy","publisher":{"@id":"https:\/\/buymodafinilonline.com\/es\/#organization"},"potentialAction":[{"@type":"SearchAction","target":{"@type":"EntryPoint","urlTemplate":"https:\/\/buymodafinilonline.com\/es\/?s={search_term_string}"},"query-input":{"@type":"PropertyValueSpecification","valueRequired":true,"valueName":"search_term_string"}}],"inLanguage":"es"},{"@type":"Organization","@id":"https:\/\/buymodafinilonline.com\/es\/#organization","name":"BuyModafinilOnline","url":"https:\/\/buymodafinilonline.com\/es\/","logo":{"@type":"ImageObject","inLanguage":"es","@id":"https:\/\/buymodafinilonline.com\/es\/#\/schema\/logo\/image\/","url":"https:\/\/buymodafinilonline.com\/wp-content\/uploads\/2020\/04\/logo-buy-modafinil-online-yellow.png","contentUrl":"https:\/\/buymodafinilonline.com\/wp-content\/uploads\/2020\/04\/logo-buy-modafinil-online-yellow.png","width":200,"height":200,"caption":"BuyModafinilOnline"},"image":{"@id":"https:\/\/buymodafinilonline.com\/es\/#\/schema\/logo\/image\/"}}]}},"_links":{"self":[{"href":"https:\/\/buymodafinilonline.com\/es\/wp-json\/wp\/v2\/pages\/402448","targetHints":{"allow":["GET"]}}],"collection":[{"href":"https:\/\/buymodafinilonline.com\/es\/wp-json\/wp\/v2\/pages"}],"about":[{"href":"https:\/\/buymodafinilonline.com\/es\/wp-json\/wp\/v2\/types\/page"}],"author":[{"embeddable":true,"href":"https:\/\/buymodafinilonline.com\/es\/wp-json\/wp\/v2\/users\/1"}],"replies":[{"embeddable":true,"href":"https:\/\/buymodafinilonline.com\/es\/wp-json\/wp\/v2\/comments?post=402448"}],"version-history":[{"count":12,"href":"https:\/\/buymodafinilonline.com\/es\/wp-json\/wp\/v2\/pages\/402448\/revisions"}],"predecessor-version":[{"id":416854,"href":"https:\/\/buymodafinilonline.com\/es\/wp-json\/wp\/v2\/pages\/402448\/revisions\/416854"}],"wp:attachment":[{"href":"https:\/\/buymodafinilonline.com\/es\/wp-json\/wp\/v2\/media?parent=402448"}],"curies":[{"name":"wp","href":"https:\/\/api.w.org\/{rel}","templated":true}]}}