{"id":403146,"date":"2020-05-15T21:31:09","date_gmt":"2020-05-15T20:31:09","guid":{"rendered":"https:\/\/buymodafinilonline.com\/la-pastilla-de-sin-limites-nzt-48-modafinilo-en-la-vida-real\/"},"modified":"2020-05-15T21:31:09","modified_gmt":"2020-05-15T20:31:09","slug":"la-pastilla-de-sin-limites-nzt-48-modafinilo-en-la-vida-real","status":"publish","type":"page","link":"https:\/\/buymodafinilonline.com\/es\/la-pastilla-de-sin-limites-nzt-48-modafinilo-en-la-vida-real\/","title":{"rendered":"La pastilla de Sin l\u00edmites NZT-48 (modafinilo) en la vida real"},"content":{"rendered":"<p><img fetchpriority=\"high\" decoding=\"async\" class=\"aligncenter size-full wp-image-399057\" src=\"https:\/\/buymodafinilonline.com\/wp-content\/uploads\/2020\/04\/bmo-featured-limitless.png\" alt=\"El NZT-48 de Sin l\u00edmites y el f\u00e1rmaco real homologado\" width=\"2048\" height=\"1152\" srcset=\"https:\/\/buymodafinilonline.com\/wp-content\/uploads\/2020\/04\/bmo-featured-limitless.png 2048w, https:\/\/buymodafinilonline.com\/wp-content\/uploads\/2020\/04\/bmo-featured-limitless-300x169.png 300w, https:\/\/buymodafinilonline.com\/wp-content\/uploads\/2020\/04\/bmo-featured-limitless-150x84.png 150w, https:\/\/buymodafinilonline.com\/wp-content\/uploads\/2020\/04\/bmo-featured-limitless-800x450.png 800w, https:\/\/buymodafinilonline.com\/wp-content\/uploads\/2020\/04\/bmo-featured-limitless-1024x576.png 1024w, https:\/\/buymodafinilonline.com\/wp-content\/uploads\/2020\/04\/bmo-featured-limitless-768x432.png 768w, https:\/\/buymodafinilonline.com\/wp-content\/uploads\/2020\/04\/bmo-featured-limitless-1536x864.png 1536w\" sizes=\"(max-width: 2048px) 100vw, 2048px\" \/><\/p>\n<p>\u00bfQu\u00e9 porcentaje de nuestra capacidad cerebral utilizamos realmente? Muchos de nosotros creemos que el ser humano solo utiliza un 10 % de la capacidad cerebral. Pero, \u00bfhasta qu\u00e9 punto es cierto este hecho? Los expertos han desmontado este mito afirmando que el porcentaje de capacidad cerebral que utilizamos en un momento dado cambia de una persona a otra <a href=\"https:\/\/www.medicalnewstoday.com\/articles\/321060#improving-brain-function\">[1]<\/a>.<\/p>\n<p>Independientemente de las diferentes teor\u00edas y mitos relacionados con el uso de la capacidad cerebral, hay un hecho que sigue siendo cierto. Una gran cantidad de personas sentir\u00eda curiosidad si existiese una pastilla que permita utilizar el 100 % de nuestra capacidad cerebral.<\/p>\n<p>Esto da pie a la gran pregunta: \u00bfexiste realmente el NZT-48? \u00bfExiste realmente una pastilla que le da poderes sobrehumanos a quienes la toman? Vamos a averiguarlo.<\/p>\n<h2>\u00bfQu\u00e9 es la pastilla NZT-48 de Sin l\u00edmites?<\/h2>\n<p>Si has visto la pel\u00edcula \u201cSin l\u00edmites\u201d, te resultar\u00e1 familiar la historia y el origen del NZT-48. La pel\u00edcula narra la vida de Eddie Morra (Bradley Cooper), un escritor en apuros, desali\u00f1ado y con un rendimiento pobre. Descubre una pastilla misteriosa que estimula su cerebro y transforma su vida radicalmente.<\/p>\n<p>Con solo una dosis al d\u00eda, supera al instante el bloqueo creativo que lo atormentaba y acaba su novela en una noche. Aprende idiomas nuevos a un ritmo fuera del alcance de cualquier otra persona La pastilla tambi\u00e9n le ayuda a analizar datos m\u00e1s r\u00e1pidos que cualquier ordenador, lo que le permite dominar y someter a los mercados burs\u00e1tiles.<\/p>\n<p>B\u00e1sicamente, gracias a esta pastilla Eddie Morra deja de ser un fracasado en apuros y se convierte en un acaudalado ordenador humano.<\/p>\n<p>Es posible que a estas alturas te est\u00e9s preguntando qu\u00e9 es esta pastilla misteriosa. Bueno, no existe ning\u00fan manual real sobre este f\u00e1rmaco Sencillamente se trata de un f\u00e1rmaco que le da poderes sobrenaturales al que lo toma y mejora su capacidad cerebral en un porcentaje significativo, lo mismo que pasa en la pel\u00edcula \u201cSin l\u00edmites\u201d.<\/p>\n<p>El NZT-48 te permite recuperar recuerdos antiguos y relacionarlos con cualquier informaci\u00f3n disponible para solucionar problemas reales. Esta pastilla te ayuda a asimilar informaci\u00f3n y datos y aprender idiomas nuevos a la velocidad de la luz.<\/p>\n<p>Sin embargo, esta pastilla aparentemente \u201cm\u00e1gica\u201d puede tener efectos secundarios graves como, por ejemplo, p\u00e9rdidas de conocimiento prolongadas, etc.<\/p>\n<h2>\u00bfExiste este nootr\u00f3pico de verdad?<\/h2>\n<p>Si has visto la pel\u00edcula, probablemente te hayas metido en Internet o hayas ido a la farmacia para averiguar si este medicamento existe de verdad. Lamentablemente, no hay ninguna pastilla de NZT-48 homologada, a pesar del hecho de que en Internet circulan varios productos falsos con ese nombre. No es m\u00e1s que un f\u00e1rmaco ficticio que solo existe en la pel\u00edcula \u201cSin l\u00edmites\u201d.<\/p>\n<p><img decoding=\"async\" class=\"aligncenter wp-image-403147 size-full\" title=\"Bradley Cooper en la pel\u00edcula Sin l\u00edmites - BuyModafinilOnline\" src=\"https:\/\/buymodafinilonline.com\/wp-content\/uploads\/2020\/04\/bradley-cooper-in-limitless-movie.png\" alt=\"Bradley Cooper en la pel\u00edcula Sin l\u00edmites\" width=\"848\" height=\"477\" srcset=\"https:\/\/buymodafinilonline.com\/wp-content\/uploads\/2020\/04\/bradley-cooper-in-limitless-movie.png 848w, https:\/\/buymodafinilonline.com\/wp-content\/uploads\/2020\/04\/bradley-cooper-in-limitless-movie-300x169.png 300w, https:\/\/buymodafinilonline.com\/wp-content\/uploads\/2020\/04\/bradley-cooper-in-limitless-movie-150x84.png 150w, https:\/\/buymodafinilonline.com\/wp-content\/uploads\/2020\/04\/bradley-cooper-in-limitless-movie-800x450.png 800w, https:\/\/buymodafinilonline.com\/wp-content\/uploads\/2020\/04\/bradley-cooper-in-limitless-movie-768x432.png 768w\" sizes=\"(max-width: 848px) 100vw, 848px\" \/><\/p>\n<p>Sin embargo, esto no significa que no puedas dejar volar tu imaginaci\u00f3n. \u00bfEs posible que alg\u00fan d\u00eda se invente esta pastilla? \u00bfExiste alguna alternativa a esta pastilla m\u00e1gica? Actualmente, han surgido varios nootr\u00f3picos y f\u00e1rmacos inteligentes. Estos f\u00e1rmacos mejoran la funci\u00f3n cognitiva del usuario aumentando su capacidad de atenci\u00f3n y concentraci\u00f3n.<\/p>\n<p>Sin embargo, ninguno tiene unos efectos de la magnitud de la pastilla NZT-48 de Sin l\u00edmites. De hecho, los efectos de esta pastilla solo se podr\u00edan conseguir con nada menos que un milagro o un salto cualitativo en biotecnolog\u00eda.<\/p>\n<h2>\u00bfEs posible que alg\u00fan d\u00eda se invente el NZT-48?<\/h2>\n<p>Si bien todav\u00eda no existe el NZT-48, mucha gente cree que habr\u00eda que inventarlo. Mucha gente se pregunta si alg\u00fan d\u00eda existir\u00e1 la pastilla de Sin l\u00edmites. En la actualidad, resulta f\u00e1cil ver diferentes avances en el \u00e1mbito de la biolog\u00eda y de la tecnolog\u00eda y, l\u00f3gicamente, en la disciplina que las combina, es decir, la biotecnolog\u00eda.<\/p>\n<p>Por eso, dentro de pocos a\u00f1os veremos muchos m\u00e1s avances e innovaciones. De hecho, el proyecto Neuralink de Elon Musk es una iniciativa muy promotedora. Por incierta que parezca la posibilidad de que se invente una pastilla como la de Sin l\u00edmites, no hay que descartarla por completo.<\/p>\n<h2>Modafinilo: el f\u00e1rmaco real m\u00e1s parecido al NZT<\/h2>\n<p>Ahora ya sabemos que el NZT-48 no tiene ning\u00fan hom\u00f3logo que d\u00e9 el mismo resultado, pero s\u00ed que existen varios f\u00e1rmacos inteligentes parecidos. Entre el aluvi\u00f3n de nootr\u00f3picos que existe actualmente en el mercado farmac\u00e9utico, el modafinilo es el f\u00e1rmaco m\u00e1s parecido al NZT-48. De hecho, se rumorea que el NZT-48 se inspir\u00f3 en el modafinilo.<\/p>\n<p>Algunos f\u00e1rmacos que se comercializan producen un efecto muy sutil en la funci\u00f3n cognitiva, algo que no pasa con el modafinilo. Una sola dosis de este f\u00e1rmaco inteligente mejora considerablemente la funci\u00f3n cognitiva. Si quieres mejorar tu capacidad intelectual, este es tu mejor opci\u00f3n.<\/p>\n<p>El <a href=\"https:\/\/buymodafinilonline.com\/es\/la-verdad-sobre-el-modafinilo\/\">modafinilo<\/a> mejora la lucidez, la capacidad de concentraci\u00f3n y fomenta el estado de vigilia. Tambi\u00e9n aumenta los niveles de dopamina en el cerebro bloqueando los transportadores de dopamina <a href=\"https:\/\/www.ncbi.nlm.nih.gov\/pmc\/articles\/PMC2696807\/\">[2]<\/a>.<\/p>\n<p>Ahora bien, no estamos afirmando que el modafinilo tenga los mismos efectos que el NZT-48 o convierta en superdotados a quienes la toman. Sin embargo, el modafinilo es el f\u00e1rmaco que m\u00e1s se le parece. Y por si fuera poco, mejora la productividad en un porcentaje considerable y permite trabajar m\u00e1s tiempo sin cansancio. Es el f\u00e1rmaco que toman pilotos, analistas, directores ejecutivos y otros profesionales con un trabajo que requiere altos niveles de lucidez y concentraci\u00f3n durante muchas horas seguidas.<\/p>\n<h2>\u00bfEs seguro el modafinilo?<\/h2>\n<p>Lo que m\u00e1s preocupa a los consumidores de un <a href=\"https:\/\/buymodafinilonline.com\/es\/tienda\/\">f\u00e1rmaco inteligente<\/a> como el modafinilo es la seguridad. Las personas no iniciadas en este f\u00e1rmaco se suelen preguntar si es un medicamento seguro.<\/p>\n<p><img decoding=\"async\" class=\"aligncenter wp-image-403154 size-full\" title=\"F\u00e1rmacos de modafinilo seguros - BuyModafinilOnline\" src=\"https:\/\/buymodafinilonline.com\/wp-content\/uploads\/2020\/04\/safe-modafinil-drugs.png\" alt=\"F\u00e1rmacos de modafinilo seguros\" width=\"1000\" height=\"667\" srcset=\"https:\/\/buymodafinilonline.com\/wp-content\/uploads\/2020\/04\/safe-modafinil-drugs.png 1000w, https:\/\/buymodafinilonline.com\/wp-content\/uploads\/2020\/04\/safe-modafinil-drugs-300x200.png 300w, https:\/\/buymodafinilonline.com\/wp-content\/uploads\/2020\/04\/safe-modafinil-drugs-150x100.png 150w, https:\/\/buymodafinilonline.com\/wp-content\/uploads\/2020\/04\/safe-modafinil-drugs-800x534.png 800w, https:\/\/buymodafinilonline.com\/wp-content\/uploads\/2020\/04\/safe-modafinil-drugs-768x512.png 768w\" sizes=\"(max-width: 1000px) 100vw, 1000px\" \/><\/p>\n<p>Si se toma correctamente (seg\u00fan la dosis adecuada), el modafinilo es totalmente seguro. Sin embargo, al igual que cualquier otro medicamento, puede provocar una serie de efectos secundarios como, por ejemplo, dolor de cabeza, somnolencia, n\u00e1useas y, en algunos casos, ansiedad <a href=\"https:\/\/www.alzdiscovery.org\/cognitive-vitality\/ratings\/modafinil\">[3]<\/a>.<\/p>\n<p>Del mismo modo, es posible que no puedas tomar modafinilo, sobre todo si tienes alg\u00fan problema de salud o est\u00e1s tomando determinados medicamentos. Por este motivo, es muy recomendable consultar con un m\u00e9dico antes de comprarlo o tomarlo.<\/p>\n<h2>\u00bfQu\u00e9 cabe esperar cuando se toma?<\/h2>\n<p>Si te est\u00e1s planteando tomar modafinilo, esto es lo que te espera. En primer lugar, notar\u00e1s una mejora de las funciones cognitivas. Adem\u00e1s de estar m\u00e1s despierto, poco despu\u00e9s de tomarte la pastilla tambi\u00e9n tendr\u00e1s la sensaci\u00f3n de que te puedes comer el mundo. De hecho, se puede decir que el modafinilo convierte a los usuarios en \u201cm\u00e1quinas\u201d eficientes en el trabajo o en los estudios. Aumenta la productividad y la eficacia en un porcentaje considerable. Quienes la toman son capaces de hacer m\u00e1s cosas en menos tiempo.<\/p>\n<p>No debemos olvidar que este f\u00e1rmaco inteligente tambi\u00e9n mejora el estado de vigilia. Por lo tanto, ya no tendr\u00e1s que preocuparte por quedarte dormido en el trabajo.<\/p>\n<p>Sin embargo, de igual forma que esperas que el modafinilo tenga estos efectos positivos, tambi\u00e9n debes tener en cuenta algunas desventajas. El modafinilo puede tener efectos secundarios de car\u00e1cter leve a grave en algunas personas.<\/p>\n<h2>\u00bfD\u00f3nde puedo comprar modafinilo online autorizado sin receta m\u00e9dica?<\/h2>\n<p>Comprar modafinilo en una farmacia convencional es muy f\u00e1cil si tienes una receta m\u00e9dica. Sin embargo, muchas personas no suelen tener la receta de este f\u00e1rmaco inteligente y no lo pueden conseguir. Pero eso era antes. Actualmente, en las farmacias online se puede comprar modafinilo sin receta m\u00e9dica.<\/p>\n<p>Aunque las farmacias online facilitan a los usuarios la compra de modafinilo y otros medicamentos sin receta m\u00e9dica, resulta dif\u00edcil encontrar una que sea de confianza. Por suerte, la nuestra es una de ellas.<\/p>\n<p>Si est\u00e1s buscando un sitio donde comprar modafinilo online con todas las garant\u00edas, est\u00e1s en el lugar indicado. En <a href=\"https:\/\/buymodafinilonline.com\/es\/\">BuyModafinilOnline<\/a> solo ofrecemos medicamentos aut\u00e9nticos de marcas serias (<a href=\"https:\/\/buymodafinilonline.com\/smart-drugs\/modalert-200-mg-tablets\/\">Modalert<\/a>, <a href=\"https:\/\/buymodafinilonline.com\/smart-drugs\/modawake-200-mg-tablets\/\">Modawake<\/a>, <a href=\"https:\/\/buymodafinilonline.com\/smart-drugs\/modaheal-200-mg-tablets\/\">Modaheal<\/a>, <a href=\"https:\/\/buymodafinilonline.com\/smart-drugs\/modafil-md-200-mg-tablets\/\">Modafil MD<\/a>, <a href=\"https:\/\/buymodafinilonline.com\/es\/farmacos-inteligentes\/modafresh-200-mg\/\">Modafresh<\/a>, etc.). Y por si fuera poco, vendemos estos f\u00e1rmacos a precios realmente asequibles, lo que permite a nuestros clientes comprarlos f\u00e1cilmente sin asumir grandes desembolsos.<\/p>\n<p>Cuando compres estas pastillas en nuestra farmacia, podr\u00e1s disfrutar de <a href=\"https:\/\/buymodafinilonline.com\/es\/paga-con-bitcoin\/\">fabulosos descuentos<\/a> adem\u00e1s de un servicio de env\u00edo eficaz. Solo tienes que hacer un pedido y te lo prepararemos en el acto.<\/p>\n","protected":false},"excerpt":{"rendered":"<p>\u00bfQu\u00e9 porcentaje de nuestra capacidad cerebral utilizamos realmente? Muchos de nosotros creemos que el ser humano solo utiliza un 10 % de la capacidad cerebral. Pero, \u00bfhasta qu\u00e9 punto es cierto este hecho? Los expertos han desmontado este mito afirmando que el porcentaje de capacidad cerebral que utilizamos en un momento dado cambia de una [&hellip;]<\/p>\n","protected":false},"author":1,"featured_media":0,"parent":0,"menu_order":0,"comment_status":"closed","ping_status":"closed","template":"","meta":{"_acf_changed":false,"footnotes":""},"class_list":["post-403146","page","type-page","status-publish","hentry"],"acf":[],"yoast_head":"<!-- This site is optimized with the Yoast SEO Premium plugin v23.6 (Yoast SEO v27.3) - https:\/\/yoast.com\/product\/yoast-seo-premium-wordpress\/ -->\n<title>El NZT-48 de Sin l\u00edmites y el f\u00e1rmaco real homologado - BuyModafinilOnline<\/title>\n<meta name=\"description\" content=\"\u00bfExiste la pastilla NZT-48 de Sin l\u00edmites para estimular la funci\u00f3n cognitiva? \u00bfCu\u00e1l es el nootr\u00f3pico m\u00e1s parecido que existe de verdad? En BuyModafinilOnline te lo contamos todo sobre el NZT 48 y los f\u00e1rmacos inteligentes de modafinilo.\" \/>\n<meta name=\"robots\" content=\"index, follow, max-snippet:-1, max-image-preview:large, max-video-preview:-1\" \/>\n<link rel=\"canonical\" href=\"https:\/\/buymodafinilonline.com\/es\/la-pastilla-de-sin-limites-nzt-48-modafinilo-en-la-vida-real\/\" \/>\n<meta property=\"og:locale\" content=\"es_ES\" \/>\n<meta property=\"og:type\" content=\"article\" \/>\n<meta property=\"og:title\" content=\"La pastilla de Sin l\u00edmites NZT-48 (modafinilo) en la vida real\" \/>\n<meta property=\"og:description\" content=\"\u00bfExiste la pastilla NZT-48 de Sin l\u00edmites para estimular la funci\u00f3n cognitiva? \u00bfCu\u00e1l es el nootr\u00f3pico m\u00e1s parecido que existe de verdad? En BuyModafinilOnline te lo contamos todo sobre el NZT 48 y los f\u00e1rmacos inteligentes de modafinilo.\" \/>\n<meta property=\"og:url\" content=\"https:\/\/buymodafinilonline.com\/es\/la-pastilla-de-sin-limites-nzt-48-modafinilo-en-la-vida-real\/\" \/>\n<meta property=\"og:site_name\" content=\"BuyModafinilOnline.com\" \/>\n<meta property=\"og:image\" content=\"https:\/\/buymodafinilonline.com\/wp-content\/uploads\/2020\/04\/bmo-featured-limitless.png\" \/>\n<meta name=\"twitter:label1\" content=\"Tiempo de lectura\" \/>\n\t<meta name=\"twitter:data1\" content=\"7 minutos\" \/>\n<script type=\"application\/ld+json\" class=\"yoast-schema-graph\">{\"@context\":\"https:\\\/\\\/schema.org\",\"@graph\":[{\"@type\":\"WebPage\",\"@id\":\"https:\\\/\\\/buymodafinilonline.com\\\/es\\\/la-pastilla-de-sin-limites-nzt-48-modafinilo-en-la-vida-real\\\/\",\"url\":\"https:\\\/\\\/buymodafinilonline.com\\\/es\\\/la-pastilla-de-sin-limites-nzt-48-modafinilo-en-la-vida-real\\\/\",\"name\":\"El NZT-48 de Sin l\u00edmites y el f\u00e1rmaco real homologado - BuyModafinilOnline\",\"isPartOf\":{\"@id\":\"https:\\\/\\\/buymodafinilonline.com\\\/es\\\/#website\"},\"primaryImageOfPage\":{\"@id\":\"https:\\\/\\\/buymodafinilonline.com\\\/es\\\/la-pastilla-de-sin-limites-nzt-48-modafinilo-en-la-vida-real\\\/#primaryimage\"},\"image\":{\"@id\":\"https:\\\/\\\/buymodafinilonline.com\\\/es\\\/la-pastilla-de-sin-limites-nzt-48-modafinilo-en-la-vida-real\\\/#primaryimage\"},\"thumbnailUrl\":\"https:\\\/\\\/buymodafinilonline.com\\\/wp-content\\\/uploads\\\/2020\\\/04\\\/bmo-featured-limitless.png\",\"datePublished\":\"2020-05-15T20:31:09+00:00\",\"description\":\"\u00bfExiste la pastilla NZT-48 de Sin l\u00edmites para estimular la funci\u00f3n cognitiva? \u00bfCu\u00e1l es el nootr\u00f3pico m\u00e1s parecido que existe de verdad? En BuyModafinilOnline te lo contamos todo sobre el NZT 48 y los f\u00e1rmacos inteligentes de modafinilo.\",\"breadcrumb\":{\"@id\":\"https:\\\/\\\/buymodafinilonline.com\\\/es\\\/la-pastilla-de-sin-limites-nzt-48-modafinilo-en-la-vida-real\\\/#breadcrumb\"},\"inLanguage\":\"es\",\"potentialAction\":[{\"@type\":\"ReadAction\",\"target\":[\"https:\\\/\\\/buymodafinilonline.com\\\/es\\\/la-pastilla-de-sin-limites-nzt-48-modafinilo-en-la-vida-real\\\/\"]}]},{\"@type\":\"ImageObject\",\"inLanguage\":\"es\",\"@id\":\"https:\\\/\\\/buymodafinilonline.com\\\/es\\\/la-pastilla-de-sin-limites-nzt-48-modafinilo-en-la-vida-real\\\/#primaryimage\",\"url\":\"https:\\\/\\\/buymodafinilonline.com\\\/wp-content\\\/uploads\\\/2020\\\/04\\\/bmo-featured-limitless.png\",\"contentUrl\":\"https:\\\/\\\/buymodafinilonline.com\\\/wp-content\\\/uploads\\\/2020\\\/04\\\/bmo-featured-limitless.png\"},{\"@type\":\"BreadcrumbList\",\"@id\":\"https:\\\/\\\/buymodafinilonline.com\\\/es\\\/la-pastilla-de-sin-limites-nzt-48-modafinilo-en-la-vida-real\\\/#breadcrumb\",\"itemListElement\":[{\"@type\":\"ListItem\",\"position\":1,\"name\":\"Buy Modafinil Online\",\"item\":\"https:\\\/\\\/buymodafinilonline.com\\\/es\\\/\"},{\"@type\":\"ListItem\",\"position\":2,\"name\":\"La pastilla de Sin l\u00edmites NZT-48 (modafinilo) en la vida real\"}]},{\"@type\":\"WebSite\",\"@id\":\"https:\\\/\\\/buymodafinilonline.com\\\/es\\\/#website\",\"url\":\"https:\\\/\\\/buymodafinilonline.com\\\/es\\\/\",\"name\":\"BuyModafinilOnline.com\",\"description\":\"Modafinil Online Pharmacy\",\"publisher\":{\"@id\":\"https:\\\/\\\/buymodafinilonline.com\\\/es\\\/#organization\"},\"potentialAction\":[{\"@type\":\"SearchAction\",\"target\":{\"@type\":\"EntryPoint\",\"urlTemplate\":\"https:\\\/\\\/buymodafinilonline.com\\\/es\\\/?s={search_term_string}\"},\"query-input\":{\"@type\":\"PropertyValueSpecification\",\"valueRequired\":true,\"valueName\":\"search_term_string\"}}],\"inLanguage\":\"es\"},{\"@type\":\"Organization\",\"@id\":\"https:\\\/\\\/buymodafinilonline.com\\\/es\\\/#organization\",\"name\":\"BuyModafinilOnline\",\"url\":\"https:\\\/\\\/buymodafinilonline.com\\\/es\\\/\",\"logo\":{\"@type\":\"ImageObject\",\"inLanguage\":\"es\",\"@id\":\"https:\\\/\\\/buymodafinilonline.com\\\/es\\\/#\\\/schema\\\/logo\\\/image\\\/\",\"url\":\"https:\\\/\\\/buymodafinilonline.com\\\/wp-content\\\/uploads\\\/2020\\\/04\\\/logo-buy-modafinil-online-yellow.png\",\"contentUrl\":\"https:\\\/\\\/buymodafinilonline.com\\\/wp-content\\\/uploads\\\/2020\\\/04\\\/logo-buy-modafinil-online-yellow.png\",\"width\":200,\"height\":200,\"caption\":\"BuyModafinilOnline\"},\"image\":{\"@id\":\"https:\\\/\\\/buymodafinilonline.com\\\/es\\\/#\\\/schema\\\/logo\\\/image\\\/\"}}]}<\/script>\n<!-- \/ Yoast SEO Premium plugin. -->","yoast_head_json":{"title":"El NZT-48 de Sin l\u00edmites y el f\u00e1rmaco real homologado - BuyModafinilOnline","description":"\u00bfExiste la pastilla NZT-48 de Sin l\u00edmites para estimular la funci\u00f3n cognitiva? \u00bfCu\u00e1l es el nootr\u00f3pico m\u00e1s parecido que existe de verdad? En BuyModafinilOnline te lo contamos todo sobre el NZT 48 y los f\u00e1rmacos inteligentes de modafinilo.","robots":{"index":"index","follow":"follow","max-snippet":"max-snippet:-1","max-image-preview":"max-image-preview:large","max-video-preview":"max-video-preview:-1"},"canonical":"https:\/\/buymodafinilonline.com\/es\/la-pastilla-de-sin-limites-nzt-48-modafinilo-en-la-vida-real\/","og_locale":"es_ES","og_type":"article","og_title":"La pastilla de Sin l\u00edmites NZT-48 (modafinilo) en la vida real","og_description":"\u00bfExiste la pastilla NZT-48 de Sin l\u00edmites para estimular la funci\u00f3n cognitiva? \u00bfCu\u00e1l es el nootr\u00f3pico m\u00e1s parecido que existe de verdad? En BuyModafinilOnline te lo contamos todo sobre el NZT 48 y los f\u00e1rmacos inteligentes de modafinilo.","og_url":"https:\/\/buymodafinilonline.com\/es\/la-pastilla-de-sin-limites-nzt-48-modafinilo-en-la-vida-real\/","og_site_name":"BuyModafinilOnline.com","og_image":[{"url":"https:\/\/buymodafinilonline.com\/wp-content\/uploads\/2020\/04\/bmo-featured-limitless.png","type":"","width":"","height":""}],"twitter_misc":{"Tiempo de lectura":"7 minutos"},"schema":{"@context":"https:\/\/schema.org","@graph":[{"@type":"WebPage","@id":"https:\/\/buymodafinilonline.com\/es\/la-pastilla-de-sin-limites-nzt-48-modafinilo-en-la-vida-real\/","url":"https:\/\/buymodafinilonline.com\/es\/la-pastilla-de-sin-limites-nzt-48-modafinilo-en-la-vida-real\/","name":"El NZT-48 de Sin l\u00edmites y el f\u00e1rmaco real homologado - BuyModafinilOnline","isPartOf":{"@id":"https:\/\/buymodafinilonline.com\/es\/#website"},"primaryImageOfPage":{"@id":"https:\/\/buymodafinilonline.com\/es\/la-pastilla-de-sin-limites-nzt-48-modafinilo-en-la-vida-real\/#primaryimage"},"image":{"@id":"https:\/\/buymodafinilonline.com\/es\/la-pastilla-de-sin-limites-nzt-48-modafinilo-en-la-vida-real\/#primaryimage"},"thumbnailUrl":"https:\/\/buymodafinilonline.com\/wp-content\/uploads\/2020\/04\/bmo-featured-limitless.png","datePublished":"2020-05-15T20:31:09+00:00","description":"\u00bfExiste la pastilla NZT-48 de Sin l\u00edmites para estimular la funci\u00f3n cognitiva? \u00bfCu\u00e1l es el nootr\u00f3pico m\u00e1s parecido que existe de verdad? En BuyModafinilOnline te lo contamos todo sobre el NZT 48 y los f\u00e1rmacos inteligentes de modafinilo.","breadcrumb":{"@id":"https:\/\/buymodafinilonline.com\/es\/la-pastilla-de-sin-limites-nzt-48-modafinilo-en-la-vida-real\/#breadcrumb"},"inLanguage":"es","potentialAction":[{"@type":"ReadAction","target":["https:\/\/buymodafinilonline.com\/es\/la-pastilla-de-sin-limites-nzt-48-modafinilo-en-la-vida-real\/"]}]},{"@type":"ImageObject","inLanguage":"es","@id":"https:\/\/buymodafinilonline.com\/es\/la-pastilla-de-sin-limites-nzt-48-modafinilo-en-la-vida-real\/#primaryimage","url":"https:\/\/buymodafinilonline.com\/wp-content\/uploads\/2020\/04\/bmo-featured-limitless.png","contentUrl":"https:\/\/buymodafinilonline.com\/wp-content\/uploads\/2020\/04\/bmo-featured-limitless.png"},{"@type":"BreadcrumbList","@id":"https:\/\/buymodafinilonline.com\/es\/la-pastilla-de-sin-limites-nzt-48-modafinilo-en-la-vida-real\/#breadcrumb","itemListElement":[{"@type":"ListItem","position":1,"name":"Buy Modafinil Online","item":"https:\/\/buymodafinilonline.com\/es\/"},{"@type":"ListItem","position":2,"name":"La pastilla de Sin l\u00edmites NZT-48 (modafinilo) en la vida real"}]},{"@type":"WebSite","@id":"https:\/\/buymodafinilonline.com\/es\/#website","url":"https:\/\/buymodafinilonline.com\/es\/","name":"BuyModafinilOnline.com","description":"Modafinil Online Pharmacy","publisher":{"@id":"https:\/\/buymodafinilonline.com\/es\/#organization"},"potentialAction":[{"@type":"SearchAction","target":{"@type":"EntryPoint","urlTemplate":"https:\/\/buymodafinilonline.com\/es\/?s={search_term_string}"},"query-input":{"@type":"PropertyValueSpecification","valueRequired":true,"valueName":"search_term_string"}}],"inLanguage":"es"},{"@type":"Organization","@id":"https:\/\/buymodafinilonline.com\/es\/#organization","name":"BuyModafinilOnline","url":"https:\/\/buymodafinilonline.com\/es\/","logo":{"@type":"ImageObject","inLanguage":"es","@id":"https:\/\/buymodafinilonline.com\/es\/#\/schema\/logo\/image\/","url":"https:\/\/buymodafinilonline.com\/wp-content\/uploads\/2020\/04\/logo-buy-modafinil-online-yellow.png","contentUrl":"https:\/\/buymodafinilonline.com\/wp-content\/uploads\/2020\/04\/logo-buy-modafinil-online-yellow.png","width":200,"height":200,"caption":"BuyModafinilOnline"},"image":{"@id":"https:\/\/buymodafinilonline.com\/es\/#\/schema\/logo\/image\/"}}]}},"_links":{"self":[{"href":"https:\/\/buymodafinilonline.com\/es\/wp-json\/wp\/v2\/pages\/403146","targetHints":{"allow":["GET"]}}],"collection":[{"href":"https:\/\/buymodafinilonline.com\/es\/wp-json\/wp\/v2\/pages"}],"about":[{"href":"https:\/\/buymodafinilonline.com\/es\/wp-json\/wp\/v2\/types\/page"}],"author":[{"embeddable":true,"href":"https:\/\/buymodafinilonline.com\/es\/wp-json\/wp\/v2\/users\/1"}],"replies":[{"embeddable":true,"href":"https:\/\/buymodafinilonline.com\/es\/wp-json\/wp\/v2\/comments?post=403146"}],"version-history":[{"count":0,"href":"https:\/\/buymodafinilonline.com\/es\/wp-json\/wp\/v2\/pages\/403146\/revisions"}],"wp:attachment":[{"href":"https:\/\/buymodafinilonline.com\/es\/wp-json\/wp\/v2\/media?parent=403146"}],"curies":[{"name":"wp","href":"https:\/\/api.w.org\/{rel}","templated":true}]}}