{"id":399498,"date":"2020-03-23T19:42:04","date_gmt":"2020-03-23T18:42:04","guid":{"rendered":"https:\/\/buymodafinilonline.com\/smart-drugs\/modvigil-200-mg\/"},"modified":"2025-12-03T11:55:32","modified_gmt":"2025-12-03T10:55:32","slug":"modvigil-200-mg","status":"publish","type":"product","link":"https:\/\/buymodafinilonline.com\/es\/farmacos-inteligentes\/modvigil-200-mg\/","title":{"rendered":"Modvigil 200 mg"},"content":{"rendered":"[vc_column width=&#8221;1\/2&#8243;]\n<div class=\"su-divider su-divider-style-default\" style=\"margin:10px 0;border-width:3px;border-color:#ffffff00\"><a href=\"#\" style=\"color:#ffffff009\">.<\/a><\/div>\n<h2>\u00bfQu\u00e9 es Modvigil 200 mg?<\/h2>\n<div class=\"su-divider su-divider-style-default\" style=\"margin:10px 0;border-width:3px;border-color:#ffffff00\"><a href=\"#\" style=\"color:#ffffff009\">.<\/a><\/div>\nDicho de una forma sencilla, Modvigil es una forma gen\u00e9rica de modafinilo fabricada por HAB Pharmaceuticals. Se utiliza principalmente para favorecer el estado de vigilia y alerta en pacientes que padecen somnolencia diurna.<\/p>\n<p>Normalmente, los pacientes narcol\u00e9pticos o las personas que padecen apnea obstructiva del sue\u00f1o o trastorno del sue\u00f1o a causa del trabajo por turnos suelen tener dificultades para estar despiertos. Afortunadamente, este comprimido puede ayudarles a mejorar el estado de vigilia y mantenerse despiertos f\u00edsica y mentalmente. Del mismo modo, una gran cantidad de estudiantes toma Modvigil para mejorar sus h\u00e1bitos de estudio y rendimiento cognitivo.<\/p>\n<p>La popularidad de Modvigil ha ido creciendo con el paso del tiempo por su eficacia para mejorar el estado de lucidez. Sin embargo, te recomendamos que consultes a tu m\u00e9dico antes de tomar este medicamento.<\/p>\n<div class=\"su-divider su-divider-style-default\" style=\"margin:10px 0;border-width:3px;border-color:#ffffff00\"><a href=\"#\" style=\"color:#ffffff009\">.<\/a><\/div>\n<h2>C\u00f3mo funcionan los comprimidos<\/h2>\n<div class=\"su-divider su-divider-style-default\" style=\"margin:10px 0;border-width:3px;border-color:#ffffff00\"><a href=\"#\" style=\"color:#ffffff009\">.<\/a><\/div>\nAl igual que muchos otros f\u00e1rmacos inteligentes, el mecanismo de acci\u00f3n de Modvigil no se conoce a\u00fan con total precisi\u00f3n y claridad. Sin embargo, muchos expertos creen que su principio activo (modafinilo) aumenta los niveles de dopamina en el cerebro al reducir su recaptaci\u00f3n en el nervio. Se cree que la dopamina est\u00e1 relacionada con la motivaci\u00f3n, los ciclos de sue\u00f1o\/vigila del organismo y la capacidad humana para concentrarse. Por lo tanto, en esencia, Modvigil favorece el estado de vigilia y concentraci\u00f3n estimulando las zonas del cerebro correspondientes.<\/p>\n<div class=\"su-divider su-divider-style-default\" style=\"margin:10px 0;border-width:3px;border-color:#ffffff00\"><a href=\"#\" style=\"color:#ffffff009\">.<\/a><\/div>\n<h2>Dosis segura y uso adecuado<\/h2>\n<div class=\"su-divider su-divider-style-default\" style=\"margin:10px 0;border-width:3px;border-color:#ffffff00\"><a href=\"#\" style=\"color:#ffffff009\">.<\/a><\/div>\nLa dosis de Modvigil se basa en el problema m\u00e9dico del paciente y la respuesta al tratamiento. Sin embargo, la dosis general recomendada es de 200 mg que deben tomarse una vez al d\u00eda. Si el paciente es narcol\u00e9ptico, deber\u00e1 tomar el f\u00e1rmaco por la ma\u00f1ana. Sin embargo, en el tratamiento del trastorno del sue\u00f1o a causa del trabajo por turnos debe tomarse una hora antes de empezar a trabajar. No tomes varios comprimidos al d\u00eda.<\/p>\n<p>Modvigil 200 mg debe tomarse por v\u00eda oral con un vaso de agua. Se puede tomar con o sin comida, seg\u00fan las preferencias individuales.<\/p>\n<p>Es muy recomendable que consultes a tu m\u00e9dico antes de tomar Modvigil para que compruebe tu estado de salud y asegurarte de que no sea perjudicial para ti.<\/p>\n<div class=\"su-divider su-divider-style-default\" style=\"margin:10px 0;border-width:3px;border-color:#ffffff00\"><a href=\"#\" style=\"color:#ffffff009\">.<\/a><\/div>\n<h2>Posibles efectos secundarios<\/h2>\n<div class=\"su-divider su-divider-style-default\" style=\"margin:10px 0;border-width:3px;border-color:#ffffff00\"><a href=\"#\" style=\"color:#ffffff009\">.<\/a><\/div>\nCuando se toma Modvigil 200 mg (o nootr\u00f3picos en general), es importante estar atento a los efectos secundarios. Modvigil puede provocar los siguientes efectos secundarios habituales:<\/p>\n<div class=\"su-divider su-divider-style-default\" style=\"margin:10px 0;border-width:3px;border-color:#ffffff00\"><a href=\"#\" style=\"color:#ffffff009\">.<\/a><\/div>\n<ul>\n<li>ansiedad;<\/li>\n<li>nerviosismo;<\/li>\n<li>dolores de cabeza;<\/li>\n<li>n\u00e1useas.<\/li>\n<\/ul>\n<div class=\"su-divider su-divider-style-default\" style=\"margin:10px 0;border-width:3px;border-color:#ffffff00\"><a href=\"#\" style=\"color:#ffffff009\">.<\/a><\/div>\nSin embargo, estos efectos secundarios son bastante normales y no es algo por lo que preocuparse. Excepcionalmente, pueden aparecer otros efectos secundarios como los siguientes:<\/p>\n<div class=\"su-divider su-divider-style-default\" style=\"margin:10px 0;border-width:3px;border-color:#ffffff00\"><a href=\"#\" style=\"color:#ffffff009\">.<\/a><\/div>\n<ul>\n<li>sequedad bucal;<\/li>\n<li>diarrea;<\/li>\n<li>estre\u00f1imiento;<\/li>\n<li>v\u00f3mitos;<\/li>\n<li>eructos, etc.<\/li>\n<\/ul>\n<div class=\"su-divider su-divider-style-default\" style=\"margin:10px 0;border-width:3px;border-color:#ffffff00\"><a href=\"#\" style=\"color:#ffffff009\">.<\/a><\/div>\nSi notas efectos secundarios persistentes y graves, acude al m\u00e9dico de inmediato. En algunos casos, Modvigil 200 mg tambi\u00e9n puede provocar mareos. Por ello, las personas que lo toman deben evitar conducir o manejar maquinaria hasta que sepan c\u00f3mo reaccionan a Modvigil.<\/p>\n[\/vc_column][vc_column width=&#8221;1\/2&#8243;]\n<div class=\"su-divider su-divider-style-default\" style=\"margin:10px 0;border-width:3px;border-color:#ffffff00\"><a href=\"#\" style=\"color:#ffffff009\">.<\/a><\/div>\n<h2>Contraindicaciones y precauciones<\/h2>\n<div class=\"su-divider su-divider-style-default\" style=\"margin:10px 0;border-width:3px;border-color:#ffffff00\"><a href=\"#\" style=\"color:#ffffff009\">.<\/a><\/div>\nCuando se toman nootr\u00f3picos o cualquier otro medicamento, es importante evitar las interacciones con otros f\u00e1rmacos. Esto puede reducir la eficacia del medicamento o aumentar el riesgo de aparici\u00f3n de efectos secundarios. Modvigil 200 mg interact\u00faa con varios medicamentos, entre los que se incluyen los siguientes:<\/p>\n<div class=\"su-divider su-divider-style-default\" style=\"margin:10px 0;border-width:3px;border-color:#ffffff00\"><a href=\"#\" style=\"color:#ffffff009\">.<\/a><\/div>\n<ul>\n<li>Eritromicina o ketoconazol. Mezclar Modvigil con eritromicina o ketoconazol puede aumentar el riesgo de aparici\u00f3n de efectos secundarios;<\/li>\n<li>Rifampina o carbamazepina. Estos f\u00e1rmacos pueden reducir la eficacia de Modvigil 200 mg si se administran al mismo tiempo;<\/li>\n<li>Clomipramina. Seg\u00fan los expertos, los efectos secundarios de f\u00e1rmacos como la clomipramina o la desipramina pueden aumentar si se toman en combinaci\u00f3n con Modvigil;<\/li>\n<li>Productos hormonales. La efectividad de los productos hormonales como, por ejemplo, las p\u00edldoras anticonceptivas puede verse reducida si se toman en combinaci\u00f3n con Modvigil.<\/li>\n<\/ul>\n<div class=\"su-divider su-divider-style-default\" style=\"margin:10px 0;border-width:3px;border-color:#ffffff00\"><a href=\"#\" style=\"color:#ffffff009\">.<\/a><\/div>\nAdem\u00e1s de los medicamentos antes mencionados, las personas que toman Modvigil tambi\u00e9n deben abstenerse de consumir sustancias como el alcohol durante el tratamiento. Adem\u00e1s, este f\u00e1rmaco puede interactuar con determinados tipos de comidas y las horas de consumo.<\/p>\n<p>Por ejemplo, las comidas grasas como el queso, la pizza en el tracto digestivo pueden ralentizar la tasa de absorci\u00f3n del f\u00e1rmaco. Esto se puede evitar tomando Modvigil una hora antes de consumir dichas comidas o dos horas despu\u00e9s de comer.<br \/>\n<div class=\"su-divider su-divider-style-default\" style=\"margin:10px 0;border-width:3px;border-color:#ffffff00\"><a href=\"#\" style=\"color:#ffffff009\">.<\/a><\/div>\n<h2>Experiencia del consumidor<\/h2>\n<div class=\"su-divider su-divider-style-default\" style=\"margin:10px 0;border-width:3px;border-color:#ffffff00\"><a href=\"#\" style=\"color:#ffffff009\">.<\/a><\/div>\nDesde su irupci\u00f3n, Modvigil 200 mg se ha ganado el coraz\u00f3n de muchos usuarios gracias a su eficacia y a la nada desde\u00f1able cantidad de ventajas que ofrece. He aqu\u00ed algunas de las ventajas que han demostrado los estudios y confirmado los consumidores:<\/p>\n<div class=\"su-divider su-divider-style-default\" style=\"margin:10px 0;border-width:3px;border-color:#ffffff00\"><a href=\"#\" style=\"color:#ffffff009\">.<\/a><\/div>\n<ul>\n<li>aumento del estado de vigilia;<\/li>\n<li>mejora cognitiva;<\/li>\n<li>aumento de la productividad.<\/li>\n<\/ul>\n<div class=\"su-divider su-divider-style-default\" style=\"margin:10px 0;border-width:3px;border-color:#ffffff00\"><a href=\"#\" style=\"color:#ffffff009\">.<\/a><\/div>\nAdem\u00e1s, los estudios han demostrado que las personas que toman este f\u00e1rmaco mantienen un alto nivel de concentraci\u00f3n durante m\u00e1s de doce horas.<\/p>\n<p>En conclusi\u00f3n, ya no es ninguna novedad que, si lo tomas correctamente, Modvigil 200 mg te llevar\u00e1 a otro nivel de lucidez y productividad.<\/p>\n<div class=\"su-divider su-divider-style-default\" style=\"margin:10px 0;border-width:3px;border-color:#ffffff00\"><a href=\"#\" style=\"color:#ffffff009\">.<\/a><\/div>\n<h2>Compra online Modvigil 200 mg gen\u00e9rico (modafinilo)<\/h2>\n<div class=\"su-divider su-divider-style-default\" style=\"margin:10px 0;border-width:3px;border-color:#ffffff00\"><a href=\"#\" style=\"color:#ffffff009\">.<\/a><\/div>\nComprar Modvigil 200 mg en una farmacia online puede resultar complicado, sobre todo si no tienes c\u00f3mo garantizar la fiabilidad o autenticidad de la farmacia. Por suerte, existe un distribuidor que disipar\u00e1 todas tus reservas sobre las farmacias online.<\/p>\n<p>En <a href=\"https:\/\/buymodafinilonline.com\/es\/\">BuyModafinilOnline<\/a>, ofrecemos <a href=\"https:\/\/buymodafinilonline.com\/es\/tienda\/\">f\u00e1rmacos inteligentes gen\u00e9ricos<\/a> y aut\u00e9nticos a precios escandalosamente bajos. Ya no tendr\u00e1s que gastarte un dineral para conseguir tu estimulante cerebral favorito.<\/p>\n<p>Ofrecemos formas de pago flexibles. Puedes pagar con tarjeta de cr\u00e9dito, PayPal o incluso con <a href=\"https:\/\/buymodafinilonline.com\/es\/paga-con-bitcoin\/\">Bitcoin<\/a> (descuento del 23 %). Env\u00edos inmediatos a varios pa\u00edses, EE. UU. incluido.<\/p>\n<p>\u00a1Solo tienes que ponerte en contacto con nosotros y disfrutar\u00e1s de medicamentos gen\u00e9ricos (Artvigil, Modalert, Modafil MD, etc.) con plazos de entrega r\u00e1pidos!<\/p>\n[\/vc_column]\n<div class=\"su-divider su-divider-style-default\" style=\"margin:10px 0;border-width:3px;border-color:#ffffff00\"><a href=\"#\" style=\"color:#ffffff009\">.<\/a><\/div>\n","protected":false},"excerpt":{"rendered":"<p>Modvigil es un f\u00e1rmaco inteligente dise\u00f1ado espec\u00edficamente para tratar a pacientes que padecen somnolencia diurna aguda. Este medicamento lo fabrica una empresa farmac\u00e9utica en la India que se llama HAB y su principio activo es el modafinilo. \u00a1Ahora, todas aquellas personas que deseen conseguir este f\u00e1rmaco pueden comprarlo en nuestra farmacia online a precios econ\u00f3micos y sin agobios!<\/p>\n[sc name=\"s1\"]\n","protected":false},"featured_media":398012,"comment_status":"closed","ping_status":"closed","template":"","meta":{"_acf_changed":false},"product_brand":[],"product_cat":[4232,3788],"product_tag":[4001],"class_list":{"0":"post-399498","1":"product","2":"type-product","3":"status-publish","4":"has-post-thumbnail","6":"product_cat-smart-drugs-mas-vendidos","7":"product_cat-marcas-de-drogas-inteligentes","8":"product_tag-modafinilo","10":"first","11":"instock","12":"sale","13":"featured","14":"shipping-taxable","15":"purchasable","16":"product-type-variable","17":"has-default-attributes"},"acf":[],"yoast_head":"<!-- This site is optimized with the Yoast SEO Premium plugin v23.6 (Yoast SEO v27.3) - https:\/\/yoast.com\/product\/yoast-seo-premium-wordpress\/ -->\n<title>Compra comprimidos de Modvigil 200 mg (modafinilo) a precios bajos - BuyModafinilOnline<\/title>\n<meta name=\"description\" content=\"Compra online pastillas de Modvigil 200 mg directamente del fabricante HAB Pharmaceuticals. Compra Modvigil (modafinilo) al mejor precio en la farmacia BuyModafinilOnline. \u00a1Paga con tarjeta de cr\u00e9dito o bitcoin y consigue grandes descuentos!\" \/>\n<meta name=\"robots\" content=\"index, follow, max-snippet:-1, max-image-preview:large, max-video-preview:-1\" \/>\n<link rel=\"canonical\" href=\"https:\/\/buymodafinilonline.com\/es\/farmacos-inteligentes\/modvigil-200-mg\/\" \/>\n<meta property=\"og:locale\" content=\"es_ES\" \/>\n<meta property=\"og:type\" content=\"article\" \/>\n<meta property=\"og:title\" content=\"Modvigil 200 mg\" \/>\n<meta property=\"og:description\" content=\"Compra online pastillas de Modvigil 200 mg directamente del fabricante HAB Pharmaceuticals. Compra Modvigil (modafinilo) al mejor precio en la farmacia BuyModafinilOnline. \u00a1Paga con tarjeta de cr\u00e9dito o bitcoin y consigue grandes descuentos!\" \/>\n<meta property=\"og:url\" content=\"https:\/\/buymodafinilonline.com\/es\/farmacos-inteligentes\/modvigil-200-mg\/\" \/>\n<meta property=\"og:site_name\" content=\"BuyModafinilOnline.com\" \/>\n<meta property=\"article:modified_time\" content=\"2025-12-03T10:55:32+00:00\" \/>\n<meta property=\"og:image\" content=\"https:\/\/buymodafinilonline.com\/wp-content\/uploads\/2020\/04\/product-bmo-Modvigil-2.png\" \/>\n\t<meta property=\"og:image:width\" content=\"1280\" \/>\n\t<meta property=\"og:image:height\" content=\"1500\" \/>\n\t<meta property=\"og:image:type\" content=\"image\/png\" \/>\n<meta name=\"twitter:label1\" content=\"Tiempo de lectura\" \/>\n\t<meta name=\"twitter:data1\" content=\"5 minutos\" \/>\n<script type=\"application\/ld+json\" class=\"yoast-schema-graph\">{\"@context\":\"https:\\\/\\\/schema.org\",\"@graph\":[{\"@type\":\"WebPage\",\"@id\":\"https:\\\/\\\/buymodafinilonline.com\\\/es\\\/farmacos-inteligentes\\\/modvigil-200-mg\\\/\",\"url\":\"https:\\\/\\\/buymodafinilonline.com\\\/es\\\/farmacos-inteligentes\\\/modvigil-200-mg\\\/\",\"name\":\"Compra comprimidos de Modvigil 200 mg (modafinilo) a precios bajos - BuyModafinilOnline\",\"isPartOf\":{\"@id\":\"https:\\\/\\\/buymodafinilonline.com\\\/es\\\/#website\"},\"primaryImageOfPage\":{\"@id\":\"https:\\\/\\\/buymodafinilonline.com\\\/es\\\/farmacos-inteligentes\\\/modvigil-200-mg\\\/#primaryimage\"},\"image\":{\"@id\":\"https:\\\/\\\/buymodafinilonline.com\\\/es\\\/farmacos-inteligentes\\\/modvigil-200-mg\\\/#primaryimage\"},\"thumbnailUrl\":\"https:\\\/\\\/buymodafinilonline.com\\\/wp-content\\\/uploads\\\/2020\\\/04\\\/product-bmo-Modvigil-2.png\",\"datePublished\":\"2020-03-23T18:42:04+00:00\",\"dateModified\":\"2025-12-03T10:55:32+00:00\",\"description\":\"Compra online pastillas de Modvigil 200 mg directamente del fabricante HAB Pharmaceuticals. Compra Modvigil (modafinilo) al mejor precio en la farmacia BuyModafinilOnline. \u00a1Paga con tarjeta de cr\u00e9dito o bitcoin y consigue grandes descuentos!\",\"breadcrumb\":{\"@id\":\"https:\\\/\\\/buymodafinilonline.com\\\/es\\\/farmacos-inteligentes\\\/modvigil-200-mg\\\/#breadcrumb\"},\"inLanguage\":\"es\",\"potentialAction\":[{\"@type\":\"ReadAction\",\"target\":[\"https:\\\/\\\/buymodafinilonline.com\\\/es\\\/farmacos-inteligentes\\\/modvigil-200-mg\\\/\"]}]},{\"@type\":\"ImageObject\",\"inLanguage\":\"es\",\"@id\":\"https:\\\/\\\/buymodafinilonline.com\\\/es\\\/farmacos-inteligentes\\\/modvigil-200-mg\\\/#primaryimage\",\"url\":\"https:\\\/\\\/buymodafinilonline.com\\\/wp-content\\\/uploads\\\/2020\\\/04\\\/product-bmo-Modvigil-2.png\",\"contentUrl\":\"https:\\\/\\\/buymodafinilonline.com\\\/wp-content\\\/uploads\\\/2020\\\/04\\\/product-bmo-Modvigil-2.png\",\"width\":1280,\"height\":1500,\"caption\":\"Modvigil 200 mg\"},{\"@type\":\"BreadcrumbList\",\"@id\":\"https:\\\/\\\/buymodafinilonline.com\\\/es\\\/farmacos-inteligentes\\\/modvigil-200-mg\\\/#breadcrumb\",\"itemListElement\":[{\"@type\":\"ListItem\",\"position\":1,\"name\":\"Buy Modafinil Online\",\"item\":\"https:\\\/\\\/buymodafinilonline.com\\\/es\\\/\"},{\"@type\":\"ListItem\",\"position\":2,\"name\":\"Tienda\",\"item\":\"https:\\\/\\\/buymodafinilonline.com\\\/es\\\/tienda\\\/\"},{\"@type\":\"ListItem\",\"position\":3,\"name\":\"Los m\u00e1s vendidos\",\"item\":\"https:\\\/\\\/buymodafinilonline.com\\\/es\\\/categoria-de-productos\\\/smart-drugs-mas-vendidos\\\/\"},{\"@type\":\"ListItem\",\"position\":4,\"name\":\"Modvigil 200 mg\"}]},{\"@type\":\"WebSite\",\"@id\":\"https:\\\/\\\/buymodafinilonline.com\\\/es\\\/#website\",\"url\":\"https:\\\/\\\/buymodafinilonline.com\\\/es\\\/\",\"name\":\"BuyModafinilOnline.com\",\"description\":\"Modafinil Online Pharmacy\",\"publisher\":{\"@id\":\"https:\\\/\\\/buymodafinilonline.com\\\/es\\\/#organization\"},\"potentialAction\":[{\"@type\":\"SearchAction\",\"target\":{\"@type\":\"EntryPoint\",\"urlTemplate\":\"https:\\\/\\\/buymodafinilonline.com\\\/es\\\/?s={search_term_string}\"},\"query-input\":{\"@type\":\"PropertyValueSpecification\",\"valueRequired\":true,\"valueName\":\"search_term_string\"}}],\"inLanguage\":\"es\"},{\"@type\":\"Organization\",\"@id\":\"https:\\\/\\\/buymodafinilonline.com\\\/es\\\/#organization\",\"name\":\"BuyModafinilOnline\",\"url\":\"https:\\\/\\\/buymodafinilonline.com\\\/es\\\/\",\"logo\":{\"@type\":\"ImageObject\",\"inLanguage\":\"es\",\"@id\":\"https:\\\/\\\/buymodafinilonline.com\\\/es\\\/#\\\/schema\\\/logo\\\/image\\\/\",\"url\":\"https:\\\/\\\/buymodafinilonline.com\\\/wp-content\\\/uploads\\\/2020\\\/04\\\/logo-buy-modafinil-online-yellow.png\",\"contentUrl\":\"https:\\\/\\\/buymodafinilonline.com\\\/wp-content\\\/uploads\\\/2020\\\/04\\\/logo-buy-modafinil-online-yellow.png\",\"width\":200,\"height\":200,\"caption\":\"BuyModafinilOnline\"},\"image\":{\"@id\":\"https:\\\/\\\/buymodafinilonline.com\\\/es\\\/#\\\/schema\\\/logo\\\/image\\\/\"}}]}<\/script>\n<!-- \/ Yoast SEO Premium plugin. -->","yoast_head_json":{"title":"Compra comprimidos de Modvigil 200 mg (modafinilo) a precios bajos - BuyModafinilOnline","description":"Compra online pastillas de Modvigil 200 mg directamente del fabricante HAB Pharmaceuticals. Compra Modvigil (modafinilo) al mejor precio en la farmacia BuyModafinilOnline. \u00a1Paga con tarjeta de cr\u00e9dito o bitcoin y consigue grandes descuentos!","robots":{"index":"index","follow":"follow","max-snippet":"max-snippet:-1","max-image-preview":"max-image-preview:large","max-video-preview":"max-video-preview:-1"},"canonical":"https:\/\/buymodafinilonline.com\/es\/farmacos-inteligentes\/modvigil-200-mg\/","og_locale":"es_ES","og_type":"article","og_title":"Modvigil 200 mg","og_description":"Compra online pastillas de Modvigil 200 mg directamente del fabricante HAB Pharmaceuticals. Compra Modvigil (modafinilo) al mejor precio en la farmacia BuyModafinilOnline. \u00a1Paga con tarjeta de cr\u00e9dito o bitcoin y consigue grandes descuentos!","og_url":"https:\/\/buymodafinilonline.com\/es\/farmacos-inteligentes\/modvigil-200-mg\/","og_site_name":"BuyModafinilOnline.com","article_modified_time":"2025-12-03T10:55:32+00:00","og_image":[{"width":1280,"height":1500,"url":"https:\/\/buymodafinilonline.com\/wp-content\/uploads\/2020\/04\/product-bmo-Modvigil-2.png","type":"image\/png"}],"twitter_misc":{"Tiempo de lectura":"5 minutos"},"schema":{"@context":"https:\/\/schema.org","@graph":[{"@type":"WebPage","@id":"https:\/\/buymodafinilonline.com\/es\/farmacos-inteligentes\/modvigil-200-mg\/","url":"https:\/\/buymodafinilonline.com\/es\/farmacos-inteligentes\/modvigil-200-mg\/","name":"Compra comprimidos de Modvigil 200 mg (modafinilo) a precios bajos - BuyModafinilOnline","isPartOf":{"@id":"https:\/\/buymodafinilonline.com\/es\/#website"},"primaryImageOfPage":{"@id":"https:\/\/buymodafinilonline.com\/es\/farmacos-inteligentes\/modvigil-200-mg\/#primaryimage"},"image":{"@id":"https:\/\/buymodafinilonline.com\/es\/farmacos-inteligentes\/modvigil-200-mg\/#primaryimage"},"thumbnailUrl":"https:\/\/buymodafinilonline.com\/wp-content\/uploads\/2020\/04\/product-bmo-Modvigil-2.png","datePublished":"2020-03-23T18:42:04+00:00","dateModified":"2025-12-03T10:55:32+00:00","description":"Compra online pastillas de Modvigil 200 mg directamente del fabricante HAB Pharmaceuticals. Compra Modvigil (modafinilo) al mejor precio en la farmacia BuyModafinilOnline. \u00a1Paga con tarjeta de cr\u00e9dito o bitcoin y consigue grandes descuentos!","breadcrumb":{"@id":"https:\/\/buymodafinilonline.com\/es\/farmacos-inteligentes\/modvigil-200-mg\/#breadcrumb"},"inLanguage":"es","potentialAction":[{"@type":"ReadAction","target":["https:\/\/buymodafinilonline.com\/es\/farmacos-inteligentes\/modvigil-200-mg\/"]}]},{"@type":"ImageObject","inLanguage":"es","@id":"https:\/\/buymodafinilonline.com\/es\/farmacos-inteligentes\/modvigil-200-mg\/#primaryimage","url":"https:\/\/buymodafinilonline.com\/wp-content\/uploads\/2020\/04\/product-bmo-Modvigil-2.png","contentUrl":"https:\/\/buymodafinilonline.com\/wp-content\/uploads\/2020\/04\/product-bmo-Modvigil-2.png","width":1280,"height":1500,"caption":"Modvigil 200 mg"},{"@type":"BreadcrumbList","@id":"https:\/\/buymodafinilonline.com\/es\/farmacos-inteligentes\/modvigil-200-mg\/#breadcrumb","itemListElement":[{"@type":"ListItem","position":1,"name":"Buy Modafinil Online","item":"https:\/\/buymodafinilonline.com\/es\/"},{"@type":"ListItem","position":2,"name":"Tienda","item":"https:\/\/buymodafinilonline.com\/es\/tienda\/"},{"@type":"ListItem","position":3,"name":"Los m\u00e1s vendidos","item":"https:\/\/buymodafinilonline.com\/es\/categoria-de-productos\/smart-drugs-mas-vendidos\/"},{"@type":"ListItem","position":4,"name":"Modvigil 200 mg"}]},{"@type":"WebSite","@id":"https:\/\/buymodafinilonline.com\/es\/#website","url":"https:\/\/buymodafinilonline.com\/es\/","name":"BuyModafinilOnline.com","description":"Modafinil Online Pharmacy","publisher":{"@id":"https:\/\/buymodafinilonline.com\/es\/#organization"},"potentialAction":[{"@type":"SearchAction","target":{"@type":"EntryPoint","urlTemplate":"https:\/\/buymodafinilonline.com\/es\/?s={search_term_string}"},"query-input":{"@type":"PropertyValueSpecification","valueRequired":true,"valueName":"search_term_string"}}],"inLanguage":"es"},{"@type":"Organization","@id":"https:\/\/buymodafinilonline.com\/es\/#organization","name":"BuyModafinilOnline","url":"https:\/\/buymodafinilonline.com\/es\/","logo":{"@type":"ImageObject","inLanguage":"es","@id":"https:\/\/buymodafinilonline.com\/es\/#\/schema\/logo\/image\/","url":"https:\/\/buymodafinilonline.com\/wp-content\/uploads\/2020\/04\/logo-buy-modafinil-online-yellow.png","contentUrl":"https:\/\/buymodafinilonline.com\/wp-content\/uploads\/2020\/04\/logo-buy-modafinil-online-yellow.png","width":200,"height":200,"caption":"BuyModafinilOnline"},"image":{"@id":"https:\/\/buymodafinilonline.com\/es\/#\/schema\/logo\/image\/"}}]}},"_links":{"self":[{"href":"https:\/\/buymodafinilonline.com\/es\/wp-json\/wp\/v2\/product\/399498","targetHints":{"allow":["GET"]}}],"collection":[{"href":"https:\/\/buymodafinilonline.com\/es\/wp-json\/wp\/v2\/product"}],"about":[{"href":"https:\/\/buymodafinilonline.com\/es\/wp-json\/wp\/v2\/types\/product"}],"replies":[{"embeddable":true,"href":"https:\/\/buymodafinilonline.com\/es\/wp-json\/wp\/v2\/comments?post=399498"}],"wp:featuredmedia":[{"embeddable":true,"href":"https:\/\/buymodafinilonline.com\/es\/wp-json\/wp\/v2\/media\/398012"}],"wp:attachment":[{"href":"https:\/\/buymodafinilonline.com\/es\/wp-json\/wp\/v2\/media?parent=399498"}],"wp:term":[{"taxonomy":"product_brand","embeddable":true,"href":"https:\/\/buymodafinilonline.com\/es\/wp-json\/wp\/v2\/product_brand?post=399498"},{"taxonomy":"product_cat","embeddable":true,"href":"https:\/\/buymodafinilonline.com\/es\/wp-json\/wp\/v2\/product_cat?post=399498"},{"taxonomy":"product_tag","embeddable":true,"href":"https:\/\/buymodafinilonline.com\/es\/wp-json\/wp\/v2\/product_tag?post=399498"}],"curies":[{"name":"wp","href":"https:\/\/api.w.org\/{rel}","templated":true}]}}