{"id":399505,"date":"2020-03-23T20:47:37","date_gmt":"2020-03-23T19:47:37","guid":{"rendered":"https:\/\/buymodafinilonline.com\/smart-drugs\/modalert-200-mg\/"},"modified":"2025-11-04T01:21:18","modified_gmt":"2025-11-04T00:21:18","slug":"modalert-200-mg","status":"publish","type":"product","link":"https:\/\/buymodafinilonline.com\/es\/farmacos-inteligentes\/modalert-200-mg\/","title":{"rendered":"Modalert 200 mg"},"content":{"rendered":"[vc_column width=&#8221;1\/2&#8243;]\n<div class=\"su-divider su-divider-style-default\" style=\"margin:10px 0;border-width:3px;border-color:#ffffff00\"><a href=\"#\" style=\"color:#ffffff009\">.<\/a><\/div>\n<h2>\u00bfQu\u00e9 es Modalert 200 mg?<\/h2>\n<div class=\"su-divider su-divider-style-default\" style=\"margin:10px 0;border-width:3px;border-color:#ffffff00\"><a href=\"#\" style=\"color:#ffffff009\">.<\/a><\/div>\nModalert 200 mg es un f\u00e1rmaco muy potente recetado por los m\u00e9dicos para tratar la narcolepsia, la apnea obstructiva del sue\u00f1o, la hipersomnia idiop\u00e1tica, la somnolencia excesiva durante las horas de vigilia y el trastorno del sue\u00f1o a causa del trabajo por turnos. Est\u00e1 autorizado debido al modafinilo: el principio activo autorizado para tratar estos problemas de salud. Se trata de una versi\u00f3n gen\u00e9rica de la marca comercial del medicamento Provigil.<\/p>\n<p>Sin embargo, el hecho de que este f\u00e1rmaco se haya popularizado como soluci\u00f3n para la mejora cognitiva, algunas personas como, por ejemplo, profesionales, militares, austronautas y trabajadores, as\u00ed como estudiantes universitarios, entre otros, lo toman con un fin no indicado en el prospecto, es decir, para mejorar su actividad\/capacidad cognitiva y quedarse en vela.<\/p>\n<div class=\"su-divider su-divider-style-default\" style=\"margin:10px 0;border-width:3px;border-color:#ffffff00\"><a href=\"#\" style=\"color:#ffffff009\">.<\/a><\/div>\n<h2>C\u00f3mo funcionan los comprimidos<\/h2>\n<div class=\"su-divider su-divider-style-default\" style=\"margin:10px 0;border-width:3px;border-color:#ffffff00\"><a href=\"#\" style=\"color:#ffffff009\">.<\/a><\/div>\nA menudo, se descubre que los f\u00e1rmacos utilizados para tratar algunas enfermedades tienen una ventaja adicional. Este es el caso de los f\u00e1rmacos que se enlazan con determinados receptores del organismo. El organismo utiliza varios receptores para comunicarse. Sin embargo, el modafinilo act\u00faa en un grupo especial de receptores denominados transportadores de dopamina.<\/p>\n<p>Se trata de un receptor muy importante relacionado con las se\u00f1ales que se env\u00edan a las neuronas para decirles la cantidad de dopamina que deben reabsorber. Cuantas m\u00e1s se\u00f1ales se env\u00eden para absorber m\u00e1s dopamina, menor ser\u00e1 la concentraci\u00f3n de dopamina.<\/p>\n<p>Este no es el \u00fanico mecanismo de Modalert. Tambi\u00e9n aumenta los niveles de histamina, orexina y noradrenalina en el cerebro. Estas son las sustancias qu\u00edmicas m\u00e1s importantes para regular el ciclo de sue\u00f1o\/vigilia individual y este comprimido cumple dicha funci\u00f3n de una forma muy eficaz.<\/p>\n<p>Dosis segura y uso adecuado<\/p>\n<p>La dosis recomedada a la mayor\u00eda de personas es Modalert 200 mg. Algunas personas pueden barajar la posibilidad de reducir la potencia de la dosis a 100 mg o aumentarla a 400 mg, seg\u00fan la eficacia y la tolerancia al f\u00e1rmaco. El comprimido de 400 mg es mejor para personas m\u00e1s grandes, mientras que el de 100 mg es m\u00e1s adecuado para personas sensibles que reaccionan con m\u00e1s contundencia a la medicaci\u00f3n o para un tratamiento a largo plazo.<\/p>\n<p>La forma de tomar Modalert 200 mg con la m\u00e1xima eficacia y seguridad depende del patr\u00f3n de consumo, edad y peso de la persona. Se puede tomar a diario para el tratamiento de enfermedades relacionadas con el sue\u00f1o o mejorar patrones de sue\u00f1o para aumentar la productividad.<\/p>\n<p>Modalert 200 mg es seguro. Se recomienda seguir las instrucciones del prospecto o el consejo m\u00e9dico para evitar sobredosis o efectos secundarios perjudiciales para la salud.<\/p>\n<div class=\"su-divider su-divider-style-default\" style=\"margin:10px 0;border-width:3px;border-color:#ffffff00\"><a href=\"#\" style=\"color:#ffffff009\">.<\/a><\/div>\n<h2>Posibles efectos secundarios<\/h2>\n<div class=\"su-divider su-divider-style-default\" style=\"margin:10px 0;border-width:3px;border-color:#ffffff00\"><a href=\"#\" style=\"color:#ffffff009\">.<\/a><\/div>\nRecuerda que los efectos secundarios son poco habituales y no suelen ser graves. Sin embargo, en caso de que algunas personas experimenten efectos secundarios perjudiciales al tomar Modalert 200 mg, se recomienda acudir al m\u00e9dico. Los efectos secundarios habituales son dolor o malestar estomacal, insomnio, mareo, dolores de cabeza, n\u00e1useas y ansiedad.<\/p>\n<p>Estos efectos aparecen y desaparecen con el consumo continuo de modafinilo. Sin embargo, se puede dar alg\u00fan caso excepcional en el que surjan efectos secundarios m\u00e1s graves. Estos pueden incluir:<\/p>\n<div class=\"su-divider su-divider-style-default\" style=\"margin:10px 0;border-width:3px;border-color:#ffffff00\"><a href=\"#\" style=\"color:#ffffff009\">.<\/a><\/div>\n<ul>\n<li>alucinaciones;<\/li>\n<li>moretones o sangrado con facilidad;<\/li>\n<li>dolor de pecho;<\/li>\n<li>depresi\u00f3n;<\/li>\n<li>latido r\u00e1pido\/latido irregular;<\/li>\n<li>S\u00edndrome de Stevens-Johnson (un trastorno de las membranas mucosas poco frecuente pero m\u00e1s grave).<\/li>\n<\/ul>\n<div class=\"su-divider su-divider-style-default\" style=\"margin:10px 0;border-width:3px;border-color:#ffffff00\"><a href=\"#\" style=\"color:#ffffff009\">.<\/a><\/div>\nEsta no es una lista exhaustiva, por lo que deber\u00e1s consultar con tu m\u00e9dico para obtener m\u00e1s informaci\u00f3n sobre dichos efectos y la dosis segura.<\/p>\n[\/vc_column][vc_column width=&#8221;1\/2&#8243;]\n<div class=\"su-divider su-divider-style-default\" style=\"margin:10px 0;border-width:3px;border-color:#ffffff00\"><a href=\"#\" style=\"color:#ffffff009\">.<\/a><\/div>\n<h2>Contraindicaciones y precauciones<\/h2>\n<div class=\"su-divider su-divider-style-default\" style=\"margin:10px 0;border-width:3px;border-color:#ffffff00\"><a href=\"#\" style=\"color:#ffffff009\">.<\/a><\/div>\nEste f\u00e1rmaco interact\u00faa con otros medicamentos. Consulta con tu m\u00e9dico si est\u00e1s tomando alg\u00fan medicamento que no se pueda combinar con Modalert 200 mg. He aqu\u00ed una lista de enfermedades contraindicadas con este medicamento. Un m\u00e9dico podr\u00e1 evaluar si padeces alguno de los siguientes problemas de salud:<\/p>\n<div class=\"su-divider su-divider-style-default\" style=\"margin:10px 0;border-width:3px;border-color:#ffffff00\"><a href=\"#\" style=\"color:#ffffff009\">.<\/a><\/div>\n<ul>\n<li>comportamiento man\u00edaco;<\/li>\n<li>prolapso de la v\u00e1lvula mitral;<\/li>\n<li>ideas suicidas;<\/li>\n<li>tensi\u00f3n alta;<\/li>\n<li>comportamiento agresivo;<\/li>\n<li>trastorno psic\u00f3tico;<\/li>\n<li>ataque al coraz\u00f3n;<\/li>\n<li>enfermedad hep\u00e1tica grave;<\/li>\n<li>depresi\u00f3n, etc.<\/li>\n<\/ul>\n<div class=\"su-divider su-divider-style-default\" style=\"margin:10px 0;border-width:3px;border-color:#ffffff00\"><a href=\"#\" style=\"color:#ffffff009\">.<\/a><\/div>\nLos medicamentos contraindicados son los f\u00e1rmacos para la tensi\u00f3n alta, los inhibidores de la monoaminooxidasa (IMAO), los antidepresivos, los estimulantes del sistema nervioso, el propranolol (Inderal), la fenito\u00edna, la carbamazepina, el fenobarbital, la rifampicina, el ketoconazol, la ciclosporina, la teofilina, la warfarina y el diazepam, entre otros.<\/p>\n<p>Esta no es una lista exhaustiva. Modalert 200 mg se puede tomar sin comida o con la mayor\u00eda de comidas. Sin embargo, el zumo de pomelo y el pomelo pueden potenciar el efecto o los efectos secundarios de este potente f\u00e1rmaco. Tambi\u00e9n se recomienda no consumir alcohol, ya que puede provocar diferentes tipos de reacciones.<\/p>\n<div class=\"su-divider su-divider-style-default\" style=\"margin:10px 0;border-width:3px;border-color:#ffffff00\"><a href=\"#\" style=\"color:#ffffff009\">.<\/a><\/div>\n<h2>Experiencia del consumidor<\/h2>\n<div class=\"su-divider su-divider-style-default\" style=\"margin:10px 0;border-width:3px;border-color:#ffffff00\"><a href=\"#\" style=\"color:#ffffff009\">.<\/a><\/div>\nEl modafinilo es uno de los f\u00e1rmacos m\u00e1s demandados y de mayor calidad para el tratamiento de enfermedades y, lo que es m\u00e1s importante, algunas personas lo utilizan para ser m\u00e1s \u201csofisticados\u201d y aumentar la productividad.<\/p>\n<p>Al tratarse de un medicamento altamente efectivo, ha tenido una acogida excepcional entre los consumidores, sobre todo, en aquellos con un buen estado de salud.<\/p>\n<p>La mayor\u00eda de personas se siente despierta, concentrada y preparada para aumentar su productividad. Es habitual tener una experienca positiva con Modalert. Aumenta la concentraci\u00f3n, la atenci\u00f3n y mejora la memoria y la creatividad. Se ha popularizado en el mundo del rendimiento competitivo y en entornos acad\u00e9micos para bordarla en los ex\u00e1menes. Eso est\u00e1 muy bien.<\/p>\n<p>\u00bfCrees que t\u00fa tambi\u00e9n lo puedes tomar? Compra este f\u00e1rmaco y analiza tu experiencia.<\/p>\n<div class=\"su-divider su-divider-style-default\" style=\"margin:10px 0;border-width:3px;border-color:#ffffff00\"><a href=\"#\" style=\"color:#ffffff009\">.<\/a><\/div>\n<h2>Compra Modalert 200 mg gen\u00e9rico (modafinilo) online<\/h2>\n<div class=\"su-divider su-divider-style-default\" style=\"margin:10px 0;border-width:3px;border-color:#ffffff00\"><a href=\"#\" style=\"color:#ffffff009\">.<\/a><\/div>\nPuedes comprar Modalert 200mg online en distribuidores que desarrollan su actividad en lugares donde se puede vender modafinilo sin receta m\u00e9dica como, por ejemplo, en la India.<\/p>\n<p>Si est\u00e1s buscando un sitio donde comprar Modalert en una farmacia online, el mejor lugar para conseguir comprimidos de calidad a buen precio es BuyModafinilOnline.<\/p>\n<p>Ofrecemos <a href=\"https:\/\/buymodafinilonline.com\/es\/tienda\/\">medicamentos con modafinilo sin receta<\/a>. A diferencia de algunas farmacias online que no dispensan un medicamento si el comprador no tiene la receta, nosotros comercializamos f\u00e1rmacos originales y se pueden encargar a un precio m\u00e1s bajo.<\/p>\n<p>Puedes pagar con bitcoin y <a href=\"https:\/\/buymodafinilonline.com\/es\/paga-con-bitcoin\/\">obtener un descuento del 23 %<\/a> en cualquier medicamento que compres en <a href=\"https:\/\/buymodafinilonline.com\/es\/\">BuyModafinilOnline<\/a>. Tambi\u00e9n ofrecemos otras formas de pago como, por ejemplo, PayPal y tarjeta de cr\u00e9dito.<\/p>\n<p>El <a href=\"https:\/\/buymodafinilonline.com\/es\/mejor-proveedor-espana\/\">env\u00edo<\/a> es ultrarr\u00e1pido a todo el mundo, salvo a varios pa\u00edses (muy pocos). En caso de problemas con la entrega, te volvemos a enviar el producto o te reembolsamos el importe de la compra.<\/p>\n<p>En nuestra farmacia online tambi\u00e9n puedes comprar nootr\u00f3picos bastante conocidos como, por ejemplo, <a href=\"https:\/\/buymodafinilonline.com\/es\/farmacos-inteligentes\/modvigil-200-mg\/\">Modvigil<\/a>, <a href=\"https:\/\/buymodafinilonline.com\/es\/farmacos-inteligentes\/vilafinil-200-mg\/\">Vilafinil<\/a>, <a href=\"https:\/\/buymodafinilonline.com\/es\/farmacos-inteligentes\/modawake-200-mg-2\/\">Modawake<\/a> y <a href=\"https:\/\/buymodafinilonline.com\/es\/farmacos-inteligentes\/artvigil-150-mg-compromidos\/\">Artvigil<\/a>. Y un magn\u00edfico regalo para todo el mundo: \u00a1<a href=\"https:\/\/buymodafinilonline.com\/es\/farmacos-inteligentes\/muestra-de-modafinilo-gratis-modalert-200-mg\/\">10 muestras gratis de modafinilo<\/a> en todos los pedidos!<\/p>\n[\/vc_column]\n<div class=\"su-divider su-divider-style-default\" style=\"margin:10px 0;border-width:3px;border-color:#ffffff00\"><a href=\"#\" style=\"color:#ffffff009\">.<\/a><\/div>\n","protected":false},"excerpt":{"rendered":"<p>Es un medicamento cuyo principio activo es el modafinilo. Ha irrumpido como la soluci\u00f3n principal para el tratamiento de trastornos del sue\u00f1o. Tambi\u00e9n se utiliza para fines no indicados en el prospecto como mejorar la capacidad cognitiva y otras ventajas. Puedes tomar este medicamento para estar concentrado y activo intelectualmente y hacer todas tus tareas perfectamente. Tiene un precio significativamente m\u00e1s barato que la versi\u00f3n de marca, Provigil, sin sacrificar la calidad. El fabricante es Sun Pharma y puedes comprarlo online a muy buen precio.<\/p>\n[sc name=\"s1\"]\n","protected":false},"featured_media":398050,"comment_status":"closed","ping_status":"closed","template":"","meta":{"_acf_changed":false},"product_brand":[],"product_cat":[4232,3788],"product_tag":[4001],"class_list":{"0":"post-399505","1":"product","2":"type-product","3":"status-publish","4":"has-post-thumbnail","6":"product_cat-smart-drugs-mas-vendidos","7":"product_cat-marcas-de-drogas-inteligentes","8":"product_tag-modafinilo","10":"first","11":"instock","12":"sale","13":"featured","14":"shipping-taxable","15":"purchasable","16":"product-type-variable","17":"has-default-attributes"},"acf":[],"yoast_head":"<!-- This site is optimized with the Yoast SEO Premium plugin v23.6 (Yoast SEO v27.4) - https:\/\/yoast.com\/product\/yoast-seo-premium-wordpress\/ -->\n<title>Compra comprimidos de Modalert 200 mg (modafinilo) a buen precio en la India - BuyModafinilOnline<\/title>\n<meta name=\"description\" content=\"Comprimidos de Modalert 200 mg a buen precio sin receta m\u00e9dica en la farmacia BuyModafinilOnline. \u00a1Entrega 100 % garantizada desde la India! Compra Modalert gen\u00e9rico (modafinilo) con PayPal o Bitcoin y consigue grandes descuentos.\" \/>\n<meta name=\"robots\" content=\"index, follow, max-snippet:-1, max-image-preview:large, max-video-preview:-1\" \/>\n<link rel=\"canonical\" href=\"https:\/\/buymodafinilonline.com\/es\/farmacos-inteligentes\/modalert-200-mg\/\" \/>\n<meta property=\"og:locale\" content=\"es_ES\" \/>\n<meta property=\"og:type\" content=\"article\" \/>\n<meta property=\"og:title\" content=\"Modalert 200 mg\" \/>\n<meta property=\"og:description\" content=\"Comprimidos de Modalert 200 mg a buen precio sin receta m\u00e9dica en la farmacia BuyModafinilOnline. \u00a1Entrega 100 % garantizada desde la India! Compra Modalert gen\u00e9rico (modafinilo) con PayPal o Bitcoin y consigue grandes descuentos.\" \/>\n<meta property=\"og:url\" content=\"https:\/\/buymodafinilonline.com\/es\/farmacos-inteligentes\/modalert-200-mg\/\" \/>\n<meta property=\"og:site_name\" content=\"BuyModafinilOnline.com\" \/>\n<meta property=\"article:modified_time\" content=\"2025-11-04T00:21:18+00:00\" \/>\n<meta property=\"og:image\" content=\"https:\/\/buymodafinilonline.com\/wp-content\/uploads\/2020\/04\/product-bmo-Modalert-1.png\" \/>\n\t<meta property=\"og:image:width\" content=\"1280\" \/>\n\t<meta property=\"og:image:height\" content=\"1500\" \/>\n\t<meta property=\"og:image:type\" content=\"image\/png\" \/>\n<meta name=\"twitter:label1\" content=\"Tiempo de lectura\" \/>\n\t<meta name=\"twitter:data1\" content=\"6 minutos\" \/>\n<script type=\"application\/ld+json\" class=\"yoast-schema-graph\">{\"@context\":\"https:\\\/\\\/schema.org\",\"@graph\":[{\"@type\":\"WebPage\",\"@id\":\"https:\\\/\\\/buymodafinilonline.com\\\/es\\\/farmacos-inteligentes\\\/modalert-200-mg\\\/\",\"url\":\"https:\\\/\\\/buymodafinilonline.com\\\/es\\\/farmacos-inteligentes\\\/modalert-200-mg\\\/\",\"name\":\"Compra comprimidos de Modalert 200 mg (modafinilo) a buen precio en la India - BuyModafinilOnline\",\"isPartOf\":{\"@id\":\"https:\\\/\\\/buymodafinilonline.com\\\/es\\\/#website\"},\"primaryImageOfPage\":{\"@id\":\"https:\\\/\\\/buymodafinilonline.com\\\/es\\\/farmacos-inteligentes\\\/modalert-200-mg\\\/#primaryimage\"},\"image\":{\"@id\":\"https:\\\/\\\/buymodafinilonline.com\\\/es\\\/farmacos-inteligentes\\\/modalert-200-mg\\\/#primaryimage\"},\"thumbnailUrl\":\"https:\\\/\\\/buymodafinilonline.com\\\/wp-content\\\/uploads\\\/2020\\\/04\\\/product-bmo-Modalert-1.png\",\"datePublished\":\"2020-03-23T19:47:37+00:00\",\"dateModified\":\"2025-11-04T00:21:18+00:00\",\"description\":\"Comprimidos de Modalert 200 mg a buen precio sin receta m\u00e9dica en la farmacia BuyModafinilOnline. \u00a1Entrega 100 % garantizada desde la India! Compra Modalert gen\u00e9rico (modafinilo) con PayPal o Bitcoin y consigue grandes descuentos.\",\"breadcrumb\":{\"@id\":\"https:\\\/\\\/buymodafinilonline.com\\\/es\\\/farmacos-inteligentes\\\/modalert-200-mg\\\/#breadcrumb\"},\"inLanguage\":\"es\",\"potentialAction\":[{\"@type\":\"ReadAction\",\"target\":[\"https:\\\/\\\/buymodafinilonline.com\\\/es\\\/farmacos-inteligentes\\\/modalert-200-mg\\\/\"]}]},{\"@type\":\"ImageObject\",\"inLanguage\":\"es\",\"@id\":\"https:\\\/\\\/buymodafinilonline.com\\\/es\\\/farmacos-inteligentes\\\/modalert-200-mg\\\/#primaryimage\",\"url\":\"https:\\\/\\\/buymodafinilonline.com\\\/wp-content\\\/uploads\\\/2020\\\/04\\\/product-bmo-Modalert-1.png\",\"contentUrl\":\"https:\\\/\\\/buymodafinilonline.com\\\/wp-content\\\/uploads\\\/2020\\\/04\\\/product-bmo-Modalert-1.png\",\"width\":1280,\"height\":1500,\"caption\":\"Modalert 200 mg\"},{\"@type\":\"BreadcrumbList\",\"@id\":\"https:\\\/\\\/buymodafinilonline.com\\\/es\\\/farmacos-inteligentes\\\/modalert-200-mg\\\/#breadcrumb\",\"itemListElement\":[{\"@type\":\"ListItem\",\"position\":1,\"name\":\"Buy Modafinil Online\",\"item\":\"https:\\\/\\\/buymodafinilonline.com\\\/es\\\/\"},{\"@type\":\"ListItem\",\"position\":2,\"name\":\"Tienda\",\"item\":\"https:\\\/\\\/buymodafinilonline.com\\\/es\\\/tienda\\\/\"},{\"@type\":\"ListItem\",\"position\":3,\"name\":\"Los m\u00e1s vendidos\",\"item\":\"https:\\\/\\\/buymodafinilonline.com\\\/es\\\/categoria-de-productos\\\/smart-drugs-mas-vendidos\\\/\"},{\"@type\":\"ListItem\",\"position\":4,\"name\":\"Modalert 200 mg\"}]},{\"@type\":\"WebSite\",\"@id\":\"https:\\\/\\\/buymodafinilonline.com\\\/es\\\/#website\",\"url\":\"https:\\\/\\\/buymodafinilonline.com\\\/es\\\/\",\"name\":\"BuyModafinilOnline.com\",\"description\":\"Modafinil Online Pharmacy\",\"publisher\":{\"@id\":\"https:\\\/\\\/buymodafinilonline.com\\\/es\\\/#organization\"},\"potentialAction\":[{\"@type\":\"SearchAction\",\"target\":{\"@type\":\"EntryPoint\",\"urlTemplate\":\"https:\\\/\\\/buymodafinilonline.com\\\/es\\\/?s={search_term_string}\"},\"query-input\":{\"@type\":\"PropertyValueSpecification\",\"valueRequired\":true,\"valueName\":\"search_term_string\"}}],\"inLanguage\":\"es\"},{\"@type\":\"Organization\",\"@id\":\"https:\\\/\\\/buymodafinilonline.com\\\/es\\\/#organization\",\"name\":\"BuyModafinilOnline\",\"url\":\"https:\\\/\\\/buymodafinilonline.com\\\/es\\\/\",\"logo\":{\"@type\":\"ImageObject\",\"inLanguage\":\"es\",\"@id\":\"https:\\\/\\\/buymodafinilonline.com\\\/es\\\/#\\\/schema\\\/logo\\\/image\\\/\",\"url\":\"https:\\\/\\\/buymodafinilonline.com\\\/wp-content\\\/uploads\\\/2020\\\/04\\\/logo-buy-modafinil-online-yellow.png\",\"contentUrl\":\"https:\\\/\\\/buymodafinilonline.com\\\/wp-content\\\/uploads\\\/2020\\\/04\\\/logo-buy-modafinil-online-yellow.png\",\"width\":200,\"height\":200,\"caption\":\"BuyModafinilOnline\"},\"image\":{\"@id\":\"https:\\\/\\\/buymodafinilonline.com\\\/es\\\/#\\\/schema\\\/logo\\\/image\\\/\"}}]}<\/script>\n<!-- \/ Yoast SEO Premium plugin. -->","yoast_head_json":{"title":"Compra comprimidos de Modalert 200 mg (modafinilo) a buen precio en la India - BuyModafinilOnline","description":"Comprimidos de Modalert 200 mg a buen precio sin receta m\u00e9dica en la farmacia BuyModafinilOnline. \u00a1Entrega 100 % garantizada desde la India! Compra Modalert gen\u00e9rico (modafinilo) con PayPal o Bitcoin y consigue grandes descuentos.","robots":{"index":"index","follow":"follow","max-snippet":"max-snippet:-1","max-image-preview":"max-image-preview:large","max-video-preview":"max-video-preview:-1"},"canonical":"https:\/\/buymodafinilonline.com\/es\/farmacos-inteligentes\/modalert-200-mg\/","og_locale":"es_ES","og_type":"article","og_title":"Modalert 200 mg","og_description":"Comprimidos de Modalert 200 mg a buen precio sin receta m\u00e9dica en la farmacia BuyModafinilOnline. \u00a1Entrega 100 % garantizada desde la India! Compra Modalert gen\u00e9rico (modafinilo) con PayPal o Bitcoin y consigue grandes descuentos.","og_url":"https:\/\/buymodafinilonline.com\/es\/farmacos-inteligentes\/modalert-200-mg\/","og_site_name":"BuyModafinilOnline.com","article_modified_time":"2025-11-04T00:21:18+00:00","og_image":[{"width":1280,"height":1500,"url":"https:\/\/buymodafinilonline.com\/wp-content\/uploads\/2020\/04\/product-bmo-Modalert-1.png","type":"image\/png"}],"twitter_misc":{"Tiempo de lectura":"6 minutos"},"schema":{"@context":"https:\/\/schema.org","@graph":[{"@type":"WebPage","@id":"https:\/\/buymodafinilonline.com\/es\/farmacos-inteligentes\/modalert-200-mg\/","url":"https:\/\/buymodafinilonline.com\/es\/farmacos-inteligentes\/modalert-200-mg\/","name":"Compra comprimidos de Modalert 200 mg (modafinilo) a buen precio en la India - BuyModafinilOnline","isPartOf":{"@id":"https:\/\/buymodafinilonline.com\/es\/#website"},"primaryImageOfPage":{"@id":"https:\/\/buymodafinilonline.com\/es\/farmacos-inteligentes\/modalert-200-mg\/#primaryimage"},"image":{"@id":"https:\/\/buymodafinilonline.com\/es\/farmacos-inteligentes\/modalert-200-mg\/#primaryimage"},"thumbnailUrl":"https:\/\/buymodafinilonline.com\/wp-content\/uploads\/2020\/04\/product-bmo-Modalert-1.png","datePublished":"2020-03-23T19:47:37+00:00","dateModified":"2025-11-04T00:21:18+00:00","description":"Comprimidos de Modalert 200 mg a buen precio sin receta m\u00e9dica en la farmacia BuyModafinilOnline. \u00a1Entrega 100 % garantizada desde la India! Compra Modalert gen\u00e9rico (modafinilo) con PayPal o Bitcoin y consigue grandes descuentos.","breadcrumb":{"@id":"https:\/\/buymodafinilonline.com\/es\/farmacos-inteligentes\/modalert-200-mg\/#breadcrumb"},"inLanguage":"es","potentialAction":[{"@type":"ReadAction","target":["https:\/\/buymodafinilonline.com\/es\/farmacos-inteligentes\/modalert-200-mg\/"]}]},{"@type":"ImageObject","inLanguage":"es","@id":"https:\/\/buymodafinilonline.com\/es\/farmacos-inteligentes\/modalert-200-mg\/#primaryimage","url":"https:\/\/buymodafinilonline.com\/wp-content\/uploads\/2020\/04\/product-bmo-Modalert-1.png","contentUrl":"https:\/\/buymodafinilonline.com\/wp-content\/uploads\/2020\/04\/product-bmo-Modalert-1.png","width":1280,"height":1500,"caption":"Modalert 200 mg"},{"@type":"BreadcrumbList","@id":"https:\/\/buymodafinilonline.com\/es\/farmacos-inteligentes\/modalert-200-mg\/#breadcrumb","itemListElement":[{"@type":"ListItem","position":1,"name":"Buy Modafinil Online","item":"https:\/\/buymodafinilonline.com\/es\/"},{"@type":"ListItem","position":2,"name":"Tienda","item":"https:\/\/buymodafinilonline.com\/es\/tienda\/"},{"@type":"ListItem","position":3,"name":"Los m\u00e1s vendidos","item":"https:\/\/buymodafinilonline.com\/es\/categoria-de-productos\/smart-drugs-mas-vendidos\/"},{"@type":"ListItem","position":4,"name":"Modalert 200 mg"}]},{"@type":"WebSite","@id":"https:\/\/buymodafinilonline.com\/es\/#website","url":"https:\/\/buymodafinilonline.com\/es\/","name":"BuyModafinilOnline.com","description":"Modafinil Online Pharmacy","publisher":{"@id":"https:\/\/buymodafinilonline.com\/es\/#organization"},"potentialAction":[{"@type":"SearchAction","target":{"@type":"EntryPoint","urlTemplate":"https:\/\/buymodafinilonline.com\/es\/?s={search_term_string}"},"query-input":{"@type":"PropertyValueSpecification","valueRequired":true,"valueName":"search_term_string"}}],"inLanguage":"es"},{"@type":"Organization","@id":"https:\/\/buymodafinilonline.com\/es\/#organization","name":"BuyModafinilOnline","url":"https:\/\/buymodafinilonline.com\/es\/","logo":{"@type":"ImageObject","inLanguage":"es","@id":"https:\/\/buymodafinilonline.com\/es\/#\/schema\/logo\/image\/","url":"https:\/\/buymodafinilonline.com\/wp-content\/uploads\/2020\/04\/logo-buy-modafinil-online-yellow.png","contentUrl":"https:\/\/buymodafinilonline.com\/wp-content\/uploads\/2020\/04\/logo-buy-modafinil-online-yellow.png","width":200,"height":200,"caption":"BuyModafinilOnline"},"image":{"@id":"https:\/\/buymodafinilonline.com\/es\/#\/schema\/logo\/image\/"}}]}},"_links":{"self":[{"href":"https:\/\/buymodafinilonline.com\/es\/wp-json\/wp\/v2\/product\/399505","targetHints":{"allow":["GET"]}}],"collection":[{"href":"https:\/\/buymodafinilonline.com\/es\/wp-json\/wp\/v2\/product"}],"about":[{"href":"https:\/\/buymodafinilonline.com\/es\/wp-json\/wp\/v2\/types\/product"}],"replies":[{"embeddable":true,"href":"https:\/\/buymodafinilonline.com\/es\/wp-json\/wp\/v2\/comments?post=399505"}],"wp:featuredmedia":[{"embeddable":true,"href":"https:\/\/buymodafinilonline.com\/es\/wp-json\/wp\/v2\/media\/398050"}],"wp:attachment":[{"href":"https:\/\/buymodafinilonline.com\/es\/wp-json\/wp\/v2\/media?parent=399505"}],"wp:term":[{"taxonomy":"product_brand","embeddable":true,"href":"https:\/\/buymodafinilonline.com\/es\/wp-json\/wp\/v2\/product_brand?post=399505"},{"taxonomy":"product_cat","embeddable":true,"href":"https:\/\/buymodafinilonline.com\/es\/wp-json\/wp\/v2\/product_cat?post=399505"},{"taxonomy":"product_tag","embeddable":true,"href":"https:\/\/buymodafinilonline.com\/es\/wp-json\/wp\/v2\/product_tag?post=399505"}],"curies":[{"name":"wp","href":"https:\/\/api.w.org\/{rel}","templated":true}]}}