{"id":399541,"date":"2020-03-23T23:19:27","date_gmt":"2020-03-23T22:19:27","guid":{"rendered":"https:\/\/buymodafinilonline.com\/smart-drugs\/muestra-de-modafinilo-gratis-modalert-200-mg\/"},"modified":"2024-08-16T17:57:16","modified_gmt":"2024-08-16T16:57:16","slug":"muestra-de-modafinilo-gratis-modalert-200-mg","status":"publish","type":"product","link":"https:\/\/buymodafinilonline.com\/es\/farmacos-inteligentes\/muestra-de-modafinilo-gratis-modalert-200-mg\/","title":{"rendered":"Muestras gratis de modafinilo Modalert 200 mg"},"content":{"rendered":"[vc_column width=&#8221;1\/2&#8243;]\n<div class=\"su-divider su-divider-style-default\" style=\"margin:10px 0;border-width:3px;border-color:#ffffff00\"><a href=\"#\" style=\"color:#ffffff009\">.<\/a><\/div>\n<h2>Ventajas de pedir muestras gratis de modafinilo Modalert 200 mg<\/h2>\n<div class=\"su-divider su-divider-style-default\" style=\"margin:10px 0;border-width:3px;border-color:#ffffff00\"><a href=\"#\" style=\"color:#ffffff009\">.<\/a><\/div>\nModalert se receta para tratar diferentes enfermedades relacionadas con el sue\u00f1o como, por ejemplo, narcolepsia, apnea obstructiva del sue\u00f1o, somnolencia excesiva durante las horas de vigilia, hipersomnia idiop\u00e1tica, trastorno del sue\u00f1o a causa del trabajo por turnos y otras enfermedades.<\/p>\n<p>El m\u00e9dico tambi\u00e9n puede recetar este medicamento a personas que padecen trastorno por d\u00e9ficit de atenci\u00f3n\/s\u00edndrome de d\u00e9ficit de atenci\u00f3n con hiperactividad por su capacidad para mejorar la concentraci\u00f3n, la atenci\u00f3n y recuperar el estado de vigilia.<\/p>\n<p>Tambi\u00e9n existe otro uso del modafinilo no indicado en el prospecto. Se utiliza para mejorar la productividad en el trabajo y en los estudios. Tambi\u00e9n es un remedio de gran utilidad para periodos de trabajo largos y duraderos (por eso los militares y astronautas lo toman para misiones largas) o a la hora de realizar tareas repetitivas.<\/p>\n<p>\u00bfTe puede servir Modalert?<\/p>\n<p>Primero es mejor tomar un muestra para probar el medicamento. Por este motivo, las muestras gratis se incluyen en tu lista antes de que decidas pagar m\u00e1s por una cantidad grande de comprimidos de Modalert 200 mg.<\/p>\n<div class=\"su-divider su-divider-style-default\" style=\"margin:10px 0;border-width:3px;border-color:#ffffff00\"><a href=\"#\" style=\"color:#ffffff009\">.<\/a><\/div>\n<h2>C\u00f3mo funcionan los comprimidos<\/h2>\n<div class=\"su-divider su-divider-style-default\" style=\"margin:10px 0;border-width:3px;border-color:#ffffff00\"><a href=\"#\" style=\"color:#ffffff009\">.<\/a><\/div>\nModalert tiene un efecto sobre el estado de vigilia. El principio activo de Provigil es el modafinilo. Funciona estimulando la fabricaci\u00f3n de sustancias qu\u00edmicas en el cerebro que favorecen el estado de vigilia.<\/p>\n<p>Si bien no se entiende del todo su mecanismo de acci\u00f3n exacto, se sabe que produce un aumento de la dopamina (una neurotransmisor qu\u00edmico que utilizan los nervios del cerebro para comunicarse entre si) en el organismo.<\/p>\n<p>Al inhibir las neuronas dopamin\u00e9rgicas, Modalert aumenta la hipocretina y la dopamina, lo que fomenta el estado de alerta y vigilia en el cerebro, mejora la capacidad para pensar, el estado de \u00e1nimo, la agudeza y comprensi\u00f3n mental, los niveles de percepci\u00f3n, atenci\u00f3n, motivaci\u00f3n y energ\u00eda.<\/p>\n<div class=\"su-divider su-divider-style-default\" style=\"margin:10px 0;border-width:3px;border-color:#ffffff00\"><a href=\"#\" style=\"color:#ffffff009\">.<\/a><\/div>\n<h2>Dosis segura y uso adecuado<\/h2>\n<div class=\"su-divider su-divider-style-default\" style=\"margin:10px 0;border-width:3px;border-color:#ffffff00\"><a href=\"#\" style=\"color:#ffffff009\">.<\/a><\/div>\nEste medicamento solo se puede administrar de forma segura por prescripci\u00f3n facultativa. Su m\u00e9dico le indicar\u00e1 como tomar Modalert 200 mg con los mejores resultados y efectos secundarios m\u00ednimos.<\/p>\n<p>Se recomienda empezar a tomar f\u00e1rmacos con modafinilo en la dosis m\u00e1s baja y, si procede, se puede aumentar (400 mg como m\u00e1ximo) hasta llegar a la dosis eficaz, tolerada y con la fuerza adecuada que ofrezca los resultados deseados.<\/p>\n<p>La dosis diaria adecuada es de 100-200 mg de modafinilo.<\/p>\n<p>A este respecto, la duraci\u00f3n del tratamiento con este medicamento depende del tipo de enfermedad que deba tratarse. Modalert se toma con un vaso de agua entero y comida o con el est\u00f3mago vac\u00edo. En particular, el efecto dura de 6 a 12 horas y puede variar seg\u00fan el estado de salud de la persona.<\/p>\n<div class=\"su-divider su-divider-style-default\" style=\"margin:10px 0;border-width:3px;border-color:#ffffff00\"><a href=\"#\" style=\"color:#ffffff009\">.<\/a><\/div>\n<h2>Posibles efectos secundarios<\/h2>\n<div class=\"su-divider su-divider-style-default\" style=\"margin:10px 0;border-width:3px;border-color:#ffffff00\"><a href=\"#\" style=\"color:#ffffff009\">.<\/a><\/div>\nModalert es seguro para personas con un buen estado de salud. Sin embargo, algunas personas pueden experimentar efectos secundarios m\u00ednimos que van desapareciendo a medida que se toma el medicamento.<\/p>\n<p>Los efectos negativos habituales de Modalert 200 mg son dolor de cabeza, nerviosismo, dolor de pecho, dificultad para dormir y cambios de humor.<\/p>\n<p>Los efectos secundarios m\u00e1s graves se producen en raras ocasiones, pero algunas personas pueden tenerlos. A saber: pueden dar en alg more serious side effects rarely happen but can occur to some individuals: latido irregular, irritaci\u00f3n de la piel, v\u00f3mitos, urticaria y erupci\u00f3n cut\u00e1nea.<\/p>\n<p>Esta no es una lista exhaustiva. Algunos efectos negativos pueden ser graves y perjudiciales para la salud de algunas personas. Si experimentas alg\u00fan indicio extra\u00f1o, consulta con tu m\u00e9dico inmediatamente. Hablar con un m\u00e9dico es necesario.<\/p>\n[\/vc_column][vc_column width=&#8221;1\/2&#8243;]\n<div class=\"su-divider su-divider-style-default\" style=\"margin:10px 0;border-width:3px;border-color:#ffffff00\"><a href=\"#\" style=\"color:#ffffff009\">.<\/a><\/div>\n<h2>Contraindicaciones y precauciones<\/h2>\n<div class=\"su-divider su-divider-style-default\" style=\"margin:10px 0;border-width:3px;border-color:#ffffff00\"><a href=\"#\" style=\"color:#ffffff009\">.<\/a><\/div>\nEl uso de este medicamento est\u00e1 contraindicado a personas que tienen enfermedades hep\u00e1ticas\/card\u00edacas, hipertensi\u00f3n, psicosis, man\u00eda y depresi\u00f3n. Esta no es una lista exhaustiva de algunas de las enfermedades<\/p>\n<p>Algunas interacciones del medicamento pueden ser graves y conviene extremar la precauci\u00f3n. Modalert 200 mg interact\u00faa con algunos medicamentos como, por ejemplo:<\/p>\n<div class=\"su-divider su-divider-style-default\" style=\"margin:10px 0;border-width:3px;border-color:#ffffff00\"><a href=\"#\" style=\"color:#ffffff009\">.<\/a><\/div>\n<ul>\n<li>ciclosporina;<\/li>\n<li>teofilina (Theo-24);<\/li>\n<li>imipramina;<\/li>\n<li>desipramina;<\/li>\n<li>fenito\u00edna;<\/li>\n<li>rifampincina.<\/li>\n<\/ul>\n<div class=\"su-divider su-divider-style-default\" style=\"margin:10px 0;border-width:3px;border-color:#ffffff00\"><a href=\"#\" style=\"color:#ffffff009\">.<\/a><\/div>\nEsta no es una lista exhaustiva. Tu m\u00e9dico especialista debe evaluar todos los medicamentos que est\u00e1s tomando, as\u00ed como realizar un an\u00e1lisis profundo para detectar cualquier enfermedad que tengas.<\/p>\n<p>Este medicamento se absorbe bien con la comida, si bien el consumo de alimentos grasos puede retrasar su efecto.<\/p>\n<p>No consumas alcohol mientras tomes Modalert 200 mg.<\/p>\n<p>Consejo: se recomienda no dejar la medicaci\u00f3n repentinamente, ya que podr\u00edas desarrollar s\u00edndrome de abstinencia. Tambi\u00e9n se recomienda no tomar Modalert si eres al\u00e9rgico a este medicamento.<\/p>\n<div class=\"su-divider su-divider-style-default\" style=\"margin:10px 0;border-width:3px;border-color:#ffffff00\"><a href=\"#\" style=\"color:#ffffff009\">.<\/a><\/div>\n<h2>Experiencia del consumidor<\/h2>\n<div class=\"su-divider su-divider-style-default\" style=\"margin:10px 0;border-width:3px;border-color:#ffffff00\"><a href=\"#\" style=\"color:#ffffff009\">.<\/a><\/div>\nModalert es un medicamento efectivo que favorece el estado de vigilia y tiene efectos cognitivos. Este medicamento se suele tomar para realizar trabajos m\u00e1s complejos y es un f\u00e1rmaco potente que fortalece la funci\u00f3n cognitiva, mejora la capacidad de atenci\u00f3n y la agudeza mental.<\/p>\n<p>Las personas saludables no suelen tener problemas de salud graves cuando toman modafinilo. Es un medicamento seguro y no adictivo. Si investigas en Internet sobre este medicamento, te sorprender\u00e1s por las puntuaciones positivas gracias a las espectaculares ventajas que ofrece a personas de diferentes \u00e1mbitos sociales.<\/p>\n<p>A pesar de las ventajas que ofrece, es necesario consultar al m\u00e9dico antes de empezar a tomar este medicamento.<\/p>\n<div class=\"su-divider su-divider-style-default\" style=\"margin:10px 0;border-width:3px;border-color:#ffffff00\"><a href=\"#\" style=\"color:#ffffff009\">.<\/a><\/div>\n<h2>C\u00f3mo conseguir modafinilo gratis (muestra de Modalert 200 mg) online<\/h2>\n<div class=\"su-divider su-divider-style-default\" style=\"margin:10px 0;border-width:3px;border-color:#ffffff00\"><a href=\"#\" style=\"color:#ffffff009\">.<\/a><\/div>\nSi bien ofrecemos medicamentos de calidad fabricados en laboratorios homologados, creemos que es leg\u00edtimo ofrecer muestras gratis a nuestros compradores antes de que decidan comprar m\u00e1s comprimidos.<\/p>\n<p>En <a href=\"https:\/\/buymodafinilonline.com\/es\/\">BuyModafinilOnline<\/a>, ofrecemos <a href=\"https:\/\/buymodafinilonline.com\/free-trial\/\">muestras gratis de gen\u00e9ricos de modafinilo<\/a>. Solo tendr\u00e1s que pagar los gastos de env\u00edo y recibir\u00e1s tus comprimidos en el momento adecuado.<\/p>\n<p>Si compras otros productos (como <a href=\"https:\/\/buymodafinilonline.com\/es\/farmacos-inteligentes\/waklert-150-mg\/\">Waklert<\/a>, <a href=\"https:\/\/buymodafinilonline.com\/es\/farmacos-inteligentes\/modvigil-200-mg\/\">Modvigil<\/a>, <a href=\"https:\/\/buymodafinilonline.com\/es\/farmacos-inteligentes\/modafil-md-200-mg-sublingual\/\">Modafil MD<\/a>, etc.) en nuestra farmacia, disfrutar\u00e1s de un mont\u00f3n de ventajas como, por ejemplo:<\/p>\n<div class=\"su-divider su-divider-style-default\" style=\"margin:10px 0;border-width:3px;border-color:#ffffff00\"><a href=\"#\" style=\"color:#ffffff009\">.<\/a><\/div>\n<ul>\n<li>Descuento del 23 % en <a href=\"https:\/\/buymodafinilonline.com\/es\/paga-con-bitcoin\/\">pagos con bitcoin<\/a>. Tambi\u00e9n ofrecemos otras formas de pago;<\/li>\n<li><a href=\"https:\/\/buymodafinilonline.com\/es\/mejor-proveedor-espana\/\">env\u00edo ultra r\u00e1pido<\/a> a la mayor\u00eda de pa\u00edses del mundo;<\/li>\n<li>env\u00edo gratis en pedidos de 80 USD o m\u00e1s;<\/li>\n<li>cupones, ofertas y descuentos extra para ayudar a reducir el coste total del producto;<\/li>\n<li>suculento cup\u00f3n por dejar una rese\u00f1a o repetir compras.<\/li>\n<\/ul>\n<div class=\"su-divider su-divider-style-default\" style=\"margin:10px 0;border-width:3px;border-color:#ffffff00\"><a href=\"#\" style=\"color:#ffffff009\">.<\/a><\/div>\nHacemos lo que prometemos y ofrecemos medicamentos de calidad fabricados en laboratorios homologados que comercializamos a coste de fabricaci\u00f3n. \u00a1Precios congelados!<\/p>\n<p>&nbsp;<\/p>\n[\/vc_column]\n<div class=\"su-divider su-divider-style-default\" style=\"margin:10px 0;border-width:3px;border-color:#ffffff00\"><a href=\"#\" style=\"color:#ffffff009\">.<\/a><\/div>\n","protected":false},"excerpt":{"rendered":"<p>Nuestra farmacia online ofrece 10 muestras de modafinilo gratis. Las muestras gratis de modafinilo son un s\u00edmbolo de la confianza, fiabilidad y calidad de nuestro producto m\u00e1s vendido: Modalert 200 mg.<\/p>\n<p>Aunque son gratis, SOLO tendr\u00e1s que pagar 29 USD por gastos de env\u00edo ordinario a EE. UU., el Reino Unido y varios pa\u00edses m\u00e1s.<\/p>\n[sc name=\"s1\"]\n[sc name=\"free-samples-notice-product\"]\n[sc name=\"s1\"]\n","protected":false},"featured_media":398171,"comment_status":"closed","ping_status":"closed","template":"","meta":{"_acf_changed":false},"product_brand":[],"product_cat":[3788,4244,8921],"product_tag":[4001],"class_list":{"0":"post-399541","1":"product","2":"type-product","3":"status-publish","4":"has-post-thumbnail","6":"product_cat-marcas-de-drogas-inteligentes","7":"product_cat-prueba-gratis","8":"product_cat-us-domestic-shipping-es","9":"product_tag-modafinilo","11":"first","12":"instock","13":"sale","14":"shipping-taxable","15":"purchasable","16":"product-type-simple"},"acf":[],"yoast_head":"<!-- This site is optimized with the Yoast SEO Premium plugin v23.6 (Yoast SEO v27.4) - https:\/\/yoast.com\/product\/yoast-seo-premium-wordpress\/ -->\n<title>Consigue muestras de modafinilo gratis (muestra de Modalert 200 mg) - BuyModafinilOnline<\/title>\n<meta name=\"description\" content=\"Date prisa para conseguir 10 muestras de modafinilo totalmente gratis en BuyModafinilOnline. \u00a1La muestra de Modalert 200 mg se puede conseguir con todos los pedidos! Entrega 100 % garantizada y servicio excelente.\" \/>\n<meta name=\"robots\" content=\"index, follow, max-snippet:-1, max-image-preview:large, max-video-preview:-1\" \/>\n<link rel=\"canonical\" href=\"https:\/\/buymodafinilonline.com\/es\/farmacos-inteligentes\/muestra-de-modafinilo-gratis-modalert-200-mg\/\" \/>\n<meta property=\"og:locale\" content=\"es_ES\" \/>\n<meta property=\"og:type\" content=\"article\" \/>\n<meta property=\"og:title\" content=\"Muestras gratis de modafinilo Modalert 200 mg\" \/>\n<meta property=\"og:description\" content=\"Date prisa para conseguir 10 muestras de modafinilo totalmente gratis en BuyModafinilOnline. \u00a1La muestra de Modalert 200 mg se puede conseguir con todos los pedidos! Entrega 100 % garantizada y servicio excelente.\" \/>\n<meta property=\"og:url\" content=\"https:\/\/buymodafinilonline.com\/es\/farmacos-inteligentes\/muestra-de-modafinilo-gratis-modalert-200-mg\/\" \/>\n<meta property=\"og:site_name\" content=\"BuyModafinilOnline.com\" \/>\n<meta property=\"article:modified_time\" content=\"2024-08-16T16:57:16+00:00\" \/>\n<meta property=\"og:image\" content=\"https:\/\/buymodafinilonline.com\/wp-content\/uploads\/2020\/04\/bmo-product-modalert-free-samples-.png\" \/>\n\t<meta property=\"og:image:width\" content=\"1280\" \/>\n\t<meta property=\"og:image:height\" content=\"1500\" \/>\n\t<meta property=\"og:image:type\" content=\"image\/png\" \/>\n<meta name=\"twitter:label1\" content=\"Tiempo de lectura\" \/>\n\t<meta name=\"twitter:data1\" content=\"6 minutos\" \/>\n<script type=\"application\/ld+json\" class=\"yoast-schema-graph\">{\"@context\":\"https:\\\/\\\/schema.org\",\"@graph\":[{\"@type\":\"WebPage\",\"@id\":\"https:\\\/\\\/buymodafinilonline.com\\\/es\\\/farmacos-inteligentes\\\/muestra-de-modafinilo-gratis-modalert-200-mg\\\/\",\"url\":\"https:\\\/\\\/buymodafinilonline.com\\\/es\\\/farmacos-inteligentes\\\/muestra-de-modafinilo-gratis-modalert-200-mg\\\/\",\"name\":\"Consigue muestras de modafinilo gratis (muestra de Modalert 200 mg) - BuyModafinilOnline\",\"isPartOf\":{\"@id\":\"https:\\\/\\\/buymodafinilonline.com\\\/es\\\/#website\"},\"primaryImageOfPage\":{\"@id\":\"https:\\\/\\\/buymodafinilonline.com\\\/es\\\/farmacos-inteligentes\\\/muestra-de-modafinilo-gratis-modalert-200-mg\\\/#primaryimage\"},\"image\":{\"@id\":\"https:\\\/\\\/buymodafinilonline.com\\\/es\\\/farmacos-inteligentes\\\/muestra-de-modafinilo-gratis-modalert-200-mg\\\/#primaryimage\"},\"thumbnailUrl\":\"https:\\\/\\\/buymodafinilonline.com\\\/wp-content\\\/uploads\\\/2020\\\/04\\\/bmo-product-modalert-free-samples-.png\",\"datePublished\":\"2020-03-23T22:19:27+00:00\",\"dateModified\":\"2024-08-16T16:57:16+00:00\",\"description\":\"Date prisa para conseguir 10 muestras de modafinilo totalmente gratis en BuyModafinilOnline. \u00a1La muestra de Modalert 200 mg se puede conseguir con todos los pedidos! Entrega 100 % garantizada y servicio excelente.\",\"breadcrumb\":{\"@id\":\"https:\\\/\\\/buymodafinilonline.com\\\/es\\\/farmacos-inteligentes\\\/muestra-de-modafinilo-gratis-modalert-200-mg\\\/#breadcrumb\"},\"inLanguage\":\"es\",\"potentialAction\":[{\"@type\":\"ReadAction\",\"target\":[\"https:\\\/\\\/buymodafinilonline.com\\\/es\\\/farmacos-inteligentes\\\/muestra-de-modafinilo-gratis-modalert-200-mg\\\/\"]}]},{\"@type\":\"ImageObject\",\"inLanguage\":\"es\",\"@id\":\"https:\\\/\\\/buymodafinilonline.com\\\/es\\\/farmacos-inteligentes\\\/muestra-de-modafinilo-gratis-modalert-200-mg\\\/#primaryimage\",\"url\":\"https:\\\/\\\/buymodafinilonline.com\\\/wp-content\\\/uploads\\\/2020\\\/04\\\/bmo-product-modalert-free-samples-.png\",\"contentUrl\":\"https:\\\/\\\/buymodafinilonline.com\\\/wp-content\\\/uploads\\\/2020\\\/04\\\/bmo-product-modalert-free-samples-.png\",\"width\":1280,\"height\":1500,\"caption\":\"Muestras gratis de modafinilo Modalert 200 mg\"},{\"@type\":\"BreadcrumbList\",\"@id\":\"https:\\\/\\\/buymodafinilonline.com\\\/es\\\/farmacos-inteligentes\\\/muestra-de-modafinilo-gratis-modalert-200-mg\\\/#breadcrumb\",\"itemListElement\":[{\"@type\":\"ListItem\",\"position\":1,\"name\":\"Buy Modafinil Online\",\"item\":\"https:\\\/\\\/buymodafinilonline.com\\\/es\\\/\"},{\"@type\":\"ListItem\",\"position\":2,\"name\":\"Tienda\",\"item\":\"https:\\\/\\\/buymodafinilonline.com\\\/es\\\/tienda\\\/\"},{\"@type\":\"ListItem\",\"position\":3,\"name\":\"Marcas de drogas inteligentes\",\"item\":\"https:\\\/\\\/buymodafinilonline.com\\\/es\\\/categoria-de-productos\\\/marcas-de-drogas-inteligentes\\\/\"},{\"@type\":\"ListItem\",\"position\":4,\"name\":\"Muestras gratis de modafinilo Modalert 200 mg\"}]},{\"@type\":\"WebSite\",\"@id\":\"https:\\\/\\\/buymodafinilonline.com\\\/es\\\/#website\",\"url\":\"https:\\\/\\\/buymodafinilonline.com\\\/es\\\/\",\"name\":\"BuyModafinilOnline.com\",\"description\":\"Modafinil Online Pharmacy\",\"publisher\":{\"@id\":\"https:\\\/\\\/buymodafinilonline.com\\\/es\\\/#organization\"},\"potentialAction\":[{\"@type\":\"SearchAction\",\"target\":{\"@type\":\"EntryPoint\",\"urlTemplate\":\"https:\\\/\\\/buymodafinilonline.com\\\/es\\\/?s={search_term_string}\"},\"query-input\":{\"@type\":\"PropertyValueSpecification\",\"valueRequired\":true,\"valueName\":\"search_term_string\"}}],\"inLanguage\":\"es\"},{\"@type\":\"Organization\",\"@id\":\"https:\\\/\\\/buymodafinilonline.com\\\/es\\\/#organization\",\"name\":\"BuyModafinilOnline\",\"url\":\"https:\\\/\\\/buymodafinilonline.com\\\/es\\\/\",\"logo\":{\"@type\":\"ImageObject\",\"inLanguage\":\"es\",\"@id\":\"https:\\\/\\\/buymodafinilonline.com\\\/es\\\/#\\\/schema\\\/logo\\\/image\\\/\",\"url\":\"https:\\\/\\\/buymodafinilonline.com\\\/wp-content\\\/uploads\\\/2020\\\/04\\\/logo-buy-modafinil-online-yellow.png\",\"contentUrl\":\"https:\\\/\\\/buymodafinilonline.com\\\/wp-content\\\/uploads\\\/2020\\\/04\\\/logo-buy-modafinil-online-yellow.png\",\"width\":200,\"height\":200,\"caption\":\"BuyModafinilOnline\"},\"image\":{\"@id\":\"https:\\\/\\\/buymodafinilonline.com\\\/es\\\/#\\\/schema\\\/logo\\\/image\\\/\"}}]}<\/script>\n<!-- \/ Yoast SEO Premium plugin. -->","yoast_head_json":{"title":"Consigue muestras de modafinilo gratis (muestra de Modalert 200 mg) - BuyModafinilOnline","description":"Date prisa para conseguir 10 muestras de modafinilo totalmente gratis en BuyModafinilOnline. \u00a1La muestra de Modalert 200 mg se puede conseguir con todos los pedidos! Entrega 100 % garantizada y servicio excelente.","robots":{"index":"index","follow":"follow","max-snippet":"max-snippet:-1","max-image-preview":"max-image-preview:large","max-video-preview":"max-video-preview:-1"},"canonical":"https:\/\/buymodafinilonline.com\/es\/farmacos-inteligentes\/muestra-de-modafinilo-gratis-modalert-200-mg\/","og_locale":"es_ES","og_type":"article","og_title":"Muestras gratis de modafinilo Modalert 200 mg","og_description":"Date prisa para conseguir 10 muestras de modafinilo totalmente gratis en BuyModafinilOnline. \u00a1La muestra de Modalert 200 mg se puede conseguir con todos los pedidos! Entrega 100 % garantizada y servicio excelente.","og_url":"https:\/\/buymodafinilonline.com\/es\/farmacos-inteligentes\/muestra-de-modafinilo-gratis-modalert-200-mg\/","og_site_name":"BuyModafinilOnline.com","article_modified_time":"2024-08-16T16:57:16+00:00","og_image":[{"width":1280,"height":1500,"url":"https:\/\/buymodafinilonline.com\/wp-content\/uploads\/2020\/04\/bmo-product-modalert-free-samples-.png","type":"image\/png"}],"twitter_misc":{"Tiempo de lectura":"6 minutos"},"schema":{"@context":"https:\/\/schema.org","@graph":[{"@type":"WebPage","@id":"https:\/\/buymodafinilonline.com\/es\/farmacos-inteligentes\/muestra-de-modafinilo-gratis-modalert-200-mg\/","url":"https:\/\/buymodafinilonline.com\/es\/farmacos-inteligentes\/muestra-de-modafinilo-gratis-modalert-200-mg\/","name":"Consigue muestras de modafinilo gratis (muestra de Modalert 200 mg) - BuyModafinilOnline","isPartOf":{"@id":"https:\/\/buymodafinilonline.com\/es\/#website"},"primaryImageOfPage":{"@id":"https:\/\/buymodafinilonline.com\/es\/farmacos-inteligentes\/muestra-de-modafinilo-gratis-modalert-200-mg\/#primaryimage"},"image":{"@id":"https:\/\/buymodafinilonline.com\/es\/farmacos-inteligentes\/muestra-de-modafinilo-gratis-modalert-200-mg\/#primaryimage"},"thumbnailUrl":"https:\/\/buymodafinilonline.com\/wp-content\/uploads\/2020\/04\/bmo-product-modalert-free-samples-.png","datePublished":"2020-03-23T22:19:27+00:00","dateModified":"2024-08-16T16:57:16+00:00","description":"Date prisa para conseguir 10 muestras de modafinilo totalmente gratis en BuyModafinilOnline. \u00a1La muestra de Modalert 200 mg se puede conseguir con todos los pedidos! Entrega 100 % garantizada y servicio excelente.","breadcrumb":{"@id":"https:\/\/buymodafinilonline.com\/es\/farmacos-inteligentes\/muestra-de-modafinilo-gratis-modalert-200-mg\/#breadcrumb"},"inLanguage":"es","potentialAction":[{"@type":"ReadAction","target":["https:\/\/buymodafinilonline.com\/es\/farmacos-inteligentes\/muestra-de-modafinilo-gratis-modalert-200-mg\/"]}]},{"@type":"ImageObject","inLanguage":"es","@id":"https:\/\/buymodafinilonline.com\/es\/farmacos-inteligentes\/muestra-de-modafinilo-gratis-modalert-200-mg\/#primaryimage","url":"https:\/\/buymodafinilonline.com\/wp-content\/uploads\/2020\/04\/bmo-product-modalert-free-samples-.png","contentUrl":"https:\/\/buymodafinilonline.com\/wp-content\/uploads\/2020\/04\/bmo-product-modalert-free-samples-.png","width":1280,"height":1500,"caption":"Muestras gratis de modafinilo Modalert 200 mg"},{"@type":"BreadcrumbList","@id":"https:\/\/buymodafinilonline.com\/es\/farmacos-inteligentes\/muestra-de-modafinilo-gratis-modalert-200-mg\/#breadcrumb","itemListElement":[{"@type":"ListItem","position":1,"name":"Buy Modafinil Online","item":"https:\/\/buymodafinilonline.com\/es\/"},{"@type":"ListItem","position":2,"name":"Tienda","item":"https:\/\/buymodafinilonline.com\/es\/tienda\/"},{"@type":"ListItem","position":3,"name":"Marcas de drogas inteligentes","item":"https:\/\/buymodafinilonline.com\/es\/categoria-de-productos\/marcas-de-drogas-inteligentes\/"},{"@type":"ListItem","position":4,"name":"Muestras gratis de modafinilo Modalert 200 mg"}]},{"@type":"WebSite","@id":"https:\/\/buymodafinilonline.com\/es\/#website","url":"https:\/\/buymodafinilonline.com\/es\/","name":"BuyModafinilOnline.com","description":"Modafinil Online Pharmacy","publisher":{"@id":"https:\/\/buymodafinilonline.com\/es\/#organization"},"potentialAction":[{"@type":"SearchAction","target":{"@type":"EntryPoint","urlTemplate":"https:\/\/buymodafinilonline.com\/es\/?s={search_term_string}"},"query-input":{"@type":"PropertyValueSpecification","valueRequired":true,"valueName":"search_term_string"}}],"inLanguage":"es"},{"@type":"Organization","@id":"https:\/\/buymodafinilonline.com\/es\/#organization","name":"BuyModafinilOnline","url":"https:\/\/buymodafinilonline.com\/es\/","logo":{"@type":"ImageObject","inLanguage":"es","@id":"https:\/\/buymodafinilonline.com\/es\/#\/schema\/logo\/image\/","url":"https:\/\/buymodafinilonline.com\/wp-content\/uploads\/2020\/04\/logo-buy-modafinil-online-yellow.png","contentUrl":"https:\/\/buymodafinilonline.com\/wp-content\/uploads\/2020\/04\/logo-buy-modafinil-online-yellow.png","width":200,"height":200,"caption":"BuyModafinilOnline"},"image":{"@id":"https:\/\/buymodafinilonline.com\/es\/#\/schema\/logo\/image\/"}}]}},"_links":{"self":[{"href":"https:\/\/buymodafinilonline.com\/es\/wp-json\/wp\/v2\/product\/399541","targetHints":{"allow":["GET"]}}],"collection":[{"href":"https:\/\/buymodafinilonline.com\/es\/wp-json\/wp\/v2\/product"}],"about":[{"href":"https:\/\/buymodafinilonline.com\/es\/wp-json\/wp\/v2\/types\/product"}],"replies":[{"embeddable":true,"href":"https:\/\/buymodafinilonline.com\/es\/wp-json\/wp\/v2\/comments?post=399541"}],"wp:featuredmedia":[{"embeddable":true,"href":"https:\/\/buymodafinilonline.com\/es\/wp-json\/wp\/v2\/media\/398171"}],"wp:attachment":[{"href":"https:\/\/buymodafinilonline.com\/es\/wp-json\/wp\/v2\/media?parent=399541"}],"wp:term":[{"taxonomy":"product_brand","embeddable":true,"href":"https:\/\/buymodafinilonline.com\/es\/wp-json\/wp\/v2\/product_brand?post=399541"},{"taxonomy":"product_cat","embeddable":true,"href":"https:\/\/buymodafinilonline.com\/es\/wp-json\/wp\/v2\/product_cat?post=399541"},{"taxonomy":"product_tag","embeddable":true,"href":"https:\/\/buymodafinilonline.com\/es\/wp-json\/wp\/v2\/product_tag?post=399541"}],"curies":[{"name":"wp","href":"https:\/\/api.w.org\/{rel}","templated":true}]}}