{"id":399551,"date":"2020-03-23T23:44:33","date_gmt":"2020-03-23T22:44:33","guid":{"rendered":"https:\/\/buymodafinilonline.com\/smart-drugs\/muestras-gratis-de-armodafinilo-artvigil-150-mg\/"},"modified":"2024-08-16T17:57:15","modified_gmt":"2024-08-16T16:57:15","slug":"muestras-gratis-de-armodafinilo-artvigil-150-mg","status":"publish","type":"product","link":"https:\/\/buymodafinilonline.com\/es\/farmacos-inteligentes\/muestras-gratis-de-armodafinilo-artvigil-150-mg\/","title":{"rendered":"Muestras gratis de armodafinilo Artvigil 150 mg"},"content":{"rendered":"[vc_column width=&#8221;1\/2&#8243;]\n<div class=\"su-divider su-divider-style-default\" style=\"margin:10px 0;border-width:3px;border-color:#ffffff00\"><a href=\"#\" style=\"color:#ffffff009\">.<\/a><\/div>\n<h2>Ventajas de encargar muestras gratis de armodafinilo Artvigil 150 mg<\/h2>\n<div class=\"su-divider su-divider-style-default\" style=\"margin:10px 0;border-width:3px;border-color:#ffffff00\"><a href=\"#\" style=\"color:#ffffff009\">.<\/a><\/div>\nEl principio activo de Artvigil es el armodafinilo, una sustancia autorizada para el tratamiento de la somnolencia diurna excesiva relacionada con la narcolepsia, la apnea obstructiva del sue\u00f1o y el trastorno del sue\u00f1o a causa del trabajo por turnos.<\/p>\n<p>Sin embargo, se suele utilizar para fines no indicados en el prospecto en el tratamiento del s\u00edndrome de fatiga cr\u00f3nica, del trastorno por d\u00e9ficit de atenci\u00f3n con hiperactividad y del trastorno depresivo grave.<\/p>\n<p>Ha sido bautizado con el primer f\u00e1rmaco \u201cinteligente\u201d del mundo gracias a su uso extendido como estimulante cognitivo. Directores ejecutivos, estudiantes, militares, trabajadores y astronautas, entre otros, toman este f\u00e1rmaco para aumentar su productividad aprovechando el efecto positivo de este f\u00e1rmaco en la capacidad cognitiva.<\/p>\n<p>Te vamos a enviar una muestra gratis de 10 comprimidos para que los pruebes y veas si estas pastillas te pueden servir. No tienes que pagar por ella y no se ver\u00e1 afectada la finalidad m\u00e9dica.<\/p>\n<p>Una muestra gratis de 10 comprimidos de armodafinilo ser\u00e1 suficiente para obtener los resultados definitivos y saber si este f\u00e1rmaco es adecuado o no para ti. Por \u00faltimo, es indispensable que consultes a tu m\u00e9dico antes de comprar o recibir muestras gratis de comprimidos de armodafinilo.<\/p>\n<div class=\"su-divider su-divider-style-default\" style=\"margin:10px 0;border-width:3px;border-color:#ffffff00\"><a href=\"#\" style=\"color:#ffffff009\">.<\/a><\/div>\n<h2>C\u00f3mo funcionan los comprimidos<\/h2>\n<div class=\"su-divider su-divider-style-default\" style=\"margin:10px 0;border-width:3px;border-color:#ffffff00\"><a href=\"#\" style=\"color:#ffffff009\">.<\/a><\/div>\nArvigil 150 mg estimula la producci\u00f3n de sustancias qu\u00edmicas en el cerebro que favorecen el estado de vigilia. Act\u00faa como un agente de activaci\u00f3n del estado de vigilia.<\/p>\n<p>Si bien todav\u00eda no se ha entendido del todo su mecanismo de acci\u00f3n exacto, los cient\u00edficos saben que provoca un aumento de los niveles de dopamina (un neurotransmisor qu\u00edmico que utilizan los nervios del cerebro para comunicarse entre si) en el organismo.<\/p>\n<p>El armodafinilo inhibe otros nervios y sustancias encargadas de absorber una mayor cantidad de dopamina en el organismo, por lo que favorece la actividad cerebral relacionada con el estado de vigilia, el aumento de la capacidad de reflexi\u00f3n, la agudeza mental, la mejora del humor y de los niveles de concentraci\u00f3n, percepci\u00f3n, atenci\u00f3n, motivaci\u00f3n y energ\u00eda.<\/p>\n<div class=\"su-divider su-divider-style-default\" style=\"margin:10px 0;border-width:3px;border-color:#ffffff00\"><a href=\"#\" style=\"color:#ffffff009\">.<\/a><\/div>\n<h2>Dosis segura y uso adecuado<\/h2>\n<div class=\"su-divider su-divider-style-default\" style=\"margin:10px 0;border-width:3px;border-color:#ffffff00\"><a href=\"#\" style=\"color:#ffffff009\">.<\/a><\/div>\nSe recomienda vehementemente tomar 150 mg al d\u00eda (1 comprimido). Superar la dosis puede aumentar la posibildiad de que aparezcan efectos secundarios.<\/p>\n<p>En cualquier caso, siempre est\u00e1 la opci\u00f3n de dividir la dosis. Para tratar la narcolepsia, es mejor tomarlo por la ma\u00f1ana al levantarse o 1 hora cuando te prepares para trabajar o estudiar. El efecto dura m\u00e1s de 10 horas.<\/p>\n<p>Se puede conseguir que el efecto surta m\u00e1s r\u00e1pido tomando el comprimido con agua y el est\u00f3mago vac\u00edo. El efecto m\u00e1ximo se produce al cabo de 2-3 horas de administrarlo correctamente.<\/p>\n<p>Recuerda que este es un medicamento con receta y debes consultar primero a tu m\u00e9dico.<\/p>\n<div class=\"su-divider su-divider-style-default\" style=\"margin:10px 0;border-width:3px;border-color:#ffffff00\"><a href=\"#\" style=\"color:#ffffff009\">.<\/a><\/div>\n<h2>Posibles efectos secundarios<\/h2>\n<div class=\"su-divider su-divider-style-default\" style=\"margin:10px 0;border-width:3px;border-color:#ffffff00\"><a href=\"#\" style=\"color:#ffffff009\">.<\/a><\/div>\nLos efectos negativos de este medicamento son poco habituales. Sin embargo, los efectos secundarios habituales son congesti\u00f3n nasal, dolor de espalda, ansiedad, insomnio, dispepsia, diarrea, n\u00e1useas y dolor de cabeza.<\/p>\n<p>Existen otros efectos negativos mucho menos habituales, pero que pueden ser graves como, por ejemplo, los siguientes: latido irregular, v\u00f3mitos, erupci\u00f3n cut\u00e1nea, orina oscura, \u00falceras bucales, urticaria e irritaci\u00f3n de la piel.<\/p>\n<p>Si persiste cualquiera de los efectos secundarios durante el uso continuo o tras dejar la medicaci\u00f3n y empeora tu estado de salud, acude de inmediato al m\u00e9dico.<\/p>\n[\/vc_column][vc_column width=&#8221;1\/2&#8243;]\n<div class=\"su-divider su-divider-style-default\" style=\"margin:10px 0;border-width:3px;border-color:#ffffff00\"><a href=\"#\" style=\"color:#ffffff009\">.<\/a><\/div>\n<h2>Contraindicaciones y precauciones<\/h2>\n<div class=\"su-divider su-divider-style-default\" style=\"margin:10px 0;border-width:3px;border-color:#ffffff00\"><a href=\"#\" style=\"color:#ffffff009\">.<\/a><\/div>\nComo en cualquier medicamento, las precauciones y advertencias figuran en el prospecto. Antes de tomar modafinilo debes seguir las instrucciones indicadas por tu m\u00e9dico y, lo que es m\u00e1s importante, se recomienda seguir las instrucciones que figuran en el prospecto del medicamento.<\/p>\n<p>Artvigil interact\u00faa con algunos medicamentos como, por ejemplo:<\/p>\n<div class=\"su-divider su-divider-style-default\" style=\"margin:10px 0;border-width:3px;border-color:#ffffff00\"><a href=\"#\" style=\"color:#ffffff009\">.<\/a><\/div>\n<ul>\n<li>sedantes o hipn\u00f3ticos;<\/li>\n<li>antiespasm\u00f3dicos;<\/li>\n<li>antidepresivos;<\/li>\n<li>p\u00edldoras anticonceptivas;<\/li>\n<li>medicamentos anticonvulsivos.<\/li>\n<\/ul>\n<div class=\"su-divider su-divider-style-default\" style=\"margin:10px 0;border-width:3px;border-color:#ffffff00\"><a href=\"#\" style=\"color:#ffffff009\">.<\/a><\/div>\nEsta lista no es exhaustiva. Por ejemplo, debes tener en cuenta si padeces determinadas enfermedades, incluidos problemas de coraz\u00f3n.<\/p>\n<p>Tampoco debes consumir alcohol cuando tomes Artvigil. No conduzcas o manejes maquinaria pesada despu\u00e9s de tomar f\u00e1rmacos con modafinilo, ya que pueden aparecer efectos secundarios como mareos o visi\u00f3n borrosa. Adem\u00e1s, no dejes de tomar armodafinilo repentinamente, ya que podr\u00edas padacer el s\u00edndrome de abstinencia.<\/p>\n<div class=\"su-divider su-divider-style-default\" style=\"margin:10px 0;border-width:3px;border-color:#ffffff00\"><a href=\"#\" style=\"color:#ffffff009\">.<\/a><\/div>\n<h2>Experiencia del consumidor<\/h2>\n<div class=\"su-divider su-divider-style-default\" style=\"margin:10px 0;border-width:3px;border-color:#ffffff00\"><a href=\"#\" style=\"color:#ffffff009\">.<\/a><\/div>\n\u00bfPor qu\u00e9 necesitas muestras gratis de modafinilo y Artvigil? A decir verdad, antes de encargar f\u00e1rmacos inteligentes a granel es mejor probar su eficacia y tolerancia. Cada persona reacciona de forma diferente a los medicamentos que toma. Consigue esta muestra gratis y pru\u00e9balo.<\/p>\n<p>Algunas de las rese\u00f1as de nuestros usuarios afirman que este f\u00e1rmaco es seguro, efectivo y se tolera bien. Favorece el estado de vigilia y aumenta eficazmente la funci\u00f3n cognitiva. A pesar de ser un f\u00e1rmaco potente aprobado para el tratamiento de varias enfermedades de trastorno del sue\u00f1o, algunas personas que publican comentarios y puntuaciones en Internet sobre este f\u00e1rmaco hablan positivamente del modafinilo por sus efectos cognitivos.<\/p>\n<p>Las personas que dejaron una rese\u00f1a sobre Artvigil 150 mg mencionaron efectos como un aumento de la concentraci\u00f3n, atenci\u00f3n, mejora de la memoria y agudeza mental. Adem\u00e1s, seg\u00fan algunas fuentes period\u00edsticas veraces, la mayor\u00eda de directores ejecutivos y profesionales le ponen una puntuaci\u00f3n positiva al modafinilo y armodafinilo, ya que estos f\u00e1rmacos mejoran su funci\u00f3n cognitiva y creatividad. Por su parte, otros profesionales afirman que les ayuda a aumentar su productividad laboral porque los mantiene despiertos y atentos.<\/p>\n<div class=\"su-divider su-divider-style-default\" style=\"margin:10px 0;border-width:3px;border-color:#ffffff00\"><a href=\"#\" style=\"color:#ffffff009\">.<\/a><\/div>\n<h2>C\u00f3mo conseguir armodafinilo gratis (muestra de Artvigil 150mg) online<\/h2>\n<div class=\"su-divider su-divider-style-default\" style=\"margin:10px 0;border-width:3px;border-color:#ffffff00\"><a href=\"#\" style=\"color:#ffffff009\">.<\/a><\/div>\nEs necesario conseguir muestras gratis de armodafinilo. No supone ning\u00fan agobio y te permite comprobar como funciona una farmacia online determinada y la calidad y eficacia de sus medicamentos.<\/p>\n<p>Eso es lo que hacemos en la <a href=\"https:\/\/buymodafinilonline.com\/es\/\">farmacia BuyModafinilOnline<\/a>. Hacemos lo que prometemos y solo ofrecemos medicamentos aut\u00e9nticos fabricados por laboratorios farmac\u00e9uticos legales y fiables.<\/p>\n<p>\u00bfQuieres comprar m\u00e1s comprimidos? \u00a1<a href=\"https:\/\/buymodafinilonline.com\/es\/farmacos-inteligentes\/modvigil-200-mg\/\">Modvigil 200 mg<\/a>, <a href=\"https:\/\/buymodafinilonline.com\/es\/farmacos-inteligentes\/vilafinil-200-mg\/\">Vilafinil 200 mg<\/a>, <a href=\"https:\/\/buymodafinilonline.com\/es\/farmacos-inteligentes\/modalert-200-mg\/\">Modalert 200 mg<\/a> y otros muchos nootr\u00f3picos m\u00e1s est\u00e1n disponibles para todo el mundo!<\/p>\n<p>BuyModafinilOnline es la mejor farmacia online y ofrece experiencias de compra a precios reducidos mediante cupones, descuentos (<a href=\"https:\/\/buymodafinilonline.com\/es\/paga-con-bitcoin\/\">descuento del 23 % por pagar con bitcoin<\/a>) y ofertas. Puedes conseguir un cup\u00f3n de 30 USD por escribir una rese\u00f1a o repetir compra (25 USD).<\/p>\n<p>El precio de los f\u00e1rmacos de nuestra farmacia online es considerablemente bajo porque est\u00e1n basados en el coste de fabricaci\u00f3n.<\/p>\n<div class=\"su-divider su-divider-style-default\" style=\"margin:10px 0;border-width:3px;border-color:#ffffff00\"><a href=\"#\" style=\"color:#ffffff009\">.<\/a><\/div>\n[\/vc_column]\n","protected":false},"excerpt":{"rendered":"<p>Artvigil 150 mg (de HAB Pharma) es armodafinilo, un f\u00e1rmaco que aumenta la motivaci\u00f3n, potencia la actividad mental y ayuda a estar concentrado en el trabajo. \u00bfTe puede servir este f\u00e1rmaco? Te regalamos una muestra gratis de 10 comprimidos de armodafinilo.<\/p>\n<p>Solo tendr\u00e1s que pagar los gastos de env\u00edo (29 USD para env\u00edo ordinario o 29 USD para env\u00edo urgente \u2013 plazo de entrega de solo 7 d\u00edas).<\/p>\n[sc name=\"s1\"]\n[sc name=\"free-samples-notice-product\"]\n","protected":false},"featured_media":398136,"comment_status":"closed","ping_status":"closed","template":"","meta":{"_acf_changed":false},"product_brand":[],"product_cat":[3788,4244,8921],"product_tag":[4023],"class_list":{"0":"post-399551","1":"product","2":"type-product","3":"status-publish","4":"has-post-thumbnail","6":"product_cat-marcas-de-drogas-inteligentes","7":"product_cat-prueba-gratis","8":"product_cat-us-domestic-shipping-es","9":"product_tag-armodafinil-es","11":"first","12":"instock","13":"sale","14":"shipping-taxable","15":"purchasable","16":"product-type-simple"},"acf":[],"yoast_head":"<!-- This site is optimized with the Yoast SEO Premium plugin v23.6 (Yoast SEO v27.3) - https:\/\/yoast.com\/product\/yoast-seo-premium-wordpress\/ -->\n<title>Consigue muestras gratis de armodafinilo (muestra de Artvigil 150 mg) - BuyModafinilOnline<\/title>\n<meta name=\"description\" content=\"Aqu\u00ed puedes conseguir 10 muestras gratis de armodafinilo de venta libre online. \u00a1La muestra 100 % legal de Artvigil 150 mg viene de regalo con todos los pedidos de tu carro de la compra en BuyModafinilOnline!\" \/>\n<meta name=\"robots\" content=\"index, follow, max-snippet:-1, max-image-preview:large, max-video-preview:-1\" \/>\n<link rel=\"canonical\" href=\"https:\/\/buymodafinilonline.com\/es\/farmacos-inteligentes\/muestras-gratis-de-armodafinilo-artvigil-150-mg\/\" \/>\n<meta property=\"og:locale\" content=\"es_ES\" \/>\n<meta property=\"og:type\" content=\"article\" \/>\n<meta property=\"og:title\" content=\"Muestras gratis de armodafinilo Artvigil 150 mg\" \/>\n<meta property=\"og:description\" content=\"Aqu\u00ed puedes conseguir 10 muestras gratis de armodafinilo de venta libre online. \u00a1La muestra 100 % legal de Artvigil 150 mg viene de regalo con todos los pedidos de tu carro de la compra en BuyModafinilOnline!\" \/>\n<meta property=\"og:url\" content=\"https:\/\/buymodafinilonline.com\/es\/farmacos-inteligentes\/muestras-gratis-de-armodafinilo-artvigil-150-mg\/\" \/>\n<meta property=\"og:site_name\" content=\"BuyModafinilOnline.com\" \/>\n<meta property=\"article:modified_time\" content=\"2024-08-16T16:57:15+00:00\" \/>\n<meta property=\"og:image\" content=\"https:\/\/buymodafinilonline.com\/wp-content\/uploads\/2020\/04\/bmo-product-artvigil-free-samples-.png\" \/>\n\t<meta property=\"og:image:width\" content=\"1280\" \/>\n\t<meta property=\"og:image:height\" content=\"1500\" \/>\n\t<meta property=\"og:image:type\" content=\"image\/png\" \/>\n<meta name=\"twitter:label1\" content=\"Tiempo de lectura\" \/>\n\t<meta name=\"twitter:data1\" content=\"6 minutos\" \/>\n<script type=\"application\/ld+json\" class=\"yoast-schema-graph\">{\"@context\":\"https:\\\/\\\/schema.org\",\"@graph\":[{\"@type\":\"WebPage\",\"@id\":\"https:\\\/\\\/buymodafinilonline.com\\\/es\\\/farmacos-inteligentes\\\/muestras-gratis-de-armodafinilo-artvigil-150-mg\\\/\",\"url\":\"https:\\\/\\\/buymodafinilonline.com\\\/es\\\/farmacos-inteligentes\\\/muestras-gratis-de-armodafinilo-artvigil-150-mg\\\/\",\"name\":\"Consigue muestras gratis de armodafinilo (muestra de Artvigil 150 mg) - BuyModafinilOnline\",\"isPartOf\":{\"@id\":\"https:\\\/\\\/buymodafinilonline.com\\\/es\\\/#website\"},\"primaryImageOfPage\":{\"@id\":\"https:\\\/\\\/buymodafinilonline.com\\\/es\\\/farmacos-inteligentes\\\/muestras-gratis-de-armodafinilo-artvigil-150-mg\\\/#primaryimage\"},\"image\":{\"@id\":\"https:\\\/\\\/buymodafinilonline.com\\\/es\\\/farmacos-inteligentes\\\/muestras-gratis-de-armodafinilo-artvigil-150-mg\\\/#primaryimage\"},\"thumbnailUrl\":\"https:\\\/\\\/buymodafinilonline.com\\\/wp-content\\\/uploads\\\/2020\\\/04\\\/bmo-product-artvigil-free-samples-.png\",\"datePublished\":\"2020-03-23T22:44:33+00:00\",\"dateModified\":\"2024-08-16T16:57:15+00:00\",\"description\":\"Aqu\u00ed puedes conseguir 10 muestras gratis de armodafinilo de venta libre online. \u00a1La muestra 100 % legal de Artvigil 150 mg viene de regalo con todos los pedidos de tu carro de la compra en BuyModafinilOnline!\",\"breadcrumb\":{\"@id\":\"https:\\\/\\\/buymodafinilonline.com\\\/es\\\/farmacos-inteligentes\\\/muestras-gratis-de-armodafinilo-artvigil-150-mg\\\/#breadcrumb\"},\"inLanguage\":\"es\",\"potentialAction\":[{\"@type\":\"ReadAction\",\"target\":[\"https:\\\/\\\/buymodafinilonline.com\\\/es\\\/farmacos-inteligentes\\\/muestras-gratis-de-armodafinilo-artvigil-150-mg\\\/\"]}]},{\"@type\":\"ImageObject\",\"inLanguage\":\"es\",\"@id\":\"https:\\\/\\\/buymodafinilonline.com\\\/es\\\/farmacos-inteligentes\\\/muestras-gratis-de-armodafinilo-artvigil-150-mg\\\/#primaryimage\",\"url\":\"https:\\\/\\\/buymodafinilonline.com\\\/wp-content\\\/uploads\\\/2020\\\/04\\\/bmo-product-artvigil-free-samples-.png\",\"contentUrl\":\"https:\\\/\\\/buymodafinilonline.com\\\/wp-content\\\/uploads\\\/2020\\\/04\\\/bmo-product-artvigil-free-samples-.png\",\"width\":1280,\"height\":1500,\"caption\":\"Muestras gratis de armodafinilo Artvigil 150 mg\"},{\"@type\":\"BreadcrumbList\",\"@id\":\"https:\\\/\\\/buymodafinilonline.com\\\/es\\\/farmacos-inteligentes\\\/muestras-gratis-de-armodafinilo-artvigil-150-mg\\\/#breadcrumb\",\"itemListElement\":[{\"@type\":\"ListItem\",\"position\":1,\"name\":\"Buy Modafinil Online\",\"item\":\"https:\\\/\\\/buymodafinilonline.com\\\/es\\\/\"},{\"@type\":\"ListItem\",\"position\":2,\"name\":\"Tienda\",\"item\":\"https:\\\/\\\/buymodafinilonline.com\\\/es\\\/tienda\\\/\"},{\"@type\":\"ListItem\",\"position\":3,\"name\":\"Marcas de drogas inteligentes\",\"item\":\"https:\\\/\\\/buymodafinilonline.com\\\/es\\\/categoria-de-productos\\\/marcas-de-drogas-inteligentes\\\/\"},{\"@type\":\"ListItem\",\"position\":4,\"name\":\"Muestras gratis de armodafinilo Artvigil 150 mg\"}]},{\"@type\":\"WebSite\",\"@id\":\"https:\\\/\\\/buymodafinilonline.com\\\/es\\\/#website\",\"url\":\"https:\\\/\\\/buymodafinilonline.com\\\/es\\\/\",\"name\":\"BuyModafinilOnline.com\",\"description\":\"Modafinil Online Pharmacy\",\"publisher\":{\"@id\":\"https:\\\/\\\/buymodafinilonline.com\\\/es\\\/#organization\"},\"potentialAction\":[{\"@type\":\"SearchAction\",\"target\":{\"@type\":\"EntryPoint\",\"urlTemplate\":\"https:\\\/\\\/buymodafinilonline.com\\\/es\\\/?s={search_term_string}\"},\"query-input\":{\"@type\":\"PropertyValueSpecification\",\"valueRequired\":true,\"valueName\":\"search_term_string\"}}],\"inLanguage\":\"es\"},{\"@type\":\"Organization\",\"@id\":\"https:\\\/\\\/buymodafinilonline.com\\\/es\\\/#organization\",\"name\":\"BuyModafinilOnline\",\"url\":\"https:\\\/\\\/buymodafinilonline.com\\\/es\\\/\",\"logo\":{\"@type\":\"ImageObject\",\"inLanguage\":\"es\",\"@id\":\"https:\\\/\\\/buymodafinilonline.com\\\/es\\\/#\\\/schema\\\/logo\\\/image\\\/\",\"url\":\"https:\\\/\\\/buymodafinilonline.com\\\/wp-content\\\/uploads\\\/2020\\\/04\\\/logo-buy-modafinil-online-yellow.png\",\"contentUrl\":\"https:\\\/\\\/buymodafinilonline.com\\\/wp-content\\\/uploads\\\/2020\\\/04\\\/logo-buy-modafinil-online-yellow.png\",\"width\":200,\"height\":200,\"caption\":\"BuyModafinilOnline\"},\"image\":{\"@id\":\"https:\\\/\\\/buymodafinilonline.com\\\/es\\\/#\\\/schema\\\/logo\\\/image\\\/\"}}]}<\/script>\n<!-- \/ Yoast SEO Premium plugin. -->","yoast_head_json":{"title":"Consigue muestras gratis de armodafinilo (muestra de Artvigil 150 mg) - BuyModafinilOnline","description":"Aqu\u00ed puedes conseguir 10 muestras gratis de armodafinilo de venta libre online. \u00a1La muestra 100 % legal de Artvigil 150 mg viene de regalo con todos los pedidos de tu carro de la compra en BuyModafinilOnline!","robots":{"index":"index","follow":"follow","max-snippet":"max-snippet:-1","max-image-preview":"max-image-preview:large","max-video-preview":"max-video-preview:-1"},"canonical":"https:\/\/buymodafinilonline.com\/es\/farmacos-inteligentes\/muestras-gratis-de-armodafinilo-artvigil-150-mg\/","og_locale":"es_ES","og_type":"article","og_title":"Muestras gratis de armodafinilo Artvigil 150 mg","og_description":"Aqu\u00ed puedes conseguir 10 muestras gratis de armodafinilo de venta libre online. \u00a1La muestra 100 % legal de Artvigil 150 mg viene de regalo con todos los pedidos de tu carro de la compra en BuyModafinilOnline!","og_url":"https:\/\/buymodafinilonline.com\/es\/farmacos-inteligentes\/muestras-gratis-de-armodafinilo-artvigil-150-mg\/","og_site_name":"BuyModafinilOnline.com","article_modified_time":"2024-08-16T16:57:15+00:00","og_image":[{"width":1280,"height":1500,"url":"https:\/\/buymodafinilonline.com\/wp-content\/uploads\/2020\/04\/bmo-product-artvigil-free-samples-.png","type":"image\/png"}],"twitter_misc":{"Tiempo de lectura":"6 minutos"},"schema":{"@context":"https:\/\/schema.org","@graph":[{"@type":"WebPage","@id":"https:\/\/buymodafinilonline.com\/es\/farmacos-inteligentes\/muestras-gratis-de-armodafinilo-artvigil-150-mg\/","url":"https:\/\/buymodafinilonline.com\/es\/farmacos-inteligentes\/muestras-gratis-de-armodafinilo-artvigil-150-mg\/","name":"Consigue muestras gratis de armodafinilo (muestra de Artvigil 150 mg) - BuyModafinilOnline","isPartOf":{"@id":"https:\/\/buymodafinilonline.com\/es\/#website"},"primaryImageOfPage":{"@id":"https:\/\/buymodafinilonline.com\/es\/farmacos-inteligentes\/muestras-gratis-de-armodafinilo-artvigil-150-mg\/#primaryimage"},"image":{"@id":"https:\/\/buymodafinilonline.com\/es\/farmacos-inteligentes\/muestras-gratis-de-armodafinilo-artvigil-150-mg\/#primaryimage"},"thumbnailUrl":"https:\/\/buymodafinilonline.com\/wp-content\/uploads\/2020\/04\/bmo-product-artvigil-free-samples-.png","datePublished":"2020-03-23T22:44:33+00:00","dateModified":"2024-08-16T16:57:15+00:00","description":"Aqu\u00ed puedes conseguir 10 muestras gratis de armodafinilo de venta libre online. \u00a1La muestra 100 % legal de Artvigil 150 mg viene de regalo con todos los pedidos de tu carro de la compra en BuyModafinilOnline!","breadcrumb":{"@id":"https:\/\/buymodafinilonline.com\/es\/farmacos-inteligentes\/muestras-gratis-de-armodafinilo-artvigil-150-mg\/#breadcrumb"},"inLanguage":"es","potentialAction":[{"@type":"ReadAction","target":["https:\/\/buymodafinilonline.com\/es\/farmacos-inteligentes\/muestras-gratis-de-armodafinilo-artvigil-150-mg\/"]}]},{"@type":"ImageObject","inLanguage":"es","@id":"https:\/\/buymodafinilonline.com\/es\/farmacos-inteligentes\/muestras-gratis-de-armodafinilo-artvigil-150-mg\/#primaryimage","url":"https:\/\/buymodafinilonline.com\/wp-content\/uploads\/2020\/04\/bmo-product-artvigil-free-samples-.png","contentUrl":"https:\/\/buymodafinilonline.com\/wp-content\/uploads\/2020\/04\/bmo-product-artvigil-free-samples-.png","width":1280,"height":1500,"caption":"Muestras gratis de armodafinilo Artvigil 150 mg"},{"@type":"BreadcrumbList","@id":"https:\/\/buymodafinilonline.com\/es\/farmacos-inteligentes\/muestras-gratis-de-armodafinilo-artvigil-150-mg\/#breadcrumb","itemListElement":[{"@type":"ListItem","position":1,"name":"Buy Modafinil Online","item":"https:\/\/buymodafinilonline.com\/es\/"},{"@type":"ListItem","position":2,"name":"Tienda","item":"https:\/\/buymodafinilonline.com\/es\/tienda\/"},{"@type":"ListItem","position":3,"name":"Marcas de drogas inteligentes","item":"https:\/\/buymodafinilonline.com\/es\/categoria-de-productos\/marcas-de-drogas-inteligentes\/"},{"@type":"ListItem","position":4,"name":"Muestras gratis de armodafinilo Artvigil 150 mg"}]},{"@type":"WebSite","@id":"https:\/\/buymodafinilonline.com\/es\/#website","url":"https:\/\/buymodafinilonline.com\/es\/","name":"BuyModafinilOnline.com","description":"Modafinil Online Pharmacy","publisher":{"@id":"https:\/\/buymodafinilonline.com\/es\/#organization"},"potentialAction":[{"@type":"SearchAction","target":{"@type":"EntryPoint","urlTemplate":"https:\/\/buymodafinilonline.com\/es\/?s={search_term_string}"},"query-input":{"@type":"PropertyValueSpecification","valueRequired":true,"valueName":"search_term_string"}}],"inLanguage":"es"},{"@type":"Organization","@id":"https:\/\/buymodafinilonline.com\/es\/#organization","name":"BuyModafinilOnline","url":"https:\/\/buymodafinilonline.com\/es\/","logo":{"@type":"ImageObject","inLanguage":"es","@id":"https:\/\/buymodafinilonline.com\/es\/#\/schema\/logo\/image\/","url":"https:\/\/buymodafinilonline.com\/wp-content\/uploads\/2020\/04\/logo-buy-modafinil-online-yellow.png","contentUrl":"https:\/\/buymodafinilonline.com\/wp-content\/uploads\/2020\/04\/logo-buy-modafinil-online-yellow.png","width":200,"height":200,"caption":"BuyModafinilOnline"},"image":{"@id":"https:\/\/buymodafinilonline.com\/es\/#\/schema\/logo\/image\/"}}]}},"_links":{"self":[{"href":"https:\/\/buymodafinilonline.com\/es\/wp-json\/wp\/v2\/product\/399551","targetHints":{"allow":["GET"]}}],"collection":[{"href":"https:\/\/buymodafinilonline.com\/es\/wp-json\/wp\/v2\/product"}],"about":[{"href":"https:\/\/buymodafinilonline.com\/es\/wp-json\/wp\/v2\/types\/product"}],"replies":[{"embeddable":true,"href":"https:\/\/buymodafinilonline.com\/es\/wp-json\/wp\/v2\/comments?post=399551"}],"wp:featuredmedia":[{"embeddable":true,"href":"https:\/\/buymodafinilonline.com\/es\/wp-json\/wp\/v2\/media\/398136"}],"wp:attachment":[{"href":"https:\/\/buymodafinilonline.com\/es\/wp-json\/wp\/v2\/media?parent=399551"}],"wp:term":[{"taxonomy":"product_brand","embeddable":true,"href":"https:\/\/buymodafinilonline.com\/es\/wp-json\/wp\/v2\/product_brand?post=399551"},{"taxonomy":"product_cat","embeddable":true,"href":"https:\/\/buymodafinilonline.com\/es\/wp-json\/wp\/v2\/product_cat?post=399551"},{"taxonomy":"product_tag","embeddable":true,"href":"https:\/\/buymodafinilonline.com\/es\/wp-json\/wp\/v2\/product_tag?post=399551"}],"curies":[{"name":"wp","href":"https:\/\/api.w.org\/{rel}","templated":true}]}}