{"id":404590,"date":"2020-03-23T16:59:08","date_gmt":"2020-03-23T15:59:08","guid":{"rendered":"https:\/\/buymodafinilonline.com\/smart-drugs\/artvigil-150-mg-tablets\/"},"modified":"2025-12-22T18:09:17","modified_gmt":"2025-12-22T17:09:17","slug":"artvigil-150-mg-compromidos","status":"publish","type":"product","link":"https:\/\/buymodafinilonline.com\/es\/farmacos-inteligentes\/artvigil-150-mg-compromidos\/","title":{"rendered":"Artvigil 150 mg"},"content":{"rendered":"[vc_column width=&#8221;1\/2&#8243;]\n<h2>\u00bfQu\u00e9 es Artvigil 150 mg?<\/h2>\n<p>Artvigil 150 mg es un medicamento que se suele utilizar para combatir la somnolencia diurna excesiva y la somnolencia grave.\u00a0Su principio activo es el armodafinilo y se ha demostrado recientemente su eficacia para reducir la somnolencia excesiva y la falta de motivaci\u00f3n.<\/p>\n<p>Si te resultan familiares f\u00e1rmacos como Modafinil o Modalert, seguro que habr\u00e1s escuchado el t\u00e9rmino \u201cnootr\u00f3pico\u201d para referirse a ellos. Artvigil pertenece a la categor\u00eda de f\u00e1rmacos clasificados como nootr\u00f3picos y ayuda a mantener la concentraci\u00f3n y la atenci\u00f3n durante el d\u00eda. Tambi\u00e9n permite prolongar los estados de agilidad mental.<\/p>\n<p>Una gran cantidad de personas como, por ejemplo, estudiantes, artistas y trabajadores, toma este medicamento gracias a su alto porcentaje de \u00e9xito.<\/p>\n<h2>C\u00f3mo funcionan los comprimidos<\/h2>\n<p>El mecanismo de acci\u00f3n de Artvigil lleva a\u00f1os siendo un misterio parcial.\u00a0Los expertos no pueden identificar c\u00f3mo funciona exactamente este f\u00e1rmaco. Si embargo, la mayor\u00eda cree que tiene un efecto en las sustancias del cerebro que regulan el ciclo de sue\u00f1o\/vigilia.<\/p>\n<p>Al igual que el modafinilo, el armodafinilo (el principio activo de Artvigil) bloquea la recaptaci\u00f3n de dopamina enlaz\u00e1nose al transportador de dopamina y aumentando las concentraciones de dopamina en determinadas zonas del cerebro.<\/p>\n<p>Esto ayuda a estimular la productividad y lleva la agilidad mental a niveles nunca vistos.<\/p>\n<h2>Dosis segura y uso adecuado<\/h2>\n<p>Si bien Artvigil 150 mg es un comprimido realmente \u201cm\u00e1gico\u201d, debe consumirse con absoluta precauci\u00f3n.\u00a0Considerando que este f\u00e1rmaco tiene un efecto de larga duraci\u00f3n, se recomienda tomarlo por la ma\u00f1ana, una hora antes del inicio de tu turno de trabajo.<\/p>\n<p>El efecto de un comprimido dura todo el d\u00eda, por lo que no es necesario tomar m\u00e1s.\u00a0Al tomar este f\u00e1rmaco, es importante ce\u00f1irse a la dosis recomendada.<\/p>\n<p>Por \u00faltimo, debes evitar tomar este medicamento como alternativa al sue\u00f1o, ya que se acabar\u00e1n imponiendo las ganas naturales de dormir de tu organismo.<\/p>\n<h2>Posibles efectos secundarios<\/h2>\n<p>Es bastante normal notar determinados efectos secundarios cuando se toma Artvigil 150 mg, siendo el insomnio el m\u00e1s habitual.\u00a0Puesto que se ha dise\u00f1ado espec\u00edficamente para combatir la somnolencia, no es sorprendente que a algunas personas pueda provocarles insomnio.<\/p>\n<p>Otros efectos secundarios habituales son dolores de cabeza, n\u00e1useas, mareo y, en algunos casos, sequedad bucal.<\/p>\n<p>Tambi\u00e9n existen efectos secundarios m\u00e1s graves derivados del consumo de este f\u00e1rmaco.\u00a0Sin embargo, son poco habituales y cuando se presentan, se recomienda acudir al m\u00e9dico de inmediato. Algunos de estos efectos secundarios son temblores, alucinaciones, depresi\u00f3n, etc.<\/p>\n[\/vc_column][vc_column width=&#8221;1\/2&#8243;]\nSeg\u00fan algunos usuarios, Artvigil puede provocar una p\u00e9rdida de apetito.\u00a0Por consiguiente, toda aquella persona que vaya a consumir este f\u00e1rmaco durante un largo periodo de tiempo deber\u00e1 estar pendiente de no perder peso en exceso.<\/p>\n<h2>Contraindicaciones y precauciones<\/h2>\n<p>Las interacciones de los f\u00e1rmacos suelen cambiar su forma de funcionamiento o aumentar el riesgo de aparici\u00f3n de efectos secundarios.\u00a0Artvigil puede interactuar con algunas drogas del mercado negro como las metanfetaminas y algunos f\u00e1rmacos de venta libre entre los que se incluyen los siguientes:<\/p>\n<ul>\n<li>Lisinopril;<\/li>\n<li>Clonazepam;<\/li>\n<li>Omeprazol;<\/li>\n<li>Xanax;<\/li>\n<li>Trazodona;<\/li>\n<li>Percocet.<\/li>\n<\/ul>\n<p>Mezclar este f\u00e1rmaco con cafe\u00edna tambi\u00e9n puede aumentar los efectos secundarios que suelen aparecer al tomar Artvigil.\u00a0El alcohol tambi\u00e9n puede interactuar con este f\u00e1rmaco si se consume excesivamente. Esta no es una lista exhaustiva de sustancias que pueden interactuar con Artvigil. Consulta a tu m\u00e9dico para informarte detalladamente sobre las interacciones.<\/p>\n<h2>Experiencia del consumidor<\/h2>\n<p>En el caso de alguos medicamentos, resulta dif\u00edcil encontrar rese\u00f1as aut\u00e9nticas y positivas de personas que los hayan tomado.\u00a0Sin embargo, cuando se trata de Artvigil los hechos hablan por si mismos.<\/p>\n<p>Muchas personas que han tomado Artvigil 150 mg hablan sobre mejoras en la agilidad mental y concentraci\u00f3n.\u00a0Muchas de ellas le dan el visto bueno en t\u00e9rminos de eficacia, tolerancia y facilidad de uso.<\/p>\n<p>Artvigil ayuda a las personas que lo toman a realizar sus tareas con agilidad, sin sensaci\u00f3n de cansancio, somnolencia o agotamiento.\u00a0Consulta a tu m\u00e9dico antes de tomar cualquier tipo de sustancia nootr\u00f3pica.<\/p>\n<h2>Compra Artvigil 150 mg gen\u00e9rico (armodafinilo) online<\/h2>\n<p>\u00bfEst\u00e1s buscando el mejor sitio para comprar Artvigil 150 mg online?\u00a0\u00a1No busques m\u00e1s! En nuestra farmacia online ofrecemos Artvigil y otros f\u00e1rmacos inteligentes al precio m\u00e1s bajo posible. Y por si fuera poco, nuestra farmacia te ofrece la mejor relaci\u00f3n calidad\/precio.<\/p>\n<p>Tenemos un atractivo sistema de descuentos:<\/p>\n<ul>\n<li>25 USD para clientes que repiten;<\/li>\n<li>23% de descuento si <a href=\"https:\/\/buymodafinilonline.com\/es\/paga-con-bitcoin\/\">pagas con BTC<\/a>.<\/li>\n<\/ul>\n<p>Artvigil cuesta 10 veces menos que la versi\u00f3n de marca Nuvigil, aunque la calidad es la misma.\u00a0En <a href=\"https:\/\/buymodafinilonline.com\/es\">BuyModafinilOnline<\/a>, solo ofrecemos medicamentos gen\u00e9ricos aut\u00e9nticos como Vilafinil 200 mg, <a href=\"https:\/\/buymodafinilonline.com\/es\/farmacos-inteligentes\/waklert-150-mg\/\">Waklert 150mg<\/a>, Modaheal 200 mg, etc. No tendr\u00e1s que preocuparte por si est\u00e1s comprando <a href=\"https:\/\/buymodafinilonline.com\/es\/no-comercializamos-pastillas-de-modafinilo-falsas\/\">f\u00e1rmacos inteligentes falsos<\/a>.<\/p>\n<p>\u00bfEst\u00e1s preparado para comprar 150 mg a un precio asequible?\u00a0Disfruta de una experiencia de compra nueva y segura en nuestra farmacia online.<\/p>\n[\/vc_column]\n<div class=\"su-divider su-divider-style-default\" style=\"margin:10px 0;border-width:3px;border-color:#ffffff00\"><a href=\"#\" style=\"color:#ffffff009\">.<\/a><\/div>\n","protected":false},"excerpt":{"rendered":"<p>Artvigil 150 mg de HAB Pharma es un comprimido que se utiliza para favorecer la concentraci\u00f3n y combatir la somnolencia diurna. Contiene 150 mg de armodafinilo y se puede comprar aqu\u00ed. En nuestra farmacia conseguir\u00e1s comprimidos aut\u00e9nticos al precio m\u00e1s bajo posible. Siempre ofrecemos grandes ofertas y descuentos con c\u00f3digos de cup\u00f3n y vales.<\/p>\n","protected":false},"featured_media":399558,"comment_status":"closed","ping_status":"closed","template":"","meta":{"_acf_changed":false},"product_brand":[],"product_cat":[4232,3788],"product_tag":[4023],"class_list":{"0":"post-404590","1":"product","2":"type-product","3":"status-publish","4":"has-post-thumbnail","6":"product_cat-smart-drugs-mas-vendidos","7":"product_cat-marcas-de-drogas-inteligentes","8":"product_tag-armodafinil-es","10":"first","11":"instock","12":"sale","13":"featured","14":"shipping-taxable","15":"purchasable","16":"product-type-variable","17":"has-default-attributes"},"acf":[],"yoast_head":"<!-- This site is optimized with the Yoast SEO Premium plugin v23.6 (Yoast SEO v27.3) - https:\/\/yoast.com\/product\/yoast-seo-premium-wordpress\/ -->\n<title>Compra Artvigil 150 mg (armodafinilo) a buen precio en la India - BuyModafinilOnline<\/title>\n<meta name=\"description\" content=\"Pide comprimidos de Artvigil 150 mg online y consigue un 23 % de DESCUENTO en pagos con bitcoin. Aqu\u00ed puedes comprar Artvigil (armodafinilo) con entrega 100 % garantizada. Farmacia BuyModafinilOnline - el mejor sitio para comprar nootr\u00f3picos seguros.\" \/>\n<meta name=\"robots\" content=\"index, follow, max-snippet:-1, max-image-preview:large, max-video-preview:-1\" \/>\n<link rel=\"canonical\" href=\"https:\/\/buymodafinilonline.com\/es\/farmacos-inteligentes\/artvigil-150-mg-compromidos\/\" \/>\n<meta property=\"og:locale\" content=\"es_ES\" \/>\n<meta property=\"og:type\" content=\"article\" \/>\n<meta property=\"og:title\" content=\"Artvigil 150 mg\" \/>\n<meta property=\"og:description\" content=\"Pide comprimidos de Artvigil 150 mg online y consigue un 23 % de DESCUENTO en pagos con bitcoin. Aqu\u00ed puedes comprar Artvigil (armodafinilo) con entrega 100 % garantizada. Farmacia BuyModafinilOnline - el mejor sitio para comprar nootr\u00f3picos seguros.\" \/>\n<meta property=\"og:url\" content=\"https:\/\/buymodafinilonline.com\/es\/farmacos-inteligentes\/artvigil-150-mg-compromidos\/\" \/>\n<meta property=\"og:site_name\" content=\"BuyModafinilOnline.com\" \/>\n<meta property=\"article:modified_time\" content=\"2025-12-22T17:09:17+00:00\" \/>\n<meta property=\"og:image\" content=\"https:\/\/buymodafinilonline.com\/wp-content\/uploads\/2020\/04\/product-bmo-Artvigil-2.png\" \/>\n\t<meta property=\"og:image:width\" content=\"1280\" \/>\n\t<meta property=\"og:image:height\" content=\"1500\" \/>\n\t<meta property=\"og:image:type\" content=\"image\/png\" \/>\n<meta name=\"twitter:label1\" content=\"Tiempo de lectura\" \/>\n\t<meta name=\"twitter:data1\" content=\"4 minutos\" \/>\n<script type=\"application\/ld+json\" class=\"yoast-schema-graph\">{\"@context\":\"https:\\\/\\\/schema.org\",\"@graph\":[{\"@type\":\"WebPage\",\"@id\":\"https:\\\/\\\/buymodafinilonline.com\\\/es\\\/farmacos-inteligentes\\\/artvigil-150-mg-compromidos\\\/\",\"url\":\"https:\\\/\\\/buymodafinilonline.com\\\/es\\\/farmacos-inteligentes\\\/artvigil-150-mg-compromidos\\\/\",\"name\":\"Compra Artvigil 150 mg (armodafinilo) a buen precio en la India - BuyModafinilOnline\",\"isPartOf\":{\"@id\":\"https:\\\/\\\/buymodafinilonline.com\\\/es\\\/#website\"},\"primaryImageOfPage\":{\"@id\":\"https:\\\/\\\/buymodafinilonline.com\\\/es\\\/farmacos-inteligentes\\\/artvigil-150-mg-compromidos\\\/#primaryimage\"},\"image\":{\"@id\":\"https:\\\/\\\/buymodafinilonline.com\\\/es\\\/farmacos-inteligentes\\\/artvigil-150-mg-compromidos\\\/#primaryimage\"},\"thumbnailUrl\":\"https:\\\/\\\/buymodafinilonline.com\\\/wp-content\\\/uploads\\\/2020\\\/04\\\/product-bmo-Artvigil-2.png\",\"datePublished\":\"2020-03-23T15:59:08+00:00\",\"dateModified\":\"2025-12-22T17:09:17+00:00\",\"description\":\"Pide comprimidos de Artvigil 150 mg online y consigue un 23 % de DESCUENTO en pagos con bitcoin. Aqu\u00ed puedes comprar Artvigil (armodafinilo) con entrega 100 % garantizada. Farmacia BuyModafinilOnline - el mejor sitio para comprar nootr\u00f3picos seguros.\",\"breadcrumb\":{\"@id\":\"https:\\\/\\\/buymodafinilonline.com\\\/es\\\/farmacos-inteligentes\\\/artvigil-150-mg-compromidos\\\/#breadcrumb\"},\"inLanguage\":\"es\",\"potentialAction\":[{\"@type\":\"ReadAction\",\"target\":[\"https:\\\/\\\/buymodafinilonline.com\\\/es\\\/farmacos-inteligentes\\\/artvigil-150-mg-compromidos\\\/\"]}]},{\"@type\":\"ImageObject\",\"inLanguage\":\"es\",\"@id\":\"https:\\\/\\\/buymodafinilonline.com\\\/es\\\/farmacos-inteligentes\\\/artvigil-150-mg-compromidos\\\/#primaryimage\",\"url\":\"https:\\\/\\\/buymodafinilonline.com\\\/wp-content\\\/uploads\\\/2020\\\/04\\\/product-bmo-Artvigil-2.png\",\"contentUrl\":\"https:\\\/\\\/buymodafinilonline.com\\\/wp-content\\\/uploads\\\/2020\\\/04\\\/product-bmo-Artvigil-2.png\",\"width\":1280,\"height\":1500,\"caption\":\"Artvigil 150 mg\"},{\"@type\":\"BreadcrumbList\",\"@id\":\"https:\\\/\\\/buymodafinilonline.com\\\/es\\\/farmacos-inteligentes\\\/artvigil-150-mg-compromidos\\\/#breadcrumb\",\"itemListElement\":[{\"@type\":\"ListItem\",\"position\":1,\"name\":\"Buy Modafinil Online\",\"item\":\"https:\\\/\\\/buymodafinilonline.com\\\/es\\\/\"},{\"@type\":\"ListItem\",\"position\":2,\"name\":\"Tienda\",\"item\":\"https:\\\/\\\/buymodafinilonline.com\\\/es\\\/tienda\\\/\"},{\"@type\":\"ListItem\",\"position\":3,\"name\":\"Los m\u00e1s vendidos\",\"item\":\"https:\\\/\\\/buymodafinilonline.com\\\/es\\\/categoria-de-productos\\\/smart-drugs-mas-vendidos\\\/\"},{\"@type\":\"ListItem\",\"position\":4,\"name\":\"Artvigil 150 mg\"}]},{\"@type\":\"WebSite\",\"@id\":\"https:\\\/\\\/buymodafinilonline.com\\\/es\\\/#website\",\"url\":\"https:\\\/\\\/buymodafinilonline.com\\\/es\\\/\",\"name\":\"BuyModafinilOnline.com\",\"description\":\"Modafinil Online Pharmacy\",\"publisher\":{\"@id\":\"https:\\\/\\\/buymodafinilonline.com\\\/es\\\/#organization\"},\"potentialAction\":[{\"@type\":\"SearchAction\",\"target\":{\"@type\":\"EntryPoint\",\"urlTemplate\":\"https:\\\/\\\/buymodafinilonline.com\\\/es\\\/?s={search_term_string}\"},\"query-input\":{\"@type\":\"PropertyValueSpecification\",\"valueRequired\":true,\"valueName\":\"search_term_string\"}}],\"inLanguage\":\"es\"},{\"@type\":\"Organization\",\"@id\":\"https:\\\/\\\/buymodafinilonline.com\\\/es\\\/#organization\",\"name\":\"BuyModafinilOnline\",\"url\":\"https:\\\/\\\/buymodafinilonline.com\\\/es\\\/\",\"logo\":{\"@type\":\"ImageObject\",\"inLanguage\":\"es\",\"@id\":\"https:\\\/\\\/buymodafinilonline.com\\\/es\\\/#\\\/schema\\\/logo\\\/image\\\/\",\"url\":\"https:\\\/\\\/buymodafinilonline.com\\\/wp-content\\\/uploads\\\/2020\\\/04\\\/logo-buy-modafinil-online-yellow.png\",\"contentUrl\":\"https:\\\/\\\/buymodafinilonline.com\\\/wp-content\\\/uploads\\\/2020\\\/04\\\/logo-buy-modafinil-online-yellow.png\",\"width\":200,\"height\":200,\"caption\":\"BuyModafinilOnline\"},\"image\":{\"@id\":\"https:\\\/\\\/buymodafinilonline.com\\\/es\\\/#\\\/schema\\\/logo\\\/image\\\/\"}}]}<\/script>\n<!-- \/ Yoast SEO Premium plugin. -->","yoast_head_json":{"title":"Compra Artvigil 150 mg (armodafinilo) a buen precio en la India - BuyModafinilOnline","description":"Pide comprimidos de Artvigil 150 mg online y consigue un 23 % de DESCUENTO en pagos con bitcoin. Aqu\u00ed puedes comprar Artvigil (armodafinilo) con entrega 100 % garantizada. Farmacia BuyModafinilOnline - el mejor sitio para comprar nootr\u00f3picos seguros.","robots":{"index":"index","follow":"follow","max-snippet":"max-snippet:-1","max-image-preview":"max-image-preview:large","max-video-preview":"max-video-preview:-1"},"canonical":"https:\/\/buymodafinilonline.com\/es\/farmacos-inteligentes\/artvigil-150-mg-compromidos\/","og_locale":"es_ES","og_type":"article","og_title":"Artvigil 150 mg","og_description":"Pide comprimidos de Artvigil 150 mg online y consigue un 23 % de DESCUENTO en pagos con bitcoin. Aqu\u00ed puedes comprar Artvigil (armodafinilo) con entrega 100 % garantizada. Farmacia BuyModafinilOnline - el mejor sitio para comprar nootr\u00f3picos seguros.","og_url":"https:\/\/buymodafinilonline.com\/es\/farmacos-inteligentes\/artvigil-150-mg-compromidos\/","og_site_name":"BuyModafinilOnline.com","article_modified_time":"2025-12-22T17:09:17+00:00","og_image":[{"width":1280,"height":1500,"url":"https:\/\/buymodafinilonline.com\/wp-content\/uploads\/2020\/04\/product-bmo-Artvigil-2.png","type":"image\/png"}],"twitter_misc":{"Tiempo de lectura":"4 minutos"},"schema":{"@context":"https:\/\/schema.org","@graph":[{"@type":"WebPage","@id":"https:\/\/buymodafinilonline.com\/es\/farmacos-inteligentes\/artvigil-150-mg-compromidos\/","url":"https:\/\/buymodafinilonline.com\/es\/farmacos-inteligentes\/artvigil-150-mg-compromidos\/","name":"Compra Artvigil 150 mg (armodafinilo) a buen precio en la India - BuyModafinilOnline","isPartOf":{"@id":"https:\/\/buymodafinilonline.com\/es\/#website"},"primaryImageOfPage":{"@id":"https:\/\/buymodafinilonline.com\/es\/farmacos-inteligentes\/artvigil-150-mg-compromidos\/#primaryimage"},"image":{"@id":"https:\/\/buymodafinilonline.com\/es\/farmacos-inteligentes\/artvigil-150-mg-compromidos\/#primaryimage"},"thumbnailUrl":"https:\/\/buymodafinilonline.com\/wp-content\/uploads\/2020\/04\/product-bmo-Artvigil-2.png","datePublished":"2020-03-23T15:59:08+00:00","dateModified":"2025-12-22T17:09:17+00:00","description":"Pide comprimidos de Artvigil 150 mg online y consigue un 23 % de DESCUENTO en pagos con bitcoin. Aqu\u00ed puedes comprar Artvigil (armodafinilo) con entrega 100 % garantizada. Farmacia BuyModafinilOnline - el mejor sitio para comprar nootr\u00f3picos seguros.","breadcrumb":{"@id":"https:\/\/buymodafinilonline.com\/es\/farmacos-inteligentes\/artvigil-150-mg-compromidos\/#breadcrumb"},"inLanguage":"es","potentialAction":[{"@type":"ReadAction","target":["https:\/\/buymodafinilonline.com\/es\/farmacos-inteligentes\/artvigil-150-mg-compromidos\/"]}]},{"@type":"ImageObject","inLanguage":"es","@id":"https:\/\/buymodafinilonline.com\/es\/farmacos-inteligentes\/artvigil-150-mg-compromidos\/#primaryimage","url":"https:\/\/buymodafinilonline.com\/wp-content\/uploads\/2020\/04\/product-bmo-Artvigil-2.png","contentUrl":"https:\/\/buymodafinilonline.com\/wp-content\/uploads\/2020\/04\/product-bmo-Artvigil-2.png","width":1280,"height":1500,"caption":"Artvigil 150 mg"},{"@type":"BreadcrumbList","@id":"https:\/\/buymodafinilonline.com\/es\/farmacos-inteligentes\/artvigil-150-mg-compromidos\/#breadcrumb","itemListElement":[{"@type":"ListItem","position":1,"name":"Buy Modafinil Online","item":"https:\/\/buymodafinilonline.com\/es\/"},{"@type":"ListItem","position":2,"name":"Tienda","item":"https:\/\/buymodafinilonline.com\/es\/tienda\/"},{"@type":"ListItem","position":3,"name":"Los m\u00e1s vendidos","item":"https:\/\/buymodafinilonline.com\/es\/categoria-de-productos\/smart-drugs-mas-vendidos\/"},{"@type":"ListItem","position":4,"name":"Artvigil 150 mg"}]},{"@type":"WebSite","@id":"https:\/\/buymodafinilonline.com\/es\/#website","url":"https:\/\/buymodafinilonline.com\/es\/","name":"BuyModafinilOnline.com","description":"Modafinil Online Pharmacy","publisher":{"@id":"https:\/\/buymodafinilonline.com\/es\/#organization"},"potentialAction":[{"@type":"SearchAction","target":{"@type":"EntryPoint","urlTemplate":"https:\/\/buymodafinilonline.com\/es\/?s={search_term_string}"},"query-input":{"@type":"PropertyValueSpecification","valueRequired":true,"valueName":"search_term_string"}}],"inLanguage":"es"},{"@type":"Organization","@id":"https:\/\/buymodafinilonline.com\/es\/#organization","name":"BuyModafinilOnline","url":"https:\/\/buymodafinilonline.com\/es\/","logo":{"@type":"ImageObject","inLanguage":"es","@id":"https:\/\/buymodafinilonline.com\/es\/#\/schema\/logo\/image\/","url":"https:\/\/buymodafinilonline.com\/wp-content\/uploads\/2020\/04\/logo-buy-modafinil-online-yellow.png","contentUrl":"https:\/\/buymodafinilonline.com\/wp-content\/uploads\/2020\/04\/logo-buy-modafinil-online-yellow.png","width":200,"height":200,"caption":"BuyModafinilOnline"},"image":{"@id":"https:\/\/buymodafinilonline.com\/es\/#\/schema\/logo\/image\/"}}]}},"_links":{"self":[{"href":"https:\/\/buymodafinilonline.com\/es\/wp-json\/wp\/v2\/product\/404590","targetHints":{"allow":["GET"]}}],"collection":[{"href":"https:\/\/buymodafinilonline.com\/es\/wp-json\/wp\/v2\/product"}],"about":[{"href":"https:\/\/buymodafinilonline.com\/es\/wp-json\/wp\/v2\/types\/product"}],"replies":[{"embeddable":true,"href":"https:\/\/buymodafinilonline.com\/es\/wp-json\/wp\/v2\/comments?post=404590"}],"wp:featuredmedia":[{"embeddable":true,"href":"https:\/\/buymodafinilonline.com\/es\/wp-json\/wp\/v2\/media\/399558"}],"wp:attachment":[{"href":"https:\/\/buymodafinilonline.com\/es\/wp-json\/wp\/v2\/media?parent=404590"}],"wp:term":[{"taxonomy":"product_brand","embeddable":true,"href":"https:\/\/buymodafinilonline.com\/es\/wp-json\/wp\/v2\/product_brand?post=404590"},{"taxonomy":"product_cat","embeddable":true,"href":"https:\/\/buymodafinilonline.com\/es\/wp-json\/wp\/v2\/product_cat?post=404590"},{"taxonomy":"product_tag","embeddable":true,"href":"https:\/\/buymodafinilonline.com\/es\/wp-json\/wp\/v2\/product_tag?post=404590"}],"curies":[{"name":"wp","href":"https:\/\/api.w.org\/{rel}","templated":true}]}}