{"id":408481,"date":"2020-03-23T20:21:55","date_gmt":"2020-11-08T16:09:55","guid":{"rendered":"https:\/\/buymodafinilonline.com\/smart-drugs\/vilafinil-200-mg\/"},"modified":"2024-08-16T19:03:05","modified_gmt":"2024-08-16T18:03:05","slug":"vilafinil-200-mg","status":"publish","type":"product","link":"https:\/\/buymodafinilonline.com\/es\/farmacos-inteligentes\/vilafinil-200-mg\/","title":{"rendered":"Vilafinil 200 mg"},"content":{"rendered":"[vc_column width=&#8221;1\/2&#8243;]\n<div class=\"su-divider su-divider-style-default\" style=\"margin:10px 0;border-width:3px;border-color:#ffffff00\"><a href=\"#\" style=\"color:#ffffff009\">.<\/a><\/div>\n<h2>\u00bfQu\u00e9 es Vilafinil 200 mg?<\/h2>\n<div class=\"su-divider su-divider-style-default\" style=\"margin:10px 0;border-width:3px;border-color:#ffffff00\"><a href=\"#\" style=\"color:#ffffff009\">.<\/a><\/div>\nProvigil es una opci\u00f3n de f\u00e1rmaco de primera elecci\u00f3n para tratar problemas relacionados con el sue\u00f1o y estimular la funci\u00f3n cognitiva, que fue aprobado para uso m\u00e9dico en los EE. UU. En 1998. Avance r\u00e1pido hasta 2010, su patente expir\u00f3 y se abri\u00f3 a la producci\u00f3n de otras compa\u00f1\u00edas farmac\u00e9uticas.<\/p>\n<p>Centurion Laboratories, un gran fabricante ubicado en India, ide\u00f3 su propia versi\u00f3n gen\u00e9rica y la llam\u00f3 Vilafinil. Contiene el mismo ingrediente activo que el medicamento de marca y ofrece exactamente los mismos beneficios y efectos secundarios. Sin embargo, es mucho m\u00e1s econ\u00f3mico. Esto se debe al hecho de que Centurion Labs no gast\u00f3 dinero en desarrollo y marketing como lo hizo la empresa de marca.<\/p>\n<p>Vilafinil 200 mg generalmente se prescribe para el tratamiento de la somnolencia excesiva causada por la narcolepsia, el trastorno del sue\u00f1o por turnos y la apnea del sue\u00f1o. Se usa fuera de etiqueta para aumentar la energ\u00eda, la concentraci\u00f3n y la motivaci\u00f3n, as\u00ed como para mejorar la memoria.<\/p>\n<div class=\"su-divider su-divider-style-default\" style=\"margin:10px 0;border-width:3px;border-color:#ffffff00\"><a href=\"#\" style=\"color:#ffffff009\">.<\/a><\/div>\n<h2>C\u00f3mo funcionan las tabletas<\/h2>\n<div class=\"su-divider su-divider-style-default\" style=\"margin:10px 0;border-width:3px;border-color:#ffffff00\"><a href=\"#\" style=\"color:#ffffff009\">.<\/a><\/div>\nA\u00fan no se ha establecido exactamente la forma en que funcionan las tabletas de Vilafinil. Sin embargo, se cree que funciona al influir en las sustancias qu\u00edmicas en las \u00e1reas del cerebro que controlan el ciclo de vigilia-sue\u00f1o. En particular, aumenta los niveles de dopamina en el cerebro. La dopamina es una hormona asociada con la sensaci\u00f3n de motivaci\u00f3n, la capacidad de concentraci\u00f3n y tambi\u00e9n un ciclo de sue\u00f1o-vigilia. Por lo tanto, se cree que al influir en sus niveles, el modafinilo hace que sus usuarios est\u00e9n alerta, concentrados y enfocados durante per\u00edodos de tiempo m\u00e1s largos, retrasando la fatiga.<\/p>\n<div class=\"su-divider su-divider-style-default\" style=\"margin:10px 0;border-width:3px;border-color:#ffffff00\"><a href=\"#\" style=\"color:#ffffff009\">.<\/a><\/div>\n<h2>Dosis segura y uso adecuado<\/h2>\n<div class=\"su-divider su-divider-style-default\" style=\"margin:10px 0;border-width:3px;border-color:#ffffff00\"><a href=\"#\" style=\"color:#ffffff009\">.<\/a><\/div>\nLa dosis segura recomendada para este medicamento es de 100 a 200 mg por d\u00eda. Sin embargo, puede variar seg\u00fan la afecci\u00f3n m\u00e9dica actual y la respuesta correspondiente al tratamiento cuando se usa para combatir la apnea del sue\u00f1o, la narcolepsia u otras afecciones relacionadas con el sue\u00f1o. Vilafinil se debe tomar con regularidad para obtener los mejores resultados.<\/p>\n<p>Consulte a su m\u00e9dico antes de comenzar el tratamiento con este medicamento. Seg\u00fan su historial m\u00e9dico, su estado de salud y otros medicamentos que pueda estar tomando, ayudar\u00e1n a determinar la dosis correcta que ser\u00e1 segura y eficaz para usted.<\/p>\n<div class=\"su-divider su-divider-style-default\" style=\"margin:10px 0;border-width:3px;border-color:#ffffff00\"><a href=\"#\" style=\"color:#ffffff009\">.<\/a><\/div>\n<h2>Posibles efectos secundarios<\/h2>\n<div class=\"su-divider su-divider-style-default\" style=\"margin:10px 0;border-width:3px;border-color:#ffffff00\"><a href=\"#\" style=\"color:#ffffff009\">.<\/a><\/div>\nAunque este f\u00e1rmaco es eficaz, presenta ciertos efectos secundarios. Pueden variar de leves a graves, seg\u00fan la dosis administrada, la composici\u00f3n corporal, la afecci\u00f3n m\u00e9dica subyacente u otros medicamentos con los que se tome.<\/p>\n<p>Los efectos secundarios leves \/ comunes son los siguientes:<\/p>\n<div class=\"su-divider su-divider-style-default\" style=\"margin:10px 0;border-width:3px;border-color:#ffffff00\"><a href=\"#\" style=\"color:#ffffff009\">.<\/a><\/div>\n<ul>\n<li>n\u00e1usea;<\/li>\n<li>dolor de cabeza;<\/li>\n<li>dificultad para dormir;<\/li>\n<li>nerviosismo.<\/li>\n<\/ul>\n<div class=\"su-divider su-divider-style-default\" style=\"margin:10px 0;border-width:3px;border-color:#ffffff00\"><a href=\"#\" style=\"color:#ffffff009\">.<\/a><\/div>\nLos efectos secundarios graves \/ raros asociados con este medicamento incluyen alucinaciones, depresi\u00f3n, latidos card\u00edacos irregulares.<\/p>\n[\/vc_column][vc_column width=&#8221;1\/2&#8243;]\n<div class=\"su-divider su-divider-style-default\" style=\"margin:10px 0;border-width:3px;border-color:#ffffff00\"><a href=\"#\" style=\"color:#ffffff009\">.<\/a><\/div>\n<p>Una reacci\u00f3n al\u00e9rgica y dolor en el pecho son otros dos efectos secundarios muy graves que pueden resultar del uso de este medicamento. Los s\u00edntomas pueden incluir dificultad para respirar, sarpullido, inflamaci\u00f3n de los ganglios linf\u00e1ticos, rascado, etc. Busque ayuda m\u00e9dica de inmediato si experimenta alguno de estos signos. Siempre es mejor consultar a un m\u00e9dico antes de comenzar el tratamiento con este medicamento.<\/p>\n<div class=\"su-divider su-divider-style-default\" style=\"margin:10px 0;border-width:3px;border-color:#ffffff00\"><a href=\"#\" style=\"color:#ffffff009\">.<\/a><\/div>\n<h2>Contraindicaciones y precauciones<\/h2>\n<div class=\"su-divider su-divider-style-default\" style=\"margin:10px 0;border-width:3px;border-color:#ffffff00\"><a href=\"#\" style=\"color:#ffffff009\">.<\/a><\/div>\nVilafinil puede interactuar con ciertos medicamentos, alimentos y alcohol. Una interacci\u00f3n puede reducir la eficacia de uno o ambos medicamentos o aumentar el riesgo de efectos secundarios. Algunos de los medicamentos que interact\u00faan con el modafinilo incluyen:<\/p>\n<div class=\"su-divider su-divider-style-default\" style=\"margin:10px 0;border-width:3px;border-color:#ffffff00\"><a href=\"#\" style=\"color:#ffffff009\">.<\/a><\/div>\n<ul>\n<li>medicamentos para el tratamiento de la hepatitis C cr\u00f3nica, por ejemplo, Ombitasvir \/ Paritaprevir \/ Ritonavir, Asunaprevir;<\/li>\n<li>drogas il\u00edcitas como \u00e9xtasis, metanfetaminas, etc .;<\/li>\n<li>code\u00edna;<\/li>\n<li>Citalopram;<\/li>\n<li>buprenorfina.<\/li>\n<\/ul>\n<div class=\"su-divider su-divider-style-default\" style=\"margin:10px 0;border-width:3px;border-color:#ffffff00\"><a href=\"#\" style=\"color:#ffffff009\">.<\/a><\/div>\nPuede que no sea adecuado tomar Vilafinil con ciertos tipos de alimentos o al momento de comer. Adem\u00e1s, la ingesta de alcohol con este f\u00e1rmaco, especialmente en cantidades excesivas, puede provocar interacciones. Consulte a su m\u00e9dico antes de combinar este medicamento con cualquier medicamento, comida y alcohol.<\/p>\n<div class=\"su-divider su-divider-style-default\" style=\"margin:10px 0;border-width:3px;border-color:#ffffff00\"><a href=\"#\" style=\"color:#ffffff009\">.<\/a><\/div>\n<h2>Experiencia del consumidor<\/h2>\n<div class=\"su-divider su-divider-style-default\" style=\"margin:10px 0;border-width:3px;border-color:#ffffff00\"><a href=\"#\" style=\"color:#ffffff009\">.<\/a><\/div>\nAunque Vilafinil sigue ganando popularidad, muchas personas han hablado bien de ello. La mayor\u00eda de ellos ha informado haber experimentado un aumento de energ\u00eda, mayor concentraci\u00f3n y estado de alerta desde su uso. Muchos usuarios lo han colocado al mismo nivel que el medicamento de marca, en t\u00e9rminos de efectividad y tolerabilidad.<\/p>\n<p>Por otro lado, tambi\u00e9n hay quienes informaron haber experimentado reacciones adversas como mareos y dolores de cabeza despu\u00e9s de tomarlo. Sin embargo, esto se considera normal, especialmente para los usuarios nuevos. Estos efectos secundarios suelen ser de corta duraci\u00f3n.<\/p>\n<p>Consulte a un m\u00e9dico antes de tomar este medicamento para aprovecharlo al m\u00e1ximo.<\/p>\n<div class=\"su-divider su-divider-style-default\" style=\"margin:10px 0;border-width:3px;border-color:#ffffff00\"><a href=\"#\" style=\"color:#ffffff009\">.<\/a><\/div>\n<h2>Compre Vilafinil Gen\u00e9rico 200 mg (Modafinil) en l\u00ednea<\/h2>\n<div class=\"su-divider su-divider-style-default\" style=\"margin:10px 0;border-width:3px;border-color:#ffffff00\"><a href=\"#\" style=\"color:#ffffff009\">.<\/a><\/div>\nSi ha decidido comprar Vilafinil 200 mg en l\u00ednea de uno de los proveedores que lo venden sin receta debido a la conveniencia y los descuentos asociados, BuyModafinilOnline es uno de los mejores lugares para buscar.<\/p>\n<p>Aqu\u00ed puede estar seguro de que obtendr\u00e1 el mejor valor por su dinero. Nuestros precios son simplemente uno de los mejores del mercado, y esto se debe a que tratamos directamente con los fabricantes m\u00e1s confiables de la India. Adem\u00e1s, puedes pagar con bitcoins y obtener un<a href=\"https:\/\/buymodafinilonline.com\/es\/paga-con-bitcoin\/\"> 23% de descuento<\/a> !<\/p>\n<p>A<a href=\"https:\/\/buymodafinilonline.com\/es\/\"> ComprarModafinilOnline<\/a> , tenemos una amplia gama de<a href=\"https:\/\/buymodafinilonline.com\/es\/tienda\/\"> venta de medicamentos inteligentes<\/a> que puedes elegir<a href=\"https:\/\/buymodafinilonline.com\/es\/farmacos-inteligentes\/modvigil-200-mg\/\"> Modvigil<\/a> , Modawake,<a href=\"https:\/\/buymodafinilonline.com\/es\/farmacos-inteligentes\/waklert-150-mg\/\"> Waklert<\/a> , Modalert y otros.<\/p>\n<p>\u00bfA\u00fan no est\u00e1 seguro de qu\u00e9 medicamento tomar? Puede recibir muestras gratuitas. Y con la ayuda de nuestro<a href=\"https:\/\/buymodafinilonline.com\/es\/mejor-proveedor-espana\/\"> entrega r\u00e1pida<\/a> , recibir\u00e1 su pedido en unos d\u00edas. Compre de inmediato para disfrutar de las mejores ofertas.<\/p>\n[\/vc_column]\n<div class=\"su-divider su-divider-style-default\" style=\"margin:10px 0;border-width:3px;border-color:#ffffff00\"><a href=\"#\" style=\"color:#ffffff009\">.<\/a><\/div>\n","protected":false},"excerpt":{"rendered":"<p>Vilafinil de Centurion Laboratories es una forma gen\u00e9rica del medicamento de marca conocido como Provigil. Se utiliza para combatir la somnolencia diurna y promover la concentraci\u00f3n. Con cada pastilla que contiene 200 mg de modafinil su ingrediente activo, Vilafinil es 100% tan eficaz como Provigil y 10 veces m\u00e1s barato. Compre con nosotros para disfrutar de incre\u00edbles ofertas y descuentos.<\/p>\n[sc name=\"s1\"]\n","protected":false},"featured_media":426137,"comment_status":"closed","ping_status":"closed","template":"","meta":{"_acf_changed":false},"product_brand":[],"product_cat":[3788],"product_tag":[4001],"class_list":{"0":"post-408481","1":"product","2":"type-product","3":"status-publish","4":"has-post-thumbnail","6":"product_cat-marcas-de-drogas-inteligentes","7":"product_tag-modafinilo","9":"first","10":"instock","11":"sale","12":"shipping-taxable","13":"purchasable","14":"product-type-variable","15":"has-default-attributes"},"acf":[],"yoast_head":"<!-- This site is optimized with the Yoast SEO Premium plugin v23.6 (Yoast SEO v27.3) - https:\/\/yoast.com\/product\/yoast-seo-premium-wordpress\/ -->\n<title>Compre Vilafinil 200 mg (modafinil) sin receta - BuyModafinilOnline<\/title>\n<meta name=\"description\" content=\"Compre tabletas baratas de Vilafinil 200 mg en l\u00ednea desde la India en la farmacia BuyModafinilOnline. Obtenga 20 p\u00edldoras GRATIS (modafinilo + armodafinilo) con cada pedido y $ 25 de descuento para los clientes que regresan.\" \/>\n<meta name=\"robots\" content=\"index, follow, max-snippet:-1, max-image-preview:large, max-video-preview:-1\" \/>\n<link rel=\"canonical\" href=\"https:\/\/buymodafinilonline.com\/es\/farmacos-inteligentes\/vilafinil-200-mg\/\" \/>\n<meta property=\"og:locale\" content=\"es_ES\" \/>\n<meta property=\"og:type\" content=\"article\" \/>\n<meta property=\"og:title\" content=\"Vilafinil 200 mg\" \/>\n<meta property=\"og:description\" content=\"Compre tabletas baratas de Vilafinil 200 mg en l\u00ednea desde la India en la farmacia BuyModafinilOnline. Obtenga 20 p\u00edldoras GRATIS (modafinilo + armodafinilo) con cada pedido y $ 25 de descuento para los clientes que regresan.\" \/>\n<meta property=\"og:url\" content=\"https:\/\/buymodafinilonline.com\/es\/farmacos-inteligentes\/vilafinil-200-mg\/\" \/>\n<meta property=\"og:site_name\" content=\"BuyModafinilOnline.com\" \/>\n<meta property=\"article:modified_time\" content=\"2024-08-16T18:03:05+00:00\" \/>\n<meta property=\"og:image\" content=\"https:\/\/buymodafinilonline.com\/wp-content\/uploads\/2021\/09\/bmo-product-vilafinil-new.png\" \/>\n\t<meta property=\"og:image:width\" content=\"1280\" \/>\n\t<meta property=\"og:image:height\" content=\"1500\" \/>\n\t<meta property=\"og:image:type\" content=\"image\/png\" \/>\n<meta name=\"twitter:label1\" content=\"Tiempo de lectura\" \/>\n\t<meta name=\"twitter:data1\" content=\"5 minutos\" \/>\n<script type=\"application\/ld+json\" class=\"yoast-schema-graph\">{\"@context\":\"https:\\\/\\\/schema.org\",\"@graph\":[{\"@type\":\"WebPage\",\"@id\":\"https:\\\/\\\/buymodafinilonline.com\\\/es\\\/farmacos-inteligentes\\\/vilafinil-200-mg\\\/\",\"url\":\"https:\\\/\\\/buymodafinilonline.com\\\/es\\\/farmacos-inteligentes\\\/vilafinil-200-mg\\\/\",\"name\":\"Compre Vilafinil 200 mg (modafinil) sin receta - BuyModafinilOnline\",\"isPartOf\":{\"@id\":\"https:\\\/\\\/buymodafinilonline.com\\\/es\\\/#website\"},\"primaryImageOfPage\":{\"@id\":\"https:\\\/\\\/buymodafinilonline.com\\\/es\\\/farmacos-inteligentes\\\/vilafinil-200-mg\\\/#primaryimage\"},\"image\":{\"@id\":\"https:\\\/\\\/buymodafinilonline.com\\\/es\\\/farmacos-inteligentes\\\/vilafinil-200-mg\\\/#primaryimage\"},\"thumbnailUrl\":\"https:\\\/\\\/buymodafinilonline.com\\\/wp-content\\\/uploads\\\/2021\\\/09\\\/bmo-product-vilafinil-new.png\",\"datePublished\":\"2020-11-08T16:09:55+00:00\",\"dateModified\":\"2024-08-16T18:03:05+00:00\",\"description\":\"Compre tabletas baratas de Vilafinil 200 mg en l\u00ednea desde la India en la farmacia BuyModafinilOnline. Obtenga 20 p\u00edldoras GRATIS (modafinilo + armodafinilo) con cada pedido y $ 25 de descuento para los clientes que regresan.\",\"breadcrumb\":{\"@id\":\"https:\\\/\\\/buymodafinilonline.com\\\/es\\\/farmacos-inteligentes\\\/vilafinil-200-mg\\\/#breadcrumb\"},\"inLanguage\":\"es\",\"potentialAction\":[{\"@type\":\"ReadAction\",\"target\":[\"https:\\\/\\\/buymodafinilonline.com\\\/es\\\/farmacos-inteligentes\\\/vilafinil-200-mg\\\/\"]}]},{\"@type\":\"ImageObject\",\"inLanguage\":\"es\",\"@id\":\"https:\\\/\\\/buymodafinilonline.com\\\/es\\\/farmacos-inteligentes\\\/vilafinil-200-mg\\\/#primaryimage\",\"url\":\"https:\\\/\\\/buymodafinilonline.com\\\/wp-content\\\/uploads\\\/2021\\\/09\\\/bmo-product-vilafinil-new.png\",\"contentUrl\":\"https:\\\/\\\/buymodafinilonline.com\\\/wp-content\\\/uploads\\\/2021\\\/09\\\/bmo-product-vilafinil-new.png\",\"width\":1280,\"height\":1500,\"caption\":\"Vilafinil 200 mg\"},{\"@type\":\"BreadcrumbList\",\"@id\":\"https:\\\/\\\/buymodafinilonline.com\\\/es\\\/farmacos-inteligentes\\\/vilafinil-200-mg\\\/#breadcrumb\",\"itemListElement\":[{\"@type\":\"ListItem\",\"position\":1,\"name\":\"Buy Modafinil Online\",\"item\":\"https:\\\/\\\/buymodafinilonline.com\\\/es\\\/\"},{\"@type\":\"ListItem\",\"position\":2,\"name\":\"Tienda\",\"item\":\"https:\\\/\\\/buymodafinilonline.com\\\/es\\\/tienda\\\/\"},{\"@type\":\"ListItem\",\"position\":3,\"name\":\"Marcas de drogas inteligentes\",\"item\":\"https:\\\/\\\/buymodafinilonline.com\\\/es\\\/categoria-de-productos\\\/marcas-de-drogas-inteligentes\\\/\"},{\"@type\":\"ListItem\",\"position\":4,\"name\":\"Vilafinil 200 mg\"}]},{\"@type\":\"WebSite\",\"@id\":\"https:\\\/\\\/buymodafinilonline.com\\\/es\\\/#website\",\"url\":\"https:\\\/\\\/buymodafinilonline.com\\\/es\\\/\",\"name\":\"BuyModafinilOnline.com\",\"description\":\"Modafinil Online Pharmacy\",\"publisher\":{\"@id\":\"https:\\\/\\\/buymodafinilonline.com\\\/es\\\/#organization\"},\"potentialAction\":[{\"@type\":\"SearchAction\",\"target\":{\"@type\":\"EntryPoint\",\"urlTemplate\":\"https:\\\/\\\/buymodafinilonline.com\\\/es\\\/?s={search_term_string}\"},\"query-input\":{\"@type\":\"PropertyValueSpecification\",\"valueRequired\":true,\"valueName\":\"search_term_string\"}}],\"inLanguage\":\"es\"},{\"@type\":\"Organization\",\"@id\":\"https:\\\/\\\/buymodafinilonline.com\\\/es\\\/#organization\",\"name\":\"BuyModafinilOnline\",\"url\":\"https:\\\/\\\/buymodafinilonline.com\\\/es\\\/\",\"logo\":{\"@type\":\"ImageObject\",\"inLanguage\":\"es\",\"@id\":\"https:\\\/\\\/buymodafinilonline.com\\\/es\\\/#\\\/schema\\\/logo\\\/image\\\/\",\"url\":\"https:\\\/\\\/buymodafinilonline.com\\\/wp-content\\\/uploads\\\/2020\\\/04\\\/logo-buy-modafinil-online-yellow.png\",\"contentUrl\":\"https:\\\/\\\/buymodafinilonline.com\\\/wp-content\\\/uploads\\\/2020\\\/04\\\/logo-buy-modafinil-online-yellow.png\",\"width\":200,\"height\":200,\"caption\":\"BuyModafinilOnline\"},\"image\":{\"@id\":\"https:\\\/\\\/buymodafinilonline.com\\\/es\\\/#\\\/schema\\\/logo\\\/image\\\/\"}}]}<\/script>\n<!-- \/ Yoast SEO Premium plugin. -->","yoast_head_json":{"title":"Compre Vilafinil 200 mg (modafinil) sin receta - BuyModafinilOnline","description":"Compre tabletas baratas de Vilafinil 200 mg en l\u00ednea desde la India en la farmacia BuyModafinilOnline. Obtenga 20 p\u00edldoras GRATIS (modafinilo + armodafinilo) con cada pedido y $ 25 de descuento para los clientes que regresan.","robots":{"index":"index","follow":"follow","max-snippet":"max-snippet:-1","max-image-preview":"max-image-preview:large","max-video-preview":"max-video-preview:-1"},"canonical":"https:\/\/buymodafinilonline.com\/es\/farmacos-inteligentes\/vilafinil-200-mg\/","og_locale":"es_ES","og_type":"article","og_title":"Vilafinil 200 mg","og_description":"Compre tabletas baratas de Vilafinil 200 mg en l\u00ednea desde la India en la farmacia BuyModafinilOnline. Obtenga 20 p\u00edldoras GRATIS (modafinilo + armodafinilo) con cada pedido y $ 25 de descuento para los clientes que regresan.","og_url":"https:\/\/buymodafinilonline.com\/es\/farmacos-inteligentes\/vilafinil-200-mg\/","og_site_name":"BuyModafinilOnline.com","article_modified_time":"2024-08-16T18:03:05+00:00","og_image":[{"width":1280,"height":1500,"url":"https:\/\/buymodafinilonline.com\/wp-content\/uploads\/2021\/09\/bmo-product-vilafinil-new.png","type":"image\/png"}],"twitter_misc":{"Tiempo de lectura":"5 minutos"},"schema":{"@context":"https:\/\/schema.org","@graph":[{"@type":"WebPage","@id":"https:\/\/buymodafinilonline.com\/es\/farmacos-inteligentes\/vilafinil-200-mg\/","url":"https:\/\/buymodafinilonline.com\/es\/farmacos-inteligentes\/vilafinil-200-mg\/","name":"Compre Vilafinil 200 mg (modafinil) sin receta - BuyModafinilOnline","isPartOf":{"@id":"https:\/\/buymodafinilonline.com\/es\/#website"},"primaryImageOfPage":{"@id":"https:\/\/buymodafinilonline.com\/es\/farmacos-inteligentes\/vilafinil-200-mg\/#primaryimage"},"image":{"@id":"https:\/\/buymodafinilonline.com\/es\/farmacos-inteligentes\/vilafinil-200-mg\/#primaryimage"},"thumbnailUrl":"https:\/\/buymodafinilonline.com\/wp-content\/uploads\/2021\/09\/bmo-product-vilafinil-new.png","datePublished":"2020-11-08T16:09:55+00:00","dateModified":"2024-08-16T18:03:05+00:00","description":"Compre tabletas baratas de Vilafinil 200 mg en l\u00ednea desde la India en la farmacia BuyModafinilOnline. Obtenga 20 p\u00edldoras GRATIS (modafinilo + armodafinilo) con cada pedido y $ 25 de descuento para los clientes que regresan.","breadcrumb":{"@id":"https:\/\/buymodafinilonline.com\/es\/farmacos-inteligentes\/vilafinil-200-mg\/#breadcrumb"},"inLanguage":"es","potentialAction":[{"@type":"ReadAction","target":["https:\/\/buymodafinilonline.com\/es\/farmacos-inteligentes\/vilafinil-200-mg\/"]}]},{"@type":"ImageObject","inLanguage":"es","@id":"https:\/\/buymodafinilonline.com\/es\/farmacos-inteligentes\/vilafinil-200-mg\/#primaryimage","url":"https:\/\/buymodafinilonline.com\/wp-content\/uploads\/2021\/09\/bmo-product-vilafinil-new.png","contentUrl":"https:\/\/buymodafinilonline.com\/wp-content\/uploads\/2021\/09\/bmo-product-vilafinil-new.png","width":1280,"height":1500,"caption":"Vilafinil 200 mg"},{"@type":"BreadcrumbList","@id":"https:\/\/buymodafinilonline.com\/es\/farmacos-inteligentes\/vilafinil-200-mg\/#breadcrumb","itemListElement":[{"@type":"ListItem","position":1,"name":"Buy Modafinil Online","item":"https:\/\/buymodafinilonline.com\/es\/"},{"@type":"ListItem","position":2,"name":"Tienda","item":"https:\/\/buymodafinilonline.com\/es\/tienda\/"},{"@type":"ListItem","position":3,"name":"Marcas de drogas inteligentes","item":"https:\/\/buymodafinilonline.com\/es\/categoria-de-productos\/marcas-de-drogas-inteligentes\/"},{"@type":"ListItem","position":4,"name":"Vilafinil 200 mg"}]},{"@type":"WebSite","@id":"https:\/\/buymodafinilonline.com\/es\/#website","url":"https:\/\/buymodafinilonline.com\/es\/","name":"BuyModafinilOnline.com","description":"Modafinil Online Pharmacy","publisher":{"@id":"https:\/\/buymodafinilonline.com\/es\/#organization"},"potentialAction":[{"@type":"SearchAction","target":{"@type":"EntryPoint","urlTemplate":"https:\/\/buymodafinilonline.com\/es\/?s={search_term_string}"},"query-input":{"@type":"PropertyValueSpecification","valueRequired":true,"valueName":"search_term_string"}}],"inLanguage":"es"},{"@type":"Organization","@id":"https:\/\/buymodafinilonline.com\/es\/#organization","name":"BuyModafinilOnline","url":"https:\/\/buymodafinilonline.com\/es\/","logo":{"@type":"ImageObject","inLanguage":"es","@id":"https:\/\/buymodafinilonline.com\/es\/#\/schema\/logo\/image\/","url":"https:\/\/buymodafinilonline.com\/wp-content\/uploads\/2020\/04\/logo-buy-modafinil-online-yellow.png","contentUrl":"https:\/\/buymodafinilonline.com\/wp-content\/uploads\/2020\/04\/logo-buy-modafinil-online-yellow.png","width":200,"height":200,"caption":"BuyModafinilOnline"},"image":{"@id":"https:\/\/buymodafinilonline.com\/es\/#\/schema\/logo\/image\/"}}]}},"_links":{"self":[{"href":"https:\/\/buymodafinilonline.com\/es\/wp-json\/wp\/v2\/product\/408481","targetHints":{"allow":["GET"]}}],"collection":[{"href":"https:\/\/buymodafinilonline.com\/es\/wp-json\/wp\/v2\/product"}],"about":[{"href":"https:\/\/buymodafinilonline.com\/es\/wp-json\/wp\/v2\/types\/product"}],"replies":[{"embeddable":true,"href":"https:\/\/buymodafinilonline.com\/es\/wp-json\/wp\/v2\/comments?post=408481"}],"wp:featuredmedia":[{"embeddable":true,"href":"https:\/\/buymodafinilonline.com\/es\/wp-json\/wp\/v2\/media\/426137"}],"wp:attachment":[{"href":"https:\/\/buymodafinilonline.com\/es\/wp-json\/wp\/v2\/media?parent=408481"}],"wp:term":[{"taxonomy":"product_brand","embeddable":true,"href":"https:\/\/buymodafinilonline.com\/es\/wp-json\/wp\/v2\/product_brand?post=408481"},{"taxonomy":"product_cat","embeddable":true,"href":"https:\/\/buymodafinilonline.com\/es\/wp-json\/wp\/v2\/product_cat?post=408481"},{"taxonomy":"product_tag","embeddable":true,"href":"https:\/\/buymodafinilonline.com\/es\/wp-json\/wp\/v2\/product_tag?post=408481"}],"curies":[{"name":"wp","href":"https:\/\/api.w.org\/{rel}","templated":true}]}}