{"id":408557,"date":"2020-03-23T21:15:35","date_gmt":"2020-11-08T16:10:29","guid":{"rendered":"https:\/\/buymodafinilonline.com\/smart-drugs\/modawake-200-mg-2\/"},"modified":"2024-08-16T18:59:15","modified_gmt":"2024-08-16T17:59:15","slug":"modawake-200-mg-2","status":"publish","type":"product","link":"https:\/\/buymodafinilonline.com\/es\/farmacos-inteligentes\/modawake-200-mg-2\/","title":{"rendered":"Modawake 200 mg"},"content":{"rendered":"[vc_column width=&#8221;1\/2&#8243;]\n<div class=\"su-divider su-divider-style-default\" style=\"margin:10px 0;border-width:3px;border-color:#ffffff00\"><a href=\"#\" style=\"color:#ffffff009\">.<\/a><\/div>\n<h2>\u00bfQu\u00e9 es Modawake 200 mg?<\/h2>\n<div class=\"su-divider su-divider-style-default\" style=\"margin:10px 0;border-width:3px;border-color:#ffffff00\"><a href=\"#\" style=\"color:#ffffff009\">.<\/a><\/div>\nComo f\u00e1rmaco muy potente de HAB Pharma, Modawake es una versi\u00f3n gen\u00e9rica de modafinilo y est\u00e1 disponible en dosis de 200 mg. Contiene las mismas propiedades que la versi\u00f3n de marca: Provigil\u00ae.<\/p>\n<p>Se prescribe para tratar la narcolepsia, la apnea obstructiva del sue\u00f1o, la hipersomnia idiop\u00e1tica, la somnolencia diurna excesiva, el trastorno del sue\u00f1o por turnos y otras afecciones.<\/p>\n<p>Las personas usaron este medicamento para fines no autorizados, como para impulsar la funci\u00f3n cognitiva en cualquier actividad. Mejora la memoria, mejora la vigilia, la claridad y agudeza mental, etc.<\/p>\n<p>Es popular entre la mayor\u00eda de las personas, incluidos directores ejecutivos, estudiantes universitarios, programadores, ejecutivos corporativos, militares, astronautas y muchos m\u00e1s. Funciona durante m\u00e1s tiempo para completar una tarea planificada que requiere concentraci\u00f3n mental y productividad creativa. Sus efectos se extienden a aproximadamente 10-12 horas por dosis de Modawake 200 mg.<\/p>\n<div class=\"su-divider su-divider-style-default\" style=\"margin:10px 0;border-width:3px;border-color:#ffffff00\"><a href=\"#\" style=\"color:#ffffff009\">.<\/a><\/div>\n<h2>C\u00f3mo funcionan las tabletas<\/h2>\n<div class=\"su-divider su-divider-style-default\" style=\"margin:10px 0;border-width:3px;border-color:#ffffff00\"><a href=\"#\" style=\"color:#ffffff009\">.<\/a><\/div>\nEl modafinilo es un medicamento muy eficaz que act\u00faa estimulando la liberaci\u00f3n de ciertas sustancias qu\u00edmicas que promueven la vigilia. Por lo general, se comercializa como un agente promotor de la vigilia debido a su modo de acci\u00f3n.<\/p>\n<p>Como las anfetaminas, Modawake estimula el cerebro. Sin embargo, el modo exacto de acci\u00f3n del modafinilo no se comprende por completo, pero los investigadores describen que puede funcionar aumentando la cantidad de dopamina (un neurotransmisor qu\u00edmico que algunos nervios usan para comunicarse de manera efectiva entre s\u00ed) en el cerebro humano al disminuir la recaptaci\u00f3n de dopamina en los nervios.<\/p>\n<div class=\"su-divider su-divider-style-default\" style=\"margin:10px 0;border-width:3px;border-color:#ffffff00\"><a href=\"#\" style=\"color:#ffffff009\">.<\/a><\/div>\n<h2>Dosis segura y uso adecuado<\/h2>\n<div class=\"su-divider su-divider-style-default\" style=\"margin:10px 0;border-width:3px;border-color:#ffffff00\"><a href=\"#\" style=\"color:#ffffff009\">.<\/a><\/div>\nAntes de usar Modawake 200 mg, es necesario informar a su m\u00e9dico sobre su lista actual de medicamentos, as\u00ed como sus enfermedades preexistentes, alergias y condiciones de salud actuales.<\/p>\n<p>Modawake debe tragarse con un vaso de agua. Puede tomarlo con o sin comida. Contra la narcolepsia o la apnea obstructiva del sue\u00f1o, tome 1 pastilla por la ma\u00f1ana.<\/p>\n<p>Para el trastorno del trabajo por turnos, tome 1 pastilla una hora antes del turno.<\/p>\n<p>Para propiedades de mejora cognitiva, tome 1 pastilla una hora antes del trabajo.<\/p>\n<div class=\"su-divider su-divider-style-default\" style=\"margin:10px 0;border-width:3px;border-color:#ffffff00\"><a href=\"#\" style=\"color:#ffffff009\">.<\/a><\/div>\n<h2>Posibles efectos secundarios<\/h2>\n<div class=\"su-divider su-divider-style-default\" style=\"margin:10px 0;border-width:3px;border-color:#ffffff00\"><a href=\"#\" style=\"color:#ffffff009\">.<\/a><\/div>\nComo todos los medicamentos de modafinilo, pueden ocurrir efectos secundarios. Los efectos negativos m\u00e1s comunes de Modawake incluyen:<\/p>\n<div class=\"su-divider su-divider-style-default\" style=\"margin:10px 0;border-width:3px;border-color:#ffffff00\"><a href=\"#\" style=\"color:#ffffff009\">.<\/a><\/div>\n<ul>\n<li>dolor de cabeza;<\/li>\n<li>ansiedad;<\/li>\n<li>boca seca;<\/li>\n<li>n\u00e1usea;<\/li>\n<li>nerviosismo;<\/li>\n<li>Diarrea;<\/li>\n<li>infecci\u00f3n del tracto respiratorio superior;<\/li>\n<li>agitaci\u00f3n;<\/li>\n<li>mareo;<\/li>\n<li>dificultad para dormir (insomnio).<\/li>\n<\/ul>\n<div class=\"su-divider su-divider-style-default\" style=\"margin:10px 0;border-width:3px;border-color:#ffffff00\"><a href=\"#\" style=\"color:#ffffff009\">.<\/a><\/div>\nAunque puede ser raro, los siguientes efectos negativos graves pueden ocurrir seg\u00fan la salud individual. Informe a su m\u00e9dico si experimenta efectos secundarios graves de Modawake, que incluyen:<\/p>\n<div class=\"su-divider su-divider-style-default\" style=\"margin:10px 0;border-width:3px;border-color:#ffffff00\"><a href=\"#\" style=\"color:#ffffff009\">.<\/a><\/div>\n<ul>\n<li>alucinaciones<\/li>\n<li>fiebre;<\/li>\n<li>dolor en el pecho;<\/li>\n<li>f\u00e1cil aparici\u00f3n de moretones o sangrado;<\/li>\n<li>latidos card\u00edacos fuertes \/ r\u00e1pidos \/ irregulares;<\/li>\n<li>depresi\u00f3n;<\/li>\n<li>cambios mentales \/ an\u00edmicos.<\/li>\n<\/ul>\n<div class=\"su-divider su-divider-style-default\" style=\"margin:10px 0;border-width:3px;border-color:#ffffff00\"><a href=\"#\" style=\"color:#ffffff009\">.<\/a><\/div>\nTenga en cuenta que esta no es una lista completa. Algunos de los efectos secundarios pueden ser raros pero graves. Debe consultar al m\u00e9dico de inmediato si observa alguno de los efectos secundarios anteriores, especialmente si no desaparecen.<\/p>\n[\/vc_column][vc_column width=&#8221;1\/2&#8243;]\n<div class=\"su-divider su-divider-style-default\" style=\"margin:10px 0;border-width:3px;border-color:#ffffff00\"><a href=\"#\" style=\"color:#ffffff009\">.<\/a><\/div>\n<h2>Contraindicaciones y precauciones<\/h2>\n<div class=\"su-divider su-divider-style-default\" style=\"margin:10px 0;border-width:3px;border-color:#ffffff00\"><a href=\"#\" style=\"color:#ffffff009\">.<\/a><\/div>\nEl modafinilo est\u00e1 contraindicado para pacientes con algunas condiciones de salud. En particular, las contraindicaciones incluyen:<\/p>\n<div class=\"su-divider su-divider-style-default\" style=\"margin:10px 0;border-width:3px;border-color:#ffffff00\"><a href=\"#\" style=\"color:#ffffff009\">.<\/a><\/div>\n<ul>\n<li>angioedema, erupci\u00f3n cut\u00e1nea grave;<\/li>\n<li>precauci\u00f3n al conducir u operar maquinaria;<\/li>\n<li>trastorno bipolar, depresi\u00f3n, man\u00eda, psicosis, esquizofrenia, ideaci\u00f3n suicida;<\/li>\n<li>no tome este medicamento si tiene o sufre un infarto agudo de miocardio, angina, enfermedad card\u00edaca, insuficiencia card\u00edaca;<\/li>\n<li>hipertensi\u00f3n, infarto de miocardio, enfermedad card\u00edaca o enfermedad hep\u00e1tica;<\/li>\n<li>no se recomienda tomarlo durante el embarazo; se debe tener precauci\u00f3n al amamantar.<\/li>\n<\/ul>\n<div class=\"su-divider su-divider-style-default\" style=\"margin:10px 0;border-width:3px;border-color:#ffffff00\"><a href=\"#\" style=\"color:#ffffff009\">.<\/a><\/div>\nEsta no es una lista completa. Adem\u00e1s, consulte con un m\u00e9dico especialista si tiene signos de una reacci\u00f3n al\u00e9rgica.<\/p>\n<p>Como cualquier medicamento de modafinilo, Modawake puede causar reacciones cut\u00e1neas que pueden ser lo suficientemente graves como para necesitar un tratamiento urgente.<\/p>\n<p>La interacci\u00f3n de la medicina incluye:<\/p>\n<div class=\"su-divider su-divider-style-default\" style=\"margin:10px 0;border-width:3px;border-color:#ffffff00\"><a href=\"#\" style=\"color:#ffffff009\">.<\/a><\/div>\n<ul>\n<li>medicamento que puede tener una eficacia reducida si se toma con Modawake, incluidos ciclosporina, teofilina y anticonceptivos hormonales;<\/li>\n<li>medicamento que puede mostrar efectos aumentados o toxicidad si se toma con Modawake 200 mg; incluye warfarina, diazepam, propranolol (Inderal), imipramina, desipramina, fenito\u00edna y mefenito\u00edna;<\/li>\n<li>algunos otros medicamentos que pueden aumentar la eficacia y \/ o toxicidad de Modawake, como carbamazepina, fenobarbital y rifampina (Rifadin);<\/li>\n<li>otros medicamentos, como ketoconazol e itraconazol, que pueden reducir la eficacia de Modawake. El metilfenidato tambi\u00e9n puede retrasar la acci\u00f3n del medicamento modafinilo.<\/li>\n<\/ul>\n<div class=\"su-divider su-divider-style-default\" style=\"margin:10px 0;border-width:3px;border-color:#ffffff00\"><a href=\"#\" style=\"color:#ffffff009\">.<\/a><\/div>\nOtros signos y s\u00edntomas extra\u00f1os al tomar este medicamento, una versi\u00f3n de modafinilo, implica alg\u00fan tipo de asesoramiento, como:<\/p>\n<div class=\"su-divider su-divider-style-default\" style=\"margin:10px 0;border-width:3px;border-color:#ffffff00\"><a href=\"#\" style=\"color:#ffffff009\">.<\/a><\/div>\n<ul>\n<li>no beba alcohol mientras usa este medicamento;<\/li>\n<li>no conduzca ni maneje maquinaria pesada &#8211; puede causar visi\u00f3n borrosa o mareos;<\/li>\n<li>no suspenda este tipo de medicamento de forma repentina; puede causar s\u00edntomas de abstinencia;<\/li>\n<li>Se recomienda no tomar Modawake si es al\u00e9rgico a \u00e9ste.<\/li>\n<\/ul>\n<div class=\"su-divider su-divider-style-default\" style=\"margin:10px 0;border-width:3px;border-color:#ffffff00\"><a href=\"#\" style=\"color:#ffffff009\">.<\/a><\/div>\nAdem\u00e1s, para las mujeres que tengan la intenci\u00f3n de tomar este medicamento, es necesario informar primero a su m\u00e9dico antes de tomar cualquier medicamento si est\u00e1 embarazada o planea quedar embarazada o amamantando a un beb\u00e9.<\/p>\n<div class=\"su-divider su-divider-style-default\" style=\"margin:10px 0;border-width:3px;border-color:#ffffff00\"><a href=\"#\" style=\"color:#ffffff009\">.<\/a><\/div>\n<h2>Experiencia del consumidor<\/h2>\n<div class=\"su-divider su-divider-style-default\" style=\"margin:10px 0;border-width:3px;border-color:#ffffff00\"><a href=\"#\" style=\"color:#ffffff009\">.<\/a><\/div>\nLos resultados de tomar este medicamento dependen de qu\u00e9 tan bien responda a la salud y el rendimiento individuales. Varias personas lo han probado y calificado este medicamento como seguro, bien tolerado y eficaz.<\/p>\n<p>De fuentes confiables, aquellos que han probado Modawake lo han utilizado para realizar trabajos m\u00e1s complejos. Incluso los estudiantes lo usan para obtener su ventaja competitiva y sobresalir. Las personas revisaron Modawake con efectos como mayor concentraci\u00f3n, concentraci\u00f3n, aumento de la memoria y agudeza mental. Los profesionales y empleados lo califican mejor ya que mejora su creatividad, mientras que otros dicen que aumenta su productividad en el trabajo al hacerlos sentir despiertos y alertas. Pueden existir efectos secundarios menores pero desaparecen.<\/p>\n<p>La gente recomienda Modawake 200 mg. T\u00fa tambi\u00e9n puedes dar tu experiencia. Hacer una peque\u00f1a investigaci\u00f3n sobre este medicamento en l\u00ednea lo ilumina, ya que se califica positivamente debido a sus impresionantes beneficios para varias personas de diferentes \u00e1mbitos de la vida. Sin embargo, es necesario consultar primero con un especialista m\u00e9dico antes de tomar este medicamento.<\/p>\n<div class=\"su-divider su-divider-style-default\" style=\"margin:10px 0;border-width:3px;border-color:#ffffff00\"><a href=\"#\" style=\"color:#ffffff009\">.<\/a><\/div>\n<h2>Compre Modawake gen\u00e9rico 200 mg (Modafinil) en l\u00ednea<\/h2>\n<div class=\"su-divider su-divider-style-default\" style=\"margin:10px 0;border-width:3px;border-color:#ffffff00\"><a href=\"#\" style=\"color:#ffffff009\">.<\/a><\/div>\nEl mejor lugar para comprar tabletas Modawake 200 mg baratas pero de calidad es obtenerlas de<a href=\"https:\/\/buymodafinilonline.com\/es\/\"> ComprarModafinilOnline<\/a> . Ofrecemos medicamentos de modafinilo (como<a href=\"https:\/\/buymodafinilonline.com\/es\/farmacos-inteligentes\/modvigil-200-mg\/\"> Modvigil<\/a> ,<a href=\"https:\/\/buymodafinilonline.com\/es\/farmacos-inteligentes\/modafresh-200-mg\/\"> Modafresh<\/a> ,<a href=\"https:\/\/buymodafinilonline.com\/es\/farmacos-inteligentes\/modafil-md-200-mg-sublingual\/\"> Modafil MD<\/a> ) sin receta m\u00e9dica y a un precio extremadamente bajo.<\/p>\n<p>Puede utilizar varias opciones de pago, incluido bitcoin (<a href=\"https:\/\/buymodafinilonline.com\/es\/paga-con-bitcoin\/\"> 23% de descuento<\/a> ), PayPal y una tarjeta de cr\u00e9dito.<\/p>\n<p><a href=\"https:\/\/buymodafinilonline.com\/es\/mejor-proveedor-espana\/\">Env\u00edo<\/a> es ultrarr\u00e1pido, para todo el mundo, excepto en unos pocos pa\u00edses. Incluso si hay una entrega fallida, \u00a1no se preocupe! Reenv\u00edo o reembolso disponible. Ahorre m\u00e1s dinero con este proveedor y mant\u00e9ngase seguro con medicamentos aprobados de calidad.<\/p>\n[\/vc_column]\n<div class=\"su-divider su-divider-style-default\" style=\"margin:10px 0;border-width:3px;border-color:#ffffff00\"><a href=\"#\" style=\"color:#ffffff009\">.<\/a><\/div>\n","protected":false},"excerpt":{"rendered":"<p>Modawake es el medicamento m\u00e1s potente elaborado con el ingrediente activo m\u00e1s famoso y popular: el modafinilo. Es un eugeroico, famoso por sus efectos de mejora cognitiva y estimulante del cerebro. Este producto es fabricado por HAB Pharma. Compre Modawake 200 mg genuino y de calidad aqu\u00ed a un precio muy econ\u00f3mico.<\/p>\n[sc name=\"s1\"]\n","protected":false},"featured_media":426123,"comment_status":"closed","ping_status":"closed","template":"","meta":{"_acf_changed":false},"product_brand":[],"product_cat":[3788],"product_tag":[4001],"class_list":{"0":"post-408557","1":"product","2":"type-product","3":"status-publish","4":"has-post-thumbnail","6":"product_cat-marcas-de-drogas-inteligentes","7":"product_tag-modafinilo","9":"first","10":"instock","11":"sale","12":"shipping-taxable","13":"purchasable","14":"product-type-variable","15":"has-default-attributes"},"acf":[],"yoast_head":"<!-- This site is optimized with the Yoast SEO Premium plugin v23.6 (Yoast SEO v27.3) - https:\/\/yoast.com\/product\/yoast-seo-premium-wordpress\/ -->\n<title>Compre Modawake 200 mg (modafinil) p\u00edldoras sin receta m\u00e9dica - BuyModafinilOnline<\/title>\n<meta name=\"description\" content=\"Ordene tabletas baratas Modawake 200 mg en l\u00ednea por el fabricante de HAB Pharma. Compre medicamentos gen\u00e9ricos Modawake (modafinil) con el pago de Bitcoin: obtenga un 23% de descuento en la farmacia BuyModafinilOnline.\" \/>\n<meta name=\"robots\" content=\"index, follow, max-snippet:-1, max-image-preview:large, max-video-preview:-1\" \/>\n<link rel=\"canonical\" href=\"https:\/\/buymodafinilonline.com\/es\/farmacos-inteligentes\/modawake-200-mg-2\/\" \/>\n<meta property=\"og:locale\" content=\"es_ES\" \/>\n<meta property=\"og:type\" content=\"article\" \/>\n<meta property=\"og:title\" content=\"Modawake 200 mg\" \/>\n<meta property=\"og:description\" content=\"Ordene tabletas baratas Modawake 200 mg en l\u00ednea por el fabricante de HAB Pharma. Compre medicamentos gen\u00e9ricos Modawake (modafinil) con el pago de Bitcoin: obtenga un 23% de descuento en la farmacia BuyModafinilOnline.\" \/>\n<meta property=\"og:url\" content=\"https:\/\/buymodafinilonline.com\/es\/farmacos-inteligentes\/modawake-200-mg-2\/\" \/>\n<meta property=\"og:site_name\" content=\"BuyModafinilOnline.com\" \/>\n<meta property=\"article:modified_time\" content=\"2024-08-16T17:59:15+00:00\" \/>\n<meta property=\"og:image\" content=\"https:\/\/buymodafinilonline.com\/wp-content\/uploads\/2021\/09\/bmo-product-modawake-new.png\" \/>\n\t<meta property=\"og:image:width\" content=\"1280\" \/>\n\t<meta property=\"og:image:height\" content=\"1500\" \/>\n\t<meta property=\"og:image:type\" content=\"image\/png\" \/>\n<meta name=\"twitter:label1\" content=\"Tiempo de lectura\" \/>\n\t<meta name=\"twitter:data1\" content=\"6 minutos\" \/>\n<script type=\"application\/ld+json\" class=\"yoast-schema-graph\">{\"@context\":\"https:\\\/\\\/schema.org\",\"@graph\":[{\"@type\":\"WebPage\",\"@id\":\"https:\\\/\\\/buymodafinilonline.com\\\/es\\\/farmacos-inteligentes\\\/modawake-200-mg-2\\\/\",\"url\":\"https:\\\/\\\/buymodafinilonline.com\\\/es\\\/farmacos-inteligentes\\\/modawake-200-mg-2\\\/\",\"name\":\"Compre Modawake 200 mg (modafinil) p\u00edldoras sin receta m\u00e9dica - BuyModafinilOnline\",\"isPartOf\":{\"@id\":\"https:\\\/\\\/buymodafinilonline.com\\\/es\\\/#website\"},\"primaryImageOfPage\":{\"@id\":\"https:\\\/\\\/buymodafinilonline.com\\\/es\\\/farmacos-inteligentes\\\/modawake-200-mg-2\\\/#primaryimage\"},\"image\":{\"@id\":\"https:\\\/\\\/buymodafinilonline.com\\\/es\\\/farmacos-inteligentes\\\/modawake-200-mg-2\\\/#primaryimage\"},\"thumbnailUrl\":\"https:\\\/\\\/buymodafinilonline.com\\\/wp-content\\\/uploads\\\/2021\\\/09\\\/bmo-product-modawake-new.png\",\"datePublished\":\"2020-11-08T16:10:29+00:00\",\"dateModified\":\"2024-08-16T17:59:15+00:00\",\"description\":\"Ordene tabletas baratas Modawake 200 mg en l\u00ednea por el fabricante de HAB Pharma. Compre medicamentos gen\u00e9ricos Modawake (modafinil) con el pago de Bitcoin: obtenga un 23% de descuento en la farmacia BuyModafinilOnline.\",\"breadcrumb\":{\"@id\":\"https:\\\/\\\/buymodafinilonline.com\\\/es\\\/farmacos-inteligentes\\\/modawake-200-mg-2\\\/#breadcrumb\"},\"inLanguage\":\"es\",\"potentialAction\":[{\"@type\":\"ReadAction\",\"target\":[\"https:\\\/\\\/buymodafinilonline.com\\\/es\\\/farmacos-inteligentes\\\/modawake-200-mg-2\\\/\"]}]},{\"@type\":\"ImageObject\",\"inLanguage\":\"es\",\"@id\":\"https:\\\/\\\/buymodafinilonline.com\\\/es\\\/farmacos-inteligentes\\\/modawake-200-mg-2\\\/#primaryimage\",\"url\":\"https:\\\/\\\/buymodafinilonline.com\\\/wp-content\\\/uploads\\\/2021\\\/09\\\/bmo-product-modawake-new.png\",\"contentUrl\":\"https:\\\/\\\/buymodafinilonline.com\\\/wp-content\\\/uploads\\\/2021\\\/09\\\/bmo-product-modawake-new.png\",\"width\":1280,\"height\":1500,\"caption\":\"Modawake 200 mg\"},{\"@type\":\"BreadcrumbList\",\"@id\":\"https:\\\/\\\/buymodafinilonline.com\\\/es\\\/farmacos-inteligentes\\\/modawake-200-mg-2\\\/#breadcrumb\",\"itemListElement\":[{\"@type\":\"ListItem\",\"position\":1,\"name\":\"Buy Modafinil Online\",\"item\":\"https:\\\/\\\/buymodafinilonline.com\\\/es\\\/\"},{\"@type\":\"ListItem\",\"position\":2,\"name\":\"Tienda\",\"item\":\"https:\\\/\\\/buymodafinilonline.com\\\/es\\\/tienda\\\/\"},{\"@type\":\"ListItem\",\"position\":3,\"name\":\"Marcas de drogas inteligentes\",\"item\":\"https:\\\/\\\/buymodafinilonline.com\\\/es\\\/categoria-de-productos\\\/marcas-de-drogas-inteligentes\\\/\"},{\"@type\":\"ListItem\",\"position\":4,\"name\":\"Modawake 200 mg\"}]},{\"@type\":\"WebSite\",\"@id\":\"https:\\\/\\\/buymodafinilonline.com\\\/es\\\/#website\",\"url\":\"https:\\\/\\\/buymodafinilonline.com\\\/es\\\/\",\"name\":\"BuyModafinilOnline.com\",\"description\":\"Modafinil Online Pharmacy\",\"publisher\":{\"@id\":\"https:\\\/\\\/buymodafinilonline.com\\\/es\\\/#organization\"},\"potentialAction\":[{\"@type\":\"SearchAction\",\"target\":{\"@type\":\"EntryPoint\",\"urlTemplate\":\"https:\\\/\\\/buymodafinilonline.com\\\/es\\\/?s={search_term_string}\"},\"query-input\":{\"@type\":\"PropertyValueSpecification\",\"valueRequired\":true,\"valueName\":\"search_term_string\"}}],\"inLanguage\":\"es\"},{\"@type\":\"Organization\",\"@id\":\"https:\\\/\\\/buymodafinilonline.com\\\/es\\\/#organization\",\"name\":\"BuyModafinilOnline\",\"url\":\"https:\\\/\\\/buymodafinilonline.com\\\/es\\\/\",\"logo\":{\"@type\":\"ImageObject\",\"inLanguage\":\"es\",\"@id\":\"https:\\\/\\\/buymodafinilonline.com\\\/es\\\/#\\\/schema\\\/logo\\\/image\\\/\",\"url\":\"https:\\\/\\\/buymodafinilonline.com\\\/wp-content\\\/uploads\\\/2020\\\/04\\\/logo-buy-modafinil-online-yellow.png\",\"contentUrl\":\"https:\\\/\\\/buymodafinilonline.com\\\/wp-content\\\/uploads\\\/2020\\\/04\\\/logo-buy-modafinil-online-yellow.png\",\"width\":200,\"height\":200,\"caption\":\"BuyModafinilOnline\"},\"image\":{\"@id\":\"https:\\\/\\\/buymodafinilonline.com\\\/es\\\/#\\\/schema\\\/logo\\\/image\\\/\"}}]}<\/script>\n<!-- \/ Yoast SEO Premium plugin. -->","yoast_head_json":{"title":"Compre Modawake 200 mg (modafinil) p\u00edldoras sin receta m\u00e9dica - BuyModafinilOnline","description":"Ordene tabletas baratas Modawake 200 mg en l\u00ednea por el fabricante de HAB Pharma. Compre medicamentos gen\u00e9ricos Modawake (modafinil) con el pago de Bitcoin: obtenga un 23% de descuento en la farmacia BuyModafinilOnline.","robots":{"index":"index","follow":"follow","max-snippet":"max-snippet:-1","max-image-preview":"max-image-preview:large","max-video-preview":"max-video-preview:-1"},"canonical":"https:\/\/buymodafinilonline.com\/es\/farmacos-inteligentes\/modawake-200-mg-2\/","og_locale":"es_ES","og_type":"article","og_title":"Modawake 200 mg","og_description":"Ordene tabletas baratas Modawake 200 mg en l\u00ednea por el fabricante de HAB Pharma. Compre medicamentos gen\u00e9ricos Modawake (modafinil) con el pago de Bitcoin: obtenga un 23% de descuento en la farmacia BuyModafinilOnline.","og_url":"https:\/\/buymodafinilonline.com\/es\/farmacos-inteligentes\/modawake-200-mg-2\/","og_site_name":"BuyModafinilOnline.com","article_modified_time":"2024-08-16T17:59:15+00:00","og_image":[{"width":1280,"height":1500,"url":"https:\/\/buymodafinilonline.com\/wp-content\/uploads\/2021\/09\/bmo-product-modawake-new.png","type":"image\/png"}],"twitter_misc":{"Tiempo de lectura":"6 minutos"},"schema":{"@context":"https:\/\/schema.org","@graph":[{"@type":"WebPage","@id":"https:\/\/buymodafinilonline.com\/es\/farmacos-inteligentes\/modawake-200-mg-2\/","url":"https:\/\/buymodafinilonline.com\/es\/farmacos-inteligentes\/modawake-200-mg-2\/","name":"Compre Modawake 200 mg (modafinil) p\u00edldoras sin receta m\u00e9dica - BuyModafinilOnline","isPartOf":{"@id":"https:\/\/buymodafinilonline.com\/es\/#website"},"primaryImageOfPage":{"@id":"https:\/\/buymodafinilonline.com\/es\/farmacos-inteligentes\/modawake-200-mg-2\/#primaryimage"},"image":{"@id":"https:\/\/buymodafinilonline.com\/es\/farmacos-inteligentes\/modawake-200-mg-2\/#primaryimage"},"thumbnailUrl":"https:\/\/buymodafinilonline.com\/wp-content\/uploads\/2021\/09\/bmo-product-modawake-new.png","datePublished":"2020-11-08T16:10:29+00:00","dateModified":"2024-08-16T17:59:15+00:00","description":"Ordene tabletas baratas Modawake 200 mg en l\u00ednea por el fabricante de HAB Pharma. Compre medicamentos gen\u00e9ricos Modawake (modafinil) con el pago de Bitcoin: obtenga un 23% de descuento en la farmacia BuyModafinilOnline.","breadcrumb":{"@id":"https:\/\/buymodafinilonline.com\/es\/farmacos-inteligentes\/modawake-200-mg-2\/#breadcrumb"},"inLanguage":"es","potentialAction":[{"@type":"ReadAction","target":["https:\/\/buymodafinilonline.com\/es\/farmacos-inteligentes\/modawake-200-mg-2\/"]}]},{"@type":"ImageObject","inLanguage":"es","@id":"https:\/\/buymodafinilonline.com\/es\/farmacos-inteligentes\/modawake-200-mg-2\/#primaryimage","url":"https:\/\/buymodafinilonline.com\/wp-content\/uploads\/2021\/09\/bmo-product-modawake-new.png","contentUrl":"https:\/\/buymodafinilonline.com\/wp-content\/uploads\/2021\/09\/bmo-product-modawake-new.png","width":1280,"height":1500,"caption":"Modawake 200 mg"},{"@type":"BreadcrumbList","@id":"https:\/\/buymodafinilonline.com\/es\/farmacos-inteligentes\/modawake-200-mg-2\/#breadcrumb","itemListElement":[{"@type":"ListItem","position":1,"name":"Buy Modafinil Online","item":"https:\/\/buymodafinilonline.com\/es\/"},{"@type":"ListItem","position":2,"name":"Tienda","item":"https:\/\/buymodafinilonline.com\/es\/tienda\/"},{"@type":"ListItem","position":3,"name":"Marcas de drogas inteligentes","item":"https:\/\/buymodafinilonline.com\/es\/categoria-de-productos\/marcas-de-drogas-inteligentes\/"},{"@type":"ListItem","position":4,"name":"Modawake 200 mg"}]},{"@type":"WebSite","@id":"https:\/\/buymodafinilonline.com\/es\/#website","url":"https:\/\/buymodafinilonline.com\/es\/","name":"BuyModafinilOnline.com","description":"Modafinil Online Pharmacy","publisher":{"@id":"https:\/\/buymodafinilonline.com\/es\/#organization"},"potentialAction":[{"@type":"SearchAction","target":{"@type":"EntryPoint","urlTemplate":"https:\/\/buymodafinilonline.com\/es\/?s={search_term_string}"},"query-input":{"@type":"PropertyValueSpecification","valueRequired":true,"valueName":"search_term_string"}}],"inLanguage":"es"},{"@type":"Organization","@id":"https:\/\/buymodafinilonline.com\/es\/#organization","name":"BuyModafinilOnline","url":"https:\/\/buymodafinilonline.com\/es\/","logo":{"@type":"ImageObject","inLanguage":"es","@id":"https:\/\/buymodafinilonline.com\/es\/#\/schema\/logo\/image\/","url":"https:\/\/buymodafinilonline.com\/wp-content\/uploads\/2020\/04\/logo-buy-modafinil-online-yellow.png","contentUrl":"https:\/\/buymodafinilonline.com\/wp-content\/uploads\/2020\/04\/logo-buy-modafinil-online-yellow.png","width":200,"height":200,"caption":"BuyModafinilOnline"},"image":{"@id":"https:\/\/buymodafinilonline.com\/es\/#\/schema\/logo\/image\/"}}]}},"_links":{"self":[{"href":"https:\/\/buymodafinilonline.com\/es\/wp-json\/wp\/v2\/product\/408557","targetHints":{"allow":["GET"]}}],"collection":[{"href":"https:\/\/buymodafinilonline.com\/es\/wp-json\/wp\/v2\/product"}],"about":[{"href":"https:\/\/buymodafinilonline.com\/es\/wp-json\/wp\/v2\/types\/product"}],"replies":[{"embeddable":true,"href":"https:\/\/buymodafinilonline.com\/es\/wp-json\/wp\/v2\/comments?post=408557"}],"wp:featuredmedia":[{"embeddable":true,"href":"https:\/\/buymodafinilonline.com\/es\/wp-json\/wp\/v2\/media\/426123"}],"wp:attachment":[{"href":"https:\/\/buymodafinilonline.com\/es\/wp-json\/wp\/v2\/media?parent=408557"}],"wp:term":[{"taxonomy":"product_brand","embeddable":true,"href":"https:\/\/buymodafinilonline.com\/es\/wp-json\/wp\/v2\/product_brand?post=408557"},{"taxonomy":"product_cat","embeddable":true,"href":"https:\/\/buymodafinilonline.com\/es\/wp-json\/wp\/v2\/product_cat?post=408557"},{"taxonomy":"product_tag","embeddable":true,"href":"https:\/\/buymodafinilonline.com\/es\/wp-json\/wp\/v2\/product_tag?post=408557"}],"curies":[{"name":"wp","href":"https:\/\/api.w.org\/{rel}","templated":true}]}}