{"id":408598,"date":"2020-03-23T22:55:44","date_gmt":"2020-03-23T21:55:44","guid":{"rendered":"https:\/\/buymodafinilonline.com\/smart-drugs\/modafil-md-200-mg-sublingual\/"},"modified":"2025-05-12T12:25:04","modified_gmt":"2025-05-12T11:25:04","slug":"modafil-md-200-mg-sublingual","status":"publish","type":"product","link":"https:\/\/buymodafinilonline.com\/es\/farmacos-inteligentes\/modafil-md-200-mg-sublingual\/","title":{"rendered":"Modafil MD 200 mg sublingual"},"content":{"rendered":"[vc_column width=&#8221;1\/2&#8243;]\n<div class=\"su-divider su-divider-style-default\" style=\"margin:10px 0;border-width:3px;border-color:#ffffff00\"><a href=\"#\" style=\"color:#ffffff009\">.<\/a><\/div>\n<h2>\u00bfQu\u00e9 es Modafil MD 200 mg?<\/h2>\n<div class=\"su-divider su-divider-style-default\" style=\"margin:10px 0;border-width:3px;border-color:#ffffff00\"><a href=\"#\" style=\"color:#ffffff009\">.<\/a><\/div>\nModafil MD es una potente versi\u00f3n gen\u00e9rica de Provigil\u00ae. Uno de los medicamentos m\u00e1s potentes y populares recetados para tratar diversas afecciones relacionadas con el sue\u00f1o que incluyen narcolepsia, apnea obstructiva del sue\u00f1o, somnolencia diurna excesiva, hipersomnia idiop\u00e1tica, trastorno del sue\u00f1o por turnos de trabajo y otras afecciones.<\/p>\n<p>Los especialistas m\u00e9dicos tambi\u00e9n pueden recetar Modafil MD 200 mg para personas que sufren de ADD \/ ADHD debido a su capacidad para mejorar la concentraci\u00f3n, el enfoque y restaurar la vigilia.<\/p>\n<p>Para varias personas, fuera de este uso prescrito, el medicamento Modafil MD se usa para mejorar la productividad en el trabajo o la escuela. Es por eso que los estudiantes y ejecutivos, en particular los directores ejecutivos y profesionales, lo usan. Es una droga potente \u00fatil para per\u00edodos de trabajo prolongados y duraderos (por eso los militares y los astronautas lo usan para misiones largas) o mientras realizan tareas repetitivas.<\/p>\n<div class=\"su-divider su-divider-style-default\" style=\"margin:10px 0;border-width:3px;border-color:#ffffff00\"><a href=\"#\" style=\"color:#ffffff009\">.<\/a><\/div>\n<h2>C\u00f3mo funcionan los comprimidos<\/h2>\n<div class=\"su-divider su-divider-style-default\" style=\"margin:10px 0;border-width:3px;border-color:#ffffff00\"><a href=\"#\" style=\"color:#ffffff009\">.<\/a><\/div>\nModafil MD act\u00faa estimulando la liberaci\u00f3n de sustancias qu\u00edmicas en el cerebro que promueven la vigilia. Su mecanismo de acci\u00f3n exacto no se comprende por completo, los cient\u00edficos describen que funciona aumentando la cantidad de dopamina (un neurotransmisor qu\u00edmico que los nervios del cerebro usan para comunicarse entre s\u00ed) en el cuerpo.<\/p>\n<p>Modafil MD 200 mg se dirige a las neuronas dopamin\u00e9rgicas del hipot\u00e1lamo. Al inhibir las neuronas dopamin\u00e9rgicas, aumenta los niveles de hipocretina y dopamina, lo que promueve sentimientos de alerta, insomnio en el cerebro, pensamiento mejorado, agudeza mental y procesamiento mejorado del estado de \u00e1nimo, percepci\u00f3n, concentraci\u00f3n, motivaci\u00f3n y niveles de energ\u00eda.<\/p>\n<div class=\"su-divider su-divider-style-default\" style=\"margin:10px 0;border-width:3px;border-color:#ffffff00\"><a href=\"#\" style=\"color:#ffffff009\">.<\/a><\/div>\n<h2>Dosificaci\u00f3n segura y uso adecuado<\/h2>\n<div class=\"su-divider su-divider-style-default\" style=\"margin:10px 0;border-width:3px;border-color:#ffffff00\"><a href=\"#\" style=\"color:#ffffff009\">.<\/a><\/div>\nEste medicamento es seguro para personas sanas sin algunas enfermedades y siguiendo la dosis correcta.<\/p>\n<p>Modafil MD viene en 2 dosis: 100 y 200 mg. El 200 mg es la forma m\u00e1s com\u00fan vendida principalmente por proveedores en l\u00ednea y utilizada por la mayor\u00eda de las personas como receta o para fines no autorizados.<\/p>\n<p>No es como cualquier tableta oral. Este tipo de medicamento se convierte r\u00e1pidamente en un remedio popular de modafinilo debido a su m\u00e9todo de administraci\u00f3n \u00fanico, como modafinilo sublingual. Este proceso hace que Modafil MD se absorba m\u00e1s r\u00e1pido dando sus efectos a un ritmo m\u00e1s r\u00e1pido.<\/p>\n<p>La mayor\u00eda de las personas usan este medicamento fuera de los usos prescritos para promover el enfoque, el estado de alerta, la vigilancia, la concentraci\u00f3n y la productividad. Funciona principalmente aumentando la vigilia y el estado de alerta durante varias horas, lo suficiente para realizar una tarea productiva.<\/p>\n<div class=\"su-divider su-divider-style-default\" style=\"margin:10px 0;border-width:3px;border-color:#ffffff00\"><a href=\"#\" style=\"color:#ffffff009\">.<\/a><\/div>\n<h2>Posibles efectos secundarios<\/h2>\n<div class=\"su-divider su-divider-style-default\" style=\"margin:10px 0;border-width:3px;border-color:#ffffff00\"><a href=\"#\" style=\"color:#ffffff009\">.<\/a><\/div>\nModafil MD es seguro para personas con un cuerpo sano. Sin embargo, los efectos negativos no se pueden evitar por completo. Sin embargo, algunos son menores, pueden ocurrir y desaparecer con el uso continuo de medicamentos.<\/p>\n<p>Los efectos negativos comunes de Modafil MD 200 mg incluyen:<\/p>\n<div class=\"su-divider su-divider-style-default\" style=\"margin:10px 0;border-width:3px;border-color:#ffffff00\"><a href=\"#\" style=\"color:#ffffff009\">.<\/a><\/div>\n<ul>\n<li>dolores de cabeza<\/li>\n<li>p\u00e9rdida de apetito;<\/li>\n<li>malestar estomacal;<\/li>\n<li>sinti\u00e9ndose nervioso;<\/li>\n<li>dificultad para dormir;<\/li>\n<li>etc.<\/li>\n<\/ul>\n<div class=\"su-divider su-divider-style-default\" style=\"margin:10px 0;border-width:3px;border-color:#ffffff00\"><a href=\"#\" style=\"color:#ffffff009\">.<\/a><\/div>\nEstos efectos secundarios m\u00e1s graves rara vez ocurren, pero pueden ocurrir en algunas personas: latidos card\u00edacos irregulares, v\u00f3mitos, erupci\u00f3n cut\u00e1nea, orina oscura, urticaria, picaz\u00f3n en la piel, fiebre.<\/p>\n<p>Esta no es una lista completa. Algunos efectos negativos pueden ser graves y perjudiciales para la salud de algunas personas. Siempre que experimente signos extra\u00f1os, busque asistencia m\u00e9dica de inmediato.<\/p>\n[\/vc_column][vc_column width=&#8221;1\/2&#8243;]\n<div class=\"su-divider su-divider-style-default\" style=\"margin:10px 0;border-width:3px;border-color:#ffffff00\"><a href=\"#\" style=\"color:#ffffff009\">.<\/a><\/div>\n<h2>Contraindicaciones y precauciones<\/h2>\n<div class=\"su-divider su-divider-style-default\" style=\"margin:10px 0;border-width:3px;border-color:#ffffff00\"><a href=\"#\" style=\"color:#ffffff009\">.<\/a><\/div>\nComo cualquier medicamento potente, es necesario tomar las precauciones que le d\u00e9 un especialista m\u00e9dico y, lo m\u00e1s importante, se recomienda seguir las instrucciones que se describen en el prospecto del medicamento.<\/p>\n<p>Algunas interacciones medicamentosas pueden ser graves y se necesita precauci\u00f3n adicional. Modafil MD interact\u00faa con algunos medicamentos como:<\/p>\n<div class=\"su-divider su-divider-style-default\" style=\"margin:10px 0;border-width:3px;border-color:#ffffff00\"><a href=\"#\" style=\"color:#ffffff009\">.<\/a><\/div>\n<ul>\n<li>carbamazepina (Tegretol);<\/li>\n<li>desipramina (Norpramin);<\/li>\n<li>anticonceptivos hormonales (es decir, Micronor);<\/li>\n<li>warfarina (Coumadin);<\/li>\n<li>propranolol (Inderal);<\/li>\n<li>fenito\u00edna (Dilantin);<\/li>\n<li>etc.<\/li>\n<\/ul>\n<div class=\"su-divider su-divider-style-default\" style=\"margin:10px 0;border-width:3px;border-color:#ffffff00\"><a href=\"#\" style=\"color:#ffffff009\">.<\/a><\/div>\nEsta no es una lista completa. Su especialista m\u00e9dico debe evaluar todos los medicamentos que est\u00e1 usando, as\u00ed como realizar un an\u00e1lisis de salud en profundidad para identificar algunas enfermedades que tiene. Por ejemplo, para problemas card\u00edacos.<\/p>\n<p>Y tambi\u00e9n si tienes:<\/p>\n<div class=\"su-divider su-divider-style-default\" style=\"margin:10px 0;border-width:3px;border-color:#ffffff00\"><a href=\"#\" style=\"color:#ffffff009\">.<\/a><\/div>\n<ul>\n<li>problemas de h\u00edgado;<\/li>\n<li>hipertensi\u00f3n;<\/li>\n<li>psicosis;<\/li>\n<li>man\u00eda;<\/li>\n<li>depresi\u00f3n.<\/li>\n<\/ul>\n<div class=\"su-divider su-divider-style-default\" style=\"margin:10px 0;border-width:3px;border-color:#ffffff00\"><a href=\"#\" style=\"color:#ffffff009\">.<\/a><\/div>\nLa mayor\u00eda de los alimentos funcionan bien con Modafil MD. Se recomienda el consejo de un m\u00e9dico si tiene la intenci\u00f3n de tomar este medicamento si est\u00e1 amamantando o embarazada. Adem\u00e1s, el alcohol y el modafinilo no funcionan bien. Sus mecanismos sobre c\u00f3mo Modafil MD recompensa las sustancias qu\u00edmicas del cerebro y c\u00f3mo funciona el alcohol en el cuerpo mientras est\u00e1 bajo modafinilo pueden causar efectos secundarios sin precedentes.<\/p>\n<p>Otra precauci\u00f3n implica: no operar con maquinaria pesada o conducir bajo los efectos del modafinilo, ya que puede causar mareos o visi\u00f3n borrosa.<\/p>\n<div class=\"su-divider su-divider-style-default\" style=\"margin:10px 0;border-width:3px;border-color:#ffffff00\"><a href=\"#\" style=\"color:#ffffff009\">.<\/a><\/div>\n<h2>Experiencia del consumidor<\/h2>\n<div class=\"su-divider su-divider-style-default\" style=\"margin:10px 0;border-width:3px;border-color:#ffffff00\"><a href=\"#\" style=\"color:#ffffff009\">.<\/a><\/div>\nEl modafinilo es un f\u00e1rmaco potente con varios beneficios para la salud. Es \u00fatil para tratar diversas afecciones de salud con privaci\u00f3n del sue\u00f1o, pero tambi\u00e9n ayuda a varias personas sanas que necesitan aumentar su productividad debido a los efectos cognitivos de Modafil MD.<\/p>\n<p>Aquellos que lo toman responden positivamente con pocos o ning\u00fan efecto secundario importante. Sin embargo, el modafinilo es un medicamento que se usa con precauci\u00f3n adicional.<\/p>\n<p>Aunque es seguro, tomarlo sin la aprobaci\u00f3n de un m\u00e9dico puede causar problemas de salud graves, incluso aquellas afecciones que pueden poner en peligro la vida. Es necesario obtener siempre el consejo y la prescripci\u00f3n de medicamentos de un m\u00e9dico.<\/p>\n<div class=\"su-divider su-divider-style-default\" style=\"margin:10px 0;border-width:3px;border-color:#ffffff00\"><a href=\"#\" style=\"color:#ffffff009\">.<\/a><\/div>\n<h2>Comprar Modafil MD gen\u00e9rico 200 mg (Modafinil) en l\u00ednea<\/h2>\n<div class=\"su-divider su-divider-style-default\" style=\"margin:10px 0;border-width:3px;border-color:#ffffff00\"><a href=\"#\" style=\"color:#ffffff009\">.<\/a><\/div>\nEs necesario obtener medicamentos inteligentes en una farmacia electr\u00f3nica leg\u00edtima. Pueden existir vendedores en l\u00ednea falsos que venden modafinilo de baja calidad o falsificados y otros medicamentos de venta libre.<\/p>\n<p>Mantente seguro usando<a href=\"https:\/\/buymodafinilonline.com\/es\/\"> ComprarModafinilOnline<\/a> . Es la farmacia electr\u00f3nica definitiva que ofrece varias experiencias de reducci\u00f3n de precios, incluidos <a href=\"https:\/\/buymodafinilonline.com\/coupons-deals-promo-codes\/\">cupones y descuentos<\/a> (23% de descuento por <a href=\"https:\/\/buymodafinilonline.com\/es\/paga-con-bitcoin\/\">pagar con bitcoin<\/a>).<\/p>\n<p>Los precios de Modafil MD son baratos en nuestra farmacia. Adem\u00e1s, ofrecemos<a href=\"https:\/\/buymodafinilonline.com\/free-trial\/\"> muestras de prueba gratuitas de modafinilo y armodafinilo<\/a> (<a href=\"https:\/\/buymodafinilonline.com\/es\/farmacos-inteligentes\/muestra-de-modafinilo-gratis-modalert-200-mg\/\"> Modalert 200 mg<\/a> y<a href=\"https:\/\/buymodafinilonline.com\/es\/farmacos-inteligentes\/muestras-gratis-de-armodafinilo-artvigil-150-mg\/\"> Artvigil 150 mg<\/a> ): La mejor manera de probar la calidad de sus medicamentos inteligentes.<\/p>\n<p>BuyModafinilOnline ofertas<a href=\"https:\/\/buymodafinilonline.com\/es\/mejor-proveedor-espana\/\"> env\u00edo mundial s\u00faper r\u00e1pido<\/a> (gratis para pedidos superiores a $ 150) excepto para algunos destinos enumerados a los que no realiza env\u00edos. Tambi\u00e9n ofrecemos reenv\u00edo gratuito o un reembolso completo si su paquete se pierde o se atasca en la aduana.<\/p>\n[\/vc_column]\n<div class=\"su-divider su-divider-style-default\" style=\"margin:10px 0;border-width:3px;border-color:#ffffff00\"><a href=\"#\" style=\"color:#ffffff009\">.<\/a><\/div>\n","protected":false},"excerpt":{"rendered":"<p>Modafil MD es una potencia cuando se trata de efectos de modafinilo. Se puede absorber por la boca para acelerar la acci\u00f3n del f\u00e1rmaco y obtener efectos m\u00e1s intensos que cualquier otro f\u00e1rmaco de marca o gen\u00e9rico de modafinilo en el mercado. Su ingrediente activo es el modafinilo. Es popular para promover la vigilia y los efectos cognitivos. Es producido por INTAS Pharma, la compa\u00f1\u00eda biofarmac\u00e9utica india. Comprarlo en nuestra farmacia le asegura que obtendr\u00e1 medicamentos genuinos, de calidad y aprobados a un costo menor con entrega garantizada.<\/p>\n[sc name=\"s1\"]\n[sc name=\"s1\"]\n","protected":false},"featured_media":426116,"comment_status":"closed","ping_status":"closed","template":"","meta":{"_acf_changed":false},"product_brand":[],"product_cat":[4232,3788],"product_tag":[4001],"class_list":{"0":"post-408598","1":"product","2":"type-product","3":"status-publish","4":"has-post-thumbnail","6":"product_cat-smart-drugs-mas-vendidos","7":"product_cat-marcas-de-drogas-inteligentes","8":"product_tag-modafinilo","10":"first","11":"instock","12":"sale","13":"shipping-taxable","14":"purchasable","15":"product-type-variable","16":"has-default-attributes"},"acf":[],"yoast_head":"<!-- This site is optimized with the Yoast SEO Premium plugin v23.6 (Yoast SEO v27.3) - https:\/\/yoast.com\/product\/yoast-seo-premium-wordpress\/ -->\n<title>Compre Modafil MD 200 mg (Modafinil) en tabletas de India - BuyModafinilOnline<\/title>\n<meta name=\"description\" content=\"Ordene Modafil MD 200 mg medicamentos en l\u00ednea sin receta m\u00e9dica en la farmacia BuyModafinilOnline. Tabletas 100% legales del proveedor INTAS Pharma. Compre Modafil MD gen\u00e9rico (modafinilo) 200 mg en un paquete discreto.\" \/>\n<meta name=\"robots\" content=\"index, follow, max-snippet:-1, max-image-preview:large, max-video-preview:-1\" \/>\n<link rel=\"canonical\" href=\"https:\/\/buymodafinilonline.com\/es\/farmacos-inteligentes\/modafil-md-200-mg-sublingual\/\" \/>\n<meta property=\"og:locale\" content=\"es_ES\" \/>\n<meta property=\"og:type\" content=\"article\" \/>\n<meta property=\"og:title\" content=\"Modafil MD 200 mg sublingual\" \/>\n<meta property=\"og:description\" content=\"Ordene Modafil MD 200 mg medicamentos en l\u00ednea sin receta m\u00e9dica en la farmacia BuyModafinilOnline. Tabletas 100% legales del proveedor INTAS Pharma. Compre Modafil MD gen\u00e9rico (modafinilo) 200 mg en un paquete discreto.\" \/>\n<meta property=\"og:url\" content=\"https:\/\/buymodafinilonline.com\/es\/farmacos-inteligentes\/modafil-md-200-mg-sublingual\/\" \/>\n<meta property=\"og:site_name\" content=\"BuyModafinilOnline.com\" \/>\n<meta property=\"article:modified_time\" content=\"2025-05-12T11:25:04+00:00\" \/>\n<meta property=\"og:image\" content=\"https:\/\/buymodafinilonline.com\/wp-content\/uploads\/2021\/09\/bmo-product-modafil-md-new.png\" \/>\n\t<meta property=\"og:image:width\" content=\"1280\" \/>\n\t<meta property=\"og:image:height\" content=\"1500\" \/>\n\t<meta property=\"og:image:type\" content=\"image\/png\" \/>\n<meta name=\"twitter:label1\" content=\"Tiempo de lectura\" \/>\n\t<meta name=\"twitter:data1\" content=\"6 minutos\" \/>\n<script type=\"application\/ld+json\" class=\"yoast-schema-graph\">{\"@context\":\"https:\\\/\\\/schema.org\",\"@graph\":[{\"@type\":\"WebPage\",\"@id\":\"https:\\\/\\\/buymodafinilonline.com\\\/es\\\/farmacos-inteligentes\\\/modafil-md-200-mg-sublingual\\\/\",\"url\":\"https:\\\/\\\/buymodafinilonline.com\\\/es\\\/farmacos-inteligentes\\\/modafil-md-200-mg-sublingual\\\/\",\"name\":\"Compre Modafil MD 200 mg (Modafinil) en tabletas de India - BuyModafinilOnline\",\"isPartOf\":{\"@id\":\"https:\\\/\\\/buymodafinilonline.com\\\/es\\\/#website\"},\"primaryImageOfPage\":{\"@id\":\"https:\\\/\\\/buymodafinilonline.com\\\/es\\\/farmacos-inteligentes\\\/modafil-md-200-mg-sublingual\\\/#primaryimage\"},\"image\":{\"@id\":\"https:\\\/\\\/buymodafinilonline.com\\\/es\\\/farmacos-inteligentes\\\/modafil-md-200-mg-sublingual\\\/#primaryimage\"},\"thumbnailUrl\":\"https:\\\/\\\/buymodafinilonline.com\\\/wp-content\\\/uploads\\\/2021\\\/09\\\/bmo-product-modafil-md-new.png\",\"datePublished\":\"2020-03-23T21:55:44+00:00\",\"dateModified\":\"2025-05-12T11:25:04+00:00\",\"description\":\"Ordene Modafil MD 200 mg medicamentos en l\u00ednea sin receta m\u00e9dica en la farmacia BuyModafinilOnline. Tabletas 100% legales del proveedor INTAS Pharma. Compre Modafil MD gen\u00e9rico (modafinilo) 200 mg en un paquete discreto.\",\"breadcrumb\":{\"@id\":\"https:\\\/\\\/buymodafinilonline.com\\\/es\\\/farmacos-inteligentes\\\/modafil-md-200-mg-sublingual\\\/#breadcrumb\"},\"inLanguage\":\"es\",\"potentialAction\":[{\"@type\":\"ReadAction\",\"target\":[\"https:\\\/\\\/buymodafinilonline.com\\\/es\\\/farmacos-inteligentes\\\/modafil-md-200-mg-sublingual\\\/\"]}]},{\"@type\":\"ImageObject\",\"inLanguage\":\"es\",\"@id\":\"https:\\\/\\\/buymodafinilonline.com\\\/es\\\/farmacos-inteligentes\\\/modafil-md-200-mg-sublingual\\\/#primaryimage\",\"url\":\"https:\\\/\\\/buymodafinilonline.com\\\/wp-content\\\/uploads\\\/2021\\\/09\\\/bmo-product-modafil-md-new.png\",\"contentUrl\":\"https:\\\/\\\/buymodafinilonline.com\\\/wp-content\\\/uploads\\\/2021\\\/09\\\/bmo-product-modafil-md-new.png\",\"width\":1280,\"height\":1500,\"caption\":\"Modafil MD 200 mg\"},{\"@type\":\"BreadcrumbList\",\"@id\":\"https:\\\/\\\/buymodafinilonline.com\\\/es\\\/farmacos-inteligentes\\\/modafil-md-200-mg-sublingual\\\/#breadcrumb\",\"itemListElement\":[{\"@type\":\"ListItem\",\"position\":1,\"name\":\"Buy Modafinil Online\",\"item\":\"https:\\\/\\\/buymodafinilonline.com\\\/es\\\/\"},{\"@type\":\"ListItem\",\"position\":2,\"name\":\"Tienda\",\"item\":\"https:\\\/\\\/buymodafinilonline.com\\\/es\\\/tienda\\\/\"},{\"@type\":\"ListItem\",\"position\":3,\"name\":\"Los m\u00e1s vendidos\",\"item\":\"https:\\\/\\\/buymodafinilonline.com\\\/es\\\/categoria-de-productos\\\/smart-drugs-mas-vendidos\\\/\"},{\"@type\":\"ListItem\",\"position\":4,\"name\":\"Modafil MD 200 mg sublingual\"}]},{\"@type\":\"WebSite\",\"@id\":\"https:\\\/\\\/buymodafinilonline.com\\\/es\\\/#website\",\"url\":\"https:\\\/\\\/buymodafinilonline.com\\\/es\\\/\",\"name\":\"BuyModafinilOnline.com\",\"description\":\"Modafinil Online Pharmacy\",\"publisher\":{\"@id\":\"https:\\\/\\\/buymodafinilonline.com\\\/es\\\/#organization\"},\"potentialAction\":[{\"@type\":\"SearchAction\",\"target\":{\"@type\":\"EntryPoint\",\"urlTemplate\":\"https:\\\/\\\/buymodafinilonline.com\\\/es\\\/?s={search_term_string}\"},\"query-input\":{\"@type\":\"PropertyValueSpecification\",\"valueRequired\":true,\"valueName\":\"search_term_string\"}}],\"inLanguage\":\"es\"},{\"@type\":\"Organization\",\"@id\":\"https:\\\/\\\/buymodafinilonline.com\\\/es\\\/#organization\",\"name\":\"BuyModafinilOnline\",\"url\":\"https:\\\/\\\/buymodafinilonline.com\\\/es\\\/\",\"logo\":{\"@type\":\"ImageObject\",\"inLanguage\":\"es\",\"@id\":\"https:\\\/\\\/buymodafinilonline.com\\\/es\\\/#\\\/schema\\\/logo\\\/image\\\/\",\"url\":\"https:\\\/\\\/buymodafinilonline.com\\\/wp-content\\\/uploads\\\/2020\\\/04\\\/logo-buy-modafinil-online-yellow.png\",\"contentUrl\":\"https:\\\/\\\/buymodafinilonline.com\\\/wp-content\\\/uploads\\\/2020\\\/04\\\/logo-buy-modafinil-online-yellow.png\",\"width\":200,\"height\":200,\"caption\":\"BuyModafinilOnline\"},\"image\":{\"@id\":\"https:\\\/\\\/buymodafinilonline.com\\\/es\\\/#\\\/schema\\\/logo\\\/image\\\/\"}}]}<\/script>\n<!-- \/ Yoast SEO Premium plugin. -->","yoast_head_json":{"title":"Compre Modafil MD 200 mg (Modafinil) en tabletas de India - BuyModafinilOnline","description":"Ordene Modafil MD 200 mg medicamentos en l\u00ednea sin receta m\u00e9dica en la farmacia BuyModafinilOnline. Tabletas 100% legales del proveedor INTAS Pharma. Compre Modafil MD gen\u00e9rico (modafinilo) 200 mg en un paquete discreto.","robots":{"index":"index","follow":"follow","max-snippet":"max-snippet:-1","max-image-preview":"max-image-preview:large","max-video-preview":"max-video-preview:-1"},"canonical":"https:\/\/buymodafinilonline.com\/es\/farmacos-inteligentes\/modafil-md-200-mg-sublingual\/","og_locale":"es_ES","og_type":"article","og_title":"Modafil MD 200 mg sublingual","og_description":"Ordene Modafil MD 200 mg medicamentos en l\u00ednea sin receta m\u00e9dica en la farmacia BuyModafinilOnline. Tabletas 100% legales del proveedor INTAS Pharma. Compre Modafil MD gen\u00e9rico (modafinilo) 200 mg en un paquete discreto.","og_url":"https:\/\/buymodafinilonline.com\/es\/farmacos-inteligentes\/modafil-md-200-mg-sublingual\/","og_site_name":"BuyModafinilOnline.com","article_modified_time":"2025-05-12T11:25:04+00:00","og_image":[{"width":1280,"height":1500,"url":"https:\/\/buymodafinilonline.com\/wp-content\/uploads\/2021\/09\/bmo-product-modafil-md-new.png","type":"image\/png"}],"twitter_misc":{"Tiempo de lectura":"6 minutos"},"schema":{"@context":"https:\/\/schema.org","@graph":[{"@type":"WebPage","@id":"https:\/\/buymodafinilonline.com\/es\/farmacos-inteligentes\/modafil-md-200-mg-sublingual\/","url":"https:\/\/buymodafinilonline.com\/es\/farmacos-inteligentes\/modafil-md-200-mg-sublingual\/","name":"Compre Modafil MD 200 mg (Modafinil) en tabletas de India - BuyModafinilOnline","isPartOf":{"@id":"https:\/\/buymodafinilonline.com\/es\/#website"},"primaryImageOfPage":{"@id":"https:\/\/buymodafinilonline.com\/es\/farmacos-inteligentes\/modafil-md-200-mg-sublingual\/#primaryimage"},"image":{"@id":"https:\/\/buymodafinilonline.com\/es\/farmacos-inteligentes\/modafil-md-200-mg-sublingual\/#primaryimage"},"thumbnailUrl":"https:\/\/buymodafinilonline.com\/wp-content\/uploads\/2021\/09\/bmo-product-modafil-md-new.png","datePublished":"2020-03-23T21:55:44+00:00","dateModified":"2025-05-12T11:25:04+00:00","description":"Ordene Modafil MD 200 mg medicamentos en l\u00ednea sin receta m\u00e9dica en la farmacia BuyModafinilOnline. Tabletas 100% legales del proveedor INTAS Pharma. Compre Modafil MD gen\u00e9rico (modafinilo) 200 mg en un paquete discreto.","breadcrumb":{"@id":"https:\/\/buymodafinilonline.com\/es\/farmacos-inteligentes\/modafil-md-200-mg-sublingual\/#breadcrumb"},"inLanguage":"es","potentialAction":[{"@type":"ReadAction","target":["https:\/\/buymodafinilonline.com\/es\/farmacos-inteligentes\/modafil-md-200-mg-sublingual\/"]}]},{"@type":"ImageObject","inLanguage":"es","@id":"https:\/\/buymodafinilonline.com\/es\/farmacos-inteligentes\/modafil-md-200-mg-sublingual\/#primaryimage","url":"https:\/\/buymodafinilonline.com\/wp-content\/uploads\/2021\/09\/bmo-product-modafil-md-new.png","contentUrl":"https:\/\/buymodafinilonline.com\/wp-content\/uploads\/2021\/09\/bmo-product-modafil-md-new.png","width":1280,"height":1500,"caption":"Modafil MD 200 mg"},{"@type":"BreadcrumbList","@id":"https:\/\/buymodafinilonline.com\/es\/farmacos-inteligentes\/modafil-md-200-mg-sublingual\/#breadcrumb","itemListElement":[{"@type":"ListItem","position":1,"name":"Buy Modafinil Online","item":"https:\/\/buymodafinilonline.com\/es\/"},{"@type":"ListItem","position":2,"name":"Tienda","item":"https:\/\/buymodafinilonline.com\/es\/tienda\/"},{"@type":"ListItem","position":3,"name":"Los m\u00e1s vendidos","item":"https:\/\/buymodafinilonline.com\/es\/categoria-de-productos\/smart-drugs-mas-vendidos\/"},{"@type":"ListItem","position":4,"name":"Modafil MD 200 mg sublingual"}]},{"@type":"WebSite","@id":"https:\/\/buymodafinilonline.com\/es\/#website","url":"https:\/\/buymodafinilonline.com\/es\/","name":"BuyModafinilOnline.com","description":"Modafinil Online Pharmacy","publisher":{"@id":"https:\/\/buymodafinilonline.com\/es\/#organization"},"potentialAction":[{"@type":"SearchAction","target":{"@type":"EntryPoint","urlTemplate":"https:\/\/buymodafinilonline.com\/es\/?s={search_term_string}"},"query-input":{"@type":"PropertyValueSpecification","valueRequired":true,"valueName":"search_term_string"}}],"inLanguage":"es"},{"@type":"Organization","@id":"https:\/\/buymodafinilonline.com\/es\/#organization","name":"BuyModafinilOnline","url":"https:\/\/buymodafinilonline.com\/es\/","logo":{"@type":"ImageObject","inLanguage":"es","@id":"https:\/\/buymodafinilonline.com\/es\/#\/schema\/logo\/image\/","url":"https:\/\/buymodafinilonline.com\/wp-content\/uploads\/2020\/04\/logo-buy-modafinil-online-yellow.png","contentUrl":"https:\/\/buymodafinilonline.com\/wp-content\/uploads\/2020\/04\/logo-buy-modafinil-online-yellow.png","width":200,"height":200,"caption":"BuyModafinilOnline"},"image":{"@id":"https:\/\/buymodafinilonline.com\/es\/#\/schema\/logo\/image\/"}}]}},"_links":{"self":[{"href":"https:\/\/buymodafinilonline.com\/es\/wp-json\/wp\/v2\/product\/408598","targetHints":{"allow":["GET"]}}],"collection":[{"href":"https:\/\/buymodafinilonline.com\/es\/wp-json\/wp\/v2\/product"}],"about":[{"href":"https:\/\/buymodafinilonline.com\/es\/wp-json\/wp\/v2\/types\/product"}],"replies":[{"embeddable":true,"href":"https:\/\/buymodafinilonline.com\/es\/wp-json\/wp\/v2\/comments?post=408598"}],"wp:featuredmedia":[{"embeddable":true,"href":"https:\/\/buymodafinilonline.com\/es\/wp-json\/wp\/v2\/media\/426116"}],"wp:attachment":[{"href":"https:\/\/buymodafinilonline.com\/es\/wp-json\/wp\/v2\/media?parent=408598"}],"wp:term":[{"taxonomy":"product_brand","embeddable":true,"href":"https:\/\/buymodafinilonline.com\/es\/wp-json\/wp\/v2\/product_brand?post=408598"},{"taxonomy":"product_cat","embeddable":true,"href":"https:\/\/buymodafinilonline.com\/es\/wp-json\/wp\/v2\/product_cat?post=408598"},{"taxonomy":"product_tag","embeddable":true,"href":"https:\/\/buymodafinilonline.com\/es\/wp-json\/wp\/v2\/product_tag?post=408598"}],"curies":[{"name":"wp","href":"https:\/\/api.w.org\/{rel}","templated":true}]}}