{"id":408600,"date":"2020-03-23T22:29:33","date_gmt":"2020-11-08T16:10:52","guid":{"rendered":"https:\/\/buymodafinilonline.com\/smart-drugs\/modafresh-200-mg\/"},"modified":"2024-08-16T18:56:27","modified_gmt":"2024-08-16T17:56:27","slug":"modafresh-200-mg","status":"publish","type":"product","link":"https:\/\/buymodafinilonline.com\/es\/farmacos-inteligentes\/modafresh-200-mg\/","title":{"rendered":"Modafresh 200 mg"},"content":{"rendered":"[vc_column width=&#8221;1\/2&#8243;]\n<div class=\"su-divider su-divider-style-default\" style=\"margin:10px 0;border-width:3px;border-color:#ffffff00\"><a href=\"#\" style=\"color:#ffffff009\">.<\/a><\/div>\n<h2>\u00bfQu\u00e9 es Modafresh 200 mg?<\/h2>\n<div class=\"su-divider su-divider-style-default\" style=\"margin:10px 0;border-width:3px;border-color:#ffffff00\"><a href=\"#\" style=\"color:#ffffff009\">.<\/a><\/div>\nModafresh es una de las \u00faltimas versiones gen\u00e9ricas de modafinilo introducidas en el mercado. Viene como una tableta que contiene dosis de 100 o 200 mg de los componentes activos generalmente denominados S- y R- modafinilo.<\/p>\n<p>Es un medicamento eficaz que tiene los mismos efectos que la versi\u00f3n de marca: Provigil\u00ae de Cephalon Inc.<\/p>\n<p>Este medicamento se prescribe para tratar afecciones de salud relacionadas con el sue\u00f1o, como narcolepsia, apnea obstructiva del sue\u00f1o, somnolencia diurna excesiva, hipersomnia idiop\u00e1tica, trastorno del sue\u00f1o por turnos de trabajo y otras afecciones.<\/p>\n<p>Los m\u00e9dicos tambi\u00e9n pueden recetar Modafresh 200 mg para personas que sufren de ADD \/ ADHD debido a su capacidad para mejorar la concentraci\u00f3n, el enfoque y restaurar la vigilia.<\/p>\n<div class=\"su-divider su-divider-style-default\" style=\"margin:10px 0;border-width:3px;border-color:#ffffff00\"><a href=\"#\" style=\"color:#ffffff009\">.<\/a><\/div>\n<h2>C\u00f3mo funcionan las tabletas<\/h2>\n<div class=\"su-divider su-divider-style-default\" style=\"margin:10px 0;border-width:3px;border-color:#ffffff00\"><a href=\"#\" style=\"color:#ffffff009\">.<\/a><\/div>\nModafresh es un medicamento muy eficaz que act\u00faa estimulando la liberaci\u00f3n de sustancias qu\u00edmicas en el cerebro que promueven la vigilia. Se conoce com\u00fanmente como un agente promotor de la vigilia. Su mecanismo de acci\u00f3n exacto no se comprende completamente.<\/p>\n<p>Sin embargo, los cient\u00edficos describen que es un medicamento potente que act\u00faa aumentando la cantidad de dopamina (un neurotransmisor qu\u00edmico que los nervios del cerebro utilizan para comunicarse entre s\u00ed). Inhibe otros nervios y sustancias responsables de absorber una mayor cantidad de dopamina en el cuerpo, lo que provoca problemas para dormir.<\/p>\n<p>Modafresh 200 mg act\u00faa reduciendo la recaptaci\u00f3n de dopamina en los nervios, por lo que promueve la funci\u00f3n cerebral con respecto a la vigilia y los efectos de mejora de la funci\u00f3n cognitiva.<\/p>\n<p>El objetivo final de este medicamento es promover la vigilia en el cerebro y otras funciones cognitivas, como promover la agudeza mental y el procesamiento, mejorar el enfoque, la motivaci\u00f3n y la energ\u00eda.<\/p>\n<div class=\"su-divider su-divider-style-default\" style=\"margin:10px 0;border-width:3px;border-color:#ffffff00\"><a href=\"#\" style=\"color:#ffffff009\">.<\/a><\/div>\n<h2>Dosis segura y uso adecuado<\/h2>\n<div class=\"su-divider su-divider-style-default\" style=\"margin:10px 0;border-width:3px;border-color:#ffffff00\"><a href=\"#\" style=\"color:#ffffff009\">.<\/a><\/div>\nModafresh, como todas las versiones gen\u00e9ricas de modafinilo, generalmente llega al mercado con varias dosis, como Modafresh 100 mg y 200 mg. La dosis diaria m\u00e1xima de Modafresh es de 200 mg. Debe tomarse temprano en la ma\u00f1ana si se prescribe como un remedio para las condiciones de salud relacionadas con el sue\u00f1o.<\/p>\n<p>La variaci\u00f3n de la dosis se debe a la respuesta individual a la efectividad y tolerabilidad del f\u00e1rmaco. Algunas personas se mantienen estables aumentando la dosis a 200 mg o reduci\u00e9ndola a 100 mg o menos.<\/p>\n<p>Si lo usa para fines no indicados en la etiqueta, t\u00f3melo seg\u00fan lo recomendado por un especialista m\u00e9dico. Sin embargo, la dosis segura no debe ser autodidacta. Una consulta m\u00e9dica ayuda a evaluar la salud individual para prevenir posibles efectos secundarios de interacci\u00f3n con enfermedades o efectos adversos de interacci\u00f3n con medicamentos.<\/p>\n<p>Es necesario buscar consejos sobre dosis seguras consultando a un m\u00e9dico antes de usar.<\/p>\n<div class=\"su-divider su-divider-style-default\" style=\"margin:10px 0;border-width:3px;border-color:#ffffff00\"><a href=\"#\" style=\"color:#ffffff009\">.<\/a><\/div>\n<h2>Posibles efectos secundarios<\/h2>\n<div class=\"su-divider su-divider-style-default\" style=\"margin:10px 0;border-width:3px;border-color:#ffffff00\"><a href=\"#\" style=\"color:#ffffff009\">.<\/a><\/div>\nEl modafinilo es seguro para las personas que lo toman con un cuerpo sano. Pueden ocurrir algunos efectos secundarios &#8220;menores&#8221;, que desaparecen con el uso continuo de medicamentos.<\/p>\n<p>Los efectos negativos comunes de Modafresh incluyen dolores de cabeza, dificultad para dormir, dolor de pecho, n\u00e1useas, boca seca, p\u00e9rdida de apetito, malestar estomacal, sensaci\u00f3n de nerviosismo, mareos, cambios de humor.<\/p>\n<p>Los efectos secundarios m\u00e1s graves rara vez ocurren, pero pueden ocurrir en algunas personas. Estos incluyen latidos card\u00edacos irregulares, v\u00f3mitos, urticaria, picaz\u00f3n en la piel, erupci\u00f3n cut\u00e1nea, orina oscura, fiebre.<\/p>\n<p>Esta no es una lista completa. Algunos efectos secundarios pueden ser graves y perjudiciales para la salud. Siempre que experimente signos extra\u00f1os, busque asistencia m\u00e9dica inmediata. Algunas personas tambi\u00e9n pueden encontrar alucinaciones, agresi\u00f3n, pensamientos suicidas, entre otros.<\/p>\n[\/vc_column][vc_column width=&#8221;1\/2&#8243;]\n<div class=\"su-divider su-divider-style-default\" style=\"margin:10px 0;border-width:3px;border-color:#ffffff00\"><a href=\"#\" style=\"color:#ffffff009\">.<\/a><\/div>\n<h2>Contraindicaciones y precauciones<\/h2>\n<div class=\"su-divider su-divider-style-default\" style=\"margin:10px 0;border-width:3px;border-color:#ffffff00\"><a href=\"#\" style=\"color:#ffffff009\">.<\/a><\/div>\nComo cualquier medicamento potente, es necesario tomar las precauciones que le d\u00e9 un especialista m\u00e9dico o seguir las instrucciones descritas en el prospecto del medicamento.<\/p>\n<p>Algunas interacciones medicamentosas pueden ser graves y es necesario tomar precauciones adicionales. Modafresh interact\u00faa con algunos medicamentos como:<\/p>\n<div class=\"su-divider su-divider-style-default\" style=\"margin:10px 0;border-width:3px;border-color:#ffffff00\"><a href=\"#\" style=\"color:#ffffff009\">.<\/a><\/div>\n<ul>\n<li>ciclosporina (Sandimmune);<\/li>\n<li>anticonceptivos hormonales (es decir, Micronor);<\/li>\n<li>Ketoconazol (Nizoral);<\/li>\n<li>teofilina (Theo-24);<\/li>\n<li>imipramina (Tofranil);<\/li>\n<li>y otros.<\/li>\n<\/ul>\n<div class=\"su-divider su-divider-style-default\" style=\"margin:10px 0;border-width:3px;border-color:#ffffff00\"><a href=\"#\" style=\"color:#ffffff009\">.<\/a><\/div>\nEsta no es una lista completa. Su especialista m\u00e9dico debe evaluar todos los medicamentos que est\u00e1 usando, as\u00ed como realizar un an\u00e1lisis en profundidad para identificar algunas enfermedades que tiene. Por ejemplo, problemas card\u00edacos como:<\/p>\n<div class=\"su-divider su-divider-style-default\" style=\"margin:10px 0;border-width:3px;border-color:#ffffff00\"><a href=\"#\" style=\"color:#ffffff009\">.<\/a><\/div>\n<ul>\n<li>ritmo card\u00edaco irregular.<\/li>\n<li>problema de la v\u00e1lvula mitral;<\/li>\n<li>dolor en el pecho;<\/li>\n<li>coraz\u00f3n agrandado;<\/li>\n<li>ataque al coraz\u00f3n.<\/li>\n<\/ul>\n<div class=\"su-divider su-divider-style-default\" style=\"margin:10px 0;border-width:3px;border-color:#ffffff00\"><a href=\"#\" style=\"color:#ffffff009\">.<\/a><\/div>\nAdem\u00e1s, este f\u00e1rmaco no se ha estudiado lo suficiente en mujeres embarazadas. Y es necesario consultar con un m\u00e9dico especialista antes de amamantar.<\/p>\n<p>No beba alcohol mientras usa este medicamento. Adem\u00e1s, no suspenda el medicamento de repente ya que puede tener s\u00edntomas de abstinencia.<\/p>\n<p>Los alimentos funcionan bien con este tipo de medicamentos. Puede tomarlo con alimentos o con el est\u00f3mago vac\u00edo.<\/p>\n<div class=\"su-divider su-divider-style-default\" style=\"margin:10px 0;border-width:3px;border-color:#ffffff00\"><a href=\"#\" style=\"color:#ffffff009\">.<\/a><\/div>\n<h2>Experiencia del consumidor<\/h2>\n<div class=\"su-divider su-divider-style-default\" style=\"margin:10px 0;border-width:3px;border-color:#ffffff00\"><a href=\"#\" style=\"color:#ffffff009\">.<\/a><\/div>\nLa gente recomendaba medicamentos que funcionan bien y son seguros. El modafinilo es un f\u00e1rmaco popular aprobado para diversos problemas de salud debido a su eficacia y tolerabilidad. Su uso no autorizado tambi\u00e9n es beneficioso y ayuda a las personas a mejorar su cognici\u00f3n con una productividad mejorada y a realizar las tareas a tiempo con un excelente resultado.<\/p>\n<p>Es por eso que varias personas recomiendan Modafresh 200 mg. Es seguro y tolerable. Es mejor tomar en cantidades bajas para obtener un efecto beneficioso en el uso a largo plazo. Aunque no existe una investigaci\u00f3n comprobada que indique que esta droga puede ser adictiva, su posibilidad es alta. Sobre todo, las personas que buscan usar este medicamento nunca deben tomarlo sin antes consultar con un m\u00e9dico especialista.<\/p>\n<div class=\"su-divider su-divider-style-default\" style=\"margin:10px 0;border-width:3px;border-color:#ffffff00\"><a href=\"#\" style=\"color:#ffffff009\">.<\/a><\/div>\n<h2>Compre Modafresh Gen\u00e9rico 200 mg (Modafinil) en l\u00ednea<\/h2>\n<div class=\"su-divider su-divider-style-default\" style=\"margin:10px 0;border-width:3px;border-color:#ffffff00\"><a href=\"#\" style=\"color:#ffffff009\">.<\/a><\/div>\nTenga en cuenta que pueden existir vendedores falsos que vendan modafinilo falso o de baja calidad y otros medicamentos de venta libre.<\/p>\n<p>Mantente seguro usando<a href=\"https:\/\/buymodafinilonline.com\/es\/\"> ComprarModafinilOnline<\/a> . Es la farmacia electr\u00f3nica definitiva que ofrece varias experiencias de reducci\u00f3n de precios, incluidos cupones, descuentos (<a href=\"https:\/\/buymodafinilonline.com\/es\/paga-con-bitcoin\/\"> 23% de descuento por pagar con bitcoin<\/a> ), cupones por escribir una rese\u00f1a y un cup\u00f3n de $ 25 para un cliente que regresa.<\/p>\n<p>Adem\u00e1s, aqu\u00ed puedes comprar tales<a href=\"https:\/\/buymodafinilonline.com\/es\/tienda\/\"> nootr\u00f3picos populares<\/a> , como<a href=\"https:\/\/buymodafinilonline.com\/es\/farmacos-inteligentes\/modvigil-200-mg\/\"> Modvigil 200 mg<\/a> ,<a href=\"https:\/\/buymodafinilonline.com\/es\/farmacos-inteligentes\/vilafinil-200-mg\/\"> Vilafinil 200 mg<\/a> ,<a href=\"https:\/\/buymodafinilonline.com\/es\/farmacos-inteligentes\/artvigil-150-mg-compromidos\/\"> Artvigil 150 mg<\/a> ,<a href=\"https:\/\/buymodafinilonline.com\/es\/farmacos-inteligentes\/modalert-200-mg\/\"> Modalert 200 mg<\/a> etc. Los precios de Modafresh de esta farmacia electr\u00f3nica son extremadamente bajos. Adem\u00e1s, obtiene sus medicamentos de fabricantes aprobados que producen tabletas de modafinilo seguras y de calidad.<\/p>\n<p>\u00a1Y eso no es todo!<a href=\"https:\/\/buymodafinilonline.com\/es\/mejor-proveedor-espana\/\"> El env\u00edo es mundial<\/a> &#8211; a la mayor\u00eda de los pa\u00edses, excepto a algunos pa\u00edses enumerados a los que no realiza env\u00edos. Adem\u00e1s, se garantiza su env\u00edo ultrarr\u00e1pido. No obstante, en algunos casos, si un paquete se pierde o se atasca en la aduana, ofrece reenv\u00edo gratuito o una garant\u00eda de devoluci\u00f3n del 100% del dinero.[\/vc_column]\n<div class=\"su-divider su-divider-style-default\" style=\"margin:10px 0;border-width:3px;border-color:#ffffff00\"><a href=\"#\" style=\"color:#ffffff009\">.<\/a><\/div>\n","protected":false},"excerpt":{"rendered":"<p>Modafresh 200 mg es un medicamento muy potente recetado para promover la vigilia. Su uso no indicado en la etiqueta es para estimular la funci\u00f3n cognitiva con efectos mejorados en el cerebro. Su principio activo es el modafinilo y es un producto fabricado por Sunrise Pharmaceuticals, una empresa farmac\u00e9utica estadounidense. Comprar Modafresh 200 mg en nuestra farmacia le cuesta menos dinero con medicamentos genuinos y entrega garantizada.<\/p>\n[sc name=\"s1\"]\n","protected":false},"featured_media":408617,"comment_status":"open","ping_status":"closed","template":"","meta":{"_acf_changed":false},"product_brand":[],"product_cat":[3788],"product_tag":[4001],"class_list":{"0":"post-408600","1":"product","2":"type-product","3":"status-publish","4":"has-post-thumbnail","6":"product_cat-marcas-de-drogas-inteligentes","7":"product_tag-modafinilo","9":"first","10":"instock","11":"sale","12":"shipping-taxable","13":"purchasable","14":"product-type-variable","15":"has-default-attributes"},"acf":[],"yoast_head":"<!-- This site is optimized with the Yoast SEO Premium plugin v23.6 (Yoast SEO v27.4) - https:\/\/yoast.com\/product\/yoast-seo-premium-wordpress\/ -->\n<title>Compre Modafresh 200 mg (Modafinil) Medicamentos OTC - CompreModafinilOnline<\/title>\n<meta name=\"description\" content=\"Compre tabletas baratas de Modafresh 200 mg en l\u00ednea sin receta m\u00e9dica en la farmacia BuyModafinilOnline. \u00a1Pague con Bitcoins y obtenga un 23% de descuento garantizado en la compra de medicamentos Modafresh 200 mg!\" \/>\n<meta name=\"robots\" content=\"index, follow, max-snippet:-1, max-image-preview:large, max-video-preview:-1\" \/>\n<link rel=\"canonical\" href=\"https:\/\/buymodafinilonline.com\/es\/farmacos-inteligentes\/modafresh-200-mg\/\" \/>\n<meta property=\"og:locale\" content=\"es_ES\" \/>\n<meta property=\"og:type\" content=\"article\" \/>\n<meta property=\"og:title\" content=\"Modafresh 200 mg\" \/>\n<meta property=\"og:description\" content=\"Compre tabletas baratas de Modafresh 200 mg en l\u00ednea sin receta m\u00e9dica en la farmacia BuyModafinilOnline. \u00a1Pague con Bitcoins y obtenga un 23% de descuento garantizado en la compra de medicamentos Modafresh 200 mg!\" \/>\n<meta property=\"og:url\" content=\"https:\/\/buymodafinilonline.com\/es\/farmacos-inteligentes\/modafresh-200-mg\/\" \/>\n<meta property=\"og:site_name\" content=\"BuyModafinilOnline.com\" \/>\n<meta property=\"article:modified_time\" content=\"2024-08-16T17:56:27+00:00\" \/>\n<meta property=\"og:image\" content=\"https:\/\/buymodafinilonline.com\/wp-content\/uploads\/2020\/04\/product-bmo-ModaFresh-1.png\" \/>\n\t<meta property=\"og:image:width\" content=\"1280\" \/>\n\t<meta property=\"og:image:height\" content=\"1500\" \/>\n\t<meta property=\"og:image:type\" content=\"image\/png\" \/>\n<meta name=\"twitter:label1\" content=\"Tiempo de lectura\" \/>\n\t<meta name=\"twitter:data1\" content=\"6 minutos\" \/>\n<script type=\"application\/ld+json\" class=\"yoast-schema-graph\">{\"@context\":\"https:\\\/\\\/schema.org\",\"@graph\":[{\"@type\":\"WebPage\",\"@id\":\"https:\\\/\\\/buymodafinilonline.com\\\/es\\\/farmacos-inteligentes\\\/modafresh-200-mg\\\/\",\"url\":\"https:\\\/\\\/buymodafinilonline.com\\\/es\\\/farmacos-inteligentes\\\/modafresh-200-mg\\\/\",\"name\":\"Compre Modafresh 200 mg (Modafinil) Medicamentos OTC - CompreModafinilOnline\",\"isPartOf\":{\"@id\":\"https:\\\/\\\/buymodafinilonline.com\\\/es\\\/#website\"},\"primaryImageOfPage\":{\"@id\":\"https:\\\/\\\/buymodafinilonline.com\\\/es\\\/farmacos-inteligentes\\\/modafresh-200-mg\\\/#primaryimage\"},\"image\":{\"@id\":\"https:\\\/\\\/buymodafinilonline.com\\\/es\\\/farmacos-inteligentes\\\/modafresh-200-mg\\\/#primaryimage\"},\"thumbnailUrl\":\"https:\\\/\\\/buymodafinilonline.com\\\/wp-content\\\/uploads\\\/2020\\\/04\\\/product-bmo-ModaFresh-1.png\",\"datePublished\":\"2020-11-08T16:10:52+00:00\",\"dateModified\":\"2024-08-16T17:56:27+00:00\",\"description\":\"Compre tabletas baratas de Modafresh 200 mg en l\u00ednea sin receta m\u00e9dica en la farmacia BuyModafinilOnline. \u00a1Pague con Bitcoins y obtenga un 23% de descuento garantizado en la compra de medicamentos Modafresh 200 mg!\",\"breadcrumb\":{\"@id\":\"https:\\\/\\\/buymodafinilonline.com\\\/es\\\/farmacos-inteligentes\\\/modafresh-200-mg\\\/#breadcrumb\"},\"inLanguage\":\"es\",\"potentialAction\":[{\"@type\":\"ReadAction\",\"target\":[\"https:\\\/\\\/buymodafinilonline.com\\\/es\\\/farmacos-inteligentes\\\/modafresh-200-mg\\\/\"]}]},{\"@type\":\"ImageObject\",\"inLanguage\":\"es\",\"@id\":\"https:\\\/\\\/buymodafinilonline.com\\\/es\\\/farmacos-inteligentes\\\/modafresh-200-mg\\\/#primaryimage\",\"url\":\"https:\\\/\\\/buymodafinilonline.com\\\/wp-content\\\/uploads\\\/2020\\\/04\\\/product-bmo-ModaFresh-1.png\",\"contentUrl\":\"https:\\\/\\\/buymodafinilonline.com\\\/wp-content\\\/uploads\\\/2020\\\/04\\\/product-bmo-ModaFresh-1.png\",\"width\":1280,\"height\":1500,\"caption\":\"Modafresh 200 mg\"},{\"@type\":\"BreadcrumbList\",\"@id\":\"https:\\\/\\\/buymodafinilonline.com\\\/es\\\/farmacos-inteligentes\\\/modafresh-200-mg\\\/#breadcrumb\",\"itemListElement\":[{\"@type\":\"ListItem\",\"position\":1,\"name\":\"Buy Modafinil Online\",\"item\":\"https:\\\/\\\/buymodafinilonline.com\\\/es\\\/\"},{\"@type\":\"ListItem\",\"position\":2,\"name\":\"Tienda\",\"item\":\"https:\\\/\\\/buymodafinilonline.com\\\/es\\\/tienda\\\/\"},{\"@type\":\"ListItem\",\"position\":3,\"name\":\"Marcas de drogas inteligentes\",\"item\":\"https:\\\/\\\/buymodafinilonline.com\\\/es\\\/categoria-de-productos\\\/marcas-de-drogas-inteligentes\\\/\"},{\"@type\":\"ListItem\",\"position\":4,\"name\":\"Modafresh 200 mg\"}]},{\"@type\":\"WebSite\",\"@id\":\"https:\\\/\\\/buymodafinilonline.com\\\/es\\\/#website\",\"url\":\"https:\\\/\\\/buymodafinilonline.com\\\/es\\\/\",\"name\":\"BuyModafinilOnline.com\",\"description\":\"Modafinil Online Pharmacy\",\"publisher\":{\"@id\":\"https:\\\/\\\/buymodafinilonline.com\\\/es\\\/#organization\"},\"potentialAction\":[{\"@type\":\"SearchAction\",\"target\":{\"@type\":\"EntryPoint\",\"urlTemplate\":\"https:\\\/\\\/buymodafinilonline.com\\\/es\\\/?s={search_term_string}\"},\"query-input\":{\"@type\":\"PropertyValueSpecification\",\"valueRequired\":true,\"valueName\":\"search_term_string\"}}],\"inLanguage\":\"es\"},{\"@type\":\"Organization\",\"@id\":\"https:\\\/\\\/buymodafinilonline.com\\\/es\\\/#organization\",\"name\":\"BuyModafinilOnline\",\"url\":\"https:\\\/\\\/buymodafinilonline.com\\\/es\\\/\",\"logo\":{\"@type\":\"ImageObject\",\"inLanguage\":\"es\",\"@id\":\"https:\\\/\\\/buymodafinilonline.com\\\/es\\\/#\\\/schema\\\/logo\\\/image\\\/\",\"url\":\"https:\\\/\\\/buymodafinilonline.com\\\/wp-content\\\/uploads\\\/2020\\\/04\\\/logo-buy-modafinil-online-yellow.png\",\"contentUrl\":\"https:\\\/\\\/buymodafinilonline.com\\\/wp-content\\\/uploads\\\/2020\\\/04\\\/logo-buy-modafinil-online-yellow.png\",\"width\":200,\"height\":200,\"caption\":\"BuyModafinilOnline\"},\"image\":{\"@id\":\"https:\\\/\\\/buymodafinilonline.com\\\/es\\\/#\\\/schema\\\/logo\\\/image\\\/\"}}]}<\/script>\n<!-- \/ Yoast SEO Premium plugin. -->","yoast_head_json":{"title":"Compre Modafresh 200 mg (Modafinil) Medicamentos OTC - CompreModafinilOnline","description":"Compre tabletas baratas de Modafresh 200 mg en l\u00ednea sin receta m\u00e9dica en la farmacia BuyModafinilOnline. \u00a1Pague con Bitcoins y obtenga un 23% de descuento garantizado en la compra de medicamentos Modafresh 200 mg!","robots":{"index":"index","follow":"follow","max-snippet":"max-snippet:-1","max-image-preview":"max-image-preview:large","max-video-preview":"max-video-preview:-1"},"canonical":"https:\/\/buymodafinilonline.com\/es\/farmacos-inteligentes\/modafresh-200-mg\/","og_locale":"es_ES","og_type":"article","og_title":"Modafresh 200 mg","og_description":"Compre tabletas baratas de Modafresh 200 mg en l\u00ednea sin receta m\u00e9dica en la farmacia BuyModafinilOnline. \u00a1Pague con Bitcoins y obtenga un 23% de descuento garantizado en la compra de medicamentos Modafresh 200 mg!","og_url":"https:\/\/buymodafinilonline.com\/es\/farmacos-inteligentes\/modafresh-200-mg\/","og_site_name":"BuyModafinilOnline.com","article_modified_time":"2024-08-16T17:56:27+00:00","og_image":[{"width":1280,"height":1500,"url":"https:\/\/buymodafinilonline.com\/wp-content\/uploads\/2020\/04\/product-bmo-ModaFresh-1.png","type":"image\/png"}],"twitter_misc":{"Tiempo de lectura":"6 minutos"},"schema":{"@context":"https:\/\/schema.org","@graph":[{"@type":"WebPage","@id":"https:\/\/buymodafinilonline.com\/es\/farmacos-inteligentes\/modafresh-200-mg\/","url":"https:\/\/buymodafinilonline.com\/es\/farmacos-inteligentes\/modafresh-200-mg\/","name":"Compre Modafresh 200 mg (Modafinil) Medicamentos OTC - CompreModafinilOnline","isPartOf":{"@id":"https:\/\/buymodafinilonline.com\/es\/#website"},"primaryImageOfPage":{"@id":"https:\/\/buymodafinilonline.com\/es\/farmacos-inteligentes\/modafresh-200-mg\/#primaryimage"},"image":{"@id":"https:\/\/buymodafinilonline.com\/es\/farmacos-inteligentes\/modafresh-200-mg\/#primaryimage"},"thumbnailUrl":"https:\/\/buymodafinilonline.com\/wp-content\/uploads\/2020\/04\/product-bmo-ModaFresh-1.png","datePublished":"2020-11-08T16:10:52+00:00","dateModified":"2024-08-16T17:56:27+00:00","description":"Compre tabletas baratas de Modafresh 200 mg en l\u00ednea sin receta m\u00e9dica en la farmacia BuyModafinilOnline. \u00a1Pague con Bitcoins y obtenga un 23% de descuento garantizado en la compra de medicamentos Modafresh 200 mg!","breadcrumb":{"@id":"https:\/\/buymodafinilonline.com\/es\/farmacos-inteligentes\/modafresh-200-mg\/#breadcrumb"},"inLanguage":"es","potentialAction":[{"@type":"ReadAction","target":["https:\/\/buymodafinilonline.com\/es\/farmacos-inteligentes\/modafresh-200-mg\/"]}]},{"@type":"ImageObject","inLanguage":"es","@id":"https:\/\/buymodafinilonline.com\/es\/farmacos-inteligentes\/modafresh-200-mg\/#primaryimage","url":"https:\/\/buymodafinilonline.com\/wp-content\/uploads\/2020\/04\/product-bmo-ModaFresh-1.png","contentUrl":"https:\/\/buymodafinilonline.com\/wp-content\/uploads\/2020\/04\/product-bmo-ModaFresh-1.png","width":1280,"height":1500,"caption":"Modafresh 200 mg"},{"@type":"BreadcrumbList","@id":"https:\/\/buymodafinilonline.com\/es\/farmacos-inteligentes\/modafresh-200-mg\/#breadcrumb","itemListElement":[{"@type":"ListItem","position":1,"name":"Buy Modafinil Online","item":"https:\/\/buymodafinilonline.com\/es\/"},{"@type":"ListItem","position":2,"name":"Tienda","item":"https:\/\/buymodafinilonline.com\/es\/tienda\/"},{"@type":"ListItem","position":3,"name":"Marcas de drogas inteligentes","item":"https:\/\/buymodafinilonline.com\/es\/categoria-de-productos\/marcas-de-drogas-inteligentes\/"},{"@type":"ListItem","position":4,"name":"Modafresh 200 mg"}]},{"@type":"WebSite","@id":"https:\/\/buymodafinilonline.com\/es\/#website","url":"https:\/\/buymodafinilonline.com\/es\/","name":"BuyModafinilOnline.com","description":"Modafinil Online Pharmacy","publisher":{"@id":"https:\/\/buymodafinilonline.com\/es\/#organization"},"potentialAction":[{"@type":"SearchAction","target":{"@type":"EntryPoint","urlTemplate":"https:\/\/buymodafinilonline.com\/es\/?s={search_term_string}"},"query-input":{"@type":"PropertyValueSpecification","valueRequired":true,"valueName":"search_term_string"}}],"inLanguage":"es"},{"@type":"Organization","@id":"https:\/\/buymodafinilonline.com\/es\/#organization","name":"BuyModafinilOnline","url":"https:\/\/buymodafinilonline.com\/es\/","logo":{"@type":"ImageObject","inLanguage":"es","@id":"https:\/\/buymodafinilonline.com\/es\/#\/schema\/logo\/image\/","url":"https:\/\/buymodafinilonline.com\/wp-content\/uploads\/2020\/04\/logo-buy-modafinil-online-yellow.png","contentUrl":"https:\/\/buymodafinilonline.com\/wp-content\/uploads\/2020\/04\/logo-buy-modafinil-online-yellow.png","width":200,"height":200,"caption":"BuyModafinilOnline"},"image":{"@id":"https:\/\/buymodafinilonline.com\/es\/#\/schema\/logo\/image\/"}}]}},"_links":{"self":[{"href":"https:\/\/buymodafinilonline.com\/es\/wp-json\/wp\/v2\/product\/408600","targetHints":{"allow":["GET"]}}],"collection":[{"href":"https:\/\/buymodafinilonline.com\/es\/wp-json\/wp\/v2\/product"}],"about":[{"href":"https:\/\/buymodafinilonline.com\/es\/wp-json\/wp\/v2\/types\/product"}],"replies":[{"embeddable":true,"href":"https:\/\/buymodafinilonline.com\/es\/wp-json\/wp\/v2\/comments?post=408600"}],"wp:featuredmedia":[{"embeddable":true,"href":"https:\/\/buymodafinilonline.com\/es\/wp-json\/wp\/v2\/media\/408617"}],"wp:attachment":[{"href":"https:\/\/buymodafinilonline.com\/es\/wp-json\/wp\/v2\/media?parent=408600"}],"wp:term":[{"taxonomy":"product_brand","embeddable":true,"href":"https:\/\/buymodafinilonline.com\/es\/wp-json\/wp\/v2\/product_brand?post=408600"},{"taxonomy":"product_cat","embeddable":true,"href":"https:\/\/buymodafinilonline.com\/es\/wp-json\/wp\/v2\/product_cat?post=408600"},{"taxonomy":"product_tag","embeddable":true,"href":"https:\/\/buymodafinilonline.com\/es\/wp-json\/wp\/v2\/product_tag?post=408600"}],"curies":[{"name":"wp","href":"https:\/\/api.w.org\/{rel}","templated":true}]}}