{"id":408647,"date":"2020-03-23T21:52:14","date_gmt":"2020-11-08T16:11:06","guid":{"rendered":"https:\/\/buymodafinilonline.com\/smart-drugs\/modaheal-200-mg\/"},"modified":"2025-05-12T14:22:26","modified_gmt":"2025-05-12T13:22:26","slug":"modaheal-200-mg","status":"publish","type":"product","link":"https:\/\/buymodafinilonline.com\/es\/farmacos-inteligentes\/modaheal-200-mg\/","title":{"rendered":"Modaheal 200 mg"},"content":{"rendered":"[vc_column width=&#8221;1\/2&#8243;]\n<div class=\"su-divider su-divider-style-default\" style=\"margin:10px 0;border-width:3px;border-color:#ffffff00\"><a href=\"#\" style=\"color:#ffffff009\">.<\/a><\/div>\n<h2>\u00bfQu\u00e9 es Modaheal 200 mg?<\/h2>\n<div class=\"su-divider su-divider-style-default\" style=\"margin:10px 0;border-width:3px;border-color:#ffffff00\"><a href=\"#\" style=\"color:#ffffff009\">.<\/a><\/div>\nModaheal es una versi\u00f3n gen\u00e9rica de modafinil. Se elabora en las mismas dosis de 200 mg que muchas otras marcas de modafinilo y productos gen\u00e9ricos. Tambi\u00e9n est\u00e1 disponible en dosis de 100 mg. Modaheal se comercializa a menudo principalmente por sus impresionantes efectos eugeroicos (promotores de la vigilia).<\/p>\n<p>Es un f\u00e1rmaco muy potente recetado por los m\u00e9dicos para tratar la narcolepsia, la apnea obstructiva del sue\u00f1o, la somnolencia diurna excesiva, la hipersomnia idiop\u00e1tica, el trastorno del sue\u00f1o por turnos y otras afecciones.<\/p>\n<div class=\"su-divider su-divider-style-default\" style=\"margin:10px 0;border-width:3px;border-color:#ffffff00\"><a href=\"#\" style=\"color:#ffffff009\">.<\/a><\/div>\n<h2>C\u00f3mo funcionan los comprimidos<\/h2>\n<div class=\"su-divider su-divider-style-default\" style=\"margin:10px 0;border-width:3px;border-color:#ffffff00\"><a href=\"#\" style=\"color:#ffffff009\">.<\/a><\/div>\nEl modafinilo es un medicamento muy eficaz que act\u00faa estimulando la liberaci\u00f3n de sustancias qu\u00edmicas que promueven la vigilia. Se conoce com\u00fanmente como un agente promotor de la vigilia.<\/p>\n<p>Modaheal act\u00faa reduciendo la recaptaci\u00f3n de dopamina en los nervios, promoviendo as\u00ed la funci\u00f3n cerebral, aumentando la actividad mental y los efectos de mejora cognitiva.<\/p>\n<div class=\"su-divider su-divider-style-default\" style=\"margin:10px 0;border-width:3px;border-color:#ffffff00\"><a href=\"#\" style=\"color:#ffffff009\">.<\/a><\/div>\n<h2>Dosificaci\u00f3n segura y uso adecuado<\/h2>\n<div class=\"su-divider su-divider-style-default\" style=\"margin:10px 0;border-width:3px;border-color:#ffffff00\"><a href=\"#\" style=\"color:#ffffff009\">.<\/a><\/div>\nSi se receta para medicar la narcolepsia o la apnea del sue\u00f1o, se deben tomar 200 mg de este medicamento una vez al d\u00eda por la ma\u00f1ana. Para aquellos recetados para tratar el trastorno del sue\u00f1o en el trabajo por turnos, debe tomarse 1 hora antes del inicio del turno de trabajo. Esto funciona para mejorar la vigilia en pacientes con somnolencia excesiva.<\/p>\n<p>Las personas que toman este medicamento para funciones cognitivas deben tomarlo una vez al d\u00eda seg\u00fan sea necesario. Sin embargo, es necesario consultar a un m\u00e9dico antes de administrar Modaheal para evitar la aparici\u00f3n de efectos secundarios graves e interacciones medicamentosas. Debe evaluarse su salud antes de tomarlo.<\/p>\n<div class=\"su-divider su-divider-style-default\" style=\"margin:10px 0;border-width:3px;border-color:#ffffff00\"><a href=\"#\" style=\"color:#ffffff009\">.<\/a><\/div>\n<h2>Posibles efectos secundarios<\/h2>\n<div class=\"su-divider su-divider-style-default\" style=\"margin:10px 0;border-width:3px;border-color:#ffffff00\"><a href=\"#\" style=\"color:#ffffff009\">.<\/a><\/div>\nComo cualquier medicamento eficaz, los efectos secundarios pueden ocurrir dependiendo de la salud individual, las reacciones y el cumplimiento de la dosis.<\/p>\n<p>Los efectos negativos comunes pueden incluir:<\/p>\n<div class=\"su-divider su-divider-style-default\" style=\"margin:10px 0;border-width:3px;border-color:#ffffff00\"><a href=\"#\" style=\"color:#ffffff009\">.<\/a><\/div>\n<ul>\n<li>dolor de cabeza;<\/li>\n<li>sentirse nervioso o ansioso;<\/li>\n<li>dolor de espalda;<\/li>\n<li>problemas para dormir (insomnio);<\/li>\n<li>mareo;<\/li>\n<li>n\u00e1useas, malestar estomacal, diarrea;<\/li>\n<li>congesti\u00f3n nasal.<\/li>\n<\/ul>\n<div class=\"su-divider su-divider-style-default\" style=\"margin:10px 0;border-width:3px;border-color:#ffffff00\"><a href=\"#\" style=\"color:#ffffff009\">.<\/a><\/div>\nSin embargo, pueden ocurrir efectos secundarios graves que incluyen:<\/p>\n<div class=\"su-divider su-divider-style-default\" style=\"margin:10px 0;border-width:3px;border-color:#ffffff00\"><a href=\"#\" style=\"color:#ffffff009\">.<\/a><\/div>\n<ul>\n<li>fiebre;<\/li>\n<li>somnolencia persistente;<\/li>\n<li>reacciones de angioedema y anafilaxia;<\/li>\n<li>dolor en el pecho;<\/li>\n<li>f\u00e1cil aparici\u00f3n de moretones o sangrado;<\/li>\n<li>alucinaciones<\/li>\n<li>latidos card\u00edacos r\u00e1pidos \/ fuertes \/ irregulares;<\/li>\n<li>depresi\u00f3n;<\/li>\n<li>reacciones de hipersensibilidad multiorg\u00e1nica;<\/li>\n<li>cambios mentales \/ an\u00edmicos (como alucinaciones, confusi\u00f3n, pensamientos de suicidio raros).<\/li>\n<\/ul>\n<div class=\"su-divider su-divider-style-default\" style=\"margin:10px 0;border-width:3px;border-color:#ffffff00\"><a href=\"#\" style=\"color:#ffffff009\">.<\/a><\/div>\nEsta no es una lista completa de posibles efectos negativos adversos, raros o comunes; pueden ocurrir otros. Busque el consejo m\u00e9dico de un m\u00e9dico antes de tomar este medicamento.<\/p>\n[\/vc_column][vc_column width=&#8221;1\/2&#8243;]\n<div class=\"su-divider su-divider-style-default\" style=\"margin:10px 0;border-width:3px;border-color:#ffffff00\"><a href=\"#\" style=\"color:#ffffff009\">.<\/a><\/div>\n<h2>Contraindicaciones y precauciones<\/h2>\n<div class=\"su-divider su-divider-style-default\" style=\"margin:10px 0;border-width:3px;border-color:#ffffff00\"><a href=\"#\" style=\"color:#ffffff009\">.<\/a><\/div>\nComo todos los medicamentos, puede ocurrir una posible interacci\u00f3n de medicamentos con modafinilo. Este medicamento est\u00e1 contraindicado para no mezclarse con algunos medicamentos.<\/p>\n<p>Por ejemplo:<\/p>\n<div class=\"su-divider su-divider-style-default\" style=\"margin:10px 0;border-width:3px;border-color:#ffffff00\"><a href=\"#\" style=\"color:#ffffff009\">.<\/a><\/div>\n<ul>\n<li>ciclosporina (Sandimmune);<\/li>\n<li>anticonceptivos hormonales (es decir, Micronor);<\/li>\n<li>Ketoconazol (Nizoral);<\/li>\n<li>teofilina (Theo-24);<\/li>\n<li>warfarina (Coumadin);<\/li>\n<li>propranolol (Inderal);<\/li>\n<li>rifampicina (Rifadin);<\/li>\n<li>diazepam (Valium);<\/li>\n<li>itraconazol (Sporanox).<\/li>\n<\/ul>\n<div class=\"su-divider su-divider-style-default\" style=\"margin:10px 0;border-width:3px;border-color:#ffffff00\"><a href=\"#\" style=\"color:#ffffff009\">.<\/a><\/div>\nEsta no es una lista completa. Su especialista m\u00e9dico debe evaluar el medicamento que est\u00e1 usando y la enfermedad que padece. Consulte a su m\u00e9dico especialista antes de amamantar.<\/p>\n<p>Adem\u00e1s, no beba alcohol mientras usa este medicamento. Se recomienda que este medicamento sea utilizado por personas mayores de 18 a\u00f1os y, si lo toma, no suspenda el medicamento de repente ya que puede tener s\u00edntomas de abstinencia. Es aconsejable no tomar Modaheal 200 mg si es al\u00e9rgico a \u00e9ste.<\/p>\n<p>Los alimentos funcionan bien con este tipo de medicamentos. Puede tomarlo con el est\u00f3mago vac\u00edo o con comida.<\/p>\n<div class=\"su-divider su-divider-style-default\" style=\"margin:10px 0;border-width:3px;border-color:#ffffff00\"><a href=\"#\" style=\"color:#ffffff009\">.<\/a><\/div>\n<h2>Experiencia del consumidor<\/h2>\n<div class=\"su-divider su-divider-style-default\" style=\"margin:10px 0;border-width:3px;border-color:#ffffff00\"><a href=\"#\" style=\"color:#ffffff009\">.<\/a><\/div>\nLas preguntas y b\u00fasquedas sobre modafinilo se han estudiado extensamente y las personas que lo usan informan experimentar una mayor eficacia. Es el f\u00e1rmaco definitivo para mejorar la vigilia y promover la funci\u00f3n cognitiva con una productividad mejorada.<\/p>\n<p>Modafinil es un f\u00e1rmaco cognitivo altamente calificado en l\u00ednea como seguro sin adicci\u00f3n, aunque es necesario monitorear y controlar la medicaci\u00f3n. Siempre consulte a su m\u00e9dico especialista antes de usar. Varias personas con una vida sana experimentan pocos o ning\u00fan efecto negativo y la disponibilidad de gen\u00e9ricos hace que este medicamento tenga una gran demanda y sea f\u00e1cilmente accesible para varias personas en todo el mundo debido a que el modafinilo es gen\u00e9rico.<\/p>\n<div class=\"su-divider su-divider-style-default\" style=\"margin:10px 0;border-width:3px;border-color:#ffffff00\"><a href=\"#\" style=\"color:#ffffff009\">.<\/a><\/div>\n<h2>Comprar modaheal gen\u00e9rico 200 mg (modafinil) en l\u00ednea<\/h2>\n<div class=\"su-divider su-divider-style-default\" style=\"margin:10px 0;border-width:3px;border-color:#ffffff00\"><a href=\"#\" style=\"color:#ffffff009\">.<\/a><\/div>\nLa precauci\u00f3n debe ser \u00fatil al comprar medicamentos recetados o de uso no aprobado. Obtener medicamentos de alta demanda en l\u00ednea puede generar algunas experiencias no deseadas. Los medicamentos falsos o falsificados se venden en l\u00ednea desde sitios ileg\u00edtimos que act\u00faan como estafas.<\/p>\n<p>Si est\u00e1 buscando el mejor lugar para comprar tabletas de Modaheal gen\u00e9ricas baratas pero de calidad, es seguro obtenerlas de BuyModafinilOnline, en l\u00ednea de la mejor farmacia electr\u00f3nica que ofrece medicamentos de modafinilo genuinos de fabricantes aprobados sin receta.<\/p>\n<p>Adem\u00e1s, puede comprar nootr\u00f3picos tan populares, como<a href=\"https:\/\/buymodafinilonline.com\/es\/farmacos-inteligentes\/waklert-150-mg-tabletas\/\"> Waklert<\/a> ,<a href=\"https:\/\/buymodafinilonline.com\/es\/farmacos-inteligentes\/vilafinil-200-mg\/\"> Vilafinil<\/a> ,<a href=\"https:\/\/buymodafinilonline.com\/es\/farmacos-inteligentes\/modafresh-200-mg\/\"> Modafresh<\/a> , y otros.<\/p>\n<p><a href=\"https:\/\/buymodafinilonline.com\/es\/\">ComprarModafinilOnline<\/a> &#8211; Ofrece medicamentos de modafinilo sin receta. El precio de los medicamentos de esta tienda es extremadamente barato: se venden al costo de fabricaci\u00f3n. Tambi\u00e9n ofrece varias opciones de pago, incluido <a href=\"https:\/\/buymodafinilonline.com\/es\/paga-con-bitcoin\/\">bitcoin<\/a> (23% de descuento). Otras opciones de pago incluyen PayPal y tarjeta de cr\u00e9dito.<\/p>\n<p>los<a href=\"https:\/\/buymodafinilonline.com\/es\/mejor-proveedor-espana\/\"> Env\u00edo<\/a> del paquete del comprador es ultrarr\u00e1pido, a todo el mundo, incluidos los EE. UU., el Reino Unido, Australia y Nueva Zelanda, entre otros, excepto en algunos pocos pa\u00edses enumerados. Incluso si hay una entrega fallida, el reenv\u00edo o el reembolso est\u00e1n disponibles.<\/p>\n<p>\u00a1Pida Modaheal 200 mg y use los descuentos y cupones disponibles para ahorrar m\u00e1s dinero!<\/p>\n[\/vc_column]\n<div class=\"su-divider su-divider-style-default\" style=\"margin:10px 0;border-width:3px;border-color:#ffffff00\"><a href=\"#\" style=\"color:#ffffff009\">.<\/a><\/div>\n","protected":false},"excerpt":{"rendered":"<p>Compre este medicamento para promover la vigilia y mejorar su funci\u00f3n cognitiva. Modaheal 200 mg se elabora con el ingrediente activo, modafinilo, uno de los medicamentos m\u00e1s famosos y populares. Modaheal es fabricado por Healing Pharma, India. Obtenerlo en nuestra tienda garantiza que obtenga un medicamento de calidad aprobado para tratar varias afecciones privadas de vigilia. C\u00f3mprelo a muy bajo costo con entrega garantizada.<\/p>\n[sc name=\"s1\"]\n","protected":false},"featured_media":426130,"comment_status":"open","ping_status":"closed","template":"","meta":{"_acf_changed":false},"product_brand":[],"product_cat":[3788],"product_tag":[4001],"class_list":{"0":"post-408647","1":"product","2":"type-product","3":"status-publish","4":"has-post-thumbnail","6":"product_cat-marcas-de-drogas-inteligentes","7":"product_tag-modafinilo","9":"first","10":"instock","11":"sale","12":"shipping-taxable","13":"purchasable","14":"product-type-variable","15":"has-default-attributes"},"acf":[],"yoast_head":"<!-- This site is optimized with the Yoast SEO Premium plugin v23.6 (Yoast SEO v27.4) - https:\/\/yoast.com\/product\/yoast-seo-premium-wordpress\/ -->\n<title>Compre Modaheal 200 mg (Modafinil) Medicamentos OTC - CompreModafinilOnline<\/title>\n<meta name=\"description\" content=\"Compre tabletas baratas de Modaheal 200 mg en l\u00ednea sin receta m\u00e9dica en la farmacia BuyModafinilOnline. \u00a1Paga con Bitcoins y consigue un 23% de DESCUENTO garantizado en la compra de medicamentos Modaheal 200mg!\" \/>\n<meta name=\"robots\" content=\"index, follow, max-snippet:-1, max-image-preview:large, max-video-preview:-1\" \/>\n<link rel=\"canonical\" href=\"https:\/\/buymodafinilonline.com\/es\/farmacos-inteligentes\/modaheal-200-mg\/\" \/>\n<meta property=\"og:locale\" content=\"es_ES\" \/>\n<meta property=\"og:type\" content=\"article\" \/>\n<meta property=\"og:title\" content=\"Modaheal 200 mg\" \/>\n<meta property=\"og:description\" content=\"Compre tabletas baratas de Modaheal 200 mg en l\u00ednea sin receta m\u00e9dica en la farmacia BuyModafinilOnline. \u00a1Paga con Bitcoins y consigue un 23% de DESCUENTO garantizado en la compra de medicamentos Modaheal 200mg!\" \/>\n<meta property=\"og:url\" content=\"https:\/\/buymodafinilonline.com\/es\/farmacos-inteligentes\/modaheal-200-mg\/\" \/>\n<meta property=\"og:site_name\" content=\"BuyModafinilOnline.com\" \/>\n<meta property=\"article:modified_time\" content=\"2025-05-12T13:22:26+00:00\" \/>\n<meta property=\"og:image\" content=\"https:\/\/buymodafinilonline.com\/wp-content\/uploads\/2021\/09\/bmo-product-modaheal-new.png\" \/>\n\t<meta property=\"og:image:width\" content=\"1280\" \/>\n\t<meta property=\"og:image:height\" content=\"1500\" \/>\n\t<meta property=\"og:image:type\" content=\"image\/png\" \/>\n<meta name=\"twitter:label1\" content=\"Tiempo de lectura\" \/>\n\t<meta name=\"twitter:data1\" content=\"5 minutos\" \/>\n<script type=\"application\/ld+json\" class=\"yoast-schema-graph\">{\"@context\":\"https:\\\/\\\/schema.org\",\"@graph\":[{\"@type\":\"WebPage\",\"@id\":\"https:\\\/\\\/buymodafinilonline.com\\\/es\\\/farmacos-inteligentes\\\/modaheal-200-mg\\\/\",\"url\":\"https:\\\/\\\/buymodafinilonline.com\\\/es\\\/farmacos-inteligentes\\\/modaheal-200-mg\\\/\",\"name\":\"Compre Modaheal 200 mg (Modafinil) Medicamentos OTC - CompreModafinilOnline\",\"isPartOf\":{\"@id\":\"https:\\\/\\\/buymodafinilonline.com\\\/es\\\/#website\"},\"primaryImageOfPage\":{\"@id\":\"https:\\\/\\\/buymodafinilonline.com\\\/es\\\/farmacos-inteligentes\\\/modaheal-200-mg\\\/#primaryimage\"},\"image\":{\"@id\":\"https:\\\/\\\/buymodafinilonline.com\\\/es\\\/farmacos-inteligentes\\\/modaheal-200-mg\\\/#primaryimage\"},\"thumbnailUrl\":\"https:\\\/\\\/buymodafinilonline.com\\\/wp-content\\\/uploads\\\/2021\\\/09\\\/bmo-product-modaheal-new.png\",\"datePublished\":\"2020-11-08T16:11:06+00:00\",\"dateModified\":\"2025-05-12T13:22:26+00:00\",\"description\":\"Compre tabletas baratas de Modaheal 200 mg en l\u00ednea sin receta m\u00e9dica en la farmacia BuyModafinilOnline. \u00a1Paga con Bitcoins y consigue un 23% de DESCUENTO garantizado en la compra de medicamentos Modaheal 200mg!\",\"breadcrumb\":{\"@id\":\"https:\\\/\\\/buymodafinilonline.com\\\/es\\\/farmacos-inteligentes\\\/modaheal-200-mg\\\/#breadcrumb\"},\"inLanguage\":\"es\",\"potentialAction\":[{\"@type\":\"ReadAction\",\"target\":[\"https:\\\/\\\/buymodafinilonline.com\\\/es\\\/farmacos-inteligentes\\\/modaheal-200-mg\\\/\"]}]},{\"@type\":\"ImageObject\",\"inLanguage\":\"es\",\"@id\":\"https:\\\/\\\/buymodafinilonline.com\\\/es\\\/farmacos-inteligentes\\\/modaheal-200-mg\\\/#primaryimage\",\"url\":\"https:\\\/\\\/buymodafinilonline.com\\\/wp-content\\\/uploads\\\/2021\\\/09\\\/bmo-product-modaheal-new.png\",\"contentUrl\":\"https:\\\/\\\/buymodafinilonline.com\\\/wp-content\\\/uploads\\\/2021\\\/09\\\/bmo-product-modaheal-new.png\",\"width\":1280,\"height\":1500,\"caption\":\"Modaheal 200 mg\"},{\"@type\":\"BreadcrumbList\",\"@id\":\"https:\\\/\\\/buymodafinilonline.com\\\/es\\\/farmacos-inteligentes\\\/modaheal-200-mg\\\/#breadcrumb\",\"itemListElement\":[{\"@type\":\"ListItem\",\"position\":1,\"name\":\"Buy Modafinil Online\",\"item\":\"https:\\\/\\\/buymodafinilonline.com\\\/es\\\/\"},{\"@type\":\"ListItem\",\"position\":2,\"name\":\"Tienda\",\"item\":\"https:\\\/\\\/buymodafinilonline.com\\\/es\\\/tienda\\\/\"},{\"@type\":\"ListItem\",\"position\":3,\"name\":\"Marcas de drogas inteligentes\",\"item\":\"https:\\\/\\\/buymodafinilonline.com\\\/es\\\/categoria-de-productos\\\/marcas-de-drogas-inteligentes\\\/\"},{\"@type\":\"ListItem\",\"position\":4,\"name\":\"Modaheal 200 mg\"}]},{\"@type\":\"WebSite\",\"@id\":\"https:\\\/\\\/buymodafinilonline.com\\\/es\\\/#website\",\"url\":\"https:\\\/\\\/buymodafinilonline.com\\\/es\\\/\",\"name\":\"BuyModafinilOnline.com\",\"description\":\"Modafinil Online Pharmacy\",\"publisher\":{\"@id\":\"https:\\\/\\\/buymodafinilonline.com\\\/es\\\/#organization\"},\"potentialAction\":[{\"@type\":\"SearchAction\",\"target\":{\"@type\":\"EntryPoint\",\"urlTemplate\":\"https:\\\/\\\/buymodafinilonline.com\\\/es\\\/?s={search_term_string}\"},\"query-input\":{\"@type\":\"PropertyValueSpecification\",\"valueRequired\":true,\"valueName\":\"search_term_string\"}}],\"inLanguage\":\"es\"},{\"@type\":\"Organization\",\"@id\":\"https:\\\/\\\/buymodafinilonline.com\\\/es\\\/#organization\",\"name\":\"BuyModafinilOnline\",\"url\":\"https:\\\/\\\/buymodafinilonline.com\\\/es\\\/\",\"logo\":{\"@type\":\"ImageObject\",\"inLanguage\":\"es\",\"@id\":\"https:\\\/\\\/buymodafinilonline.com\\\/es\\\/#\\\/schema\\\/logo\\\/image\\\/\",\"url\":\"https:\\\/\\\/buymodafinilonline.com\\\/wp-content\\\/uploads\\\/2020\\\/04\\\/logo-buy-modafinil-online-yellow.png\",\"contentUrl\":\"https:\\\/\\\/buymodafinilonline.com\\\/wp-content\\\/uploads\\\/2020\\\/04\\\/logo-buy-modafinil-online-yellow.png\",\"width\":200,\"height\":200,\"caption\":\"BuyModafinilOnline\"},\"image\":{\"@id\":\"https:\\\/\\\/buymodafinilonline.com\\\/es\\\/#\\\/schema\\\/logo\\\/image\\\/\"}}]}<\/script>\n<!-- \/ Yoast SEO Premium plugin. -->","yoast_head_json":{"title":"Compre Modaheal 200 mg (Modafinil) Medicamentos OTC - CompreModafinilOnline","description":"Compre tabletas baratas de Modaheal 200 mg en l\u00ednea sin receta m\u00e9dica en la farmacia BuyModafinilOnline. \u00a1Paga con Bitcoins y consigue un 23% de DESCUENTO garantizado en la compra de medicamentos Modaheal 200mg!","robots":{"index":"index","follow":"follow","max-snippet":"max-snippet:-1","max-image-preview":"max-image-preview:large","max-video-preview":"max-video-preview:-1"},"canonical":"https:\/\/buymodafinilonline.com\/es\/farmacos-inteligentes\/modaheal-200-mg\/","og_locale":"es_ES","og_type":"article","og_title":"Modaheal 200 mg","og_description":"Compre tabletas baratas de Modaheal 200 mg en l\u00ednea sin receta m\u00e9dica en la farmacia BuyModafinilOnline. \u00a1Paga con Bitcoins y consigue un 23% de DESCUENTO garantizado en la compra de medicamentos Modaheal 200mg!","og_url":"https:\/\/buymodafinilonline.com\/es\/farmacos-inteligentes\/modaheal-200-mg\/","og_site_name":"BuyModafinilOnline.com","article_modified_time":"2025-05-12T13:22:26+00:00","og_image":[{"width":1280,"height":1500,"url":"https:\/\/buymodafinilonline.com\/wp-content\/uploads\/2021\/09\/bmo-product-modaheal-new.png","type":"image\/png"}],"twitter_misc":{"Tiempo de lectura":"5 minutos"},"schema":{"@context":"https:\/\/schema.org","@graph":[{"@type":"WebPage","@id":"https:\/\/buymodafinilonline.com\/es\/farmacos-inteligentes\/modaheal-200-mg\/","url":"https:\/\/buymodafinilonline.com\/es\/farmacos-inteligentes\/modaheal-200-mg\/","name":"Compre Modaheal 200 mg (Modafinil) Medicamentos OTC - CompreModafinilOnline","isPartOf":{"@id":"https:\/\/buymodafinilonline.com\/es\/#website"},"primaryImageOfPage":{"@id":"https:\/\/buymodafinilonline.com\/es\/farmacos-inteligentes\/modaheal-200-mg\/#primaryimage"},"image":{"@id":"https:\/\/buymodafinilonline.com\/es\/farmacos-inteligentes\/modaheal-200-mg\/#primaryimage"},"thumbnailUrl":"https:\/\/buymodafinilonline.com\/wp-content\/uploads\/2021\/09\/bmo-product-modaheal-new.png","datePublished":"2020-11-08T16:11:06+00:00","dateModified":"2025-05-12T13:22:26+00:00","description":"Compre tabletas baratas de Modaheal 200 mg en l\u00ednea sin receta m\u00e9dica en la farmacia BuyModafinilOnline. \u00a1Paga con Bitcoins y consigue un 23% de DESCUENTO garantizado en la compra de medicamentos Modaheal 200mg!","breadcrumb":{"@id":"https:\/\/buymodafinilonline.com\/es\/farmacos-inteligentes\/modaheal-200-mg\/#breadcrumb"},"inLanguage":"es","potentialAction":[{"@type":"ReadAction","target":["https:\/\/buymodafinilonline.com\/es\/farmacos-inteligentes\/modaheal-200-mg\/"]}]},{"@type":"ImageObject","inLanguage":"es","@id":"https:\/\/buymodafinilonline.com\/es\/farmacos-inteligentes\/modaheal-200-mg\/#primaryimage","url":"https:\/\/buymodafinilonline.com\/wp-content\/uploads\/2021\/09\/bmo-product-modaheal-new.png","contentUrl":"https:\/\/buymodafinilonline.com\/wp-content\/uploads\/2021\/09\/bmo-product-modaheal-new.png","width":1280,"height":1500,"caption":"Modaheal 200 mg"},{"@type":"BreadcrumbList","@id":"https:\/\/buymodafinilonline.com\/es\/farmacos-inteligentes\/modaheal-200-mg\/#breadcrumb","itemListElement":[{"@type":"ListItem","position":1,"name":"Buy Modafinil Online","item":"https:\/\/buymodafinilonline.com\/es\/"},{"@type":"ListItem","position":2,"name":"Tienda","item":"https:\/\/buymodafinilonline.com\/es\/tienda\/"},{"@type":"ListItem","position":3,"name":"Marcas de drogas inteligentes","item":"https:\/\/buymodafinilonline.com\/es\/categoria-de-productos\/marcas-de-drogas-inteligentes\/"},{"@type":"ListItem","position":4,"name":"Modaheal 200 mg"}]},{"@type":"WebSite","@id":"https:\/\/buymodafinilonline.com\/es\/#website","url":"https:\/\/buymodafinilonline.com\/es\/","name":"BuyModafinilOnline.com","description":"Modafinil Online Pharmacy","publisher":{"@id":"https:\/\/buymodafinilonline.com\/es\/#organization"},"potentialAction":[{"@type":"SearchAction","target":{"@type":"EntryPoint","urlTemplate":"https:\/\/buymodafinilonline.com\/es\/?s={search_term_string}"},"query-input":{"@type":"PropertyValueSpecification","valueRequired":true,"valueName":"search_term_string"}}],"inLanguage":"es"},{"@type":"Organization","@id":"https:\/\/buymodafinilonline.com\/es\/#organization","name":"BuyModafinilOnline","url":"https:\/\/buymodafinilonline.com\/es\/","logo":{"@type":"ImageObject","inLanguage":"es","@id":"https:\/\/buymodafinilonline.com\/es\/#\/schema\/logo\/image\/","url":"https:\/\/buymodafinilonline.com\/wp-content\/uploads\/2020\/04\/logo-buy-modafinil-online-yellow.png","contentUrl":"https:\/\/buymodafinilonline.com\/wp-content\/uploads\/2020\/04\/logo-buy-modafinil-online-yellow.png","width":200,"height":200,"caption":"BuyModafinilOnline"},"image":{"@id":"https:\/\/buymodafinilonline.com\/es\/#\/schema\/logo\/image\/"}}]}},"_links":{"self":[{"href":"https:\/\/buymodafinilonline.com\/es\/wp-json\/wp\/v2\/product\/408647","targetHints":{"allow":["GET"]}}],"collection":[{"href":"https:\/\/buymodafinilonline.com\/es\/wp-json\/wp\/v2\/product"}],"about":[{"href":"https:\/\/buymodafinilonline.com\/es\/wp-json\/wp\/v2\/types\/product"}],"replies":[{"embeddable":true,"href":"https:\/\/buymodafinilonline.com\/es\/wp-json\/wp\/v2\/comments?post=408647"}],"wp:featuredmedia":[{"embeddable":true,"href":"https:\/\/buymodafinilonline.com\/es\/wp-json\/wp\/v2\/media\/426130"}],"wp:attachment":[{"href":"https:\/\/buymodafinilonline.com\/es\/wp-json\/wp\/v2\/media?parent=408647"}],"wp:term":[{"taxonomy":"product_brand","embeddable":true,"href":"https:\/\/buymodafinilonline.com\/es\/wp-json\/wp\/v2\/product_brand?post=408647"},{"taxonomy":"product_cat","embeddable":true,"href":"https:\/\/buymodafinilonline.com\/es\/wp-json\/wp\/v2\/product_cat?post=408647"},{"taxonomy":"product_tag","embeddable":true,"href":"https:\/\/buymodafinilonline.com\/es\/wp-json\/wp\/v2\/product_tag?post=408647"}],"curies":[{"name":"wp","href":"https:\/\/api.w.org\/{rel}","templated":true}]}}