{"id":408945,"date":"2020-04-18T20:00:03","date_gmt":"2020-04-18T19:00:03","guid":{"rendered":"https:\/\/buymodafinilonline.com\/smart-drugs\/armod-150-mg\/"},"modified":"2025-05-12T12:22:25","modified_gmt":"2025-05-12T11:22:25","slug":"armod-150-mg","status":"publish","type":"product","link":"https:\/\/buymodafinilonline.com\/es\/farmacos-inteligentes\/armod-150-mg\/","title":{"rendered":"Armod 150 MG"},"content":{"rendered":"[vc_column width=&#8221;1\/2&#8243;]\n<h2>\u00bfQu\u00e9 es Armod 150 mg?<\/h2>\n<div class=\"su-divider su-divider-style-default\" style=\"margin:10px 0;border-width:3px;border-color:#ffffff00\"><a href=\"#\" style=\"color:#ffffff009\">.<\/a><\/div>\nArmod 150 mg se elabora utilizando el ingrediente activo seguro del mundo, el armodafinilo, una sustancia m\u00e1s fuerte que<a href=\"https:\/\/buymodafinilonline.com\/es\/la-verdad-sobre-el-modafinilo\/\"> modafinilo<\/a> con mejores efectos de vigilia.<\/p>\n<p>El armodafinilo est\u00e1 aprobado como un remedio seguro para los problemas del trastorno del sue\u00f1o debido al s\u00edndrome de apnea \/ hipopnea obstructiva del sue\u00f1o (SAHOS), narcolepsia y trastorno del sue\u00f1o por turnos (SWSD).<\/p>\n<p>Su modo de acci\u00f3n en el organismo ayuda al paciente a mantenerse despierto y reduce la tendencia a conciliar el sue\u00f1o durante el d\u00eda o en el trabajo, restableciendo as\u00ed el ciclo normal de sue\u00f1o. Modula los niveles de mensajeros qu\u00edmicos en el cerebro (dopamina, histamina y orexina) y ejerce un efecto estimulante para reducir la somnolencia extrema y mejorar la funci\u00f3n cognitiva.<\/p>\n<p>Tambi\u00e9n se usa para tratar otros problemas de salud como el trastorno por d\u00e9ficit de atenci\u00f3n con hiperactividad (TDAH), la depresi\u00f3n y el deterioro cognitivo. Armod, conocido como &#8220;f\u00e1rmaco inteligente&#8221;, es el mejor para la productividad y la mejora cognitiva. Aumenta la concentraci\u00f3n mental y ayuda a evadir el sue\u00f1o. Sus propiedades atraen a astronautas, pilotos, personal militar, estudiantes, profesionales y ejecutivos en los campos corporativo y tecnol\u00f3gico.<\/p>\n<div class=\"su-divider su-divider-style-default\" style=\"margin:10px 0;border-width:3px;border-color:#ffffff00\"><a href=\"#\" style=\"color:#ffffff009\">.<\/a><\/div>\n<h2><strong>Dosificaci\u00f3n segura y uso adecuado<\/strong><\/h2>\n<div class=\"su-divider su-divider-style-default\" style=\"margin:10px 0;border-width:3px;border-color:#ffffff00\"><a href=\"#\" style=\"color:#ffffff009\">.<\/a><\/div>\nAntes de tomar este medicamento, se recomienda consultar con un especialista m\u00e9dico para evaluar su salud. Armod 150 mg es la dosis diaria recomendada que se usa de acuerdo con el consejo del m\u00e9dico. Solo se toma una vez al d\u00eda. No exceda la dosis recomendada, y si lo usa fuera de la etiqueta, es mejor consultar primero con un especialista m\u00e9dico para determinar si es lo mejor para sus necesidades finales.<\/p>\n<p>Para SWSD, debe tomarse una hora antes cuando se prepare para trabajar. Como remedio para el ASAHS y la narcolepsia, debe administrarse como una dosis \u00fanica por la ma\u00f1ana seg\u00fan prescripci\u00f3n m\u00e9dica.<\/p>\n<p>Para una dosis adecuada, tr\u00e1guela entera. No lo mastique, rompa ni triture. La tableta de Armod 150 mg se puede tomar con o sin alimentos.<\/p>\n<div class=\"su-divider su-divider-style-default\" style=\"margin:10px 0;border-width:3px;border-color:#ffffff00\"><a href=\"#\" style=\"color:#ffffff009\">.<\/a><\/div>\n<h2><strong>Posibles efectos secundarios<\/strong><\/h2>\n<div class=\"su-divider su-divider-style-default\" style=\"margin:10px 0;border-width:3px;border-color:#ffffff00\"><a href=\"#\" style=\"color:#ffffff009\">.<\/a><\/div>\nEste medicamento es un psicoestimulante (sin efectos negativos comunes a los psicoestimulantes tradicionales). Para minimizar la aparici\u00f3n de efectos secundarios, es mejor seguir los consejos del m\u00e9dico y de acuerdo con la prescripci\u00f3n que se proporciona en el prospecto del medicamento. Sin embargo, como cualquier medicamento, Armod es uno de los &#8220;primeros medicamentos inteligentes seguros del mundo&#8221;, que tiene menos efectos adversos dependiendo de su salud y dosis.<\/p>\n<p>Los efectos negativos comunes de Armod incluyen:<\/p>\n<div class=\"su-divider su-divider-style-default\" style=\"margin:10px 0;border-width:3px;border-color:#ffffff00\"><a href=\"#\" style=\"color:#ffffff009\">.<\/a><\/div>\n<ul>\n<li>n\u00e1usea;<\/li>\n<li>dolor de cabeza;<\/li>\n<li>mareo;<\/li>\n<li>insomnio (dificultad para dormir).<\/li>\n<\/ul>\n<div class=\"su-divider su-divider-style-default\" style=\"margin:10px 0;border-width:3px;border-color:#ffffff00\"><a href=\"#\" style=\"color:#ffffff009\">.<\/a><\/div>\nLos efectos negativos raros pero m\u00e1s graves pueden incluir:<\/p>\n<div class=\"su-divider su-divider-style-default\" style=\"margin:10px 0;border-width:3px;border-color:#ffffff00\"><a href=\"#\" style=\"color:#ffffff009\">.<\/a><\/div>\n<ul>\n<li>hipersensibilidad;<\/li>\n<li>fiebre y escalofr\u00edos;<\/li>\n<li>confusi\u00f3n, pensamientos suicidas;<\/li>\n<li>cansancio y debilidad inusuales;<\/li>\n<li>dolor en el pecho.<\/li>\n<\/ul>\n<div class=\"su-divider su-divider-style-default\" style=\"margin:10px 0;border-width:3px;border-color:#ffffff00\"><a href=\"#\" style=\"color:#ffffff009\">.<\/a><\/div>\n[\/vc_column][vc_column width=&#8221;1\/2&#8243;]\n<div class=\"su-divider su-divider-style-default\" style=\"margin:10px 0;border-width:3px;border-color:#ffffff00\"><a href=\"#\" style=\"color:#ffffff009\">.<\/a><\/div>\nEsta no es una lista completa de posibles efectos negativos. No conduzca ni haga nada que requiera concentraci\u00f3n mental (o maquinaria pesada) ya que puede provocar somnolencia y mareos.<\/p>\n<p>Sin embargo, estos efectos adversos son de corta duraci\u00f3n y generalmente se resuelven por s\u00ed solos en alg\u00fan tiempo. Consulte a su m\u00e9dico especialista si estos le molestan o no ceden.<\/p>\n<div class=\"su-divider su-divider-style-default\" style=\"margin:10px 0;border-width:3px;border-color:#ffffff00\"><a href=\"#\" style=\"color:#ffffff009\">.<\/a><\/div>\n<h2><strong>Contraindicaciones y precauciones<\/strong><\/h2>\n<div class=\"su-divider su-divider-style-default\" style=\"margin:10px 0;border-width:3px;border-color:#ffffff00\"><a href=\"#\" style=\"color:#ffffff009\">.<\/a><\/div>\nA menos que sea necesario, no se recomienda el uso de Armod 150 mg en mujeres embarazadas o durante la lactancia. No se recomienda el uso de armas con alcohol. Puede aumentar el riesgo de somnolencia, problemas de juicio y mareos.<\/p>\n<p>Todos los medicamentos interact\u00faan de manera diferente de una persona a otra. No mezcle Armod 150 mg con otros medicamentos de modafinilo o armodafinilo. Es muy seguro tomarlo solo. Debe verificar todas las posibles interacciones con su m\u00e9dico especialista antes de comenzar con cualquier medicamento.<\/p>\n<p>El armodafinilo interact\u00faa con medicamentos como:<\/p>\n<div class=\"su-divider su-divider-style-default\" style=\"margin:10px 0;border-width:3px;border-color:#ffffff00\"><a href=\"#\" style=\"color:#ffffff009\">.<\/a><\/div>\n<ul>\n<li>citalopram;<\/li>\n<li>ranolazina;<\/li>\n<li>fentanilo;<\/li>\n<li>clopidogrel;<\/li>\n<li>acetato de levometadilo y otros.<\/li>\n<\/ul>\n<div class=\"su-divider su-divider-style-default\" style=\"margin:10px 0;border-width:3px;border-color:#ffffff00\"><a href=\"#\" style=\"color:#ffffff009\">.<\/a><\/div>\nConsulte a su m\u00e9dico acerca de todas las posibles interacciones de Armod 150 mg o cualquier nootr\u00f3pico que est\u00e9 tomando. Pueden ocurrir interacciones de enfermedades. Deje que su m\u00e9dico examine su salud en busca de posibles enfermedades como problemas hep\u00e1ticos, renales o card\u00edacos, entre otros.<\/p>\n<div class=\"su-divider su-divider-style-default\" style=\"margin:10px 0;border-width:3px;border-color:#ffffff00\"><a href=\"#\" style=\"color:#ffffff009\">.<\/a><\/div>\n<h2><strong>Comprar gen\u00e9rico Armod 150 mg (armodafinilo) en l\u00ednea<\/strong><\/h2>\n<div class=\"su-divider su-divider-style-default\" style=\"margin:10px 0;border-width:3px;border-color:#ffffff00\"><a href=\"#\" style=\"color:#ffffff009\">.<\/a><\/div>\nEste medicamento es seguro y bien tolerado. Como gen\u00e9rico, se produce a partir de las grandes farmac\u00e9uticas indias que tienen un perfil de seguridad de medicamentos m\u00e1s alto.<\/p>\n<p>Los gen\u00e9ricos son extremadamente baratos en<a href=\"https:\/\/buymodafinilonline.com\/es\/\"> BuyModafinilOnline e-drugstore<\/a> como fuente &#8220;<a href=\"https:\/\/buymodafinilonline.com\/smart-drugs-bestsellers\/\"> drogas inteligentes<\/a> \u201dDe fabricantes aprobados y ofrecerlos al costo de fabricaci\u00f3n. En el mejor de los casos, tambi\u00e9n ofrecemos<a href=\"https:\/\/buymodafinilonline.com\/es\/farmacos-inteligentes\/muestra-de-modafinilo-gratis-modalert-200-mg\/\"> muestras de prueba gratuitas de Modalert<\/a> y<a href=\"https:\/\/buymodafinilonline.com\/es\/farmacos-inteligentes\/muestras-gratis-de-armodafinilo-artvigil-150-mg\/\"> Artvigil<\/a> . Obtenga Armod 150 mg o cualquier otra &#8220;droga inteligente&#8221; segura (<a href=\"https:\/\/buymodafinilonline.com\/es\/farmacos-inteligentes\/waklert-150-mg-tabletas\/\"> Waklert<\/a> ,<a href=\"https:\/\/buymodafinilonline.com\/es\/farmacos-inteligentes\/modvigil-200-mg\/\"> Modvigil<\/a> ,<a href=\"https:\/\/buymodafinilonline.com\/es\/farmacos-inteligentes\/modafil-200-mg\/\"> Modafil<\/a> , etc.) f\u00e1cilmente sin receta de nuestra farmacia electr\u00f3nica.<\/p>\n<p>Ordene nuestras tabletas de modafinilo y armodafinilo de alta calidad provenientes de los mejores productos farmac\u00e9uticos de la India y ahorre m\u00e1s dinero usando cupones, ofertas y c\u00f3digos de promoci\u00f3n, descuentos y ofertas.<\/p>\n<p>Disfruta de nuestra exclusiva<a href=\"https:\/\/buymodafinilonline.com\/es\/mejor-proveedor-espana\/\"> env\u00edo ultrarr\u00e1pido<\/a> con entrega gratuita en pedidos superiores a $ 80 si utiliza el env\u00edo por correo a\u00e9reo registrado o el servicio de correo urgente (EMS) gratuito en todos los pedidos superiores a $ 150. Se env\u00eda directamente desde la India a la mayor parte del mundo, excepto a algunos pa\u00edses a los que no realizamos env\u00edos.<\/p>\n<p>En caso de una entrega fallida, ofrecemos un reembolso del 100% o le damos otro<a href=\"https:\/\/buymodafinilonline.com\/refund-reshipment\/\"> reenv\u00edo gratuito<\/a> . No tiene nada que perder con nuestra farmacia en l\u00ednea. \u00a1Cuantas m\u00e1s tabletas pidas, menor ser\u00e1 el precio!<\/p>\n<p>Ofrecemos excelente curado<a href=\"https:\/\/buymodafinilonline.com\/billing-credit-card-faq\/\"> opciones de pago<\/a> , incluidos Bitcoin (BTC), PayPal y las principales tarjetas de cr\u00e9dito. Y para reducir el coste de tu medicamento inteligente, \u00a1ahorra un 23% del coste total cuando <a href=\"https:\/\/buymodafinilonline.com\/es\/paga-con-bitcoin\/\">pagues utilizando BTC<\/a>!<\/p>\n<div class=\"su-divider su-divider-style-default\" style=\"margin:10px 0;border-width:3px;border-color:#ffffff00\"><a href=\"#\" style=\"color:#ffffff009\">.<\/a><\/div>\n[\/vc_column]\n<div class=\"su-divider su-divider-style-default\" style=\"margin:10px 0;border-width:3px;border-color:#ffffff00\"><a href=\"#\" style=\"color:#ffffff009\">.<\/a><\/div>\n","protected":false},"excerpt":{"rendered":"<p>La p\u00edldora Armod 150 mg se usa para promover la vigilia debido a la somnolencia extrema durante el d\u00eda o las condiciones de trastornos del sue\u00f1o. Tambi\u00e9n se usa para tratar otros problemas de salud y como potenciador cognitivo o de productividad. Es seguro y funciona bien en personas sanas. Es un producto potente de Emcure Pharmaceuticals Ltd que contiene 150 mg de armodafinilo como ingrediente activo.<\/p>\n<p>Compre Armod en nuestra farmacia electr\u00f3nica; lo enviamos directamente de su fabricante al menor costo de fabricaci\u00f3n.<\/p>\n[sc name=\"s1\"]\n","protected":false},"featured_media":398122,"comment_status":"open","ping_status":"closed","template":"","meta":{"_acf_changed":false},"product_brand":[],"product_cat":[3788],"product_tag":[4023],"class_list":{"0":"post-408945","1":"product","2":"type-product","3":"status-publish","4":"has-post-thumbnail","6":"product_cat-marcas-de-drogas-inteligentes","7":"product_tag-armodafinil-es","9":"first","10":"instock","11":"sale","12":"shipping-taxable","13":"purchasable","14":"product-type-variable","15":"has-default-attributes"},"acf":[],"yoast_head":"<!-- This site is optimized with the Yoast SEO Premium plugin v23.6 (Yoast SEO v27.3) - https:\/\/yoast.com\/product\/yoast-seo-premium-wordpress\/ -->\n<title>Compre Armod 150 mg (armodafinilo) tabletas a bajo precio - BuyModafinilOnline<\/title>\n<meta name=\"description\" content=\"Ordene p\u00edldoras Armod 150 mg baratas en l\u00ednea del fabricante de Emcure Pharmaceuticals Ltd. Compre Armod 150 mg (armodafinil) al mejor precio en la farmacia BuyModafinilOnline. \u00a1No necesita receta!\" \/>\n<meta name=\"robots\" content=\"index, follow, max-snippet:-1, max-image-preview:large, max-video-preview:-1\" \/>\n<link rel=\"canonical\" href=\"https:\/\/buymodafinilonline.com\/es\/farmacos-inteligentes\/armod-150-mg\/\" \/>\n<meta property=\"og:locale\" content=\"es_ES\" \/>\n<meta property=\"og:type\" content=\"article\" \/>\n<meta property=\"og:title\" content=\"Armod 150 MG\" \/>\n<meta property=\"og:description\" content=\"Ordene p\u00edldoras Armod 150 mg baratas en l\u00ednea del fabricante de Emcure Pharmaceuticals Ltd. Compre Armod 150 mg (armodafinil) al mejor precio en la farmacia BuyModafinilOnline. \u00a1No necesita receta!\" \/>\n<meta property=\"og:url\" content=\"https:\/\/buymodafinilonline.com\/es\/farmacos-inteligentes\/armod-150-mg\/\" \/>\n<meta property=\"og:site_name\" content=\"BuyModafinilOnline.com\" \/>\n<meta property=\"article:modified_time\" content=\"2025-05-12T11:22:25+00:00\" \/>\n<meta property=\"og:image\" content=\"https:\/\/buymodafinilonline.com\/wp-content\/uploads\/2020\/04\/bmo-product-armod-150-mg.png\" \/>\n\t<meta property=\"og:image:width\" content=\"1280\" \/>\n\t<meta property=\"og:image:height\" content=\"1500\" \/>\n\t<meta property=\"og:image:type\" content=\"image\/png\" \/>\n<meta name=\"twitter:label1\" content=\"Tiempo de lectura\" \/>\n\t<meta name=\"twitter:data1\" content=\"5 minutos\" \/>\n<script type=\"application\/ld+json\" class=\"yoast-schema-graph\">{\"@context\":\"https:\\\/\\\/schema.org\",\"@graph\":[{\"@type\":\"WebPage\",\"@id\":\"https:\\\/\\\/buymodafinilonline.com\\\/es\\\/farmacos-inteligentes\\\/armod-150-mg\\\/\",\"url\":\"https:\\\/\\\/buymodafinilonline.com\\\/es\\\/farmacos-inteligentes\\\/armod-150-mg\\\/\",\"name\":\"Compre Armod 150 mg (armodafinilo) tabletas a bajo precio - BuyModafinilOnline\",\"isPartOf\":{\"@id\":\"https:\\\/\\\/buymodafinilonline.com\\\/es\\\/#website\"},\"primaryImageOfPage\":{\"@id\":\"https:\\\/\\\/buymodafinilonline.com\\\/es\\\/farmacos-inteligentes\\\/armod-150-mg\\\/#primaryimage\"},\"image\":{\"@id\":\"https:\\\/\\\/buymodafinilonline.com\\\/es\\\/farmacos-inteligentes\\\/armod-150-mg\\\/#primaryimage\"},\"thumbnailUrl\":\"https:\\\/\\\/buymodafinilonline.com\\\/wp-content\\\/uploads\\\/2020\\\/04\\\/bmo-product-armod-150-mg.png\",\"datePublished\":\"2020-04-18T19:00:03+00:00\",\"dateModified\":\"2025-05-12T11:22:25+00:00\",\"description\":\"Ordene p\u00edldoras Armod 150 mg baratas en l\u00ednea del fabricante de Emcure Pharmaceuticals Ltd. Compre Armod 150 mg (armodafinil) al mejor precio en la farmacia BuyModafinilOnline. \u00a1No necesita receta!\",\"breadcrumb\":{\"@id\":\"https:\\\/\\\/buymodafinilonline.com\\\/es\\\/farmacos-inteligentes\\\/armod-150-mg\\\/#breadcrumb\"},\"inLanguage\":\"es\",\"potentialAction\":[{\"@type\":\"ReadAction\",\"target\":[\"https:\\\/\\\/buymodafinilonline.com\\\/es\\\/farmacos-inteligentes\\\/armod-150-mg\\\/\"]}]},{\"@type\":\"ImageObject\",\"inLanguage\":\"es\",\"@id\":\"https:\\\/\\\/buymodafinilonline.com\\\/es\\\/farmacos-inteligentes\\\/armod-150-mg\\\/#primaryimage\",\"url\":\"https:\\\/\\\/buymodafinilonline.com\\\/wp-content\\\/uploads\\\/2020\\\/04\\\/bmo-product-armod-150-mg.png\",\"contentUrl\":\"https:\\\/\\\/buymodafinilonline.com\\\/wp-content\\\/uploads\\\/2020\\\/04\\\/bmo-product-armod-150-mg.png\",\"width\":1280,\"height\":1500,\"caption\":\"Armod 150 mg\"},{\"@type\":\"BreadcrumbList\",\"@id\":\"https:\\\/\\\/buymodafinilonline.com\\\/es\\\/farmacos-inteligentes\\\/armod-150-mg\\\/#breadcrumb\",\"itemListElement\":[{\"@type\":\"ListItem\",\"position\":1,\"name\":\"Buy Modafinil Online\",\"item\":\"https:\\\/\\\/buymodafinilonline.com\\\/es\\\/\"},{\"@type\":\"ListItem\",\"position\":2,\"name\":\"Tienda\",\"item\":\"https:\\\/\\\/buymodafinilonline.com\\\/es\\\/tienda\\\/\"},{\"@type\":\"ListItem\",\"position\":3,\"name\":\"Marcas de drogas inteligentes\",\"item\":\"https:\\\/\\\/buymodafinilonline.com\\\/es\\\/categoria-de-productos\\\/marcas-de-drogas-inteligentes\\\/\"},{\"@type\":\"ListItem\",\"position\":4,\"name\":\"Armod 150 MG\"}]},{\"@type\":\"WebSite\",\"@id\":\"https:\\\/\\\/buymodafinilonline.com\\\/es\\\/#website\",\"url\":\"https:\\\/\\\/buymodafinilonline.com\\\/es\\\/\",\"name\":\"BuyModafinilOnline.com\",\"description\":\"Modafinil Online Pharmacy\",\"publisher\":{\"@id\":\"https:\\\/\\\/buymodafinilonline.com\\\/es\\\/#organization\"},\"potentialAction\":[{\"@type\":\"SearchAction\",\"target\":{\"@type\":\"EntryPoint\",\"urlTemplate\":\"https:\\\/\\\/buymodafinilonline.com\\\/es\\\/?s={search_term_string}\"},\"query-input\":{\"@type\":\"PropertyValueSpecification\",\"valueRequired\":true,\"valueName\":\"search_term_string\"}}],\"inLanguage\":\"es\"},{\"@type\":\"Organization\",\"@id\":\"https:\\\/\\\/buymodafinilonline.com\\\/es\\\/#organization\",\"name\":\"BuyModafinilOnline\",\"url\":\"https:\\\/\\\/buymodafinilonline.com\\\/es\\\/\",\"logo\":{\"@type\":\"ImageObject\",\"inLanguage\":\"es\",\"@id\":\"https:\\\/\\\/buymodafinilonline.com\\\/es\\\/#\\\/schema\\\/logo\\\/image\\\/\",\"url\":\"https:\\\/\\\/buymodafinilonline.com\\\/wp-content\\\/uploads\\\/2020\\\/04\\\/logo-buy-modafinil-online-yellow.png\",\"contentUrl\":\"https:\\\/\\\/buymodafinilonline.com\\\/wp-content\\\/uploads\\\/2020\\\/04\\\/logo-buy-modafinil-online-yellow.png\",\"width\":200,\"height\":200,\"caption\":\"BuyModafinilOnline\"},\"image\":{\"@id\":\"https:\\\/\\\/buymodafinilonline.com\\\/es\\\/#\\\/schema\\\/logo\\\/image\\\/\"}}]}<\/script>\n<!-- \/ Yoast SEO Premium plugin. -->","yoast_head_json":{"title":"Compre Armod 150 mg (armodafinilo) tabletas a bajo precio - BuyModafinilOnline","description":"Ordene p\u00edldoras Armod 150 mg baratas en l\u00ednea del fabricante de Emcure Pharmaceuticals Ltd. Compre Armod 150 mg (armodafinil) al mejor precio en la farmacia BuyModafinilOnline. \u00a1No necesita receta!","robots":{"index":"index","follow":"follow","max-snippet":"max-snippet:-1","max-image-preview":"max-image-preview:large","max-video-preview":"max-video-preview:-1"},"canonical":"https:\/\/buymodafinilonline.com\/es\/farmacos-inteligentes\/armod-150-mg\/","og_locale":"es_ES","og_type":"article","og_title":"Armod 150 MG","og_description":"Ordene p\u00edldoras Armod 150 mg baratas en l\u00ednea del fabricante de Emcure Pharmaceuticals Ltd. Compre Armod 150 mg (armodafinil) al mejor precio en la farmacia BuyModafinilOnline. \u00a1No necesita receta!","og_url":"https:\/\/buymodafinilonline.com\/es\/farmacos-inteligentes\/armod-150-mg\/","og_site_name":"BuyModafinilOnline.com","article_modified_time":"2025-05-12T11:22:25+00:00","og_image":[{"width":1280,"height":1500,"url":"https:\/\/buymodafinilonline.com\/wp-content\/uploads\/2020\/04\/bmo-product-armod-150-mg.png","type":"image\/png"}],"twitter_misc":{"Tiempo de lectura":"5 minutos"},"schema":{"@context":"https:\/\/schema.org","@graph":[{"@type":"WebPage","@id":"https:\/\/buymodafinilonline.com\/es\/farmacos-inteligentes\/armod-150-mg\/","url":"https:\/\/buymodafinilonline.com\/es\/farmacos-inteligentes\/armod-150-mg\/","name":"Compre Armod 150 mg (armodafinilo) tabletas a bajo precio - BuyModafinilOnline","isPartOf":{"@id":"https:\/\/buymodafinilonline.com\/es\/#website"},"primaryImageOfPage":{"@id":"https:\/\/buymodafinilonline.com\/es\/farmacos-inteligentes\/armod-150-mg\/#primaryimage"},"image":{"@id":"https:\/\/buymodafinilonline.com\/es\/farmacos-inteligentes\/armod-150-mg\/#primaryimage"},"thumbnailUrl":"https:\/\/buymodafinilonline.com\/wp-content\/uploads\/2020\/04\/bmo-product-armod-150-mg.png","datePublished":"2020-04-18T19:00:03+00:00","dateModified":"2025-05-12T11:22:25+00:00","description":"Ordene p\u00edldoras Armod 150 mg baratas en l\u00ednea del fabricante de Emcure Pharmaceuticals Ltd. Compre Armod 150 mg (armodafinil) al mejor precio en la farmacia BuyModafinilOnline. \u00a1No necesita receta!","breadcrumb":{"@id":"https:\/\/buymodafinilonline.com\/es\/farmacos-inteligentes\/armod-150-mg\/#breadcrumb"},"inLanguage":"es","potentialAction":[{"@type":"ReadAction","target":["https:\/\/buymodafinilonline.com\/es\/farmacos-inteligentes\/armod-150-mg\/"]}]},{"@type":"ImageObject","inLanguage":"es","@id":"https:\/\/buymodafinilonline.com\/es\/farmacos-inteligentes\/armod-150-mg\/#primaryimage","url":"https:\/\/buymodafinilonline.com\/wp-content\/uploads\/2020\/04\/bmo-product-armod-150-mg.png","contentUrl":"https:\/\/buymodafinilonline.com\/wp-content\/uploads\/2020\/04\/bmo-product-armod-150-mg.png","width":1280,"height":1500,"caption":"Armod 150 mg"},{"@type":"BreadcrumbList","@id":"https:\/\/buymodafinilonline.com\/es\/farmacos-inteligentes\/armod-150-mg\/#breadcrumb","itemListElement":[{"@type":"ListItem","position":1,"name":"Buy Modafinil Online","item":"https:\/\/buymodafinilonline.com\/es\/"},{"@type":"ListItem","position":2,"name":"Tienda","item":"https:\/\/buymodafinilonline.com\/es\/tienda\/"},{"@type":"ListItem","position":3,"name":"Marcas de drogas inteligentes","item":"https:\/\/buymodafinilonline.com\/es\/categoria-de-productos\/marcas-de-drogas-inteligentes\/"},{"@type":"ListItem","position":4,"name":"Armod 150 MG"}]},{"@type":"WebSite","@id":"https:\/\/buymodafinilonline.com\/es\/#website","url":"https:\/\/buymodafinilonline.com\/es\/","name":"BuyModafinilOnline.com","description":"Modafinil Online Pharmacy","publisher":{"@id":"https:\/\/buymodafinilonline.com\/es\/#organization"},"potentialAction":[{"@type":"SearchAction","target":{"@type":"EntryPoint","urlTemplate":"https:\/\/buymodafinilonline.com\/es\/?s={search_term_string}"},"query-input":{"@type":"PropertyValueSpecification","valueRequired":true,"valueName":"search_term_string"}}],"inLanguage":"es"},{"@type":"Organization","@id":"https:\/\/buymodafinilonline.com\/es\/#organization","name":"BuyModafinilOnline","url":"https:\/\/buymodafinilonline.com\/es\/","logo":{"@type":"ImageObject","inLanguage":"es","@id":"https:\/\/buymodafinilonline.com\/es\/#\/schema\/logo\/image\/","url":"https:\/\/buymodafinilonline.com\/wp-content\/uploads\/2020\/04\/logo-buy-modafinil-online-yellow.png","contentUrl":"https:\/\/buymodafinilonline.com\/wp-content\/uploads\/2020\/04\/logo-buy-modafinil-online-yellow.png","width":200,"height":200,"caption":"BuyModafinilOnline"},"image":{"@id":"https:\/\/buymodafinilonline.com\/es\/#\/schema\/logo\/image\/"}}]}},"_links":{"self":[{"href":"https:\/\/buymodafinilonline.com\/es\/wp-json\/wp\/v2\/product\/408945","targetHints":{"allow":["GET"]}}],"collection":[{"href":"https:\/\/buymodafinilonline.com\/es\/wp-json\/wp\/v2\/product"}],"about":[{"href":"https:\/\/buymodafinilonline.com\/es\/wp-json\/wp\/v2\/types\/product"}],"replies":[{"embeddable":true,"href":"https:\/\/buymodafinilonline.com\/es\/wp-json\/wp\/v2\/comments?post=408945"}],"wp:featuredmedia":[{"embeddable":true,"href":"https:\/\/buymodafinilonline.com\/es\/wp-json\/wp\/v2\/media\/398122"}],"wp:attachment":[{"href":"https:\/\/buymodafinilonline.com\/es\/wp-json\/wp\/v2\/media?parent=408945"}],"wp:term":[{"taxonomy":"product_brand","embeddable":true,"href":"https:\/\/buymodafinilonline.com\/es\/wp-json\/wp\/v2\/product_brand?post=408945"},{"taxonomy":"product_cat","embeddable":true,"href":"https:\/\/buymodafinilonline.com\/es\/wp-json\/wp\/v2\/product_cat?post=408945"},{"taxonomy":"product_tag","embeddable":true,"href":"https:\/\/buymodafinilonline.com\/es\/wp-json\/wp\/v2\/product_tag?post=408945"}],"curies":[{"name":"wp","href":"https:\/\/api.w.org\/{rel}","templated":true}]}}