{"id":408982,"date":"2020-04-18T19:46:49","date_gmt":"2020-04-18T18:46:49","guid":{"rendered":"https:\/\/buymodafinilonline.com\/smart-drugs\/modfil-200-mg\/"},"modified":"2025-04-29T13:58:42","modified_gmt":"2025-04-29T12:58:42","slug":"modfil-200-mg","status":"publish","type":"product","link":"https:\/\/buymodafinilonline.com\/es\/farmacos-inteligentes\/modfil-200-mg\/","title":{"rendered":"Modfil 200 mg"},"content":{"rendered":"[vc_column width=&#8221;1\/2&#8243;]\n<h2>\u00bfQu\u00e9 es Modfil 200 mg?<\/h2>\n<div class=\"su-divider su-divider-style-default\" style=\"margin:10px 0;border-width:3px;border-color:#ffffff00\"><a href=\"#\" style=\"color:#ffffff009\">.<\/a><\/div>\nModfil 200 mg es un medicamento recetado que se utiliza para promover la vigilia en personas privadas de sue\u00f1o como resultado de diversas afecciones de salud, incluido el s\u00edndrome de apnea \/ hipopnea obstructiva del sue\u00f1o (SAHOS), el trastorno del sue\u00f1o por turnos de trabajo (SWSD) y la narcolepsia.<\/p>\n<p>El uso no indicado incluye esclerosis m\u00faltiple, enfermedad de Parkinson, trastorno por d\u00e9ficit de atenci\u00f3n con hiperactividad (TDAH), depresi\u00f3n, deterioro cognitivo y otros tratamientos de salud.<\/p>\n<p>Ya que contiene<a href=\"https:\/\/buymodafinilonline.com\/es\/la-verdad-sobre-el-modafinilo\/\"> modafinilo<\/a> , el mecanismo de Modfil restaura el ciclo normal del sue\u00f1o, ya que modula la concentraci\u00f3n de mensajeros qu\u00edmicos en el cerebro al inhibir y mejorar la recaptaci\u00f3n de dopamina, histamina, orexina y ejerce un efecto estimulante para reducir la somnolencia extrema. Sin embargo, adem\u00e1s de este mecanismo conocido, la dopamina juega otro papel importante. Act\u00faa como un sistema de recompensa natural en el cerebro y eleva sus niveles.<\/p>\n<p>Debido a este efecto, Modfil, como cualquier otro nootr\u00f3pico, es ampliamente utilizado por ejecutivos de empresas, astronautas, personal deportivo, estudiantes y empleados, entre otros, para mejorar la capacidad de mejorar el enfoque, el estado de alerta, la memoria, la agudeza mental para poder planificar y planificar. tomar decisiones, lograr un efecto positivo en el aprendizaje y la creatividad, y promover la productividad.<\/p>\n<div class=\"su-divider su-divider-style-default\" style=\"margin:10px 0;border-width:3px;border-color:#ffffff00\"><a href=\"#\" style=\"color:#ffffff009\">.<\/a><\/div>\n<h2>Dosificaci\u00f3n segura y uso adecuado<\/h2>\n<div class=\"su-divider su-divider-style-default\" style=\"margin:10px 0;border-width:3px;border-color:#ffffff00\"><a href=\"#\" style=\"color:#ffffff009\">.<\/a><\/div>\nLa seguridad deber\u00eda ser \u00fatil. Modfil 200 mg es la dosis diaria recomendada de concentraci\u00f3n. Deje que su especialista m\u00e9dico eval\u00fae su salud para determinar si este medicamento es mejor para usted, seg\u00fan el resultado de su condici\u00f3n de salud.<\/p>\n<p>La dosis debe tomarse de acuerdo con la prescripci\u00f3n. No tome m\u00e1s de 1 pastilla al d\u00eda. Modfil 200 mg es seguro si lo toman personas sanas y en el momento adecuado seg\u00fan la prescripci\u00f3n. No sobredosis.<\/p>\n<p>Si usa el medicamento Modfil fuera de la etiqueta, consulte con un especialista m\u00e9dico para que le d\u00e9 la dosis correcta y el uso adecuado. Es posible que sea necesario ajustar la dosis seg\u00fan su estado de salud, es decir, si le diagnostican insuficiencia hep\u00e1tica grave, Modfil 200 mg debe reducirse a la mitad.<\/p>\n<div class=\"su-divider su-divider-style-default\" style=\"margin:10px 0;border-width:3px;border-color:#ffffff00\"><a href=\"#\" style=\"color:#ffffff009\">.<\/a><\/div>\n<h2><strong>Posibles efectos secundarios<\/strong><\/h2>\n<div class=\"su-divider su-divider-style-default\" style=\"margin:10px 0;border-width:3px;border-color:#ffffff00\"><a href=\"#\" style=\"color:#ffffff009\">.<\/a><\/div>\nModfil 200 mg puede provocar algunos efectos negativos. Es seguro si lo toman personas sanas sin complicaciones de salud y siguiendo la dosis. Siga las instrucciones dadas en el prospecto del medicamento para experimentar los efectos \u00f3ptimos de este medicamento sin efectos negativos graves.<\/p>\n<p>Algunos efectos adversos no son graves ni de corta duraci\u00f3n. Los efectos negativos comunes incluyen dolor de cabeza, mareos, dolor de espalda, n\u00e1useas, malestar estomacal, diarrea, problemas para dormir, sensaci\u00f3n de ansiedad o nerviosismo, congesti\u00f3n nasal.<\/p>\n<p>Los efectos negativos raros, pero m\u00e1s graves, incluyen hipersensibilidad, fiebre y escalofr\u00edos, dolor de pecho, confusi\u00f3n, cansancio y debilidad inusuales, s\u00edndrome de Stevens-Johnson y otros.<\/p>\n<p>Esta no es una lista comprensible. Tambi\u00e9n puede causar somnolencia y mareos, as\u00ed que no conduzca ni haga nada que requiera concentraci\u00f3n y atenci\u00f3n mental hasta que desaparezca el efecto de la droga. Informe a un m\u00e9dico si presenta alg\u00fan cambio inusual en el estado de \u00e1nimo o el comportamiento y si tiene pensamientos suicidas, depresi\u00f3n nueva o que empeora.<\/p>\n[\/vc_column][vc_column width=&#8221;1\/2&#8243;]\n<div class=\"su-divider su-divider-style-default\" style=\"margin:10px 0;border-width:3px;border-color:#ffffff00\"><a href=\"#\" style=\"color:#ffffff009\">.<\/a><\/div>\n<h2>Contraindicaciones y precauciones<\/h2>\n<div class=\"su-divider su-divider-style-default\" style=\"margin:10px 0;border-width:3px;border-color:#ffffff00\"><a href=\"#\" style=\"color:#ffffff009\">.<\/a><\/div>\nModfil 200 mg es seguro y bien tolerado si lo usan personas sanas y sin mezclarlo con otros medicamentos.<\/p>\n<p>Si est\u00e1 usando otros medicamentos, se recomienda brindar una lista completa de todos los medicamentos que est\u00e1 usando. Ya sean medicamentos recetados \/ sin receta o remedios herbales. Un especialista m\u00e9dico debe evaluar y aconsejar si es seguro usarlo con medicamentos de modafinilo.<\/p>\n<p>A las personas con alergia conocida al modafinilo o cualquier medicamento eugeroico no se les debe recetar el medicamento Modfil 200 mg.<\/p>\n<p>Se recomienda estrictamente a las mujeres embarazadas y madres lactantes que no utilicen ning\u00fan medicamento eugeroico. Si es necesario, un m\u00e9dico debe analizar el posible da\u00f1o o da\u00f1o y los beneficios conocidos antes de tomar el &#8220;medicamento inteligente&#8221; Modfil.<\/p>\n<p>Modfil funciona bien con los alimentos, pero ciertos alimentos pueden retrasar su inicio de acci\u00f3n. No se recomienda mezclarlo con alcohol. Puede aumentar el posible riesgo de efectos negativos sin precedentes como somnolencia, problemas de juicio y mareos, entre otros.<\/p>\n<p>Las interacciones de Modfil 200 mg con otros medicamentos incluyen:<\/p>\n<div class=\"su-divider su-divider-style-default\" style=\"margin:10px 0;border-width:3px;border-color:#ffffff00\"><a href=\"#\" style=\"color:#ffffff009\">.<\/a><\/div>\n<ul>\n<li>Sustratos CYP3A4 \/ 5 y CYP2C19;<\/li>\n<li>warfarina;<\/li>\n<li>Inhibidores de MAO;<\/li>\n<li>medicamentos anticonceptivos;<\/li>\n<li>Estimulantes del SNC y otros.<\/li>\n<\/ul>\n<div class=\"su-divider su-divider-style-default\" style=\"margin:10px 0;border-width:3px;border-color:#ffffff00\"><a href=\"#\" style=\"color:#ffffff009\">.<\/a><\/div>\nTambi\u00e9n es necesario informar a su especialista m\u00e9dico sobre sus condiciones de salud. Modfil puede provocar interacciones entre enfermedades. La interacci\u00f3n notable de la enfermedad del modafinilo incluye h\u00edgado, ri\u00f1ones, problemas card\u00edacos, convulsiones, etc. Antes de tomar Modfil o cualquier medicamento eugeroico \/ nootr\u00f3pico, consulte con un m\u00e9dico.<\/p>\n<div class=\"su-divider su-divider-style-default\" style=\"margin:10px 0;border-width:3px;border-color:#ffffff00\"><a href=\"#\" style=\"color:#ffffff009\">.<\/a><\/div>\n<h2><strong>Comprar Modfil gen\u00e9rico 200 mg (Modafinil) en l\u00ednea<\/strong><\/h2>\n<div class=\"su-divider su-divider-style-default\" style=\"margin:10px 0;border-width:3px;border-color:#ffffff00\"><a href=\"#\" style=\"color:#ffffff009\">.<\/a><\/div>\nCurioso sobre el mejor lugar para comprar m\u00e1s del mundo<a href=\"https:\/\/buymodafinilonline.com\/smart-drugs-bestsellers\/\"> nootr\u00f3pico popular<\/a> ? BuyModafinilOnline es el mejor lugar para comprar modafinil barato, ya que damos prioridad a su salud al obtener nootr\u00f3picos de calidad de fabricantes aprobados y ofrecerlos al precio de fabricaci\u00f3n.<\/p>\n<p>Puede solicitar Modfil gen\u00e9rico en nuestra farmacia electr\u00f3nica sin receta. No todas las farmacias electr\u00f3nicas son leg\u00edtimas. No es ilegal<a href=\"https:\/\/buymodafinilonline.com\/smart-drugs-brands\/\"> comprar nootr\u00f3picos en l\u00ednea<\/a> , pero debe ser consciente de los riesgos de comprar en farmacias en l\u00ednea fraudulentas.<\/p>\n<p>Ofrecemos<a href=\"https:\/\/buymodafinilonline.com\/free-trial\/\"> muestras de prueba gratuitas de modafinilo y armodafinilo<\/a> . Cons\u00edgalos gratis y pruebe la eficacia y seguridad de los medicamentos que ofrecemos.<\/p>\n<p>Aceptamos varios<a href=\"https:\/\/buymodafinilonline.com\/billing-credit-card-faq\/\"> M\u00e9todos de pago<\/a> , incluidas las principales tarjetas de cr\u00e9dito, Zelle, PayPal y Bitcoin. Al <a href=\"https:\/\/buymodafinilonline.com\/es\/paga-con-bitcoin\/\">utilizar Bitcoin<\/a> como forma de pago preferida, te ofrecemos un 23% de descuento en el coste total.<\/p>\n<p>Le recomendamos que utilice nuestras experiencias de reducci\u00f3n de precios, como<a href=\"https:\/\/buymodafinilonline.com\/coupons-deals-promo-codes\/\"> cupones, ofertas y c\u00f3digos promocionales<\/a> . Adem\u00e1s, puede obtener nuestra oferta semanal exclusiva de 300 p\u00edldoras de la marca de modafinilo gen\u00e9rico m\u00e1s popular a $ 0.99 por p\u00edldora solamente.<\/p>\n<p>En todos los pedidos de m\u00e1s de $ 80, disfrute de env\u00edo gratuito por correo a\u00e9reo registrado o env\u00edo expr\u00e9s gratuito en todas sus compras de $ 150 y m\u00e1s. Nuestra<a href=\"https:\/\/buymodafinilonline.com\/es\/mejor-proveedor-espana\/\"> Env\u00edo<\/a> es ultrarr\u00e1pido y ofrecemos un<a href=\"https:\/\/buymodafinilonline.com\/refund-reshipment\/\"> reembolso completo o reenv\u00edo<\/a> si su paquete se atasca en la aduana.<\/p>\n<div class=\"su-divider su-divider-style-default\" style=\"margin:10px 0;border-width:3px;border-color:#ffffff00\"><a href=\"#\" style=\"color:#ffffff009\">.<\/a><\/div>\n[\/vc_column]\n<div class=\"su-divider su-divider-style-default\" style=\"margin:10px 0;border-width:3px;border-color:#ffffff00\"><a href=\"#\" style=\"color:#ffffff009\">.<\/a><\/div>\n","protected":false},"excerpt":{"rendered":"<p>Modfil 200 mg contiene modafinilo como ingrediente activo. Es fabricado por Psyco Remedies Ltd, ubicado en una gran ciudad industrial en Punjab, India. Este medicamento se usa para tratar los trastornos del sue\u00f1o, as\u00ed como para mejorar la productividad y la cognici\u00f3n. Obtenga este medicamento de nuestra parte al costo de fabricaci\u00f3n, ya que lo obtenemos directamente de su fabricante. \u00a1Disfrute de muestras de prueba gratuitas de p\u00edldoras de modafinilo y armodafinilo y utilice c\u00f3digos de cup\u00f3n y descuentos para reducir el costo total de \u201cmedicamentos inteligentes\u201d!<\/p>\n[sc name=\"s1\"]\n","protected":false},"featured_media":398192,"comment_status":"open","ping_status":"closed","template":"","meta":{"_acf_changed":false},"product_brand":[],"product_cat":[3788],"product_tag":[4001],"class_list":{"0":"post-408982","1":"product","2":"type-product","3":"status-publish","4":"has-post-thumbnail","6":"product_cat-marcas-de-drogas-inteligentes","7":"product_tag-modafinilo","9":"first","10":"instock","11":"sale","12":"shipping-taxable","13":"purchasable","14":"product-type-variable","15":"has-default-attributes"},"acf":[],"yoast_head":"<!-- This site is optimized with the Yoast SEO Premium plugin v23.6 (Yoast SEO v27.3) - https:\/\/yoast.com\/product\/yoast-seo-premium-wordpress\/ -->\n<title>Compre medicamentos Modfil 200 mg (modafinil) a precio econ\u00f3mico - BuyModafinilOnline<\/title>\n<meta name=\"description\" content=\"Ordene Modfil 200 mg comprimidos en l\u00ednea del fabricante Psyco Remedies Ltd. Compre Modfil 200 mg (modafinilo) sin receta en la farmacia BuyModafinilOnline. \u00a1Pague con PayPal, tarjeta de cr\u00e9dito o BTC y obtenga grandes descuentos!\" \/>\n<meta name=\"robots\" content=\"index, follow, max-snippet:-1, max-image-preview:large, max-video-preview:-1\" \/>\n<link rel=\"canonical\" href=\"https:\/\/buymodafinilonline.com\/es\/farmacos-inteligentes\/modfil-200-mg\/\" \/>\n<meta property=\"og:locale\" content=\"es_ES\" \/>\n<meta property=\"og:type\" content=\"article\" \/>\n<meta property=\"og:title\" content=\"Modfil 200 mg\" \/>\n<meta property=\"og:description\" content=\"Ordene Modfil 200 mg comprimidos en l\u00ednea del fabricante Psyco Remedies Ltd. Compre Modfil 200 mg (modafinilo) sin receta en la farmacia BuyModafinilOnline. \u00a1Pague con PayPal, tarjeta de cr\u00e9dito o BTC y obtenga grandes descuentos!\" \/>\n<meta property=\"og:url\" content=\"https:\/\/buymodafinilonline.com\/es\/farmacos-inteligentes\/modfil-200-mg\/\" \/>\n<meta property=\"og:site_name\" content=\"BuyModafinilOnline.com\" \/>\n<meta property=\"article:modified_time\" content=\"2025-04-29T12:58:42+00:00\" \/>\n<meta property=\"og:image\" content=\"https:\/\/buymodafinilonline.com\/wp-content\/uploads\/2020\/04\/bmo-product-modfil-200-mg.png\" \/>\n\t<meta property=\"og:image:width\" content=\"1280\" \/>\n\t<meta property=\"og:image:height\" content=\"1500\" \/>\n\t<meta property=\"og:image:type\" content=\"image\/png\" \/>\n<meta name=\"twitter:label1\" content=\"Tiempo de lectura\" \/>\n\t<meta name=\"twitter:data1\" content=\"6 minutos\" \/>\n<script type=\"application\/ld+json\" class=\"yoast-schema-graph\">{\"@context\":\"https:\\\/\\\/schema.org\",\"@graph\":[{\"@type\":\"WebPage\",\"@id\":\"https:\\\/\\\/buymodafinilonline.com\\\/es\\\/farmacos-inteligentes\\\/modfil-200-mg\\\/\",\"url\":\"https:\\\/\\\/buymodafinilonline.com\\\/es\\\/farmacos-inteligentes\\\/modfil-200-mg\\\/\",\"name\":\"Compre medicamentos Modfil 200 mg (modafinil) a precio econ\u00f3mico - BuyModafinilOnline\",\"isPartOf\":{\"@id\":\"https:\\\/\\\/buymodafinilonline.com\\\/es\\\/#website\"},\"primaryImageOfPage\":{\"@id\":\"https:\\\/\\\/buymodafinilonline.com\\\/es\\\/farmacos-inteligentes\\\/modfil-200-mg\\\/#primaryimage\"},\"image\":{\"@id\":\"https:\\\/\\\/buymodafinilonline.com\\\/es\\\/farmacos-inteligentes\\\/modfil-200-mg\\\/#primaryimage\"},\"thumbnailUrl\":\"https:\\\/\\\/buymodafinilonline.com\\\/wp-content\\\/uploads\\\/2020\\\/04\\\/bmo-product-modfil-200-mg.png\",\"datePublished\":\"2020-04-18T18:46:49+00:00\",\"dateModified\":\"2025-04-29T12:58:42+00:00\",\"description\":\"Ordene Modfil 200 mg comprimidos en l\u00ednea del fabricante Psyco Remedies Ltd. Compre Modfil 200 mg (modafinilo) sin receta en la farmacia BuyModafinilOnline. \u00a1Pague con PayPal, tarjeta de cr\u00e9dito o BTC y obtenga grandes descuentos!\",\"breadcrumb\":{\"@id\":\"https:\\\/\\\/buymodafinilonline.com\\\/es\\\/farmacos-inteligentes\\\/modfil-200-mg\\\/#breadcrumb\"},\"inLanguage\":\"es\",\"potentialAction\":[{\"@type\":\"ReadAction\",\"target\":[\"https:\\\/\\\/buymodafinilonline.com\\\/es\\\/farmacos-inteligentes\\\/modfil-200-mg\\\/\"]}]},{\"@type\":\"ImageObject\",\"inLanguage\":\"es\",\"@id\":\"https:\\\/\\\/buymodafinilonline.com\\\/es\\\/farmacos-inteligentes\\\/modfil-200-mg\\\/#primaryimage\",\"url\":\"https:\\\/\\\/buymodafinilonline.com\\\/wp-content\\\/uploads\\\/2020\\\/04\\\/bmo-product-modfil-200-mg.png\",\"contentUrl\":\"https:\\\/\\\/buymodafinilonline.com\\\/wp-content\\\/uploads\\\/2020\\\/04\\\/bmo-product-modfil-200-mg.png\",\"width\":1280,\"height\":1500,\"caption\":\"Modfil 200 mg\"},{\"@type\":\"BreadcrumbList\",\"@id\":\"https:\\\/\\\/buymodafinilonline.com\\\/es\\\/farmacos-inteligentes\\\/modfil-200-mg\\\/#breadcrumb\",\"itemListElement\":[{\"@type\":\"ListItem\",\"position\":1,\"name\":\"Buy Modafinil Online\",\"item\":\"https:\\\/\\\/buymodafinilonline.com\\\/es\\\/\"},{\"@type\":\"ListItem\",\"position\":2,\"name\":\"Tienda\",\"item\":\"https:\\\/\\\/buymodafinilonline.com\\\/es\\\/tienda\\\/\"},{\"@type\":\"ListItem\",\"position\":3,\"name\":\"Marcas de drogas inteligentes\",\"item\":\"https:\\\/\\\/buymodafinilonline.com\\\/es\\\/categoria-de-productos\\\/marcas-de-drogas-inteligentes\\\/\"},{\"@type\":\"ListItem\",\"position\":4,\"name\":\"Modfil 200 mg\"}]},{\"@type\":\"WebSite\",\"@id\":\"https:\\\/\\\/buymodafinilonline.com\\\/es\\\/#website\",\"url\":\"https:\\\/\\\/buymodafinilonline.com\\\/es\\\/\",\"name\":\"BuyModafinilOnline.com\",\"description\":\"Modafinil Online Pharmacy\",\"publisher\":{\"@id\":\"https:\\\/\\\/buymodafinilonline.com\\\/es\\\/#organization\"},\"potentialAction\":[{\"@type\":\"SearchAction\",\"target\":{\"@type\":\"EntryPoint\",\"urlTemplate\":\"https:\\\/\\\/buymodafinilonline.com\\\/es\\\/?s={search_term_string}\"},\"query-input\":{\"@type\":\"PropertyValueSpecification\",\"valueRequired\":true,\"valueName\":\"search_term_string\"}}],\"inLanguage\":\"es\"},{\"@type\":\"Organization\",\"@id\":\"https:\\\/\\\/buymodafinilonline.com\\\/es\\\/#organization\",\"name\":\"BuyModafinilOnline\",\"url\":\"https:\\\/\\\/buymodafinilonline.com\\\/es\\\/\",\"logo\":{\"@type\":\"ImageObject\",\"inLanguage\":\"es\",\"@id\":\"https:\\\/\\\/buymodafinilonline.com\\\/es\\\/#\\\/schema\\\/logo\\\/image\\\/\",\"url\":\"https:\\\/\\\/buymodafinilonline.com\\\/wp-content\\\/uploads\\\/2020\\\/04\\\/logo-buy-modafinil-online-yellow.png\",\"contentUrl\":\"https:\\\/\\\/buymodafinilonline.com\\\/wp-content\\\/uploads\\\/2020\\\/04\\\/logo-buy-modafinil-online-yellow.png\",\"width\":200,\"height\":200,\"caption\":\"BuyModafinilOnline\"},\"image\":{\"@id\":\"https:\\\/\\\/buymodafinilonline.com\\\/es\\\/#\\\/schema\\\/logo\\\/image\\\/\"}}]}<\/script>\n<!-- \/ Yoast SEO Premium plugin. -->","yoast_head_json":{"title":"Compre medicamentos Modfil 200 mg (modafinil) a precio econ\u00f3mico - BuyModafinilOnline","description":"Ordene Modfil 200 mg comprimidos en l\u00ednea del fabricante Psyco Remedies Ltd. Compre Modfil 200 mg (modafinilo) sin receta en la farmacia BuyModafinilOnline. \u00a1Pague con PayPal, tarjeta de cr\u00e9dito o BTC y obtenga grandes descuentos!","robots":{"index":"index","follow":"follow","max-snippet":"max-snippet:-1","max-image-preview":"max-image-preview:large","max-video-preview":"max-video-preview:-1"},"canonical":"https:\/\/buymodafinilonline.com\/es\/farmacos-inteligentes\/modfil-200-mg\/","og_locale":"es_ES","og_type":"article","og_title":"Modfil 200 mg","og_description":"Ordene Modfil 200 mg comprimidos en l\u00ednea del fabricante Psyco Remedies Ltd. Compre Modfil 200 mg (modafinilo) sin receta en la farmacia BuyModafinilOnline. \u00a1Pague con PayPal, tarjeta de cr\u00e9dito o BTC y obtenga grandes descuentos!","og_url":"https:\/\/buymodafinilonline.com\/es\/farmacos-inteligentes\/modfil-200-mg\/","og_site_name":"BuyModafinilOnline.com","article_modified_time":"2025-04-29T12:58:42+00:00","og_image":[{"width":1280,"height":1500,"url":"https:\/\/buymodafinilonline.com\/wp-content\/uploads\/2020\/04\/bmo-product-modfil-200-mg.png","type":"image\/png"}],"twitter_misc":{"Tiempo de lectura":"6 minutos"},"schema":{"@context":"https:\/\/schema.org","@graph":[{"@type":"WebPage","@id":"https:\/\/buymodafinilonline.com\/es\/farmacos-inteligentes\/modfil-200-mg\/","url":"https:\/\/buymodafinilonline.com\/es\/farmacos-inteligentes\/modfil-200-mg\/","name":"Compre medicamentos Modfil 200 mg (modafinil) a precio econ\u00f3mico - BuyModafinilOnline","isPartOf":{"@id":"https:\/\/buymodafinilonline.com\/es\/#website"},"primaryImageOfPage":{"@id":"https:\/\/buymodafinilonline.com\/es\/farmacos-inteligentes\/modfil-200-mg\/#primaryimage"},"image":{"@id":"https:\/\/buymodafinilonline.com\/es\/farmacos-inteligentes\/modfil-200-mg\/#primaryimage"},"thumbnailUrl":"https:\/\/buymodafinilonline.com\/wp-content\/uploads\/2020\/04\/bmo-product-modfil-200-mg.png","datePublished":"2020-04-18T18:46:49+00:00","dateModified":"2025-04-29T12:58:42+00:00","description":"Ordene Modfil 200 mg comprimidos en l\u00ednea del fabricante Psyco Remedies Ltd. Compre Modfil 200 mg (modafinilo) sin receta en la farmacia BuyModafinilOnline. \u00a1Pague con PayPal, tarjeta de cr\u00e9dito o BTC y obtenga grandes descuentos!","breadcrumb":{"@id":"https:\/\/buymodafinilonline.com\/es\/farmacos-inteligentes\/modfil-200-mg\/#breadcrumb"},"inLanguage":"es","potentialAction":[{"@type":"ReadAction","target":["https:\/\/buymodafinilonline.com\/es\/farmacos-inteligentes\/modfil-200-mg\/"]}]},{"@type":"ImageObject","inLanguage":"es","@id":"https:\/\/buymodafinilonline.com\/es\/farmacos-inteligentes\/modfil-200-mg\/#primaryimage","url":"https:\/\/buymodafinilonline.com\/wp-content\/uploads\/2020\/04\/bmo-product-modfil-200-mg.png","contentUrl":"https:\/\/buymodafinilonline.com\/wp-content\/uploads\/2020\/04\/bmo-product-modfil-200-mg.png","width":1280,"height":1500,"caption":"Modfil 200 mg"},{"@type":"BreadcrumbList","@id":"https:\/\/buymodafinilonline.com\/es\/farmacos-inteligentes\/modfil-200-mg\/#breadcrumb","itemListElement":[{"@type":"ListItem","position":1,"name":"Buy Modafinil Online","item":"https:\/\/buymodafinilonline.com\/es\/"},{"@type":"ListItem","position":2,"name":"Tienda","item":"https:\/\/buymodafinilonline.com\/es\/tienda\/"},{"@type":"ListItem","position":3,"name":"Marcas de drogas inteligentes","item":"https:\/\/buymodafinilonline.com\/es\/categoria-de-productos\/marcas-de-drogas-inteligentes\/"},{"@type":"ListItem","position":4,"name":"Modfil 200 mg"}]},{"@type":"WebSite","@id":"https:\/\/buymodafinilonline.com\/es\/#website","url":"https:\/\/buymodafinilonline.com\/es\/","name":"BuyModafinilOnline.com","description":"Modafinil Online Pharmacy","publisher":{"@id":"https:\/\/buymodafinilonline.com\/es\/#organization"},"potentialAction":[{"@type":"SearchAction","target":{"@type":"EntryPoint","urlTemplate":"https:\/\/buymodafinilonline.com\/es\/?s={search_term_string}"},"query-input":{"@type":"PropertyValueSpecification","valueRequired":true,"valueName":"search_term_string"}}],"inLanguage":"es"},{"@type":"Organization","@id":"https:\/\/buymodafinilonline.com\/es\/#organization","name":"BuyModafinilOnline","url":"https:\/\/buymodafinilonline.com\/es\/","logo":{"@type":"ImageObject","inLanguage":"es","@id":"https:\/\/buymodafinilonline.com\/es\/#\/schema\/logo\/image\/","url":"https:\/\/buymodafinilonline.com\/wp-content\/uploads\/2020\/04\/logo-buy-modafinil-online-yellow.png","contentUrl":"https:\/\/buymodafinilonline.com\/wp-content\/uploads\/2020\/04\/logo-buy-modafinil-online-yellow.png","width":200,"height":200,"caption":"BuyModafinilOnline"},"image":{"@id":"https:\/\/buymodafinilonline.com\/es\/#\/schema\/logo\/image\/"}}]}},"_links":{"self":[{"href":"https:\/\/buymodafinilonline.com\/es\/wp-json\/wp\/v2\/product\/408982","targetHints":{"allow":["GET"]}}],"collection":[{"href":"https:\/\/buymodafinilonline.com\/es\/wp-json\/wp\/v2\/product"}],"about":[{"href":"https:\/\/buymodafinilonline.com\/es\/wp-json\/wp\/v2\/types\/product"}],"replies":[{"embeddable":true,"href":"https:\/\/buymodafinilonline.com\/es\/wp-json\/wp\/v2\/comments?post=408982"}],"wp:featuredmedia":[{"embeddable":true,"href":"https:\/\/buymodafinilonline.com\/es\/wp-json\/wp\/v2\/media\/398192"}],"wp:attachment":[{"href":"https:\/\/buymodafinilonline.com\/es\/wp-json\/wp\/v2\/media?parent=408982"}],"wp:term":[{"taxonomy":"product_brand","embeddable":true,"href":"https:\/\/buymodafinilonline.com\/es\/wp-json\/wp\/v2\/product_brand?post=408982"},{"taxonomy":"product_cat","embeddable":true,"href":"https:\/\/buymodafinilonline.com\/es\/wp-json\/wp\/v2\/product_cat?post=408982"},{"taxonomy":"product_tag","embeddable":true,"href":"https:\/\/buymodafinilonline.com\/es\/wp-json\/wp\/v2\/product_tag?post=408982"}],"curies":[{"name":"wp","href":"https:\/\/api.w.org\/{rel}","templated":true}]}}